{"id":21126,"date":"2023-12-28T12:53:55","date_gmt":"2023-12-28T17:53:55","guid":{"rendered":"https:\/\/newyorkhipknee.com\/keratoconjonctivite-atopique-et-vernale\/"},"modified":"2023-12-28T12:53:55","modified_gmt":"2023-12-28T17:53:55","slug":"keratoconjonctivite-atopique-et-vernale","status":"publish","type":"page","link":"https:\/\/www.newyorkhipknee.com\/fr\/indemnisation-des-travailleurs\/lignes-directrices-pour-les-traitements-medicaux-mtg\/troubles-oculaires\/keratoconjonctivite-atopique-et-vernale\/","title":{"rendered":"K\u00e9ratoconjonctivite atopique et vernale"},"content":{"rendered":"<p>Le pronostic des allergies oculaires est g\u00e9n\u00e9ralement positif et l&rsquo;on s&rsquo;attend \u00e0 des r\u00e9sultats favorables. Toutefois, le pronostic peut \u00eatre moins favorable dans les cas o\u00f9 les sympt\u00f4mes s&rsquo;aggravent, en particulier si des manifestations syst\u00e9miques telles que l&rsquo;asthme professionnel sont pr\u00e9sentes. Les sympt\u00f4mes anaphylactiques, s&rsquo;ils sont observ\u00e9s, n\u00e9cessitent un retrait complet de l&rsquo;exposition, comme indiqu\u00e9 dans la ligne directrice sur l&rsquo;asthme li\u00e9 au travail.<\/p>\n<p>La principale complication associ\u00e9e aux allergies oculaires est le d\u00e9veloppement de maladies allergiques syst\u00e9miques, en particulier l&rsquo;asthme li\u00e9 au travail, comme indiqu\u00e9 dans la ligne directrice sur l&rsquo;asthme li\u00e9 au travail. L&rsquo;anaphylaxie est une complication potentielle rare mais grave, en particulier chez les personnes souffrant d&rsquo;allergies graves et expos\u00e9es \u00e0 des niveaux \u00e9lev\u00e9s d&rsquo;allerg\u00e8nes.<\/p>\n<p>Un suivi r\u00e9gulier, une prise en charge appropri\u00e9e et, si n\u00e9cessaire, l&rsquo;\u00e9viction de l&rsquo;exposition peuvent contribuer \u00e0 un pronostic positif pour les personnes souffrant d&rsquo;allergies oculaires. Il est essentiel de comprendre et de traiter les implications syst\u00e9miques pour obtenir des soins complets et de meilleurs r\u00e9sultats.<\/p>\n<p>Le suivi des allergies oculaires varie en fonction de la gravit\u00e9 du cas et de la r\u00e9ponse au traitement. Les cas b\u00e9nins n\u00e9cessitent g\u00e9n\u00e9ralement un suivi peu fr\u00e9quent. Dans les cas les plus graves, il peut \u00eatre n\u00e9cessaire d&rsquo;\u00e9valuer l&rsquo;asthme concomitant, d&rsquo;envisager une modification de l&rsquo;exposition ou un retrait du travail, et une immunoth\u00e9rapie.<\/p>\n<p>Pour les cas n\u00e9cessitant une immunoth\u00e9rapie, les traitements peuvent \u00eatre administr\u00e9s toutes les 1 \u00e0 2 semaines sur une p\u00e9riode allant de plusieurs mois \u00e0 environ 2 ans. Cette approche vise \u00e0 traiter l&rsquo;inflammation allergique sous-jacente et \u00e0 am\u00e9liorer l&rsquo;\u00e9tat g\u00e9n\u00e9ral.<\/p>\n<p>La k\u00e9ratoconjonctivite vernale, caract\u00e9ris\u00e9e par une inflammation chronique et grave de la surface oculaire, est relativement rare. Bien qu&rsquo;elle soit souvent associ\u00e9e \u00e0 des m\u00e9canismes m\u00e9di\u00e9s par les lymphocytes Th2, 50 % des patients ne pr\u00e9sentent pas de voies m\u00e9di\u00e9es par les IgE. Consid\u00e9r\u00e9e comme la manifestation oculaire de la dermatite atopique, elle d\u00e9bute g\u00e9n\u00e9ralement dans l&rsquo;enfance et est largement consid\u00e9r\u00e9e comme une affection non professionnelle. Bien qu&rsquo;essentiellement non professionnels, des cas occasionnels peuvent survenir aux \u00c9tats-Unis et au Canada, potentiellement exacerb\u00e9s par une hyperr\u00e9activit\u00e9 non sp\u00e9cifique \u00e0 des facteurs tels que le vent, la poussi\u00e8re et la lumi\u00e8re du soleil.<\/p>\n<p>L&rsquo;\u00e9valuation des patients atteints de k\u00e9ratoconjonctivite vernale est similaire \u00e0 d&rsquo;autres examens allergologiques, comme indiqu\u00e9 pr\u00e9c\u00e9demment. Par cons\u00e9quent, les traitements recommand\u00e9s pour d&rsquo;autres maladies oculaires allergiques sont \u00e9galement applicables \u00e0 la k\u00e9ratoconjonctivite vernale. La prise en charge consiste g\u00e9n\u00e9ralement \u00e0 traiter l&rsquo;inflammation allergique sous-jacente par des mesures telles que les antihistaminiques, les stabilisateurs de mastocytes et, dans les cas les plus graves, l&rsquo;immunoth\u00e9rapie. En outre, il est possible de soulager les sympt\u00f4mes en utilisant des gouttes ophtalmiques lubrifiantes et en \u00e9vitant les facteurs d\u00e9clenchants connus. Des suivis r\u00e9guliers sont essentiels pour surveiller l&rsquo;\u00e9volution de la maladie et adapter le plan de traitement en cons\u00e9quence.<\/p>\n","protected":false},"excerpt":{"rendered":"<p>Le pronostic des allergies oculaires est g\u00e9n\u00e9ralement positif et l&rsquo;on s&rsquo;attend \u00e0 des r\u00e9sultats favorables. Toutefois, le pronostic peut \u00eatre moins favorable dans les cas o\u00f9 les sympt\u00f4mes s&rsquo;aggravent, en particulier si des manifestations syst\u00e9miques telles que l&rsquo;asthme professionnel sont pr\u00e9sentes. Les sympt\u00f4mes anaphylactiques, s&rsquo;ils sont observ\u00e9s, n\u00e9cessitent un retrait complet de l&rsquo;exposition, comme indiqu\u00e9 [&hellip;]<\/p>\n","protected":false},"author":33,"featured_media":0,"parent":21161,"menu_order":0,"comment_status":"closed","ping_status":"closed","template":"","meta":{"_et_pb_use_builder":"","_et_pb_old_content":"","_et_gb_content_width":"","footnotes":""},"class_list":["post-21126","page","type-page","status-publish","hentry"],"yoast_head":"<!-- This site is optimized with the Yoast SEO plugin v27.2 - https:\/\/yoast.com\/product\/yoast-seo-wordpress\/ -->\n<title>K\u00e9ratoconjonctivite atopique et vernale | Best Hip &amp; Knee Surgeon | NY, USA<\/title>\n<meta name=\"description\" content=\"Le pronostic des allergies oculaires est g\u00e9n\u00e9ralement positif et l&#039;on s&#039;attend \u00e0 des r\u00e9sultats favorables. Toutefois, le pronostic peut \u00eatre moins\" \/>\n<meta name=\"robots\" content=\"index, follow, max-snippet:-1, max-image-preview:large, max-video-preview:-1\" \/>\n<link rel=\"canonical\" href=\"https:\/\/www.newyorkhipknee.com\/fr\/indemnisation-des-travailleurs\/lignes-directrices-pour-les-traitements-medicaux-mtg\/troubles-oculaires\/keratoconjonctivite-atopique-et-vernale\/\" \/>\n<meta property=\"og:locale\" content=\"fr_FR\" \/>\n<meta property=\"og:type\" content=\"article\" \/>\n<meta property=\"og:title\" content=\"K\u00e9ratoconjonctivite atopique et vernale | Best Hip &amp; Knee Surgeon | NY, USA\" \/>\n<meta property=\"og:description\" content=\"Le pronostic des allergies oculaires est g\u00e9n\u00e9ralement positif et l&#039;on s&#039;attend \u00e0 des r\u00e9sultats favorables. Toutefois, le pronostic peut \u00eatre moins\" \/>\n<meta property=\"og:url\" content=\"https:\/\/www.newyorkhipknee.com\/fr\/indemnisation-des-travailleurs\/lignes-directrices-pour-les-traitements-medicaux-mtg\/troubles-oculaires\/keratoconjonctivite-atopique-et-vernale\/\" \/>\n<meta property=\"og:site_name\" content=\"Best Hip &amp; Knee Surgeon | NY, USA\" \/>\n<meta name=\"twitter:card\" content=\"summary_large_image\" \/>\n<meta name=\"twitter:label1\" content=\"Dur\u00e9e de lecture estim\u00e9e\" \/>\n\t<meta name=\"twitter:data1\" content=\"3 minutes\" \/>\n<script type=\"application\/ld+json\" class=\"yoast-schema-graph\">{\"@context\":\"https:\/\/schema.org\",\"@graph\":[{\"@type\":[\"WebPage\",\"MedicalWebPage\"],\"@id\":\"https:\/\/www.newyorkhipknee.com\/fr\/indemnisation-des-travailleurs\/lignes-directrices-pour-les-traitements-medicaux-mtg\/troubles-oculaires\/keratoconjonctivite-atopique-et-vernale\/\",\"url\":\"https:\/\/www.newyorkhipknee.com\/fr\/indemnisation-des-travailleurs\/lignes-directrices-pour-les-traitements-medicaux-mtg\/troubles-oculaires\/keratoconjonctivite-atopique-et-vernale\/\",\"name\":\"K\u00e9ratoconjonctivite atopique et vernale | Best Hip &amp; Knee Surgeon | NY, USA\",\"isPartOf\":{\"@id\":\"https:\/\/www.newyorkhipknee.com\/fr\/#website\"},\"datePublished\":\"2023-12-28T17:53:55+00:00\",\"description\":\"Le pronostic des allergies oculaires est g\u00e9n\u00e9ralement positif et l'on s'attend \u00e0 des r\u00e9sultats favorables. Toutefois, le pronostic peut \u00eatre moins\",\"breadcrumb\":{\"@id\":\"https:\/\/www.newyorkhipknee.com\/fr\/indemnisation-des-travailleurs\/lignes-directrices-pour-les-traitements-medicaux-mtg\/troubles-oculaires\/keratoconjonctivite-atopique-et-vernale\/#breadcrumb\"},\"inLanguage\":\"fr-FR\",\"potentialAction\":[{\"@type\":\"ReadAction\",\"target\":[\"https:\/\/www.newyorkhipknee.com\/fr\/indemnisation-des-travailleurs\/lignes-directrices-pour-les-traitements-medicaux-mtg\/troubles-oculaires\/keratoconjonctivite-atopique-et-vernale\/\"]}]},{\"@type\":\"BreadcrumbList\",\"@id\":\"https:\/\/www.newyorkhipknee.com\/fr\/indemnisation-des-travailleurs\/lignes-directrices-pour-les-traitements-medicaux-mtg\/troubles-oculaires\/keratoconjonctivite-atopique-et-vernale\/#breadcrumb\",\"itemListElement\":[{\"@type\":\"ListItem\",\"position\":1,\"name\":\"Home\",\"item\":\"https:\/\/www.newyorkhipknee.com\/fr\/\"},{\"@type\":\"ListItem\",\"position\":2,\"name\":\"Indemnisation des travailleurs\",\"item\":\"https:\/\/www.newyorkhipknee.com\/fr\/indemnisation-des-travailleurs\/\"},{\"@type\":\"ListItem\",\"position\":3,\"name\":\"Lignes directrices pour les traitements m\u00e9dicaux (MTG)\",\"item\":\"https:\/\/www.newyorkhipknee.com\/fr\/indemnisation-des-travailleurs\/lignes-directrices-pour-les-traitements-medicaux-mtg\/\"},{\"@type\":\"ListItem\",\"position\":4,\"name\":\"Troubles oculaires\",\"item\":\"https:\/\/www.newyorkhipknee.com\/fr\/indemnisation-des-travailleurs\/lignes-directrices-pour-les-traitements-medicaux-mtg\/troubles-oculaires\/\"},{\"@type\":\"ListItem\",\"position\":5,\"name\":\"K\u00e9ratoconjonctivite atopique et vernale\"}]},{\"@type\":\"WebSite\",\"@id\":\"https:\/\/www.newyorkhipknee.com\/fr\/#website\",\"url\":\"https:\/\/www.newyorkhipknee.com\/fr\/\",\"name\":\"Best Hip & Knee Surgeon | NY, USA\",\"description\":\"\",\"potentialAction\":[{\"@type\":\"SearchAction\",\"target\":{\"@type\":\"EntryPoint\",\"urlTemplate\":\"https:\/\/www.newyorkhipknee.com\/fr\/?s={search_term_string}\"},\"query-input\":{\"@type\":\"PropertyValueSpecification\",\"valueRequired\":true,\"valueName\":\"search_term_string\"}}],\"inLanguage\":\"fr-FR\"}]}<\/script>\n<!-- \/ Yoast SEO plugin. -->","yoast_head_json":{"title":"K\u00e9ratoconjonctivite atopique et vernale | Best Hip &amp; Knee Surgeon | NY, USA","description":"Le pronostic des allergies oculaires est g\u00e9n\u00e9ralement positif et l'on s'attend \u00e0 des r\u00e9sultats favorables. Toutefois, le pronostic peut \u00eatre moins","robots":{"index":"index","follow":"follow","max-snippet":"max-snippet:-1","max-image-preview":"max-image-preview:large","max-video-preview":"max-video-preview:-1"},"canonical":"https:\/\/www.newyorkhipknee.com\/fr\/indemnisation-des-travailleurs\/lignes-directrices-pour-les-traitements-medicaux-mtg\/troubles-oculaires\/keratoconjonctivite-atopique-et-vernale\/","og_locale":"fr_FR","og_type":"article","og_title":"K\u00e9ratoconjonctivite atopique et vernale | Best Hip &amp; Knee Surgeon | NY, USA","og_description":"Le pronostic des allergies oculaires est g\u00e9n\u00e9ralement positif et l'on s'attend \u00e0 des r\u00e9sultats favorables. Toutefois, le pronostic peut \u00eatre moins","og_url":"https:\/\/www.newyorkhipknee.com\/fr\/indemnisation-des-travailleurs\/lignes-directrices-pour-les-traitements-medicaux-mtg\/troubles-oculaires\/keratoconjonctivite-atopique-et-vernale\/","og_site_name":"Best Hip &amp; Knee Surgeon | NY, USA","twitter_card":"summary_large_image","twitter_misc":{"Dur\u00e9e de lecture estim\u00e9e":"3 minutes"},"schema":{"@context":"https:\/\/schema.org","@graph":[{"@type":["WebPage","MedicalWebPage"],"@id":"https:\/\/www.newyorkhipknee.com\/fr\/indemnisation-des-travailleurs\/lignes-directrices-pour-les-traitements-medicaux-mtg\/troubles-oculaires\/keratoconjonctivite-atopique-et-vernale\/","url":"https:\/\/www.newyorkhipknee.com\/fr\/indemnisation-des-travailleurs\/lignes-directrices-pour-les-traitements-medicaux-mtg\/troubles-oculaires\/keratoconjonctivite-atopique-et-vernale\/","name":"K\u00e9ratoconjonctivite atopique et vernale | Best Hip &amp; Knee Surgeon | NY, USA","isPartOf":{"@id":"https:\/\/www.newyorkhipknee.com\/fr\/#website"},"datePublished":"2023-12-28T17:53:55+00:00","description":"Le pronostic des allergies oculaires est g\u00e9n\u00e9ralement positif et l'on s'attend \u00e0 des r\u00e9sultats favorables. Toutefois, le pronostic peut \u00eatre moins","breadcrumb":{"@id":"https:\/\/www.newyorkhipknee.com\/fr\/indemnisation-des-travailleurs\/lignes-directrices-pour-les-traitements-medicaux-mtg\/troubles-oculaires\/keratoconjonctivite-atopique-et-vernale\/#breadcrumb"},"inLanguage":"fr-FR","potentialAction":[{"@type":"ReadAction","target":["https:\/\/www.newyorkhipknee.com\/fr\/indemnisation-des-travailleurs\/lignes-directrices-pour-les-traitements-medicaux-mtg\/troubles-oculaires\/keratoconjonctivite-atopique-et-vernale\/"]}]},{"@type":"BreadcrumbList","@id":"https:\/\/www.newyorkhipknee.com\/fr\/indemnisation-des-travailleurs\/lignes-directrices-pour-les-traitements-medicaux-mtg\/troubles-oculaires\/keratoconjonctivite-atopique-et-vernale\/#breadcrumb","itemListElement":[{"@type":"ListItem","position":1,"name":"Home","item":"https:\/\/www.newyorkhipknee.com\/fr\/"},{"@type":"ListItem","position":2,"name":"Indemnisation des travailleurs","item":"https:\/\/www.newyorkhipknee.com\/fr\/indemnisation-des-travailleurs\/"},{"@type":"ListItem","position":3,"name":"Lignes directrices pour les traitements m\u00e9dicaux (MTG)","item":"https:\/\/www.newyorkhipknee.com\/fr\/indemnisation-des-travailleurs\/lignes-directrices-pour-les-traitements-medicaux-mtg\/"},{"@type":"ListItem","position":4,"name":"Troubles oculaires","item":"https:\/\/www.newyorkhipknee.com\/fr\/indemnisation-des-travailleurs\/lignes-directrices-pour-les-traitements-medicaux-mtg\/troubles-oculaires\/"},{"@type":"ListItem","position":5,"name":"K\u00e9ratoconjonctivite atopique et vernale"}]},{"@type":"WebSite","@id":"https:\/\/www.newyorkhipknee.com\/fr\/#website","url":"https:\/\/www.newyorkhipknee.com\/fr\/","name":"Best Hip & Knee Surgeon | NY, USA","description":"","potentialAction":[{"@type":"SearchAction","target":{"@type":"EntryPoint","urlTemplate":"https:\/\/www.newyorkhipknee.com\/fr\/?s={search_term_string}"},"query-input":{"@type":"PropertyValueSpecification","valueRequired":true,"valueName":"search_term_string"}}],"inLanguage":"fr-FR"}]}},"_links":{"self":[{"href":"https:\/\/www.newyorkhipknee.com\/fr\/wp-json\/wp\/v2\/pages\/21126","targetHints":{"allow":["GET"]}}],"collection":[{"href":"https:\/\/www.newyorkhipknee.com\/fr\/wp-json\/wp\/v2\/pages"}],"about":[{"href":"https:\/\/www.newyorkhipknee.com\/fr\/wp-json\/wp\/v2\/types\/page"}],"author":[{"embeddable":true,"href":"https:\/\/www.newyorkhipknee.com\/fr\/wp-json\/wp\/v2\/users\/33"}],"replies":[{"embeddable":true,"href":"https:\/\/www.newyorkhipknee.com\/fr\/wp-json\/wp\/v2\/comments?post=21126"}],"version-history":[{"count":0,"href":"https:\/\/www.newyorkhipknee.com\/fr\/wp-json\/wp\/v2\/pages\/21126\/revisions"}],"up":[{"embeddable":true,"href":"https:\/\/www.newyorkhipknee.com\/fr\/wp-json\/wp\/v2\/pages\/21161"}],"wp:attachment":[{"href":"https:\/\/www.newyorkhipknee.com\/fr\/wp-json\/wp\/v2\/media?parent=21126"}],"curies":[{"name":"wp","href":"https:\/\/api.w.org\/{rel}","templated":true}]}}