{"id":21129,"date":"2023-12-27T16:34:24","date_gmt":"2023-12-27T21:34:24","guid":{"rendered":"https:\/\/newyorkhipknee.com\/blepharoconjonctivite\/"},"modified":"2023-12-27T16:34:24","modified_gmt":"2023-12-27T21:34:24","slug":"blepharoconjonctivite","status":"publish","type":"page","link":"https:\/\/www.newyorkhipknee.com\/fr\/indemnisation-des-travailleurs\/lignes-directrices-pour-les-traitements-medicaux-mtg\/troubles-oculaires\/blepharoconjonctivite\/","title":{"rendered":"Bl\u00e9pharoconjonctivite"},"content":{"rendered":"<p>La bl\u00e9pharoconjonctivite est une inflammation persistante de la paupi\u00e8re \u00e0 la base des cils. Cette affection entra\u00eene des sympt\u00f4mes tels que l&rsquo;irritation, les d\u00e9mangeaisons, le larmoiement, le clignement fr\u00e9quent des yeux et peut m\u00eame provoquer une sensibilit\u00e9 \u00e0 la lumi\u00e8re (photophobie). Diff\u00e9rents facteurs peuvent contribuer \u00e0 son d\u00e9veloppement, notamment une production insuffisante des glandes s\u00e9bac\u00e9es, une infection bact\u00e9rienne, des allergies, la rosac\u00e9e et d&rsquo;autres affections sous-jacentes.<\/p>\n<p>L&rsquo;infection staphylococcique est une cause fr\u00e9quente de bl\u00e9pharoconjonctivite. Il convient de noter que la qualit\u00e9 de la litt\u00e9rature sur ce sujet laisse g\u00e9n\u00e9ralement \u00e0 d\u00e9sirer. Bien qu&rsquo;elle soit g\u00e9n\u00e9ralement consid\u00e9r\u00e9e comme une affection non professionnelle, son inclusion dans les lignes directrices garantit une vue d&rsquo;ensemble compl\u00e8te, car elle est fr\u00e9quemment identifi\u00e9e lors d&rsquo;\u00e9valuations cliniques.<\/p>\n<p>&nbsp;<\/p>\n<h2>Traitement<\/h2>\n<p><strong>Hygi\u00e8ne quotidienne des paupi\u00e8res pour la bl\u00e9pharoconjonctivite :<\/strong> Il est recommand\u00e9 pour le traitement de la bl\u00e9pharoconjonctivite. La fr\u00e9quence, la dose et la dur\u00e9e sugg\u00e9r\u00e9es impliquent un gommage quotidien des paupi\u00e8res et des cils \u00e0 l&rsquo;aide d&rsquo;un applicateur en coton ou d&rsquo;un gant de toilette doux, avec de l&rsquo;eau et du savon sans parfum ni colorant. Il est \u00e9galement possible d&rsquo;utiliser des lingettes pour couvercles en vente libre. L&rsquo;arr\u00eat du traitement est indiqu\u00e9 d\u00e8s la disparition des sympt\u00f4mes, et une r\u00e9duction de la fr\u00e9quence des lavages peut \u00eatre possible une fois que l&rsquo;affection est ma\u00eetris\u00e9e.<\/p>\n<p><strong>Antibiotiques pour la bl\u00e9pharoconjonctivite :<\/strong> Les antibiotiques sont recommand\u00e9s pour traiter la bl\u00e9pharoconjonctivite ant\u00e9rieure. Cela est particuli\u00e8rement vrai lorsque l&rsquo;hygi\u00e8ne des couvercles s&rsquo;av\u00e8re insuffisante et que des antibiotiques sont administr\u00e9s en cas d&rsquo;\u00e9chec clinique. Les prescriptions initiales d&rsquo;antibiotiques topiques peuvent \u00eatre particuli\u00e8rement adapt\u00e9es aux cas les plus graves.<\/p>\n<p><strong>St\u00e9ro\u00efdes pour la bl\u00e9pharoconjonctivite :<\/strong> Les st\u00e9ro\u00efdes sont recommand\u00e9s pour traiter les cas les plus graves de bl\u00e9pharoconjonctivite ant\u00e9rieure. Il est important de noter que ce traitement peut entra\u00eener une augmentation de la pression intraoculaire (PIO). Par cons\u00e9quent, la prescription de st\u00e9ro\u00efdes ne doit \u00eatre faite que par un ophtalmologiste ou un prestataire de soins de sant\u00e9 capable de contr\u00f4ler la PIO de mani\u00e8re syst\u00e9matique, pr\u00e9cise et r\u00e9guli\u00e8re.<\/p>\n<p><strong>Indications :<\/strong> Les st\u00e9ro\u00efdes sont indiqu\u00e9s en cas de bl\u00e9pharoconjonctivite ant\u00e9rieure mod\u00e9r\u00e9e \u00e0 s\u00e9v\u00e8re. En r\u00e8gle g\u00e9n\u00e9rale, une hygi\u00e8ne des paupi\u00e8res est mise en place et des antibiotiques sont utilis\u00e9s dans les cas o\u00f9 l&rsquo;hygi\u00e8ne des paupi\u00e8res ne suffit pas. La prescription de st\u00e9ro\u00efdes topiques, souvent en association avec des antibiotiques, peut \u00eatre recommand\u00e9e, en particulier pour les cas les plus graves ou pour acc\u00e9l\u00e9rer la disparition des sympt\u00f4mes.<\/p>\n","protected":false},"excerpt":{"rendered":"<p>La bl\u00e9pharoconjonctivite est une inflammation persistante de la paupi\u00e8re \u00e0 la base des cils. Cette affection entra\u00eene des sympt\u00f4mes tels que l&rsquo;irritation, les d\u00e9mangeaisons, le larmoiement, le clignement fr\u00e9quent des yeux et peut m\u00eame provoquer une sensibilit\u00e9 \u00e0 la lumi\u00e8re (photophobie). Diff\u00e9rents facteurs peuvent contribuer \u00e0 son d\u00e9veloppement, notamment une production insuffisante des glandes s\u00e9bac\u00e9es, [&hellip;]<\/p>\n","protected":false},"author":33,"featured_media":0,"parent":21161,"menu_order":0,"comment_status":"closed","ping_status":"closed","template":"","meta":{"_et_pb_use_builder":"","_et_pb_old_content":"","_et_gb_content_width":"","footnotes":""},"class_list":["post-21129","page","type-page","status-publish","hentry"],"yoast_head":"<!-- This site is optimized with the Yoast SEO plugin v27.2 - https:\/\/yoast.com\/product\/yoast-seo-wordpress\/ -->\n<title>Bl\u00e9pharoconjonctivite | Best Hip &amp; Knee Surgeon | NY, USA<\/title>\n<meta name=\"description\" content=\"La bl\u00e9pharoconjonctivite est une inflammation persistante de la paupi\u00e8re \u00e0 la base des cils. Cette affection entra\u00eene des sympt\u00f4mes tels que l&#039;irritation,\" \/>\n<meta name=\"robots\" content=\"index, follow, max-snippet:-1, max-image-preview:large, max-video-preview:-1\" \/>\n<link rel=\"canonical\" href=\"https:\/\/www.newyorkhipknee.com\/fr\/indemnisation-des-travailleurs\/lignes-directrices-pour-les-traitements-medicaux-mtg\/troubles-oculaires\/blepharoconjonctivite\/\" \/>\n<meta property=\"og:locale\" content=\"fr_FR\" \/>\n<meta property=\"og:type\" content=\"article\" \/>\n<meta property=\"og:title\" content=\"Bl\u00e9pharoconjonctivite | Best Hip &amp; Knee Surgeon | NY, USA\" \/>\n<meta property=\"og:description\" content=\"La bl\u00e9pharoconjonctivite est une inflammation persistante de la paupi\u00e8re \u00e0 la base des cils. Cette affection entra\u00eene des sympt\u00f4mes tels que l&#039;irritation,\" \/>\n<meta property=\"og:url\" content=\"https:\/\/www.newyorkhipknee.com\/fr\/indemnisation-des-travailleurs\/lignes-directrices-pour-les-traitements-medicaux-mtg\/troubles-oculaires\/blepharoconjonctivite\/\" \/>\n<meta property=\"og:site_name\" content=\"Best Hip &amp; Knee Surgeon | NY, USA\" \/>\n<meta name=\"twitter:card\" content=\"summary_large_image\" \/>\n<meta name=\"twitter:label1\" content=\"Dur\u00e9e de lecture estim\u00e9e\" \/>\n\t<meta name=\"twitter:data1\" content=\"2 minutes\" \/>\n<script type=\"application\/ld+json\" class=\"yoast-schema-graph\">{\"@context\":\"https:\/\/schema.org\",\"@graph\":[{\"@type\":[\"WebPage\",\"MedicalWebPage\"],\"@id\":\"https:\/\/www.newyorkhipknee.com\/fr\/indemnisation-des-travailleurs\/lignes-directrices-pour-les-traitements-medicaux-mtg\/troubles-oculaires\/blepharoconjonctivite\/\",\"url\":\"https:\/\/www.newyorkhipknee.com\/fr\/indemnisation-des-travailleurs\/lignes-directrices-pour-les-traitements-medicaux-mtg\/troubles-oculaires\/blepharoconjonctivite\/\",\"name\":\"Bl\u00e9pharoconjonctivite | Best Hip &amp; Knee Surgeon | NY, USA\",\"isPartOf\":{\"@id\":\"https:\/\/www.newyorkhipknee.com\/fr\/#website\"},\"datePublished\":\"2023-12-27T21:34:24+00:00\",\"description\":\"La bl\u00e9pharoconjonctivite est une inflammation persistante de la paupi\u00e8re \u00e0 la base des cils. Cette affection entra\u00eene des sympt\u00f4mes tels que l'irritation,\",\"breadcrumb\":{\"@id\":\"https:\/\/www.newyorkhipknee.com\/fr\/indemnisation-des-travailleurs\/lignes-directrices-pour-les-traitements-medicaux-mtg\/troubles-oculaires\/blepharoconjonctivite\/#breadcrumb\"},\"inLanguage\":\"fr-FR\",\"potentialAction\":[{\"@type\":\"ReadAction\",\"target\":[\"https:\/\/www.newyorkhipknee.com\/fr\/indemnisation-des-travailleurs\/lignes-directrices-pour-les-traitements-medicaux-mtg\/troubles-oculaires\/blepharoconjonctivite\/\"]}]},{\"@type\":\"BreadcrumbList\",\"@id\":\"https:\/\/www.newyorkhipknee.com\/fr\/indemnisation-des-travailleurs\/lignes-directrices-pour-les-traitements-medicaux-mtg\/troubles-oculaires\/blepharoconjonctivite\/#breadcrumb\",\"itemListElement\":[{\"@type\":\"ListItem\",\"position\":1,\"name\":\"Home\",\"item\":\"https:\/\/www.newyorkhipknee.com\/fr\/\"},{\"@type\":\"ListItem\",\"position\":2,\"name\":\"Indemnisation des travailleurs\",\"item\":\"https:\/\/www.newyorkhipknee.com\/fr\/indemnisation-des-travailleurs\/\"},{\"@type\":\"ListItem\",\"position\":3,\"name\":\"Lignes directrices pour les traitements m\u00e9dicaux (MTG)\",\"item\":\"https:\/\/www.newyorkhipknee.com\/fr\/indemnisation-des-travailleurs\/lignes-directrices-pour-les-traitements-medicaux-mtg\/\"},{\"@type\":\"ListItem\",\"position\":4,\"name\":\"Troubles oculaires\",\"item\":\"https:\/\/www.newyorkhipknee.com\/fr\/indemnisation-des-travailleurs\/lignes-directrices-pour-les-traitements-medicaux-mtg\/troubles-oculaires\/\"},{\"@type\":\"ListItem\",\"position\":5,\"name\":\"Bl\u00e9pharoconjonctivite\"}]},{\"@type\":\"WebSite\",\"@id\":\"https:\/\/www.newyorkhipknee.com\/fr\/#website\",\"url\":\"https:\/\/www.newyorkhipknee.com\/fr\/\",\"name\":\"Best Hip & Knee Surgeon | NY, USA\",\"description\":\"\",\"potentialAction\":[{\"@type\":\"SearchAction\",\"target\":{\"@type\":\"EntryPoint\",\"urlTemplate\":\"https:\/\/www.newyorkhipknee.com\/fr\/?s={search_term_string}\"},\"query-input\":{\"@type\":\"PropertyValueSpecification\",\"valueRequired\":true,\"valueName\":\"search_term_string\"}}],\"inLanguage\":\"fr-FR\"}]}<\/script>\n<!-- \/ Yoast SEO plugin. -->","yoast_head_json":{"title":"Bl\u00e9pharoconjonctivite | Best Hip &amp; Knee Surgeon | NY, USA","description":"La bl\u00e9pharoconjonctivite est une inflammation persistante de la paupi\u00e8re \u00e0 la base des cils. Cette affection entra\u00eene des sympt\u00f4mes tels que l'irritation,","robots":{"index":"index","follow":"follow","max-snippet":"max-snippet:-1","max-image-preview":"max-image-preview:large","max-video-preview":"max-video-preview:-1"},"canonical":"https:\/\/www.newyorkhipknee.com\/fr\/indemnisation-des-travailleurs\/lignes-directrices-pour-les-traitements-medicaux-mtg\/troubles-oculaires\/blepharoconjonctivite\/","og_locale":"fr_FR","og_type":"article","og_title":"Bl\u00e9pharoconjonctivite | Best Hip &amp; Knee Surgeon | NY, USA","og_description":"La bl\u00e9pharoconjonctivite est une inflammation persistante de la paupi\u00e8re \u00e0 la base des cils. Cette affection entra\u00eene des sympt\u00f4mes tels que l'irritation,","og_url":"https:\/\/www.newyorkhipknee.com\/fr\/indemnisation-des-travailleurs\/lignes-directrices-pour-les-traitements-medicaux-mtg\/troubles-oculaires\/blepharoconjonctivite\/","og_site_name":"Best Hip &amp; Knee Surgeon | NY, USA","twitter_card":"summary_large_image","twitter_misc":{"Dur\u00e9e de lecture estim\u00e9e":"2 minutes"},"schema":{"@context":"https:\/\/schema.org","@graph":[{"@type":["WebPage","MedicalWebPage"],"@id":"https:\/\/www.newyorkhipknee.com\/fr\/indemnisation-des-travailleurs\/lignes-directrices-pour-les-traitements-medicaux-mtg\/troubles-oculaires\/blepharoconjonctivite\/","url":"https:\/\/www.newyorkhipknee.com\/fr\/indemnisation-des-travailleurs\/lignes-directrices-pour-les-traitements-medicaux-mtg\/troubles-oculaires\/blepharoconjonctivite\/","name":"Bl\u00e9pharoconjonctivite | Best Hip &amp; Knee Surgeon | NY, USA","isPartOf":{"@id":"https:\/\/www.newyorkhipknee.com\/fr\/#website"},"datePublished":"2023-12-27T21:34:24+00:00","description":"La bl\u00e9pharoconjonctivite est une inflammation persistante de la paupi\u00e8re \u00e0 la base des cils. Cette affection entra\u00eene des sympt\u00f4mes tels que l'irritation,","breadcrumb":{"@id":"https:\/\/www.newyorkhipknee.com\/fr\/indemnisation-des-travailleurs\/lignes-directrices-pour-les-traitements-medicaux-mtg\/troubles-oculaires\/blepharoconjonctivite\/#breadcrumb"},"inLanguage":"fr-FR","potentialAction":[{"@type":"ReadAction","target":["https:\/\/www.newyorkhipknee.com\/fr\/indemnisation-des-travailleurs\/lignes-directrices-pour-les-traitements-medicaux-mtg\/troubles-oculaires\/blepharoconjonctivite\/"]}]},{"@type":"BreadcrumbList","@id":"https:\/\/www.newyorkhipknee.com\/fr\/indemnisation-des-travailleurs\/lignes-directrices-pour-les-traitements-medicaux-mtg\/troubles-oculaires\/blepharoconjonctivite\/#breadcrumb","itemListElement":[{"@type":"ListItem","position":1,"name":"Home","item":"https:\/\/www.newyorkhipknee.com\/fr\/"},{"@type":"ListItem","position":2,"name":"Indemnisation des travailleurs","item":"https:\/\/www.newyorkhipknee.com\/fr\/indemnisation-des-travailleurs\/"},{"@type":"ListItem","position":3,"name":"Lignes directrices pour les traitements m\u00e9dicaux (MTG)","item":"https:\/\/www.newyorkhipknee.com\/fr\/indemnisation-des-travailleurs\/lignes-directrices-pour-les-traitements-medicaux-mtg\/"},{"@type":"ListItem","position":4,"name":"Troubles oculaires","item":"https:\/\/www.newyorkhipknee.com\/fr\/indemnisation-des-travailleurs\/lignes-directrices-pour-les-traitements-medicaux-mtg\/troubles-oculaires\/"},{"@type":"ListItem","position":5,"name":"Bl\u00e9pharoconjonctivite"}]},{"@type":"WebSite","@id":"https:\/\/www.newyorkhipknee.com\/fr\/#website","url":"https:\/\/www.newyorkhipknee.com\/fr\/","name":"Best Hip & Knee Surgeon | NY, USA","description":"","potentialAction":[{"@type":"SearchAction","target":{"@type":"EntryPoint","urlTemplate":"https:\/\/www.newyorkhipknee.com\/fr\/?s={search_term_string}"},"query-input":{"@type":"PropertyValueSpecification","valueRequired":true,"valueName":"search_term_string"}}],"inLanguage":"fr-FR"}]}},"_links":{"self":[{"href":"https:\/\/www.newyorkhipknee.com\/fr\/wp-json\/wp\/v2\/pages\/21129","targetHints":{"allow":["GET"]}}],"collection":[{"href":"https:\/\/www.newyorkhipknee.com\/fr\/wp-json\/wp\/v2\/pages"}],"about":[{"href":"https:\/\/www.newyorkhipknee.com\/fr\/wp-json\/wp\/v2\/types\/page"}],"author":[{"embeddable":true,"href":"https:\/\/www.newyorkhipknee.com\/fr\/wp-json\/wp\/v2\/users\/33"}],"replies":[{"embeddable":true,"href":"https:\/\/www.newyorkhipknee.com\/fr\/wp-json\/wp\/v2\/comments?post=21129"}],"version-history":[{"count":0,"href":"https:\/\/www.newyorkhipknee.com\/fr\/wp-json\/wp\/v2\/pages\/21129\/revisions"}],"up":[{"embeddable":true,"href":"https:\/\/www.newyorkhipknee.com\/fr\/wp-json\/wp\/v2\/pages\/21161"}],"wp:attachment":[{"href":"https:\/\/www.newyorkhipknee.com\/fr\/wp-json\/wp\/v2\/media?parent=21129"}],"curies":[{"name":"wp","href":"https:\/\/api.w.org\/{rel}","templated":true}]}}