{"id":21143,"date":"2023-12-28T14:35:35","date_gmt":"2023-12-28T19:35:35","guid":{"rendered":"https:\/\/newyorkhipknee.com\/pterygion\/"},"modified":"2023-12-28T14:35:35","modified_gmt":"2023-12-28T19:35:35","slug":"pterygion","status":"publish","type":"page","link":"https:\/\/www.newyorkhipknee.com\/fr\/indemnisation-des-travailleurs\/lignes-directrices-pour-les-traitements-medicaux-mtg\/troubles-oculaires\/pterygion\/","title":{"rendered":"Pt\u00e9rygion"},"content":{"rendered":"<p>Le pt\u00e9rygion est une excroissance \u00e9trange &#8211; il s&rsquo;agit d&rsquo;un pli triangulaire de tissu qui se d\u00e9place lentement sur la corn\u00e9e, g\u00e9n\u00e9ralement \u00e0 partir du c\u00f4t\u00e9 nasal. Parfois, on peut observer une inflammation de la conjonctive qui l&rsquo;entoure. Elle est plus fr\u00e9quente dans les r\u00e9gions tropicales ou s\u00e8ches et chez les personnes qui passent beaucoup de temps \u00e0 l&rsquo;ext\u00e9rieur, expos\u00e9es aux rayons ultraviolets. En g\u00e9n\u00e9ral, il s&rsquo;agit plut\u00f4t d&rsquo;un probl\u00e8me esth\u00e9tique, mais pour certaines personnes malchanceuses, il peut provoquer des sympt\u00f4mes. Toutefois, si cette excroissance commence \u00e0 g\u00eaner votre vue, une intervention chirurgicale s&rsquo;impose pour l&rsquo;\u00e9liminer.<\/p>\n<p>&nbsp;<\/p>\n<h2>Traitements<\/h2>\n<p><strong>Gouttes ophtalmiques d&rsquo;AINS :<\/strong> Les gouttes d&rsquo;AINS ne sont pas recommand\u00e9es en cas d&rsquo;irritation de la pt\u00e9rygie ou de la pingu\u00e9cula.<\/p>\n<p><strong>Gouttes de glucocortico\u00efdes :<\/strong> Pour les pt\u00e9rygies ou les pingu\u00e9cules rouges et enflamm\u00e9s, optez pour les gouttes de glucocorticost\u00e9ro\u00efdes. Il est g\u00e9n\u00e9ralement conseill\u00e9 de commencer par les larmes artificielles car elles ont moins d&rsquo;effets secondaires. Gardez toutefois \u00e0 l&rsquo;esprit que ces gouttes st\u00e9ro\u00efdiennes peuvent perturber votre pression intraoculaire (PIO), c&rsquo;est pourquoi seul un ophtalmologiste ou un prestataire capable de contr\u00f4ler r\u00e9guli\u00e8rement la PIO peut vous les prescrire. Suivez les recommandations du fabricant quant \u00e0 la fr\u00e9quence et \u00e0 la dur\u00e9e d&rsquo;utilisation. Dans un essai, ils ont utilis\u00e9 des gouttes de dexam\u00e9thasone \u00e0 0,1 % six fois par jour pendant trois jours, puis quatre fois par jour pendant deux semaines.<\/p>\n<p><strong>Indications pour l&rsquo;arr\u00eat du traitement :<\/strong> Cessez d&rsquo;utiliser les gouttes lorsque vos sympt\u00f4mes disparaissent, que vous ne les tol\u00e9rez plus, que vous ressentez des effets secondaires ou que vous avez termin\u00e9 la cure recommand\u00e9e.<\/p>\n<p><strong>Excision chirurgicale du pt\u00e9rygion :<\/strong> Si vous avez des pt\u00e9rygions qui pendent pr\u00e8s de votre ligne de mire ou qui la perturbent, surtout s&rsquo;ils sont toujours irrit\u00e9s ou ne r\u00e9agissent pas aux gouttes ophtalmiques, l&rsquo;ablation chirurgicale est la solution. C&rsquo;est particuli\u00e8rement vrai pour ceux qui causent des probl\u00e8mes visuels imminents. Bien s\u00fbr, la chirurgie est un peu invasive et peut avoir ses inconv\u00e9nients, mais elle est recommand\u00e9e de mani\u00e8re s\u00e9lective pour \u00e9viter des complications graves et sauver votre vue.<\/p>\n<p><strong>Bevacizumab :<\/strong> Pour emp\u00eacher la pt\u00e9rygie de revenir, envisagez d&rsquo;utiliser le Bevacizumab. Cela est particuli\u00e8rement recommand\u00e9 apr\u00e8s une ablation chirurgicale, surtout pour les jeunes patients qui sont plus enclins \u00e0 voir ces choses r\u00e9appara\u00eetre. Si vous ne le supportez plus, si vous ressentez des effets secondaires ou si vous terminez le traitement recommand\u00e9, il est temps d&rsquo;arr\u00eater.<\/p>\n<p>&nbsp;<\/p>\n","protected":false},"excerpt":{"rendered":"<p>Le pt\u00e9rygion est une excroissance \u00e9trange &#8211; il s&rsquo;agit d&rsquo;un pli triangulaire de tissu qui se d\u00e9place lentement sur la corn\u00e9e, g\u00e9n\u00e9ralement \u00e0 partir du c\u00f4t\u00e9 nasal. Parfois, on peut observer une inflammation de la conjonctive qui l&rsquo;entoure. Elle est plus fr\u00e9quente dans les r\u00e9gions tropicales ou s\u00e8ches et chez les personnes qui passent beaucoup [&hellip;]<\/p>\n","protected":false},"author":33,"featured_media":0,"parent":21161,"menu_order":0,"comment_status":"closed","ping_status":"closed","template":"","meta":{"_et_pb_use_builder":"","_et_pb_old_content":"","_et_gb_content_width":"","footnotes":""},"class_list":["post-21143","page","type-page","status-publish","hentry"],"yoast_head":"<!-- This site is optimized with the Yoast SEO plugin v27.2 - https:\/\/yoast.com\/product\/yoast-seo-wordpress\/ -->\n<title>Pt\u00e9rygion | Best Hip &amp; Knee Surgeon | NY, USA<\/title>\n<meta name=\"description\" content=\"Le pt\u00e9rygion est une excroissance \u00e9trange - il s&#039;agit d&#039;un pli triangulaire de tissu qui se d\u00e9place lentement sur la corn\u00e9e, g\u00e9n\u00e9ralement \u00e0 partir du c\u00f4t\u00e9\" \/>\n<meta name=\"robots\" content=\"index, follow, max-snippet:-1, max-image-preview:large, max-video-preview:-1\" \/>\n<link rel=\"canonical\" href=\"https:\/\/www.newyorkhipknee.com\/fr\/indemnisation-des-travailleurs\/lignes-directrices-pour-les-traitements-medicaux-mtg\/troubles-oculaires\/pterygion\/\" \/>\n<meta property=\"og:locale\" content=\"fr_FR\" \/>\n<meta property=\"og:type\" content=\"article\" \/>\n<meta property=\"og:title\" content=\"Pt\u00e9rygion | Best Hip &amp; Knee Surgeon | NY, USA\" \/>\n<meta property=\"og:description\" content=\"Le pt\u00e9rygion est une excroissance \u00e9trange - il s&#039;agit d&#039;un pli triangulaire de tissu qui se d\u00e9place lentement sur la corn\u00e9e, g\u00e9n\u00e9ralement \u00e0 partir du c\u00f4t\u00e9\" \/>\n<meta property=\"og:url\" content=\"https:\/\/www.newyorkhipknee.com\/fr\/indemnisation-des-travailleurs\/lignes-directrices-pour-les-traitements-medicaux-mtg\/troubles-oculaires\/pterygion\/\" \/>\n<meta property=\"og:site_name\" content=\"Best Hip &amp; Knee Surgeon | NY, USA\" \/>\n<meta name=\"twitter:card\" content=\"summary_large_image\" \/>\n<meta name=\"twitter:label1\" content=\"Dur\u00e9e de lecture estim\u00e9e\" \/>\n\t<meta name=\"twitter:data1\" content=\"2 minutes\" \/>\n<script type=\"application\/ld+json\" class=\"yoast-schema-graph\">{\"@context\":\"https:\/\/schema.org\",\"@graph\":[{\"@type\":[\"WebPage\",\"MedicalWebPage\"],\"@id\":\"https:\/\/www.newyorkhipknee.com\/fr\/indemnisation-des-travailleurs\/lignes-directrices-pour-les-traitements-medicaux-mtg\/troubles-oculaires\/pterygion\/\",\"url\":\"https:\/\/www.newyorkhipknee.com\/fr\/indemnisation-des-travailleurs\/lignes-directrices-pour-les-traitements-medicaux-mtg\/troubles-oculaires\/pterygion\/\",\"name\":\"Pt\u00e9rygion | Best Hip &amp; Knee Surgeon | NY, USA\",\"isPartOf\":{\"@id\":\"https:\/\/www.newyorkhipknee.com\/fr\/#website\"},\"datePublished\":\"2023-12-28T19:35:35+00:00\",\"description\":\"Le pt\u00e9rygion est une excroissance \u00e9trange - il s'agit d'un pli triangulaire de tissu qui se d\u00e9place lentement sur la corn\u00e9e, g\u00e9n\u00e9ralement \u00e0 partir du c\u00f4t\u00e9\",\"breadcrumb\":{\"@id\":\"https:\/\/www.newyorkhipknee.com\/fr\/indemnisation-des-travailleurs\/lignes-directrices-pour-les-traitements-medicaux-mtg\/troubles-oculaires\/pterygion\/#breadcrumb\"},\"inLanguage\":\"fr-FR\",\"potentialAction\":[{\"@type\":\"ReadAction\",\"target\":[\"https:\/\/www.newyorkhipknee.com\/fr\/indemnisation-des-travailleurs\/lignes-directrices-pour-les-traitements-medicaux-mtg\/troubles-oculaires\/pterygion\/\"]}]},{\"@type\":\"BreadcrumbList\",\"@id\":\"https:\/\/www.newyorkhipknee.com\/fr\/indemnisation-des-travailleurs\/lignes-directrices-pour-les-traitements-medicaux-mtg\/troubles-oculaires\/pterygion\/#breadcrumb\",\"itemListElement\":[{\"@type\":\"ListItem\",\"position\":1,\"name\":\"Home\",\"item\":\"https:\/\/www.newyorkhipknee.com\/fr\/\"},{\"@type\":\"ListItem\",\"position\":2,\"name\":\"Indemnisation des travailleurs\",\"item\":\"https:\/\/www.newyorkhipknee.com\/fr\/indemnisation-des-travailleurs\/\"},{\"@type\":\"ListItem\",\"position\":3,\"name\":\"Lignes directrices pour les traitements m\u00e9dicaux (MTG)\",\"item\":\"https:\/\/www.newyorkhipknee.com\/fr\/indemnisation-des-travailleurs\/lignes-directrices-pour-les-traitements-medicaux-mtg\/\"},{\"@type\":\"ListItem\",\"position\":4,\"name\":\"Troubles oculaires\",\"item\":\"https:\/\/www.newyorkhipknee.com\/fr\/indemnisation-des-travailleurs\/lignes-directrices-pour-les-traitements-medicaux-mtg\/troubles-oculaires\/\"},{\"@type\":\"ListItem\",\"position\":5,\"name\":\"Pt\u00e9rygion\"}]},{\"@type\":\"WebSite\",\"@id\":\"https:\/\/www.newyorkhipknee.com\/fr\/#website\",\"url\":\"https:\/\/www.newyorkhipknee.com\/fr\/\",\"name\":\"Best Hip & Knee Surgeon | NY, USA\",\"description\":\"\",\"potentialAction\":[{\"@type\":\"SearchAction\",\"target\":{\"@type\":\"EntryPoint\",\"urlTemplate\":\"https:\/\/www.newyorkhipknee.com\/fr\/?s={search_term_string}\"},\"query-input\":{\"@type\":\"PropertyValueSpecification\",\"valueRequired\":true,\"valueName\":\"search_term_string\"}}],\"inLanguage\":\"fr-FR\"}]}<\/script>\n<!-- \/ Yoast SEO plugin. -->","yoast_head_json":{"title":"Pt\u00e9rygion | Best Hip &amp; Knee Surgeon | NY, USA","description":"Le pt\u00e9rygion est une excroissance \u00e9trange - il s'agit d'un pli triangulaire de tissu qui se d\u00e9place lentement sur la corn\u00e9e, g\u00e9n\u00e9ralement \u00e0 partir du c\u00f4t\u00e9","robots":{"index":"index","follow":"follow","max-snippet":"max-snippet:-1","max-image-preview":"max-image-preview:large","max-video-preview":"max-video-preview:-1"},"canonical":"https:\/\/www.newyorkhipknee.com\/fr\/indemnisation-des-travailleurs\/lignes-directrices-pour-les-traitements-medicaux-mtg\/troubles-oculaires\/pterygion\/","og_locale":"fr_FR","og_type":"article","og_title":"Pt\u00e9rygion | Best Hip &amp; Knee Surgeon | NY, USA","og_description":"Le pt\u00e9rygion est une excroissance \u00e9trange - il s'agit d'un pli triangulaire de tissu qui se d\u00e9place lentement sur la corn\u00e9e, g\u00e9n\u00e9ralement \u00e0 partir du c\u00f4t\u00e9","og_url":"https:\/\/www.newyorkhipknee.com\/fr\/indemnisation-des-travailleurs\/lignes-directrices-pour-les-traitements-medicaux-mtg\/troubles-oculaires\/pterygion\/","og_site_name":"Best Hip &amp; Knee Surgeon | NY, USA","twitter_card":"summary_large_image","twitter_misc":{"Dur\u00e9e de lecture estim\u00e9e":"2 minutes"},"schema":{"@context":"https:\/\/schema.org","@graph":[{"@type":["WebPage","MedicalWebPage"],"@id":"https:\/\/www.newyorkhipknee.com\/fr\/indemnisation-des-travailleurs\/lignes-directrices-pour-les-traitements-medicaux-mtg\/troubles-oculaires\/pterygion\/","url":"https:\/\/www.newyorkhipknee.com\/fr\/indemnisation-des-travailleurs\/lignes-directrices-pour-les-traitements-medicaux-mtg\/troubles-oculaires\/pterygion\/","name":"Pt\u00e9rygion | Best Hip &amp; Knee Surgeon | NY, USA","isPartOf":{"@id":"https:\/\/www.newyorkhipknee.com\/fr\/#website"},"datePublished":"2023-12-28T19:35:35+00:00","description":"Le pt\u00e9rygion est une excroissance \u00e9trange - il s'agit d'un pli triangulaire de tissu qui se d\u00e9place lentement sur la corn\u00e9e, g\u00e9n\u00e9ralement \u00e0 partir du c\u00f4t\u00e9","breadcrumb":{"@id":"https:\/\/www.newyorkhipknee.com\/fr\/indemnisation-des-travailleurs\/lignes-directrices-pour-les-traitements-medicaux-mtg\/troubles-oculaires\/pterygion\/#breadcrumb"},"inLanguage":"fr-FR","potentialAction":[{"@type":"ReadAction","target":["https:\/\/www.newyorkhipknee.com\/fr\/indemnisation-des-travailleurs\/lignes-directrices-pour-les-traitements-medicaux-mtg\/troubles-oculaires\/pterygion\/"]}]},{"@type":"BreadcrumbList","@id":"https:\/\/www.newyorkhipknee.com\/fr\/indemnisation-des-travailleurs\/lignes-directrices-pour-les-traitements-medicaux-mtg\/troubles-oculaires\/pterygion\/#breadcrumb","itemListElement":[{"@type":"ListItem","position":1,"name":"Home","item":"https:\/\/www.newyorkhipknee.com\/fr\/"},{"@type":"ListItem","position":2,"name":"Indemnisation des travailleurs","item":"https:\/\/www.newyorkhipknee.com\/fr\/indemnisation-des-travailleurs\/"},{"@type":"ListItem","position":3,"name":"Lignes directrices pour les traitements m\u00e9dicaux (MTG)","item":"https:\/\/www.newyorkhipknee.com\/fr\/indemnisation-des-travailleurs\/lignes-directrices-pour-les-traitements-medicaux-mtg\/"},{"@type":"ListItem","position":4,"name":"Troubles oculaires","item":"https:\/\/www.newyorkhipknee.com\/fr\/indemnisation-des-travailleurs\/lignes-directrices-pour-les-traitements-medicaux-mtg\/troubles-oculaires\/"},{"@type":"ListItem","position":5,"name":"Pt\u00e9rygion"}]},{"@type":"WebSite","@id":"https:\/\/www.newyorkhipknee.com\/fr\/#website","url":"https:\/\/www.newyorkhipknee.com\/fr\/","name":"Best Hip & Knee Surgeon | NY, USA","description":"","potentialAction":[{"@type":"SearchAction","target":{"@type":"EntryPoint","urlTemplate":"https:\/\/www.newyorkhipknee.com\/fr\/?s={search_term_string}"},"query-input":{"@type":"PropertyValueSpecification","valueRequired":true,"valueName":"search_term_string"}}],"inLanguage":"fr-FR"}]}},"_links":{"self":[{"href":"https:\/\/www.newyorkhipknee.com\/fr\/wp-json\/wp\/v2\/pages\/21143","targetHints":{"allow":["GET"]}}],"collection":[{"href":"https:\/\/www.newyorkhipknee.com\/fr\/wp-json\/wp\/v2\/pages"}],"about":[{"href":"https:\/\/www.newyorkhipknee.com\/fr\/wp-json\/wp\/v2\/types\/page"}],"author":[{"embeddable":true,"href":"https:\/\/www.newyorkhipknee.com\/fr\/wp-json\/wp\/v2\/users\/33"}],"replies":[{"embeddable":true,"href":"https:\/\/www.newyorkhipknee.com\/fr\/wp-json\/wp\/v2\/comments?post=21143"}],"version-history":[{"count":0,"href":"https:\/\/www.newyorkhipknee.com\/fr\/wp-json\/wp\/v2\/pages\/21143\/revisions"}],"up":[{"embeddable":true,"href":"https:\/\/www.newyorkhipknee.com\/fr\/wp-json\/wp\/v2\/pages\/21161"}],"wp:attachment":[{"href":"https:\/\/www.newyorkhipknee.com\/fr\/wp-json\/wp\/v2\/media?parent=21143"}],"curies":[{"name":"wp","href":"https:\/\/api.w.org\/{rel}","templated":true}]}}