{"id":21153,"date":"2023-12-27T16:27:40","date_gmt":"2023-12-27T21:27:40","guid":{"rendered":"https:\/\/newyorkhipknee.com\/infections-virales-bacteriennes-et-fongiques-et-ulceres-de-la-cornee\/"},"modified":"2023-12-27T16:27:40","modified_gmt":"2023-12-27T21:27:40","slug":"infections-virales-bacteriennes-et-fongiques-et-ulceres-de-la-cornee","status":"publish","type":"page","link":"https:\/\/www.newyorkhipknee.com\/fr\/indemnisation-des-travailleurs\/lignes-directrices-pour-les-traitements-medicaux-mtg\/troubles-oculaires\/infections-virales-bacteriennes-et-fongiques-et-ulceres-de-la-cornee\/","title":{"rendered":"Infections virales, bact\u00e9riennes et fongiques et ulc\u00e8res de la corn\u00e9e"},"content":{"rendered":"<p>Dans la plupart des cas, il n&rsquo;est pas n\u00e9cessaire de proc\u00e9der \u00e0 des tests de diagnostic suppl\u00e9mentaires pour \u00e9valuer les infections oculaires. Toutefois, dans certaines situations o\u00f9 des sympt\u00f4mes ou des l\u00e9sions accompagnent le traitement, comme des probl\u00e8mes de sinus, des examens compl\u00e9mentaires tels que des radiographies des sinus, des tomographies des sinus ou des examens d&rsquo;imagerie comme la tomographie ou l&rsquo;IRM des orbites peuvent s&rsquo;av\u00e9rer n\u00e9cessaires.<\/p>\n<p>&nbsp;<\/p>\n<h2>Soins initiaux<\/h2>\n<p>En cas de conjonctivite virale pr\u00e9sum\u00e9e ou de conjonctivite bact\u00e9rienne l\u00e9g\u00e8re, aucun m\u00e9dicament n&rsquo;est g\u00e9n\u00e9ralement n\u00e9cessaire. Toutefois, il est essentiel de donner des instructions claires sur le maintien d&rsquo;une hygi\u00e8ne m\u00e9ticuleuse des mains et des yeux afin de minimiser le risque de propagation. Dans les cas de conjonctivite bact\u00e9rienne mod\u00e9r\u00e9e \u00e0 s\u00e9v\u00e8re, un suivi plus attentif est essentiel pour surveiller l&rsquo;\u00e9volution et assurer la gu\u00e9rison.<\/p>\n<p>Aujourd&rsquo;hui, en cas d&rsquo;infection ou d&rsquo;ulc\u00e8re de la corn\u00e9e, des m\u00e9dicaments sont n\u00e9cessaires et il est imp\u00e9ratif de respecter les rendez-vous de suivi afin de minimiser le risque de perte de vision.<\/p>\n<p>&nbsp;<\/p>\n<h2>Recommandations de traitement<\/h2>\n<p>Dans les cas courants de conjonctivite virale, un traitement antibiotique n&rsquo;est pas n\u00e9cessaire. Cependant, s&rsquo;il s&rsquo;agit d&rsquo;une infection de la corn\u00e9e caus\u00e9e par l&rsquo;herp\u00e8s simplex ou l&rsquo;herp\u00e8s zoster, un traitement antiviral est n\u00e9cessaire. Toutefois, ces conditions d\u00e9passent le champ d&rsquo;application de la pr\u00e9sente ligne directrice car elles ne sont pas consid\u00e9r\u00e9es comme professionnelles.<\/p>\n<p>Chez les adultes, les principaux responsables de la conjonctivite bact\u00e9rienne sont Streptococcus pneumoniae (51 %), Pseudomonas (23 %), Staphylococcus sp et Hemophilus influenzae. Le traitement de la conjonctivite bact\u00e9rienne par des antibiotiques peut raccourcir l&rsquo;\u00e9volution clinique, mais les infections mucopurulentes l\u00e9g\u00e8res peuvent ne pas s&rsquo;am\u00e9liorer plus rapidement avec des antibiotiques. La gravit\u00e9 des ulc\u00e8res est \u00e9troitement li\u00e9e au r\u00e9sultat. Les infections fongiques, g\u00e9n\u00e9ralement plus graves, n\u00e9cessitent souvent un traitement plus long pour \u00eatre r\u00e9solues.<\/p>\n<p>&nbsp;<\/p>\n<h2>Antibiotiques pour la conjonctivite bact\u00e9rienne et les infections bact\u00e9riennes compliquant un ulc\u00e8re corn\u00e9en<\/h2>\n<p>Dans certains cas, il est recommand\u00e9 d&rsquo;utiliser des antibiotiques pour traiter les conjonctivites bact\u00e9riennes et les infections bact\u00e9riennes compliquant les ulc\u00e8res de la corn\u00e9e. Les antibiotiques sont indiqu\u00e9s en cas de conjonctivite bact\u00e9rienne mod\u00e9r\u00e9e \u00e0 s\u00e9v\u00e8re afin de r\u00e9duire la dur\u00e9e de l&rsquo;\u00e9volution clinique. Pour les cas b\u00e9nins, en particulier ceux qui pr\u00e9sentent des infections mucopurulentes l\u00e9g\u00e8res, les antibiotiques peuvent ne pas apporter d&rsquo;am\u00e9lioration plus rapide.<\/p>\n<p>Les cas de Neisseria n\u00e9cessitent un traitement \u00e0 la fois topique et syst\u00e9mique, mais ces cas sortent du cadre de ces lignes directrices. Les infections bact\u00e9riennes qui compliquent les ulc\u00e8res corn\u00e9ens doivent \u00eatre trait\u00e9es, avec l&rsquo;indication suppl\u00e9mentaire de poursuivre le traitement jusqu&rsquo;\u00e0 ce que le d\u00e9faut corn\u00e9en se r\u00e9sorbe. L&rsquo;acuit\u00e9 visuelle de base permet de pr\u00e9dire la r\u00e9cup\u00e9ration visuelle.<\/p>\n<p>Diverses pr\u00e9parations d&rsquo;antibiotiques ophtalmiques ont une efficacit\u00e9 comparable, notamment la gatifloxacine, la l\u00e9vofloxacine, la lom\u00e9floxacine, la moxifloxacine, la tobramycine-c\u00e9fazoline, la c\u00e9fazoline-amikacine et la c\u00e9fazoline-gentamicine, ainsi que le thim\u00e9rosal (non recommand\u00e9 en raison de probl\u00e8mes de toxicit\u00e9). Il est conseill\u00e9 d&rsquo;adapter la s\u00e9lection des antibiotiques en fonction du genre et de l&rsquo;esp\u00e8ce bact\u00e9rienne estim\u00e9s, ainsi que des profils de r\u00e9sistance aux antibiotiques locaux. Bien que la coloration de Gram ne soit pas couramment r\u00e9alis\u00e9e, elle peut contribuer \u00e0 l&rsquo;adaptation pr\u00e9liminaire de l&rsquo;antibiotique.<\/p>\n<p>D&rsquo;autres ajustements bas\u00e9s sur les r\u00e9sultats de la culture et de la sensibilit\u00e9 peuvent s&rsquo;av\u00e9rer n\u00e9cessaires, car il est prouv\u00e9 que la r\u00e9sistance aux antibiotiques est en corr\u00e9lation avec de plus mauvais r\u00e9sultats. La dur\u00e9e du traitement correspond \u00e0 la dur\u00e9e des sympt\u00f4mes et, dans le cas des ulc\u00e8res, il se poursuit g\u00e9n\u00e9ralement jusqu&rsquo;\u00e0 ce que le d\u00e9faut de la corn\u00e9e soit r\u00e9solu.<\/p>\n<p><strong>Glucocorticost\u00e9ro\u00efdes adjuvants pour la conjonctivite bact\u00e9rienne et les infections bact\u00e9riennes compliquant les ulc\u00e8res corn\u00e9ens :<\/strong> Il n&rsquo;est pas recommand\u00e9 d&rsquo;utiliser les glucocortico\u00efdes comme traitement suppl\u00e9mentaire de la conjonctivite bact\u00e9rienne ou des infections bact\u00e9riennes compliquant les ulc\u00e8res corn\u00e9ens.<\/p>\n<p><strong>Antibiotiques pour la conjonctivite virale :<\/strong> L&rsquo;utilisation syst\u00e9matique d&rsquo;antibiotiques n&rsquo;est pas recommand\u00e9e pour traiter la conjonctivite virale.<\/p>\n<p><strong>Anti-inflammatoires non st\u00e9ro\u00efdiens pour les sympt\u00f4mes de la conjonctivite virale :<\/strong> L&rsquo;utilisation d&rsquo;anti-inflammatoires non st\u00e9ro\u00efdiens n&rsquo;est pas conseill\u00e9e pour soulager les sympt\u00f4mes de la conjonctivite virale.<\/p>\n<p><strong>Glucocorticost\u00e9ro\u00efdes pour les sympt\u00f4mes de la conjonctivite virale :<\/strong> Il n&rsquo;est pas recommand\u00e9 d&rsquo;utiliser des glucocorticost\u00e9ro\u00efdes pour traiter les sympt\u00f4mes de la conjonctivite virale.<\/p>\n<p>&nbsp;<\/p>\n<p><strong>M\u00e9dicaments antifongiques pour la conjonctivite fongique et les infections fongiques compliquant les ulc\u00e8res corn\u00e9ens :<\/strong> Il est recommand\u00e9 d&rsquo;utiliser des m\u00e9dicaments antifongiques pour le traitement de la conjonctivite fongique et des infections fongiques compliquant les ulc\u00e8res corn\u00e9ens. Lorsque les d\u00e9fauts de la corn\u00e9e sont compliqu\u00e9s par des infections fongiques, il est g\u00e9n\u00e9ralement conseill\u00e9 d&rsquo;adresser le cas \u00e0 un ophtalmologiste.<\/p>\n<p><strong>Indications :<\/strong> Les m\u00e9dicaments antifongiques sont indiqu\u00e9s pour la conjonctivite fongique, et pour les infections fongiques compliquant les ulc\u00e8res corn\u00e9ens, le traitement est n\u00e9cessaire avec l&rsquo;indication suppl\u00e9mentaire de continuer jusqu&rsquo;\u00e0 ce que le d\u00e9faut corn\u00e9en se r\u00e9sorbe.<\/p>\n<p><strong>Fr\u00e9quence\/dose\/dur\u00e9e :<\/strong> Diverses pr\u00e9parations antifongiques ophtalmiques, dont l&rsquo;\u00e9conazole \u00e0 2 %, la natamycine \u00e0 5 %, le voriconazole \u00e0 1 % et l&rsquo;amphot\u00e9ricine B, ont une efficacit\u00e9 comparable. Le traitement doit g\u00e9n\u00e9ralement \u00eatre adapt\u00e9 aux r\u00e9sultats de la culture. L&rsquo;iodure de potassium (KOH) n&rsquo;est pas toujours utilis\u00e9, mais il peut \u00eatre utile dans le cadre d&rsquo;un traitement antifongique pr\u00e9liminaire.<\/p>\n<p>Les r\u00e9gimes antifongiques efficaces bas\u00e9s sur des \u00e9tudes de haute qualit\u00e9 sont les suivants :<\/p>\n<ul>\n<li><strong>Econazole 2% en gouttes :<\/strong> Administrer toutes les heures entre 7 heures et 21 heures.<\/li>\n<li><strong>Natamycine 5% gouttes :<\/strong> Toutes les heures pendant l&rsquo;\u00e9veil jusqu&rsquo;\u00e0 la r\u00e9\u00e9pith\u00e9lialisation, puis quatre fois par jour pendant au moins 3 semaines.<\/li>\n<li><strong>Amphot\u00e9ricine B 0,2 mg\/ml en gouttes :<\/strong> administr\u00e9es toutes les 2 heures pendant 21 jours.<\/li>\n<li><strong>Amphot\u00e9ricine B 0,2 mg\/ml en gouttes :<\/strong> Administr\u00e9es toutes les 2 heures pendant 21 jours, coupl\u00e9es \u00e0 des injections sous-conjonctivales de fluconazole 2mg\/ml par jour pendant 10 jours.<\/li>\n<li><strong>Gouttes de gluconate de chlorhexidine 0,2 % :<\/strong> Utilis\u00e9es toutes les demi-heures ou toutes les deux heures pendant 5 jours, puis avec une fr\u00e9quence r\u00e9duite, tous les patients \u00e9tant r\u00e9\u00e9valu\u00e9s au bout de 21 jours.<\/li>\n<\/ul>\n<p>Il est important de noter que dans les rares cas o\u00f9 la nature de la pathologie infectieuse exige des formulations m\u00e9dicamenteuses hautement sp\u00e9cialis\u00e9es, celles-ci ne sont g\u00e9n\u00e9ralement disponibles que dans les pharmacies des centres m\u00e9dicaux universitaires.<\/p>\n","protected":false},"excerpt":{"rendered":"<p>Dans la plupart des cas, il n&rsquo;est pas n\u00e9cessaire de proc\u00e9der \u00e0 des tests de diagnostic suppl\u00e9mentaires pour \u00e9valuer les infections oculaires. Toutefois, dans certaines situations o\u00f9 des sympt\u00f4mes ou des l\u00e9sions accompagnent le traitement, comme des probl\u00e8mes de sinus, des examens compl\u00e9mentaires tels que des radiographies des sinus, des tomographies des sinus ou des [&hellip;]<\/p>\n","protected":false},"author":33,"featured_media":0,"parent":21161,"menu_order":0,"comment_status":"closed","ping_status":"closed","template":"","meta":{"_et_pb_use_builder":"","_et_pb_old_content":"","_et_gb_content_width":"","footnotes":""},"class_list":["post-21153","page","type-page","status-publish","hentry"],"yoast_head":"<!-- This site is optimized with the Yoast SEO plugin v27.2 - https:\/\/yoast.com\/product\/yoast-seo-wordpress\/ -->\n<title>Infections virales, bact\u00e9riennes et fongiques et ulc\u00e8res de la corn\u00e9e | Best Hip &amp; Knee Surgeon | NY, USA<\/title>\n<meta name=\"description\" content=\"Dans la plupart des cas, il n&#039;est pas n\u00e9cessaire de proc\u00e9der \u00e0 des tests de diagnostic suppl\u00e9mentaires pour \u00e9valuer les infections oculaires. Toutefois,\" \/>\n<meta name=\"robots\" content=\"index, follow, max-snippet:-1, max-image-preview:large, max-video-preview:-1\" \/>\n<link rel=\"canonical\" href=\"https:\/\/www.newyorkhipknee.com\/fr\/indemnisation-des-travailleurs\/lignes-directrices-pour-les-traitements-medicaux-mtg\/troubles-oculaires\/infections-virales-bacteriennes-et-fongiques-et-ulceres-de-la-cornee\/\" \/>\n<meta property=\"og:locale\" content=\"fr_FR\" \/>\n<meta property=\"og:type\" content=\"article\" \/>\n<meta property=\"og:title\" content=\"Infections virales, bact\u00e9riennes et fongiques et ulc\u00e8res de la corn\u00e9e | Best Hip &amp; Knee Surgeon | NY, USA\" \/>\n<meta property=\"og:description\" content=\"Dans la plupart des cas, il n&#039;est pas n\u00e9cessaire de proc\u00e9der \u00e0 des tests de diagnostic suppl\u00e9mentaires pour \u00e9valuer les infections oculaires. Toutefois,\" \/>\n<meta property=\"og:url\" content=\"https:\/\/www.newyorkhipknee.com\/fr\/indemnisation-des-travailleurs\/lignes-directrices-pour-les-traitements-medicaux-mtg\/troubles-oculaires\/infections-virales-bacteriennes-et-fongiques-et-ulceres-de-la-cornee\/\" \/>\n<meta property=\"og:site_name\" content=\"Best Hip &amp; Knee Surgeon | NY, USA\" \/>\n<meta name=\"twitter:card\" content=\"summary_large_image\" \/>\n<meta name=\"twitter:label1\" content=\"Dur\u00e9e de lecture estim\u00e9e\" \/>\n\t<meta name=\"twitter:data1\" content=\"6 minutes\" \/>\n<script type=\"application\/ld+json\" class=\"yoast-schema-graph\">{\"@context\":\"https:\/\/schema.org\",\"@graph\":[{\"@type\":[\"WebPage\",\"MedicalWebPage\"],\"@id\":\"https:\/\/www.newyorkhipknee.com\/fr\/indemnisation-des-travailleurs\/lignes-directrices-pour-les-traitements-medicaux-mtg\/troubles-oculaires\/infections-virales-bacteriennes-et-fongiques-et-ulceres-de-la-cornee\/\",\"url\":\"https:\/\/www.newyorkhipknee.com\/fr\/indemnisation-des-travailleurs\/lignes-directrices-pour-les-traitements-medicaux-mtg\/troubles-oculaires\/infections-virales-bacteriennes-et-fongiques-et-ulceres-de-la-cornee\/\",\"name\":\"Infections virales, bact\u00e9riennes et fongiques et ulc\u00e8res de la corn\u00e9e | Best Hip &amp; Knee Surgeon | NY, USA\",\"isPartOf\":{\"@id\":\"https:\/\/www.newyorkhipknee.com\/fr\/#website\"},\"datePublished\":\"2023-12-27T21:27:40+00:00\",\"description\":\"Dans la plupart des cas, il n'est pas n\u00e9cessaire de proc\u00e9der \u00e0 des tests de diagnostic suppl\u00e9mentaires pour \u00e9valuer les infections oculaires. Toutefois,\",\"breadcrumb\":{\"@id\":\"https:\/\/www.newyorkhipknee.com\/fr\/indemnisation-des-travailleurs\/lignes-directrices-pour-les-traitements-medicaux-mtg\/troubles-oculaires\/infections-virales-bacteriennes-et-fongiques-et-ulceres-de-la-cornee\/#breadcrumb\"},\"inLanguage\":\"fr-FR\",\"potentialAction\":[{\"@type\":\"ReadAction\",\"target\":[\"https:\/\/www.newyorkhipknee.com\/fr\/indemnisation-des-travailleurs\/lignes-directrices-pour-les-traitements-medicaux-mtg\/troubles-oculaires\/infections-virales-bacteriennes-et-fongiques-et-ulceres-de-la-cornee\/\"]}]},{\"@type\":\"BreadcrumbList\",\"@id\":\"https:\/\/www.newyorkhipknee.com\/fr\/indemnisation-des-travailleurs\/lignes-directrices-pour-les-traitements-medicaux-mtg\/troubles-oculaires\/infections-virales-bacteriennes-et-fongiques-et-ulceres-de-la-cornee\/#breadcrumb\",\"itemListElement\":[{\"@type\":\"ListItem\",\"position\":1,\"name\":\"Home\",\"item\":\"https:\/\/www.newyorkhipknee.com\/fr\/\"},{\"@type\":\"ListItem\",\"position\":2,\"name\":\"Indemnisation des travailleurs\",\"item\":\"https:\/\/www.newyorkhipknee.com\/fr\/indemnisation-des-travailleurs\/\"},{\"@type\":\"ListItem\",\"position\":3,\"name\":\"Lignes directrices pour les traitements m\u00e9dicaux (MTG)\",\"item\":\"https:\/\/www.newyorkhipknee.com\/fr\/indemnisation-des-travailleurs\/lignes-directrices-pour-les-traitements-medicaux-mtg\/\"},{\"@type\":\"ListItem\",\"position\":4,\"name\":\"Troubles oculaires\",\"item\":\"https:\/\/www.newyorkhipknee.com\/fr\/indemnisation-des-travailleurs\/lignes-directrices-pour-les-traitements-medicaux-mtg\/troubles-oculaires\/\"},{\"@type\":\"ListItem\",\"position\":5,\"name\":\"Infections virales, bact\u00e9riennes et fongiques et ulc\u00e8res de la corn\u00e9e\"}]},{\"@type\":\"WebSite\",\"@id\":\"https:\/\/www.newyorkhipknee.com\/fr\/#website\",\"url\":\"https:\/\/www.newyorkhipknee.com\/fr\/\",\"name\":\"Best Hip & Knee Surgeon | NY, USA\",\"description\":\"\",\"potentialAction\":[{\"@type\":\"SearchAction\",\"target\":{\"@type\":\"EntryPoint\",\"urlTemplate\":\"https:\/\/www.newyorkhipknee.com\/fr\/?s={search_term_string}\"},\"query-input\":{\"@type\":\"PropertyValueSpecification\",\"valueRequired\":true,\"valueName\":\"search_term_string\"}}],\"inLanguage\":\"fr-FR\"}]}<\/script>\n<!-- \/ Yoast SEO plugin. -->","yoast_head_json":{"title":"Infections virales, bact\u00e9riennes et fongiques et ulc\u00e8res de la corn\u00e9e | Best Hip &amp; Knee Surgeon | NY, USA","description":"Dans la plupart des cas, il n'est pas n\u00e9cessaire de proc\u00e9der \u00e0 des tests de diagnostic suppl\u00e9mentaires pour \u00e9valuer les infections oculaires. Toutefois,","robots":{"index":"index","follow":"follow","max-snippet":"max-snippet:-1","max-image-preview":"max-image-preview:large","max-video-preview":"max-video-preview:-1"},"canonical":"https:\/\/www.newyorkhipknee.com\/fr\/indemnisation-des-travailleurs\/lignes-directrices-pour-les-traitements-medicaux-mtg\/troubles-oculaires\/infections-virales-bacteriennes-et-fongiques-et-ulceres-de-la-cornee\/","og_locale":"fr_FR","og_type":"article","og_title":"Infections virales, bact\u00e9riennes et fongiques et ulc\u00e8res de la corn\u00e9e | Best Hip &amp; Knee Surgeon | NY, USA","og_description":"Dans la plupart des cas, il n'est pas n\u00e9cessaire de proc\u00e9der \u00e0 des tests de diagnostic suppl\u00e9mentaires pour \u00e9valuer les infections oculaires. Toutefois,","og_url":"https:\/\/www.newyorkhipknee.com\/fr\/indemnisation-des-travailleurs\/lignes-directrices-pour-les-traitements-medicaux-mtg\/troubles-oculaires\/infections-virales-bacteriennes-et-fongiques-et-ulceres-de-la-cornee\/","og_site_name":"Best Hip &amp; Knee Surgeon | NY, USA","twitter_card":"summary_large_image","twitter_misc":{"Dur\u00e9e de lecture estim\u00e9e":"6 minutes"},"schema":{"@context":"https:\/\/schema.org","@graph":[{"@type":["WebPage","MedicalWebPage"],"@id":"https:\/\/www.newyorkhipknee.com\/fr\/indemnisation-des-travailleurs\/lignes-directrices-pour-les-traitements-medicaux-mtg\/troubles-oculaires\/infections-virales-bacteriennes-et-fongiques-et-ulceres-de-la-cornee\/","url":"https:\/\/www.newyorkhipknee.com\/fr\/indemnisation-des-travailleurs\/lignes-directrices-pour-les-traitements-medicaux-mtg\/troubles-oculaires\/infections-virales-bacteriennes-et-fongiques-et-ulceres-de-la-cornee\/","name":"Infections virales, bact\u00e9riennes et fongiques et ulc\u00e8res de la corn\u00e9e | Best Hip &amp; Knee Surgeon | NY, USA","isPartOf":{"@id":"https:\/\/www.newyorkhipknee.com\/fr\/#website"},"datePublished":"2023-12-27T21:27:40+00:00","description":"Dans la plupart des cas, il n'est pas n\u00e9cessaire de proc\u00e9der \u00e0 des tests de diagnostic suppl\u00e9mentaires pour \u00e9valuer les infections oculaires. Toutefois,","breadcrumb":{"@id":"https:\/\/www.newyorkhipknee.com\/fr\/indemnisation-des-travailleurs\/lignes-directrices-pour-les-traitements-medicaux-mtg\/troubles-oculaires\/infections-virales-bacteriennes-et-fongiques-et-ulceres-de-la-cornee\/#breadcrumb"},"inLanguage":"fr-FR","potentialAction":[{"@type":"ReadAction","target":["https:\/\/www.newyorkhipknee.com\/fr\/indemnisation-des-travailleurs\/lignes-directrices-pour-les-traitements-medicaux-mtg\/troubles-oculaires\/infections-virales-bacteriennes-et-fongiques-et-ulceres-de-la-cornee\/"]}]},{"@type":"BreadcrumbList","@id":"https:\/\/www.newyorkhipknee.com\/fr\/indemnisation-des-travailleurs\/lignes-directrices-pour-les-traitements-medicaux-mtg\/troubles-oculaires\/infections-virales-bacteriennes-et-fongiques-et-ulceres-de-la-cornee\/#breadcrumb","itemListElement":[{"@type":"ListItem","position":1,"name":"Home","item":"https:\/\/www.newyorkhipknee.com\/fr\/"},{"@type":"ListItem","position":2,"name":"Indemnisation des travailleurs","item":"https:\/\/www.newyorkhipknee.com\/fr\/indemnisation-des-travailleurs\/"},{"@type":"ListItem","position":3,"name":"Lignes directrices pour les traitements m\u00e9dicaux (MTG)","item":"https:\/\/www.newyorkhipknee.com\/fr\/indemnisation-des-travailleurs\/lignes-directrices-pour-les-traitements-medicaux-mtg\/"},{"@type":"ListItem","position":4,"name":"Troubles oculaires","item":"https:\/\/www.newyorkhipknee.com\/fr\/indemnisation-des-travailleurs\/lignes-directrices-pour-les-traitements-medicaux-mtg\/troubles-oculaires\/"},{"@type":"ListItem","position":5,"name":"Infections virales, bact\u00e9riennes et fongiques et ulc\u00e8res de la corn\u00e9e"}]},{"@type":"WebSite","@id":"https:\/\/www.newyorkhipknee.com\/fr\/#website","url":"https:\/\/www.newyorkhipknee.com\/fr\/","name":"Best Hip & Knee Surgeon | NY, USA","description":"","potentialAction":[{"@type":"SearchAction","target":{"@type":"EntryPoint","urlTemplate":"https:\/\/www.newyorkhipknee.com\/fr\/?s={search_term_string}"},"query-input":{"@type":"PropertyValueSpecification","valueRequired":true,"valueName":"search_term_string"}}],"inLanguage":"fr-FR"}]}},"_links":{"self":[{"href":"https:\/\/www.newyorkhipknee.com\/fr\/wp-json\/wp\/v2\/pages\/21153","targetHints":{"allow":["GET"]}}],"collection":[{"href":"https:\/\/www.newyorkhipknee.com\/fr\/wp-json\/wp\/v2\/pages"}],"about":[{"href":"https:\/\/www.newyorkhipknee.com\/fr\/wp-json\/wp\/v2\/types\/page"}],"author":[{"embeddable":true,"href":"https:\/\/www.newyorkhipknee.com\/fr\/wp-json\/wp\/v2\/users\/33"}],"replies":[{"embeddable":true,"href":"https:\/\/www.newyorkhipknee.com\/fr\/wp-json\/wp\/v2\/comments?post=21153"}],"version-history":[{"count":0,"href":"https:\/\/www.newyorkhipknee.com\/fr\/wp-json\/wp\/v2\/pages\/21153\/revisions"}],"up":[{"embeddable":true,"href":"https:\/\/www.newyorkhipknee.com\/fr\/wp-json\/wp\/v2\/pages\/21161"}],"wp:attachment":[{"href":"https:\/\/www.newyorkhipknee.com\/fr\/wp-json\/wp\/v2\/media?parent=21153"}],"curies":[{"name":"wp","href":"https:\/\/api.w.org\/{rel}","templated":true}]}}