{"id":21156,"date":"2023-12-18T16:07:54","date_gmt":"2023-12-18T21:07:54","guid":{"rendered":"https:\/\/newyorkhipknee.com\/douleur-regionale-complexe\/"},"modified":"2023-12-18T16:07:54","modified_gmt":"2023-12-18T21:07:54","slug":"douleur-regionale-complexe","status":"publish","type":"page","link":"https:\/\/www.newyorkhipknee.com\/fr\/indemnisation-des-travailleurs\/lignes-directrices-pour-les-traitements-medicaux-mtg\/douleur-regionale-complexe\/","title":{"rendered":"Douleur r\u00e9gionale complexe"},"content":{"rendered":"<p>Les directives de traitement m\u00e9dical de l&rsquo;indemnisation des travailleurs de l&rsquo;\u00c9tat de New York pour les l\u00e9sions li\u00e9es \u00e0 la douleur r\u00e9gionale complexe fournissent un cadre structur\u00e9 pour le diagnostic et le traitement de cette pathologie difficile. Reconnaissant les complexit\u00e9s associ\u00e9es au syndrome douloureux r\u00e9gional complexe (SDRC), ces lignes directrices visent \u00e0 garantir que les personnes souffrant de SDRC re\u00e7oivent des soins m\u00e9dicaux complets et fond\u00e9s sur des donn\u00e9es probantes.<\/p>\n<p>Conform\u00e9ment \u00e0 ces lignes directrices, les professionnels de la sant\u00e9 sont invit\u00e9s \u00e0 suivre une approche syst\u00e9matique pour diagnostiquer et traiter les l\u00e9sions associ\u00e9es \u00e0 la douleur r\u00e9gionale complexe. Les lignes directrices soulignent l&rsquo;importance d&rsquo;un diagnostic pr\u00e9cis et opportun, en tenant compte de la nature multidimensionnelle des sympt\u00f4mes du SDRC. Ils fournissent une feuille de route aux prestataires de soins de sant\u00e9 pour naviguer dans les m\u00e9andres du CRPS, qui englobe une gamme de traitements m\u00e9dicaux, d&rsquo;interventions th\u00e9rapeutiques et de strat\u00e9gies de r\u00e9adaptation.<\/p>\n<p>En se conformant aux directives de traitement m\u00e9dical de l&rsquo;indemnisation des travailleurs de l&rsquo;\u00c9tat de New York, les praticiens peuvent adapter leur approche pour r\u00e9pondre aux besoins sp\u00e9cifiques des personnes souffrant de douleurs r\u00e9gionales complexes. Les lignes directrices soulignent \u00e9galement l&rsquo;importance d&rsquo;une communication permanente entre les prestataires de soins de sant\u00e9, les personnes bless\u00e9es et le syst\u00e8me d&rsquo;indemnisation des accidents du travail, afin de garantir un processus de traitement collaboratif et efficace.<\/p>\n<p>En r\u00e9sum\u00e9, les directives de traitement m\u00e9dical de l&rsquo;indemnisation des travailleurs de New York pour les l\u00e9sions li\u00e9es \u00e0 la douleur r\u00e9gionale complexe constituent une ressource pr\u00e9cieuse pour les professionnels de la sant\u00e9, offrant des conseils et des bonnes pratiques pour le diagnostic et le traitement de cette affection difficile dans le contexte du syst\u00e8me d&rsquo;indemnisation des travailleurs.<\/p>\n","protected":false},"excerpt":{"rendered":"<p>Les directives de traitement m\u00e9dical de l&rsquo;indemnisation des travailleurs de l&rsquo;\u00c9tat de New York pour les l\u00e9sions li\u00e9es \u00e0 la douleur r\u00e9gionale complexe fournissent un cadre structur\u00e9 pour le diagnostic et le traitement de cette pathologie difficile. Reconnaissant les complexit\u00e9s associ\u00e9es au syndrome douloureux r\u00e9gional complexe (SDRC), ces lignes directrices visent \u00e0 garantir que les [&hellip;]<\/p>\n","protected":false},"author":33,"featured_media":0,"parent":21277,"menu_order":0,"comment_status":"closed","ping_status":"closed","template":"","meta":{"_et_pb_use_builder":"","_et_pb_old_content":"","_et_gb_content_width":"","footnotes":""},"class_list":["post-21156","page","type-page","status-publish","hentry"],"yoast_head":"<!-- This site is optimized with the Yoast SEO plugin v27.2 - https:\/\/yoast.com\/product\/yoast-seo-wordpress\/ -->\n<title>Douleur r\u00e9gionale complexe | Best Hip &amp; Knee Surgeon | NY, USA<\/title>\n<meta name=\"description\" content=\"Les directives de traitement m\u00e9dical de l&#039;indemnisation des travailleurs de l&#039;\u00c9tat de New York pour les l\u00e9sions li\u00e9es \u00e0 la douleur r\u00e9gionale complexe\" \/>\n<meta name=\"robots\" content=\"index, follow, max-snippet:-1, max-image-preview:large, max-video-preview:-1\" \/>\n<link rel=\"canonical\" href=\"https:\/\/www.newyorkhipknee.com\/fr\/indemnisation-des-travailleurs\/lignes-directrices-pour-les-traitements-medicaux-mtg\/douleur-regionale-complexe\/\" \/>\n<meta property=\"og:locale\" content=\"fr_FR\" \/>\n<meta property=\"og:type\" content=\"article\" \/>\n<meta property=\"og:title\" content=\"Douleur r\u00e9gionale complexe | Best Hip &amp; Knee Surgeon | NY, USA\" \/>\n<meta property=\"og:description\" content=\"Les directives de traitement m\u00e9dical de l&#039;indemnisation des travailleurs de l&#039;\u00c9tat de New York pour les l\u00e9sions li\u00e9es \u00e0 la douleur r\u00e9gionale complexe\" \/>\n<meta property=\"og:url\" content=\"https:\/\/www.newyorkhipknee.com\/fr\/indemnisation-des-travailleurs\/lignes-directrices-pour-les-traitements-medicaux-mtg\/douleur-regionale-complexe\/\" \/>\n<meta property=\"og:site_name\" content=\"Best Hip &amp; Knee Surgeon | NY, USA\" \/>\n<meta name=\"twitter:card\" content=\"summary_large_image\" \/>\n<meta name=\"twitter:label1\" content=\"Dur\u00e9e de lecture estim\u00e9e\" \/>\n\t<meta name=\"twitter:data1\" content=\"2 minutes\" \/>\n<script type=\"application\/ld+json\" class=\"yoast-schema-graph\">{\"@context\":\"https:\/\/schema.org\",\"@graph\":[{\"@type\":[\"WebPage\",\"MedicalWebPage\"],\"@id\":\"https:\/\/www.newyorkhipknee.com\/fr\/indemnisation-des-travailleurs\/lignes-directrices-pour-les-traitements-medicaux-mtg\/douleur-regionale-complexe\/\",\"url\":\"https:\/\/www.newyorkhipknee.com\/fr\/indemnisation-des-travailleurs\/lignes-directrices-pour-les-traitements-medicaux-mtg\/douleur-regionale-complexe\/\",\"name\":\"Douleur r\u00e9gionale complexe | Best Hip &amp; Knee Surgeon | NY, USA\",\"isPartOf\":{\"@id\":\"https:\/\/www.newyorkhipknee.com\/fr\/#website\"},\"datePublished\":\"2023-12-18T21:07:54+00:00\",\"description\":\"Les directives de traitement m\u00e9dical de l'indemnisation des travailleurs de l'\u00c9tat de New York pour les l\u00e9sions li\u00e9es \u00e0 la douleur r\u00e9gionale complexe\",\"breadcrumb\":{\"@id\":\"https:\/\/www.newyorkhipknee.com\/fr\/indemnisation-des-travailleurs\/lignes-directrices-pour-les-traitements-medicaux-mtg\/douleur-regionale-complexe\/#breadcrumb\"},\"inLanguage\":\"fr-FR\",\"potentialAction\":[{\"@type\":\"ReadAction\",\"target\":[\"https:\/\/www.newyorkhipknee.com\/fr\/indemnisation-des-travailleurs\/lignes-directrices-pour-les-traitements-medicaux-mtg\/douleur-regionale-complexe\/\"]}]},{\"@type\":\"BreadcrumbList\",\"@id\":\"https:\/\/www.newyorkhipknee.com\/fr\/indemnisation-des-travailleurs\/lignes-directrices-pour-les-traitements-medicaux-mtg\/douleur-regionale-complexe\/#breadcrumb\",\"itemListElement\":[{\"@type\":\"ListItem\",\"position\":1,\"name\":\"Home\",\"item\":\"https:\/\/www.newyorkhipknee.com\/fr\/\"},{\"@type\":\"ListItem\",\"position\":2,\"name\":\"Indemnisation des travailleurs\",\"item\":\"https:\/\/www.newyorkhipknee.com\/fr\/indemnisation-des-travailleurs\/\"},{\"@type\":\"ListItem\",\"position\":3,\"name\":\"Lignes directrices pour les traitements m\u00e9dicaux (MTG)\",\"item\":\"https:\/\/www.newyorkhipknee.com\/fr\/indemnisation-des-travailleurs\/lignes-directrices-pour-les-traitements-medicaux-mtg\/\"},{\"@type\":\"ListItem\",\"position\":4,\"name\":\"Douleur r\u00e9gionale complexe\"}]},{\"@type\":\"WebSite\",\"@id\":\"https:\/\/www.newyorkhipknee.com\/fr\/#website\",\"url\":\"https:\/\/www.newyorkhipknee.com\/fr\/\",\"name\":\"Best Hip & Knee Surgeon | NY, USA\",\"description\":\"\",\"potentialAction\":[{\"@type\":\"SearchAction\",\"target\":{\"@type\":\"EntryPoint\",\"urlTemplate\":\"https:\/\/www.newyorkhipknee.com\/fr\/?s={search_term_string}\"},\"query-input\":{\"@type\":\"PropertyValueSpecification\",\"valueRequired\":true,\"valueName\":\"search_term_string\"}}],\"inLanguage\":\"fr-FR\"}]}<\/script>\n<!-- \/ Yoast SEO plugin. -->","yoast_head_json":{"title":"Douleur r\u00e9gionale complexe | Best Hip &amp; Knee Surgeon | NY, USA","description":"Les directives de traitement m\u00e9dical de l'indemnisation des travailleurs de l'\u00c9tat de New York pour les l\u00e9sions li\u00e9es \u00e0 la douleur r\u00e9gionale complexe","robots":{"index":"index","follow":"follow","max-snippet":"max-snippet:-1","max-image-preview":"max-image-preview:large","max-video-preview":"max-video-preview:-1"},"canonical":"https:\/\/www.newyorkhipknee.com\/fr\/indemnisation-des-travailleurs\/lignes-directrices-pour-les-traitements-medicaux-mtg\/douleur-regionale-complexe\/","og_locale":"fr_FR","og_type":"article","og_title":"Douleur r\u00e9gionale complexe | Best Hip &amp; Knee Surgeon | NY, USA","og_description":"Les directives de traitement m\u00e9dical de l'indemnisation des travailleurs de l'\u00c9tat de New York pour les l\u00e9sions li\u00e9es \u00e0 la douleur r\u00e9gionale complexe","og_url":"https:\/\/www.newyorkhipknee.com\/fr\/indemnisation-des-travailleurs\/lignes-directrices-pour-les-traitements-medicaux-mtg\/douleur-regionale-complexe\/","og_site_name":"Best Hip &amp; Knee Surgeon | NY, USA","twitter_card":"summary_large_image","twitter_misc":{"Dur\u00e9e de lecture estim\u00e9e":"2 minutes"},"schema":{"@context":"https:\/\/schema.org","@graph":[{"@type":["WebPage","MedicalWebPage"],"@id":"https:\/\/www.newyorkhipknee.com\/fr\/indemnisation-des-travailleurs\/lignes-directrices-pour-les-traitements-medicaux-mtg\/douleur-regionale-complexe\/","url":"https:\/\/www.newyorkhipknee.com\/fr\/indemnisation-des-travailleurs\/lignes-directrices-pour-les-traitements-medicaux-mtg\/douleur-regionale-complexe\/","name":"Douleur r\u00e9gionale complexe | Best Hip &amp; Knee Surgeon | NY, USA","isPartOf":{"@id":"https:\/\/www.newyorkhipknee.com\/fr\/#website"},"datePublished":"2023-12-18T21:07:54+00:00","description":"Les directives de traitement m\u00e9dical de l'indemnisation des travailleurs de l'\u00c9tat de New York pour les l\u00e9sions li\u00e9es \u00e0 la douleur r\u00e9gionale complexe","breadcrumb":{"@id":"https:\/\/www.newyorkhipknee.com\/fr\/indemnisation-des-travailleurs\/lignes-directrices-pour-les-traitements-medicaux-mtg\/douleur-regionale-complexe\/#breadcrumb"},"inLanguage":"fr-FR","potentialAction":[{"@type":"ReadAction","target":["https:\/\/www.newyorkhipknee.com\/fr\/indemnisation-des-travailleurs\/lignes-directrices-pour-les-traitements-medicaux-mtg\/douleur-regionale-complexe\/"]}]},{"@type":"BreadcrumbList","@id":"https:\/\/www.newyorkhipknee.com\/fr\/indemnisation-des-travailleurs\/lignes-directrices-pour-les-traitements-medicaux-mtg\/douleur-regionale-complexe\/#breadcrumb","itemListElement":[{"@type":"ListItem","position":1,"name":"Home","item":"https:\/\/www.newyorkhipknee.com\/fr\/"},{"@type":"ListItem","position":2,"name":"Indemnisation des travailleurs","item":"https:\/\/www.newyorkhipknee.com\/fr\/indemnisation-des-travailleurs\/"},{"@type":"ListItem","position":3,"name":"Lignes directrices pour les traitements m\u00e9dicaux (MTG)","item":"https:\/\/www.newyorkhipknee.com\/fr\/indemnisation-des-travailleurs\/lignes-directrices-pour-les-traitements-medicaux-mtg\/"},{"@type":"ListItem","position":4,"name":"Douleur r\u00e9gionale complexe"}]},{"@type":"WebSite","@id":"https:\/\/www.newyorkhipknee.com\/fr\/#website","url":"https:\/\/www.newyorkhipknee.com\/fr\/","name":"Best Hip & Knee Surgeon | NY, USA","description":"","potentialAction":[{"@type":"SearchAction","target":{"@type":"EntryPoint","urlTemplate":"https:\/\/www.newyorkhipknee.com\/fr\/?s={search_term_string}"},"query-input":{"@type":"PropertyValueSpecification","valueRequired":true,"valueName":"search_term_string"}}],"inLanguage":"fr-FR"}]}},"_links":{"self":[{"href":"https:\/\/www.newyorkhipknee.com\/fr\/wp-json\/wp\/v2\/pages\/21156","targetHints":{"allow":["GET"]}}],"collection":[{"href":"https:\/\/www.newyorkhipknee.com\/fr\/wp-json\/wp\/v2\/pages"}],"about":[{"href":"https:\/\/www.newyorkhipknee.com\/fr\/wp-json\/wp\/v2\/types\/page"}],"author":[{"embeddable":true,"href":"https:\/\/www.newyorkhipknee.com\/fr\/wp-json\/wp\/v2\/users\/33"}],"replies":[{"embeddable":true,"href":"https:\/\/www.newyorkhipknee.com\/fr\/wp-json\/wp\/v2\/comments?post=21156"}],"version-history":[{"count":0,"href":"https:\/\/www.newyorkhipknee.com\/fr\/wp-json\/wp\/v2\/pages\/21156\/revisions"}],"up":[{"embeddable":true,"href":"https:\/\/www.newyorkhipknee.com\/fr\/wp-json\/wp\/v2\/pages\/21277"}],"wp:attachment":[{"href":"https:\/\/www.newyorkhipknee.com\/fr\/wp-json\/wp\/v2\/media?parent=21156"}],"curies":[{"name":"wp","href":"https:\/\/api.w.org\/{rel}","templated":true}]}}