{"id":21158,"date":"2023-12-11T16:15:57","date_gmt":"2023-12-11T21:15:57","guid":{"rendered":"https:\/\/newyorkhipknee.com\/coude\/"},"modified":"2023-12-11T16:15:57","modified_gmt":"2023-12-11T21:15:57","slug":"coude","status":"publish","type":"page","link":"https:\/\/www.newyorkhipknee.com\/fr\/indemnisation-des-travailleurs\/lignes-directrices-pour-les-traitements-medicaux-mtg\/coude\/","title":{"rendered":"Coude"},"content":{"rendered":"<p>La commission des accidents du travail de l&rsquo;\u00c9tat de New York a \u00e9labor\u00e9 des lignes directrices pour aider les m\u00e9decins, les podologues et les professionnels de la sant\u00e9 \u00e0 fournir un traitement appropri\u00e9 pour les blessures au coude.<\/p>\n<p><strong>Objectif des lignes directrices :<\/strong> Ces lignes directrices constituent une ressource pr\u00e9cieuse pour les professionnels de la sant\u00e9, car elles fournissent des indications sur la prise de d\u00e9cision en vue d&rsquo;une prise en charge optimale des patients souffrant d&rsquo;affections de la cheville et du pied. Il est essentiel de noter que ces lignes directrices compl\u00e8tent le jugement clinique et l&rsquo;exp\u00e9rience professionnelle, la d\u00e9cision finale concernant les soins revenant au patient, en consultation avec son prestataire de soins de sant\u00e9.<\/p>\n<p><strong>Introduction aux l\u00e9sions du coude :<\/strong> Lorsque l&rsquo;on envisage des proc\u00e9dures d&rsquo;imagerie diagnostique pour les l\u00e9sions du coude, il est essentiel de reconna\u00eetre que chaque proc\u00e9dure peut fournir des informations similaires ou diff\u00e9rentes des r\u00e9sultats obtenus par d&rsquo;autres m\u00e9thodes. Pour garantir une pr\u00e9cision maximale du diagnostic, minimiser les effets n\u00e9gatifs sur les patients et promouvoir la rentabilit\u00e9 en \u00e9vitant la redondance, la s\u00e9lection des proc\u00e9dures doit \u00eatre r\u00e9fl\u00e9chie.<\/p>\n<p><strong>Choix des proc\u00e9dures de diagnostic :<\/strong> Une prise de d\u00e9cision prudente implique de s\u00e9lectionner la ou les proc\u00e9dures les plus appropri\u00e9es pour une \u00e9valuation diagnostique unique, d&rsquo;incorporer des proc\u00e9dures compl\u00e9mentaires en combinaison avec d&rsquo;autres, ou de d\u00e9terminer l&rsquo;ordre s\u00e9quentiel appropri\u00e9 pour des proc\u00e9dures multiples. Il est important de tenir compte de la sp\u00e9cificit\u00e9 et de la sensibilit\u00e9, sachant que les diff\u00e9rentes m\u00e9thodes d&rsquo;imagerie diagnostique pr\u00e9sentent ces caract\u00e9ristiques pour diff\u00e9rents diagnostics. Cependant, aucune d&rsquo;entre elles n&rsquo;est exclusive d&rsquo;un diagnostic particulier.<\/p>\n<p><strong>Base clinique de la prise de d\u00e9cision :<\/strong> Le choix de la proc\u00e9dure d&rsquo;imagerie et l&rsquo;interpr\u00e9tation des donn\u00e9es doivent \u00eatre fond\u00e9s sur les informations cliniques obtenues lors de l&rsquo;anamn\u00e8se et de l&rsquo;examen physique. Cela garantit une approche compl\u00e8te et contextuelle du diagnostic et du traitement des l\u00e9sions du coude.<\/p>\n<p>La n\u00e9cessit\u00e9 d&rsquo;une deuxi\u00e8me proc\u00e9dure de diagnostic est rendue inutile si elle sert uniquement \u00e0 des fins de diagnostic, \u00e0 condition qu&rsquo;une proc\u00e9dure de diagnostic initiale, associ\u00e9e \u00e0 des donn\u00e9es cliniques, fournisse des informations suffisantes pour un diagnostic valable. De m\u00eame, si la proc\u00e9dure initiale ou les proc\u00e9dures pr\u00e9c\u00e9dentes, combin\u00e9es aux donn\u00e9es cliniques, s&rsquo;av\u00e8rent inad\u00e9quates pour \u00e9tablir un diagnostic pr\u00e9cis, une proc\u00e9dure diagnostique ult\u00e9rieure peut \u00eatre jug\u00e9e n\u00e9cessaire, impliquant \u00e9ventuellement une r\u00e9p\u00e9tition de la proc\u00e9dure initiale.<\/p>\n<p>Le choix entre diff\u00e9rentes techniques d\u00e9pend souvent de facteurs tels que la disponibilit\u00e9 de la proc\u00e9dure, la tol\u00e9rance du patient et la comp\u00e9tence du professionnel traitant. Il est reconnu que, dans certaines circonstances, la r\u00e9p\u00e9tition des examens d&rsquo;imagerie et d&rsquo;autres tests peut \u00eatre essentielle pour suivre l&rsquo;\u00e9volution clinique et \u00e9valuer l&rsquo;efficacit\u00e9 du traitement.<\/p>\n<p>La r\u00e9p\u00e9tition des techniques de diagnostic, y compris les examens d&rsquo;imagerie, peut \u00eatre avantageuse pour r\u00e9\u00e9valuer ou stadifier la pathologie en fonction de l&rsquo;\u00e9volution des sympt\u00f4mes ou des r\u00e9sultats, en particulier avant les interventions chirurgicales, les injections th\u00e9rapeutiques et le suivi post-chirurgical du processus de cicatrisation. Il est essentiel de comprendre que les examens tomodensitom\u00e9triques r\u00e9currents contribuent \u00e0 une dose de radiation cumul\u00e9e \u00e9lev\u00e9e, accompagn\u00e9e de risques connexes. Des \u00e9tudes suppl\u00e9mentaires adapt\u00e9es \u00e0 l&rsquo;\u00e9valuation des l\u00e9sions du coude peuvent \u00eatre effectu\u00e9es en fonction du m\u00e9canisme de la l\u00e9sion, des sympt\u00f4mes et des ant\u00e9c\u00e9dents du patient.<\/p>\n<h3>Comment nous pouvons vous aider si vos blessures sont couvertes par l&rsquo;indemnisation des accidents du travail :<\/h3>\n<p>Nous disposons du savoir-faire n\u00e9cessaire pour vous aider \u00e0 r\u00e9soudre vos probl\u00e8mes d&rsquo;indemnisation des accidents du travail. Nous comprenons ce que vous vivez et nous r\u00e9pondrons \u00e0 vos besoins m\u00e9dicaux conform\u00e9ment aux directives \u00e9tablies par la commission des accidents du travail de l&rsquo;\u00c9tat de New York.<\/p>\n<p>Nous sommes conscients de l&rsquo;importance de vos dossiers d&rsquo;indemnisation des travailleurs. Laissez-nous vous guider dans la complexit\u00e9 des relations avec la compagnie d&rsquo;assurance contre les accidents du travail et avec votre employeur.<\/p>\n<p>Nous comprenons qu&rsquo;il s&rsquo;agit d&rsquo;une p\u00e9riode difficile pour vous et votre famille. Si vous souhaitez prendre rendez-vous, contactez-nous. Nous nous engageons \u00e0 rendre les choses aussi simples que possible pour vous.<\/p>\n","protected":false},"excerpt":{"rendered":"<p>La commission des accidents du travail de l&rsquo;\u00c9tat de New York a \u00e9labor\u00e9 des lignes directrices pour aider les m\u00e9decins, les podologues et les professionnels de la sant\u00e9 \u00e0 fournir un traitement appropri\u00e9 pour les blessures au coude. Objectif des lignes directrices : Ces lignes directrices constituent une ressource pr\u00e9cieuse pour les professionnels de la [&hellip;]<\/p>\n","protected":false},"author":33,"featured_media":0,"parent":21277,"menu_order":0,"comment_status":"closed","ping_status":"closed","template":"","meta":{"_et_pb_use_builder":"","_et_pb_old_content":"","_et_gb_content_width":"","footnotes":""},"class_list":["post-21158","page","type-page","status-publish","hentry"],"yoast_head":"<!-- This site is optimized with the Yoast SEO plugin v27.2 - https:\/\/yoast.com\/product\/yoast-seo-wordpress\/ -->\n<title>Coude | Best Hip &amp; Knee Surgeon | NY, USA<\/title>\n<meta name=\"description\" content=\"La commission des accidents du travail de l&#039;\u00c9tat de New York a \u00e9labor\u00e9 des lignes directrices pour aider les m\u00e9decins, les podologues et les\" \/>\n<meta name=\"robots\" content=\"index, follow, max-snippet:-1, max-image-preview:large, max-video-preview:-1\" \/>\n<link rel=\"canonical\" href=\"https:\/\/www.newyorkhipknee.com\/fr\/indemnisation-des-travailleurs\/lignes-directrices-pour-les-traitements-medicaux-mtg\/coude\/\" \/>\n<meta property=\"og:locale\" content=\"fr_FR\" \/>\n<meta property=\"og:type\" content=\"article\" \/>\n<meta property=\"og:title\" content=\"Coude | Best Hip &amp; Knee Surgeon | NY, USA\" \/>\n<meta property=\"og:description\" content=\"La commission des accidents du travail de l&#039;\u00c9tat de New York a \u00e9labor\u00e9 des lignes directrices pour aider les m\u00e9decins, les podologues et les\" \/>\n<meta property=\"og:url\" content=\"https:\/\/www.newyorkhipknee.com\/fr\/indemnisation-des-travailleurs\/lignes-directrices-pour-les-traitements-medicaux-mtg\/coude\/\" \/>\n<meta property=\"og:site_name\" content=\"Best Hip &amp; Knee Surgeon | NY, USA\" \/>\n<meta name=\"twitter:card\" content=\"summary_large_image\" \/>\n<meta name=\"twitter:label1\" content=\"Dur\u00e9e de lecture estim\u00e9e\" \/>\n\t<meta name=\"twitter:data1\" content=\"4 minutes\" \/>\n<script type=\"application\/ld+json\" class=\"yoast-schema-graph\">{\"@context\":\"https:\/\/schema.org\",\"@graph\":[{\"@type\":[\"WebPage\",\"MedicalWebPage\"],\"@id\":\"https:\/\/www.newyorkhipknee.com\/fr\/indemnisation-des-travailleurs\/lignes-directrices-pour-les-traitements-medicaux-mtg\/coude\/\",\"url\":\"https:\/\/www.newyorkhipknee.com\/fr\/indemnisation-des-travailleurs\/lignes-directrices-pour-les-traitements-medicaux-mtg\/coude\/\",\"name\":\"Coude | Best Hip &amp; Knee Surgeon | NY, USA\",\"isPartOf\":{\"@id\":\"https:\/\/www.newyorkhipknee.com\/fr\/#website\"},\"datePublished\":\"2023-12-11T21:15:57+00:00\",\"description\":\"La commission des accidents du travail de l'\u00c9tat de New York a \u00e9labor\u00e9 des lignes directrices pour aider les m\u00e9decins, les podologues et les\",\"breadcrumb\":{\"@id\":\"https:\/\/www.newyorkhipknee.com\/fr\/indemnisation-des-travailleurs\/lignes-directrices-pour-les-traitements-medicaux-mtg\/coude\/#breadcrumb\"},\"inLanguage\":\"fr-FR\",\"potentialAction\":[{\"@type\":\"ReadAction\",\"target\":[\"https:\/\/www.newyorkhipknee.com\/fr\/indemnisation-des-travailleurs\/lignes-directrices-pour-les-traitements-medicaux-mtg\/coude\/\"]}]},{\"@type\":\"BreadcrumbList\",\"@id\":\"https:\/\/www.newyorkhipknee.com\/fr\/indemnisation-des-travailleurs\/lignes-directrices-pour-les-traitements-medicaux-mtg\/coude\/#breadcrumb\",\"itemListElement\":[{\"@type\":\"ListItem\",\"position\":1,\"name\":\"Home\",\"item\":\"https:\/\/www.newyorkhipknee.com\/fr\/\"},{\"@type\":\"ListItem\",\"position\":2,\"name\":\"Indemnisation des travailleurs\",\"item\":\"https:\/\/www.newyorkhipknee.com\/fr\/indemnisation-des-travailleurs\/\"},{\"@type\":\"ListItem\",\"position\":3,\"name\":\"Lignes directrices pour les traitements m\u00e9dicaux (MTG)\",\"item\":\"https:\/\/www.newyorkhipknee.com\/fr\/indemnisation-des-travailleurs\/lignes-directrices-pour-les-traitements-medicaux-mtg\/\"},{\"@type\":\"ListItem\",\"position\":4,\"name\":\"Coude\"}]},{\"@type\":\"WebSite\",\"@id\":\"https:\/\/www.newyorkhipknee.com\/fr\/#website\",\"url\":\"https:\/\/www.newyorkhipknee.com\/fr\/\",\"name\":\"Best Hip & Knee Surgeon | NY, USA\",\"description\":\"\",\"potentialAction\":[{\"@type\":\"SearchAction\",\"target\":{\"@type\":\"EntryPoint\",\"urlTemplate\":\"https:\/\/www.newyorkhipknee.com\/fr\/?s={search_term_string}\"},\"query-input\":{\"@type\":\"PropertyValueSpecification\",\"valueRequired\":true,\"valueName\":\"search_term_string\"}}],\"inLanguage\":\"fr-FR\"}]}<\/script>\n<!-- \/ Yoast SEO plugin. -->","yoast_head_json":{"title":"Coude | Best Hip &amp; Knee Surgeon | NY, USA","description":"La commission des accidents du travail de l'\u00c9tat de New York a \u00e9labor\u00e9 des lignes directrices pour aider les m\u00e9decins, les podologues et les","robots":{"index":"index","follow":"follow","max-snippet":"max-snippet:-1","max-image-preview":"max-image-preview:large","max-video-preview":"max-video-preview:-1"},"canonical":"https:\/\/www.newyorkhipknee.com\/fr\/indemnisation-des-travailleurs\/lignes-directrices-pour-les-traitements-medicaux-mtg\/coude\/","og_locale":"fr_FR","og_type":"article","og_title":"Coude | Best Hip &amp; Knee Surgeon | NY, USA","og_description":"La commission des accidents du travail de l'\u00c9tat de New York a \u00e9labor\u00e9 des lignes directrices pour aider les m\u00e9decins, les podologues et les","og_url":"https:\/\/www.newyorkhipknee.com\/fr\/indemnisation-des-travailleurs\/lignes-directrices-pour-les-traitements-medicaux-mtg\/coude\/","og_site_name":"Best Hip &amp; Knee Surgeon | NY, USA","twitter_card":"summary_large_image","twitter_misc":{"Dur\u00e9e de lecture estim\u00e9e":"4 minutes"},"schema":{"@context":"https:\/\/schema.org","@graph":[{"@type":["WebPage","MedicalWebPage"],"@id":"https:\/\/www.newyorkhipknee.com\/fr\/indemnisation-des-travailleurs\/lignes-directrices-pour-les-traitements-medicaux-mtg\/coude\/","url":"https:\/\/www.newyorkhipknee.com\/fr\/indemnisation-des-travailleurs\/lignes-directrices-pour-les-traitements-medicaux-mtg\/coude\/","name":"Coude | Best Hip &amp; Knee Surgeon | NY, USA","isPartOf":{"@id":"https:\/\/www.newyorkhipknee.com\/fr\/#website"},"datePublished":"2023-12-11T21:15:57+00:00","description":"La commission des accidents du travail de l'\u00c9tat de New York a \u00e9labor\u00e9 des lignes directrices pour aider les m\u00e9decins, les podologues et les","breadcrumb":{"@id":"https:\/\/www.newyorkhipknee.com\/fr\/indemnisation-des-travailleurs\/lignes-directrices-pour-les-traitements-medicaux-mtg\/coude\/#breadcrumb"},"inLanguage":"fr-FR","potentialAction":[{"@type":"ReadAction","target":["https:\/\/www.newyorkhipknee.com\/fr\/indemnisation-des-travailleurs\/lignes-directrices-pour-les-traitements-medicaux-mtg\/coude\/"]}]},{"@type":"BreadcrumbList","@id":"https:\/\/www.newyorkhipknee.com\/fr\/indemnisation-des-travailleurs\/lignes-directrices-pour-les-traitements-medicaux-mtg\/coude\/#breadcrumb","itemListElement":[{"@type":"ListItem","position":1,"name":"Home","item":"https:\/\/www.newyorkhipknee.com\/fr\/"},{"@type":"ListItem","position":2,"name":"Indemnisation des travailleurs","item":"https:\/\/www.newyorkhipknee.com\/fr\/indemnisation-des-travailleurs\/"},{"@type":"ListItem","position":3,"name":"Lignes directrices pour les traitements m\u00e9dicaux (MTG)","item":"https:\/\/www.newyorkhipknee.com\/fr\/indemnisation-des-travailleurs\/lignes-directrices-pour-les-traitements-medicaux-mtg\/"},{"@type":"ListItem","position":4,"name":"Coude"}]},{"@type":"WebSite","@id":"https:\/\/www.newyorkhipknee.com\/fr\/#website","url":"https:\/\/www.newyorkhipknee.com\/fr\/","name":"Best Hip & Knee Surgeon | NY, USA","description":"","potentialAction":[{"@type":"SearchAction","target":{"@type":"EntryPoint","urlTemplate":"https:\/\/www.newyorkhipknee.com\/fr\/?s={search_term_string}"},"query-input":{"@type":"PropertyValueSpecification","valueRequired":true,"valueName":"search_term_string"}}],"inLanguage":"fr-FR"}]}},"_links":{"self":[{"href":"https:\/\/www.newyorkhipknee.com\/fr\/wp-json\/wp\/v2\/pages\/21158","targetHints":{"allow":["GET"]}}],"collection":[{"href":"https:\/\/www.newyorkhipknee.com\/fr\/wp-json\/wp\/v2\/pages"}],"about":[{"href":"https:\/\/www.newyorkhipknee.com\/fr\/wp-json\/wp\/v2\/types\/page"}],"author":[{"embeddable":true,"href":"https:\/\/www.newyorkhipknee.com\/fr\/wp-json\/wp\/v2\/users\/33"}],"replies":[{"embeddable":true,"href":"https:\/\/www.newyorkhipknee.com\/fr\/wp-json\/wp\/v2\/comments?post=21158"}],"version-history":[{"count":0,"href":"https:\/\/www.newyorkhipknee.com\/fr\/wp-json\/wp\/v2\/pages\/21158\/revisions"}],"up":[{"embeddable":true,"href":"https:\/\/www.newyorkhipknee.com\/fr\/wp-json\/wp\/v2\/pages\/21277"}],"wp:attachment":[{"href":"https:\/\/www.newyorkhipknee.com\/fr\/wp-json\/wp\/v2\/media?parent=21158"}],"curies":[{"name":"wp","href":"https:\/\/api.w.org\/{rel}","templated":true}]}}