{"id":21163,"date":"2023-12-22T14:05:13","date_gmt":"2023-12-22T19:05:13","guid":{"rendered":"https:\/\/newyorkhipknee.com\/syndrome-de-stress-post-traumatique-et-syndrome-de-stress-aigu\/"},"modified":"2023-12-22T14:05:13","modified_gmt":"2023-12-22T19:05:13","slug":"syndrome-de-stress-post-traumatique-et-syndrome-de-stress-aigu","status":"publish","type":"page","link":"https:\/\/www.newyorkhipknee.com\/fr\/indemnisation-des-travailleurs\/lignes-directrices-pour-les-traitements-medicaux-mtg\/syndrome-de-stress-post-traumatique-et-syndrome-de-stress-aigu\/","title":{"rendered":"Syndrome de stress post-traumatique et syndrome de stress aigu"},"content":{"rendered":"<p>Le syndrome de stress post-traumatique (SSPT) et le syndrome de stress aigu (SSA) sont des troubles psychologiques qui peuvent affecter les personnes qui ont v\u00e9cu ou \u00e9t\u00e9 t\u00e9moins d&rsquo;un incident p\u00e9nible ou terrifiant.<\/p>\n<p>Les types courants de traumatismes li\u00e9s au SSPT et aux TSA comprennent les blessures graves, r\u00e9elles ou potentielles, les situations mettant la vie en danger, les agressions physiques ou sexuelles, ou d&rsquo;autres \u00e9v\u00e9nements sociaux ou naturels extr\u00eames. Le diagnostic de TSPT et de TSA n\u00e9cessite une exposition \u00e0 un traumatisme important, comme le souligne le DSM-5. L&rsquo;\u00e9tat de stress aigu est identifi\u00e9 lorsque les sympt\u00f4mes persistent pendant 3 \u00e0 30 jours apr\u00e8s un \u00e9v\u00e9nement traumatique, tandis qu&rsquo;un diagnostic de SSPT est envisag\u00e9 si les sympt\u00f4mes persistent ou surviennent au-del\u00e0 de la p\u00e9riode de 30 jours.<\/p>\n<p>Le SSPT se manifeste par divers sympt\u00f4mes et, bien que ces signes soient fr\u00e9quents, le diagnostic proprement dit du SSPT est relativement rare. Les sympt\u00f4mes comprennent la reviviscence ou les flashbacks de l&rsquo;\u00e9v\u00e9nement, les souvenirs importuns et intrusifs, les cauchemars, les pens\u00e9es effrayantes, l&rsquo;\u00e9vitement des lieux rappelant l&rsquo;\u00e9v\u00e9nement traumatique et l&rsquo;agitation. Les individus peuvent \u00e9galement pr\u00e9senter une excitation accrue, une hypervigilance, une tension, un stress, des difficult\u00e9s \u00e0 dormir, des probl\u00e8mes de gestion de la col\u00e8re, des pens\u00e9es n\u00e9gatives sur eux-m\u00eames ou sur le monde, des sentiments d\u00e9form\u00e9s tels que la culpabilit\u00e9 ou le bl\u00e2me, des difficult\u00e9s \u00e0 se souvenir des aspects essentiels de l&rsquo;\u00e9v\u00e9nement traumatique, une perte d&rsquo;int\u00e9r\u00eat pour les activit\u00e9s agr\u00e9ables et un sentiment d&rsquo;ali\u00e9nation ou de d\u00e9tachement par rapport aux amis et \u00e0 la famille.<\/p>\n","protected":false},"excerpt":{"rendered":"<p>Le syndrome de stress post-traumatique (SSPT) et le syndrome de stress aigu (SSA) sont des troubles psychologiques qui peuvent affecter les personnes qui ont v\u00e9cu ou \u00e9t\u00e9 t\u00e9moins d&rsquo;un incident p\u00e9nible ou terrifiant. Les types courants de traumatismes li\u00e9s au SSPT et aux TSA comprennent les blessures graves, r\u00e9elles ou potentielles, les situations mettant la [&hellip;]<\/p>\n","protected":false},"author":33,"featured_media":0,"parent":21277,"menu_order":0,"comment_status":"closed","ping_status":"closed","template":"","meta":{"_et_pb_use_builder":"","_et_pb_old_content":"","_et_gb_content_width":"","footnotes":""},"class_list":["post-21163","page","type-page","status-publish","hentry"],"yoast_head":"<!-- This site is optimized with the Yoast SEO plugin v27.2 - https:\/\/yoast.com\/product\/yoast-seo-wordpress\/ -->\n<title>Syndrome de stress post-traumatique et syndrome de stress aigu | Best Hip &amp; Knee Surgeon | NY, USA<\/title>\n<meta name=\"description\" content=\"Le syndrome de stress post-traumatique (SSPT) et le syndrome de stress aigu (SSA) sont des troubles psychologiques qui peuvent affecter les personnes qui\" \/>\n<meta name=\"robots\" content=\"index, follow, max-snippet:-1, max-image-preview:large, max-video-preview:-1\" \/>\n<link rel=\"canonical\" href=\"https:\/\/www.newyorkhipknee.com\/fr\/indemnisation-des-travailleurs\/lignes-directrices-pour-les-traitements-medicaux-mtg\/syndrome-de-stress-post-traumatique-et-syndrome-de-stress-aigu\/\" \/>\n<meta property=\"og:locale\" content=\"fr_FR\" \/>\n<meta property=\"og:type\" content=\"article\" \/>\n<meta property=\"og:title\" content=\"Syndrome de stress post-traumatique et syndrome de stress aigu | Best Hip &amp; Knee Surgeon | NY, USA\" \/>\n<meta property=\"og:description\" content=\"Le syndrome de stress post-traumatique (SSPT) et le syndrome de stress aigu (SSA) sont des troubles psychologiques qui peuvent affecter les personnes qui\" \/>\n<meta property=\"og:url\" content=\"https:\/\/www.newyorkhipknee.com\/fr\/indemnisation-des-travailleurs\/lignes-directrices-pour-les-traitements-medicaux-mtg\/syndrome-de-stress-post-traumatique-et-syndrome-de-stress-aigu\/\" \/>\n<meta property=\"og:site_name\" content=\"Best Hip &amp; Knee Surgeon | NY, USA\" \/>\n<meta name=\"twitter:card\" content=\"summary_large_image\" \/>\n<meta name=\"twitter:label1\" content=\"Dur\u00e9e de lecture estim\u00e9e\" \/>\n\t<meta name=\"twitter:data1\" content=\"1 minute\" \/>\n<script type=\"application\/ld+json\" class=\"yoast-schema-graph\">{\"@context\":\"https:\/\/schema.org\",\"@graph\":[{\"@type\":[\"WebPage\",\"MedicalWebPage\"],\"@id\":\"https:\/\/www.newyorkhipknee.com\/fr\/indemnisation-des-travailleurs\/lignes-directrices-pour-les-traitements-medicaux-mtg\/syndrome-de-stress-post-traumatique-et-syndrome-de-stress-aigu\/\",\"url\":\"https:\/\/www.newyorkhipknee.com\/fr\/indemnisation-des-travailleurs\/lignes-directrices-pour-les-traitements-medicaux-mtg\/syndrome-de-stress-post-traumatique-et-syndrome-de-stress-aigu\/\",\"name\":\"Syndrome de stress post-traumatique et syndrome de stress aigu | Best Hip &amp; Knee Surgeon | NY, USA\",\"isPartOf\":{\"@id\":\"https:\/\/www.newyorkhipknee.com\/fr\/#website\"},\"datePublished\":\"2023-12-22T19:05:13+00:00\",\"description\":\"Le syndrome de stress post-traumatique (SSPT) et le syndrome de stress aigu (SSA) sont des troubles psychologiques qui peuvent affecter les personnes qui\",\"breadcrumb\":{\"@id\":\"https:\/\/www.newyorkhipknee.com\/fr\/indemnisation-des-travailleurs\/lignes-directrices-pour-les-traitements-medicaux-mtg\/syndrome-de-stress-post-traumatique-et-syndrome-de-stress-aigu\/#breadcrumb\"},\"inLanguage\":\"fr-FR\",\"potentialAction\":[{\"@type\":\"ReadAction\",\"target\":[\"https:\/\/www.newyorkhipknee.com\/fr\/indemnisation-des-travailleurs\/lignes-directrices-pour-les-traitements-medicaux-mtg\/syndrome-de-stress-post-traumatique-et-syndrome-de-stress-aigu\/\"]}]},{\"@type\":\"BreadcrumbList\",\"@id\":\"https:\/\/www.newyorkhipknee.com\/fr\/indemnisation-des-travailleurs\/lignes-directrices-pour-les-traitements-medicaux-mtg\/syndrome-de-stress-post-traumatique-et-syndrome-de-stress-aigu\/#breadcrumb\",\"itemListElement\":[{\"@type\":\"ListItem\",\"position\":1,\"name\":\"Home\",\"item\":\"https:\/\/www.newyorkhipknee.com\/fr\/\"},{\"@type\":\"ListItem\",\"position\":2,\"name\":\"Indemnisation des travailleurs\",\"item\":\"https:\/\/www.newyorkhipknee.com\/fr\/indemnisation-des-travailleurs\/\"},{\"@type\":\"ListItem\",\"position\":3,\"name\":\"Lignes directrices pour les traitements m\u00e9dicaux (MTG)\",\"item\":\"https:\/\/www.newyorkhipknee.com\/fr\/indemnisation-des-travailleurs\/lignes-directrices-pour-les-traitements-medicaux-mtg\/\"},{\"@type\":\"ListItem\",\"position\":4,\"name\":\"Syndrome de stress post-traumatique et syndrome de stress aigu\"}]},{\"@type\":\"WebSite\",\"@id\":\"https:\/\/www.newyorkhipknee.com\/fr\/#website\",\"url\":\"https:\/\/www.newyorkhipknee.com\/fr\/\",\"name\":\"Best Hip & Knee Surgeon | NY, USA\",\"description\":\"\",\"potentialAction\":[{\"@type\":\"SearchAction\",\"target\":{\"@type\":\"EntryPoint\",\"urlTemplate\":\"https:\/\/www.newyorkhipknee.com\/fr\/?s={search_term_string}\"},\"query-input\":{\"@type\":\"PropertyValueSpecification\",\"valueRequired\":true,\"valueName\":\"search_term_string\"}}],\"inLanguage\":\"fr-FR\"}]}<\/script>\n<!-- \/ Yoast SEO plugin. -->","yoast_head_json":{"title":"Syndrome de stress post-traumatique et syndrome de stress aigu | Best Hip &amp; Knee Surgeon | NY, USA","description":"Le syndrome de stress post-traumatique (SSPT) et le syndrome de stress aigu (SSA) sont des troubles psychologiques qui peuvent affecter les personnes qui","robots":{"index":"index","follow":"follow","max-snippet":"max-snippet:-1","max-image-preview":"max-image-preview:large","max-video-preview":"max-video-preview:-1"},"canonical":"https:\/\/www.newyorkhipknee.com\/fr\/indemnisation-des-travailleurs\/lignes-directrices-pour-les-traitements-medicaux-mtg\/syndrome-de-stress-post-traumatique-et-syndrome-de-stress-aigu\/","og_locale":"fr_FR","og_type":"article","og_title":"Syndrome de stress post-traumatique et syndrome de stress aigu | Best Hip &amp; Knee Surgeon | NY, USA","og_description":"Le syndrome de stress post-traumatique (SSPT) et le syndrome de stress aigu (SSA) sont des troubles psychologiques qui peuvent affecter les personnes qui","og_url":"https:\/\/www.newyorkhipknee.com\/fr\/indemnisation-des-travailleurs\/lignes-directrices-pour-les-traitements-medicaux-mtg\/syndrome-de-stress-post-traumatique-et-syndrome-de-stress-aigu\/","og_site_name":"Best Hip &amp; Knee Surgeon | NY, USA","twitter_card":"summary_large_image","twitter_misc":{"Dur\u00e9e de lecture estim\u00e9e":"1 minute"},"schema":{"@context":"https:\/\/schema.org","@graph":[{"@type":["WebPage","MedicalWebPage"],"@id":"https:\/\/www.newyorkhipknee.com\/fr\/indemnisation-des-travailleurs\/lignes-directrices-pour-les-traitements-medicaux-mtg\/syndrome-de-stress-post-traumatique-et-syndrome-de-stress-aigu\/","url":"https:\/\/www.newyorkhipknee.com\/fr\/indemnisation-des-travailleurs\/lignes-directrices-pour-les-traitements-medicaux-mtg\/syndrome-de-stress-post-traumatique-et-syndrome-de-stress-aigu\/","name":"Syndrome de stress post-traumatique et syndrome de stress aigu | Best Hip &amp; Knee Surgeon | NY, USA","isPartOf":{"@id":"https:\/\/www.newyorkhipknee.com\/fr\/#website"},"datePublished":"2023-12-22T19:05:13+00:00","description":"Le syndrome de stress post-traumatique (SSPT) et le syndrome de stress aigu (SSA) sont des troubles psychologiques qui peuvent affecter les personnes qui","breadcrumb":{"@id":"https:\/\/www.newyorkhipknee.com\/fr\/indemnisation-des-travailleurs\/lignes-directrices-pour-les-traitements-medicaux-mtg\/syndrome-de-stress-post-traumatique-et-syndrome-de-stress-aigu\/#breadcrumb"},"inLanguage":"fr-FR","potentialAction":[{"@type":"ReadAction","target":["https:\/\/www.newyorkhipknee.com\/fr\/indemnisation-des-travailleurs\/lignes-directrices-pour-les-traitements-medicaux-mtg\/syndrome-de-stress-post-traumatique-et-syndrome-de-stress-aigu\/"]}]},{"@type":"BreadcrumbList","@id":"https:\/\/www.newyorkhipknee.com\/fr\/indemnisation-des-travailleurs\/lignes-directrices-pour-les-traitements-medicaux-mtg\/syndrome-de-stress-post-traumatique-et-syndrome-de-stress-aigu\/#breadcrumb","itemListElement":[{"@type":"ListItem","position":1,"name":"Home","item":"https:\/\/www.newyorkhipknee.com\/fr\/"},{"@type":"ListItem","position":2,"name":"Indemnisation des travailleurs","item":"https:\/\/www.newyorkhipknee.com\/fr\/indemnisation-des-travailleurs\/"},{"@type":"ListItem","position":3,"name":"Lignes directrices pour les traitements m\u00e9dicaux (MTG)","item":"https:\/\/www.newyorkhipknee.com\/fr\/indemnisation-des-travailleurs\/lignes-directrices-pour-les-traitements-medicaux-mtg\/"},{"@type":"ListItem","position":4,"name":"Syndrome de stress post-traumatique et syndrome de stress aigu"}]},{"@type":"WebSite","@id":"https:\/\/www.newyorkhipknee.com\/fr\/#website","url":"https:\/\/www.newyorkhipknee.com\/fr\/","name":"Best Hip & Knee Surgeon | NY, USA","description":"","potentialAction":[{"@type":"SearchAction","target":{"@type":"EntryPoint","urlTemplate":"https:\/\/www.newyorkhipknee.com\/fr\/?s={search_term_string}"},"query-input":{"@type":"PropertyValueSpecification","valueRequired":true,"valueName":"search_term_string"}}],"inLanguage":"fr-FR"}]}},"_links":{"self":[{"href":"https:\/\/www.newyorkhipknee.com\/fr\/wp-json\/wp\/v2\/pages\/21163","targetHints":{"allow":["GET"]}}],"collection":[{"href":"https:\/\/www.newyorkhipknee.com\/fr\/wp-json\/wp\/v2\/pages"}],"about":[{"href":"https:\/\/www.newyorkhipknee.com\/fr\/wp-json\/wp\/v2\/types\/page"}],"author":[{"embeddable":true,"href":"https:\/\/www.newyorkhipknee.com\/fr\/wp-json\/wp\/v2\/users\/33"}],"replies":[{"embeddable":true,"href":"https:\/\/www.newyorkhipknee.com\/fr\/wp-json\/wp\/v2\/comments?post=21163"}],"version-history":[{"count":0,"href":"https:\/\/www.newyorkhipknee.com\/fr\/wp-json\/wp\/v2\/pages\/21163\/revisions"}],"up":[{"embeddable":true,"href":"https:\/\/www.newyorkhipknee.com\/fr\/wp-json\/wp\/v2\/pages\/21277"}],"wp:attachment":[{"href":"https:\/\/www.newyorkhipknee.com\/fr\/wp-json\/wp\/v2\/media?parent=21163"}],"curies":[{"name":"wp","href":"https:\/\/api.w.org\/{rel}","templated":true}]}}