{"id":21169,"date":"2023-12-13T13:19:42","date_gmt":"2023-12-13T18:19:42","guid":{"rendered":"https:\/\/newyorkhipknee.com\/coude\/tomographie-assistee-par-ordinateur\/"},"modified":"2023-12-13T13:19:42","modified_gmt":"2023-12-13T18:19:42","slug":"tomographie-assistee-par-ordinateur","status":"publish","type":"page","link":"https:\/\/www.newyorkhipknee.com\/fr\/indemnisation-des-travailleurs\/lignes-directrices-pour-les-traitements-medicaux-mtg\/coude\/tomographie-assistee-par-ordinateur\/","title":{"rendered":"Tomographie assist\u00e9e par ordinateur"},"content":{"rendered":"<p>La commission des accidents du travail de l&rsquo;\u00c9tat de New York a formul\u00e9 des lignes directrices pour aider les m\u00e9decins, les podologues et les professionnels de la sant\u00e9 \u00e0 fournir un traitement ad\u00e9quat li\u00e9 \u00e0 la tomographie assist\u00e9e par ordinateur.<\/p>\n<p>Ces lignes directrices constituent une ressource pr\u00e9cieuse pour les professionnels de la sant\u00e9 lorsqu&rsquo;il s&rsquo;agit de d\u00e9terminer le niveau de soins le plus appropri\u00e9 pour les patients souffrant de troubles de la cheville et du pied.<\/p>\n<p>Il est important de noter que ces lignes directrices ne visent pas \u00e0 remplacer le jugement clinique ou l&rsquo;expertise professionnelle. La d\u00e9cision finale concernant les soins du patient doit \u00eatre prise en collaboration par le patient et son prestataire de soins.<\/p>\n<p>&nbsp;<\/p>\n<h2>Tomographie assist\u00e9e par ordinateur<\/h2>\n<p>M\u00eame si l&rsquo;IRM est excellente pour d\u00e9tecter les probl\u00e8mes de tissus mous, la tomographie assist\u00e9e par ordinateur reste un outil d&rsquo;imagerie essentiel, en particulier pour l&rsquo;examen de la structure osseuse. Lorsqu&rsquo;il est essentiel d&rsquo;examiner en d\u00e9tail les os de l&rsquo;articulation du coude, la tomodensitom\u00e9trie peut s&rsquo;av\u00e9rer utile.<\/p>\n<p>Dans les cas de luxations graves ou de luxations r\u00e9p\u00e9t\u00e9es li\u00e9es \u00e0 une arthroplastie, la tomodensitom\u00e9trie peut \u00eatre utile pour \u00e9valuer la n\u00e9crose avasculaire. Les personnes qui ne peuvent pas passer d&rsquo;IRM, souvent en raison de contre-indications telles que l&rsquo;implantation d&rsquo;un \u00e9quipement m\u00e9tallique ferreux, peuvent b\u00e9n\u00e9ficier d&rsquo;une tomodensitom\u00e9trie.<\/p>\n<p>&nbsp;<\/p>\n<h2>CT de routine pour l&rsquo;\u00e9valuation des douleurs aigu\u00ebs, subaigu\u00ebs et chroniques du coude<\/h2>\n<p>Il n&rsquo;est pas conseill\u00e9 d&rsquo;utiliser les examens tomodensitom\u00e9triques de routine pour d\u00e9terminer si la douleur au coude est aigu\u00eb, subaigu\u00eb ou chronique.<\/p>\n<p>&nbsp;<\/p>\n<h2>La tomodensitom\u00e9trie pour l&rsquo;\u00e9valuation des patients atteints d&rsquo;ost\u00e9on\u00e9crose (AVN)<\/h2>\n<p>La tomodensitom\u00e9trie est recommand\u00e9e pour \u00e9valuer les patients atteints d&rsquo;ost\u00e9on\u00e9crose (AVN). Ceci est particuli\u00e8rement utile dans les cas d&rsquo;ost\u00e9on\u00e9crose suite \u00e0 des luxations s\u00e9v\u00e8res ou r\u00e9p\u00e9t\u00e9es dues \u00e0 une arthroplastie, ou pour les patients qui ont besoin d&rsquo;une imagerie avanc\u00e9e mais qui ne peuvent pas passer d&rsquo;IRM.<\/p>\n<p>Les indications de ces tomodensitom\u00e9tries comprennent les patients atteints d&rsquo;ost\u00e9on\u00e9crose du coude pr\u00e9sentant un m\u00e9tabolisme osseux polyostotique \u00e9lev\u00e9 et une suspicion de fracture(s) sous-chondrale(s). Cette recommandation s&rsquo;applique tout particuli\u00e8rement en cas de contre-indication \u00e0 l&rsquo;IRM, qui est g\u00e9n\u00e9ralement la m\u00e9thode d&rsquo;imagerie pr\u00e9f\u00e9r\u00e9e.<\/p>\n<p>En outre, la tomodensitom\u00e9trie est conseill\u00e9e pour les patients souffrant de luxations traumatiques du coude, en particulier ceux qui pr\u00e9sentent des fragments de fractures capitulaires ou trochl\u00e9ennes.<\/p>\n<p>&nbsp;<\/p>\n<h2>CT h\u00e9lico\u00efdal pour s\u00e9lectionner les douleurs aigu\u00ebs, subaigu\u00ebs ou chroniques du coude<\/h2>\n<p>La tomodensitom\u00e9trie h\u00e9lico\u00efdale est recommand\u00e9e dans les cas sp\u00e9cifiques de douleurs aigu\u00ebs, subaigu\u00ebs ou chroniques du coude, lorsque l&rsquo;imagerie am\u00e9lior\u00e9e des structures osseuses est jug\u00e9e potentiellement b\u00e9n\u00e9fique. Cette recommandation s&rsquo;applique aux patients qui ont besoin d&rsquo;une imagerie avanc\u00e9e mais dont l&rsquo;\u00e9tat de sant\u00e9 ne leur permet pas de passer une IRM.<\/p>\n<p>Les indications de ces scanners comprennent les personnes souffrant d&rsquo;une g\u00eane aigu\u00eb, subaigu\u00eb ou chronique au niveau du coude et n\u00e9cessitant une imagerie avanc\u00e9e des structures osseuses. Cette recommandation est particuli\u00e8rement pertinente pour les patients qui ont besoin d&rsquo;une imagerie sophistiqu\u00e9e mais qui ne peuvent pas passer d&rsquo;IRM, peut-\u00eatre en raison de facteurs tels que le mat\u00e9riel implant\u00e9.<\/p>\n<p>Ces recommandations se justifient par la pr\u00e9f\u00e9rence accord\u00e9e \u00e0 la tomographie informatis\u00e9e plut\u00f4t qu&rsquo;\u00e0 l&rsquo;IRM lorsqu&rsquo;une imagerie avanc\u00e9e des structures calcifi\u00e9es est n\u00e9cessaire au niveau du coude. La tomodensitom\u00e9trie h\u00e9lico\u00efdale est consid\u00e9r\u00e9e comme plus efficace que l&rsquo;IRM pour \u00e9valuer les fractures sous-chondrales, bien qu&rsquo;il n&rsquo;y ait pas encore de recherches concluantes \u00e0 l&rsquo;appui de cette affirmation.<\/p>\n<p>&nbsp;<\/p>\n<h2>Ce que notre cabinet peut faire si vous \u00eates victime d&rsquo;un accident du travail<\/h2>\n<p>Nous disposons du savoir-faire n\u00e9cessaire pour vous aider \u00e0 r\u00e9soudre vos probl\u00e8mes d&rsquo;indemnisation des accidents du travail. Nous comprenons les d\u00e9fis auxquels vous \u00eates confront\u00e9s et nous nous engageons \u00e0 r\u00e9pondre \u00e0 vos besoins m\u00e9dicaux tout en respectant les directives \u00e9tablies par la commission des accidents du travail de l&rsquo;\u00c9tat de New York.<\/p>\n<p>Conscients de l&rsquo;importance de vos dossiers d&rsquo;indemnisation des accidents du travail, nous vous guidons \u00e0 travers la complexit\u00e9 des relations avec la compagnie d&rsquo;assurance des accidents du travail et votre employeur.<\/p>\n<p>Nous comprenons qu&rsquo;il s&rsquo;agit d&rsquo;une p\u00e9riode difficile pour vous et votre famille. Si vous souhaitez prendre rendez-vous, n&rsquo;h\u00e9sitez pas \u00e0 nous contacter. Nous ferons tout notre possible pour que le processus soit le plus simple et le moins stressant possible pour vous.<\/p>\n","protected":false},"excerpt":{"rendered":"<p>La commission des accidents du travail de l&rsquo;\u00c9tat de New York a formul\u00e9 des lignes directrices pour aider les m\u00e9decins, les podologues et les professionnels de la sant\u00e9 \u00e0 fournir un traitement ad\u00e9quat li\u00e9 \u00e0 la tomographie assist\u00e9e par ordinateur. Ces lignes directrices constituent une ressource pr\u00e9cieuse pour les professionnels de la sant\u00e9 lorsqu&rsquo;il s&rsquo;agit [&hellip;]<\/p>\n","protected":false},"author":33,"featured_media":0,"parent":21158,"menu_order":0,"comment_status":"closed","ping_status":"closed","template":"","meta":{"_et_pb_use_builder":"","_et_pb_old_content":"","_et_gb_content_width":"","footnotes":""},"class_list":["post-21169","page","type-page","status-publish","hentry"],"yoast_head":"<!-- This site is optimized with the Yoast SEO plugin v27.2 - https:\/\/yoast.com\/product\/yoast-seo-wordpress\/ -->\n<title>Tomographie assist\u00e9e par ordinateur | Best Hip &amp; Knee Surgeon | NY, USA<\/title>\n<meta name=\"description\" content=\"La commission des accidents du travail de l&#039;\u00c9tat de New York a formul\u00e9 des lignes directrices pour aider les m\u00e9decins, les podologues et les\" \/>\n<meta name=\"robots\" content=\"index, follow, max-snippet:-1, max-image-preview:large, max-video-preview:-1\" \/>\n<link rel=\"canonical\" href=\"https:\/\/www.newyorkhipknee.com\/fr\/indemnisation-des-travailleurs\/lignes-directrices-pour-les-traitements-medicaux-mtg\/coude\/tomographie-assistee-par-ordinateur\/\" \/>\n<meta property=\"og:locale\" content=\"fr_FR\" \/>\n<meta property=\"og:type\" content=\"article\" \/>\n<meta property=\"og:title\" content=\"Tomographie assist\u00e9e par ordinateur | Best Hip &amp; Knee Surgeon | NY, USA\" \/>\n<meta property=\"og:description\" content=\"La commission des accidents du travail de l&#039;\u00c9tat de New York a formul\u00e9 des lignes directrices pour aider les m\u00e9decins, les podologues et les\" \/>\n<meta property=\"og:url\" content=\"https:\/\/www.newyorkhipknee.com\/fr\/indemnisation-des-travailleurs\/lignes-directrices-pour-les-traitements-medicaux-mtg\/coude\/tomographie-assistee-par-ordinateur\/\" \/>\n<meta property=\"og:site_name\" content=\"Best Hip &amp; Knee Surgeon | NY, USA\" \/>\n<meta name=\"twitter:card\" content=\"summary_large_image\" \/>\n<meta name=\"twitter:label1\" content=\"Dur\u00e9e de lecture estim\u00e9e\" \/>\n\t<meta name=\"twitter:data1\" content=\"4 minutes\" \/>\n<script type=\"application\/ld+json\" class=\"yoast-schema-graph\">{\"@context\":\"https:\/\/schema.org\",\"@graph\":[{\"@type\":[\"WebPage\",\"MedicalWebPage\"],\"@id\":\"https:\/\/www.newyorkhipknee.com\/fr\/indemnisation-des-travailleurs\/lignes-directrices-pour-les-traitements-medicaux-mtg\/coude\/tomographie-assistee-par-ordinateur\/\",\"url\":\"https:\/\/www.newyorkhipknee.com\/fr\/indemnisation-des-travailleurs\/lignes-directrices-pour-les-traitements-medicaux-mtg\/coude\/tomographie-assistee-par-ordinateur\/\",\"name\":\"Tomographie assist\u00e9e par ordinateur | Best Hip &amp; Knee Surgeon | NY, USA\",\"isPartOf\":{\"@id\":\"https:\/\/www.newyorkhipknee.com\/fr\/#website\"},\"datePublished\":\"2023-12-13T18:19:42+00:00\",\"description\":\"La commission des accidents du travail de l'\u00c9tat de New York a formul\u00e9 des lignes directrices pour aider les m\u00e9decins, les podologues et les\",\"breadcrumb\":{\"@id\":\"https:\/\/www.newyorkhipknee.com\/fr\/indemnisation-des-travailleurs\/lignes-directrices-pour-les-traitements-medicaux-mtg\/coude\/tomographie-assistee-par-ordinateur\/#breadcrumb\"},\"inLanguage\":\"fr-FR\",\"potentialAction\":[{\"@type\":\"ReadAction\",\"target\":[\"https:\/\/www.newyorkhipknee.com\/fr\/indemnisation-des-travailleurs\/lignes-directrices-pour-les-traitements-medicaux-mtg\/coude\/tomographie-assistee-par-ordinateur\/\"]}]},{\"@type\":\"BreadcrumbList\",\"@id\":\"https:\/\/www.newyorkhipknee.com\/fr\/indemnisation-des-travailleurs\/lignes-directrices-pour-les-traitements-medicaux-mtg\/coude\/tomographie-assistee-par-ordinateur\/#breadcrumb\",\"itemListElement\":[{\"@type\":\"ListItem\",\"position\":1,\"name\":\"Home\",\"item\":\"https:\/\/www.newyorkhipknee.com\/fr\/\"},{\"@type\":\"ListItem\",\"position\":2,\"name\":\"Indemnisation des travailleurs\",\"item\":\"https:\/\/www.newyorkhipknee.com\/fr\/indemnisation-des-travailleurs\/\"},{\"@type\":\"ListItem\",\"position\":3,\"name\":\"Lignes directrices pour les traitements m\u00e9dicaux (MTG)\",\"item\":\"https:\/\/www.newyorkhipknee.com\/fr\/indemnisation-des-travailleurs\/lignes-directrices-pour-les-traitements-medicaux-mtg\/\"},{\"@type\":\"ListItem\",\"position\":4,\"name\":\"Coude\",\"item\":\"https:\/\/www.newyorkhipknee.com\/fr\/indemnisation-des-travailleurs\/lignes-directrices-pour-les-traitements-medicaux-mtg\/coude\/\"},{\"@type\":\"ListItem\",\"position\":5,\"name\":\"Tomographie assist\u00e9e par ordinateur\"}]},{\"@type\":\"WebSite\",\"@id\":\"https:\/\/www.newyorkhipknee.com\/fr\/#website\",\"url\":\"https:\/\/www.newyorkhipknee.com\/fr\/\",\"name\":\"Best Hip & Knee Surgeon | NY, USA\",\"description\":\"\",\"potentialAction\":[{\"@type\":\"SearchAction\",\"target\":{\"@type\":\"EntryPoint\",\"urlTemplate\":\"https:\/\/www.newyorkhipknee.com\/fr\/?s={search_term_string}\"},\"query-input\":{\"@type\":\"PropertyValueSpecification\",\"valueRequired\":true,\"valueName\":\"search_term_string\"}}],\"inLanguage\":\"fr-FR\"}]}<\/script>\n<!-- \/ Yoast SEO plugin. -->","yoast_head_json":{"title":"Tomographie assist\u00e9e par ordinateur | Best Hip &amp; Knee Surgeon | NY, USA","description":"La commission des accidents du travail de l'\u00c9tat de New York a formul\u00e9 des lignes directrices pour aider les m\u00e9decins, les podologues et les","robots":{"index":"index","follow":"follow","max-snippet":"max-snippet:-1","max-image-preview":"max-image-preview:large","max-video-preview":"max-video-preview:-1"},"canonical":"https:\/\/www.newyorkhipknee.com\/fr\/indemnisation-des-travailleurs\/lignes-directrices-pour-les-traitements-medicaux-mtg\/coude\/tomographie-assistee-par-ordinateur\/","og_locale":"fr_FR","og_type":"article","og_title":"Tomographie assist\u00e9e par ordinateur | Best Hip &amp; Knee Surgeon | NY, USA","og_description":"La commission des accidents du travail de l'\u00c9tat de New York a formul\u00e9 des lignes directrices pour aider les m\u00e9decins, les podologues et les","og_url":"https:\/\/www.newyorkhipknee.com\/fr\/indemnisation-des-travailleurs\/lignes-directrices-pour-les-traitements-medicaux-mtg\/coude\/tomographie-assistee-par-ordinateur\/","og_site_name":"Best Hip &amp; Knee Surgeon | NY, USA","twitter_card":"summary_large_image","twitter_misc":{"Dur\u00e9e de lecture estim\u00e9e":"4 minutes"},"schema":{"@context":"https:\/\/schema.org","@graph":[{"@type":["WebPage","MedicalWebPage"],"@id":"https:\/\/www.newyorkhipknee.com\/fr\/indemnisation-des-travailleurs\/lignes-directrices-pour-les-traitements-medicaux-mtg\/coude\/tomographie-assistee-par-ordinateur\/","url":"https:\/\/www.newyorkhipknee.com\/fr\/indemnisation-des-travailleurs\/lignes-directrices-pour-les-traitements-medicaux-mtg\/coude\/tomographie-assistee-par-ordinateur\/","name":"Tomographie assist\u00e9e par ordinateur | Best Hip &amp; Knee Surgeon | NY, USA","isPartOf":{"@id":"https:\/\/www.newyorkhipknee.com\/fr\/#website"},"datePublished":"2023-12-13T18:19:42+00:00","description":"La commission des accidents du travail de l'\u00c9tat de New York a formul\u00e9 des lignes directrices pour aider les m\u00e9decins, les podologues et les","breadcrumb":{"@id":"https:\/\/www.newyorkhipknee.com\/fr\/indemnisation-des-travailleurs\/lignes-directrices-pour-les-traitements-medicaux-mtg\/coude\/tomographie-assistee-par-ordinateur\/#breadcrumb"},"inLanguage":"fr-FR","potentialAction":[{"@type":"ReadAction","target":["https:\/\/www.newyorkhipknee.com\/fr\/indemnisation-des-travailleurs\/lignes-directrices-pour-les-traitements-medicaux-mtg\/coude\/tomographie-assistee-par-ordinateur\/"]}]},{"@type":"BreadcrumbList","@id":"https:\/\/www.newyorkhipknee.com\/fr\/indemnisation-des-travailleurs\/lignes-directrices-pour-les-traitements-medicaux-mtg\/coude\/tomographie-assistee-par-ordinateur\/#breadcrumb","itemListElement":[{"@type":"ListItem","position":1,"name":"Home","item":"https:\/\/www.newyorkhipknee.com\/fr\/"},{"@type":"ListItem","position":2,"name":"Indemnisation des travailleurs","item":"https:\/\/www.newyorkhipknee.com\/fr\/indemnisation-des-travailleurs\/"},{"@type":"ListItem","position":3,"name":"Lignes directrices pour les traitements m\u00e9dicaux (MTG)","item":"https:\/\/www.newyorkhipknee.com\/fr\/indemnisation-des-travailleurs\/lignes-directrices-pour-les-traitements-medicaux-mtg\/"},{"@type":"ListItem","position":4,"name":"Coude","item":"https:\/\/www.newyorkhipknee.com\/fr\/indemnisation-des-travailleurs\/lignes-directrices-pour-les-traitements-medicaux-mtg\/coude\/"},{"@type":"ListItem","position":5,"name":"Tomographie assist\u00e9e par ordinateur"}]},{"@type":"WebSite","@id":"https:\/\/www.newyorkhipknee.com\/fr\/#website","url":"https:\/\/www.newyorkhipknee.com\/fr\/","name":"Best Hip & Knee Surgeon | NY, USA","description":"","potentialAction":[{"@type":"SearchAction","target":{"@type":"EntryPoint","urlTemplate":"https:\/\/www.newyorkhipknee.com\/fr\/?s={search_term_string}"},"query-input":{"@type":"PropertyValueSpecification","valueRequired":true,"valueName":"search_term_string"}}],"inLanguage":"fr-FR"}]}},"_links":{"self":[{"href":"https:\/\/www.newyorkhipknee.com\/fr\/wp-json\/wp\/v2\/pages\/21169","targetHints":{"allow":["GET"]}}],"collection":[{"href":"https:\/\/www.newyorkhipknee.com\/fr\/wp-json\/wp\/v2\/pages"}],"about":[{"href":"https:\/\/www.newyorkhipknee.com\/fr\/wp-json\/wp\/v2\/types\/page"}],"author":[{"embeddable":true,"href":"https:\/\/www.newyorkhipknee.com\/fr\/wp-json\/wp\/v2\/users\/33"}],"replies":[{"embeddable":true,"href":"https:\/\/www.newyorkhipknee.com\/fr\/wp-json\/wp\/v2\/comments?post=21169"}],"version-history":[{"count":0,"href":"https:\/\/www.newyorkhipknee.com\/fr\/wp-json\/wp\/v2\/pages\/21169\/revisions"}],"up":[{"embeddable":true,"href":"https:\/\/www.newyorkhipknee.com\/fr\/wp-json\/wp\/v2\/pages\/21158"}],"wp:attachment":[{"href":"https:\/\/www.newyorkhipknee.com\/fr\/wp-json\/wp\/v2\/media?parent=21169"}],"curies":[{"name":"wp","href":"https:\/\/api.w.org\/{rel}","templated":true}]}}