{"id":21176,"date":"2023-12-13T12:58:24","date_gmt":"2023-12-13T17:58:24","guid":{"rendered":"https:\/\/newyorkhipknee.com\/coude\/luxations-du-coude\/"},"modified":"2023-12-13T12:58:24","modified_gmt":"2023-12-13T17:58:24","slug":"luxations-du-coude","status":"publish","type":"page","link":"https:\/\/www.newyorkhipknee.com\/fr\/indemnisation-des-travailleurs\/lignes-directrices-pour-les-traitements-medicaux-mtg\/coude\/luxations-du-coude\/","title":{"rendered":"Luxations du coude"},"content":{"rendered":"<h1>Principes g\u00e9n\u00e9raux pour les luxations du coude<br \/>\npour les patients victimes d&rsquo;accidents du travail<\/h1>\n<p>La commission des accidents du travail de l&rsquo;\u00c9tat de New York a \u00e9labor\u00e9 ces lignes directrices pour aider les m\u00e9decins, les podologues et les professionnels de la sant\u00e9 \u00e0 administrer le traitement ad\u00e9quat pour les luxations du coude.<\/p>\n<p>Ces lignes directrices de la Commission des accidents du travail constituent une sorte de feuille de route pour les professionnels de la sant\u00e9, les aidant \u00e0 d\u00e9terminer les meilleurs soins \u00e0 apporter aux personnes souffrant de probl\u00e8mes de cheville et de pied.<\/p>\n<p>Pour \u00eatre clair, ces lignes directrices ne sont pas destin\u00e9es \u00e0 remplacer l&rsquo;intuition ou l&rsquo;exp\u00e9rience d&rsquo;un m\u00e9decin. Lorsqu&rsquo;il s&rsquo;agit de d\u00e9cider des soins, c&rsquo;est le patient et son prestataire de soins qui discutent pour prendre la d\u00e9cision finale.<\/p>\n<h2>Luxations du coude<\/h2>\n<p>En ce qui concerne les blessures, c&rsquo;est l&rsquo;\u00e9paule qui arrive en t\u00eate pour ce qui est de la fr\u00e9quence des luxations, mais les luxations du coude surviennent g\u00e9n\u00e9ralement lors d&rsquo;incidents graves et \u00e0 fort impact. La plupart du temps, c&rsquo;est une chute sur une main tendue qui est en cause, provoquant une luxation post\u00e9rieure dans la quasi-totalit\u00e9 des cas.<\/p>\n<p>Les personnes qui se pr\u00e9sentent avec ce type de blessure souffrent souvent d&rsquo;une douleur intense et ont du mal \u00e0 utiliser correctement leur main ou leur coude. Lorsqu&rsquo;une fracture et une luxation s&rsquo;associent, on parle de fracture compliqu\u00e9e ou d&rsquo;instabilit\u00e9 complexe.<\/p>\n<p>Il n&rsquo;y a pas que les os qui ont des probl\u00e8mes, il y a aussi souvent des probl\u00e8mes vasculaires et neurologiques. Dans environ 10 % des cas, il s&rsquo;agit d&rsquo;une fracture de la t\u00eate radiale. Et si les choses se g\u00e2tent vraiment, il existe ce que l&rsquo;on appelle la terrible triade de blessures, qui se caract\u00e9rise par une luxation, une fracture de la t\u00eate radiale et une rupture de l&rsquo;apophyse corono\u00efde du cubitus.<\/p>\n<h3>Crit\u00e8res de diagnostic des luxations du coude<\/h3>\n<p>Les m\u00e9decins d\u00e9terminent les dislocations en mettant en relation l&rsquo;\u00e9v\u00e9nement habituel qui l&rsquo;a d\u00e9clench\u00e9e, souvent une chute ou une blessure quelconque, avec des signes tels que la d\u00e9formation et la perte de la capacit\u00e9 d&rsquo;utiliser le bras. S&rsquo;il reste en place et cause des probl\u00e8mes persistants, vous constaterez probablement non seulement une d\u00e9formation, mais aussi une incapacit\u00e9 totale \u00e0 utiliser ce bras.<\/p>\n<h3>\u00c9tudes sp\u00e9ciales et consid\u00e9rations relatives au diagnostic et au traitement des luxations du coude Radiographies<\/h3>\n<p>Lorsqu&rsquo;il s&rsquo;agit de luxations du coude, des \u00e9tudes sp\u00e9ciales et des proc\u00e9dures de diagnostic sont cruciales. Les radiographies sont la solution de r\u00e9f\u00e9rence, et il est recommand\u00e9 de r\u00e9aliser au moins deux ou trois clich\u00e9s pour s&rsquo;assurer qu&rsquo;il n&rsquo;y a pas de fractures cach\u00e9es. Il ne s&rsquo;agit pas non plus d&rsquo;une op\u00e9ration unique &#8211; une fois la luxation r\u00e9par\u00e9e, d&rsquo;autres radiographies sont \u00e0 l&rsquo;ordre du jour afin de garder un \u0153il sur la situation.<\/p>\n<h3>Soins initiaux des luxations du coude<\/h3>\n<p>En ce qui concerne les luxations du coude, la triste v\u00e9rit\u00e9 est que nous manquons d&rsquo;\u00e9tudes de pointe pour le diagnostic et les soins. Pour exclure toute blessure suppl\u00e9mentaire, il est essentiel de proc\u00e9der \u00e0 un examen approfondi des syst\u00e8mes moteur, sensoriel et circulatoire.<\/p>\n<p>D&rsquo;un point de vue m\u00e9dical, la luxation du coude n\u00e9cessite une attention particuli\u00e8re. Tout d&rsquo;abord, une radiographie est indispensable pour s&rsquo;assurer qu&rsquo;il n&rsquo;y a pas de fracture cach\u00e9e. Si le coude continue de faire des siennes, un expert m\u00e9dical avis\u00e9, dou\u00e9 pour le r\u00e9alignement des articulations, doit intervenir le plus rapidement possible. Parfois, l&rsquo;injection d&rsquo;un peu d&rsquo;anesth\u00e9sique dans l&rsquo;articulation enfl\u00e9e peut faire des miracles.<\/p>\n<p>Mais l&rsquo;heure tourne. Plus le coude reste en place, plus il y a de chances que nous ayons besoin d&rsquo;une anesth\u00e9sie g\u00e9n\u00e9rale pour le remettre en place. Apr\u00e8s la r\u00e9duction, nous n&rsquo;avons pas encore termin\u00e9 &#8211; d&rsquo;autres radiographies et un examen approfondi sont pr\u00e9vus pour confirmer que tout est rentr\u00e9 dans l&rsquo;ordre et qu&rsquo;il n&rsquo;y a pas de morceaux \u00e9gar\u00e9s.<\/p>\n<p>Viennent ensuite les suites : une attelle post\u00e9rieure est de mise pour une bonne dizaine de jours. Ensuite, il s&rsquo;agit de remettre le coude en mouvement. Les exercices d&rsquo;amplitude de mouvement sont le mot d&rsquo;ordre, en se concentrant non seulement sur le coude, mais aussi sur l&rsquo;\u00e9paule (pour \u00e9viter l&rsquo;impression d&rsquo;\u00e9paule gel\u00e9e) et le poignet.<\/p>\n<h3>L&rsquo;anesth\u00e9sie g\u00e9n\u00e9rale pour faciliter la r\u00e9duction chez certains patients<\/h3>\n<p>Dans certains cas, il est recommand\u00e9 d&rsquo;avoir recours aux armes lourdes &#8211; l&rsquo;anesth\u00e9sie g\u00e9n\u00e9rale peut changer la donne en mati\u00e8re de r\u00e9duction, mais elle ne convient pas \u00e0 tout le monde.<\/p>\n<p>Voici ce qui se passe : si les m\u00e9thodes habituelles, comme l&rsquo;injection d&rsquo;anesth\u00e9sique dans l&rsquo;articulation, ne suffisent pas et que la luxation tenace ne veut pas bouger, c&rsquo;est alors que l&rsquo;anesth\u00e9sie g\u00e9n\u00e9rale entre en sc\u00e8ne. Ce n&rsquo;est pas la solution id\u00e9ale pour tout le monde, car la plupart des gens peuvent obtenir une relaxation musculaire suffisante sans s&rsquo;endormir compl\u00e8tement. Mais lorsque tout le reste \u00e9choue et que vous avez besoin d&rsquo;un coup de pouce suppl\u00e9mentaire pour remettre les choses en place, c&rsquo;est l\u00e0 qu&rsquo;intervient la recommandation d&rsquo;une anesth\u00e9sie g\u00e9n\u00e9rale.<\/p>\n<h3>Suivi de l&rsquo;\u00e9volution des luxations du coude<\/h3>\n<p>Environ une semaine \u00e0 dix jours apr\u00e8s la r\u00e9duction, c&rsquo;est l&rsquo;heure du contr\u00f4le pour les patients. C&rsquo;est \u00e0 ce moment-l\u00e0 que nous commen\u00e7ons \u00e0 intensifier le jeu avec des activit\u00e9s d&rsquo;amplitude des mouvements. Si les choses n&rsquo;\u00e9voluent pas comme pr\u00e9vu, en particulier pour exclure toute fracture latente, des tests suppl\u00e9mentaires sont \u00e0 l&rsquo;ordre du jour.<\/p>\n<p>Parlons maintenant de la vie post-r\u00e9duction pour les personnes ayant subi une luxation du coude. La plupart des personnes dans cette situation sont trait\u00e9es avec une attelle post\u00e9rieure pour maintenir les choses en place. Afin de s&rsquo;assurer qu&rsquo;ils n&rsquo;auront pas besoin d&rsquo;une importante s\u00e9ance de r\u00e9\u00e9ducation pour retrouver un mouvement normal une fois l&rsquo;attelle enlev\u00e9e, il leur est g\u00e9n\u00e9ralement conseill\u00e9 d&rsquo;effectuer des exercices d&rsquo;amplitude douce plusieurs fois par jour. Et si les activit\u00e9s quotidiennes sont perturb\u00e9es, des interventions sont pr\u00e9vues pour rem\u00e9dier \u00e0 ces changements.<\/p>\n<p>&nbsp;<\/p>\n<h3>M\u00e9dicaments pour les luxations du coude<\/h3>\n<p>Pour la plupart des gens, les analg\u00e9siques les plus courants pour les probl\u00e8mes de coude sont les classiques comme l&rsquo;ibuprof\u00e8ne ou le naprox\u00e8ne. Si cela ne suffit pas, l&rsquo;ac\u00e9taminoph\u00e8ne (ou son compagnon, le parac\u00e9tamol) peut constituer une alternative d\u00e9cente, bien qu&rsquo;il ne soit pas consid\u00e9r\u00e9 comme aussi puissant d&rsquo;apr\u00e8s la plupart des recherches.<\/p>\n<p>Les AINS (anti-inflammatoires non st\u00e9ro\u00efdiens) sont aussi efficaces que les opio\u00efdes comme le tramadol pour soulager la douleur, mais ils ne pr\u00e9sentent pas le m\u00eame niveau de risque.<\/p>\n<p>Si l&rsquo;on examine maintenant les sp\u00e9cificit\u00e9s du traitement de la luxation du coude ou de la r\u00e9duction postop\u00e9ratoire du coude, les AINS sont \u00e0 l&rsquo;honneur. Commencez par les \u00e9l\u00e9ments de base, comme les options en vente libre, et voyez comment cela se passe. Utilisez-les en fonction des besoins, et si elles ne font pas l&rsquo;affaire ou si elles causent plus de tort que de bien, il est temps de reconsid\u00e9rer la question.<\/p>\n<p>Pour les personnes pr\u00e9sentant un risque plus \u00e9lev\u00e9 de troubles gastriques, une combinaison de misoprostol, de sucralfate, de bloqueurs H2 et d&rsquo;inhibiteurs de la pompe \u00e0 protons vient \u00e0 la rescousse. En particulier si vous avez des ant\u00e9c\u00e9dents de saignements gastro-intestinaux, si vous \u00eates plus \u00e2g\u00e9, si vous souffrez de diab\u00e8te ou si vous fumez des cigarettes, ce m\u00e9lange pourrait \u00eatre la solution.<\/p>\n<p>Aujourd&rsquo;hui, pour les personnes soucieuses de leur sant\u00e9 cardiaque, l&rsquo;ac\u00e9taminoph\u00e8ne ou l&rsquo;aspirine sont les choix les plus s\u00fbrs. Si vous avez besoin de quelque chose de plus fort, les AINS g\u00e9n\u00e9raux sont pr\u00e9f\u00e9rables aux AINS sp\u00e9cifiques \u00e0 la COX-2. Oh, et voici un conseil : si vous prenez de l&rsquo;aspirine tous les jours pour votre c\u0153ur, prenez votre AINS au moins 30 minutes apr\u00e8s ou huit heures avant pour que tout se passe bien.<\/p>\n<p>Prise en charge de la douleur du coude par l&rsquo;ac\u00e9taminoph\u00e8ne :<\/p>\n<p>Lorsqu&rsquo;il s&rsquo;agit de soulager une g\u00eane au niveau du coude, en particulier pour ceux qui ne peuvent pas prendre d&rsquo;AINS, l&rsquo;ac\u00e9taminoph\u00e8ne est la solution id\u00e9ale. Que vous souffriez de douleurs chroniques ou que vous vous remettiez d&rsquo;une op\u00e9ration du coude, ce programme s&rsquo;adresse \u00e0 tout le monde.<\/p>\n<p>Voici ce qu&rsquo;il faut savoir : Respectez la dose recommand\u00e9e sur l&rsquo;\u00e9tiquette et utilisez le produit selon vos besoins. Mais attention, d\u00e8s que vous d\u00e9passez les quatre grammes par jour, vous risquez des probl\u00e8mes h\u00e9patiques. Si la douleur a disparu, si les effets secondaires se manifestent ou si vous n&rsquo;en pouvez plus, il est temps de dire adieu \u00e0 l&rsquo;ac\u00e9taminoph\u00e8ne.<\/p>\n<p>Parlons maintenant des opio\u00efdes. Ils ne sont pas le premier choix et, honn\u00eatement, ils ne conviennent pas \u00e0 tout le monde. R\u00e9serv\u00e9 aux personnes souffrant d&rsquo;une luxation du coude tr\u00e8s tenace que les m\u00e9dicaments habituels ne peuvent pas soulager ou si les AINS ne peuvent pas \u00eatre utilis\u00e9s. Mais attention, les opio\u00efdes ne sont pas des compagnons \u00e0 long terme. La plupart des gens n&rsquo;en ont besoin que pendant quelques jours ou une semaine, puis tout se passe bien sans eux.<\/p>\n<p>Pour les cas o\u00f9 la douleur a besoin d&rsquo;un coup plus direct, il y a les injections intra-articulaires sous anesth\u00e9sie. Que ce soit avant ou apr\u00e8s la r\u00e9duction du coude, ces injections sont utilis\u00e9es pour la gestion de la douleur.<\/p>\n<p>Voici comment proc\u00e9der : avant la r\u00e9duction, il s&rsquo;agit de g\u00e9rer la douleur et de faciliter le processus de r\u00e9duction. Apr\u00e8s la r\u00e9duction, il s&rsquo;agit toujours de contr\u00f4ler la douleur. La dose d&rsquo;injection est g\u00e9n\u00e9ralement unique, de l&rsquo;ordre de 5 \u00e0 10 ml, bien que certains cas puissent n\u00e9cessiter une seconde injection.<\/p>\n<p>Ces injections ne sont pas la solution de tous les jours, mais certaines personnes les trouvent utiles pour att\u00e9nuer la douleur suffisamment pour \u00e9viter l&rsquo;anesth\u00e9sie g\u00e9n\u00e9rale. Qu&rsquo;il s&rsquo;agisse d&rsquo;un agent anesth\u00e9siant \u00e0 courte dur\u00e9e d&rsquo;action pour la pr\u00e9-r\u00e9duction ou d&rsquo;un agent \u00e0 plus longue dur\u00e9e d&rsquo;action pour la post-r\u00e9duction, ces injections sont les auxiliaires de la gestion de la douleur lorsque vous avez besoin d&rsquo;un petit coup de pouce suppl\u00e9mentaire.<\/p>\n<p>&nbsp;<\/p>\n<h3>M\u00e9thodes\/appareils physiques pour les luxations du coude<\/h3>\n<p>Parlons un peu de la fa\u00e7on de soigner votre coude disloqu\u00e9 avec une attelle post\u00e9rieure de coude et un harnais.<\/p>\n<p>Voici ce qu&rsquo;il faut savoir : si votre coude d\u00e9cide de faire un d\u00e9tour et de se d\u00e9bo\u00eeter, cette combinaison est id\u00e9ale pour remettre les choses sur les rails.<\/p>\n<p>Apr\u00e8s la magie de la r\u00e9duction, lorsque votre coude a retrouv\u00e9 sa place, il est temps de s&rsquo;installer confortablement dans l&rsquo;attelle et le harnais de coude post\u00e9rieur. Ces compagnons sont con\u00e7us pour garder votre coude sous contr\u00f4le et confortable.<\/p>\n<p>Combien de temps vous faut-il pour porter ce duo styl\u00e9 ? En r\u00e8gle g\u00e9n\u00e9rale, il faut pr\u00e9voir de porter l&rsquo;attelle post\u00e9rieure pendant 10 \u00e0 17 jours. Mais nous ne pr\u00e9conisons pas la paresse totale des bras. Une fois que l&rsquo;attelle a fait son travail, il est temps de faire des exercices d&rsquo;amplitude de mouvement pour remettre le coude dans le sens de la marche.<\/p>\n<p>Ainsi, que vous le portiez par style ou par n\u00e9cessit\u00e9, ce duo dynamique est l\u00e0 pour s&rsquo;assurer que votre coude disloqu\u00e9 re\u00e7oit le traitement VIP qu&rsquo;il m\u00e9rite.<\/p>\n<p>&nbsp;<\/p>\n<h3>Chirurgie des luxations du coude<\/h3>\n<p>Si vos ligaments sont si l\u00e2ches qu&rsquo;ils causent des probl\u00e8mes &#8211; rendant les choses bancales ou entra\u00eenant des luxations r\u00e9p\u00e9t\u00e9es &#8211; la chirurgie peut \u00eatre la solution.<\/p>\n<p>Aujourd&rsquo;hui, lorsqu&rsquo;il s&rsquo;agit de r\u00e9parer les coudes qui ne tiennent pas en place, la chirurgie pour les coudes qui jouent le jeu de la luxation \u00e0 r\u00e9p\u00e9tition est \u00e0 l&rsquo;ordre du jour.<\/p>\n<p>Qui pourrait envisager cela ? C&rsquo;est pour ceux qui sont confront\u00e9s \u00e0 l&rsquo;ennuyeuse combinaison de coudes qui se d\u00e9bo\u00eetent sans cesse ou qui deviennent instables apr\u00e8s le drame de la d\u00e9bo\u00eetement.<\/p>\n<p>Voici le scoop : La chirurgie n&rsquo;est pas la solution pour toutes les personnes souffrant d&rsquo;une luxation du coude. La plupart des gens peuvent s&rsquo;en remettre sans avoir besoin d&rsquo;une intervention chirurgicale. Mais pour les malchanceux qui souffrent d&rsquo;un rel\u00e2chement des ligaments ou d&rsquo;une laxit\u00e9 capsulaire et d&rsquo;une blessure, la chirurgie joue le r\u00f4le de h\u00e9ros.<\/p>\n<p>Pour ceux qui font partie du club des luxations r\u00e9p\u00e9t\u00e9es, ou qui ont affaire \u00e0 des coudes qui ne veulent tout simplement pas se ressaisir, la r\u00e9paration chirurgicale peut \u00eatre la solution. Il ne s&rsquo;agit pas d&rsquo;une prescription universelle, mais pour les quelques rares personnes qui en ont besoin, la chirurgie pourrait bien \u00eatre le moyen de stabiliser le coude et de vivre sans luxation.<\/p>\n<p>&nbsp;<\/p>\n<h2>Ce que notre cabinet peut faire si vous souffrez d&rsquo;une luxation du coude<\/h2>\n<p>Nous disposons du savoir-faire n\u00e9cessaire pour vous aider \u00e0 surmonter vos blessures li\u00e9es \u00e0 l&rsquo;indemnisation des accidents du travail. Nous comprenons qu&rsquo;il s&rsquo;agit d&rsquo;une p\u00e9riode difficile et nous sommes l\u00e0 pour r\u00e9pondre \u00e0 vos besoins m\u00e9dicaux tout en respectant les directives de la commission des accidents du travail de l&rsquo;\u00c9tat de New York.<\/p>\n<p>Vos dossiers d&rsquo;indemnisation des travailleurs sont importants pour nous. Laissez-nous vous guider dans la gestion de la complexit\u00e9 des relations avec la compagnie d&rsquo;assurance contre les accidents du travail et avec votre employeur.<\/p>\n<p>Nous sommes conscients qu&rsquo;il s&rsquo;agit d&rsquo;une p\u00e9riode stressante pour vous et vos proches. Si vous souhaitez fixer un rendez-vous, prenez contact avec nous. Nous nous engageons \u00e0 faire en sorte que le processus soit aussi simple que possible pour vous.<\/p>\n","protected":false},"excerpt":{"rendered":"<p>Principes g\u00e9n\u00e9raux pour les luxations du coude pour les patients victimes d&rsquo;accidents du travail La commission des accidents du travail de l&rsquo;\u00c9tat de New York a \u00e9labor\u00e9 ces lignes directrices pour aider les m\u00e9decins, les podologues et les professionnels de la sant\u00e9 \u00e0 administrer le traitement ad\u00e9quat pour les luxations du coude. Ces lignes directrices [&hellip;]<\/p>\n","protected":false},"author":33,"featured_media":0,"parent":21158,"menu_order":0,"comment_status":"closed","ping_status":"closed","template":"","meta":{"_et_pb_use_builder":"","_et_pb_old_content":"","_et_gb_content_width":"","footnotes":""},"class_list":["post-21176","page","type-page","status-publish","hentry"],"yoast_head":"<!-- This site is optimized with the Yoast SEO plugin v27.2 - https:\/\/yoast.com\/product\/yoast-seo-wordpress\/ -->\n<title>Luxations du coude | Best Hip &amp; Knee Surgeon | NY, USA<\/title>\n<meta name=\"description\" content=\"Principes g\u00e9n\u00e9raux pour les luxations du coude pour les patients victimes d&#039;accidents du travail La commission des accidents du travail de l&#039;\u00c9tat de New\" \/>\n<meta name=\"robots\" content=\"index, follow, max-snippet:-1, max-image-preview:large, max-video-preview:-1\" \/>\n<link rel=\"canonical\" href=\"https:\/\/www.newyorkhipknee.com\/fr\/indemnisation-des-travailleurs\/lignes-directrices-pour-les-traitements-medicaux-mtg\/coude\/luxations-du-coude\/\" \/>\n<meta property=\"og:locale\" content=\"fr_FR\" \/>\n<meta property=\"og:type\" content=\"article\" \/>\n<meta property=\"og:title\" content=\"Luxations du coude | Best Hip &amp; Knee Surgeon | NY, USA\" \/>\n<meta property=\"og:description\" content=\"Principes g\u00e9n\u00e9raux pour les luxations du coude pour les patients victimes d&#039;accidents du travail La commission des accidents du travail de l&#039;\u00c9tat de New\" \/>\n<meta property=\"og:url\" content=\"https:\/\/www.newyorkhipknee.com\/fr\/indemnisation-des-travailleurs\/lignes-directrices-pour-les-traitements-medicaux-mtg\/coude\/luxations-du-coude\/\" \/>\n<meta property=\"og:site_name\" content=\"Best Hip &amp; Knee Surgeon | NY, USA\" \/>\n<meta name=\"twitter:card\" content=\"summary_large_image\" \/>\n<meta name=\"twitter:label1\" content=\"Dur\u00e9e de lecture estim\u00e9e\" \/>\n\t<meta name=\"twitter:data1\" content=\"12 minutes\" \/>\n<script type=\"application\/ld+json\" class=\"yoast-schema-graph\">{\"@context\":\"https:\/\/schema.org\",\"@graph\":[{\"@type\":[\"WebPage\",\"MedicalWebPage\"],\"@id\":\"https:\/\/www.newyorkhipknee.com\/fr\/indemnisation-des-travailleurs\/lignes-directrices-pour-les-traitements-medicaux-mtg\/coude\/luxations-du-coude\/\",\"url\":\"https:\/\/www.newyorkhipknee.com\/fr\/indemnisation-des-travailleurs\/lignes-directrices-pour-les-traitements-medicaux-mtg\/coude\/luxations-du-coude\/\",\"name\":\"Luxations du coude | Best Hip &amp; Knee Surgeon | NY, USA\",\"isPartOf\":{\"@id\":\"https:\/\/www.newyorkhipknee.com\/fr\/#website\"},\"datePublished\":\"2023-12-13T17:58:24+00:00\",\"description\":\"Principes g\u00e9n\u00e9raux pour les luxations du coude pour les patients victimes d'accidents du travail La commission des accidents du travail de l'\u00c9tat de New\",\"breadcrumb\":{\"@id\":\"https:\/\/www.newyorkhipknee.com\/fr\/indemnisation-des-travailleurs\/lignes-directrices-pour-les-traitements-medicaux-mtg\/coude\/luxations-du-coude\/#breadcrumb\"},\"inLanguage\":\"fr-FR\",\"potentialAction\":[{\"@type\":\"ReadAction\",\"target\":[\"https:\/\/www.newyorkhipknee.com\/fr\/indemnisation-des-travailleurs\/lignes-directrices-pour-les-traitements-medicaux-mtg\/coude\/luxations-du-coude\/\"]}]},{\"@type\":\"BreadcrumbList\",\"@id\":\"https:\/\/www.newyorkhipknee.com\/fr\/indemnisation-des-travailleurs\/lignes-directrices-pour-les-traitements-medicaux-mtg\/coude\/luxations-du-coude\/#breadcrumb\",\"itemListElement\":[{\"@type\":\"ListItem\",\"position\":1,\"name\":\"Home\",\"item\":\"https:\/\/www.newyorkhipknee.com\/fr\/\"},{\"@type\":\"ListItem\",\"position\":2,\"name\":\"Indemnisation des travailleurs\",\"item\":\"https:\/\/www.newyorkhipknee.com\/fr\/indemnisation-des-travailleurs\/\"},{\"@type\":\"ListItem\",\"position\":3,\"name\":\"Lignes directrices pour les traitements m\u00e9dicaux (MTG)\",\"item\":\"https:\/\/www.newyorkhipknee.com\/fr\/indemnisation-des-travailleurs\/lignes-directrices-pour-les-traitements-medicaux-mtg\/\"},{\"@type\":\"ListItem\",\"position\":4,\"name\":\"Coude\",\"item\":\"https:\/\/www.newyorkhipknee.com\/fr\/indemnisation-des-travailleurs\/lignes-directrices-pour-les-traitements-medicaux-mtg\/coude\/\"},{\"@type\":\"ListItem\",\"position\":5,\"name\":\"Luxations du coude\"}]},{\"@type\":\"WebSite\",\"@id\":\"https:\/\/www.newyorkhipknee.com\/fr\/#website\",\"url\":\"https:\/\/www.newyorkhipknee.com\/fr\/\",\"name\":\"Best Hip & Knee Surgeon | NY, USA\",\"description\":\"\",\"potentialAction\":[{\"@type\":\"SearchAction\",\"target\":{\"@type\":\"EntryPoint\",\"urlTemplate\":\"https:\/\/www.newyorkhipknee.com\/fr\/?s={search_term_string}\"},\"query-input\":{\"@type\":\"PropertyValueSpecification\",\"valueRequired\":true,\"valueName\":\"search_term_string\"}}],\"inLanguage\":\"fr-FR\"}]}<\/script>\n<!-- \/ Yoast SEO plugin. -->","yoast_head_json":{"title":"Luxations du coude | Best Hip &amp; Knee Surgeon | NY, USA","description":"Principes g\u00e9n\u00e9raux pour les luxations du coude pour les patients victimes d'accidents du travail La commission des accidents du travail de l'\u00c9tat de New","robots":{"index":"index","follow":"follow","max-snippet":"max-snippet:-1","max-image-preview":"max-image-preview:large","max-video-preview":"max-video-preview:-1"},"canonical":"https:\/\/www.newyorkhipknee.com\/fr\/indemnisation-des-travailleurs\/lignes-directrices-pour-les-traitements-medicaux-mtg\/coude\/luxations-du-coude\/","og_locale":"fr_FR","og_type":"article","og_title":"Luxations du coude | Best Hip &amp; Knee Surgeon | NY, USA","og_description":"Principes g\u00e9n\u00e9raux pour les luxations du coude pour les patients victimes d'accidents du travail La commission des accidents du travail de l'\u00c9tat de New","og_url":"https:\/\/www.newyorkhipknee.com\/fr\/indemnisation-des-travailleurs\/lignes-directrices-pour-les-traitements-medicaux-mtg\/coude\/luxations-du-coude\/","og_site_name":"Best Hip &amp; Knee Surgeon | NY, USA","twitter_card":"summary_large_image","twitter_misc":{"Dur\u00e9e de lecture estim\u00e9e":"12 minutes"},"schema":{"@context":"https:\/\/schema.org","@graph":[{"@type":["WebPage","MedicalWebPage"],"@id":"https:\/\/www.newyorkhipknee.com\/fr\/indemnisation-des-travailleurs\/lignes-directrices-pour-les-traitements-medicaux-mtg\/coude\/luxations-du-coude\/","url":"https:\/\/www.newyorkhipknee.com\/fr\/indemnisation-des-travailleurs\/lignes-directrices-pour-les-traitements-medicaux-mtg\/coude\/luxations-du-coude\/","name":"Luxations du coude | Best Hip &amp; Knee Surgeon | NY, USA","isPartOf":{"@id":"https:\/\/www.newyorkhipknee.com\/fr\/#website"},"datePublished":"2023-12-13T17:58:24+00:00","description":"Principes g\u00e9n\u00e9raux pour les luxations du coude pour les patients victimes d'accidents du travail La commission des accidents du travail de l'\u00c9tat de New","breadcrumb":{"@id":"https:\/\/www.newyorkhipknee.com\/fr\/indemnisation-des-travailleurs\/lignes-directrices-pour-les-traitements-medicaux-mtg\/coude\/luxations-du-coude\/#breadcrumb"},"inLanguage":"fr-FR","potentialAction":[{"@type":"ReadAction","target":["https:\/\/www.newyorkhipknee.com\/fr\/indemnisation-des-travailleurs\/lignes-directrices-pour-les-traitements-medicaux-mtg\/coude\/luxations-du-coude\/"]}]},{"@type":"BreadcrumbList","@id":"https:\/\/www.newyorkhipknee.com\/fr\/indemnisation-des-travailleurs\/lignes-directrices-pour-les-traitements-medicaux-mtg\/coude\/luxations-du-coude\/#breadcrumb","itemListElement":[{"@type":"ListItem","position":1,"name":"Home","item":"https:\/\/www.newyorkhipknee.com\/fr\/"},{"@type":"ListItem","position":2,"name":"Indemnisation des travailleurs","item":"https:\/\/www.newyorkhipknee.com\/fr\/indemnisation-des-travailleurs\/"},{"@type":"ListItem","position":3,"name":"Lignes directrices pour les traitements m\u00e9dicaux (MTG)","item":"https:\/\/www.newyorkhipknee.com\/fr\/indemnisation-des-travailleurs\/lignes-directrices-pour-les-traitements-medicaux-mtg\/"},{"@type":"ListItem","position":4,"name":"Coude","item":"https:\/\/www.newyorkhipknee.com\/fr\/indemnisation-des-travailleurs\/lignes-directrices-pour-les-traitements-medicaux-mtg\/coude\/"},{"@type":"ListItem","position":5,"name":"Luxations du coude"}]},{"@type":"WebSite","@id":"https:\/\/www.newyorkhipknee.com\/fr\/#website","url":"https:\/\/www.newyorkhipknee.com\/fr\/","name":"Best Hip & Knee Surgeon | NY, USA","description":"","potentialAction":[{"@type":"SearchAction","target":{"@type":"EntryPoint","urlTemplate":"https:\/\/www.newyorkhipknee.com\/fr\/?s={search_term_string}"},"query-input":{"@type":"PropertyValueSpecification","valueRequired":true,"valueName":"search_term_string"}}],"inLanguage":"fr-FR"}]}},"_links":{"self":[{"href":"https:\/\/www.newyorkhipknee.com\/fr\/wp-json\/wp\/v2\/pages\/21176","targetHints":{"allow":["GET"]}}],"collection":[{"href":"https:\/\/www.newyorkhipknee.com\/fr\/wp-json\/wp\/v2\/pages"}],"about":[{"href":"https:\/\/www.newyorkhipknee.com\/fr\/wp-json\/wp\/v2\/types\/page"}],"author":[{"embeddable":true,"href":"https:\/\/www.newyorkhipknee.com\/fr\/wp-json\/wp\/v2\/users\/33"}],"replies":[{"embeddable":true,"href":"https:\/\/www.newyorkhipknee.com\/fr\/wp-json\/wp\/v2\/comments?post=21176"}],"version-history":[{"count":0,"href":"https:\/\/www.newyorkhipknee.com\/fr\/wp-json\/wp\/v2\/pages\/21176\/revisions"}],"up":[{"embeddable":true,"href":"https:\/\/www.newyorkhipknee.com\/fr\/wp-json\/wp\/v2\/pages\/21158"}],"wp:attachment":[{"href":"https:\/\/www.newyorkhipknee.com\/fr\/wp-json\/wp\/v2\/media?parent=21176"}],"curies":[{"name":"wp","href":"https:\/\/api.w.org\/{rel}","templated":true}]}}