{"id":21184,"date":"2023-12-11T17:19:23","date_gmt":"2023-12-11T22:19:23","guid":{"rendered":"https:\/\/newyorkhipknee.com\/coude\/principes-generaux-dorientation-pour-les-roentgenogrammes-radiographies-des-patients-indemnises-pour-accidents-du-travail\/"},"modified":"2023-12-11T17:19:23","modified_gmt":"2023-12-11T22:19:23","slug":"principes-generaux-dorientation-pour-les-roentgenogrammes-radiographies-des-patients-indemnises-pour-accidents-du-travail","status":"publish","type":"page","link":"https:\/\/www.newyorkhipknee.com\/fr\/indemnisation-des-travailleurs\/lignes-directrices-pour-les-traitements-medicaux-mtg\/coude\/principes-generaux-dorientation-pour-les-roentgenogrammes-radiographies-des-patients-indemnises-pour-accidents-du-travail\/","title":{"rendered":"Principes g\u00e9n\u00e9raux d&rsquo;orientation pour les roentgenogrammes (radiographies) des patients indemnis\u00e9s pour accidents du travail"},"content":{"rendered":"<p>Les lignes directrices que vous voyez ici ont \u00e9t\u00e9 \u00e9labor\u00e9es par la commission des accidents du travail de l&rsquo;\u00c9tat de New York. Ils sont con\u00e7us pour aider les m\u00e9decins, les podologues et les autres professionnels de la sant\u00e9 \u00e0 fournir le bon traitement lorsqu&rsquo;il s&rsquo;agit de roentgenogrammes, commun\u00e9ment appel\u00e9s radiographies.<\/p>\n<p>Ces lignes directrices sont comme une boussole pour les professionnels de la sant\u00e9, visant \u00e0 les guider dans le choix du meilleur niveau de soins pour les personnes souffrant de troubles de la cheville et du pied.<\/p>\n<p>Il est essentiel de noter que ces lignes directrices ne remplacent pas la sagesse et l&rsquo;exp\u00e9rience des prestataires de soins de sant\u00e9. Ils constituent un outil, et la d\u00e9cision finale concernant vos soins doit \u00eatre prise en collaboration avec votre prestataire de soins de sant\u00e9.<\/p>\n<h2>Roentgenogrammes (rayons X)<\/h2>\n<p>La radiographie, \u00e9galement appel\u00e9e roentgenogramme, est une pratique courante en cas de douleurs aigu\u00ebs, subaigu\u00ebs ou chroniques au coude. Dans la plupart des cas, ces radiographies constituent la premi\u00e8re \u00e9tape du diagnostic, car elles permettent d&rsquo;examiner en d\u00e9tail la structure osseuse du coude. G\u00e9n\u00e9ralement, deux ou trois points de vue diff\u00e9rents sont pris pour obtenir une compr\u00e9hension globale.<\/p>\n<p>Pourquoi ? Si vous ressentez une douleur persistante au coude depuis quelques semaines, en particulier si elle est mod\u00e9r\u00e9e \u00e0 s\u00e9v\u00e8re et s&rsquo;accompagne d&rsquo;une limitation de l&rsquo;amplitude des mouvements, les radiographies sont un outil pr\u00e9cieux. Ils sont essentiels pour exclure des affections telles que l&rsquo;ost\u00e9omy\u00e9lite en cas de bursite d&rsquo;ol\u00e9crane septique importante, et ils permettent d&rsquo;identifier les signes d&rsquo;alerte.<\/p>\n<p>Pour ce qui est de la fr\u00e9quence, une seule s\u00e9rie de radiographies suffit g\u00e9n\u00e9ralement. Cependant, pour ceux qui souffrent d&rsquo;une g\u00eane chronique ou progressive du coude au fil des mois ou des ann\u00e9es, une s\u00e9rie de suivi peut \u00eatre recommand\u00e9e. C&rsquo;est un moyen de r\u00e9\u00e9valuer et de s&rsquo;assurer que tout changement dans les sympt\u00f4mes est bien compris.<\/p>\n<p>En r\u00e9sum\u00e9, les radiographies jouent un r\u00f4le cl\u00e9 dans l&rsquo;\u00e9valuation des douleurs au coude, fournissant des informations essentielles \u00e0 la fois pour le diagnostic et pour l&rsquo;examen des diff\u00e9rentes options de traitement.<\/p>\n<h2>Comment notre cabinet peut vous aider en cas d&rsquo;accident du travail<\/h2>\n<p>Nous disposons du savoir-faire n\u00e9cessaire pour vous aider \u00e0 surmonter vos blessures li\u00e9es \u00e0 l&rsquo;indemnisation des accidents du travail. Nous comprenons &#8211; nous connaissons les d\u00e9fis auxquels vous \u00eates confront\u00e9s, et nous sommes l\u00e0 pour r\u00e9pondre \u00e0 vos besoins m\u00e9dicaux, en suivant les lignes directrices \u00e9tablies par la Commission des accidents du travail de l&rsquo;\u00c9tat de New York.<\/p>\n<p>Notre priorit\u00e9 est de reconna\u00eetre l&rsquo;importance de vos dossiers d&rsquo;indemnisation des accidents du travail. La complexit\u00e9 des relations avec votre employeur et la compagnie d&rsquo;assurance pour les accidents du travail peut \u00eatre \u00e9crasante. Laissez-nous vous guider tout au long de ce processus.<\/p>\n<p>Nous comprenons que cette p\u00e9riode est stressante pour vous et votre famille. Si vous souhaitez prendre rendez-vous, n&rsquo;h\u00e9sitez pas \u00e0 nous contacter. Nous nous engageons \u00e0 faire en sorte que les choses se passent le mieux possible pour vous pendant cette p\u00e9riode difficile.<\/p>\n","protected":false},"excerpt":{"rendered":"<p>Les lignes directrices que vous voyez ici ont \u00e9t\u00e9 \u00e9labor\u00e9es par la commission des accidents du travail de l&rsquo;\u00c9tat de New York. Ils sont con\u00e7us pour aider les m\u00e9decins, les podologues et les autres professionnels de la sant\u00e9 \u00e0 fournir le bon traitement lorsqu&rsquo;il s&rsquo;agit de roentgenogrammes, commun\u00e9ment appel\u00e9s radiographies. Ces lignes directrices sont comme [&hellip;]<\/p>\n","protected":false},"author":33,"featured_media":0,"parent":21158,"menu_order":0,"comment_status":"closed","ping_status":"closed","template":"","meta":{"_et_pb_use_builder":"","_et_pb_old_content":"","_et_gb_content_width":"","footnotes":""},"class_list":["post-21184","page","type-page","status-publish","hentry"],"yoast_head":"<!-- This site is optimized with the Yoast SEO plugin v27.2 - https:\/\/yoast.com\/product\/yoast-seo-wordpress\/ -->\n<title>Principes g\u00e9n\u00e9raux d&#039;orientation pour les roentgenogrammes (radiographies) des patients indemnis\u00e9s pour accidents du travail | Best Hip &amp; Knee Surgeon | NY, USA<\/title>\n<meta name=\"description\" content=\"Les lignes directrices que vous voyez ici ont \u00e9t\u00e9 \u00e9labor\u00e9es par la commission des accidents du travail de l&#039;\u00c9tat de New York. Ils sont con\u00e7us pour aider\" \/>\n<meta name=\"robots\" content=\"index, follow, max-snippet:-1, max-image-preview:large, max-video-preview:-1\" \/>\n<link rel=\"canonical\" href=\"https:\/\/www.newyorkhipknee.com\/fr\/indemnisation-des-travailleurs\/lignes-directrices-pour-les-traitements-medicaux-mtg\/coude\/principes-generaux-dorientation-pour-les-roentgenogrammes-radiographies-des-patients-indemnises-pour-accidents-du-travail\/\" \/>\n<meta property=\"og:locale\" content=\"fr_FR\" \/>\n<meta property=\"og:type\" content=\"article\" \/>\n<meta property=\"og:title\" content=\"Principes g\u00e9n\u00e9raux d&#039;orientation pour les roentgenogrammes (radiographies) des patients indemnis\u00e9s pour accidents du travail | Best Hip &amp; Knee Surgeon | NY, USA\" \/>\n<meta property=\"og:description\" content=\"Les lignes directrices que vous voyez ici ont \u00e9t\u00e9 \u00e9labor\u00e9es par la commission des accidents du travail de l&#039;\u00c9tat de New York. Ils sont con\u00e7us pour aider\" \/>\n<meta property=\"og:url\" content=\"https:\/\/www.newyorkhipknee.com\/fr\/indemnisation-des-travailleurs\/lignes-directrices-pour-les-traitements-medicaux-mtg\/coude\/principes-generaux-dorientation-pour-les-roentgenogrammes-radiographies-des-patients-indemnises-pour-accidents-du-travail\/\" \/>\n<meta property=\"og:site_name\" content=\"Best Hip &amp; Knee Surgeon | NY, USA\" \/>\n<meta name=\"twitter:card\" content=\"summary_large_image\" \/>\n<meta name=\"twitter:label1\" content=\"Dur\u00e9e de lecture estim\u00e9e\" \/>\n\t<meta name=\"twitter:data1\" content=\"3 minutes\" \/>\n<script type=\"application\/ld+json\" class=\"yoast-schema-graph\">{\"@context\":\"https:\/\/schema.org\",\"@graph\":[{\"@type\":[\"WebPage\",\"MedicalWebPage\"],\"@id\":\"https:\/\/www.newyorkhipknee.com\/fr\/indemnisation-des-travailleurs\/lignes-directrices-pour-les-traitements-medicaux-mtg\/coude\/principes-generaux-dorientation-pour-les-roentgenogrammes-radiographies-des-patients-indemnises-pour-accidents-du-travail\/\",\"url\":\"https:\/\/www.newyorkhipknee.com\/fr\/indemnisation-des-travailleurs\/lignes-directrices-pour-les-traitements-medicaux-mtg\/coude\/principes-generaux-dorientation-pour-les-roentgenogrammes-radiographies-des-patients-indemnises-pour-accidents-du-travail\/\",\"name\":\"Principes g\u00e9n\u00e9raux d'orientation pour les roentgenogrammes (radiographies) des patients indemnis\u00e9s pour accidents du travail | Best Hip &amp; Knee Surgeon | NY, USA\",\"isPartOf\":{\"@id\":\"https:\/\/www.newyorkhipknee.com\/fr\/#website\"},\"datePublished\":\"2023-12-11T22:19:23+00:00\",\"description\":\"Les lignes directrices que vous voyez ici ont \u00e9t\u00e9 \u00e9labor\u00e9es par la commission des accidents du travail de l'\u00c9tat de New York. Ils sont con\u00e7us pour aider\",\"breadcrumb\":{\"@id\":\"https:\/\/www.newyorkhipknee.com\/fr\/indemnisation-des-travailleurs\/lignes-directrices-pour-les-traitements-medicaux-mtg\/coude\/principes-generaux-dorientation-pour-les-roentgenogrammes-radiographies-des-patients-indemnises-pour-accidents-du-travail\/#breadcrumb\"},\"inLanguage\":\"fr-FR\",\"potentialAction\":[{\"@type\":\"ReadAction\",\"target\":[\"https:\/\/www.newyorkhipknee.com\/fr\/indemnisation-des-travailleurs\/lignes-directrices-pour-les-traitements-medicaux-mtg\/coude\/principes-generaux-dorientation-pour-les-roentgenogrammes-radiographies-des-patients-indemnises-pour-accidents-du-travail\/\"]}]},{\"@type\":\"BreadcrumbList\",\"@id\":\"https:\/\/www.newyorkhipknee.com\/fr\/indemnisation-des-travailleurs\/lignes-directrices-pour-les-traitements-medicaux-mtg\/coude\/principes-generaux-dorientation-pour-les-roentgenogrammes-radiographies-des-patients-indemnises-pour-accidents-du-travail\/#breadcrumb\",\"itemListElement\":[{\"@type\":\"ListItem\",\"position\":1,\"name\":\"Home\",\"item\":\"https:\/\/www.newyorkhipknee.com\/fr\/\"},{\"@type\":\"ListItem\",\"position\":2,\"name\":\"Indemnisation des travailleurs\",\"item\":\"https:\/\/www.newyorkhipknee.com\/fr\/indemnisation-des-travailleurs\/\"},{\"@type\":\"ListItem\",\"position\":3,\"name\":\"Lignes directrices pour les traitements m\u00e9dicaux (MTG)\",\"item\":\"https:\/\/www.newyorkhipknee.com\/fr\/indemnisation-des-travailleurs\/lignes-directrices-pour-les-traitements-medicaux-mtg\/\"},{\"@type\":\"ListItem\",\"position\":4,\"name\":\"Coude\",\"item\":\"https:\/\/www.newyorkhipknee.com\/fr\/indemnisation-des-travailleurs\/lignes-directrices-pour-les-traitements-medicaux-mtg\/coude\/\"},{\"@type\":\"ListItem\",\"position\":5,\"name\":\"Principes g\u00e9n\u00e9raux d&rsquo;orientation pour les roentgenogrammes (radiographies) des patients indemnis\u00e9s pour accidents du travail\"}]},{\"@type\":\"WebSite\",\"@id\":\"https:\/\/www.newyorkhipknee.com\/fr\/#website\",\"url\":\"https:\/\/www.newyorkhipknee.com\/fr\/\",\"name\":\"Best Hip & Knee Surgeon | NY, USA\",\"description\":\"\",\"potentialAction\":[{\"@type\":\"SearchAction\",\"target\":{\"@type\":\"EntryPoint\",\"urlTemplate\":\"https:\/\/www.newyorkhipknee.com\/fr\/?s={search_term_string}\"},\"query-input\":{\"@type\":\"PropertyValueSpecification\",\"valueRequired\":true,\"valueName\":\"search_term_string\"}}],\"inLanguage\":\"fr-FR\"}]}<\/script>\n<!-- \/ Yoast SEO plugin. -->","yoast_head_json":{"title":"Principes g\u00e9n\u00e9raux d'orientation pour les roentgenogrammes (radiographies) des patients indemnis\u00e9s pour accidents du travail | Best Hip &amp; Knee Surgeon | NY, USA","description":"Les lignes directrices que vous voyez ici ont \u00e9t\u00e9 \u00e9labor\u00e9es par la commission des accidents du travail de l'\u00c9tat de New York. Ils sont con\u00e7us pour aider","robots":{"index":"index","follow":"follow","max-snippet":"max-snippet:-1","max-image-preview":"max-image-preview:large","max-video-preview":"max-video-preview:-1"},"canonical":"https:\/\/www.newyorkhipknee.com\/fr\/indemnisation-des-travailleurs\/lignes-directrices-pour-les-traitements-medicaux-mtg\/coude\/principes-generaux-dorientation-pour-les-roentgenogrammes-radiographies-des-patients-indemnises-pour-accidents-du-travail\/","og_locale":"fr_FR","og_type":"article","og_title":"Principes g\u00e9n\u00e9raux d'orientation pour les roentgenogrammes (radiographies) des patients indemnis\u00e9s pour accidents du travail | Best Hip &amp; Knee Surgeon | NY, USA","og_description":"Les lignes directrices que vous voyez ici ont \u00e9t\u00e9 \u00e9labor\u00e9es par la commission des accidents du travail de l'\u00c9tat de New York. Ils sont con\u00e7us pour aider","og_url":"https:\/\/www.newyorkhipknee.com\/fr\/indemnisation-des-travailleurs\/lignes-directrices-pour-les-traitements-medicaux-mtg\/coude\/principes-generaux-dorientation-pour-les-roentgenogrammes-radiographies-des-patients-indemnises-pour-accidents-du-travail\/","og_site_name":"Best Hip &amp; Knee Surgeon | NY, USA","twitter_card":"summary_large_image","twitter_misc":{"Dur\u00e9e de lecture estim\u00e9e":"3 minutes"},"schema":{"@context":"https:\/\/schema.org","@graph":[{"@type":["WebPage","MedicalWebPage"],"@id":"https:\/\/www.newyorkhipknee.com\/fr\/indemnisation-des-travailleurs\/lignes-directrices-pour-les-traitements-medicaux-mtg\/coude\/principes-generaux-dorientation-pour-les-roentgenogrammes-radiographies-des-patients-indemnises-pour-accidents-du-travail\/","url":"https:\/\/www.newyorkhipknee.com\/fr\/indemnisation-des-travailleurs\/lignes-directrices-pour-les-traitements-medicaux-mtg\/coude\/principes-generaux-dorientation-pour-les-roentgenogrammes-radiographies-des-patients-indemnises-pour-accidents-du-travail\/","name":"Principes g\u00e9n\u00e9raux d'orientation pour les roentgenogrammes (radiographies) des patients indemnis\u00e9s pour accidents du travail | Best Hip &amp; Knee Surgeon | NY, USA","isPartOf":{"@id":"https:\/\/www.newyorkhipknee.com\/fr\/#website"},"datePublished":"2023-12-11T22:19:23+00:00","description":"Les lignes directrices que vous voyez ici ont \u00e9t\u00e9 \u00e9labor\u00e9es par la commission des accidents du travail de l'\u00c9tat de New York. Ils sont con\u00e7us pour aider","breadcrumb":{"@id":"https:\/\/www.newyorkhipknee.com\/fr\/indemnisation-des-travailleurs\/lignes-directrices-pour-les-traitements-medicaux-mtg\/coude\/principes-generaux-dorientation-pour-les-roentgenogrammes-radiographies-des-patients-indemnises-pour-accidents-du-travail\/#breadcrumb"},"inLanguage":"fr-FR","potentialAction":[{"@type":"ReadAction","target":["https:\/\/www.newyorkhipknee.com\/fr\/indemnisation-des-travailleurs\/lignes-directrices-pour-les-traitements-medicaux-mtg\/coude\/principes-generaux-dorientation-pour-les-roentgenogrammes-radiographies-des-patients-indemnises-pour-accidents-du-travail\/"]}]},{"@type":"BreadcrumbList","@id":"https:\/\/www.newyorkhipknee.com\/fr\/indemnisation-des-travailleurs\/lignes-directrices-pour-les-traitements-medicaux-mtg\/coude\/principes-generaux-dorientation-pour-les-roentgenogrammes-radiographies-des-patients-indemnises-pour-accidents-du-travail\/#breadcrumb","itemListElement":[{"@type":"ListItem","position":1,"name":"Home","item":"https:\/\/www.newyorkhipknee.com\/fr\/"},{"@type":"ListItem","position":2,"name":"Indemnisation des travailleurs","item":"https:\/\/www.newyorkhipknee.com\/fr\/indemnisation-des-travailleurs\/"},{"@type":"ListItem","position":3,"name":"Lignes directrices pour les traitements m\u00e9dicaux (MTG)","item":"https:\/\/www.newyorkhipknee.com\/fr\/indemnisation-des-travailleurs\/lignes-directrices-pour-les-traitements-medicaux-mtg\/"},{"@type":"ListItem","position":4,"name":"Coude","item":"https:\/\/www.newyorkhipknee.com\/fr\/indemnisation-des-travailleurs\/lignes-directrices-pour-les-traitements-medicaux-mtg\/coude\/"},{"@type":"ListItem","position":5,"name":"Principes g\u00e9n\u00e9raux d&rsquo;orientation pour les roentgenogrammes (radiographies) des patients indemnis\u00e9s pour accidents du travail"}]},{"@type":"WebSite","@id":"https:\/\/www.newyorkhipknee.com\/fr\/#website","url":"https:\/\/www.newyorkhipknee.com\/fr\/","name":"Best Hip & Knee Surgeon | NY, USA","description":"","potentialAction":[{"@type":"SearchAction","target":{"@type":"EntryPoint","urlTemplate":"https:\/\/www.newyorkhipknee.com\/fr\/?s={search_term_string}"},"query-input":{"@type":"PropertyValueSpecification","valueRequired":true,"valueName":"search_term_string"}}],"inLanguage":"fr-FR"}]}},"_links":{"self":[{"href":"https:\/\/www.newyorkhipknee.com\/fr\/wp-json\/wp\/v2\/pages\/21184","targetHints":{"allow":["GET"]}}],"collection":[{"href":"https:\/\/www.newyorkhipknee.com\/fr\/wp-json\/wp\/v2\/pages"}],"about":[{"href":"https:\/\/www.newyorkhipknee.com\/fr\/wp-json\/wp\/v2\/types\/page"}],"author":[{"embeddable":true,"href":"https:\/\/www.newyorkhipknee.com\/fr\/wp-json\/wp\/v2\/users\/33"}],"replies":[{"embeddable":true,"href":"https:\/\/www.newyorkhipknee.com\/fr\/wp-json\/wp\/v2\/comments?post=21184"}],"version-history":[{"count":0,"href":"https:\/\/www.newyorkhipknee.com\/fr\/wp-json\/wp\/v2\/pages\/21184\/revisions"}],"up":[{"embeddable":true,"href":"https:\/\/www.newyorkhipknee.com\/fr\/wp-json\/wp\/v2\/pages\/21158"}],"wp:attachment":[{"href":"https:\/\/www.newyorkhipknee.com\/fr\/wp-json\/wp\/v2\/media?parent=21184"}],"curies":[{"name":"wp","href":"https:\/\/api.w.org\/{rel}","templated":true}]}}