{"id":21187,"date":"2023-12-12T13:00:57","date_gmt":"2023-12-12T18:00:57","guid":{"rendered":"https:\/\/newyorkhipknee.com\/coude\/tests-en-laboratoire\/"},"modified":"2023-12-12T13:00:57","modified_gmt":"2023-12-12T18:00:57","slug":"tests-en-laboratoire","status":"publish","type":"page","link":"https:\/\/www.newyorkhipknee.com\/fr\/indemnisation-des-travailleurs\/lignes-directrices-pour-les-traitements-medicaux-mtg\/coude\/tests-en-laboratoire\/","title":{"rendered":"Tests en laboratoire"},"content":{"rendered":"<h1>Principes directeurs g\u00e9n\u00e9raux pour les essais en laboratoire<br \/>\npour les patients victimes d&rsquo;accidents du travail<\/h1>\n<p>Les lignes directrices formul\u00e9es par la commission des accidents du travail de l&rsquo;\u00c9tat de New York sont con\u00e7ues pour aider les m\u00e9decins, les podologues et les professionnels de la sant\u00e9 \u00e0 administrer un traitement appropri\u00e9 pour les tests de laboratoire.<\/p>\n<p>Ces lignes directrices constituent une ressource pour les professionnels de la sant\u00e9, car elles leur permettent de d\u00e9terminer le niveau optimal de soins pour les personnes souffrant de troubles de la cheville et du pied.<\/p>\n<p>Il est essentiel de noter que ces lignes directrices ne remplacent pas le jugement clinique ou l&rsquo;expertise acquise par l&rsquo;exp\u00e9rience professionnelle. La d\u00e9cision finale concernant les soins du patient appartient \u00e0 l&rsquo;individu, et il est recommand\u00e9 aux patients de consulter leur fournisseur de soins de sant\u00e9 pour prendre des d\u00e9cisions \u00e9clair\u00e9es concernant leur traitement.<\/p>\n<p>&nbsp;<\/p>\n<h2>Tests de laboratoire pour les l\u00e9sions du coude<\/h2>\n<p>\u00c0 moins que les ant\u00e9c\u00e9dents et\/ou l&rsquo;examen physique du patient ne permettent de soup\u00e7onner l&rsquo;existence d&rsquo;un probl\u00e8me de sant\u00e9 plus vaste, tel qu&rsquo;une maladie syst\u00e9mique, une infection, une n\u00e9oplasie, une affection du tissu conjonctif, une arthrite sous-jacente ou un probl\u00e8me rhumatologique, les \u00e9valuations initiales impliquent rarement des tests de laboratoire. Voici quelques tests qui peuvent \u00eatre envisag\u00e9s :<\/p>\n<p><strong>Anticorps pour les maladies rhumatismales<\/strong> Divers anticorps peuvent indiquer des maladies rhumatismales sp\u00e9cifiques (par exemple, lupus \u00e9ryth\u00e9mateux diss\u00e9min\u00e9, polyarthrite rhumato\u00efde). Ces anticorps comprennent le facteur rhumato\u00efde, les anticorps antinucl\u00e9aires, les anti-Sm, les anti-Ro et les anti-La. Elles sont particuli\u00e8rement pertinentes pour les personnes souffrant de douleurs au coude et suspect\u00e9es d&rsquo;affections rhumatismales.<\/p>\n<p><strong>Anticorps pour confirmer les troubles rhumatologiques<\/strong> Ces anticorps sont recommand\u00e9s en cas de forte suspicion d&rsquo;une affection rhumatismale \u00e0 l&rsquo;origine de douleurs au coude.<\/p>\n<p><strong>Anticorps pour des troubles sp\u00e9cifiques<\/strong> Utilis\u00e9s comme test de d\u00e9pistage, ces anticorps peuvent aider \u00e0 diagnostiquer des maladies telles que la polyarthrite rhumato\u00efde. Toutefois, ils doivent \u00eatre utilis\u00e9s de mani\u00e8re s\u00e9lective afin d&rsquo;\u00e9viter les faux positifs et une faible probabilit\u00e9 de pr\u00e9-test.<\/p>\n<p><strong>Marqueurs inflammatoires non sp\u00e9cifiques<\/strong> Des tests tels que la prot\u00e9ine C-r\u00e9active (CRP), la vitesse de s\u00e9dimentation des \u00e9rythrocytes (ESR), la ferritine et un \u00e9cart \u00e9lev\u00e9 entre les prot\u00e9ines totales et l&rsquo;albumine sont des mesures s\u00e9rologiques indiquant une inflammation. Ils sont recommand\u00e9s pour le d\u00e9pistage des troubles inflammatoires chez les patients souffrant de douleurs subaigu\u00ebs ou chroniques au coude.<\/p>\n<p><strong>Prot\u00e9ine C-r\u00e9active, vitesse de s\u00e9dimentation des \u00e9rythrocytes et autres marqueurs inflammatoires pour le d\u00e9pistage des troubles inflammatoires<\/strong> Ces marqueurs sont sugg\u00e9r\u00e9s pour le d\u00e9pistage des patients souffrant de douleurs subaigu\u00ebs ou persistantes au coude et soup\u00e7onn\u00e9s d&rsquo;\u00eatre atteints d&rsquo;une affection inflammatoire.<\/p>\n<p>Ces tests sont utiles mais doivent \u00eatre utilis\u00e9s de mani\u00e8re judicieuse, en tenant compte des sympt\u00f4mes du patient et en \u00e9vitant de proc\u00e9der \u00e0 des tests trop g\u00e9n\u00e9raux sans avoir de diagnostic sp\u00e9cifique \u00e0 l&rsquo;esprit.<\/p>\n<p>&nbsp;<\/p>\n<h2>Ce que notre cabinet peut faire si vous \u00eates victime d&rsquo;un accident du travail<\/h2>\n<p>Nous disposons de l&rsquo;expertise n\u00e9cessaire pour vous aider \u00e0 r\u00e9soudre vos probl\u00e8mes d&rsquo;indemnisation des accidents du travail. Nous comprenons les d\u00e9fis auxquels vous \u00eates confront\u00e9s et nous nous engageons \u00e0 r\u00e9pondre \u00e0 vos besoins m\u00e9dicaux tout en respectant les directives \u00e9tablies par la Commission des accidents du travail de l&rsquo;\u00c9tat de New York.<\/p>\n<p>Conscients de l&rsquo;importance de vos dossiers d&rsquo;indemnisation des accidents du travail, nous sommes l\u00e0 pour vous guider dans la complexit\u00e9 des interactions avec la compagnie d&rsquo;assurance des accidents du travail et votre employeur.<\/p>\n<p>Nous sommes conscients qu&rsquo;il s&rsquo;agit d&rsquo;une p\u00e9riode difficile pour vous et votre famille. Si vous souhaitez prendre un rendez-vous, n&rsquo;h\u00e9sitez pas \u00e0 nous contacter. Nous nous effor\u00e7ons de faire en sorte que le processus soit le plus fluide et le moins stressant possible pour vous.<\/p>\n","protected":false},"excerpt":{"rendered":"<p>Principes directeurs g\u00e9n\u00e9raux pour les essais en laboratoire pour les patients victimes d&rsquo;accidents du travail Les lignes directrices formul\u00e9es par la commission des accidents du travail de l&rsquo;\u00c9tat de New York sont con\u00e7ues pour aider les m\u00e9decins, les podologues et les professionnels de la sant\u00e9 \u00e0 administrer un traitement appropri\u00e9 pour les tests de laboratoire. [&hellip;]<\/p>\n","protected":false},"author":33,"featured_media":0,"parent":21158,"menu_order":0,"comment_status":"closed","ping_status":"closed","template":"","meta":{"_et_pb_use_builder":"","_et_pb_old_content":"","_et_gb_content_width":"","footnotes":""},"class_list":["post-21187","page","type-page","status-publish","hentry"],"yoast_head":"<!-- This site is optimized with the Yoast SEO plugin v27.2 - https:\/\/yoast.com\/product\/yoast-seo-wordpress\/ -->\n<title>Tests en laboratoire | Best Hip &amp; Knee Surgeon | NY, USA<\/title>\n<meta name=\"description\" content=\"Principes directeurs g\u00e9n\u00e9raux pour les essais en laboratoire pour les patients victimes d&#039;accidents du travail Les lignes directrices formul\u00e9es par la\" \/>\n<meta name=\"robots\" content=\"index, follow, max-snippet:-1, max-image-preview:large, max-video-preview:-1\" \/>\n<link rel=\"canonical\" href=\"https:\/\/www.newyorkhipknee.com\/fr\/indemnisation-des-travailleurs\/lignes-directrices-pour-les-traitements-medicaux-mtg\/coude\/tests-en-laboratoire\/\" \/>\n<meta property=\"og:locale\" content=\"fr_FR\" \/>\n<meta property=\"og:type\" content=\"article\" \/>\n<meta property=\"og:title\" content=\"Tests en laboratoire | Best Hip &amp; Knee Surgeon | NY, USA\" \/>\n<meta property=\"og:description\" content=\"Principes directeurs g\u00e9n\u00e9raux pour les essais en laboratoire pour les patients victimes d&#039;accidents du travail Les lignes directrices formul\u00e9es par la\" \/>\n<meta property=\"og:url\" content=\"https:\/\/www.newyorkhipknee.com\/fr\/indemnisation-des-travailleurs\/lignes-directrices-pour-les-traitements-medicaux-mtg\/coude\/tests-en-laboratoire\/\" \/>\n<meta property=\"og:site_name\" content=\"Best Hip &amp; Knee Surgeon | NY, USA\" \/>\n<meta name=\"twitter:card\" content=\"summary_large_image\" \/>\n<meta name=\"twitter:label1\" content=\"Dur\u00e9e de lecture estim\u00e9e\" \/>\n\t<meta name=\"twitter:data1\" content=\"3 minutes\" \/>\n<script type=\"application\/ld+json\" class=\"yoast-schema-graph\">{\"@context\":\"https:\/\/schema.org\",\"@graph\":[{\"@type\":[\"WebPage\",\"MedicalWebPage\"],\"@id\":\"https:\/\/www.newyorkhipknee.com\/fr\/indemnisation-des-travailleurs\/lignes-directrices-pour-les-traitements-medicaux-mtg\/coude\/tests-en-laboratoire\/\",\"url\":\"https:\/\/www.newyorkhipknee.com\/fr\/indemnisation-des-travailleurs\/lignes-directrices-pour-les-traitements-medicaux-mtg\/coude\/tests-en-laboratoire\/\",\"name\":\"Tests en laboratoire | Best Hip &amp; Knee Surgeon | NY, USA\",\"isPartOf\":{\"@id\":\"https:\/\/www.newyorkhipknee.com\/fr\/#website\"},\"datePublished\":\"2023-12-12T18:00:57+00:00\",\"description\":\"Principes directeurs g\u00e9n\u00e9raux pour les essais en laboratoire pour les patients victimes d'accidents du travail Les lignes directrices formul\u00e9es par la\",\"breadcrumb\":{\"@id\":\"https:\/\/www.newyorkhipknee.com\/fr\/indemnisation-des-travailleurs\/lignes-directrices-pour-les-traitements-medicaux-mtg\/coude\/tests-en-laboratoire\/#breadcrumb\"},\"inLanguage\":\"fr-FR\",\"potentialAction\":[{\"@type\":\"ReadAction\",\"target\":[\"https:\/\/www.newyorkhipknee.com\/fr\/indemnisation-des-travailleurs\/lignes-directrices-pour-les-traitements-medicaux-mtg\/coude\/tests-en-laboratoire\/\"]}]},{\"@type\":\"BreadcrumbList\",\"@id\":\"https:\/\/www.newyorkhipknee.com\/fr\/indemnisation-des-travailleurs\/lignes-directrices-pour-les-traitements-medicaux-mtg\/coude\/tests-en-laboratoire\/#breadcrumb\",\"itemListElement\":[{\"@type\":\"ListItem\",\"position\":1,\"name\":\"Home\",\"item\":\"https:\/\/www.newyorkhipknee.com\/fr\/\"},{\"@type\":\"ListItem\",\"position\":2,\"name\":\"Indemnisation des travailleurs\",\"item\":\"https:\/\/www.newyorkhipknee.com\/fr\/indemnisation-des-travailleurs\/\"},{\"@type\":\"ListItem\",\"position\":3,\"name\":\"Lignes directrices pour les traitements m\u00e9dicaux (MTG)\",\"item\":\"https:\/\/www.newyorkhipknee.com\/fr\/indemnisation-des-travailleurs\/lignes-directrices-pour-les-traitements-medicaux-mtg\/\"},{\"@type\":\"ListItem\",\"position\":4,\"name\":\"Coude\",\"item\":\"https:\/\/www.newyorkhipknee.com\/fr\/indemnisation-des-travailleurs\/lignes-directrices-pour-les-traitements-medicaux-mtg\/coude\/\"},{\"@type\":\"ListItem\",\"position\":5,\"name\":\"Tests en laboratoire\"}]},{\"@type\":\"WebSite\",\"@id\":\"https:\/\/www.newyorkhipknee.com\/fr\/#website\",\"url\":\"https:\/\/www.newyorkhipknee.com\/fr\/\",\"name\":\"Best Hip & Knee Surgeon | NY, USA\",\"description\":\"\",\"potentialAction\":[{\"@type\":\"SearchAction\",\"target\":{\"@type\":\"EntryPoint\",\"urlTemplate\":\"https:\/\/www.newyorkhipknee.com\/fr\/?s={search_term_string}\"},\"query-input\":{\"@type\":\"PropertyValueSpecification\",\"valueRequired\":true,\"valueName\":\"search_term_string\"}}],\"inLanguage\":\"fr-FR\"}]}<\/script>\n<!-- \/ Yoast SEO plugin. -->","yoast_head_json":{"title":"Tests en laboratoire | Best Hip &amp; Knee Surgeon | NY, USA","description":"Principes directeurs g\u00e9n\u00e9raux pour les essais en laboratoire pour les patients victimes d'accidents du travail Les lignes directrices formul\u00e9es par la","robots":{"index":"index","follow":"follow","max-snippet":"max-snippet:-1","max-image-preview":"max-image-preview:large","max-video-preview":"max-video-preview:-1"},"canonical":"https:\/\/www.newyorkhipknee.com\/fr\/indemnisation-des-travailleurs\/lignes-directrices-pour-les-traitements-medicaux-mtg\/coude\/tests-en-laboratoire\/","og_locale":"fr_FR","og_type":"article","og_title":"Tests en laboratoire | Best Hip &amp; Knee Surgeon | NY, USA","og_description":"Principes directeurs g\u00e9n\u00e9raux pour les essais en laboratoire pour les patients victimes d'accidents du travail Les lignes directrices formul\u00e9es par la","og_url":"https:\/\/www.newyorkhipknee.com\/fr\/indemnisation-des-travailleurs\/lignes-directrices-pour-les-traitements-medicaux-mtg\/coude\/tests-en-laboratoire\/","og_site_name":"Best Hip &amp; Knee Surgeon | NY, USA","twitter_card":"summary_large_image","twitter_misc":{"Dur\u00e9e de lecture estim\u00e9e":"3 minutes"},"schema":{"@context":"https:\/\/schema.org","@graph":[{"@type":["WebPage","MedicalWebPage"],"@id":"https:\/\/www.newyorkhipknee.com\/fr\/indemnisation-des-travailleurs\/lignes-directrices-pour-les-traitements-medicaux-mtg\/coude\/tests-en-laboratoire\/","url":"https:\/\/www.newyorkhipknee.com\/fr\/indemnisation-des-travailleurs\/lignes-directrices-pour-les-traitements-medicaux-mtg\/coude\/tests-en-laboratoire\/","name":"Tests en laboratoire | Best Hip &amp; Knee Surgeon | NY, USA","isPartOf":{"@id":"https:\/\/www.newyorkhipknee.com\/fr\/#website"},"datePublished":"2023-12-12T18:00:57+00:00","description":"Principes directeurs g\u00e9n\u00e9raux pour les essais en laboratoire pour les patients victimes d'accidents du travail Les lignes directrices formul\u00e9es par la","breadcrumb":{"@id":"https:\/\/www.newyorkhipknee.com\/fr\/indemnisation-des-travailleurs\/lignes-directrices-pour-les-traitements-medicaux-mtg\/coude\/tests-en-laboratoire\/#breadcrumb"},"inLanguage":"fr-FR","potentialAction":[{"@type":"ReadAction","target":["https:\/\/www.newyorkhipknee.com\/fr\/indemnisation-des-travailleurs\/lignes-directrices-pour-les-traitements-medicaux-mtg\/coude\/tests-en-laboratoire\/"]}]},{"@type":"BreadcrumbList","@id":"https:\/\/www.newyorkhipknee.com\/fr\/indemnisation-des-travailleurs\/lignes-directrices-pour-les-traitements-medicaux-mtg\/coude\/tests-en-laboratoire\/#breadcrumb","itemListElement":[{"@type":"ListItem","position":1,"name":"Home","item":"https:\/\/www.newyorkhipknee.com\/fr\/"},{"@type":"ListItem","position":2,"name":"Indemnisation des travailleurs","item":"https:\/\/www.newyorkhipknee.com\/fr\/indemnisation-des-travailleurs\/"},{"@type":"ListItem","position":3,"name":"Lignes directrices pour les traitements m\u00e9dicaux (MTG)","item":"https:\/\/www.newyorkhipknee.com\/fr\/indemnisation-des-travailleurs\/lignes-directrices-pour-les-traitements-medicaux-mtg\/"},{"@type":"ListItem","position":4,"name":"Coude","item":"https:\/\/www.newyorkhipknee.com\/fr\/indemnisation-des-travailleurs\/lignes-directrices-pour-les-traitements-medicaux-mtg\/coude\/"},{"@type":"ListItem","position":5,"name":"Tests en laboratoire"}]},{"@type":"WebSite","@id":"https:\/\/www.newyorkhipknee.com\/fr\/#website","url":"https:\/\/www.newyorkhipknee.com\/fr\/","name":"Best Hip & Knee Surgeon | NY, USA","description":"","potentialAction":[{"@type":"SearchAction","target":{"@type":"EntryPoint","urlTemplate":"https:\/\/www.newyorkhipknee.com\/fr\/?s={search_term_string}"},"query-input":{"@type":"PropertyValueSpecification","valueRequired":true,"valueName":"search_term_string"}}],"inLanguage":"fr-FR"}]}},"_links":{"self":[{"href":"https:\/\/www.newyorkhipknee.com\/fr\/wp-json\/wp\/v2\/pages\/21187","targetHints":{"allow":["GET"]}}],"collection":[{"href":"https:\/\/www.newyorkhipknee.com\/fr\/wp-json\/wp\/v2\/pages"}],"about":[{"href":"https:\/\/www.newyorkhipknee.com\/fr\/wp-json\/wp\/v2\/types\/page"}],"author":[{"embeddable":true,"href":"https:\/\/www.newyorkhipknee.com\/fr\/wp-json\/wp\/v2\/users\/33"}],"replies":[{"embeddable":true,"href":"https:\/\/www.newyorkhipknee.com\/fr\/wp-json\/wp\/v2\/comments?post=21187"}],"version-history":[{"count":0,"href":"https:\/\/www.newyorkhipknee.com\/fr\/wp-json\/wp\/v2\/pages\/21187\/revisions"}],"up":[{"embeddable":true,"href":"https:\/\/www.newyorkhipknee.com\/fr\/wp-json\/wp\/v2\/pages\/21158"}],"wp:attachment":[{"href":"https:\/\/www.newyorkhipknee.com\/fr\/wp-json\/wp\/v2\/media?parent=21187"}],"curies":[{"name":"wp","href":"https:\/\/api.w.org\/{rel}","templated":true}]}}