{"id":21188,"date":"2023-12-12T15:56:25","date_gmt":"2023-12-12T20:56:25","guid":{"rendered":"https:\/\/newyorkhipknee.com\/coude\/electromyographie-et-etude-de-la-conduction-nerveuse\/"},"modified":"2023-12-12T15:56:25","modified_gmt":"2023-12-12T20:56:25","slug":"electromyographie-et-etude-de-la-conduction-nerveuse","status":"publish","type":"page","link":"https:\/\/www.newyorkhipknee.com\/fr\/indemnisation-des-travailleurs\/lignes-directrices-pour-les-traitements-medicaux-mtg\/coude\/electromyographie-et-etude-de-la-conduction-nerveuse\/","title":{"rendered":"\u00c9lectromyographie et \u00e9tude de la conduction nerveuse"},"content":{"rendered":"<p>La commission des accidents du travail de l&rsquo;\u00c9tat de New York a formul\u00e9 ces lignes directrices pour aider les m\u00e9decins, les podologues et les autres professionnels de la sant\u00e9 \u00e0 fournir un traitement ad\u00e9quat impliquant des \u00e9tudes d&rsquo;\u00e9lectromyographie et de conduction nerveuse (\u00e9tudes \u00e9lectrodiagnostiques). Ces lignes directrices sont con\u00e7ues pour aider les professionnels de la sant\u00e9 \u00e0 prendre des d\u00e9cisions \u00e9clair\u00e9es sur le niveau de soins appropri\u00e9 pour leurs patients souffrant de troubles de la cheville et du pied.<\/p>\n<p>Il est essentiel de souligner que ces lignes directrices ne remplacent pas le jugement clinique ou l&rsquo;expertise professionnelle des professionnels de la sant\u00e9. La d\u00e9cision finale concernant les soins au patient doit \u00eatre prise en collaboration, en impliquant le patient en consultation avec son prestataire de soins de sant\u00e9.<\/p>\n<p>Ces lignes directrices offrent des indications pr\u00e9cieuses pour aider les professionnels de la sant\u00e9 \u00e0 d\u00e9terminer le traitement appropri\u00e9 pour les personnes souffrant de troubles de la cheville et du pied, en particulier lorsque l&rsquo;\u00e9lectromyographie et l&rsquo;\u00e9tude de la conduction nerveuse sont prises en compte dans le cadre du plan de diagnostic et de traitement.<\/p>\n<h2>Electromyographie et \u00e9tudes de la conduction nerveuse (\u00e9tudes \u00e9lectrodiagnostiques)<\/h2>\n<p><strong>\u00c9tudes \u00e9lectrodiagnostiques dans le diagnostic et la prise en charge des pi\u00e9geages nerveux p\u00e9riph\u00e9riques<\/strong><\/p>\n<p>Les tests \u00e9lectrodiagnostiques (ED) jouent un r\u00f4le crucial dans la confirmation des impressions diagnostiques li\u00e9es \u00e0 divers pi\u00e9geages des nerfs p\u00e9riph\u00e9riques, en particulier dans les extr\u00e9mit\u00e9s sup\u00e9rieures. Ces tests sont des outils pr\u00e9cieux pour diff\u00e9rencier les pi\u00e9geages p\u00e9riph\u00e9riques de la radiculopathie cervicale, en particulier dans les cas de neuropathie l\u00e9g\u00e8re. Dans certains cas, lorsque les sympt\u00f4mes persistent malgr\u00e9 des \u00e9tudes d&rsquo;ED n\u00e9gatives, il peut \u00eatre n\u00e9cessaire de r\u00e9p\u00e9ter les tests plus tard au cours du traitement.<\/p>\n<p>Il est important de noter que certaines personnes pr\u00e9sentant des anomalies dans les tests de dysfonctionnement \u00e9rectile peuvent ne pas pr\u00e9senter de sympt\u00f4mes. Par cons\u00e9quent, la r\u00e9alisation d&rsquo;examens aux urgences chez des patients pr\u00e9sentant une faible probabilit\u00e9 de pi\u00e9geage du nerf p\u00e9riph\u00e9rique avant le test peut conduire \u00e0 des diagnostics inexacts.<\/p>\n<p><strong>\u00c9tudes \u00e9lectrodiagnostiques pour le diagnostic des pi\u00e9geages nerveux p\u00e9riph\u00e9riques subaigus ou chroniques<\/strong><\/p>\n<p><em>Indications :<\/em> Patients pr\u00e9sentant des paresth\u00e9sies aigu\u00ebs ou persistantes, avec ou sans douleur, en particulier lorsque le diagnostic est incertain. La technique de l&rsquo;inching, en plus des \u00e9tudes segmentaires, est recommand\u00e9e pour les patients souffrant de neuropathies p\u00e9riph\u00e9riques dans la r\u00e9gion du coude afin d&rsquo;identifier le pi\u00e9geage et de guider les interventions th\u00e9rapeutiques.<\/p>\n<p><strong>\u00c9tudes \u00e9lectrodiagnostiques pour le diagnostic et l&rsquo;\u00e9valuation pr\u00e9op\u00e9ratoire des pi\u00e9geages nerveux p\u00e9riph\u00e9riques<\/strong><\/p>\n<p><strong><br \/>\n  <em>Indications :<\/em><br \/>\n<\/strong> Recommand\u00e9 pour les patients dont le diagnostic n&rsquo;est pas clair afin d&rsquo;\u00e9tablir un diagnostic d\u00e9finitif. Les \u00e9tudes de DE sont conseill\u00e9es comme l&rsquo;une des m\u00e9thodes permettant de d\u00e9terminer avec pr\u00e9cision un diagnostic avant d&rsquo;envisager une lib\u00e9ration chirurgicale.<\/p>\n<p><strong>\u00c9tudes \u00e9lectrodiagnostiques pour l&rsquo;\u00e9valuation initiale des patients soup\u00e7onn\u00e9s d&rsquo;avoir un pi\u00e9geage nerveux p\u00e9riph\u00e9rique<\/strong><\/p>\n<p><strong><em>Recommandation :<\/em> <\/strong>Non recommand\u00e9 pour la majorit\u00e9 des \u00e9valuations initiales des patients, car cela n&rsquo;a pas d&rsquo;impact sur la prise en charge de leur pathologie.<\/p>\n<p><strong><br \/>\n  <em>Justification de la recommandation :<\/em><br \/>\n<\/strong> Les examens du DE sont principalement utilis\u00e9s pour localiser le site des anomalies de la conduction nerveuse, \u00e9tayer d&rsquo;autres hypoth\u00e8ses diagnostiques et confirmer la fonction nerveuse dans le cas d&rsquo;affections op\u00e9ratoires telles que le syndrome du canal carpien (SCC). Bien qu&rsquo;elles soient conseill\u00e9es dans des cas sp\u00e9cifiques, tels que le syndrome du pronateur et les neuropathies radiales ou cubitales au niveau du coude, les \u00e9tudes ED ne sont pas n\u00e9cessaires pour l&rsquo;\u00e9valuation initiale de la plupart des patients suspect\u00e9s d&rsquo;avoir un pi\u00e9geage du nerf p\u00e9riph\u00e9rique.<\/p>\n<h2>Ce que notre cabinet peut faire si vous \u00eates victime d&rsquo;un accident du travail<\/h2>\n<div class=\"flex-1 overflow-hidden\">\n<div class=\"react-scroll-to-bottom--css-agqap-79elbk h-full\">\n<div class=\"react-scroll-to-bottom--css-agqap-1n7m0yu\">\n<div class=\"flex flex-col pb-9 text-sm\">\n<div class=\"w-full text-token-text-primary\" data-testid=\"conversation-turn-203\">\n<div class=\"px-4 py-2 justify-center text-base md:gap-6 m-auto\">\n<div class=\"flex flex-1 text-base mx-auto gap-3 md:px-5 lg:px-1 xl:px-5 md:max-w-3xl lg:max-w-[40rem] xl:max-w-[48rem] group final-completion\">\n<div class=\"relative flex w-full flex-col lg:w-[calc(100%-115px)] agent-turn\">\n<div class=\"flex-col gap-1 md:gap-3\">\n<div class=\"flex flex-grow flex-col max-w-full\">\n<div class=\"min-h-[20px] text-message flex flex-col items-start gap-3 whitespace-pre-wrap break-words [.text-message+&amp;]:mt-5 overflow-x-auto\" data-message-author-role=\"assistant\" data-message-id=\"d8413548-bd76-4f64-b9e6-459079739ede\">\n<div class=\"markdown prose w-full break-words dark:prose-invert dark\">\n<p>Nous poss\u00e9dons l&rsquo;expertise n\u00e9cessaire pour vous aider \u00e0 r\u00e9soudre vos probl\u00e8mes d&rsquo;indemnisation des accidents du travail. Nous comprenons les d\u00e9fis auxquels vous \u00eates confront\u00e9s et nous nous engageons \u00e0 r\u00e9pondre \u00e0 vos besoins m\u00e9dicaux conform\u00e9ment aux lignes directrices \u00e9tablies par la commission des accidents du travail de l&rsquo;\u00c9tat de New York.<\/p>\n<p>Conscients de l&rsquo;importance de vos dossiers d&rsquo;indemnisation des accidents du travail, nous sommes l\u00e0 pour vous guider dans la complexit\u00e9 des interactions avec la compagnie d&rsquo;assurance des accidents du travail et votre employeur.<\/p>\n<p>Nous sommes conscients que cette p\u00e9riode est stressante pour vous et votre famille. Si vous souhaitez prendre un rendez-vous, n&rsquo;h\u00e9sitez pas \u00e0 nous contacter et nous nous efforcerons de rendre la proc\u00e9dure aussi simple que possible pour vous.<\/p>\n<\/div>\n<\/div>\n<\/div>\n<div class=\"mt-1 flex justify-start gap-3 empty:hidden\">\n<div class=\"text-gray-400 flex self-end lg:self-center justify-center lg:justify-start mt-0 gap-1 visible\"><button class=\"flex items-center gap-1.5 rounded-md p-1 pl-0 text-xs hover:text-gray-950 dark:text-gray-400 dark:hover:text-gray-200 disabled:dark:hover:text-gray-400 md:invisible md:group-hover:visible md:group-[.final-completion]:visible\"><\/button><\/p>\n<div class=\"flex gap-1\"><\/div>\n<div class=\"flex items-center gap-1.5 text-xs\"><\/div>\n<\/div>\n<\/div>\n<\/div>\n<\/div>\n<\/div>\n<\/div>\n<\/div>\n<\/div>\n<\/div>\n<\/div>\n<\/div>\n<div class=\"w-full pt-2 md:pt-0 dark:border-white\/20 md:border-transparent md:dark:border-transparent md:w-[calc(100%-.5rem)]\">\n<form class=\"stretch mx-2 flex flex-row gap-3 last:mb-2 md:mx-4 md:last:mb-6 lg:mx-auto lg:max-w-2xl xl:max-w-3xl\">\n<div class=\"relative flex h-full flex-1 items-stretch md:flex-col\">\n<div class=\"flex w-full items-center\"><\/div>\n<\/div>\n<\/form>\n<\/div>\n","protected":false},"excerpt":{"rendered":"<p>La commission des accidents du travail de l&rsquo;\u00c9tat de New York a formul\u00e9 ces lignes directrices pour aider les m\u00e9decins, les podologues et les autres professionnels de la sant\u00e9 \u00e0 fournir un traitement ad\u00e9quat impliquant des \u00e9tudes d&rsquo;\u00e9lectromyographie et de conduction nerveuse (\u00e9tudes \u00e9lectrodiagnostiques). Ces lignes directrices sont con\u00e7ues pour aider les professionnels de la [&hellip;]<\/p>\n","protected":false},"author":33,"featured_media":0,"parent":21158,"menu_order":0,"comment_status":"closed","ping_status":"closed","template":"","meta":{"_et_pb_use_builder":"","_et_pb_old_content":"","_et_gb_content_width":"","footnotes":""},"class_list":["post-21188","page","type-page","status-publish","hentry"],"yoast_head":"<!-- This site is optimized with the Yoast SEO plugin v27.2 - https:\/\/yoast.com\/product\/yoast-seo-wordpress\/ -->\n<title>\u00c9lectromyographie et \u00e9tude de la conduction nerveuse | Best Hip &amp; Knee Surgeon | NY, USA<\/title>\n<meta name=\"description\" content=\"La commission des accidents du travail de l&#039;\u00c9tat de New York a formul\u00e9 ces lignes directrices pour aider les m\u00e9decins, les podologues et les autres\" \/>\n<meta name=\"robots\" content=\"index, follow, max-snippet:-1, max-image-preview:large, max-video-preview:-1\" \/>\n<link rel=\"canonical\" href=\"https:\/\/www.newyorkhipknee.com\/fr\/indemnisation-des-travailleurs\/lignes-directrices-pour-les-traitements-medicaux-mtg\/coude\/electromyographie-et-etude-de-la-conduction-nerveuse\/\" \/>\n<meta property=\"og:locale\" content=\"fr_FR\" \/>\n<meta property=\"og:type\" content=\"article\" \/>\n<meta property=\"og:title\" content=\"\u00c9lectromyographie et \u00e9tude de la conduction nerveuse | Best Hip &amp; Knee Surgeon | NY, USA\" \/>\n<meta property=\"og:description\" content=\"La commission des accidents du travail de l&#039;\u00c9tat de New York a formul\u00e9 ces lignes directrices pour aider les m\u00e9decins, les podologues et les autres\" \/>\n<meta property=\"og:url\" content=\"https:\/\/www.newyorkhipknee.com\/fr\/indemnisation-des-travailleurs\/lignes-directrices-pour-les-traitements-medicaux-mtg\/coude\/electromyographie-et-etude-de-la-conduction-nerveuse\/\" \/>\n<meta property=\"og:site_name\" content=\"Best Hip &amp; Knee Surgeon | NY, USA\" \/>\n<meta name=\"twitter:card\" content=\"summary_large_image\" \/>\n<meta name=\"twitter:label1\" content=\"Dur\u00e9e de lecture estim\u00e9e\" \/>\n\t<meta name=\"twitter:data1\" content=\"4 minutes\" \/>\n<script type=\"application\/ld+json\" class=\"yoast-schema-graph\">{\"@context\":\"https:\/\/schema.org\",\"@graph\":[{\"@type\":[\"WebPage\",\"MedicalWebPage\"],\"@id\":\"https:\/\/www.newyorkhipknee.com\/fr\/indemnisation-des-travailleurs\/lignes-directrices-pour-les-traitements-medicaux-mtg\/coude\/electromyographie-et-etude-de-la-conduction-nerveuse\/\",\"url\":\"https:\/\/www.newyorkhipknee.com\/fr\/indemnisation-des-travailleurs\/lignes-directrices-pour-les-traitements-medicaux-mtg\/coude\/electromyographie-et-etude-de-la-conduction-nerveuse\/\",\"name\":\"\u00c9lectromyographie et \u00e9tude de la conduction nerveuse | Best Hip &amp; Knee Surgeon | NY, USA\",\"isPartOf\":{\"@id\":\"https:\/\/www.newyorkhipknee.com\/fr\/#website\"},\"datePublished\":\"2023-12-12T20:56:25+00:00\",\"description\":\"La commission des accidents du travail de l'\u00c9tat de New York a formul\u00e9 ces lignes directrices pour aider les m\u00e9decins, les podologues et les autres\",\"breadcrumb\":{\"@id\":\"https:\/\/www.newyorkhipknee.com\/fr\/indemnisation-des-travailleurs\/lignes-directrices-pour-les-traitements-medicaux-mtg\/coude\/electromyographie-et-etude-de-la-conduction-nerveuse\/#breadcrumb\"},\"inLanguage\":\"fr-FR\",\"potentialAction\":[{\"@type\":\"ReadAction\",\"target\":[\"https:\/\/www.newyorkhipknee.com\/fr\/indemnisation-des-travailleurs\/lignes-directrices-pour-les-traitements-medicaux-mtg\/coude\/electromyographie-et-etude-de-la-conduction-nerveuse\/\"]}]},{\"@type\":\"BreadcrumbList\",\"@id\":\"https:\/\/www.newyorkhipknee.com\/fr\/indemnisation-des-travailleurs\/lignes-directrices-pour-les-traitements-medicaux-mtg\/coude\/electromyographie-et-etude-de-la-conduction-nerveuse\/#breadcrumb\",\"itemListElement\":[{\"@type\":\"ListItem\",\"position\":1,\"name\":\"Home\",\"item\":\"https:\/\/www.newyorkhipknee.com\/fr\/\"},{\"@type\":\"ListItem\",\"position\":2,\"name\":\"Indemnisation des travailleurs\",\"item\":\"https:\/\/www.newyorkhipknee.com\/fr\/indemnisation-des-travailleurs\/\"},{\"@type\":\"ListItem\",\"position\":3,\"name\":\"Lignes directrices pour les traitements m\u00e9dicaux (MTG)\",\"item\":\"https:\/\/www.newyorkhipknee.com\/fr\/indemnisation-des-travailleurs\/lignes-directrices-pour-les-traitements-medicaux-mtg\/\"},{\"@type\":\"ListItem\",\"position\":4,\"name\":\"Coude\",\"item\":\"https:\/\/www.newyorkhipknee.com\/fr\/indemnisation-des-travailleurs\/lignes-directrices-pour-les-traitements-medicaux-mtg\/coude\/\"},{\"@type\":\"ListItem\",\"position\":5,\"name\":\"\u00c9lectromyographie et \u00e9tude de la conduction nerveuse\"}]},{\"@type\":\"WebSite\",\"@id\":\"https:\/\/www.newyorkhipknee.com\/fr\/#website\",\"url\":\"https:\/\/www.newyorkhipknee.com\/fr\/\",\"name\":\"Best Hip & Knee Surgeon | NY, USA\",\"description\":\"\",\"potentialAction\":[{\"@type\":\"SearchAction\",\"target\":{\"@type\":\"EntryPoint\",\"urlTemplate\":\"https:\/\/www.newyorkhipknee.com\/fr\/?s={search_term_string}\"},\"query-input\":{\"@type\":\"PropertyValueSpecification\",\"valueRequired\":true,\"valueName\":\"search_term_string\"}}],\"inLanguage\":\"fr-FR\"}]}<\/script>\n<!-- \/ Yoast SEO plugin. -->","yoast_head_json":{"title":"\u00c9lectromyographie et \u00e9tude de la conduction nerveuse | Best Hip &amp; Knee Surgeon | NY, USA","description":"La commission des accidents du travail de l'\u00c9tat de New York a formul\u00e9 ces lignes directrices pour aider les m\u00e9decins, les podologues et les autres","robots":{"index":"index","follow":"follow","max-snippet":"max-snippet:-1","max-image-preview":"max-image-preview:large","max-video-preview":"max-video-preview:-1"},"canonical":"https:\/\/www.newyorkhipknee.com\/fr\/indemnisation-des-travailleurs\/lignes-directrices-pour-les-traitements-medicaux-mtg\/coude\/electromyographie-et-etude-de-la-conduction-nerveuse\/","og_locale":"fr_FR","og_type":"article","og_title":"\u00c9lectromyographie et \u00e9tude de la conduction nerveuse | Best Hip &amp; Knee Surgeon | NY, USA","og_description":"La commission des accidents du travail de l'\u00c9tat de New York a formul\u00e9 ces lignes directrices pour aider les m\u00e9decins, les podologues et les autres","og_url":"https:\/\/www.newyorkhipknee.com\/fr\/indemnisation-des-travailleurs\/lignes-directrices-pour-les-traitements-medicaux-mtg\/coude\/electromyographie-et-etude-de-la-conduction-nerveuse\/","og_site_name":"Best Hip &amp; Knee Surgeon | NY, USA","twitter_card":"summary_large_image","twitter_misc":{"Dur\u00e9e de lecture estim\u00e9e":"4 minutes"},"schema":{"@context":"https:\/\/schema.org","@graph":[{"@type":["WebPage","MedicalWebPage"],"@id":"https:\/\/www.newyorkhipknee.com\/fr\/indemnisation-des-travailleurs\/lignes-directrices-pour-les-traitements-medicaux-mtg\/coude\/electromyographie-et-etude-de-la-conduction-nerveuse\/","url":"https:\/\/www.newyorkhipknee.com\/fr\/indemnisation-des-travailleurs\/lignes-directrices-pour-les-traitements-medicaux-mtg\/coude\/electromyographie-et-etude-de-la-conduction-nerveuse\/","name":"\u00c9lectromyographie et \u00e9tude de la conduction nerveuse | Best Hip &amp; Knee Surgeon | NY, USA","isPartOf":{"@id":"https:\/\/www.newyorkhipknee.com\/fr\/#website"},"datePublished":"2023-12-12T20:56:25+00:00","description":"La commission des accidents du travail de l'\u00c9tat de New York a formul\u00e9 ces lignes directrices pour aider les m\u00e9decins, les podologues et les autres","breadcrumb":{"@id":"https:\/\/www.newyorkhipknee.com\/fr\/indemnisation-des-travailleurs\/lignes-directrices-pour-les-traitements-medicaux-mtg\/coude\/electromyographie-et-etude-de-la-conduction-nerveuse\/#breadcrumb"},"inLanguage":"fr-FR","potentialAction":[{"@type":"ReadAction","target":["https:\/\/www.newyorkhipknee.com\/fr\/indemnisation-des-travailleurs\/lignes-directrices-pour-les-traitements-medicaux-mtg\/coude\/electromyographie-et-etude-de-la-conduction-nerveuse\/"]}]},{"@type":"BreadcrumbList","@id":"https:\/\/www.newyorkhipknee.com\/fr\/indemnisation-des-travailleurs\/lignes-directrices-pour-les-traitements-medicaux-mtg\/coude\/electromyographie-et-etude-de-la-conduction-nerveuse\/#breadcrumb","itemListElement":[{"@type":"ListItem","position":1,"name":"Home","item":"https:\/\/www.newyorkhipknee.com\/fr\/"},{"@type":"ListItem","position":2,"name":"Indemnisation des travailleurs","item":"https:\/\/www.newyorkhipknee.com\/fr\/indemnisation-des-travailleurs\/"},{"@type":"ListItem","position":3,"name":"Lignes directrices pour les traitements m\u00e9dicaux (MTG)","item":"https:\/\/www.newyorkhipknee.com\/fr\/indemnisation-des-travailleurs\/lignes-directrices-pour-les-traitements-medicaux-mtg\/"},{"@type":"ListItem","position":4,"name":"Coude","item":"https:\/\/www.newyorkhipknee.com\/fr\/indemnisation-des-travailleurs\/lignes-directrices-pour-les-traitements-medicaux-mtg\/coude\/"},{"@type":"ListItem","position":5,"name":"\u00c9lectromyographie et \u00e9tude de la conduction nerveuse"}]},{"@type":"WebSite","@id":"https:\/\/www.newyorkhipknee.com\/fr\/#website","url":"https:\/\/www.newyorkhipknee.com\/fr\/","name":"Best Hip & Knee Surgeon | NY, USA","description":"","potentialAction":[{"@type":"SearchAction","target":{"@type":"EntryPoint","urlTemplate":"https:\/\/www.newyorkhipknee.com\/fr\/?s={search_term_string}"},"query-input":{"@type":"PropertyValueSpecification","valueRequired":true,"valueName":"search_term_string"}}],"inLanguage":"fr-FR"}]}},"_links":{"self":[{"href":"https:\/\/www.newyorkhipknee.com\/fr\/wp-json\/wp\/v2\/pages\/21188","targetHints":{"allow":["GET"]}}],"collection":[{"href":"https:\/\/www.newyorkhipknee.com\/fr\/wp-json\/wp\/v2\/pages"}],"about":[{"href":"https:\/\/www.newyorkhipknee.com\/fr\/wp-json\/wp\/v2\/types\/page"}],"author":[{"embeddable":true,"href":"https:\/\/www.newyorkhipknee.com\/fr\/wp-json\/wp\/v2\/users\/33"}],"replies":[{"embeddable":true,"href":"https:\/\/www.newyorkhipknee.com\/fr\/wp-json\/wp\/v2\/comments?post=21188"}],"version-history":[{"count":0,"href":"https:\/\/www.newyorkhipknee.com\/fr\/wp-json\/wp\/v2\/pages\/21188\/revisions"}],"up":[{"embeddable":true,"href":"https:\/\/www.newyorkhipknee.com\/fr\/wp-json\/wp\/v2\/pages\/21158"}],"wp:attachment":[{"href":"https:\/\/www.newyorkhipknee.com\/fr\/wp-json\/wp\/v2\/media?parent=21188"}],"curies":[{"name":"wp","href":"https:\/\/api.w.org\/{rel}","templated":true}]}}