{"id":21193,"date":"2023-12-12T16:19:38","date_gmt":"2023-12-12T21:19:38","guid":{"rendered":"https:\/\/newyorkhipknee.com\/coude\/entorses-du-coude\/"},"modified":"2023-12-12T16:19:38","modified_gmt":"2023-12-12T21:19:38","slug":"entorses-du-coude","status":"publish","type":"page","link":"https:\/\/www.newyorkhipknee.com\/fr\/indemnisation-des-travailleurs\/lignes-directrices-pour-les-traitements-medicaux-mtg\/coude\/entorses-du-coude\/","title":{"rendered":"Entorses du coude"},"content":{"rendered":"<p>Les directives de la commission des accidents du travail de l&rsquo;\u00c9tat de New York ont \u00e9t\u00e9 cr\u00e9\u00e9es pour aider les m\u00e9decins, les podologues et les autres professionnels de la sant\u00e9 \u00e0 proposer un traitement adapt\u00e9 aux entorses du coude. Ces lignes directrices visent \u00e0 aider les professionnels de la sant\u00e9 \u00e0 d\u00e9cider du niveau de soins appropri\u00e9 pour les patients souffrant de troubles de la cheville et du pied.<\/p>\n<p>Il est essentiel de noter que ces lignes directrices ne remplacent pas le jugement clinique ou l&rsquo;expertise professionnelle. La d\u00e9cision finale concernant les soins doit \u00eatre prise par le patient en concertation avec son prestataire de soins.<\/p>\n<p>&nbsp;<\/p>\n<h2>Entorses du coude<\/h2>\n<p>Rare, l&rsquo;entorse isol\u00e9e du coude r\u00e9sulte d&rsquo;un choc important et violent qui d\u00e9chire les ligaments entourant le coude, souvent \u00e0 la suite d&rsquo;une chute. Ces entorses sont peu fr\u00e9quentes et peuvent co\u00efncider avec d&rsquo;autres complications telles que des fractures, des luxations ou des contusions.<\/p>\n<p>Pour \u00e9valuer les probl\u00e8mes potentiels, il est imp\u00e9ratif de proc\u00e9der \u00e0 un examen approfondi des syst\u00e8mes moteur, sensoriel et circulatoire, afin d&rsquo;exclure toute blessure associ\u00e9e.<\/p>\n<p>Lors du traitement d&rsquo;une luxation du coude, il est essentiel de r\u00e9aliser une radiographie pour v\u00e9rifier l&rsquo;absence de fractures. De m\u00eame, pour la prise en charge m\u00e9dicale d&rsquo;une entorse du coude, une radiographie est g\u00e9n\u00e9ralement recommand\u00e9e pour confirmer l&rsquo;absence de fracture, en particulier dans les cas d&rsquo;entorses mineures.<\/p>\n<p>&nbsp;<\/p>\n<h2>\u00c9tudes diagnostiques des entorses du coude<\/h2>\n<p>Les entorses sont identifi\u00e9es par la convergence d&rsquo;un \u00e9v\u00e9nement d\u00e9clencheur typique (souvent une chute ou un impact violent), accompagn\u00e9 d&rsquo;une douleur caract\u00e9ristique au coude et d&rsquo;une sensibilit\u00e9 localis\u00e9e autour du (des) ligament(s). Contrairement aux luxations et aux fractures, les entorses permettent g\u00e9n\u00e9ralement une amplitude de mouvement normale, bien que douloureuse.<\/p>\n<p>\u00c9tudes sp\u00e9ciales et consid\u00e9rations relatives au diagnostic et au traitement Il est recommand\u00e9 d&rsquo;effectuer des radiographies pour l&rsquo;entorse du coude, deux ou trois clich\u00e9s \u00e9tant n\u00e9cessaires pour exclure les fractures.<\/p>\n<p>Des radiographies r\u00e9p\u00e9t\u00e9es sont \u00e9galement propos\u00e9es si l&rsquo;\u00e9tat ne s&rsquo;am\u00e9liore pas comme pr\u00e9vu cliniquement en l&rsquo;espace d&rsquo;une semaine environ.<\/p>\n<p>Suivi des progr\u00e8s Pour suivre les progr\u00e8s, les patients doivent \u00eatre r\u00e9\u00e9valu\u00e9s sept \u00e0 dix jours apr\u00e8s l&rsquo;\u00e9valuation initiale. Si aucune am\u00e9lioration n&rsquo;est observ\u00e9e, une radiographie et une r\u00e9\u00e9valuation sont justifi\u00e9es.<\/p>\n<p>&nbsp;<\/p>\n<h3>M\u00e9dicaments de l&rsquo;entorse du coude<\/h3>\n<p>&nbsp;<\/p>\n<p>L&rsquo;ibuprof\u00e8ne, le naprox\u00e8ne ou d&rsquo;autres AINS d&rsquo;une g\u00e9n\u00e9ration ant\u00e9rieure sont recommand\u00e9s comme traitement initial pour la plupart des patients. Si les AINS ne conviennent pas, l&rsquo;ac\u00e9taminoph\u00e8ne (ou parac\u00e9tamol) peut \u00eatre une alternative viable, bien que la recherche sugg\u00e8re qu&rsquo;il est l\u00e9g\u00e8rement moins efficace que les AINS.<\/p>\n<p>Il est prouv\u00e9 que les AINS sont plus s\u00fbrs et tout aussi efficaces dans la gestion de la douleur que les opio\u00efdes comme le tramadol.<\/p>\n<p>Les anti-inflammatoires non st\u00e9ro\u00efdiens (AINS) pour le traitement des entorses du coude sont sugg\u00e9r\u00e9s. Les m\u00e9dicaments en vente libre doivent d&rsquo;abord \u00eatre essay\u00e9s pour \u00e9valuer leur efficacit\u00e9.<\/p>\n<p>Fr\u00e9quence\/Dur\u00e9e &#8211; De nombreux patients peuvent les utiliser en fonction de leurs besoins.<\/p>\n<p>Indications pour l&rsquo;arr\u00eat du traitement &#8211; Les crit\u00e8res d&rsquo;arr\u00eat du traitement comprennent le soulagement de la douleur au coude, le manque d&rsquo;efficacit\u00e9 ou l&rsquo;apparition d&rsquo;effets ind\u00e9sirables.<\/p>\n<p>Les AINS pour les patients pr\u00e9sentant un risque \u00e9lev\u00e9 de saignement gastro-intestinal sont recommand\u00e9s, en particulier pour ceux qui ont des ant\u00e9c\u00e9dents de saignement gastro-intestinal, les personnes \u00e2g\u00e9es, les diab\u00e9tiques et les fumeurs. Les m\u00e9dicaments cytoprotecteurs comme le misoprostol, le sucralfate, les bloqueurs H2 et les inhibiteurs de la pompe \u00e0 protons peuvent \u00eatre utilis\u00e9s conjointement.<\/p>\n<p>Fr\u00e9quence\/dose\/dur\u00e9e &#8211; Suivre les recommandations du fabricant en mati\u00e8re de dosage. Il n&rsquo;y a g\u00e9n\u00e9ralement pas de diff\u00e9rences significatives en termes d&rsquo;efficacit\u00e9 pour la pr\u00e9vention des h\u00e9morragies gastro-intestinales.<\/p>\n<p>Indications pour l&rsquo;arr\u00eat &#8211; Les crit\u00e8res d&rsquo;arr\u00eat comprennent l&rsquo;intol\u00e9rance, l&rsquo;apparition d&rsquo;effets d\u00e9favorables ou l&rsquo;arr\u00eat de l&rsquo;utilisation des AINS.<\/p>\n<p>Les AINS pour les patients pr\u00e9sentant un risque d&rsquo;effets ind\u00e9sirables cardiovasculaires sont recommand\u00e9s, en particulier pour les patients ayant des ant\u00e9c\u00e9dents de maladie cardiovasculaire ou pr\u00e9sentant de multiples facteurs de risque cardiovasculaire. Les AINS non s\u00e9lectifs sont pr\u00e9f\u00e9rables aux m\u00e9dicaments sp\u00e9cifiques de la COX-2 lors de l&rsquo;utilisation d&rsquo;aspirine \u00e0 faible dose pour la pr\u00e9vention des maladies cardiovasculaires.<\/p>\n<p>Dose\/fr\u00e9quence &#8211; Les AINS doivent \u00eatre administr\u00e9s au moins 30 minutes apr\u00e8s ou huit heures avant l&rsquo;aspirine. Suivre les recommandations de dosage du fabricant.<\/p>\n<p>L&rsquo;ac\u00e9taminoph\u00e8ne pour le traitement de la douleur au coude est recommand\u00e9, en particulier pour les patients pr\u00e9sentant des contre-indications aux AINS.<\/p>\n<p>Dose\/fr\u00e9quence &#8211; Suivre les recommandations du fabricant ; peut \u00eatre utilis\u00e9 selon les besoins. Il existe des preuves de toxicit\u00e9 h\u00e9patique au-del\u00e0 de quatre grammes par jour.<\/p>\n<p>Les opio\u00efdes pour certains patients souffrant d&rsquo;une entorse du coude sont recommand\u00e9s pour les personnes souffrant d&rsquo;une douleur importante due \u00e0 une entorse grave du coude et qui n&rsquo;est pas correctement contr\u00f4l\u00e9e par les traitements alternatifs.<\/p>\n<p>Fr\u00e9quence\/dose &#8211; Administrer le nombre minimum de doses car les entorses du coude ont g\u00e9n\u00e9ralement un temps de r\u00e9cup\u00e9ration court.<\/p>\n<p>Indications pour l&rsquo;arr\u00eat du traitement &#8211; Les crit\u00e8res d&rsquo;arr\u00eat du traitement comprennent les effets ind\u00e9sirables, le non-respect des directives de prescription et le soulagement ad\u00e9quat de la douleur pour \u00e9viter le recours aux opio\u00efdes.<\/p>\n<p>Justification de la recommandation &#8211; Les opio\u00efdes sont g\u00e9n\u00e9ralement inutiles pour la majorit\u00e9 des patients et leur utilisation devrait \u00eatre limit\u00e9e \u00e0 certains cas d&rsquo;entorses graves pour une courte dur\u00e9e (pas plus d&rsquo;une semaine).<\/p>\n<p>&nbsp;<\/p>\n<h3>Traitements des entorses du coude<\/h3>\n<p>R\u00e9\u00e9ducation\/appareils Les \u00e9charpes pour entorses du coude sont conseill\u00e9es dans le cadre du traitement des entorses du coude.<\/p>\n<p>Dur\u00e9e &#8211; En g\u00e9n\u00e9ral, l&rsquo;utilisation des harnais doit \u00eatre progressivement r\u00e9duite \u00e0 moins de 7 \u00e0 10 jours. Pendant le port d&rsquo;une \u00e9charpe, il est recommand\u00e9 d&rsquo;effectuer des exercices d&rsquo;amplitude de mouvement pour le coude et l&rsquo;\u00e9paule plusieurs fois par jour afin de pr\u00e9venir les complications li\u00e9es \u00e0 la restriction de l&rsquo;amplitude de mouvement.<\/p>\n<p>Modification des activit\u00e9s et exercices &#8211; On demande g\u00e9n\u00e9ralement aux patients de faire des exercices d&rsquo;amplitude en douceur plusieurs fois par jour pour maintenir une amplitude de mouvement normale. En outre, des interventions sont pr\u00e9vues pour modifier les activit\u00e9s de la vie quotidienne (AVQ) et les activit\u00e9s instrumentales de la vie quotidienne (AIVQ).<\/p>\n<p>&nbsp;<\/p>\n<h2>Ce que notre cabinet peut faire si vous \u00eates victime d&rsquo;un accident du travail<\/h2>\n<p>Nous disposons de l&rsquo;expertise n\u00e9cessaire pour vous aider \u00e0 r\u00e9soudre vos probl\u00e8mes d&rsquo;indemnisation des accidents du travail. Nous comprenons les difficult\u00e9s auxquelles vous \u00eates confront\u00e9 et nous nous engageons \u00e0 r\u00e9pondre \u00e0 vos besoins m\u00e9dicaux tout en respectant les directives \u00e9tablies par la commission des accidents du travail de l&rsquo;\u00c9tat de New York.<\/p>\n<p>Conscients de l&rsquo;importance de vos dossiers d&rsquo;indemnisation des accidents du travail, nous sommes l\u00e0 pour vous guider dans la complexit\u00e9 des interactions avec la compagnie d&rsquo;assurance des accidents du travail et votre employeur.<\/p>\n<p>Nous comprenons le stress que vous et votre famille subissez pendant cette p\u00e9riode difficile. Si vous souhaitez prendre rendez-vous, n&rsquo;h\u00e9sitez pas \u00e0 nous contacter. Nous nous effor\u00e7ons de faire en sorte que le processus soit le plus fluide et le moins stressant possible pour vous.<\/p>\n","protected":false},"excerpt":{"rendered":"<p>Les directives de la commission des accidents du travail de l&rsquo;\u00c9tat de New York ont \u00e9t\u00e9 cr\u00e9\u00e9es pour aider les m\u00e9decins, les podologues et les autres professionnels de la sant\u00e9 \u00e0 proposer un traitement adapt\u00e9 aux entorses du coude. Ces lignes directrices visent \u00e0 aider les professionnels de la sant\u00e9 \u00e0 d\u00e9cider du niveau de [&hellip;]<\/p>\n","protected":false},"author":33,"featured_media":0,"parent":21158,"menu_order":0,"comment_status":"closed","ping_status":"closed","template":"","meta":{"_et_pb_use_builder":"","_et_pb_old_content":"","_et_gb_content_width":"","footnotes":""},"class_list":["post-21193","page","type-page","status-publish","hentry"],"yoast_head":"<!-- This site is optimized with the Yoast SEO plugin v27.2 - https:\/\/yoast.com\/product\/yoast-seo-wordpress\/ -->\n<title>Entorses du coude | Best Hip &amp; Knee Surgeon | NY, USA<\/title>\n<meta name=\"description\" content=\"Les directives de la commission des accidents du travail de l&#039;\u00c9tat de New York ont \u00e9t\u00e9 cr\u00e9\u00e9es pour aider les m\u00e9decins, les podologues et les autres\" \/>\n<meta name=\"robots\" content=\"index, follow, max-snippet:-1, max-image-preview:large, max-video-preview:-1\" \/>\n<link rel=\"canonical\" href=\"https:\/\/www.newyorkhipknee.com\/fr\/indemnisation-des-travailleurs\/lignes-directrices-pour-les-traitements-medicaux-mtg\/coude\/entorses-du-coude\/\" \/>\n<meta property=\"og:locale\" content=\"fr_FR\" \/>\n<meta property=\"og:type\" content=\"article\" \/>\n<meta property=\"og:title\" content=\"Entorses du coude | Best Hip &amp; Knee Surgeon | NY, USA\" \/>\n<meta property=\"og:description\" content=\"Les directives de la commission des accidents du travail de l&#039;\u00c9tat de New York ont \u00e9t\u00e9 cr\u00e9\u00e9es pour aider les m\u00e9decins, les podologues et les autres\" \/>\n<meta property=\"og:url\" content=\"https:\/\/www.newyorkhipknee.com\/fr\/indemnisation-des-travailleurs\/lignes-directrices-pour-les-traitements-medicaux-mtg\/coude\/entorses-du-coude\/\" \/>\n<meta property=\"og:site_name\" content=\"Best Hip &amp; Knee Surgeon | NY, USA\" \/>\n<meta name=\"twitter:card\" content=\"summary_large_image\" \/>\n<meta name=\"twitter:label1\" content=\"Dur\u00e9e de lecture estim\u00e9e\" \/>\n\t<meta name=\"twitter:data1\" content=\"6 minutes\" \/>\n<script type=\"application\/ld+json\" class=\"yoast-schema-graph\">{\"@context\":\"https:\/\/schema.org\",\"@graph\":[{\"@type\":[\"WebPage\",\"MedicalWebPage\"],\"@id\":\"https:\/\/www.newyorkhipknee.com\/fr\/indemnisation-des-travailleurs\/lignes-directrices-pour-les-traitements-medicaux-mtg\/coude\/entorses-du-coude\/\",\"url\":\"https:\/\/www.newyorkhipknee.com\/fr\/indemnisation-des-travailleurs\/lignes-directrices-pour-les-traitements-medicaux-mtg\/coude\/entorses-du-coude\/\",\"name\":\"Entorses du coude | Best Hip &amp; Knee Surgeon | NY, USA\",\"isPartOf\":{\"@id\":\"https:\/\/www.newyorkhipknee.com\/fr\/#website\"},\"datePublished\":\"2023-12-12T21:19:38+00:00\",\"description\":\"Les directives de la commission des accidents du travail de l'\u00c9tat de New York ont \u00e9t\u00e9 cr\u00e9\u00e9es pour aider les m\u00e9decins, les podologues et les autres\",\"breadcrumb\":{\"@id\":\"https:\/\/www.newyorkhipknee.com\/fr\/indemnisation-des-travailleurs\/lignes-directrices-pour-les-traitements-medicaux-mtg\/coude\/entorses-du-coude\/#breadcrumb\"},\"inLanguage\":\"fr-FR\",\"potentialAction\":[{\"@type\":\"ReadAction\",\"target\":[\"https:\/\/www.newyorkhipknee.com\/fr\/indemnisation-des-travailleurs\/lignes-directrices-pour-les-traitements-medicaux-mtg\/coude\/entorses-du-coude\/\"]}]},{\"@type\":\"BreadcrumbList\",\"@id\":\"https:\/\/www.newyorkhipknee.com\/fr\/indemnisation-des-travailleurs\/lignes-directrices-pour-les-traitements-medicaux-mtg\/coude\/entorses-du-coude\/#breadcrumb\",\"itemListElement\":[{\"@type\":\"ListItem\",\"position\":1,\"name\":\"Home\",\"item\":\"https:\/\/www.newyorkhipknee.com\/fr\/\"},{\"@type\":\"ListItem\",\"position\":2,\"name\":\"Indemnisation des travailleurs\",\"item\":\"https:\/\/www.newyorkhipknee.com\/fr\/indemnisation-des-travailleurs\/\"},{\"@type\":\"ListItem\",\"position\":3,\"name\":\"Lignes directrices pour les traitements m\u00e9dicaux (MTG)\",\"item\":\"https:\/\/www.newyorkhipknee.com\/fr\/indemnisation-des-travailleurs\/lignes-directrices-pour-les-traitements-medicaux-mtg\/\"},{\"@type\":\"ListItem\",\"position\":4,\"name\":\"Coude\",\"item\":\"https:\/\/www.newyorkhipknee.com\/fr\/indemnisation-des-travailleurs\/lignes-directrices-pour-les-traitements-medicaux-mtg\/coude\/\"},{\"@type\":\"ListItem\",\"position\":5,\"name\":\"Entorses du coude\"}]},{\"@type\":\"WebSite\",\"@id\":\"https:\/\/www.newyorkhipknee.com\/fr\/#website\",\"url\":\"https:\/\/www.newyorkhipknee.com\/fr\/\",\"name\":\"Best Hip & Knee Surgeon | NY, USA\",\"description\":\"\",\"potentialAction\":[{\"@type\":\"SearchAction\",\"target\":{\"@type\":\"EntryPoint\",\"urlTemplate\":\"https:\/\/www.newyorkhipknee.com\/fr\/?s={search_term_string}\"},\"query-input\":{\"@type\":\"PropertyValueSpecification\",\"valueRequired\":true,\"valueName\":\"search_term_string\"}}],\"inLanguage\":\"fr-FR\"}]}<\/script>\n<!-- \/ Yoast SEO plugin. -->","yoast_head_json":{"title":"Entorses du coude | Best Hip &amp; Knee Surgeon | NY, USA","description":"Les directives de la commission des accidents du travail de l'\u00c9tat de New York ont \u00e9t\u00e9 cr\u00e9\u00e9es pour aider les m\u00e9decins, les podologues et les autres","robots":{"index":"index","follow":"follow","max-snippet":"max-snippet:-1","max-image-preview":"max-image-preview:large","max-video-preview":"max-video-preview:-1"},"canonical":"https:\/\/www.newyorkhipknee.com\/fr\/indemnisation-des-travailleurs\/lignes-directrices-pour-les-traitements-medicaux-mtg\/coude\/entorses-du-coude\/","og_locale":"fr_FR","og_type":"article","og_title":"Entorses du coude | Best Hip &amp; Knee Surgeon | NY, USA","og_description":"Les directives de la commission des accidents du travail de l'\u00c9tat de New York ont \u00e9t\u00e9 cr\u00e9\u00e9es pour aider les m\u00e9decins, les podologues et les autres","og_url":"https:\/\/www.newyorkhipknee.com\/fr\/indemnisation-des-travailleurs\/lignes-directrices-pour-les-traitements-medicaux-mtg\/coude\/entorses-du-coude\/","og_site_name":"Best Hip &amp; Knee Surgeon | NY, USA","twitter_card":"summary_large_image","twitter_misc":{"Dur\u00e9e de lecture estim\u00e9e":"6 minutes"},"schema":{"@context":"https:\/\/schema.org","@graph":[{"@type":["WebPage","MedicalWebPage"],"@id":"https:\/\/www.newyorkhipknee.com\/fr\/indemnisation-des-travailleurs\/lignes-directrices-pour-les-traitements-medicaux-mtg\/coude\/entorses-du-coude\/","url":"https:\/\/www.newyorkhipknee.com\/fr\/indemnisation-des-travailleurs\/lignes-directrices-pour-les-traitements-medicaux-mtg\/coude\/entorses-du-coude\/","name":"Entorses du coude | Best Hip &amp; Knee Surgeon | NY, USA","isPartOf":{"@id":"https:\/\/www.newyorkhipknee.com\/fr\/#website"},"datePublished":"2023-12-12T21:19:38+00:00","description":"Les directives de la commission des accidents du travail de l'\u00c9tat de New York ont \u00e9t\u00e9 cr\u00e9\u00e9es pour aider les m\u00e9decins, les podologues et les autres","breadcrumb":{"@id":"https:\/\/www.newyorkhipknee.com\/fr\/indemnisation-des-travailleurs\/lignes-directrices-pour-les-traitements-medicaux-mtg\/coude\/entorses-du-coude\/#breadcrumb"},"inLanguage":"fr-FR","potentialAction":[{"@type":"ReadAction","target":["https:\/\/www.newyorkhipknee.com\/fr\/indemnisation-des-travailleurs\/lignes-directrices-pour-les-traitements-medicaux-mtg\/coude\/entorses-du-coude\/"]}]},{"@type":"BreadcrumbList","@id":"https:\/\/www.newyorkhipknee.com\/fr\/indemnisation-des-travailleurs\/lignes-directrices-pour-les-traitements-medicaux-mtg\/coude\/entorses-du-coude\/#breadcrumb","itemListElement":[{"@type":"ListItem","position":1,"name":"Home","item":"https:\/\/www.newyorkhipknee.com\/fr\/"},{"@type":"ListItem","position":2,"name":"Indemnisation des travailleurs","item":"https:\/\/www.newyorkhipknee.com\/fr\/indemnisation-des-travailleurs\/"},{"@type":"ListItem","position":3,"name":"Lignes directrices pour les traitements m\u00e9dicaux (MTG)","item":"https:\/\/www.newyorkhipknee.com\/fr\/indemnisation-des-travailleurs\/lignes-directrices-pour-les-traitements-medicaux-mtg\/"},{"@type":"ListItem","position":4,"name":"Coude","item":"https:\/\/www.newyorkhipknee.com\/fr\/indemnisation-des-travailleurs\/lignes-directrices-pour-les-traitements-medicaux-mtg\/coude\/"},{"@type":"ListItem","position":5,"name":"Entorses du coude"}]},{"@type":"WebSite","@id":"https:\/\/www.newyorkhipknee.com\/fr\/#website","url":"https:\/\/www.newyorkhipknee.com\/fr\/","name":"Best Hip & Knee Surgeon | NY, USA","description":"","potentialAction":[{"@type":"SearchAction","target":{"@type":"EntryPoint","urlTemplate":"https:\/\/www.newyorkhipknee.com\/fr\/?s={search_term_string}"},"query-input":{"@type":"PropertyValueSpecification","valueRequired":true,"valueName":"search_term_string"}}],"inLanguage":"fr-FR"}]}},"_links":{"self":[{"href":"https:\/\/www.newyorkhipknee.com\/fr\/wp-json\/wp\/v2\/pages\/21193","targetHints":{"allow":["GET"]}}],"collection":[{"href":"https:\/\/www.newyorkhipknee.com\/fr\/wp-json\/wp\/v2\/pages"}],"about":[{"href":"https:\/\/www.newyorkhipknee.com\/fr\/wp-json\/wp\/v2\/types\/page"}],"author":[{"embeddable":true,"href":"https:\/\/www.newyorkhipknee.com\/fr\/wp-json\/wp\/v2\/users\/33"}],"replies":[{"embeddable":true,"href":"https:\/\/www.newyorkhipknee.com\/fr\/wp-json\/wp\/v2\/comments?post=21193"}],"version-history":[{"count":0,"href":"https:\/\/www.newyorkhipknee.com\/fr\/wp-json\/wp\/v2\/pages\/21193\/revisions"}],"up":[{"embeddable":true,"href":"https:\/\/www.newyorkhipknee.com\/fr\/wp-json\/wp\/v2\/pages\/21158"}],"wp:attachment":[{"href":"https:\/\/www.newyorkhipknee.com\/fr\/wp-json\/wp\/v2\/media?parent=21193"}],"curies":[{"name":"wp","href":"https:\/\/api.w.org\/{rel}","templated":true}]}}