{"id":21196,"date":"2023-12-19T12:06:59","date_gmt":"2023-12-19T17:06:59","guid":{"rendered":"https:\/\/newyorkhipknee.com\/douleur-regionale-complexe\/programmes-interdisciplinaires-de-rehabilitation-de-la-douleur\/"},"modified":"2023-12-19T12:06:59","modified_gmt":"2023-12-19T17:06:59","slug":"programmes-interdisciplinaires-de-rehabilitation-de-la-douleur","status":"publish","type":"page","link":"https:\/\/www.newyorkhipknee.com\/fr\/indemnisation-des-travailleurs\/lignes-directrices-pour-les-traitements-medicaux-mtg\/douleur-regionale-complexe\/programmes-interdisciplinaires-de-rehabilitation-de-la-douleur\/","title":{"rendered":"Programmes interdisciplinaires de r\u00e9habilitation de la douleur"},"content":{"rendered":"<h1>Principes directeurs g\u00e9n\u00e9raux pour les programmes tertiaires de lutte contre la douleur :<br \/>\nProgrammes interdisciplinaires de r\u00e9habilitation de la douleur, multidisciplinaires<br \/>\nProgrammes de r\u00e9adaptation, programmes de gestion de la douleur chronique,<br \/>\net des programmes de restauration fonctionnelle pour les travailleurs<br \/>\npatients indemnis\u00e9s<\/h1>\n<p>Les lignes directrices \u00e9labor\u00e9es par la commission des accidents du travail de l&rsquo;\u00c9tat de New York sont formul\u00e9es pour aider les m\u00e9decins, les podologues et les autres professionnels de la sant\u00e9 \u00e0 fournir un traitement appropri\u00e9 dans le cadre des programmes tertiaires de lutte contre la douleur. Ces programmes comprennent des programmes interdisciplinaires de r\u00e9habilitation de la douleur, des programmes multidisciplinaires de r\u00e9habilitation, des programmes de gestion de la douleur chronique et des programmes de restauration fonctionnelle.<\/p>\n<p>Ces lignes directrices de la Commission des accidents du travail sont con\u00e7ues pour aider les professionnels de la sant\u00e9 \u00e0 d\u00e9terminer le niveau de soins appropri\u00e9 pour les patients souffrant de troubles de la cheville et du pied.<\/p>\n<p>Il est essentiel de noter que ces lignes directrices ne remplacent pas le jugement clinique ou l&rsquo;exp\u00e9rience professionnelle. La d\u00e9cision finale concernant les soins doit \u00eatre le fruit d&rsquo;une collaboration entre le patient et son prestataire de soins.<\/p>\n<p>&nbsp;<\/p>\n<h2>Programmes tertiaires de lutte contre la douleur : Programmes interdisciplinaires de r\u00e9habilitation de la douleur, programmes multidisciplinaires de r\u00e9habilitation, programmes de gestion de la douleur chronique et programmes de restauration fonctionnelle.<\/h2>\n<p>Indications : La d\u00e9cision d&rsquo;inscrire un patient dans un programme de traitement tertiaire de la douleur doit se fonder sur les crit\u00e8res suivants :<\/p>\n<ol>\n<li>Les patients sont en arr\u00eat de travail complet ou en service modifi\u00e9 depuis au moins 90 jours et progressent vers une r\u00e9cup\u00e9ration fonctionnelle tr\u00e8s lente et prolong\u00e9e.<\/li>\n<li>Il existe une cause connue pour le trouble de la douleur chronique ou un \u00e9tat clinique sp\u00e9cifique, y compris une blessure physique ou une maladie.<\/li>\n<li>D&rsquo;autres interventions m\u00e9dicales et\/ou invasives appropri\u00e9es ont \u00e9t\u00e9 tent\u00e9es et se sont r\u00e9v\u00e9l\u00e9es insuffisantes pour r\u00e9tablir l&rsquo;\u00e9tat fonctionnel.<\/li>\n<li>Le patient a le potentiel pour une r\u00e9adaptation efficace (c&rsquo;est-\u00e0-dire qu&rsquo;il est jug\u00e9 capable de b\u00e9n\u00e9ficier de mani\u00e8re significative du programme).<\/li>\n<li>Le patient n&rsquo;a pas r\u00e9pondu \u00e0 d&rsquo;autres interventions, y compris \u00e0 des programmes th\u00e9rapeutiques non invasifs de qualit\u00e9.<\/li>\n<li>Le patient pr\u00e9sente au moins quelques probl\u00e8mes comportementaux ou psychosociaux qui ont un impact sur son r\u00e9tablissement. Pour les travailleurs qui n&rsquo;ont pas d&rsquo;autres probl\u00e8mes associ\u00e9s et qui ne pr\u00e9sentent qu&rsquo;un \u00e9cart physique entre leurs capacit\u00e9s actuelles et les exigences futures de leur travail, les programmes de conditionnement et d&rsquo;endurcissement au travail sont g\u00e9n\u00e9ralement plus adapt\u00e9s et plus rentables.\n<p>7. le patient pr\u00e9sente des disparit\u00e9s importantes entre ses capacit\u00e9s physiques actuelles et les exigences professionnelles r\u00e9elles ou anticip\u00e9es.<\/p>\n<p>8. il n&rsquo;y a pas de contre-indications connues au programme de traitement, telles que certaines conditions m\u00e9dicales instables, des troubles primaires li\u00e9s \u00e0 l&rsquo;abus de substances, ou une d\u00e9ficience mentale qui emp\u00eacherait un apprentissage efficace.<\/p>\n<p>9. le patient s&rsquo;engage dans le processus de r\u00e9tablissement.<br \/>\nFr\u00e9quence\/dose\/dur\u00e9e : Activit\u00e9 physique mod\u00e9r\u00e9e, incorporant des exercices visant \u00e0 orienter le patient vers un programme de maintien de la condition physique \u00e0 domicile et une augmentation progressive des t\u00e2ches fonctionnelles r\u00e9sidentielles et professionnelles.<\/p>\n<p>&nbsp;<\/li>\n<\/ol>\n<p>Le traitement dans le cadre du programme de lutte contre la douleur tertiaire se d\u00e9roule g\u00e9n\u00e9ralement cinq jours entiers par semaine. La dur\u00e9e des programmes de traitement n&rsquo;est pas d\u00e9termin\u00e9e par la gravit\u00e9 des d\u00e9ficits, la vitesse de progression, l&rsquo;interruption de la gu\u00e9rison (ou l&rsquo;entr\u00e9e dans le \u00ab\u00a0stade\u00a0\u00bb du CB MTG &#8211; Complex Regional Pain Syndrome 58), et est donc personnalis\u00e9e. Les dur\u00e9es standard sont de quatre \u00e0 cinq semaines.<\/p>\n<p>Des facteurs de complication tels que la coordination avec le travail temporaire, le transport, la garde des enfants, les d\u00e9ficits physiques graves, les narcotiques \u00e0 forte dose ou les limitations impos\u00e9es par des affections comorbides sont des consid\u00e9rations qui peuvent n\u00e9cessiter une approche plus graduelle du maintien du programme et une dur\u00e9e de traitement plus longue.<\/p>\n<p>&nbsp;<\/p>\n<h3>Objectifs de traitement qui doivent faire l&rsquo;objet d&rsquo;une \u00e9tude et d&rsquo;un enregistrement coh\u00e9rents :<\/h3>\n<p>Am\u00e9lioration pratique : L&rsquo;accent doit \u00eatre mis sur la prise en compte des limitations physiques qui ont \u00e9t\u00e9 identifi\u00e9es comme \u00ab\u00a0limit\u00e9es par la douleur\u00a0\u00bb. Bien que le conditionnement g\u00e9n\u00e9ral ou a\u00e9robie convienne \u00e0 la plupart des patients, des progr\u00e8s doivent \u00eatre constat\u00e9s dans les domaines o\u00f9 des dysfonctionnements ou des d\u00e9ficiences ont \u00e9t\u00e9 observ\u00e9s.<\/p>\n<p>Am\u00e9lioration des activit\u00e9s de la vie quotidienne : Ces activit\u00e9s sont propres \u00e0 chaque patient, et les objectifs doivent \u00e9galement concerner les activit\u00e9s limit\u00e9es par la douleur.<\/p>\n<p>Am\u00e9liorations psychosociales significatives : Des progr\u00e8s mesurables doivent \u00eatre constat\u00e9s dans l&rsquo;acceptation du fonctionnement psychosocial.<\/p>\n<p>Sevrage des opio\u00efdes, des opio\u00efdes-hypnotiques et des relaxants musculaires : Il s&rsquo;agit d&rsquo;une exigence, \u00e0 moins qu&rsquo;il n&rsquo;y ait des indications sp\u00e9cifiques. Des ant\u00e9c\u00e9dents d&rsquo;am\u00e9lioration fonctionnelle satisfaisante associ\u00e9e aux seuls m\u00e9dicaments opio\u00efdes ne devraient pas conduire \u00e0 une orientation vers un programme de traitement tertiaire de la douleur, \u00e0 moins que des doses excessivement \u00e9lev\u00e9es de m\u00e9dicaments ne soient utilis\u00e9es, avec les dysfonctionnements physiques et mentaux qui s&rsquo;ensuivent.<\/p>\n<p>Prise en charge clinique : Tous les autres m\u00e9dicaments doivent \u00eatre r\u00e9guli\u00e8rement \u00e9valu\u00e9s et ajust\u00e9s si n\u00e9cessaire.<\/p>\n<p>Retour au travail ou \u00e0 une autre activit\u00e9 fonctionnelle : L&rsquo;\u00e9valuation, le conseil, la planification et le d\u00e9veloppement des comp\u00e9tences doivent commencer d\u00e8s le d\u00e9but du programme, en s&rsquo;effor\u00e7ant de d\u00e9terminer s&rsquo;il est raisonnable que le patient reprenne le travail.<\/p>\n<p>Soins hospitaliers : Presque tous les patients peuvent \u00eatre trait\u00e9s en ambulatoire. Dans les rares cas o\u00f9 l&rsquo;hospitalisation est n\u00e9cessaire, elle doit \u00eatre guid\u00e9e ou \u00e9troitement coordonn\u00e9e par un m\u00e9decin du programme tertiaire de lutte contre la douleur. Les indications pour la poursuite des soins sont les suivantes :<\/p>\n<p>1. Une d\u00e9sintoxication \u00e0 court terme pourrait pr\u00e9senter un risque clinique inacceptable.<br \/>\n2. Instabilit\u00e9 clinique.<br \/>\n3. L&rsquo;\u00e9valuation sugg\u00e8re que le traitement peut aggraver le comportement li\u00e9 \u00e0 la douleur\/maladie au point de pr\u00e9senter un risque de blessure ou d&rsquo;entra\u00eener des sympt\u00f4mes florides de confusion mentale importante.<br \/>\n4. Des soins infirmiers 24 heures sur 24 sont n\u00e9cessaires.<br \/>\n5. Comportement et dysfonctionnement douloureux extr\u00eames qui rendent les soins \u00e0 court terme impraticables, et l&rsquo;\u00e9quipe d&rsquo;\u00e9valuation de la douleur pr\u00e9sente des preuves raisonnables qu&rsquo;un bref s\u00e9jour prolong\u00e9 facilitera la transition vers un programme de traitement de la douleur tertiaire \u00e0 court terme.<\/p>\n<p>Autre restauration fonctionnelle : Les patients peuvent parfois avoir besoin d&rsquo;une r\u00e9adaptation fonctionnelle, mais ils constatent qu&rsquo;il n&rsquo;existe pas de programme officiel ou qu&rsquo;il n&rsquo;est pas adapt\u00e9 en raison de probl\u00e8mes sociaux ou m\u00e9dicaux.<\/p>\n<p>Si le patient a besoin d&rsquo;un traitement pour des indications cliniques sp\u00e9cifiques avec les services \u00e0 fournir, la restauration fonctionnelle peut \u00eatre possible dans ces situations. La kin\u00e9sith\u00e9rapie ou l&rsquo;ergoth\u00e9rapie, le traitement comportemental\/psychologique et au moins une autre discipline ax\u00e9e sur la r\u00e9adaptation devraient tous \u00eatre indiqu\u00e9s, au minimum.<\/p>\n<p>Un m\u00e9decin d\u00fbment qualifi\u00e9 et comp\u00e9tent pour administrer et superviser les traitements de r\u00e9adaptation ou de restauration fonctionnelle doit superviser les soins du patient. Ces services doivent \u00eatre fournis dans les conditions suivantes :<\/p>\n<p>1. R\u00e9pondre aux crit\u00e8res de composition des soins de restauration fonctionnelle en fonction du cas.<br \/>\n2. Un niveau de handicap ou de dysfonctionnement qui ne n\u00e9cessite pas de traitement dans le cadre d&rsquo;un programme formel.<br \/>\n3. Pas de d\u00e9pendance m\u00e9dicamenteuse ni d&rsquo;utilisation importante d&rsquo;opio\u00efdes, et<br \/>\n4. Une condition m\u00e9dicale pour laquelle le retour au travail peut \u00eatre anticip\u00e9 \u00e0 l&rsquo;issue des services.<\/p>\n<p>Suivi &#8211; Apr\u00e8s une sortie r\u00e9ussie d&rsquo;un programme tertiaire de traitement de la douleur, une th\u00e9rapie formelle r\u00e9guli\u00e8re ou rigoureuse n&rsquo;est g\u00e9n\u00e9ralement pas n\u00e9cessaire. Il est essentiel que les patients qui ont appris les techniques de gestion de la douleur physique, restauratrice et psychologique au cours du programme tertiaire de lutte contre la douleur poursuivent leurs propres programmes \u00e0 domicile.<\/p>\n<p>Un plan de soins \u00e0 long terme doit \u00eatre pr\u00e9par\u00e9 pour simplifier la prise en charge par le m\u00e9decin traitant, et un suivi de routine doit \u00eatre assur\u00e9 pour \u00e9valuer la durabilit\u00e9 de la restauration fonctionnelle obtenue.<\/p>\n<h2>Ce que notre cabinet peut faire si vous \u00eates victime d&rsquo;un accident du travail<\/h2>\n<p>Nous avons l&rsquo;exp\u00e9rience n\u00e9cessaire pour vous aider \u00e0 r\u00e9soudre leurs probl\u00e8mes d&rsquo;indemnisation des accidents du travail. Nous comprenons ce que vous traversez et nous r\u00e9pondrons \u00e0 vos besoins m\u00e9dicaux tout en respectant les directives \u00e9tablies par la Commission d&rsquo;indemnisation des accidents du travail de l&rsquo;\u00c9tat de New York.<\/p>\n<p>Nous comprenons l&rsquo;importance de vos dossiers d&rsquo;indemnisation des travailleurs. Laissez-nous vous aider \u00e0 naviguer dans le labyrinthe des relations avec la compagnie d&rsquo;assurance contre les accidents du travail et votre employeur.<\/p>\n<p>Nous comprenons qu&rsquo;il s&rsquo;agit d&rsquo;une p\u00e9riode stressante pour vous et votre famille. Si vous souhaitez prendre un rendez-vous, veuillez nous contacter afin que nous fassions tout ce qui est en notre pouvoir pour vous faciliter la t\u00e2che.<\/p>\n","protected":false},"excerpt":{"rendered":"<p>Principes directeurs g\u00e9n\u00e9raux pour les programmes tertiaires de lutte contre la douleur : Programmes interdisciplinaires de r\u00e9habilitation de la douleur, multidisciplinaires Programmes de r\u00e9adaptation, programmes de gestion de la douleur chronique, et des programmes de restauration fonctionnelle pour les travailleurs patients indemnis\u00e9s Les lignes directrices \u00e9labor\u00e9es par la commission des accidents du travail de l&rsquo;\u00c9tat [&hellip;]<\/p>\n","protected":false},"author":33,"featured_media":0,"parent":21156,"menu_order":0,"comment_status":"closed","ping_status":"closed","template":"","meta":{"_et_pb_use_builder":"","_et_pb_old_content":"","_et_gb_content_width":"","footnotes":""},"class_list":["post-21196","page","type-page","status-publish","hentry"],"yoast_head":"<!-- This site is optimized with the Yoast SEO plugin v27.2 - https:\/\/yoast.com\/product\/yoast-seo-wordpress\/ -->\n<title>Programmes interdisciplinaires de r\u00e9habilitation de la douleur | Best Hip &amp; Knee Surgeon | NY, USA<\/title>\n<meta name=\"description\" content=\"Principes directeurs g\u00e9n\u00e9raux pour les programmes tertiaires de lutte contre la douleur : Programmes interdisciplinaires de r\u00e9habilitation de la douleur,\" \/>\n<meta name=\"robots\" content=\"index, follow, max-snippet:-1, max-image-preview:large, max-video-preview:-1\" \/>\n<link rel=\"canonical\" href=\"https:\/\/www.newyorkhipknee.com\/fr\/indemnisation-des-travailleurs\/lignes-directrices-pour-les-traitements-medicaux-mtg\/douleur-regionale-complexe\/programmes-interdisciplinaires-de-rehabilitation-de-la-douleur\/\" \/>\n<meta property=\"og:locale\" content=\"fr_FR\" \/>\n<meta property=\"og:type\" content=\"article\" \/>\n<meta property=\"og:title\" content=\"Programmes interdisciplinaires de r\u00e9habilitation de la douleur | Best Hip &amp; Knee Surgeon | NY, USA\" \/>\n<meta property=\"og:description\" content=\"Principes directeurs g\u00e9n\u00e9raux pour les programmes tertiaires de lutte contre la douleur : Programmes interdisciplinaires de r\u00e9habilitation de la douleur,\" \/>\n<meta property=\"og:url\" content=\"https:\/\/www.newyorkhipknee.com\/fr\/indemnisation-des-travailleurs\/lignes-directrices-pour-les-traitements-medicaux-mtg\/douleur-regionale-complexe\/programmes-interdisciplinaires-de-rehabilitation-de-la-douleur\/\" \/>\n<meta property=\"og:site_name\" content=\"Best Hip &amp; Knee Surgeon | NY, USA\" \/>\n<meta name=\"twitter:card\" content=\"summary_large_image\" \/>\n<meta name=\"twitter:label1\" content=\"Dur\u00e9e de lecture estim\u00e9e\" \/>\n\t<meta name=\"twitter:data1\" content=\"8 minutes\" \/>\n<script type=\"application\/ld+json\" class=\"yoast-schema-graph\">{\"@context\":\"https:\/\/schema.org\",\"@graph\":[{\"@type\":[\"WebPage\",\"MedicalWebPage\"],\"@id\":\"https:\/\/www.newyorkhipknee.com\/fr\/indemnisation-des-travailleurs\/lignes-directrices-pour-les-traitements-medicaux-mtg\/douleur-regionale-complexe\/programmes-interdisciplinaires-de-rehabilitation-de-la-douleur\/\",\"url\":\"https:\/\/www.newyorkhipknee.com\/fr\/indemnisation-des-travailleurs\/lignes-directrices-pour-les-traitements-medicaux-mtg\/douleur-regionale-complexe\/programmes-interdisciplinaires-de-rehabilitation-de-la-douleur\/\",\"name\":\"Programmes interdisciplinaires de r\u00e9habilitation de la douleur | Best Hip &amp; Knee Surgeon | NY, USA\",\"isPartOf\":{\"@id\":\"https:\/\/www.newyorkhipknee.com\/fr\/#website\"},\"datePublished\":\"2023-12-19T17:06:59+00:00\",\"description\":\"Principes directeurs g\u00e9n\u00e9raux pour les programmes tertiaires de lutte contre la douleur : Programmes interdisciplinaires de r\u00e9habilitation de la douleur,\",\"breadcrumb\":{\"@id\":\"https:\/\/www.newyorkhipknee.com\/fr\/indemnisation-des-travailleurs\/lignes-directrices-pour-les-traitements-medicaux-mtg\/douleur-regionale-complexe\/programmes-interdisciplinaires-de-rehabilitation-de-la-douleur\/#breadcrumb\"},\"inLanguage\":\"fr-FR\",\"potentialAction\":[{\"@type\":\"ReadAction\",\"target\":[\"https:\/\/www.newyorkhipknee.com\/fr\/indemnisation-des-travailleurs\/lignes-directrices-pour-les-traitements-medicaux-mtg\/douleur-regionale-complexe\/programmes-interdisciplinaires-de-rehabilitation-de-la-douleur\/\"]}]},{\"@type\":\"BreadcrumbList\",\"@id\":\"https:\/\/www.newyorkhipknee.com\/fr\/indemnisation-des-travailleurs\/lignes-directrices-pour-les-traitements-medicaux-mtg\/douleur-regionale-complexe\/programmes-interdisciplinaires-de-rehabilitation-de-la-douleur\/#breadcrumb\",\"itemListElement\":[{\"@type\":\"ListItem\",\"position\":1,\"name\":\"Home\",\"item\":\"https:\/\/www.newyorkhipknee.com\/fr\/\"},{\"@type\":\"ListItem\",\"position\":2,\"name\":\"Indemnisation des travailleurs\",\"item\":\"https:\/\/www.newyorkhipknee.com\/fr\/indemnisation-des-travailleurs\/\"},{\"@type\":\"ListItem\",\"position\":3,\"name\":\"Lignes directrices pour les traitements m\u00e9dicaux (MTG)\",\"item\":\"https:\/\/www.newyorkhipknee.com\/fr\/indemnisation-des-travailleurs\/lignes-directrices-pour-les-traitements-medicaux-mtg\/\"},{\"@type\":\"ListItem\",\"position\":4,\"name\":\"Douleur r\u00e9gionale complexe\",\"item\":\"https:\/\/www.newyorkhipknee.com\/fr\/indemnisation-des-travailleurs\/lignes-directrices-pour-les-traitements-medicaux-mtg\/douleur-regionale-complexe\/\"},{\"@type\":\"ListItem\",\"position\":5,\"name\":\"Programmes interdisciplinaires de r\u00e9habilitation de la douleur\"}]},{\"@type\":\"WebSite\",\"@id\":\"https:\/\/www.newyorkhipknee.com\/fr\/#website\",\"url\":\"https:\/\/www.newyorkhipknee.com\/fr\/\",\"name\":\"Best Hip & Knee Surgeon | NY, USA\",\"description\":\"\",\"potentialAction\":[{\"@type\":\"SearchAction\",\"target\":{\"@type\":\"EntryPoint\",\"urlTemplate\":\"https:\/\/www.newyorkhipknee.com\/fr\/?s={search_term_string}\"},\"query-input\":{\"@type\":\"PropertyValueSpecification\",\"valueRequired\":true,\"valueName\":\"search_term_string\"}}],\"inLanguage\":\"fr-FR\"}]}<\/script>\n<!-- \/ Yoast SEO plugin. -->","yoast_head_json":{"title":"Programmes interdisciplinaires de r\u00e9habilitation de la douleur | Best Hip &amp; Knee Surgeon | NY, USA","description":"Principes directeurs g\u00e9n\u00e9raux pour les programmes tertiaires de lutte contre la douleur : Programmes interdisciplinaires de r\u00e9habilitation de la douleur,","robots":{"index":"index","follow":"follow","max-snippet":"max-snippet:-1","max-image-preview":"max-image-preview:large","max-video-preview":"max-video-preview:-1"},"canonical":"https:\/\/www.newyorkhipknee.com\/fr\/indemnisation-des-travailleurs\/lignes-directrices-pour-les-traitements-medicaux-mtg\/douleur-regionale-complexe\/programmes-interdisciplinaires-de-rehabilitation-de-la-douleur\/","og_locale":"fr_FR","og_type":"article","og_title":"Programmes interdisciplinaires de r\u00e9habilitation de la douleur | Best Hip &amp; Knee Surgeon | NY, USA","og_description":"Principes directeurs g\u00e9n\u00e9raux pour les programmes tertiaires de lutte contre la douleur : Programmes interdisciplinaires de r\u00e9habilitation de la douleur,","og_url":"https:\/\/www.newyorkhipknee.com\/fr\/indemnisation-des-travailleurs\/lignes-directrices-pour-les-traitements-medicaux-mtg\/douleur-regionale-complexe\/programmes-interdisciplinaires-de-rehabilitation-de-la-douleur\/","og_site_name":"Best Hip &amp; Knee Surgeon | NY, USA","twitter_card":"summary_large_image","twitter_misc":{"Dur\u00e9e de lecture estim\u00e9e":"8 minutes"},"schema":{"@context":"https:\/\/schema.org","@graph":[{"@type":["WebPage","MedicalWebPage"],"@id":"https:\/\/www.newyorkhipknee.com\/fr\/indemnisation-des-travailleurs\/lignes-directrices-pour-les-traitements-medicaux-mtg\/douleur-regionale-complexe\/programmes-interdisciplinaires-de-rehabilitation-de-la-douleur\/","url":"https:\/\/www.newyorkhipknee.com\/fr\/indemnisation-des-travailleurs\/lignes-directrices-pour-les-traitements-medicaux-mtg\/douleur-regionale-complexe\/programmes-interdisciplinaires-de-rehabilitation-de-la-douleur\/","name":"Programmes interdisciplinaires de r\u00e9habilitation de la douleur | Best Hip &amp; Knee Surgeon | NY, USA","isPartOf":{"@id":"https:\/\/www.newyorkhipknee.com\/fr\/#website"},"datePublished":"2023-12-19T17:06:59+00:00","description":"Principes directeurs g\u00e9n\u00e9raux pour les programmes tertiaires de lutte contre la douleur : Programmes interdisciplinaires de r\u00e9habilitation de la douleur,","breadcrumb":{"@id":"https:\/\/www.newyorkhipknee.com\/fr\/indemnisation-des-travailleurs\/lignes-directrices-pour-les-traitements-medicaux-mtg\/douleur-regionale-complexe\/programmes-interdisciplinaires-de-rehabilitation-de-la-douleur\/#breadcrumb"},"inLanguage":"fr-FR","potentialAction":[{"@type":"ReadAction","target":["https:\/\/www.newyorkhipknee.com\/fr\/indemnisation-des-travailleurs\/lignes-directrices-pour-les-traitements-medicaux-mtg\/douleur-regionale-complexe\/programmes-interdisciplinaires-de-rehabilitation-de-la-douleur\/"]}]},{"@type":"BreadcrumbList","@id":"https:\/\/www.newyorkhipknee.com\/fr\/indemnisation-des-travailleurs\/lignes-directrices-pour-les-traitements-medicaux-mtg\/douleur-regionale-complexe\/programmes-interdisciplinaires-de-rehabilitation-de-la-douleur\/#breadcrumb","itemListElement":[{"@type":"ListItem","position":1,"name":"Home","item":"https:\/\/www.newyorkhipknee.com\/fr\/"},{"@type":"ListItem","position":2,"name":"Indemnisation des travailleurs","item":"https:\/\/www.newyorkhipknee.com\/fr\/indemnisation-des-travailleurs\/"},{"@type":"ListItem","position":3,"name":"Lignes directrices pour les traitements m\u00e9dicaux (MTG)","item":"https:\/\/www.newyorkhipknee.com\/fr\/indemnisation-des-travailleurs\/lignes-directrices-pour-les-traitements-medicaux-mtg\/"},{"@type":"ListItem","position":4,"name":"Douleur r\u00e9gionale complexe","item":"https:\/\/www.newyorkhipknee.com\/fr\/indemnisation-des-travailleurs\/lignes-directrices-pour-les-traitements-medicaux-mtg\/douleur-regionale-complexe\/"},{"@type":"ListItem","position":5,"name":"Programmes interdisciplinaires de r\u00e9habilitation de la douleur"}]},{"@type":"WebSite","@id":"https:\/\/www.newyorkhipknee.com\/fr\/#website","url":"https:\/\/www.newyorkhipknee.com\/fr\/","name":"Best Hip & Knee Surgeon | NY, USA","description":"","potentialAction":[{"@type":"SearchAction","target":{"@type":"EntryPoint","urlTemplate":"https:\/\/www.newyorkhipknee.com\/fr\/?s={search_term_string}"},"query-input":{"@type":"PropertyValueSpecification","valueRequired":true,"valueName":"search_term_string"}}],"inLanguage":"fr-FR"}]}},"_links":{"self":[{"href":"https:\/\/www.newyorkhipknee.com\/fr\/wp-json\/wp\/v2\/pages\/21196","targetHints":{"allow":["GET"]}}],"collection":[{"href":"https:\/\/www.newyorkhipknee.com\/fr\/wp-json\/wp\/v2\/pages"}],"about":[{"href":"https:\/\/www.newyorkhipknee.com\/fr\/wp-json\/wp\/v2\/types\/page"}],"author":[{"embeddable":true,"href":"https:\/\/www.newyorkhipknee.com\/fr\/wp-json\/wp\/v2\/users\/33"}],"replies":[{"embeddable":true,"href":"https:\/\/www.newyorkhipknee.com\/fr\/wp-json\/wp\/v2\/comments?post=21196"}],"version-history":[{"count":0,"href":"https:\/\/www.newyorkhipknee.com\/fr\/wp-json\/wp\/v2\/pages\/21196\/revisions"}],"up":[{"embeddable":true,"href":"https:\/\/www.newyorkhipknee.com\/fr\/wp-json\/wp\/v2\/pages\/21156"}],"wp:attachment":[{"href":"https:\/\/www.newyorkhipknee.com\/fr\/wp-json\/wp\/v2\/media?parent=21196"}],"curies":[{"name":"wp","href":"https:\/\/api.w.org\/{rel}","templated":true}]}}