{"id":21206,"date":"2023-12-18T17:08:10","date_gmt":"2023-12-18T22:08:10","guid":{"rendered":"https:\/\/newyorkhipknee.com\/douleur-regionale-complexe\/prise-en-charge-du-sdrc\/"},"modified":"2023-12-18T17:08:10","modified_gmt":"2023-12-18T22:08:10","slug":"prise-en-charge-du-sdrc","status":"publish","type":"page","link":"https:\/\/www.newyorkhipknee.com\/fr\/indemnisation-des-travailleurs\/lignes-directrices-pour-les-traitements-medicaux-mtg\/douleur-regionale-complexe\/prise-en-charge-du-sdrc\/","title":{"rendered":"Prise en charge du SDRC"},"content":{"rendered":"<p>La commission des accidents du travail de l&rsquo;\u00c9tat de New York a \u00e9labor\u00e9 des lignes directrices pour aider les professionnels de la sant\u00e9, notamment les m\u00e9decins et les podologues, \u00e0 d\u00e9terminer le niveau de soins appropri\u00e9 pour les patients souffrant de troubles de la cheville et du pied.<\/p>\n<p>Ces lignes directrices ne remplacent pas le jugement clinique ou l&rsquo;exp\u00e9rience professionnelle, et la d\u00e9cision finale concernant les soins doit \u00eatre prise par le patient en consultation avec son prestataire de soins de sant\u00e9. Les lignes directrices visent \u00e0 garantir que les travailleurs re\u00e7oivent le traitement m\u00e9dical n\u00e9cessaire et raisonnable pour leurs blessures li\u00e9es au travail.<\/p>\n<p>Ils sont bas\u00e9s sur la m\u00e9decine factuelle et sont con\u00e7us pour aider \u00e0 restaurer la capacit\u00e9 fonctionnelle du patient. Les directives de la Commission sur les traitements m\u00e9dicaux sont un \u00e9l\u00e9ment essentiel du syst\u00e8me d&rsquo;indemnisation des travailleurs, car elles fournissent un cadre pour la prestation de soins de sant\u00e9 aux travailleurs accident\u00e9s.<\/p>\n<p>&nbsp;<\/p>\n<h2>Activit\u00e9s professionnelles de gestion du SDRC<\/h2>\n<div class=\"content\" tabindex=\"0\">\n<div class=\"ac-container ac-adaptiveCard\">\n<div class=\"ac-textBlock\">\n<p>Il est souvent recommand\u00e9 de modifier les activit\u00e9s professionnelles dans le cadre d&rsquo;un plan de traitement. L&rsquo;un des moyens d&rsquo;y parvenir consiste \u00e0 examiner les responsabilit\u00e9s professionnelles pour voir si des modifications peuvent \u00eatre apport\u00e9es sans que l&#8217;employeur en soit inform\u00e9. Cela permet d&rsquo;\u00e9viter les activit\u00e9s susceptibles d&rsquo;aggraver sensiblement la douleur, au moins pendant un certain temps.<\/p>\n<p>Il est important de maintenir les patients \u00e0 leur plus haut niveau d&rsquo;activit\u00e9, y compris au travail, car cela est dans leur meilleur int\u00e9r\u00eat clinique et psychologique.<\/p>\n<p>Pour d\u00e9terminer la faisabilit\u00e9, il est n\u00e9cessaire d&rsquo;\u00e9valuer le \u00ab\u00a0risque\u00a0\u00bb, la \u00ab\u00a0capacit\u00e9\u00a0\u00bb et la \u00ab\u00a0tol\u00e9rance\u00a0\u00bb. Le terme \u00ab\u00a0risque\u00a0\u00bb fait r\u00e9f\u00e9rence \u00e0 ce qu&rsquo;un patient peut accomplir mais ne doit pas faire en raison de la forte probabilit\u00e9 de subir des cons\u00e9quences graves. Les prestataires fixent des limites d&#8217;emploi en fonction de leur \u00e9valuation des risques.<\/p>\n<div class=\"content\" tabindex=\"0\">\n<div class=\"ac-container ac-adaptiveCard\">\n<div class=\"ac-textBlock\">\n<p>Il est important de d\u00e9terminer ce qu&rsquo;un patient est physiquement capable d&rsquo;accomplir, ce que l&rsquo;on appelle sa capacit\u00e9. Cela peut \u00eatre d\u00e9termin\u00e9 en \u00e9valuant des facteurs tels que l&rsquo;amplitude des mouvements et la capacit\u00e9 d&rsquo;exercice en \u00e9quivalents m\u00e9taboliques (MET). C&rsquo;est la patiente, et non le clinicien, qui doit d\u00e9terminer si les avantages de l&rsquo;accouchement l&#8217;emportent sur le co\u00fbt des sympt\u00f4mes, en fonction de sa tol\u00e9rance \u00e0 des sympt\u00f4mes persistants.<\/p>\n<p>La premi\u00e8re \u00e9tape pour d\u00e9cider s&rsquo;il est n\u00e9cessaire de modifier l&rsquo;activit\u00e9 professionnelle est d&rsquo;avoir une discussion avec le patient et son prestataire de soins de sant\u00e9 pour savoir s&rsquo;ils ont ou non le contr\u00f4le de leurs t\u00e2ches professionnelles.<\/p>\n<p>Dans certaines situations, m\u00eame si la g\u00eane peut \u00eatre invalidante, il n&rsquo;est peut-\u00eatre pas n\u00e9cessaire d&rsquo;\u00e9crire certaines restrictions si le travailleur peut recevoir l&rsquo;aide d&rsquo;une autre personne.<\/p>\n<p>Selon la NYS WCB MTG-Complex Regional Pain Syndrome 34, une inspection et une analyse du lieu de travail par un professionnel de la sant\u00e9 poss\u00e9dant l&rsquo;expertise requise peuvent faciliter l&rsquo;\u00e9valuation des t\u00e2ches professionnelles et la possibilit\u00e9 d&rsquo;ajustements.<\/p>\n<p>Lors de l&rsquo;\u00e9laboration des adaptations du travail, il convient de tenir compte des exigences physiques du travail et de la s\u00e9curit\u00e9 du travail, dans le cadre des circonstances sp\u00e9cifiques \u00e0 chaque cas. Si le patient sait qu&rsquo;un repos total ou d&rsquo;autres formes d&rsquo;inactivit\u00e9 sont conseill\u00e9s, il faut \u00e9galement en tenir compte.<\/p>\n<p>Dans certains cas, il peut \u00eatre n\u00e9cessaire d&rsquo;imposer des restrictions ou de prescrire des niveaux d&rsquo;activit\u00e9 sup\u00e9rieurs \u00e0 ce que le patient estime pouvoir supporter. Dans ces circonstances, il convient de donner des informations sur le SDRC et sur la n\u00e9cessit\u00e9 de continuer \u00e0 \u00eatre actif.<\/p>\n<p>Les restrictions les plus courantes sont l&rsquo;adaptation du poids des objets soulev\u00e9s, l&rsquo;intensit\u00e9 de l&rsquo;activit\u00e9 physique autoris\u00e9e (faible, moyenne ou \u00e9lev\u00e9e), le nombre de lev\u00e9es et la posture. En tenant compte des comp\u00e9tences du patient, les prescriptions d&rsquo;activit\u00e9s physiques doivent \u00eatre adapt\u00e9es \u00e0 chaque individu, car de nombreux aspects doivent \u00eatre pris en consid\u00e9ration.<\/p>\n<p>Voici quelques suggestions concernant les restrictions initiales des activit\u00e9s professionnelles et extrascolaires dans les premiers stades d&rsquo;un CRPS s\u00e9v\u00e8re affectant le membre sup\u00e9rieur :<\/p>\n<ul>\n<li>Limiter le travail \u00e0 deux heures par jour.<\/li>\n<li>\u00c9vitez de soulever plus de cinq livres.<\/li>\n<li>S&rsquo;abstenir d&rsquo;utiliser la main affect\u00e9e dans des activit\u00e9s qui n\u00e9cessitent beaucoup de r\u00e9p\u00e9tition ou de force, comme pousser ou tirer.<\/li>\n<\/ul>\n<p>En cas de CRPS grave affectant les extr\u00e9mit\u00e9s inf\u00e9rieures ou la colonne vert\u00e9brale, les restrictions initiales pour le travail et les activit\u00e9s extrascolaires pourraient inclure :<\/p>\n<ul>\n<li>Limiter le travail \u00e0 deux heures par jour.<\/li>\n<li>Ne pas soulever plus de 10 livres.<\/li>\n<li>Passer de la position debout \u00e0 la position assise si n\u00e9cessaire.<\/li>\n<\/ul>\n<p>Au d\u00e9but de la th\u00e9rapie, il est habituel de r\u00e9\u00e9valuer ces exigences d&rsquo;activit\u00e9 \u00e0 la maison et au travail chaque semaine. Il est conseill\u00e9 d&rsquo;augmenter progressivement l&rsquo;activit\u00e9 afin que les patients atteints de CRPS puissent conserver ou retrouver leur niveau de fonctionnement optimal.<\/p>\n<p>Il est pr\u00e9f\u00e9rable d&rsquo;expliquer d\u00e8s le d\u00e9but du traitement que les restrictions seront progressivement assouplies au fur et \u00e0 mesure de l&rsquo;am\u00e9lioration de l&rsquo;\u00e9tat du patient. Pour r\u00e9duire l&rsquo;effet de surprise et soutenir activement les aspects les plus cruciaux d&rsquo;un programme de restauration active et fonctionnelle, les prestataires de soins exp\u00e9riment\u00e9s communiquent les changements pr\u00e9vus dans les restrictions pour la semaine \u00e0 venir lors de la visite actuelle (comme la pr\u00e9vision de l&rsquo;augmentation des composantes du programme d&rsquo;exercices).<\/p>\n<p>En raison de la variabilit\u00e9 des sympt\u00f4mes et de la fonctionnalit\u00e9, pratiquement tous les patients atteints de CRPS ont besoin de limitations personnalis\u00e9es. L&#8217;employeur doit \u00e9galement \u00eatre consult\u00e9 lorsqu&rsquo;il s&rsquo;agit d&rsquo;\u00e9laborer des plans visant \u00e0 acc\u00e9l\u00e9rer et \u00e0 faciliter l&rsquo;int\u00e9gration du patient sur le lieu de travail.<\/p>\n<p>Voici quelques suggestions pour les patients atteints de CRPS :<\/p>\n<ul>\n<li>Les patients peuvent ressentir une douleur plus importante m\u00eame lorsqu&rsquo;ils effectuent des t\u00e2ches \u00ab\u00a0l\u00e9g\u00e8res\u00a0\u00bb au cours des premiers stades de la r\u00e9\u00e9ducation. Les augmentations des sensations doivent \u00eatre abord\u00e9es et les causes des augmentations majeures de la douleur doivent \u00eatre entendues avec une main secourable. Pour les personnes atteintes de CRPS, l&rsquo;augmentation de la douleur n&rsquo;est pas toujours le signe d&rsquo;une blessure.<\/li>\n<li>Toute limitation a pour but de donner du temps pour faire de l&rsquo;exercice afin d&rsquo;augmenter la tol\u00e9rance \u00e0 l&rsquo;activit\u00e9. Il pourrait \u00eatre utile de rappeler au patient, si n\u00e9cessaire, que ce programme de r\u00e9adaptation l&rsquo;aidera \u00e9galement \u00e0 retrouver ses fonctions normales non professionnelles.<\/li>\n<li>Dans l&rsquo;int\u00e9r\u00eat du patient, \u00e0 court et \u00e0 long terme, tout doit \u00eatre mis en \u0153uvre pour qu&rsquo;il conserve son niveau d&rsquo;activit\u00e9 le plus \u00e9lev\u00e9, y compris ses activit\u00e9s professionnelles. Que l&rsquo;on pense ou non que l&rsquo;op\u00e9rateur dispose de fonctions restreintes, les restrictions de l&rsquo;activit\u00e9 professionnelle doivent toujours \u00eatre document\u00e9es.<\/li>\n<li>Des conseils \u00e9crits sur les limitations d&rsquo;activit\u00e9 d\u00e9crivent l&rsquo;\u00e9tat de sant\u00e9 du patient et lui indiquent ce qu&rsquo;il doit faire et ne pas faire \u00e0 la maison. Les recommandations relatives \u00e0 l&rsquo;adaptation de l&rsquo;activit\u00e9 et \u00e0 l&rsquo;absence du lieu de travail en raison du SDRC sont pr\u00e9sent\u00e9es dans le tableau 3.<\/li>\n<\/ul>\n<p>Veuillez noter que ces recommandations s&rsquo;adressent \u00e0 des patients qui ne pr\u00e9sentent pas de comorbidit\u00e9 ou d&rsquo;autres complications, telles que des blessures ant\u00e9rieures graves. Du point de vue de la r\u00e9cup\u00e9ration physiologique, il s&rsquo;agit d&rsquo;objectifs servant de r\u00e9f\u00e9rence. Chaque cas est unique.<\/p>\n<\/div>\n<p><strong>Tableau 3. Lignes directrices pour la modification des activit\u00e9s professionnelles et la dur\u00e9e des restrictions<\/strong><\/p>\n<div class=\"ac-textBlock\">\n<p><img loading=\"lazy\" decoding=\"async\" class=\"alignnone wp-image-20412\" title=\"Activit\u00e9s professionnelles\" src=\"https:\/\/newyorkhipknee.com\/wp-content\/uploads\/2023\/12\/Work-Activites-300x113.png\" alt=\"\" width=\"578\" height=\"218\"><\/p>\n<\/div>\n<\/div>\n<\/div>\n<\/div>\n<\/div>\n<\/div>\n","protected":false},"excerpt":{"rendered":"<p>La commission des accidents du travail de l&rsquo;\u00c9tat de New York a \u00e9labor\u00e9 des lignes directrices pour aider les professionnels de la sant\u00e9, notamment les m\u00e9decins et les podologues, \u00e0 d\u00e9terminer le niveau de soins appropri\u00e9 pour les patients souffrant de troubles de la cheville et du pied. Ces lignes directrices ne remplacent pas le [&hellip;]<\/p>\n","protected":false},"author":33,"featured_media":0,"parent":21156,"menu_order":0,"comment_status":"closed","ping_status":"closed","template":"","meta":{"_et_pb_use_builder":"","_et_pb_old_content":"","_et_gb_content_width":"","footnotes":""},"class_list":["post-21206","page","type-page","status-publish","hentry"],"yoast_head":"<!-- This site is optimized with the Yoast SEO plugin v27.2 - https:\/\/yoast.com\/product\/yoast-seo-wordpress\/ -->\n<title>Prise en charge du SDRC | Best Hip &amp; Knee Surgeon | NY, USA<\/title>\n<meta name=\"description\" content=\"La commission des accidents du travail de l&#039;\u00c9tat de New York a \u00e9labor\u00e9 des lignes directrices pour aider les professionnels de la sant\u00e9, notamment les\" \/>\n<meta name=\"robots\" content=\"index, follow, max-snippet:-1, max-image-preview:large, max-video-preview:-1\" \/>\n<link rel=\"canonical\" href=\"https:\/\/www.newyorkhipknee.com\/fr\/indemnisation-des-travailleurs\/lignes-directrices-pour-les-traitements-medicaux-mtg\/douleur-regionale-complexe\/prise-en-charge-du-sdrc\/\" \/>\n<meta property=\"og:locale\" content=\"fr_FR\" \/>\n<meta property=\"og:type\" content=\"article\" \/>\n<meta property=\"og:title\" content=\"Prise en charge du SDRC | Best Hip &amp; Knee Surgeon | NY, USA\" \/>\n<meta property=\"og:description\" content=\"La commission des accidents du travail de l&#039;\u00c9tat de New York a \u00e9labor\u00e9 des lignes directrices pour aider les professionnels de la sant\u00e9, notamment les\" \/>\n<meta property=\"og:url\" content=\"https:\/\/www.newyorkhipknee.com\/fr\/indemnisation-des-travailleurs\/lignes-directrices-pour-les-traitements-medicaux-mtg\/douleur-regionale-complexe\/prise-en-charge-du-sdrc\/\" \/>\n<meta property=\"og:site_name\" content=\"Best Hip &amp; Knee Surgeon | NY, USA\" \/>\n<meta property=\"og:image\" content=\"https:\/\/newyorkhipknee.com\/wp-content\/uploads\/2023\/12\/Work-Activites-300x113.png\" \/>\n<meta name=\"twitter:card\" content=\"summary_large_image\" \/>\n<meta name=\"twitter:label1\" content=\"Dur\u00e9e de lecture estim\u00e9e\" \/>\n\t<meta name=\"twitter:data1\" content=\"6 minutes\" \/>\n<script type=\"application\/ld+json\" class=\"yoast-schema-graph\">{\"@context\":\"https:\/\/schema.org\",\"@graph\":[{\"@type\":[\"WebPage\",\"MedicalWebPage\"],\"@id\":\"https:\/\/www.newyorkhipknee.com\/fr\/indemnisation-des-travailleurs\/lignes-directrices-pour-les-traitements-medicaux-mtg\/douleur-regionale-complexe\/prise-en-charge-du-sdrc\/\",\"url\":\"https:\/\/www.newyorkhipknee.com\/fr\/indemnisation-des-travailleurs\/lignes-directrices-pour-les-traitements-medicaux-mtg\/douleur-regionale-complexe\/prise-en-charge-du-sdrc\/\",\"name\":\"Prise en charge du SDRC | Best Hip &amp; Knee Surgeon | NY, USA\",\"isPartOf\":{\"@id\":\"https:\/\/www.newyorkhipknee.com\/fr\/#website\"},\"primaryImageOfPage\":{\"@id\":\"https:\/\/www.newyorkhipknee.com\/fr\/indemnisation-des-travailleurs\/lignes-directrices-pour-les-traitements-medicaux-mtg\/douleur-regionale-complexe\/prise-en-charge-du-sdrc\/#primaryimage\"},\"image\":{\"@id\":\"https:\/\/www.newyorkhipknee.com\/fr\/indemnisation-des-travailleurs\/lignes-directrices-pour-les-traitements-medicaux-mtg\/douleur-regionale-complexe\/prise-en-charge-du-sdrc\/#primaryimage\"},\"thumbnailUrl\":\"https:\/\/newyorkhipknee.com\/wp-content\/uploads\/2023\/12\/Work-Activites-300x113.png\",\"datePublished\":\"2023-12-18T22:08:10+00:00\",\"description\":\"La commission des accidents du travail de l'\u00c9tat de New York a \u00e9labor\u00e9 des lignes directrices pour aider les professionnels de la sant\u00e9, notamment les\",\"breadcrumb\":{\"@id\":\"https:\/\/www.newyorkhipknee.com\/fr\/indemnisation-des-travailleurs\/lignes-directrices-pour-les-traitements-medicaux-mtg\/douleur-regionale-complexe\/prise-en-charge-du-sdrc\/#breadcrumb\"},\"inLanguage\":\"fr-FR\",\"potentialAction\":[{\"@type\":\"ReadAction\",\"target\":[\"https:\/\/www.newyorkhipknee.com\/fr\/indemnisation-des-travailleurs\/lignes-directrices-pour-les-traitements-medicaux-mtg\/douleur-regionale-complexe\/prise-en-charge-du-sdrc\/\"]}]},{\"@type\":\"ImageObject\",\"inLanguage\":\"fr-FR\",\"@id\":\"https:\/\/www.newyorkhipknee.com\/fr\/indemnisation-des-travailleurs\/lignes-directrices-pour-les-traitements-medicaux-mtg\/douleur-regionale-complexe\/prise-en-charge-du-sdrc\/#primaryimage\",\"url\":\"https:\/\/newyorkhipknee.com\/wp-content\/uploads\/2023\/12\/Work-Activites-300x113.png\",\"contentUrl\":\"https:\/\/newyorkhipknee.com\/wp-content\/uploads\/2023\/12\/Work-Activites-300x113.png\"},{\"@type\":\"BreadcrumbList\",\"@id\":\"https:\/\/www.newyorkhipknee.com\/fr\/indemnisation-des-travailleurs\/lignes-directrices-pour-les-traitements-medicaux-mtg\/douleur-regionale-complexe\/prise-en-charge-du-sdrc\/#breadcrumb\",\"itemListElement\":[{\"@type\":\"ListItem\",\"position\":1,\"name\":\"Home\",\"item\":\"https:\/\/www.newyorkhipknee.com\/fr\/\"},{\"@type\":\"ListItem\",\"position\":2,\"name\":\"Indemnisation des travailleurs\",\"item\":\"https:\/\/www.newyorkhipknee.com\/fr\/indemnisation-des-travailleurs\/\"},{\"@type\":\"ListItem\",\"position\":3,\"name\":\"Lignes directrices pour les traitements m\u00e9dicaux (MTG)\",\"item\":\"https:\/\/www.newyorkhipknee.com\/fr\/indemnisation-des-travailleurs\/lignes-directrices-pour-les-traitements-medicaux-mtg\/\"},{\"@type\":\"ListItem\",\"position\":4,\"name\":\"Douleur r\u00e9gionale complexe\",\"item\":\"https:\/\/www.newyorkhipknee.com\/fr\/indemnisation-des-travailleurs\/lignes-directrices-pour-les-traitements-medicaux-mtg\/douleur-regionale-complexe\/\"},{\"@type\":\"ListItem\",\"position\":5,\"name\":\"Prise en charge du SDRC\"}]},{\"@type\":\"WebSite\",\"@id\":\"https:\/\/www.newyorkhipknee.com\/fr\/#website\",\"url\":\"https:\/\/www.newyorkhipknee.com\/fr\/\",\"name\":\"Best Hip & Knee Surgeon | NY, USA\",\"description\":\"\",\"potentialAction\":[{\"@type\":\"SearchAction\",\"target\":{\"@type\":\"EntryPoint\",\"urlTemplate\":\"https:\/\/www.newyorkhipknee.com\/fr\/?s={search_term_string}\"},\"query-input\":{\"@type\":\"PropertyValueSpecification\",\"valueRequired\":true,\"valueName\":\"search_term_string\"}}],\"inLanguage\":\"fr-FR\"}]}<\/script>\n<!-- \/ Yoast SEO plugin. -->","yoast_head_json":{"title":"Prise en charge du SDRC | Best Hip &amp; Knee Surgeon | NY, USA","description":"La commission des accidents du travail de l'\u00c9tat de New York a \u00e9labor\u00e9 des lignes directrices pour aider les professionnels de la sant\u00e9, notamment les","robots":{"index":"index","follow":"follow","max-snippet":"max-snippet:-1","max-image-preview":"max-image-preview:large","max-video-preview":"max-video-preview:-1"},"canonical":"https:\/\/www.newyorkhipknee.com\/fr\/indemnisation-des-travailleurs\/lignes-directrices-pour-les-traitements-medicaux-mtg\/douleur-regionale-complexe\/prise-en-charge-du-sdrc\/","og_locale":"fr_FR","og_type":"article","og_title":"Prise en charge du SDRC | Best Hip &amp; Knee Surgeon | NY, USA","og_description":"La commission des accidents du travail de l'\u00c9tat de New York a \u00e9labor\u00e9 des lignes directrices pour aider les professionnels de la sant\u00e9, notamment les","og_url":"https:\/\/www.newyorkhipknee.com\/fr\/indemnisation-des-travailleurs\/lignes-directrices-pour-les-traitements-medicaux-mtg\/douleur-regionale-complexe\/prise-en-charge-du-sdrc\/","og_site_name":"Best Hip &amp; Knee Surgeon | NY, USA","og_image":[{"url":"https:\/\/newyorkhipknee.com\/wp-content\/uploads\/2023\/12\/Work-Activites-300x113.png","type":"","width":"","height":""}],"twitter_card":"summary_large_image","twitter_misc":{"Dur\u00e9e de lecture estim\u00e9e":"6 minutes"},"schema":{"@context":"https:\/\/schema.org","@graph":[{"@type":["WebPage","MedicalWebPage"],"@id":"https:\/\/www.newyorkhipknee.com\/fr\/indemnisation-des-travailleurs\/lignes-directrices-pour-les-traitements-medicaux-mtg\/douleur-regionale-complexe\/prise-en-charge-du-sdrc\/","url":"https:\/\/www.newyorkhipknee.com\/fr\/indemnisation-des-travailleurs\/lignes-directrices-pour-les-traitements-medicaux-mtg\/douleur-regionale-complexe\/prise-en-charge-du-sdrc\/","name":"Prise en charge du SDRC | Best Hip &amp; Knee Surgeon | NY, USA","isPartOf":{"@id":"https:\/\/www.newyorkhipknee.com\/fr\/#website"},"primaryImageOfPage":{"@id":"https:\/\/www.newyorkhipknee.com\/fr\/indemnisation-des-travailleurs\/lignes-directrices-pour-les-traitements-medicaux-mtg\/douleur-regionale-complexe\/prise-en-charge-du-sdrc\/#primaryimage"},"image":{"@id":"https:\/\/www.newyorkhipknee.com\/fr\/indemnisation-des-travailleurs\/lignes-directrices-pour-les-traitements-medicaux-mtg\/douleur-regionale-complexe\/prise-en-charge-du-sdrc\/#primaryimage"},"thumbnailUrl":"https:\/\/newyorkhipknee.com\/wp-content\/uploads\/2023\/12\/Work-Activites-300x113.png","datePublished":"2023-12-18T22:08:10+00:00","description":"La commission des accidents du travail de l'\u00c9tat de New York a \u00e9labor\u00e9 des lignes directrices pour aider les professionnels de la sant\u00e9, notamment les","breadcrumb":{"@id":"https:\/\/www.newyorkhipknee.com\/fr\/indemnisation-des-travailleurs\/lignes-directrices-pour-les-traitements-medicaux-mtg\/douleur-regionale-complexe\/prise-en-charge-du-sdrc\/#breadcrumb"},"inLanguage":"fr-FR","potentialAction":[{"@type":"ReadAction","target":["https:\/\/www.newyorkhipknee.com\/fr\/indemnisation-des-travailleurs\/lignes-directrices-pour-les-traitements-medicaux-mtg\/douleur-regionale-complexe\/prise-en-charge-du-sdrc\/"]}]},{"@type":"ImageObject","inLanguage":"fr-FR","@id":"https:\/\/www.newyorkhipknee.com\/fr\/indemnisation-des-travailleurs\/lignes-directrices-pour-les-traitements-medicaux-mtg\/douleur-regionale-complexe\/prise-en-charge-du-sdrc\/#primaryimage","url":"https:\/\/newyorkhipknee.com\/wp-content\/uploads\/2023\/12\/Work-Activites-300x113.png","contentUrl":"https:\/\/newyorkhipknee.com\/wp-content\/uploads\/2023\/12\/Work-Activites-300x113.png"},{"@type":"BreadcrumbList","@id":"https:\/\/www.newyorkhipknee.com\/fr\/indemnisation-des-travailleurs\/lignes-directrices-pour-les-traitements-medicaux-mtg\/douleur-regionale-complexe\/prise-en-charge-du-sdrc\/#breadcrumb","itemListElement":[{"@type":"ListItem","position":1,"name":"Home","item":"https:\/\/www.newyorkhipknee.com\/fr\/"},{"@type":"ListItem","position":2,"name":"Indemnisation des travailleurs","item":"https:\/\/www.newyorkhipknee.com\/fr\/indemnisation-des-travailleurs\/"},{"@type":"ListItem","position":3,"name":"Lignes directrices pour les traitements m\u00e9dicaux (MTG)","item":"https:\/\/www.newyorkhipknee.com\/fr\/indemnisation-des-travailleurs\/lignes-directrices-pour-les-traitements-medicaux-mtg\/"},{"@type":"ListItem","position":4,"name":"Douleur r\u00e9gionale complexe","item":"https:\/\/www.newyorkhipknee.com\/fr\/indemnisation-des-travailleurs\/lignes-directrices-pour-les-traitements-medicaux-mtg\/douleur-regionale-complexe\/"},{"@type":"ListItem","position":5,"name":"Prise en charge du SDRC"}]},{"@type":"WebSite","@id":"https:\/\/www.newyorkhipknee.com\/fr\/#website","url":"https:\/\/www.newyorkhipknee.com\/fr\/","name":"Best Hip & Knee Surgeon | NY, USA","description":"","potentialAction":[{"@type":"SearchAction","target":{"@type":"EntryPoint","urlTemplate":"https:\/\/www.newyorkhipknee.com\/fr\/?s={search_term_string}"},"query-input":{"@type":"PropertyValueSpecification","valueRequired":true,"valueName":"search_term_string"}}],"inLanguage":"fr-FR"}]}},"_links":{"self":[{"href":"https:\/\/www.newyorkhipknee.com\/fr\/wp-json\/wp\/v2\/pages\/21206","targetHints":{"allow":["GET"]}}],"collection":[{"href":"https:\/\/www.newyorkhipknee.com\/fr\/wp-json\/wp\/v2\/pages"}],"about":[{"href":"https:\/\/www.newyorkhipknee.com\/fr\/wp-json\/wp\/v2\/types\/page"}],"author":[{"embeddable":true,"href":"https:\/\/www.newyorkhipknee.com\/fr\/wp-json\/wp\/v2\/users\/33"}],"replies":[{"embeddable":true,"href":"https:\/\/www.newyorkhipknee.com\/fr\/wp-json\/wp\/v2\/comments?post=21206"}],"version-history":[{"count":0,"href":"https:\/\/www.newyorkhipknee.com\/fr\/wp-json\/wp\/v2\/pages\/21206\/revisions"}],"up":[{"embeddable":true,"href":"https:\/\/www.newyorkhipknee.com\/fr\/wp-json\/wp\/v2\/pages\/21156"}],"wp:attachment":[{"href":"https:\/\/www.newyorkhipknee.com\/fr\/wp-json\/wp\/v2\/media?parent=21206"}],"curies":[{"name":"wp","href":"https:\/\/api.w.org\/{rel}","templated":true}]}}