{"id":21216,"date":"2023-12-21T14:34:04","date_gmt":"2023-12-21T19:34:04","guid":{"rendered":"https:\/\/newyorkhipknee.com\/douleur-regionale-complexe\/marqueurs-inflammatoires-non-specifiques-pour-le-depistage-des-troubles-inflammatoires\/"},"modified":"2023-12-21T14:34:04","modified_gmt":"2023-12-21T19:34:04","slug":"marqueurs-inflammatoires-non-specifiques-pour-le-depistage-des-troubles-inflammatoires","status":"publish","type":"page","link":"https:\/\/www.newyorkhipknee.com\/fr\/indemnisation-des-travailleurs\/lignes-directrices-pour-les-traitements-medicaux-mtg\/douleur-regionale-complexe\/marqueurs-inflammatoires-non-specifiques-pour-le-depistage-des-troubles-inflammatoires\/","title":{"rendered":"Marqueurs inflammatoires non sp\u00e9cifiques pour le d\u00e9pistage des troubles inflammatoires"},"content":{"rendered":"<p>La commission des accidents du travail de l&rsquo;\u00c9tat de New York a formul\u00e9 ces lignes directrices pour aider les m\u00e9decins, les podologues et les autres professionnels de la sant\u00e9 \u00e0 administrer un traitement appropri\u00e9 pour les marqueurs inflammatoires non sp\u00e9cifiques lors du d\u00e9pistage des troubles inflammatoires chez les patients souffrant d&rsquo;affections de la cheville et du pied.<\/p>\n<p>Ces lignes directrices servent d&rsquo;outil pour aider les professionnels de la sant\u00e9 \u00e0 d\u00e9terminer le niveau de soins appropri\u00e9. Toutefois, ils ne remplacent pas le jugement clinique ou l&rsquo;exp\u00e9rience professionnelle. La d\u00e9cision finale concernant les soins doit \u00eatre prise par le patient en concertation avec son prestataire de soins.<\/p>\n<p>&nbsp;<\/p>\n<h2>Marqueurs inflammatoires non sp\u00e9cifiques pour le d\u00e9pistage des troubles inflammatoires<\/h2>\n<p>Il est recommand\u00e9 d&rsquo;utiliser des marqueurs inflammatoires non sp\u00e9cifiques pour le d\u00e9pistage des troubles inflammatoires, tels que le d\u00e9bit de filtration glom\u00e9rulaire et d&rsquo;autres indicateurs de l&rsquo;inflammation. Ceci est particuli\u00e8rement crucial lors de l&rsquo;\u00e9valuation de patients dont les probl\u00e8mes de douleur ne sont pas clairs, en particulier ceux qui n&rsquo;ont pas \u00e9t\u00e9 diagnostiqu\u00e9s ou qui pr\u00e9sentent des sympt\u00f4mes compatibles avec des maladies rhumatologiques syst\u00e9miques et qui ont subi des examens inad\u00e9quats.<\/p>\n<p>Des tests suppl\u00e9mentaires, notamment pour le facteur rhumato\u00efde et le taux d&rsquo;anticorps antinucl\u00e9aires, peuvent s&rsquo;av\u00e9rer n\u00e9cessaires en fonction de l&rsquo;\u00e9valuation initiale. M\u00eame si une autre affection est identifi\u00e9e par des tests diagnostiques suppl\u00e9mentaires, il est toujours conseill\u00e9 de proc\u00e9der \u00e0 un d\u00e9pistage pour s&rsquo;assurer qu&rsquo;il n&rsquo;y a pas d&rsquo;autres facteurs contributifs traitables, en particulier si aucune explication satisfaisante n&rsquo;est fournie pour les sympt\u00f4mes.<\/p>\n<p>Fr\u00e9quence\/dose\/dur\u00e9e : Une seule \u00e9valuation est recommand\u00e9e, mais en cas de changement significatif des sympt\u00f4mes, une deuxi\u00e8me \u00e9valuation peut \u00eatre justifi\u00e9e. En outre, il est judicieux de r\u00e9p\u00e9ter le test apr\u00e8s un an ou deux, car les tests initiaux peuvent parfois donner des r\u00e9sultats positifs au fil du temps.<\/p>\n<p>&nbsp;<\/p>\n<h2>Ce que notre cabinet peut faire si vous \u00eates victime d&rsquo;un accident du travail<\/h2>\n<p>Nous disposons de l&rsquo;expertise n\u00e9cessaire pour vous aider \u00e0 r\u00e9soudre vos probl\u00e8mes d&rsquo;indemnisation des accidents du travail. Nous comprenons les d\u00e9fis auxquels vous \u00eates confront\u00e9s et nous nous engageons \u00e0 r\u00e9pondre \u00e0 vos besoins m\u00e9dicaux tout en respectant les directives \u00e9tablies par la Commission d&rsquo;indemnisation des accidents du travail de l&rsquo;\u00c9tat de New York.<\/p>\n<p>Conscients de l&rsquo;importance de vos dossiers d&rsquo;indemnisation des accidents du travail, nous sommes l\u00e0 pour vous guider dans la complexit\u00e9 des relations avec la compagnie d&rsquo;assurance des accidents du travail et votre employeur.<\/p>\n<p>Nous comprenons le stress que vous et votre famille pouvez ressentir pendant cette p\u00e9riode difficile. Si vous souhaitez prendre rendez-vous, n&rsquo;h\u00e9sitez pas \u00e0 nous contacter. Nous nous engageons \u00e0 faire en sorte que le processus se d\u00e9roule le mieux possible pour vous.<\/p>\n","protected":false},"excerpt":{"rendered":"<p>La commission des accidents du travail de l&rsquo;\u00c9tat de New York a formul\u00e9 ces lignes directrices pour aider les m\u00e9decins, les podologues et les autres professionnels de la sant\u00e9 \u00e0 administrer un traitement appropri\u00e9 pour les marqueurs inflammatoires non sp\u00e9cifiques lors du d\u00e9pistage des troubles inflammatoires chez les patients souffrant d&rsquo;affections de la cheville et [&hellip;]<\/p>\n","protected":false},"author":33,"featured_media":0,"parent":21156,"menu_order":0,"comment_status":"closed","ping_status":"closed","template":"","meta":{"_et_pb_use_builder":"","_et_pb_old_content":"","_et_gb_content_width":"","footnotes":""},"class_list":["post-21216","page","type-page","status-publish","hentry"],"yoast_head":"<!-- This site is optimized with the Yoast SEO plugin v27.2 - https:\/\/yoast.com\/product\/yoast-seo-wordpress\/ -->\n<title>Marqueurs inflammatoires non sp\u00e9cifiques pour le d\u00e9pistage des troubles inflammatoires | Best Hip &amp; Knee Surgeon | NY, USA<\/title>\n<meta name=\"description\" content=\"La commission des accidents du travail de l&#039;\u00c9tat de New York a formul\u00e9 ces lignes directrices pour aider les m\u00e9decins, les podologues et les autres\" \/>\n<meta name=\"robots\" content=\"index, follow, max-snippet:-1, max-image-preview:large, max-video-preview:-1\" \/>\n<link rel=\"canonical\" href=\"https:\/\/www.newyorkhipknee.com\/fr\/indemnisation-des-travailleurs\/lignes-directrices-pour-les-traitements-medicaux-mtg\/douleur-regionale-complexe\/marqueurs-inflammatoires-non-specifiques-pour-le-depistage-des-troubles-inflammatoires\/\" \/>\n<meta property=\"og:locale\" content=\"fr_FR\" \/>\n<meta property=\"og:type\" content=\"article\" \/>\n<meta property=\"og:title\" content=\"Marqueurs inflammatoires non sp\u00e9cifiques pour le d\u00e9pistage des troubles inflammatoires | Best Hip &amp; Knee Surgeon | NY, USA\" \/>\n<meta property=\"og:description\" content=\"La commission des accidents du travail de l&#039;\u00c9tat de New York a formul\u00e9 ces lignes directrices pour aider les m\u00e9decins, les podologues et les autres\" \/>\n<meta property=\"og:url\" content=\"https:\/\/www.newyorkhipknee.com\/fr\/indemnisation-des-travailleurs\/lignes-directrices-pour-les-traitements-medicaux-mtg\/douleur-regionale-complexe\/marqueurs-inflammatoires-non-specifiques-pour-le-depistage-des-troubles-inflammatoires\/\" \/>\n<meta property=\"og:site_name\" content=\"Best Hip &amp; Knee Surgeon | NY, USA\" \/>\n<meta name=\"twitter:card\" content=\"summary_large_image\" \/>\n<meta name=\"twitter:label1\" content=\"Dur\u00e9e de lecture estim\u00e9e\" \/>\n\t<meta name=\"twitter:data1\" content=\"2 minutes\" \/>\n<script type=\"application\/ld+json\" class=\"yoast-schema-graph\">{\"@context\":\"https:\/\/schema.org\",\"@graph\":[{\"@type\":[\"WebPage\",\"MedicalWebPage\"],\"@id\":\"https:\/\/www.newyorkhipknee.com\/fr\/indemnisation-des-travailleurs\/lignes-directrices-pour-les-traitements-medicaux-mtg\/douleur-regionale-complexe\/marqueurs-inflammatoires-non-specifiques-pour-le-depistage-des-troubles-inflammatoires\/\",\"url\":\"https:\/\/www.newyorkhipknee.com\/fr\/indemnisation-des-travailleurs\/lignes-directrices-pour-les-traitements-medicaux-mtg\/douleur-regionale-complexe\/marqueurs-inflammatoires-non-specifiques-pour-le-depistage-des-troubles-inflammatoires\/\",\"name\":\"Marqueurs inflammatoires non sp\u00e9cifiques pour le d\u00e9pistage des troubles inflammatoires | Best Hip &amp; Knee Surgeon | NY, USA\",\"isPartOf\":{\"@id\":\"https:\/\/www.newyorkhipknee.com\/fr\/#website\"},\"datePublished\":\"2023-12-21T19:34:04+00:00\",\"description\":\"La commission des accidents du travail de l'\u00c9tat de New York a formul\u00e9 ces lignes directrices pour aider les m\u00e9decins, les podologues et les autres\",\"breadcrumb\":{\"@id\":\"https:\/\/www.newyorkhipknee.com\/fr\/indemnisation-des-travailleurs\/lignes-directrices-pour-les-traitements-medicaux-mtg\/douleur-regionale-complexe\/marqueurs-inflammatoires-non-specifiques-pour-le-depistage-des-troubles-inflammatoires\/#breadcrumb\"},\"inLanguage\":\"fr-FR\",\"potentialAction\":[{\"@type\":\"ReadAction\",\"target\":[\"https:\/\/www.newyorkhipknee.com\/fr\/indemnisation-des-travailleurs\/lignes-directrices-pour-les-traitements-medicaux-mtg\/douleur-regionale-complexe\/marqueurs-inflammatoires-non-specifiques-pour-le-depistage-des-troubles-inflammatoires\/\"]}]},{\"@type\":\"BreadcrumbList\",\"@id\":\"https:\/\/www.newyorkhipknee.com\/fr\/indemnisation-des-travailleurs\/lignes-directrices-pour-les-traitements-medicaux-mtg\/douleur-regionale-complexe\/marqueurs-inflammatoires-non-specifiques-pour-le-depistage-des-troubles-inflammatoires\/#breadcrumb\",\"itemListElement\":[{\"@type\":\"ListItem\",\"position\":1,\"name\":\"Home\",\"item\":\"https:\/\/www.newyorkhipknee.com\/fr\/\"},{\"@type\":\"ListItem\",\"position\":2,\"name\":\"Indemnisation des travailleurs\",\"item\":\"https:\/\/www.newyorkhipknee.com\/fr\/indemnisation-des-travailleurs\/\"},{\"@type\":\"ListItem\",\"position\":3,\"name\":\"Lignes directrices pour les traitements m\u00e9dicaux (MTG)\",\"item\":\"https:\/\/www.newyorkhipknee.com\/fr\/indemnisation-des-travailleurs\/lignes-directrices-pour-les-traitements-medicaux-mtg\/\"},{\"@type\":\"ListItem\",\"position\":4,\"name\":\"Douleur r\u00e9gionale complexe\",\"item\":\"https:\/\/www.newyorkhipknee.com\/fr\/indemnisation-des-travailleurs\/lignes-directrices-pour-les-traitements-medicaux-mtg\/douleur-regionale-complexe\/\"},{\"@type\":\"ListItem\",\"position\":5,\"name\":\"Marqueurs inflammatoires non sp\u00e9cifiques pour le d\u00e9pistage des troubles inflammatoires\"}]},{\"@type\":\"WebSite\",\"@id\":\"https:\/\/www.newyorkhipknee.com\/fr\/#website\",\"url\":\"https:\/\/www.newyorkhipknee.com\/fr\/\",\"name\":\"Best Hip & Knee Surgeon | NY, USA\",\"description\":\"\",\"potentialAction\":[{\"@type\":\"SearchAction\",\"target\":{\"@type\":\"EntryPoint\",\"urlTemplate\":\"https:\/\/www.newyorkhipknee.com\/fr\/?s={search_term_string}\"},\"query-input\":{\"@type\":\"PropertyValueSpecification\",\"valueRequired\":true,\"valueName\":\"search_term_string\"}}],\"inLanguage\":\"fr-FR\"}]}<\/script>\n<!-- \/ Yoast SEO plugin. -->","yoast_head_json":{"title":"Marqueurs inflammatoires non sp\u00e9cifiques pour le d\u00e9pistage des troubles inflammatoires | Best Hip &amp; Knee Surgeon | NY, USA","description":"La commission des accidents du travail de l'\u00c9tat de New York a formul\u00e9 ces lignes directrices pour aider les m\u00e9decins, les podologues et les autres","robots":{"index":"index","follow":"follow","max-snippet":"max-snippet:-1","max-image-preview":"max-image-preview:large","max-video-preview":"max-video-preview:-1"},"canonical":"https:\/\/www.newyorkhipknee.com\/fr\/indemnisation-des-travailleurs\/lignes-directrices-pour-les-traitements-medicaux-mtg\/douleur-regionale-complexe\/marqueurs-inflammatoires-non-specifiques-pour-le-depistage-des-troubles-inflammatoires\/","og_locale":"fr_FR","og_type":"article","og_title":"Marqueurs inflammatoires non sp\u00e9cifiques pour le d\u00e9pistage des troubles inflammatoires | Best Hip &amp; Knee Surgeon | NY, USA","og_description":"La commission des accidents du travail de l'\u00c9tat de New York a formul\u00e9 ces lignes directrices pour aider les m\u00e9decins, les podologues et les autres","og_url":"https:\/\/www.newyorkhipknee.com\/fr\/indemnisation-des-travailleurs\/lignes-directrices-pour-les-traitements-medicaux-mtg\/douleur-regionale-complexe\/marqueurs-inflammatoires-non-specifiques-pour-le-depistage-des-troubles-inflammatoires\/","og_site_name":"Best Hip &amp; Knee Surgeon | NY, USA","twitter_card":"summary_large_image","twitter_misc":{"Dur\u00e9e de lecture estim\u00e9e":"2 minutes"},"schema":{"@context":"https:\/\/schema.org","@graph":[{"@type":["WebPage","MedicalWebPage"],"@id":"https:\/\/www.newyorkhipknee.com\/fr\/indemnisation-des-travailleurs\/lignes-directrices-pour-les-traitements-medicaux-mtg\/douleur-regionale-complexe\/marqueurs-inflammatoires-non-specifiques-pour-le-depistage-des-troubles-inflammatoires\/","url":"https:\/\/www.newyorkhipknee.com\/fr\/indemnisation-des-travailleurs\/lignes-directrices-pour-les-traitements-medicaux-mtg\/douleur-regionale-complexe\/marqueurs-inflammatoires-non-specifiques-pour-le-depistage-des-troubles-inflammatoires\/","name":"Marqueurs inflammatoires non sp\u00e9cifiques pour le d\u00e9pistage des troubles inflammatoires | Best Hip &amp; Knee Surgeon | NY, USA","isPartOf":{"@id":"https:\/\/www.newyorkhipknee.com\/fr\/#website"},"datePublished":"2023-12-21T19:34:04+00:00","description":"La commission des accidents du travail de l'\u00c9tat de New York a formul\u00e9 ces lignes directrices pour aider les m\u00e9decins, les podologues et les autres","breadcrumb":{"@id":"https:\/\/www.newyorkhipknee.com\/fr\/indemnisation-des-travailleurs\/lignes-directrices-pour-les-traitements-medicaux-mtg\/douleur-regionale-complexe\/marqueurs-inflammatoires-non-specifiques-pour-le-depistage-des-troubles-inflammatoires\/#breadcrumb"},"inLanguage":"fr-FR","potentialAction":[{"@type":"ReadAction","target":["https:\/\/www.newyorkhipknee.com\/fr\/indemnisation-des-travailleurs\/lignes-directrices-pour-les-traitements-medicaux-mtg\/douleur-regionale-complexe\/marqueurs-inflammatoires-non-specifiques-pour-le-depistage-des-troubles-inflammatoires\/"]}]},{"@type":"BreadcrumbList","@id":"https:\/\/www.newyorkhipknee.com\/fr\/indemnisation-des-travailleurs\/lignes-directrices-pour-les-traitements-medicaux-mtg\/douleur-regionale-complexe\/marqueurs-inflammatoires-non-specifiques-pour-le-depistage-des-troubles-inflammatoires\/#breadcrumb","itemListElement":[{"@type":"ListItem","position":1,"name":"Home","item":"https:\/\/www.newyorkhipknee.com\/fr\/"},{"@type":"ListItem","position":2,"name":"Indemnisation des travailleurs","item":"https:\/\/www.newyorkhipknee.com\/fr\/indemnisation-des-travailleurs\/"},{"@type":"ListItem","position":3,"name":"Lignes directrices pour les traitements m\u00e9dicaux (MTG)","item":"https:\/\/www.newyorkhipknee.com\/fr\/indemnisation-des-travailleurs\/lignes-directrices-pour-les-traitements-medicaux-mtg\/"},{"@type":"ListItem","position":4,"name":"Douleur r\u00e9gionale complexe","item":"https:\/\/www.newyorkhipknee.com\/fr\/indemnisation-des-travailleurs\/lignes-directrices-pour-les-traitements-medicaux-mtg\/douleur-regionale-complexe\/"},{"@type":"ListItem","position":5,"name":"Marqueurs inflammatoires non sp\u00e9cifiques pour le d\u00e9pistage des troubles inflammatoires"}]},{"@type":"WebSite","@id":"https:\/\/www.newyorkhipknee.com\/fr\/#website","url":"https:\/\/www.newyorkhipknee.com\/fr\/","name":"Best Hip & Knee Surgeon | NY, USA","description":"","potentialAction":[{"@type":"SearchAction","target":{"@type":"EntryPoint","urlTemplate":"https:\/\/www.newyorkhipknee.com\/fr\/?s={search_term_string}"},"query-input":{"@type":"PropertyValueSpecification","valueRequired":true,"valueName":"search_term_string"}}],"inLanguage":"fr-FR"}]}},"_links":{"self":[{"href":"https:\/\/www.newyorkhipknee.com\/fr\/wp-json\/wp\/v2\/pages\/21216","targetHints":{"allow":["GET"]}}],"collection":[{"href":"https:\/\/www.newyorkhipknee.com\/fr\/wp-json\/wp\/v2\/pages"}],"about":[{"href":"https:\/\/www.newyorkhipknee.com\/fr\/wp-json\/wp\/v2\/types\/page"}],"author":[{"embeddable":true,"href":"https:\/\/www.newyorkhipknee.com\/fr\/wp-json\/wp\/v2\/users\/33"}],"replies":[{"embeddable":true,"href":"https:\/\/www.newyorkhipknee.com\/fr\/wp-json\/wp\/v2\/comments?post=21216"}],"version-history":[{"count":0,"href":"https:\/\/www.newyorkhipknee.com\/fr\/wp-json\/wp\/v2\/pages\/21216\/revisions"}],"up":[{"embeddable":true,"href":"https:\/\/www.newyorkhipknee.com\/fr\/wp-json\/wp\/v2\/pages\/21156"}],"wp:attachment":[{"href":"https:\/\/www.newyorkhipknee.com\/fr\/wp-json\/wp\/v2\/media?parent=21216"}],"curies":[{"name":"wp","href":"https:\/\/api.w.org\/{rel}","templated":true}]}}