{"id":21221,"date":"2023-12-21T14:29:36","date_gmt":"2023-12-21T19:29:36","guid":{"rendered":"https:\/\/newyorkhipknee.com\/douleur-regionale-complexe\/inhibiteur-de-la-recapture-de-la-noradrenaline-antidepresseurs\/"},"modified":"2023-12-21T14:29:36","modified_gmt":"2023-12-21T19:29:36","slug":"inhibiteur-de-la-recapture-de-la-noradrenaline-antidepresseurs","status":"publish","type":"page","link":"https:\/\/www.newyorkhipknee.com\/fr\/indemnisation-des-travailleurs\/lignes-directrices-pour-les-traitements-medicaux-mtg\/douleur-regionale-complexe\/inhibiteur-de-la-recapture-de-la-noradrenaline-antidepresseurs\/","title":{"rendered":"Inhibiteur de la recapture de la noradr\u00e9naline Antid\u00e9presseurs"},"content":{"rendered":"<h1>Principes g\u00e9n\u00e9raux des lignes directrices pour la noradr\u00e9naline<br \/>\nAntid\u00e9presseurs inhibiteurs de la recapture pour le CRPS<br \/>\npour les patients victimes d&rsquo;accidents du travail<\/h1>\n<p>Le Workers Compensation Board de New York a \u00e9labor\u00e9 ces lignes directrices afin d&rsquo;aider les m\u00e9decins, les podologues et les experts en soins de sant\u00e9 \u00e0 administrer un traitement appropri\u00e9 \u00e0 base d&rsquo;antid\u00e9presseurs inhibiteurs de la recapture de la noradr\u00e9naline dans le cas du SDRC.<\/p>\n<p>Ces lignes directrices visent \u00e0 aider les professionnels de la sant\u00e9 \u00e0 d\u00e9cider du niveau de soins appropri\u00e9 pour les patients souffrant de troubles de la cheville et du pied.<\/p>\n<p>Il est essentiel de comprendre que ces lignes directrices ne remplacent pas l&rsquo;expertise et l&rsquo;exp\u00e9rience des prestataires de soins de sant\u00e9. La d\u00e9cision finale concernant les soins doit \u00eatre prise en collaboration par le patient, en consultation avec son prestataire de soins.<\/p>\n<h2>Inhibiteurs de la recapture de la noradr\u00e9naline Antid\u00e9presseurs pour le SDRC<\/h2>\n<p>L&rsquo;utilisation d&rsquo;antid\u00e9presseurs inhibiteurs de la recapture de la nor\u00e9pin\u00e9phrine, en particulier les antid\u00e9presseurs tricycliques, est recommand\u00e9e pour traiter le SRCP (syndrome douloureux r\u00e9gional complexe) et les douleurs chroniques qui n&rsquo;ont pas r\u00e9pondu de mani\u00e8re ad\u00e9quate aux exercices, aux activit\u00e9s a\u00e9robiques et aux AINS.<\/p>\n<p>Pour les personnes souffrant de douleurs persistantes et dont le sommeil est peu perturb\u00e9, ces antid\u00e9presseurs peuvent s&rsquo;av\u00e9rer particuli\u00e8rement utiles, en permettant l&rsquo;administration nocturne d&rsquo;un antid\u00e9presseur tricyclique l\u00e9g\u00e8rement s\u00e9datif, notamment en cas de dysthymie.<\/p>\n<p>En termes de fr\u00e9quence, de dose et de dur\u00e9e, il est sugg\u00e9r\u00e9 de commencer par une faible dose d&rsquo;amitriptyline (25 mg QHS, augment\u00e9e de 25 mg chaque semaine) le soir. La dose peut \u00eatre augment\u00e9e progressivement jusqu&rsquo;\u00e0 atteindre une dose sous-maximale ou maximale, en observant les effets positifs et les effets secondaires potentiels. En g\u00e9n\u00e9ral, des doses plus faibles, telles que 25 \u00e0 75 mg d&rsquo;amitriptyline par jour, sont recommand\u00e9es pour \u00e9viter les effets ind\u00e9sirables, avec un contr\u00f4le r\u00e9gulier de la concentration sanguine, car des doses plus importantes n&rsquo;entra\u00eenent pas n\u00e9cessairement un meilleur soulagement de la douleur.<\/p>\n<p>La dur\u00e9e du traitement du CRPS peut varier et, bien que la maladie s&rsquo;am\u00e9liore ou disparaisse souvent d&rsquo;elle-m\u00eame, un traitement prolong\u00e9 peut s&rsquo;av\u00e9rer inutile pour la plupart des personnes. L&rsquo;imipramine, moins s\u00e9dative, pourrait \u00eatre une alternative pr\u00e9f\u00e9rable \u00e0 l&rsquo;amitriptyline si la s\u00e9dation diurne persiste. Cependant, l&rsquo;amitriptyline est le m\u00e9dicament initial de choix, en particulier lorsque l&rsquo;initiation du sommeil est un probl\u00e8me.<\/p>\n<p>&nbsp;<\/p>\n<h2>Ce que notre cabinet peut faire si vous \u00eates victime d&rsquo;un accident du travail<\/h2>\n<p>Nous disposons de l&rsquo;expertise n\u00e9cessaire pour vous aider \u00e0 r\u00e9soudre vos probl\u00e8mes d&rsquo;indemnisation des accidents du travail. Nous comprenons les difficult\u00e9s auxquelles vous \u00eates confront\u00e9 et nous nous engageons \u00e0 r\u00e9pondre \u00e0 vos besoins m\u00e9dicaux tout en respectant les directives \u00e9tablies par la commission des accidents du travail de l&rsquo;\u00c9tat de New York.<\/p>\n<p>Conscients de l&rsquo;importance de vos dossiers d&rsquo;indemnisation des accidents du travail, nous sommes l\u00e0 pour vous guider dans la complexit\u00e9 des relations avec la compagnie d&rsquo;assurance des accidents du travail et avec votre employeur.<\/p>\n<p>Nous comprenons que cette p\u00e9riode peut \u00eatre stressante pour vous et votre famille. Si vous souhaitez prendre un rendez-vous, n&rsquo;h\u00e9sitez pas \u00e0 nous contacter. Nous nous effor\u00e7ons de rendre le processus aussi facile que possible pour vous.<\/p>\n","protected":false},"excerpt":{"rendered":"<p>Principes g\u00e9n\u00e9raux des lignes directrices pour la noradr\u00e9naline Antid\u00e9presseurs inhibiteurs de la recapture pour le CRPS pour les patients victimes d&rsquo;accidents du travail Le Workers Compensation Board de New York a \u00e9labor\u00e9 ces lignes directrices afin d&rsquo;aider les m\u00e9decins, les podologues et les experts en soins de sant\u00e9 \u00e0 administrer un traitement appropri\u00e9 \u00e0 base [&hellip;]<\/p>\n","protected":false},"author":33,"featured_media":0,"parent":21156,"menu_order":0,"comment_status":"closed","ping_status":"closed","template":"","meta":{"_et_pb_use_builder":"","_et_pb_old_content":"","_et_gb_content_width":"","footnotes":""},"class_list":["post-21221","page","type-page","status-publish","hentry"],"yoast_head":"<!-- This site is optimized with the Yoast SEO plugin v27.2 - https:\/\/yoast.com\/product\/yoast-seo-wordpress\/ -->\n<title>Inhibiteur de la recapture de la noradr\u00e9naline Antid\u00e9presseurs | Best Hip &amp; Knee Surgeon | NY, USA<\/title>\n<meta name=\"description\" content=\"Principes g\u00e9n\u00e9raux des lignes directrices pour la noradr\u00e9naline Antid\u00e9presseurs inhibiteurs de la recapture pour le CRPS pour les patients victimes\" \/>\n<meta name=\"robots\" content=\"index, follow, max-snippet:-1, max-image-preview:large, max-video-preview:-1\" \/>\n<link rel=\"canonical\" href=\"https:\/\/www.newyorkhipknee.com\/fr\/indemnisation-des-travailleurs\/lignes-directrices-pour-les-traitements-medicaux-mtg\/douleur-regionale-complexe\/inhibiteur-de-la-recapture-de-la-noradrenaline-antidepresseurs\/\" \/>\n<meta property=\"og:locale\" content=\"fr_FR\" \/>\n<meta property=\"og:type\" content=\"article\" \/>\n<meta property=\"og:title\" content=\"Inhibiteur de la recapture de la noradr\u00e9naline Antid\u00e9presseurs | Best Hip &amp; Knee Surgeon | NY, USA\" \/>\n<meta property=\"og:description\" content=\"Principes g\u00e9n\u00e9raux des lignes directrices pour la noradr\u00e9naline Antid\u00e9presseurs inhibiteurs de la recapture pour le CRPS pour les patients victimes\" \/>\n<meta property=\"og:url\" content=\"https:\/\/www.newyorkhipknee.com\/fr\/indemnisation-des-travailleurs\/lignes-directrices-pour-les-traitements-medicaux-mtg\/douleur-regionale-complexe\/inhibiteur-de-la-recapture-de-la-noradrenaline-antidepresseurs\/\" \/>\n<meta property=\"og:site_name\" content=\"Best Hip &amp; Knee Surgeon | NY, USA\" \/>\n<meta name=\"twitter:card\" content=\"summary_large_image\" \/>\n<meta name=\"twitter:label1\" content=\"Dur\u00e9e de lecture estim\u00e9e\" \/>\n\t<meta name=\"twitter:data1\" content=\"3 minutes\" \/>\n<script type=\"application\/ld+json\" class=\"yoast-schema-graph\">{\"@context\":\"https:\/\/schema.org\",\"@graph\":[{\"@type\":[\"WebPage\",\"MedicalWebPage\"],\"@id\":\"https:\/\/www.newyorkhipknee.com\/fr\/indemnisation-des-travailleurs\/lignes-directrices-pour-les-traitements-medicaux-mtg\/douleur-regionale-complexe\/inhibiteur-de-la-recapture-de-la-noradrenaline-antidepresseurs\/\",\"url\":\"https:\/\/www.newyorkhipknee.com\/fr\/indemnisation-des-travailleurs\/lignes-directrices-pour-les-traitements-medicaux-mtg\/douleur-regionale-complexe\/inhibiteur-de-la-recapture-de-la-noradrenaline-antidepresseurs\/\",\"name\":\"Inhibiteur de la recapture de la noradr\u00e9naline Antid\u00e9presseurs | Best Hip &amp; Knee Surgeon | NY, USA\",\"isPartOf\":{\"@id\":\"https:\/\/www.newyorkhipknee.com\/fr\/#website\"},\"datePublished\":\"2023-12-21T19:29:36+00:00\",\"description\":\"Principes g\u00e9n\u00e9raux des lignes directrices pour la noradr\u00e9naline Antid\u00e9presseurs inhibiteurs de la recapture pour le CRPS pour les patients victimes\",\"breadcrumb\":{\"@id\":\"https:\/\/www.newyorkhipknee.com\/fr\/indemnisation-des-travailleurs\/lignes-directrices-pour-les-traitements-medicaux-mtg\/douleur-regionale-complexe\/inhibiteur-de-la-recapture-de-la-noradrenaline-antidepresseurs\/#breadcrumb\"},\"inLanguage\":\"fr-FR\",\"potentialAction\":[{\"@type\":\"ReadAction\",\"target\":[\"https:\/\/www.newyorkhipknee.com\/fr\/indemnisation-des-travailleurs\/lignes-directrices-pour-les-traitements-medicaux-mtg\/douleur-regionale-complexe\/inhibiteur-de-la-recapture-de-la-noradrenaline-antidepresseurs\/\"]}]},{\"@type\":\"BreadcrumbList\",\"@id\":\"https:\/\/www.newyorkhipknee.com\/fr\/indemnisation-des-travailleurs\/lignes-directrices-pour-les-traitements-medicaux-mtg\/douleur-regionale-complexe\/inhibiteur-de-la-recapture-de-la-noradrenaline-antidepresseurs\/#breadcrumb\",\"itemListElement\":[{\"@type\":\"ListItem\",\"position\":1,\"name\":\"Home\",\"item\":\"https:\/\/www.newyorkhipknee.com\/fr\/\"},{\"@type\":\"ListItem\",\"position\":2,\"name\":\"Indemnisation des travailleurs\",\"item\":\"https:\/\/www.newyorkhipknee.com\/fr\/indemnisation-des-travailleurs\/\"},{\"@type\":\"ListItem\",\"position\":3,\"name\":\"Lignes directrices pour les traitements m\u00e9dicaux (MTG)\",\"item\":\"https:\/\/www.newyorkhipknee.com\/fr\/indemnisation-des-travailleurs\/lignes-directrices-pour-les-traitements-medicaux-mtg\/\"},{\"@type\":\"ListItem\",\"position\":4,\"name\":\"Douleur r\u00e9gionale complexe\",\"item\":\"https:\/\/www.newyorkhipknee.com\/fr\/indemnisation-des-travailleurs\/lignes-directrices-pour-les-traitements-medicaux-mtg\/douleur-regionale-complexe\/\"},{\"@type\":\"ListItem\",\"position\":5,\"name\":\"Inhibiteur de la recapture de la noradr\u00e9naline Antid\u00e9presseurs\"}]},{\"@type\":\"WebSite\",\"@id\":\"https:\/\/www.newyorkhipknee.com\/fr\/#website\",\"url\":\"https:\/\/www.newyorkhipknee.com\/fr\/\",\"name\":\"Best Hip & Knee Surgeon | NY, USA\",\"description\":\"\",\"potentialAction\":[{\"@type\":\"SearchAction\",\"target\":{\"@type\":\"EntryPoint\",\"urlTemplate\":\"https:\/\/www.newyorkhipknee.com\/fr\/?s={search_term_string}\"},\"query-input\":{\"@type\":\"PropertyValueSpecification\",\"valueRequired\":true,\"valueName\":\"search_term_string\"}}],\"inLanguage\":\"fr-FR\"}]}<\/script>\n<!-- \/ Yoast SEO plugin. -->","yoast_head_json":{"title":"Inhibiteur de la recapture de la noradr\u00e9naline Antid\u00e9presseurs | Best Hip &amp; Knee Surgeon | NY, USA","description":"Principes g\u00e9n\u00e9raux des lignes directrices pour la noradr\u00e9naline Antid\u00e9presseurs inhibiteurs de la recapture pour le CRPS pour les patients victimes","robots":{"index":"index","follow":"follow","max-snippet":"max-snippet:-1","max-image-preview":"max-image-preview:large","max-video-preview":"max-video-preview:-1"},"canonical":"https:\/\/www.newyorkhipknee.com\/fr\/indemnisation-des-travailleurs\/lignes-directrices-pour-les-traitements-medicaux-mtg\/douleur-regionale-complexe\/inhibiteur-de-la-recapture-de-la-noradrenaline-antidepresseurs\/","og_locale":"fr_FR","og_type":"article","og_title":"Inhibiteur de la recapture de la noradr\u00e9naline Antid\u00e9presseurs | Best Hip &amp; Knee Surgeon | NY, USA","og_description":"Principes g\u00e9n\u00e9raux des lignes directrices pour la noradr\u00e9naline Antid\u00e9presseurs inhibiteurs de la recapture pour le CRPS pour les patients victimes","og_url":"https:\/\/www.newyorkhipknee.com\/fr\/indemnisation-des-travailleurs\/lignes-directrices-pour-les-traitements-medicaux-mtg\/douleur-regionale-complexe\/inhibiteur-de-la-recapture-de-la-noradrenaline-antidepresseurs\/","og_site_name":"Best Hip &amp; Knee Surgeon | NY, USA","twitter_card":"summary_large_image","twitter_misc":{"Dur\u00e9e de lecture estim\u00e9e":"3 minutes"},"schema":{"@context":"https:\/\/schema.org","@graph":[{"@type":["WebPage","MedicalWebPage"],"@id":"https:\/\/www.newyorkhipknee.com\/fr\/indemnisation-des-travailleurs\/lignes-directrices-pour-les-traitements-medicaux-mtg\/douleur-regionale-complexe\/inhibiteur-de-la-recapture-de-la-noradrenaline-antidepresseurs\/","url":"https:\/\/www.newyorkhipknee.com\/fr\/indemnisation-des-travailleurs\/lignes-directrices-pour-les-traitements-medicaux-mtg\/douleur-regionale-complexe\/inhibiteur-de-la-recapture-de-la-noradrenaline-antidepresseurs\/","name":"Inhibiteur de la recapture de la noradr\u00e9naline Antid\u00e9presseurs | Best Hip &amp; Knee Surgeon | NY, USA","isPartOf":{"@id":"https:\/\/www.newyorkhipknee.com\/fr\/#website"},"datePublished":"2023-12-21T19:29:36+00:00","description":"Principes g\u00e9n\u00e9raux des lignes directrices pour la noradr\u00e9naline Antid\u00e9presseurs inhibiteurs de la recapture pour le CRPS pour les patients victimes","breadcrumb":{"@id":"https:\/\/www.newyorkhipknee.com\/fr\/indemnisation-des-travailleurs\/lignes-directrices-pour-les-traitements-medicaux-mtg\/douleur-regionale-complexe\/inhibiteur-de-la-recapture-de-la-noradrenaline-antidepresseurs\/#breadcrumb"},"inLanguage":"fr-FR","potentialAction":[{"@type":"ReadAction","target":["https:\/\/www.newyorkhipknee.com\/fr\/indemnisation-des-travailleurs\/lignes-directrices-pour-les-traitements-medicaux-mtg\/douleur-regionale-complexe\/inhibiteur-de-la-recapture-de-la-noradrenaline-antidepresseurs\/"]}]},{"@type":"BreadcrumbList","@id":"https:\/\/www.newyorkhipknee.com\/fr\/indemnisation-des-travailleurs\/lignes-directrices-pour-les-traitements-medicaux-mtg\/douleur-regionale-complexe\/inhibiteur-de-la-recapture-de-la-noradrenaline-antidepresseurs\/#breadcrumb","itemListElement":[{"@type":"ListItem","position":1,"name":"Home","item":"https:\/\/www.newyorkhipknee.com\/fr\/"},{"@type":"ListItem","position":2,"name":"Indemnisation des travailleurs","item":"https:\/\/www.newyorkhipknee.com\/fr\/indemnisation-des-travailleurs\/"},{"@type":"ListItem","position":3,"name":"Lignes directrices pour les traitements m\u00e9dicaux (MTG)","item":"https:\/\/www.newyorkhipknee.com\/fr\/indemnisation-des-travailleurs\/lignes-directrices-pour-les-traitements-medicaux-mtg\/"},{"@type":"ListItem","position":4,"name":"Douleur r\u00e9gionale complexe","item":"https:\/\/www.newyorkhipknee.com\/fr\/indemnisation-des-travailleurs\/lignes-directrices-pour-les-traitements-medicaux-mtg\/douleur-regionale-complexe\/"},{"@type":"ListItem","position":5,"name":"Inhibiteur de la recapture de la noradr\u00e9naline Antid\u00e9presseurs"}]},{"@type":"WebSite","@id":"https:\/\/www.newyorkhipknee.com\/fr\/#website","url":"https:\/\/www.newyorkhipknee.com\/fr\/","name":"Best Hip & Knee Surgeon | NY, USA","description":"","potentialAction":[{"@type":"SearchAction","target":{"@type":"EntryPoint","urlTemplate":"https:\/\/www.newyorkhipknee.com\/fr\/?s={search_term_string}"},"query-input":{"@type":"PropertyValueSpecification","valueRequired":true,"valueName":"search_term_string"}}],"inLanguage":"fr-FR"}]}},"_links":{"self":[{"href":"https:\/\/www.newyorkhipknee.com\/fr\/wp-json\/wp\/v2\/pages\/21221","targetHints":{"allow":["GET"]}}],"collection":[{"href":"https:\/\/www.newyorkhipknee.com\/fr\/wp-json\/wp\/v2\/pages"}],"about":[{"href":"https:\/\/www.newyorkhipknee.com\/fr\/wp-json\/wp\/v2\/types\/page"}],"author":[{"embeddable":true,"href":"https:\/\/www.newyorkhipknee.com\/fr\/wp-json\/wp\/v2\/users\/33"}],"replies":[{"embeddable":true,"href":"https:\/\/www.newyorkhipknee.com\/fr\/wp-json\/wp\/v2\/comments?post=21221"}],"version-history":[{"count":0,"href":"https:\/\/www.newyorkhipknee.com\/fr\/wp-json\/wp\/v2\/pages\/21221\/revisions"}],"up":[{"embeddable":true,"href":"https:\/\/www.newyorkhipknee.com\/fr\/wp-json\/wp\/v2\/pages\/21156"}],"wp:attachment":[{"href":"https:\/\/www.newyorkhipknee.com\/fr\/wp-json\/wp\/v2\/media?parent=21221"}],"curies":[{"name":"wp","href":"https:\/\/api.w.org\/{rel}","templated":true}]}}