{"id":21231,"date":"2023-12-20T15:25:40","date_gmt":"2023-12-20T20:25:40","guid":{"rendered":"https:\/\/newyorkhipknee.com\/douleur-regionale-complexe\/examen-physique\/"},"modified":"2023-12-20T15:25:40","modified_gmt":"2023-12-20T20:25:40","slug":"examen-physique","status":"publish","type":"page","link":"https:\/\/www.newyorkhipknee.com\/fr\/indemnisation-des-travailleurs\/lignes-directrices-pour-les-traitements-medicaux-mtg\/douleur-regionale-complexe\/examen-physique\/","title":{"rendered":"Examen physique"},"content":{"rendered":"<h1>Principes g\u00e9n\u00e9raux de l&rsquo;examen physique<br \/>\ndu syndrome douloureux r\u00e9gional complexe pour les travailleurs indemnis\u00e9s<\/h1>\n<p>&nbsp;<\/p>\n<p>Les directives que vous voyez ici ont \u00e9t\u00e9 \u00e9labor\u00e9es par la commission des accidents du travail de l&rsquo;\u00c9tat de New York pour aider les m\u00e9decins, les podologues et les autres professionnels de la sant\u00e9 \u00e0 fournir un traitement appropri\u00e9 pour l&rsquo;examen physique du syndrome douloureux r\u00e9gional complexe.<\/p>\n<p>Ces lignes directrices de la Commission des accidents du travail sont con\u00e7ues pour aider les professionnels de la sant\u00e9 \u00e0 prendre des d\u00e9cisions \u00e9clair\u00e9es sur le niveau de soins appropri\u00e9 pour les patients souffrant de troubles de la cheville et du pied.<\/p>\n<p>Il est important de noter que ces lignes directrices ne remplacent pas les connaissances pr\u00e9cieuses issues du jugement clinique et de l&rsquo;exp\u00e9rience professionnelle. Lorsqu&rsquo;il s&rsquo;agit de d\u00e9cider des soins, la d\u00e9cision finale doit \u00eatre prise en collaboration entre le patient et son prestataire de soins.<\/p>\n<p>&nbsp;<\/p>\n<h2>Examen physique du syndrome douloureux r\u00e9gional complexe<\/h2>\n<p>Lors de l&rsquo;\u00e9valuation d&rsquo;un patient pr\u00e9sentant des sympt\u00f4mes bien \u00e9tablis de syndrome douloureux r\u00e9gional complexe (SDRC), l&rsquo;examen physique est g\u00e9n\u00e9ralement simple, en particulier pour un examinateur exp\u00e9riment\u00e9 en mati\u00e8re de SDRC. Cependant, aux premiers stades, les signes peuvent \u00eatre cliniquement vagues, ce qui rend le diagnostic moins certain.<\/p>\n<p>Pour pr\u00e9venir les dysfonctionnements, les interventions primaires comprennent l&rsquo;\u00e9ducation et des traitements physiques\/professionnels sp\u00e9cialis\u00e9s ax\u00e9s sur l&rsquo;am\u00e9lioration de l&rsquo;utilisation active fonctionnelle et l&rsquo;incorporation de composantes a\u00e9robiques. Certaines personnes peuvent \u00e9galement b\u00e9n\u00e9ficier d&rsquo;interventions psychologiques pr\u00e9coces, en particulier si elles souffrent d\u00e9j\u00e0 d&rsquo;un syndrome de stress post-traumatique, d&rsquo;autres probl\u00e8mes psychiatriques ou comportementaux et\/ou d&rsquo;une faible capacit\u00e9 d&rsquo;adaptation.<\/p>\n<p>Les patients atteints de CRPS pr\u00e9sentent souvent un usage restreint des extr\u00e9mit\u00e9s, \u00e9vitant et prot\u00e9geant le membre affect\u00e9. Il peut s&rsquo;agir de s&rsquo;abstenir de serrer la main ou d&rsquo;\u00e9viter de mettre du poids sur la jambe bless\u00e9e.<\/p>\n<p>L&rsquo;une des principales caract\u00e9ristiques de cette maladie est la diff\u00e9rence notable entre les r\u00e9sultats objectifs des extr\u00e9mit\u00e9s touch\u00e9es et ceux des extr\u00e9mit\u00e9s non touch\u00e9es. Alors que l&rsquo;extr\u00e9mit\u00e9 touch\u00e9e peut sembler plus chaude, la temp\u00e9rature de la peau peut varier, \u00e9tant g\u00e9n\u00e9ralement plus froide. \u00c0 un stade avanc\u00e9, la chair peut appara\u00eetre lisse, mince ou atrophi\u00e9e. Les \u00e9quipements infrarouges sont recommand\u00e9s pour \u00e9valuer la temp\u00e9rature de la peau, une diff\u00e9rence d&rsquo;au moins 1 degr\u00e9 \u00e9tant consid\u00e9r\u00e9e comme un signe de CRPS. Des modifications de la couleur de la peau, telles que des marbrures, sont \u00e9galement fr\u00e9quentes.<\/p>\n<p>Le Livedo reticularis, une coloration violac\u00e9e de la peau, peut \u00eatre pr\u00e9sent, ainsi qu&rsquo;un gonflement des extr\u00e9mit\u00e9s. Avec le temps, les ongles peuvent vieillir et s&rsquo;atrophier. L&rsquo;allodynie, c&rsquo;est-\u00e0-dire l&rsquo;exp\u00e9rience de la douleur provoqu\u00e9e par des stimuli que la plupart des gens ne trouveraient pas douloureux, est une caract\u00e9ristique distinctive du SDRC.<\/p>\n<p>Parmi les sympt\u00f4mes du CRPS, on peut citer la g\u00eane au moindre contact, le tremblement des mains et m\u00eame la perception du poids des v\u00eatements sur la zone affect\u00e9e. L&rsquo;extr\u00e9mit\u00e9 bless\u00e9e peut pr\u00e9senter des variations de circonf\u00e9rence, affect\u00e9e diff\u00e9remment dans les situations \u0153d\u00e9mateuses (g\u00e9n\u00e9ralement au d\u00e9but) et diff\u00e9remment dans les situations chroniques lorsque la dystrophie de d\u00e9su\u00e9tude s&rsquo;installe.<\/p>\n<p>Bien que les mesures de base ne puissent pas \u00eatre compar\u00e9es \u00e0 la situation pr\u00e9-morbide, il est possible de mesurer les volumes de d\u00e9placement de l&rsquo;eau pour d\u00e9terminer le degr\u00e9 de gonflement. L&rsquo;ast\u00e9r\u00e9ognosie, l&rsquo;incapacit\u00e9 \u00e0 reconna\u00eetre un objet en se basant uniquement sur l&rsquo;entr\u00e9e tactile, et les difficult\u00e9s \u00e0 identifier la lat\u00e9ralit\u00e9 de la main avec l&rsquo;imagerie motrice sont d&rsquo;autres r\u00e9sultats qui ont \u00e9t\u00e9 observ\u00e9s. Bien que des \u00e9valuations occasionnelles puissent \u00eatre appropri\u00e9es, certaines personnes peuvent s&rsquo;y fixer, ce qui risque d&rsquo;attirer l&rsquo;attention.<\/p>\n<p>Pour \u00e9valuer un patient atteint de CRPS, il est recommand\u00e9 de proc\u00e9der \u00e0 un examen physique approfondi. Cette section n&rsquo;entre pas dans le d\u00e9tail des composants, qui doivent \u00eatre trait\u00e9s par la partie du corps concern\u00e9e (voir les autres protocoles de soins de sant\u00e9).<\/p>\n<p>Les patients pr\u00e9sentant des sympt\u00f4mes somatiques ou d&rsquo;autres anomalies comportementales\/psychologiques peuvent \u00eatre difficiles \u00e0 diff\u00e9rencier des personnes psychologiquement saines au cours d&rsquo;un examen. L&rsquo;orientation vers des services psychologiques, y compris les tests psychom\u00e9triques, devrait \u00eatre relativement peu contraignante.<\/p>\n<p>L&rsquo;examen physique doit \u00eatre ax\u00e9 sur l&rsquo;observation du patient. Elle doit commencer au d\u00e9but du rendez-vous, de pr\u00e9f\u00e9rence par un r\u00e9sum\u00e9 de l&rsquo;assistant qui a install\u00e9 le patient dans la salle d&rsquo;examen.<\/p>\n<p>L&rsquo;examen doit \u00e9valuer la capacit\u00e9 du patient \u00e0 se lever dans une posture correcte, \u00e0 changer de position, \u00e0 marcher dans le couloir (pour les probl\u00e8mes de membres inf\u00e9rieurs, par exemple), \u00e0 utiliser ses membres pour effectuer des t\u00e2ches et \u00e0 observer les expressions faciales pendant ces activit\u00e9s.<\/p>\n<p>Il est essentiel de documenter les observations synergiques et incoh\u00e9rentes issues de l&rsquo;anamn\u00e8se et de l&rsquo;examen physique. Les cliniciens doivent \u00eatre attentifs aux signes qui ne correspondent pas aux sympt\u00f4mes typiques, en particulier dans le contexte du CRPS.<\/p>\n<p>Il est important de noter que les r\u00e9ponses positives \u00e0 ces proc\u00e9dures sont parfois interpr\u00e9t\u00e9es \u00e0 tort comme la preuve d&rsquo;une maladie fictive ou comme des all\u00e9gations de canulars. Bien que cela puisse \u00eatre vrai ou non, ces r\u00e9ponses sont parfois consid\u00e9r\u00e9es comme b\u00e9n\u00e9fiques lorsque les patients qui souffrent expriment subtilement un besoin d&rsquo;attention suppl\u00e9mentaire \u00e0 l&rsquo;\u00e9gard de l&rsquo;affection physique ou peuvent indiquer une d\u00e9tresse psychologique.<\/p>\n<p>Ces manifestations peuvent n&rsquo;\u00eatre qu&rsquo;un aspect de la pr\u00e9sentation clinique du CRPS. Toutefois, leur pr\u00e9sence peut sugg\u00e9rer la n\u00e9cessit\u00e9 d&rsquo;une \u00e9valuation psychosociale ou d&rsquo;une consultation avec d&rsquo;autres professionnels, en particulier si plusieurs indicateurs sont pr\u00e9sents dans un contexte de retard de gu\u00e9rison important.<\/p>\n<p>&nbsp;<\/p>\n<p>Le diagnostic du CRPS peut s&rsquo;av\u00e9rer exceptionnellement difficile en raison de la similitude des sympt\u00f4mes avec divers traitements et de l&rsquo;incoh\u00e9rence entre les sympt\u00f4mes rapport\u00e9s subjectivement et les r\u00e9sultats objectifs initiaux.<\/p>\n<p>Les affections suivantes peuvent \u00eatre prises en compte dans le diagnostic diff\u00e9rentiel du SDRC, bien que cette liste ne soit pas exhaustive : syndromes de douleur neuropathique (douleurs p\u00e9riph\u00e9riques, douleurs de l&rsquo;estomac, etc.) et syndrome d&rsquo;hypersensibilit\u00e9 \u00e0 la douleur.  [poly]  neuropathie, pi\u00e9geage nerveux, radiculopathie, n\u00e9vralgie post-herp\u00e9tique, plexopathie et maladie du motoneurone) ; maladies vasculaires (thrombose, ath\u00e9roscl\u00e9rose et ph\u00e9nom\u00e8ne de Raynaud) ; maladies inflammatoires (\u00e9rysip\u00e8le, douleur de la hanche, arthrite s\u00e9ro-n\u00e9gative, troubles thyro\u00efdiens, diab\u00e8te sucr\u00e9) ; polyneuropathie alcoolique les affections inflammatoires (\u00e9rysip\u00e8le, douleur de la hanche, arthrite s\u00e9ron\u00e9gative, troubles thyro\u00efdiens, diab\u00e8te sucr\u00e9) ; la polyneuropathie alcoolique ; et les probl\u00e8mes psychologiques ou comportementaux (tels que les syndromes de douleur somatoforme, le syndrome de Munchausen, les n\u00e9vroses de compensation, la simulation et les troubles factices).<\/p>\n<p>Cette liste met en \u00e9vidence la complexit\u00e9 du diagnostic diff\u00e9rentiel, et il est essentiel de noter que la pr\u00e9sence de diagnostics tels que la n\u00e9vrose de compensation, la simulation ou le trouble factice n&rsquo;invalide pas la l\u00e9gitimit\u00e9 des sympt\u00f4mes douloureux chez les personnes atteintes de CRPS.<\/p>\n<p>Pour tester les capacit\u00e9s du patient dans le contexte du CRPS, les mesures peuvent \u00eatre suivies lors de visites cliniques ult\u00e9rieures au cours desquelles le patient re\u00e7oit une th\u00e9rapie de r\u00e9adaptation. Il peut s&rsquo;agir de<\/p>\n<p>1. Distance de marche (\u00e9valuer la capacit\u00e9 du patient \u00e0 parcourir une plus grande distance dans le couloir ou \u00e0 l&rsquo;ext\u00e9rieur et s&rsquo;enqu\u00e9rir de ses progr\u00e8s).<br \/>\n2. Capacit\u00e9 \u00e0 monter les escaliers (observer le patient dans la cage d&rsquo;escalier la plus proche).<br \/>\n3. Mesures de la force de pr\u00e9hension \u00e0 l&rsquo;aide d&rsquo;un dynamom\u00e8tre.<br \/>\n4. Pouvoir de pincement.<br \/>\n5. \u00c9l\u00e9vation continue des orteils (nombre capable d&rsquo;ex\u00e9cuter).<br \/>\n6. Distance du talon de marche.<br \/>\n7. Le squat (nombre).<br \/>\n8. R\u00e9sultats de l&rsquo;examen sensoriel (par exemple, monofilaments).<br \/>\n9. Mouvements dans la salle d&rsquo;examen incompatibles avec une douleur ou une blessure.<\/p>\n<p>Cette approche permet de prendre des d\u00e9cisions plus \u00e9clair\u00e9es concernant l&rsquo;activit\u00e9 physique et d&rsquo;autres points de r\u00e9f\u00e9rence, ce qui facilite le r\u00e9tablissement du patient. Une autre strat\u00e9gie recommand\u00e9e consiste \u00e0 surveiller l&rsquo;am\u00e9lioration du patient \u00e0 l&rsquo;aide d&rsquo;outils d&rsquo;\u00e9valuation fonctionnelle \u00e9tablis.<\/p>\n<p>&nbsp;<\/p>\n<h2>Ce que notre cabinet peut faire si vous \u00eates victime d&rsquo;un accident du travail<\/h2>\n<p>Nous sommes l\u00e0 pour vous aider \u00e0 r\u00e9soudre les probl\u00e8mes li\u00e9s aux accidents du travail. Nous comprenons les d\u00e9fis auxquels vous \u00eates confront\u00e9s et nous nous engageons \u00e0 r\u00e9pondre \u00e0 vos besoins m\u00e9dicaux tout en respectant les directives \u00e9tablies par la commission des accidents du travail de l&rsquo;\u00c9tat de New York.<\/p>\n<p>Conscients de l&rsquo;importance de vos dossiers d&rsquo;indemnisation des accidents du travail, nous avons pour objectif de vous aider \u00e0 naviguer dans les m\u00e9andres des relations avec la compagnie d&rsquo;assurance des accidents du travail et avec votre employeur.<\/p>\n<p>Nous comprenons qu&rsquo;il s&rsquo;agit d&rsquo;une p\u00e9riode stressante pour vous et votre famille. Si vous souhaitez prendre un rendez-vous, n&rsquo;h\u00e9sitez pas \u00e0 nous contacter et nous ferons tout notre possible pour vous faciliter la t\u00e2che.<\/p>\n","protected":false},"excerpt":{"rendered":"<p>Principes g\u00e9n\u00e9raux de l&rsquo;examen physique du syndrome douloureux r\u00e9gional complexe pour les travailleurs indemnis\u00e9s &nbsp; Les directives que vous voyez ici ont \u00e9t\u00e9 \u00e9labor\u00e9es par la commission des accidents du travail de l&rsquo;\u00c9tat de New York pour aider les m\u00e9decins, les podologues et les autres professionnels de la sant\u00e9 \u00e0 fournir un traitement appropri\u00e9 pour [&hellip;]<\/p>\n","protected":false},"author":33,"featured_media":0,"parent":21156,"menu_order":0,"comment_status":"closed","ping_status":"closed","template":"","meta":{"_et_pb_use_builder":"","_et_pb_old_content":"","_et_gb_content_width":"","footnotes":""},"class_list":["post-21231","page","type-page","status-publish","hentry"],"yoast_head":"<!-- This site is optimized with the Yoast SEO plugin v27.2 - https:\/\/yoast.com\/product\/yoast-seo-wordpress\/ -->\n<title>Examen physique | Best Hip &amp; Knee Surgeon | NY, USA<\/title>\n<meta name=\"description\" content=\"Principes g\u00e9n\u00e9raux de l&#039;examen physique du syndrome douloureux r\u00e9gional complexe pour les travailleurs indemnis\u00e9s &nbsp; Les directives que vous voyez ici\" \/>\n<meta name=\"robots\" content=\"index, follow, max-snippet:-1, max-image-preview:large, max-video-preview:-1\" \/>\n<link rel=\"canonical\" href=\"https:\/\/www.newyorkhipknee.com\/fr\/indemnisation-des-travailleurs\/lignes-directrices-pour-les-traitements-medicaux-mtg\/douleur-regionale-complexe\/examen-physique\/\" \/>\n<meta property=\"og:locale\" content=\"fr_FR\" \/>\n<meta property=\"og:type\" content=\"article\" \/>\n<meta property=\"og:title\" content=\"Examen physique | Best Hip &amp; Knee Surgeon | NY, USA\" \/>\n<meta property=\"og:description\" content=\"Principes g\u00e9n\u00e9raux de l&#039;examen physique du syndrome douloureux r\u00e9gional complexe pour les travailleurs indemnis\u00e9s &nbsp; Les directives que vous voyez ici\" \/>\n<meta property=\"og:url\" content=\"https:\/\/www.newyorkhipknee.com\/fr\/indemnisation-des-travailleurs\/lignes-directrices-pour-les-traitements-medicaux-mtg\/douleur-regionale-complexe\/examen-physique\/\" \/>\n<meta property=\"og:site_name\" content=\"Best Hip &amp; Knee Surgeon | NY, USA\" \/>\n<meta name=\"twitter:card\" content=\"summary_large_image\" \/>\n<meta name=\"twitter:label1\" content=\"Dur\u00e9e de lecture estim\u00e9e\" \/>\n\t<meta name=\"twitter:data1\" content=\"8 minutes\" \/>\n<script type=\"application\/ld+json\" class=\"yoast-schema-graph\">{\"@context\":\"https:\/\/schema.org\",\"@graph\":[{\"@type\":[\"WebPage\",\"MedicalWebPage\"],\"@id\":\"https:\/\/www.newyorkhipknee.com\/fr\/indemnisation-des-travailleurs\/lignes-directrices-pour-les-traitements-medicaux-mtg\/douleur-regionale-complexe\/examen-physique\/\",\"url\":\"https:\/\/www.newyorkhipknee.com\/fr\/indemnisation-des-travailleurs\/lignes-directrices-pour-les-traitements-medicaux-mtg\/douleur-regionale-complexe\/examen-physique\/\",\"name\":\"Examen physique | Best Hip &amp; Knee Surgeon | NY, USA\",\"isPartOf\":{\"@id\":\"https:\/\/www.newyorkhipknee.com\/fr\/#website\"},\"datePublished\":\"2023-12-20T20:25:40+00:00\",\"description\":\"Principes g\u00e9n\u00e9raux de l'examen physique du syndrome douloureux r\u00e9gional complexe pour les travailleurs indemnis\u00e9s &nbsp; Les directives que vous voyez ici\",\"breadcrumb\":{\"@id\":\"https:\/\/www.newyorkhipknee.com\/fr\/indemnisation-des-travailleurs\/lignes-directrices-pour-les-traitements-medicaux-mtg\/douleur-regionale-complexe\/examen-physique\/#breadcrumb\"},\"inLanguage\":\"fr-FR\",\"potentialAction\":[{\"@type\":\"ReadAction\",\"target\":[\"https:\/\/www.newyorkhipknee.com\/fr\/indemnisation-des-travailleurs\/lignes-directrices-pour-les-traitements-medicaux-mtg\/douleur-regionale-complexe\/examen-physique\/\"]}]},{\"@type\":\"BreadcrumbList\",\"@id\":\"https:\/\/www.newyorkhipknee.com\/fr\/indemnisation-des-travailleurs\/lignes-directrices-pour-les-traitements-medicaux-mtg\/douleur-regionale-complexe\/examen-physique\/#breadcrumb\",\"itemListElement\":[{\"@type\":\"ListItem\",\"position\":1,\"name\":\"Home\",\"item\":\"https:\/\/www.newyorkhipknee.com\/fr\/\"},{\"@type\":\"ListItem\",\"position\":2,\"name\":\"Indemnisation des travailleurs\",\"item\":\"https:\/\/www.newyorkhipknee.com\/fr\/indemnisation-des-travailleurs\/\"},{\"@type\":\"ListItem\",\"position\":3,\"name\":\"Lignes directrices pour les traitements m\u00e9dicaux (MTG)\",\"item\":\"https:\/\/www.newyorkhipknee.com\/fr\/indemnisation-des-travailleurs\/lignes-directrices-pour-les-traitements-medicaux-mtg\/\"},{\"@type\":\"ListItem\",\"position\":4,\"name\":\"Douleur r\u00e9gionale complexe\",\"item\":\"https:\/\/www.newyorkhipknee.com\/fr\/indemnisation-des-travailleurs\/lignes-directrices-pour-les-traitements-medicaux-mtg\/douleur-regionale-complexe\/\"},{\"@type\":\"ListItem\",\"position\":5,\"name\":\"Examen physique\"}]},{\"@type\":\"WebSite\",\"@id\":\"https:\/\/www.newyorkhipknee.com\/fr\/#website\",\"url\":\"https:\/\/www.newyorkhipknee.com\/fr\/\",\"name\":\"Best Hip & Knee Surgeon | NY, USA\",\"description\":\"\",\"potentialAction\":[{\"@type\":\"SearchAction\",\"target\":{\"@type\":\"EntryPoint\",\"urlTemplate\":\"https:\/\/www.newyorkhipknee.com\/fr\/?s={search_term_string}\"},\"query-input\":{\"@type\":\"PropertyValueSpecification\",\"valueRequired\":true,\"valueName\":\"search_term_string\"}}],\"inLanguage\":\"fr-FR\"}]}<\/script>\n<!-- \/ Yoast SEO plugin. -->","yoast_head_json":{"title":"Examen physique | Best Hip &amp; Knee Surgeon | NY, USA","description":"Principes g\u00e9n\u00e9raux de l'examen physique du syndrome douloureux r\u00e9gional complexe pour les travailleurs indemnis\u00e9s &nbsp; Les directives que vous voyez ici","robots":{"index":"index","follow":"follow","max-snippet":"max-snippet:-1","max-image-preview":"max-image-preview:large","max-video-preview":"max-video-preview:-1"},"canonical":"https:\/\/www.newyorkhipknee.com\/fr\/indemnisation-des-travailleurs\/lignes-directrices-pour-les-traitements-medicaux-mtg\/douleur-regionale-complexe\/examen-physique\/","og_locale":"fr_FR","og_type":"article","og_title":"Examen physique | Best Hip &amp; Knee Surgeon | NY, USA","og_description":"Principes g\u00e9n\u00e9raux de l'examen physique du syndrome douloureux r\u00e9gional complexe pour les travailleurs indemnis\u00e9s &nbsp; Les directives que vous voyez ici","og_url":"https:\/\/www.newyorkhipknee.com\/fr\/indemnisation-des-travailleurs\/lignes-directrices-pour-les-traitements-medicaux-mtg\/douleur-regionale-complexe\/examen-physique\/","og_site_name":"Best Hip &amp; Knee Surgeon | NY, USA","twitter_card":"summary_large_image","twitter_misc":{"Dur\u00e9e de lecture estim\u00e9e":"8 minutes"},"schema":{"@context":"https:\/\/schema.org","@graph":[{"@type":["WebPage","MedicalWebPage"],"@id":"https:\/\/www.newyorkhipknee.com\/fr\/indemnisation-des-travailleurs\/lignes-directrices-pour-les-traitements-medicaux-mtg\/douleur-regionale-complexe\/examen-physique\/","url":"https:\/\/www.newyorkhipknee.com\/fr\/indemnisation-des-travailleurs\/lignes-directrices-pour-les-traitements-medicaux-mtg\/douleur-regionale-complexe\/examen-physique\/","name":"Examen physique | Best Hip &amp; Knee Surgeon | NY, USA","isPartOf":{"@id":"https:\/\/www.newyorkhipknee.com\/fr\/#website"},"datePublished":"2023-12-20T20:25:40+00:00","description":"Principes g\u00e9n\u00e9raux de l'examen physique du syndrome douloureux r\u00e9gional complexe pour les travailleurs indemnis\u00e9s &nbsp; Les directives que vous voyez ici","breadcrumb":{"@id":"https:\/\/www.newyorkhipknee.com\/fr\/indemnisation-des-travailleurs\/lignes-directrices-pour-les-traitements-medicaux-mtg\/douleur-regionale-complexe\/examen-physique\/#breadcrumb"},"inLanguage":"fr-FR","potentialAction":[{"@type":"ReadAction","target":["https:\/\/www.newyorkhipknee.com\/fr\/indemnisation-des-travailleurs\/lignes-directrices-pour-les-traitements-medicaux-mtg\/douleur-regionale-complexe\/examen-physique\/"]}]},{"@type":"BreadcrumbList","@id":"https:\/\/www.newyorkhipknee.com\/fr\/indemnisation-des-travailleurs\/lignes-directrices-pour-les-traitements-medicaux-mtg\/douleur-regionale-complexe\/examen-physique\/#breadcrumb","itemListElement":[{"@type":"ListItem","position":1,"name":"Home","item":"https:\/\/www.newyorkhipknee.com\/fr\/"},{"@type":"ListItem","position":2,"name":"Indemnisation des travailleurs","item":"https:\/\/www.newyorkhipknee.com\/fr\/indemnisation-des-travailleurs\/"},{"@type":"ListItem","position":3,"name":"Lignes directrices pour les traitements m\u00e9dicaux (MTG)","item":"https:\/\/www.newyorkhipknee.com\/fr\/indemnisation-des-travailleurs\/lignes-directrices-pour-les-traitements-medicaux-mtg\/"},{"@type":"ListItem","position":4,"name":"Douleur r\u00e9gionale complexe","item":"https:\/\/www.newyorkhipknee.com\/fr\/indemnisation-des-travailleurs\/lignes-directrices-pour-les-traitements-medicaux-mtg\/douleur-regionale-complexe\/"},{"@type":"ListItem","position":5,"name":"Examen physique"}]},{"@type":"WebSite","@id":"https:\/\/www.newyorkhipknee.com\/fr\/#website","url":"https:\/\/www.newyorkhipknee.com\/fr\/","name":"Best Hip & Knee Surgeon | NY, USA","description":"","potentialAction":[{"@type":"SearchAction","target":{"@type":"EntryPoint","urlTemplate":"https:\/\/www.newyorkhipknee.com\/fr\/?s={search_term_string}"},"query-input":{"@type":"PropertyValueSpecification","valueRequired":true,"valueName":"search_term_string"}}],"inLanguage":"fr-FR"}]}},"_links":{"self":[{"href":"https:\/\/www.newyorkhipknee.com\/fr\/wp-json\/wp\/v2\/pages\/21231","targetHints":{"allow":["GET"]}}],"collection":[{"href":"https:\/\/www.newyorkhipknee.com\/fr\/wp-json\/wp\/v2\/pages"}],"about":[{"href":"https:\/\/www.newyorkhipknee.com\/fr\/wp-json\/wp\/v2\/types\/page"}],"author":[{"embeddable":true,"href":"https:\/\/www.newyorkhipknee.com\/fr\/wp-json\/wp\/v2\/users\/33"}],"replies":[{"embeddable":true,"href":"https:\/\/www.newyorkhipknee.com\/fr\/wp-json\/wp\/v2\/comments?post=21231"}],"version-history":[{"count":0,"href":"https:\/\/www.newyorkhipknee.com\/fr\/wp-json\/wp\/v2\/pages\/21231\/revisions"}],"up":[{"embeddable":true,"href":"https:\/\/www.newyorkhipknee.com\/fr\/wp-json\/wp\/v2\/pages\/21156"}],"wp:attachment":[{"href":"https:\/\/www.newyorkhipknee.com\/fr\/wp-json\/wp\/v2\/media?parent=21231"}],"curies":[{"name":"wp","href":"https:\/\/api.w.org\/{rel}","templated":true}]}}