{"id":21233,"date":"2023-12-20T14:31:15","date_gmt":"2023-12-20T19:31:15","guid":{"rendered":"https:\/\/newyorkhipknee.com\/douleur-regionale-complexe\/evaluation-psychologique\/"},"modified":"2023-12-20T14:31:15","modified_gmt":"2023-12-20T19:31:15","slug":"evaluation-psychologique","status":"publish","type":"page","link":"https:\/\/www.newyorkhipknee.com\/fr\/indemnisation-des-travailleurs\/lignes-directrices-pour-les-traitements-medicaux-mtg\/douleur-regionale-complexe\/evaluation-psychologique\/","title":{"rendered":"\u00c9valuation psychologique"},"content":{"rendered":"<h1>Principes g\u00e9n\u00e9raux de l&rsquo;\u00e9valuation psychologique<br \/>\npour les patients souffrant de CRPS pour les patients souffrant d&rsquo;accidents du travail<\/h1>\n<p>Les lignes directrices que vous voyez ici ont \u00e9t\u00e9 \u00e9labor\u00e9es par la commission des accidents du travail de l&rsquo;\u00c9tat de New York pour aider les m\u00e9decins, les podologues et les autres professionnels de la sant\u00e9 \u00e0 offrir le bon traitement, en particulier en ce qui concerne l&rsquo;\u00e9valuation psychologique des patients atteints de SPRC.<\/p>\n<p>Les prestataires de soins de sant\u00e9 peuvent s&rsquo;appuyer sur ces lignes directrices de la Commission des accidents du travail pour prendre des d\u00e9cisions \u00e9clair\u00e9es quant au niveau de soins appropri\u00e9 pour les patients souffrant de troubles de la cheville et du pied.<\/p>\n<p>Il est essentiel de noter que ces lignes directrices ne sont pas destin\u00e9es \u00e0 remplacer les connaissances pr\u00e9cieuses issues du jugement clinique et de l&rsquo;exp\u00e9rience professionnelle. Lorsqu&rsquo;il s&rsquo;agit de d\u00e9cider des soins, la d\u00e9cision finale doit \u00eatre prise en collaboration entre le patient et son prestataire de soins.<\/p>\n<p>&nbsp;<\/p>\n<h2>\u00c9valuation psychologique des interventions comportementales chez les patients atteints de CRPS<\/h2>\n<p>Il est conseill\u00e9 de proc\u00e9der \u00e0 une \u00e9valuation psychologique des patients atteints de CRPS dans le cadre des interventions comportementales. Il s&rsquo;agit de d\u00e9terminer si les facteurs psychologiques doivent \u00eatre pris en compte et trait\u00e9s dans le cadre du plan de traitement global. L&rsquo;\u00e9valuation permet d&rsquo;identifier les obstacles psychosociaux susceptibles de contribuer \u00e0 la d\u00e9ficience et d&rsquo;entraver la fonctionnalit\u00e9. Cette approche holistique est cruciale pour le diagnostic et la prise en charge des patients souffrant de douleur chronique, car elle garantit que les probl\u00e8mes psychologiques sont reconnus et int\u00e9gr\u00e9s dans la strat\u00e9gie de traitement globale.<\/p>\n<p>Ces lignes directrices s&rsquo;appliquent aux cas de CRPS mod\u00e9r\u00e9 \u00e0 s\u00e9v\u00e8re :<\/p>\n<p>1. Il y a une forte suspicion ou observation d&rsquo;un trouble psychologique.<br \/>\n2. Le prestataire de soins doit comprendre les facteurs psychosociaux qui influencent les comportements d&rsquo;incapacit\u00e9 du patient et les d\u00e9clarations de douleur.<br \/>\n3. Une r\u00e9cup\u00e9ration inad\u00e9quate est \u00e9vidente, caract\u00e9ris\u00e9e par une douleur persistante et inexpliqu\u00e9e, un dysfonctionnement persistant au-del\u00e0 de la p\u00e9riode de r\u00e9cup\u00e9ration habituelle et l&rsquo;absence d&rsquo;am\u00e9lioration malgr\u00e9 les th\u00e9rapies recommand\u00e9es ou les conseils m\u00e9dicaux de reprise du travail.<br \/>\n4. Pr\u00e9occupations li\u00e9es \u00e0 des probl\u00e8mes de m\u00e9dication ou d&rsquo;abus de drogues, y compris suspicion d&rsquo;abus, de d\u00e9pendance, de m\u00e9susage de substances ou de potentiel d&rsquo;utilisation d&rsquo;opio\u00efdes \u00e0 long terme.<br \/>\n5. Pr\u00e9sence de sympt\u00f4mes ou de troubles psychiatriques majeurs, actuels ou anciens.<br \/>\n6. Difficult\u00e9 \u00e0 suivre le traitement m\u00e9dical ou les programmes de r\u00e9adaptation recommand\u00e9s, y compris une \u00e9valuation honn\u00eate des avantages potentiels des programmes de restauration fonctionnelle tels que la r\u00e9adaptation professionnelle compl\u00e8te ou la r\u00e9adaptation interdisciplinaire de la douleur (voir Restauration fonctionnelle).<\/p>\n<p>Dans les cas o\u00f9 il existe des preuves potentielles de d\u00e9ficience cognitive entra\u00eenant un dysfonctionnement important dans les activit\u00e9s de la vie quotidienne (AVQ), qui pourrait \u00eatre d\u00fb \u00e0 l&rsquo;accident ou \u00e0 des effets secondaires potentiels de traitements m\u00e9dicamenteux pour une douleur persistante :<\/p>\n<p>1. Blessures catastrophiques entra\u00eenant des douleurs importantes ou d&rsquo;autres handicaps, telles que les l\u00e9sions de la moelle \u00e9pini\u00e8re.<br \/>\n2. Les cas o\u00f9 des proc\u00e9dures sp\u00e9cifiques, telles que la stimulation de la moelle \u00e9pini\u00e8re ou la chirurgie du dos, sont envisag\u00e9es.<\/p>\n<p>En ce qui concerne la fr\u00e9quence, la dose et la dur\u00e9e :<\/p>\n<p>Un psychologue agr\u00e9\u00e9 ind\u00e9pendant doit proc\u00e9der \u00e0 une \u00e9valuation psychologique compl\u00e8te et une th\u00e9rapie continue doit \u00eatre administr\u00e9e sur la base des r\u00e9sultats de l&rsquo;\u00e9valuation initiale. Le contenu de l&rsquo;\u00e9valuation devrait comprendre<\/p>\n<p>1. Examen correct du dossier : Le m\u00e9decin traitant doit fournir les documents n\u00e9cessaires au dossier m\u00e9dical, avec un examen suppl\u00e9mentaire occasionnel des donn\u00e9es, le cas \u00e9ch\u00e9ant, y compris des informations provenant d&rsquo;\u00e9valuations familiales ou de descriptions de travail.<br \/>\n2. Consultation clinique avec le patient : Cette interaction, combin\u00e9e \u00e0 d&rsquo;autres donn\u00e9es, doit porter sur divers param\u00e8tres, notamment les ant\u00e9c\u00e9dents (sant\u00e9 mentale et physique, emploi, \u00e9ducation, questions juridiques et consommation de drogues), une description de la douleur, du handicap ou d&rsquo;autres probl\u00e8mes cliniques, l&rsquo;analyse de la consommation de m\u00e9dicaments, les ant\u00e9c\u00e9dents sociaux, l&rsquo;\u00e9tat mental et l&rsquo;\u00e9valuation comportementale (y compris, si n\u00e9cessaire, les AVQ, les pr\u00e9occupations fonctionnelles et les param\u00e8tres op\u00e9rants tels que le comportement face \u00e0 la douleur\/maladie et les influences de l&rsquo;environnement).<\/p>\n<p>Pour une \u00e9valuation psychologique compl\u00e8te, il convient de proc\u00e9der \u00e0 une batterie d&rsquo;\u00e9valuations psychologiques diagnostiques et de les interpr\u00e9ter si n\u00e9cessaire. Cette batterie doit comprendre des outils permettant d&rsquo;\u00e9tablir un diagnostic diff\u00e9rentiel ou de planifier une th\u00e9rapie, dont la validit\u00e9 est \u00e9tablie et dont les donn\u00e9es normatives sont pertinentes pour l&rsquo;affection ou les questions examin\u00e9es.<\/p>\n<p>Lors du choix de l&rsquo;\u00e9quipement de test, le clinicien doit tenir compte des \u00e9l\u00e9ments suivants :<\/p>\n<p>1. Ad\u00e9quation du (des) test(s) aux plaintes et \u00e0 l&rsquo;\u00e9tat de sant\u00e9 du patient.<br \/>\n2. La pertinence du ou des tests compte tenu de l&rsquo;\u00e9tat de sant\u00e9 du patient, de son sexe, de sa race ou de son origine ethnique, de son \u00e2ge, de son niveau d&rsquo;\u00e9ducation et d&rsquo;autres facteurs pertinents.<br \/>\n3. La valeur diagnostique ou th\u00e9rapeutique de la performance du patient par rapport aux donn\u00e9es normatives.<br \/>\n4. La valeur pr\u00e9dictive des r\u00e9sultats des tests interpr\u00e9t\u00e9s pour des th\u00e9rapies sp\u00e9cifiques.<br \/>\n5. Si la sensibilit\u00e9 et la sp\u00e9cificit\u00e9 am\u00e9liorent la pr\u00e9cision d&rsquo;un diagnostic.<\/p>\n<p>Les tests psychologiques peuvent \u00eatre indiqu\u00e9s dans diverses situations, notamment :<\/p>\n<p>1. Identifier les causes de la douleur d\u00e9clar\u00e9e par le patient et les actions li\u00e9es \u00e0 son handicap.<br \/>\n2. Soup\u00e7onner la pr\u00e9sence d&rsquo;une maladie mentale.<br \/>\n3. \u00c9valuer la faisabilit\u00e9 d&rsquo;un effort de restauration.<br \/>\n4. Lorsque l&rsquo;examen fait partie de l&rsquo;\u00e9valuation pr\u00e9op\u00e9ratoire.<br \/>\n5. Lorsque des troubles cognitifs peuvent \u00eatre pr\u00e9sents.<br \/>\n6. En cas de doute sur la validit\u00e9 de la plainte.<\/p>\n<p>Une \u00e9valuation approfondie de la sant\u00e9 mentale doit comprendre des tests psychologiques standardis\u00e9s, car des tests psychologiques bien men\u00e9s renforcent la validit\u00e9 et la fiabilit\u00e9 de l&rsquo;\u00e9valuation. Les psychologues administrent g\u00e9n\u00e9ralement ces tests, mais des psychiatres ou d&rsquo;autres m\u00e9decins peuvent \u00e9galement le faire dans le cadre de leurs comp\u00e9tences.<\/p>\n<p>Les normes d&rsquo;\u00e9valuation psychologique des personnes souffrant de douleur chronique ont \u00e9t\u00e9 \u00e9tudi\u00e9es ailleurs, en tenant compte des variables qui doivent \u00eatre \u00e9valu\u00e9es. La batterie de tests permettant d&rsquo;\u00e9valuer les patients souffrant de douleurs non malignes persistantes comprend g\u00e9n\u00e9ralement les \u00e9l\u00e9ments suivants<\/p>\n<p>1. Test(s) d&rsquo;\u00e9valuation de la douleur existante et\/ou d&rsquo;autres probl\u00e8mes de sant\u00e9 ou dysfonctionnements associ\u00e9s.<br \/>\n2. Test(s) de personnalit\u00e9 et de psychopathologie.<br \/>\n3. Un bref test cognitif en cas de suspicion d&rsquo;atteinte du syst\u00e8me nerveux central.<br \/>\n4. Impressions diagnostiques de la CIM-10, d\u00e9duites de l&rsquo;\u00e9valuation.<\/p>\n<p>L&rsquo;\u00e9valuation psychologique doit fournir des suggestions de gestion ainsi que des explications convaincantes pour les plaintes et les dysfonctionnements identifi\u00e9s.<\/p>\n<p>&nbsp;<\/p>\n<h2>Ce que notre cabinet peut faire si vous \u00eates victime d&rsquo;un accident du travail<\/h2>\n<p>Nous avons aid\u00e9 d&rsquo;autres personnes \u00e0 faire face \u00e0 des accidents du travail, et nous sommes l\u00e0 pour vous aussi. Nous comprenons les d\u00e9fis auxquels vous \u00eates confront\u00e9s et nous nous engageons \u00e0 r\u00e9pondre \u00e0 vos besoins m\u00e9dicaux tout en respectant les directives \u00e9tablies par la commission des accidents du travail de l&rsquo;\u00c9tat de New York.<\/p>\n<p>Vos dossiers d&rsquo;indemnisation des accidents du travail sont importants et nous sommes l\u00e0 pour vous aider \u00e0 naviguer dans les m\u00e9andres des relations avec la compagnie d&rsquo;assurance des accidents du travail et votre employeur.<\/p>\n<p>Conscients qu&rsquo;il s&rsquo;agit d&rsquo;une p\u00e9riode stressante pour vous et votre famille, nous sommes l\u00e0 pour vous apporter notre soutien. Si vous souhaitez prendre rendez-vous, n&rsquo;h\u00e9sitez pas \u00e0 nous contacter et nous ferons tout notre possible pour vous faciliter la t\u00e2che.<\/p>\n","protected":false},"excerpt":{"rendered":"<p>Principes g\u00e9n\u00e9raux de l&rsquo;\u00e9valuation psychologique pour les patients souffrant de CRPS pour les patients souffrant d&rsquo;accidents du travail Les lignes directrices que vous voyez ici ont \u00e9t\u00e9 \u00e9labor\u00e9es par la commission des accidents du travail de l&rsquo;\u00c9tat de New York pour aider les m\u00e9decins, les podologues et les autres professionnels de la sant\u00e9 \u00e0 offrir [&hellip;]<\/p>\n","protected":false},"author":33,"featured_media":0,"parent":21156,"menu_order":0,"comment_status":"closed","ping_status":"closed","template":"","meta":{"_et_pb_use_builder":"","_et_pb_old_content":"","_et_gb_content_width":"","footnotes":""},"class_list":["post-21233","page","type-page","status-publish","hentry"],"yoast_head":"<!-- This site is optimized with the Yoast SEO plugin v27.2 - https:\/\/yoast.com\/product\/yoast-seo-wordpress\/ -->\n<title>\u00c9valuation psychologique | Best Hip &amp; Knee Surgeon | NY, USA<\/title>\n<meta name=\"description\" content=\"Principes g\u00e9n\u00e9raux de l&#039;\u00e9valuation psychologique pour les patients souffrant de CRPS pour les patients souffrant d&#039;accidents du travail Les lignes\" \/>\n<meta name=\"robots\" content=\"index, follow, max-snippet:-1, max-image-preview:large, max-video-preview:-1\" \/>\n<link rel=\"canonical\" href=\"https:\/\/www.newyorkhipknee.com\/fr\/indemnisation-des-travailleurs\/lignes-directrices-pour-les-traitements-medicaux-mtg\/douleur-regionale-complexe\/evaluation-psychologique\/\" \/>\n<meta property=\"og:locale\" content=\"fr_FR\" \/>\n<meta property=\"og:type\" content=\"article\" \/>\n<meta property=\"og:title\" content=\"\u00c9valuation psychologique | Best Hip &amp; Knee Surgeon | NY, USA\" \/>\n<meta property=\"og:description\" content=\"Principes g\u00e9n\u00e9raux de l&#039;\u00e9valuation psychologique pour les patients souffrant de CRPS pour les patients souffrant d&#039;accidents du travail Les lignes\" \/>\n<meta property=\"og:url\" content=\"https:\/\/www.newyorkhipknee.com\/fr\/indemnisation-des-travailleurs\/lignes-directrices-pour-les-traitements-medicaux-mtg\/douleur-regionale-complexe\/evaluation-psychologique\/\" \/>\n<meta property=\"og:site_name\" content=\"Best Hip &amp; Knee Surgeon | NY, USA\" \/>\n<meta name=\"twitter:card\" content=\"summary_large_image\" \/>\n<meta name=\"twitter:label1\" content=\"Dur\u00e9e de lecture estim\u00e9e\" \/>\n\t<meta name=\"twitter:data1\" content=\"7 minutes\" \/>\n<script type=\"application\/ld+json\" class=\"yoast-schema-graph\">{\"@context\":\"https:\/\/schema.org\",\"@graph\":[{\"@type\":[\"WebPage\",\"MedicalWebPage\"],\"@id\":\"https:\/\/www.newyorkhipknee.com\/fr\/indemnisation-des-travailleurs\/lignes-directrices-pour-les-traitements-medicaux-mtg\/douleur-regionale-complexe\/evaluation-psychologique\/\",\"url\":\"https:\/\/www.newyorkhipknee.com\/fr\/indemnisation-des-travailleurs\/lignes-directrices-pour-les-traitements-medicaux-mtg\/douleur-regionale-complexe\/evaluation-psychologique\/\",\"name\":\"\u00c9valuation psychologique | Best Hip &amp; Knee Surgeon | NY, USA\",\"isPartOf\":{\"@id\":\"https:\/\/www.newyorkhipknee.com\/fr\/#website\"},\"datePublished\":\"2023-12-20T19:31:15+00:00\",\"description\":\"Principes g\u00e9n\u00e9raux de l'\u00e9valuation psychologique pour les patients souffrant de CRPS pour les patients souffrant d'accidents du travail Les lignes\",\"breadcrumb\":{\"@id\":\"https:\/\/www.newyorkhipknee.com\/fr\/indemnisation-des-travailleurs\/lignes-directrices-pour-les-traitements-medicaux-mtg\/douleur-regionale-complexe\/evaluation-psychologique\/#breadcrumb\"},\"inLanguage\":\"fr-FR\",\"potentialAction\":[{\"@type\":\"ReadAction\",\"target\":[\"https:\/\/www.newyorkhipknee.com\/fr\/indemnisation-des-travailleurs\/lignes-directrices-pour-les-traitements-medicaux-mtg\/douleur-regionale-complexe\/evaluation-psychologique\/\"]}]},{\"@type\":\"BreadcrumbList\",\"@id\":\"https:\/\/www.newyorkhipknee.com\/fr\/indemnisation-des-travailleurs\/lignes-directrices-pour-les-traitements-medicaux-mtg\/douleur-regionale-complexe\/evaluation-psychologique\/#breadcrumb\",\"itemListElement\":[{\"@type\":\"ListItem\",\"position\":1,\"name\":\"Home\",\"item\":\"https:\/\/www.newyorkhipknee.com\/fr\/\"},{\"@type\":\"ListItem\",\"position\":2,\"name\":\"Indemnisation des travailleurs\",\"item\":\"https:\/\/www.newyorkhipknee.com\/fr\/indemnisation-des-travailleurs\/\"},{\"@type\":\"ListItem\",\"position\":3,\"name\":\"Lignes directrices pour les traitements m\u00e9dicaux (MTG)\",\"item\":\"https:\/\/www.newyorkhipknee.com\/fr\/indemnisation-des-travailleurs\/lignes-directrices-pour-les-traitements-medicaux-mtg\/\"},{\"@type\":\"ListItem\",\"position\":4,\"name\":\"Douleur r\u00e9gionale complexe\",\"item\":\"https:\/\/www.newyorkhipknee.com\/fr\/indemnisation-des-travailleurs\/lignes-directrices-pour-les-traitements-medicaux-mtg\/douleur-regionale-complexe\/\"},{\"@type\":\"ListItem\",\"position\":5,\"name\":\"\u00c9valuation psychologique\"}]},{\"@type\":\"WebSite\",\"@id\":\"https:\/\/www.newyorkhipknee.com\/fr\/#website\",\"url\":\"https:\/\/www.newyorkhipknee.com\/fr\/\",\"name\":\"Best Hip & Knee Surgeon | NY, USA\",\"description\":\"\",\"potentialAction\":[{\"@type\":\"SearchAction\",\"target\":{\"@type\":\"EntryPoint\",\"urlTemplate\":\"https:\/\/www.newyorkhipknee.com\/fr\/?s={search_term_string}\"},\"query-input\":{\"@type\":\"PropertyValueSpecification\",\"valueRequired\":true,\"valueName\":\"search_term_string\"}}],\"inLanguage\":\"fr-FR\"}]}<\/script>\n<!-- \/ Yoast SEO plugin. -->","yoast_head_json":{"title":"\u00c9valuation psychologique | Best Hip &amp; Knee Surgeon | NY, USA","description":"Principes g\u00e9n\u00e9raux de l'\u00e9valuation psychologique pour les patients souffrant de CRPS pour les patients souffrant d'accidents du travail Les lignes","robots":{"index":"index","follow":"follow","max-snippet":"max-snippet:-1","max-image-preview":"max-image-preview:large","max-video-preview":"max-video-preview:-1"},"canonical":"https:\/\/www.newyorkhipknee.com\/fr\/indemnisation-des-travailleurs\/lignes-directrices-pour-les-traitements-medicaux-mtg\/douleur-regionale-complexe\/evaluation-psychologique\/","og_locale":"fr_FR","og_type":"article","og_title":"\u00c9valuation psychologique | Best Hip &amp; Knee Surgeon | NY, USA","og_description":"Principes g\u00e9n\u00e9raux de l'\u00e9valuation psychologique pour les patients souffrant de CRPS pour les patients souffrant d'accidents du travail Les lignes","og_url":"https:\/\/www.newyorkhipknee.com\/fr\/indemnisation-des-travailleurs\/lignes-directrices-pour-les-traitements-medicaux-mtg\/douleur-regionale-complexe\/evaluation-psychologique\/","og_site_name":"Best Hip &amp; Knee Surgeon | NY, USA","twitter_card":"summary_large_image","twitter_misc":{"Dur\u00e9e de lecture estim\u00e9e":"7 minutes"},"schema":{"@context":"https:\/\/schema.org","@graph":[{"@type":["WebPage","MedicalWebPage"],"@id":"https:\/\/www.newyorkhipknee.com\/fr\/indemnisation-des-travailleurs\/lignes-directrices-pour-les-traitements-medicaux-mtg\/douleur-regionale-complexe\/evaluation-psychologique\/","url":"https:\/\/www.newyorkhipknee.com\/fr\/indemnisation-des-travailleurs\/lignes-directrices-pour-les-traitements-medicaux-mtg\/douleur-regionale-complexe\/evaluation-psychologique\/","name":"\u00c9valuation psychologique | Best Hip &amp; Knee Surgeon | NY, USA","isPartOf":{"@id":"https:\/\/www.newyorkhipknee.com\/fr\/#website"},"datePublished":"2023-12-20T19:31:15+00:00","description":"Principes g\u00e9n\u00e9raux de l'\u00e9valuation psychologique pour les patients souffrant de CRPS pour les patients souffrant d'accidents du travail Les lignes","breadcrumb":{"@id":"https:\/\/www.newyorkhipknee.com\/fr\/indemnisation-des-travailleurs\/lignes-directrices-pour-les-traitements-medicaux-mtg\/douleur-regionale-complexe\/evaluation-psychologique\/#breadcrumb"},"inLanguage":"fr-FR","potentialAction":[{"@type":"ReadAction","target":["https:\/\/www.newyorkhipknee.com\/fr\/indemnisation-des-travailleurs\/lignes-directrices-pour-les-traitements-medicaux-mtg\/douleur-regionale-complexe\/evaluation-psychologique\/"]}]},{"@type":"BreadcrumbList","@id":"https:\/\/www.newyorkhipknee.com\/fr\/indemnisation-des-travailleurs\/lignes-directrices-pour-les-traitements-medicaux-mtg\/douleur-regionale-complexe\/evaluation-psychologique\/#breadcrumb","itemListElement":[{"@type":"ListItem","position":1,"name":"Home","item":"https:\/\/www.newyorkhipknee.com\/fr\/"},{"@type":"ListItem","position":2,"name":"Indemnisation des travailleurs","item":"https:\/\/www.newyorkhipknee.com\/fr\/indemnisation-des-travailleurs\/"},{"@type":"ListItem","position":3,"name":"Lignes directrices pour les traitements m\u00e9dicaux (MTG)","item":"https:\/\/www.newyorkhipknee.com\/fr\/indemnisation-des-travailleurs\/lignes-directrices-pour-les-traitements-medicaux-mtg\/"},{"@type":"ListItem","position":4,"name":"Douleur r\u00e9gionale complexe","item":"https:\/\/www.newyorkhipknee.com\/fr\/indemnisation-des-travailleurs\/lignes-directrices-pour-les-traitements-medicaux-mtg\/douleur-regionale-complexe\/"},{"@type":"ListItem","position":5,"name":"\u00c9valuation psychologique"}]},{"@type":"WebSite","@id":"https:\/\/www.newyorkhipknee.com\/fr\/#website","url":"https:\/\/www.newyorkhipknee.com\/fr\/","name":"Best Hip & Knee Surgeon | NY, USA","description":"","potentialAction":[{"@type":"SearchAction","target":{"@type":"EntryPoint","urlTemplate":"https:\/\/www.newyorkhipknee.com\/fr\/?s={search_term_string}"},"query-input":{"@type":"PropertyValueSpecification","valueRequired":true,"valueName":"search_term_string"}}],"inLanguage":"fr-FR"}]}},"_links":{"self":[{"href":"https:\/\/www.newyorkhipknee.com\/fr\/wp-json\/wp\/v2\/pages\/21233","targetHints":{"allow":["GET"]}}],"collection":[{"href":"https:\/\/www.newyorkhipknee.com\/fr\/wp-json\/wp\/v2\/pages"}],"about":[{"href":"https:\/\/www.newyorkhipknee.com\/fr\/wp-json\/wp\/v2\/types\/page"}],"author":[{"embeddable":true,"href":"https:\/\/www.newyorkhipknee.com\/fr\/wp-json\/wp\/v2\/users\/33"}],"replies":[{"embeddable":true,"href":"https:\/\/www.newyorkhipknee.com\/fr\/wp-json\/wp\/v2\/comments?post=21233"}],"version-history":[{"count":0,"href":"https:\/\/www.newyorkhipknee.com\/fr\/wp-json\/wp\/v2\/pages\/21233\/revisions"}],"up":[{"embeddable":true,"href":"https:\/\/www.newyorkhipknee.com\/fr\/wp-json\/wp\/v2\/pages\/21156"}],"wp:attachment":[{"href":"https:\/\/www.newyorkhipknee.com\/fr\/wp-json\/wp\/v2\/media?parent=21233"}],"curies":[{"name":"wp","href":"https:\/\/api.w.org\/{rel}","templated":true}]}}