{"id":21234,"date":"2023-12-20T14:26:00","date_gmt":"2023-12-20T19:26:00","guid":{"rendered":"https:\/\/newyorkhipknee.com\/douleur-regionale-complexe\/questions-psychologiques\/"},"modified":"2023-12-20T14:26:00","modified_gmt":"2023-12-20T19:26:00","slug":"questions-psychologiques","status":"publish","type":"page","link":"https:\/\/www.newyorkhipknee.com\/fr\/indemnisation-des-travailleurs\/lignes-directrices-pour-les-traitements-medicaux-mtg\/douleur-regionale-complexe\/questions-psychologiques\/","title":{"rendered":"Questions psychologiques"},"content":{"rendered":"<h1>Principes g\u00e9n\u00e9raux d&rsquo;orientation pour les questions psychologiques<br \/>\npour les patients victimes d&rsquo;accidents du travail<\/h1>\n<p>Les lignes directrices que vous voyez ici ont \u00e9t\u00e9 \u00e9labor\u00e9es par la commission des accidents du travail de l&rsquo;\u00c9tat de New York. Ils sont con\u00e7us pour aider les m\u00e9decins, les podologues et les autres professionnels de la sant\u00e9 \u00e0 donner le bon traitement pour les probl\u00e8mes psychologiques.<\/p>\n<p>Les prestataires de soins de sant\u00e9 peuvent utiliser ces lignes directrices de la Commission des accidents du travail pour d\u00e9terminer le meilleur niveau de soins pour les patients souffrant de troubles de la cheville et du pied.<\/p>\n<p>N&rsquo;oubliez pas que ces lignes directrices ne remplacent pas la sagesse qui d\u00e9coule du jugement clinique et de l&rsquo;exp\u00e9rience professionnelle. Lorsqu&rsquo;il s&rsquo;agit de d\u00e9cider des soins, c&rsquo;est en fin de compte le patient qui d\u00e9cide, en collaboration avec son prestataire de soins de sant\u00e9.<\/p>\n<p>&nbsp;<\/p>\n<h2>Questions psychologiques li\u00e9es au syndrome douloureux r\u00e9gional complexe<\/h2>\n<p>Consultez les directives cliniques m\u00e9dicales pour le SSPT, les troubles d\u00e9pressifs et la d\u00e9pression li\u00e9e au travail. Ils examinent comment la douleur et le handicap peuvent \u00eatre fa\u00e7onn\u00e9s par la peur li\u00e9e \u00e0 la douleur.<\/p>\n<p>Il est naturel de vouloir \u00e9viter la douleur, mais les personnes qui s&rsquo;en inqui\u00e8tent le plus ont tendance \u00e0 sauter plus de choses que pr\u00e9vu, de peur de se faire du mal. Cette peur accrue n&rsquo;est pas seulement due \u00e0 la douleur elle-m\u00eame, mais aussi \u00e0 l&rsquo;\u00e9vitement d&rsquo;activit\u00e9s, ce qui entra\u00eene d&rsquo;autres probl\u00e8mes.<\/p>\n<p>Ainsi, outre la douleur, la peur de la douleur et l&rsquo;\u00e9vitement d&rsquo;activit\u00e9s qui en d\u00e9coule peuvent \u00e9galement perturber les choses. Elle peut entra\u00eener une diminution de la condition physique, mais aussi des probl\u00e8mes physiques tels que le blocage des muscles lors de la flexion, ce qui a un impact direct sur le comportement de la douleur.<\/p>\n<p>Plus la d\u00e9ficience per\u00e7ue est forte, plus elle est \u00e9troitement li\u00e9e \u00e0 la peur de la douleur. Un moyen efficace de lutter contre la douleur persistante due au CRPS consiste \u00e0 exposer progressivement les patients \u00e0 des activit\u00e9s qui les effraient, dans le but d&rsquo;att\u00e9nuer, voire d&rsquo;\u00e9liminer la peur de la douleur. Au fur et \u00e0 mesure que la peur diminue, l&rsquo;hyperalerte \u00e0 la douleur diminue, ce qui entra\u00eene une baisse de l&rsquo;intensit\u00e9 de la douleur d\u00e9clar\u00e9e. Les progr\u00e8s observ\u00e9s dans les programmes de restauration fonctionnelle pourraient \u00eatre dus \u00e0 cette diminution de la peur de la douleur.<\/p>\n<p>&nbsp;<\/p>\n<h2>Le mode biopsychosocial<\/h2>\n<p>Selon le mod\u00e8le biopsychosocial (BPS), des \u00e9l\u00e9ments tels que l&rsquo;optimisme, le soutien social, l&rsquo;adaptation efficace, une attitude positive, la motivation et une solide \u00e9thique de travail font partie int\u00e9grante de la sant\u00e9 d&rsquo;une personne.<\/p>\n<p>Ce mod\u00e8le consid\u00e8re les affections telles que la douleur chronique r\u00e9sultant du CRPS comme le produit de l&rsquo;interaction dynamique entre les facteurs physiologiques, cognitifs et sociaux qui soutiennent et potentiellement aggravent la pr\u00e9sentation clinique. Il r\u00e9compense les personnes gravement bless\u00e9es qui font preuve d&rsquo;une r\u00e9silience, d&rsquo;une motivation et d&rsquo;un r\u00e9tablissement exceptionnels.<\/p>\n<p>Le mod\u00e8le BPS reconna\u00eet l&rsquo;individualit\u00e9 de la mani\u00e8re dont les gens ressentent la douleur, en prenant en consid\u00e9ration divers facteurs psychologiques et socio-\u00e9conomiques qui interagissent avec la pathologie biologique pour fa\u00e7onner les sympt\u00f4mes rapport\u00e9s par un patient et son \u00e9ventuelle incapacit\u00e9.<\/p>\n<p>On pense que ces interactions entra\u00eenent des changements neurochimiques fondamentaux, la douleur chronique modifiant le syst\u00e8me nerveux sympathique afin d&rsquo;accro\u00eetre la sensibilit\u00e9 aux impulsions entrantes qui amplifient la douleur.<\/p>\n<p>Cette activit\u00e9 accrue est cens\u00e9e d\u00e9clencher des changements physiologiques suppl\u00e9mentaires, dont l&rsquo;ampleur serait influenc\u00e9e par des facteurs intrins\u00e8ques (g\u00e9n\u00e9tiques et biologiques) et extrins\u00e8ques. Ces changements sont cens\u00e9s exacerber et perp\u00e9tuer un syndrome dans lequel l&rsquo;exp\u00e9rience de la douleur se multiplie m\u00eame en l&rsquo;absence de causes apparentes de sa persistance.<\/p>\n<p>&nbsp;<\/p>\n<h2>La douleur est d\u00e9crite comme une r\u00e9ponse sensorielle ET \u00e9motionnelle d\u00e9sagr\u00e9able dans le mod\u00e8le BPS.<\/h2>\n<p>Il est largement reconnu que la douleur comprend la nociception, la perception de la douleur, la souffrance, les aspects \u00e9motionnels et le comportement face \u00e0 la douleur. M\u00eame en l&rsquo;absence de nociception (ou neuropathie), la perception de la douleur peut subsister, et vice versa.<\/p>\n<p>En termes cliniques, le comportement douloureux est d\u00e9fini comme \u00ab\u00a0toute r\u00e9ponse ou ensemble d&rsquo;actions qui communiquent la d\u00e9tresse \u00e0 une autre personne\u00a0\u00bb. Le concept de comportement face \u00e0 la maladie, qui englobe diverses plaintes et comportements li\u00e9s \u00e0 la sant\u00e9, peut \u00eatre inclus dans cette d\u00e9finition.<\/p>\n<p>Alors que les pr\u00e9sentations de douleur aigu\u00eb peuvent initialement inclure des comportements douloureux en tant que sympt\u00f4mes, ils peuvent finalement \u00eatre influenc\u00e9s par diff\u00e9rents facteurs psychosociaux ou d&rsquo;apprentissage. L&rsquo;id\u00e9e que ces actions pourraient \u00eatre d\u00e9lib\u00e9r\u00e9ment \u00ab\u00a0exag\u00e9r\u00e9es\u00a0\u00bb ou \u00ab\u00a0amplifi\u00e9es\u00a0\u00bb est largement r\u00e9pandue, bien que l&rsquo;\u00e9valuation directe de ce ph\u00e9nom\u00e8ne soit difficile et conduise souvent \u00e0 des perceptions d\u00e9favorables.<\/p>\n<p>Les personnes souffrant de douleurs chroniques dues au CRPS peuvent pr\u00e9senter des comportements de douleur ou de maladie li\u00e9s \u00e0 divers facteurs psychosociaux et \u00e0 des effets d&rsquo;enseignement ou de conditionnement. Il est essentiel de consid\u00e9rer ce comportement comme une observation clinique, car il n&rsquo;existe pas de lien \u00e9tabli entre les l\u00e9sions nerveuses, la douleur et le comportement douloureux dans les affections graves telles que le SDRC. En outre, il est essentiel de distinguer le comportement douloureux du \u00ab\u00a0gain secondaire\u00a0\u00bb.<\/p>\n<p>Alors que cette derni\u00e8re suppose que la personne affect\u00e9e cherche \u00e0 obtenir des r\u00e9compenses ou des r\u00e9sultats positifs de sa blessure, le comportement douloureux peut \u00eatre appris ou conditionn\u00e9, fa\u00e7onn\u00e9 et soutenu par un renforcement subtil dans des situations o\u00f9 il peut \u00eatre inappropri\u00e9 de faire des d\u00e9ductions psychologiques.<\/p>\n<p>Les donn\u00e9es sugg\u00e8rent que les personnes souffrant de CRPS et de douleur non aigu\u00eb peuvent \u00eatre particuli\u00e8rement sensibles au conditionnement classique et op\u00e9rant lorsqu&rsquo;elles d\u00e9veloppent des r\u00e9ponses \u00e0 la douleur. La douleur chronique non maligne peut accro\u00eetre le malaise et contribuer au dysfonctionnement psychosocial et comportemental. La reconnaissance de ces distinctions devient cruciale lorsqu&rsquo;il s&rsquo;agit d&rsquo;\u00e9laborer des strat\u00e9gies pour r\u00e9soudre ces probl\u00e8mes.<\/p>\n<p>&nbsp;<\/p>\n<h2>Ce que notre cabinet peut faire si vous \u00eates victime d&rsquo;un accident du travail<\/h2>\n<p>Nous avons aid\u00e9 d&rsquo;autres personnes \u00e0 faire face \u00e0 des accidents du travail, et nous sommes l\u00e0 pour vous aussi. Nous comprenons les d\u00e9fis auxquels vous \u00eates confront\u00e9s et nous nous engageons \u00e0 r\u00e9pondre \u00e0 vos besoins m\u00e9dicaux, tout en respectant les directives \u00e9tablies par la commission des accidents du travail de l&rsquo;\u00c9tat de New York.<\/p>\n<p>Vos dossiers d&rsquo;indemnisation des travailleurs sont importants et nous sommes l\u00e0 pour vous aider \u00e0 naviguer dans les m\u00e9andres des relations avec la compagnie d&rsquo;assurance des travailleurs et votre employeur.<\/p>\n<p>Nous comprenons qu&rsquo;il s&rsquo;agit d&rsquo;une p\u00e9riode difficile pour vous et votre famille. Si vous souhaitez prendre rendez-vous, n&rsquo;h\u00e9sitez pas \u00e0 nous contacter. Nous ferons tout ce qui est en notre pouvoir pour vous faciliter la t\u00e2che.<\/p>\n","protected":false},"excerpt":{"rendered":"<p>Principes g\u00e9n\u00e9raux d&rsquo;orientation pour les questions psychologiques pour les patients victimes d&rsquo;accidents du travail Les lignes directrices que vous voyez ici ont \u00e9t\u00e9 \u00e9labor\u00e9es par la commission des accidents du travail de l&rsquo;\u00c9tat de New York. Ils sont con\u00e7us pour aider les m\u00e9decins, les podologues et les autres professionnels de la sant\u00e9 \u00e0 donner le [&hellip;]<\/p>\n","protected":false},"author":33,"featured_media":0,"parent":21156,"menu_order":0,"comment_status":"closed","ping_status":"closed","template":"","meta":{"_et_pb_use_builder":"","_et_pb_old_content":"","_et_gb_content_width":"","footnotes":""},"class_list":["post-21234","page","type-page","status-publish","hentry"],"yoast_head":"<!-- This site is optimized with the Yoast SEO plugin v27.2 - https:\/\/yoast.com\/product\/yoast-seo-wordpress\/ -->\n<title>Questions psychologiques | Best Hip &amp; Knee Surgeon | NY, USA<\/title>\n<meta name=\"description\" content=\"Principes g\u00e9n\u00e9raux d&#039;orientation pour les questions psychologiques pour les patients victimes d&#039;accidents du travail Les lignes directrices que vous voyez\" \/>\n<meta name=\"robots\" content=\"index, follow, max-snippet:-1, max-image-preview:large, max-video-preview:-1\" \/>\n<link rel=\"canonical\" href=\"https:\/\/www.newyorkhipknee.com\/fr\/indemnisation-des-travailleurs\/lignes-directrices-pour-les-traitements-medicaux-mtg\/douleur-regionale-complexe\/questions-psychologiques\/\" \/>\n<meta property=\"og:locale\" content=\"fr_FR\" \/>\n<meta property=\"og:type\" content=\"article\" \/>\n<meta property=\"og:title\" content=\"Questions psychologiques | Best Hip &amp; Knee Surgeon | NY, USA\" \/>\n<meta property=\"og:description\" content=\"Principes g\u00e9n\u00e9raux d&#039;orientation pour les questions psychologiques pour les patients victimes d&#039;accidents du travail Les lignes directrices que vous voyez\" \/>\n<meta property=\"og:url\" content=\"https:\/\/www.newyorkhipknee.com\/fr\/indemnisation-des-travailleurs\/lignes-directrices-pour-les-traitements-medicaux-mtg\/douleur-regionale-complexe\/questions-psychologiques\/\" \/>\n<meta property=\"og:site_name\" content=\"Best Hip &amp; Knee Surgeon | NY, USA\" \/>\n<meta name=\"twitter:card\" content=\"summary_large_image\" \/>\n<meta name=\"twitter:label1\" content=\"Dur\u00e9e de lecture estim\u00e9e\" \/>\n\t<meta name=\"twitter:data1\" content=\"6 minutes\" \/>\n<script type=\"application\/ld+json\" class=\"yoast-schema-graph\">{\"@context\":\"https:\/\/schema.org\",\"@graph\":[{\"@type\":[\"WebPage\",\"MedicalWebPage\"],\"@id\":\"https:\/\/www.newyorkhipknee.com\/fr\/indemnisation-des-travailleurs\/lignes-directrices-pour-les-traitements-medicaux-mtg\/douleur-regionale-complexe\/questions-psychologiques\/\",\"url\":\"https:\/\/www.newyorkhipknee.com\/fr\/indemnisation-des-travailleurs\/lignes-directrices-pour-les-traitements-medicaux-mtg\/douleur-regionale-complexe\/questions-psychologiques\/\",\"name\":\"Questions psychologiques | Best Hip &amp; Knee Surgeon | NY, USA\",\"isPartOf\":{\"@id\":\"https:\/\/www.newyorkhipknee.com\/fr\/#website\"},\"datePublished\":\"2023-12-20T19:26:00+00:00\",\"description\":\"Principes g\u00e9n\u00e9raux d'orientation pour les questions psychologiques pour les patients victimes d'accidents du travail Les lignes directrices que vous voyez\",\"breadcrumb\":{\"@id\":\"https:\/\/www.newyorkhipknee.com\/fr\/indemnisation-des-travailleurs\/lignes-directrices-pour-les-traitements-medicaux-mtg\/douleur-regionale-complexe\/questions-psychologiques\/#breadcrumb\"},\"inLanguage\":\"fr-FR\",\"potentialAction\":[{\"@type\":\"ReadAction\",\"target\":[\"https:\/\/www.newyorkhipknee.com\/fr\/indemnisation-des-travailleurs\/lignes-directrices-pour-les-traitements-medicaux-mtg\/douleur-regionale-complexe\/questions-psychologiques\/\"]}]},{\"@type\":\"BreadcrumbList\",\"@id\":\"https:\/\/www.newyorkhipknee.com\/fr\/indemnisation-des-travailleurs\/lignes-directrices-pour-les-traitements-medicaux-mtg\/douleur-regionale-complexe\/questions-psychologiques\/#breadcrumb\",\"itemListElement\":[{\"@type\":\"ListItem\",\"position\":1,\"name\":\"Home\",\"item\":\"https:\/\/www.newyorkhipknee.com\/fr\/\"},{\"@type\":\"ListItem\",\"position\":2,\"name\":\"Indemnisation des travailleurs\",\"item\":\"https:\/\/www.newyorkhipknee.com\/fr\/indemnisation-des-travailleurs\/\"},{\"@type\":\"ListItem\",\"position\":3,\"name\":\"Lignes directrices pour les traitements m\u00e9dicaux (MTG)\",\"item\":\"https:\/\/www.newyorkhipknee.com\/fr\/indemnisation-des-travailleurs\/lignes-directrices-pour-les-traitements-medicaux-mtg\/\"},{\"@type\":\"ListItem\",\"position\":4,\"name\":\"Douleur r\u00e9gionale complexe\",\"item\":\"https:\/\/www.newyorkhipknee.com\/fr\/indemnisation-des-travailleurs\/lignes-directrices-pour-les-traitements-medicaux-mtg\/douleur-regionale-complexe\/\"},{\"@type\":\"ListItem\",\"position\":5,\"name\":\"Questions psychologiques\"}]},{\"@type\":\"WebSite\",\"@id\":\"https:\/\/www.newyorkhipknee.com\/fr\/#website\",\"url\":\"https:\/\/www.newyorkhipknee.com\/fr\/\",\"name\":\"Best Hip & Knee Surgeon | NY, USA\",\"description\":\"\",\"potentialAction\":[{\"@type\":\"SearchAction\",\"target\":{\"@type\":\"EntryPoint\",\"urlTemplate\":\"https:\/\/www.newyorkhipknee.com\/fr\/?s={search_term_string}\"},\"query-input\":{\"@type\":\"PropertyValueSpecification\",\"valueRequired\":true,\"valueName\":\"search_term_string\"}}],\"inLanguage\":\"fr-FR\"}]}<\/script>\n<!-- \/ Yoast SEO plugin. -->","yoast_head_json":{"title":"Questions psychologiques | Best Hip &amp; Knee Surgeon | NY, USA","description":"Principes g\u00e9n\u00e9raux d'orientation pour les questions psychologiques pour les patients victimes d'accidents du travail Les lignes directrices que vous voyez","robots":{"index":"index","follow":"follow","max-snippet":"max-snippet:-1","max-image-preview":"max-image-preview:large","max-video-preview":"max-video-preview:-1"},"canonical":"https:\/\/www.newyorkhipknee.com\/fr\/indemnisation-des-travailleurs\/lignes-directrices-pour-les-traitements-medicaux-mtg\/douleur-regionale-complexe\/questions-psychologiques\/","og_locale":"fr_FR","og_type":"article","og_title":"Questions psychologiques | Best Hip &amp; Knee Surgeon | NY, USA","og_description":"Principes g\u00e9n\u00e9raux d'orientation pour les questions psychologiques pour les patients victimes d'accidents du travail Les lignes directrices que vous voyez","og_url":"https:\/\/www.newyorkhipknee.com\/fr\/indemnisation-des-travailleurs\/lignes-directrices-pour-les-traitements-medicaux-mtg\/douleur-regionale-complexe\/questions-psychologiques\/","og_site_name":"Best Hip &amp; Knee Surgeon | NY, USA","twitter_card":"summary_large_image","twitter_misc":{"Dur\u00e9e de lecture estim\u00e9e":"6 minutes"},"schema":{"@context":"https:\/\/schema.org","@graph":[{"@type":["WebPage","MedicalWebPage"],"@id":"https:\/\/www.newyorkhipknee.com\/fr\/indemnisation-des-travailleurs\/lignes-directrices-pour-les-traitements-medicaux-mtg\/douleur-regionale-complexe\/questions-psychologiques\/","url":"https:\/\/www.newyorkhipknee.com\/fr\/indemnisation-des-travailleurs\/lignes-directrices-pour-les-traitements-medicaux-mtg\/douleur-regionale-complexe\/questions-psychologiques\/","name":"Questions psychologiques | Best Hip &amp; Knee Surgeon | NY, USA","isPartOf":{"@id":"https:\/\/www.newyorkhipknee.com\/fr\/#website"},"datePublished":"2023-12-20T19:26:00+00:00","description":"Principes g\u00e9n\u00e9raux d'orientation pour les questions psychologiques pour les patients victimes d'accidents du travail Les lignes directrices que vous voyez","breadcrumb":{"@id":"https:\/\/www.newyorkhipknee.com\/fr\/indemnisation-des-travailleurs\/lignes-directrices-pour-les-traitements-medicaux-mtg\/douleur-regionale-complexe\/questions-psychologiques\/#breadcrumb"},"inLanguage":"fr-FR","potentialAction":[{"@type":"ReadAction","target":["https:\/\/www.newyorkhipknee.com\/fr\/indemnisation-des-travailleurs\/lignes-directrices-pour-les-traitements-medicaux-mtg\/douleur-regionale-complexe\/questions-psychologiques\/"]}]},{"@type":"BreadcrumbList","@id":"https:\/\/www.newyorkhipknee.com\/fr\/indemnisation-des-travailleurs\/lignes-directrices-pour-les-traitements-medicaux-mtg\/douleur-regionale-complexe\/questions-psychologiques\/#breadcrumb","itemListElement":[{"@type":"ListItem","position":1,"name":"Home","item":"https:\/\/www.newyorkhipknee.com\/fr\/"},{"@type":"ListItem","position":2,"name":"Indemnisation des travailleurs","item":"https:\/\/www.newyorkhipknee.com\/fr\/indemnisation-des-travailleurs\/"},{"@type":"ListItem","position":3,"name":"Lignes directrices pour les traitements m\u00e9dicaux (MTG)","item":"https:\/\/www.newyorkhipknee.com\/fr\/indemnisation-des-travailleurs\/lignes-directrices-pour-les-traitements-medicaux-mtg\/"},{"@type":"ListItem","position":4,"name":"Douleur r\u00e9gionale complexe","item":"https:\/\/www.newyorkhipknee.com\/fr\/indemnisation-des-travailleurs\/lignes-directrices-pour-les-traitements-medicaux-mtg\/douleur-regionale-complexe\/"},{"@type":"ListItem","position":5,"name":"Questions psychologiques"}]},{"@type":"WebSite","@id":"https:\/\/www.newyorkhipknee.com\/fr\/#website","url":"https:\/\/www.newyorkhipknee.com\/fr\/","name":"Best Hip & Knee Surgeon | NY, USA","description":"","potentialAction":[{"@type":"SearchAction","target":{"@type":"EntryPoint","urlTemplate":"https:\/\/www.newyorkhipknee.com\/fr\/?s={search_term_string}"},"query-input":{"@type":"PropertyValueSpecification","valueRequired":true,"valueName":"search_term_string"}}],"inLanguage":"fr-FR"}]}},"_links":{"self":[{"href":"https:\/\/www.newyorkhipknee.com\/fr\/wp-json\/wp\/v2\/pages\/21234","targetHints":{"allow":["GET"]}}],"collection":[{"href":"https:\/\/www.newyorkhipknee.com\/fr\/wp-json\/wp\/v2\/pages"}],"about":[{"href":"https:\/\/www.newyorkhipknee.com\/fr\/wp-json\/wp\/v2\/types\/page"}],"author":[{"embeddable":true,"href":"https:\/\/www.newyorkhipknee.com\/fr\/wp-json\/wp\/v2\/users\/33"}],"replies":[{"embeddable":true,"href":"https:\/\/www.newyorkhipknee.com\/fr\/wp-json\/wp\/v2\/comments?post=21234"}],"version-history":[{"count":0,"href":"https:\/\/www.newyorkhipknee.com\/fr\/wp-json\/wp\/v2\/pages\/21234\/revisions"}],"up":[{"embeddable":true,"href":"https:\/\/www.newyorkhipknee.com\/fr\/wp-json\/wp\/v2\/pages\/21156"}],"wp:attachment":[{"href":"https:\/\/www.newyorkhipknee.com\/fr\/wp-json\/wp\/v2\/media?parent=21234"}],"curies":[{"name":"wp","href":"https:\/\/api.w.org\/{rel}","templated":true}]}}