{"id":21237,"date":"2023-12-20T14:21:37","date_gmt":"2023-12-20T19:21:37","guid":{"rendered":"https:\/\/newyorkhipknee.com\/douleur-regionale-complexe\/qsart-pour-le-diagnostic\/"},"modified":"2023-12-20T14:21:37","modified_gmt":"2023-12-20T19:21:37","slug":"qsart-pour-le-diagnostic","status":"publish","type":"page","link":"https:\/\/www.newyorkhipknee.com\/fr\/indemnisation-des-travailleurs\/lignes-directrices-pour-les-traitements-medicaux-mtg\/douleur-regionale-complexe\/qsart-pour-le-diagnostic\/","title":{"rendered":"QSART pour le diagnostic"},"content":{"rendered":"<h1>Principes g\u00e9n\u00e9raux d&rsquo;orientation pour QSART pour<br \/>\nDiagnostiquer le SDRC chez les travailleurs indemnis\u00e9s<\/h1>\n<p>&nbsp;<\/p>\n<p>Les lignes directrices \u00e9labor\u00e9es par la commission des accidents du travail de l&rsquo;\u00c9tat de New York visent \u00e0 aider les m\u00e9decins, les podologues et les autres prestataires de soins de sant\u00e9 \u00e0 fournir le traitement ad\u00e9quat pour diagnostiquer le syndrome douloureux r\u00e9gional complexe (SDRC) par le biais de QSART.<\/p>\n<p>Les professionnels de la sant\u00e9 peuvent s&rsquo;appuyer sur ces lignes directrices de la Commission des accidents du travail pour d\u00e9cider des soins les plus appropri\u00e9s aux personnes souffrant de probl\u00e8mes de cheville et de pied.<\/p>\n<p>Il est essentiel de noter que ces lignes directrices ne remplacent pas l&rsquo;importance de l&rsquo;expertise clinique et de l&rsquo;exp\u00e9rience professionnelle. La d\u00e9cision finale sur le parcours de soins doit \u00eatre prise en collaboration entre le patient et son prestataire de soins.<\/p>\n<p>&nbsp;<\/p>\n<h2>QSART pour le diagnostic du CRPS<\/h2>\n<p>L&rsquo;utilisation de QSART pour diagnostiquer le syndrome douloureux r\u00e9gional complexe (SDRC) n&rsquo;est pas conseill\u00e9e pour confirmer le diagnostic de SDRC.<\/p>\n<p>&nbsp;<\/p>\n<h2>Ce que notre cabinet peut faire si vous \u00eates victime d&rsquo;un accident du travail<\/h2>\n<p>Nous sommes d\u00e9j\u00e0 pass\u00e9s par l\u00e0 et pouvons vous aider \u00e0 r\u00e9soudre vos probl\u00e8mes d&rsquo;indemnisation des accidents du travail. Nous comprenons &#8211; nous savons que c&rsquo;est difficile pour vous, et nous veillerons \u00e0 ce que vos besoins m\u00e9dicaux soient satisfaits, conform\u00e9ment aux directives \u00e9tablies par la Commission des accidents du travail de l&rsquo;\u00c9tat de New York.<\/p>\n<p>Vos dossiers d&rsquo;indemnisation des travailleurs sont importants pour nous. Permettez-nous de vous guider dans la complexit\u00e9 des relations avec la compagnie d&rsquo;assurance contre les accidents du travail et votre employeur.<\/p>\n<p>Nous comprenons le stress que cette situation engendre pour vous et votre famille. Si vous souhaitez prendre un rendez-vous, contactez-nous et nous ferons de notre mieux pour que la proc\u00e9dure soit aussi simple que possible.<\/p>\n","protected":false},"excerpt":{"rendered":"<p>Principes g\u00e9n\u00e9raux d&rsquo;orientation pour QSART pour Diagnostiquer le SDRC chez les travailleurs indemnis\u00e9s &nbsp; Les lignes directrices \u00e9labor\u00e9es par la commission des accidents du travail de l&rsquo;\u00c9tat de New York visent \u00e0 aider les m\u00e9decins, les podologues et les autres prestataires de soins de sant\u00e9 \u00e0 fournir le traitement ad\u00e9quat pour diagnostiquer le syndrome douloureux [&hellip;]<\/p>\n","protected":false},"author":33,"featured_media":0,"parent":21156,"menu_order":0,"comment_status":"closed","ping_status":"closed","template":"","meta":{"_et_pb_use_builder":"","_et_pb_old_content":"","_et_gb_content_width":"","footnotes":""},"class_list":["post-21237","page","type-page","status-publish","hentry"],"yoast_head":"<!-- This site is optimized with the Yoast SEO plugin v27.2 - https:\/\/yoast.com\/product\/yoast-seo-wordpress\/ -->\n<title>QSART pour le diagnostic | Best Hip &amp; Knee Surgeon | NY, USA<\/title>\n<meta name=\"description\" content=\"Principes g\u00e9n\u00e9raux d&#039;orientation pour QSART pour Diagnostiquer le SDRC chez les travailleurs indemnis\u00e9s &nbsp; Les lignes directrices \u00e9labor\u00e9es par la\" \/>\n<meta name=\"robots\" content=\"index, follow, max-snippet:-1, max-image-preview:large, max-video-preview:-1\" \/>\n<link rel=\"canonical\" href=\"https:\/\/www.newyorkhipknee.com\/fr\/indemnisation-des-travailleurs\/lignes-directrices-pour-les-traitements-medicaux-mtg\/douleur-regionale-complexe\/qsart-pour-le-diagnostic\/\" \/>\n<meta property=\"og:locale\" content=\"fr_FR\" \/>\n<meta property=\"og:type\" content=\"article\" \/>\n<meta property=\"og:title\" content=\"QSART pour le diagnostic | Best Hip &amp; Knee Surgeon | NY, USA\" \/>\n<meta property=\"og:description\" content=\"Principes g\u00e9n\u00e9raux d&#039;orientation pour QSART pour Diagnostiquer le SDRC chez les travailleurs indemnis\u00e9s &nbsp; Les lignes directrices \u00e9labor\u00e9es par la\" \/>\n<meta property=\"og:url\" content=\"https:\/\/www.newyorkhipknee.com\/fr\/indemnisation-des-travailleurs\/lignes-directrices-pour-les-traitements-medicaux-mtg\/douleur-regionale-complexe\/qsart-pour-le-diagnostic\/\" \/>\n<meta property=\"og:site_name\" content=\"Best Hip &amp; Knee Surgeon | NY, USA\" \/>\n<meta name=\"twitter:card\" content=\"summary_large_image\" \/>\n<meta name=\"twitter:label1\" content=\"Dur\u00e9e de lecture estim\u00e9e\" \/>\n\t<meta name=\"twitter:data1\" content=\"2 minutes\" \/>\n<script type=\"application\/ld+json\" class=\"yoast-schema-graph\">{\"@context\":\"https:\/\/schema.org\",\"@graph\":[{\"@type\":[\"WebPage\",\"MedicalWebPage\"],\"@id\":\"https:\/\/www.newyorkhipknee.com\/fr\/indemnisation-des-travailleurs\/lignes-directrices-pour-les-traitements-medicaux-mtg\/douleur-regionale-complexe\/qsart-pour-le-diagnostic\/\",\"url\":\"https:\/\/www.newyorkhipknee.com\/fr\/indemnisation-des-travailleurs\/lignes-directrices-pour-les-traitements-medicaux-mtg\/douleur-regionale-complexe\/qsart-pour-le-diagnostic\/\",\"name\":\"QSART pour le diagnostic | Best Hip &amp; Knee Surgeon | NY, USA\",\"isPartOf\":{\"@id\":\"https:\/\/www.newyorkhipknee.com\/fr\/#website\"},\"datePublished\":\"2023-12-20T19:21:37+00:00\",\"description\":\"Principes g\u00e9n\u00e9raux d'orientation pour QSART pour Diagnostiquer le SDRC chez les travailleurs indemnis\u00e9s &nbsp; Les lignes directrices \u00e9labor\u00e9es par la\",\"breadcrumb\":{\"@id\":\"https:\/\/www.newyorkhipknee.com\/fr\/indemnisation-des-travailleurs\/lignes-directrices-pour-les-traitements-medicaux-mtg\/douleur-regionale-complexe\/qsart-pour-le-diagnostic\/#breadcrumb\"},\"inLanguage\":\"fr-FR\",\"potentialAction\":[{\"@type\":\"ReadAction\",\"target\":[\"https:\/\/www.newyorkhipknee.com\/fr\/indemnisation-des-travailleurs\/lignes-directrices-pour-les-traitements-medicaux-mtg\/douleur-regionale-complexe\/qsart-pour-le-diagnostic\/\"]}]},{\"@type\":\"BreadcrumbList\",\"@id\":\"https:\/\/www.newyorkhipknee.com\/fr\/indemnisation-des-travailleurs\/lignes-directrices-pour-les-traitements-medicaux-mtg\/douleur-regionale-complexe\/qsart-pour-le-diagnostic\/#breadcrumb\",\"itemListElement\":[{\"@type\":\"ListItem\",\"position\":1,\"name\":\"Home\",\"item\":\"https:\/\/www.newyorkhipknee.com\/fr\/\"},{\"@type\":\"ListItem\",\"position\":2,\"name\":\"Indemnisation des travailleurs\",\"item\":\"https:\/\/www.newyorkhipknee.com\/fr\/indemnisation-des-travailleurs\/\"},{\"@type\":\"ListItem\",\"position\":3,\"name\":\"Lignes directrices pour les traitements m\u00e9dicaux (MTG)\",\"item\":\"https:\/\/www.newyorkhipknee.com\/fr\/indemnisation-des-travailleurs\/lignes-directrices-pour-les-traitements-medicaux-mtg\/\"},{\"@type\":\"ListItem\",\"position\":4,\"name\":\"Douleur r\u00e9gionale complexe\",\"item\":\"https:\/\/www.newyorkhipknee.com\/fr\/indemnisation-des-travailleurs\/lignes-directrices-pour-les-traitements-medicaux-mtg\/douleur-regionale-complexe\/\"},{\"@type\":\"ListItem\",\"position\":5,\"name\":\"QSART pour le diagnostic\"}]},{\"@type\":\"WebSite\",\"@id\":\"https:\/\/www.newyorkhipknee.com\/fr\/#website\",\"url\":\"https:\/\/www.newyorkhipknee.com\/fr\/\",\"name\":\"Best Hip & Knee Surgeon | NY, USA\",\"description\":\"\",\"potentialAction\":[{\"@type\":\"SearchAction\",\"target\":{\"@type\":\"EntryPoint\",\"urlTemplate\":\"https:\/\/www.newyorkhipknee.com\/fr\/?s={search_term_string}\"},\"query-input\":{\"@type\":\"PropertyValueSpecification\",\"valueRequired\":true,\"valueName\":\"search_term_string\"}}],\"inLanguage\":\"fr-FR\"}]}<\/script>\n<!-- \/ Yoast SEO plugin. -->","yoast_head_json":{"title":"QSART pour le diagnostic | Best Hip &amp; Knee Surgeon | NY, USA","description":"Principes g\u00e9n\u00e9raux d'orientation pour QSART pour Diagnostiquer le SDRC chez les travailleurs indemnis\u00e9s &nbsp; Les lignes directrices \u00e9labor\u00e9es par la","robots":{"index":"index","follow":"follow","max-snippet":"max-snippet:-1","max-image-preview":"max-image-preview:large","max-video-preview":"max-video-preview:-1"},"canonical":"https:\/\/www.newyorkhipknee.com\/fr\/indemnisation-des-travailleurs\/lignes-directrices-pour-les-traitements-medicaux-mtg\/douleur-regionale-complexe\/qsart-pour-le-diagnostic\/","og_locale":"fr_FR","og_type":"article","og_title":"QSART pour le diagnostic | Best Hip &amp; Knee Surgeon | NY, USA","og_description":"Principes g\u00e9n\u00e9raux d'orientation pour QSART pour Diagnostiquer le SDRC chez les travailleurs indemnis\u00e9s &nbsp; Les lignes directrices \u00e9labor\u00e9es par la","og_url":"https:\/\/www.newyorkhipknee.com\/fr\/indemnisation-des-travailleurs\/lignes-directrices-pour-les-traitements-medicaux-mtg\/douleur-regionale-complexe\/qsart-pour-le-diagnostic\/","og_site_name":"Best Hip &amp; Knee Surgeon | NY, USA","twitter_card":"summary_large_image","twitter_misc":{"Dur\u00e9e de lecture estim\u00e9e":"2 minutes"},"schema":{"@context":"https:\/\/schema.org","@graph":[{"@type":["WebPage","MedicalWebPage"],"@id":"https:\/\/www.newyorkhipknee.com\/fr\/indemnisation-des-travailleurs\/lignes-directrices-pour-les-traitements-medicaux-mtg\/douleur-regionale-complexe\/qsart-pour-le-diagnostic\/","url":"https:\/\/www.newyorkhipknee.com\/fr\/indemnisation-des-travailleurs\/lignes-directrices-pour-les-traitements-medicaux-mtg\/douleur-regionale-complexe\/qsart-pour-le-diagnostic\/","name":"QSART pour le diagnostic | Best Hip &amp; Knee Surgeon | NY, USA","isPartOf":{"@id":"https:\/\/www.newyorkhipknee.com\/fr\/#website"},"datePublished":"2023-12-20T19:21:37+00:00","description":"Principes g\u00e9n\u00e9raux d'orientation pour QSART pour Diagnostiquer le SDRC chez les travailleurs indemnis\u00e9s &nbsp; Les lignes directrices \u00e9labor\u00e9es par la","breadcrumb":{"@id":"https:\/\/www.newyorkhipknee.com\/fr\/indemnisation-des-travailleurs\/lignes-directrices-pour-les-traitements-medicaux-mtg\/douleur-regionale-complexe\/qsart-pour-le-diagnostic\/#breadcrumb"},"inLanguage":"fr-FR","potentialAction":[{"@type":"ReadAction","target":["https:\/\/www.newyorkhipknee.com\/fr\/indemnisation-des-travailleurs\/lignes-directrices-pour-les-traitements-medicaux-mtg\/douleur-regionale-complexe\/qsart-pour-le-diagnostic\/"]}]},{"@type":"BreadcrumbList","@id":"https:\/\/www.newyorkhipknee.com\/fr\/indemnisation-des-travailleurs\/lignes-directrices-pour-les-traitements-medicaux-mtg\/douleur-regionale-complexe\/qsart-pour-le-diagnostic\/#breadcrumb","itemListElement":[{"@type":"ListItem","position":1,"name":"Home","item":"https:\/\/www.newyorkhipknee.com\/fr\/"},{"@type":"ListItem","position":2,"name":"Indemnisation des travailleurs","item":"https:\/\/www.newyorkhipknee.com\/fr\/indemnisation-des-travailleurs\/"},{"@type":"ListItem","position":3,"name":"Lignes directrices pour les traitements m\u00e9dicaux (MTG)","item":"https:\/\/www.newyorkhipknee.com\/fr\/indemnisation-des-travailleurs\/lignes-directrices-pour-les-traitements-medicaux-mtg\/"},{"@type":"ListItem","position":4,"name":"Douleur r\u00e9gionale complexe","item":"https:\/\/www.newyorkhipknee.com\/fr\/indemnisation-des-travailleurs\/lignes-directrices-pour-les-traitements-medicaux-mtg\/douleur-regionale-complexe\/"},{"@type":"ListItem","position":5,"name":"QSART pour le diagnostic"}]},{"@type":"WebSite","@id":"https:\/\/www.newyorkhipknee.com\/fr\/#website","url":"https:\/\/www.newyorkhipknee.com\/fr\/","name":"Best Hip & Knee Surgeon | NY, USA","description":"","potentialAction":[{"@type":"SearchAction","target":{"@type":"EntryPoint","urlTemplate":"https:\/\/www.newyorkhipknee.com\/fr\/?s={search_term_string}"},"query-input":{"@type":"PropertyValueSpecification","valueRequired":true,"valueName":"search_term_string"}}],"inLanguage":"fr-FR"}]}},"_links":{"self":[{"href":"https:\/\/www.newyorkhipknee.com\/fr\/wp-json\/wp\/v2\/pages\/21237","targetHints":{"allow":["GET"]}}],"collection":[{"href":"https:\/\/www.newyorkhipknee.com\/fr\/wp-json\/wp\/v2\/pages"}],"about":[{"href":"https:\/\/www.newyorkhipknee.com\/fr\/wp-json\/wp\/v2\/types\/page"}],"author":[{"embeddable":true,"href":"https:\/\/www.newyorkhipknee.com\/fr\/wp-json\/wp\/v2\/users\/33"}],"replies":[{"embeddable":true,"href":"https:\/\/www.newyorkhipknee.com\/fr\/wp-json\/wp\/v2\/comments?post=21237"}],"version-history":[{"count":0,"href":"https:\/\/www.newyorkhipknee.com\/fr\/wp-json\/wp\/v2\/pages\/21237\/revisions"}],"up":[{"embeddable":true,"href":"https:\/\/www.newyorkhipknee.com\/fr\/wp-json\/wp\/v2\/pages\/21156"}],"wp:attachment":[{"href":"https:\/\/www.newyorkhipknee.com\/fr\/wp-json\/wp\/v2\/media?parent=21237"}],"curies":[{"name":"wp","href":"https:\/\/api.w.org\/{rel}","templated":true}]}}