{"id":21241,"date":"2023-12-19T16:23:47","date_gmt":"2023-12-19T21:23:47","guid":{"rendered":"https:\/\/newyorkhipknee.com\/douleur-regionale-complexe\/la-reflexologie-pour-le-crps\/"},"modified":"2023-12-19T16:23:47","modified_gmt":"2023-12-19T21:23:47","slug":"la-reflexologie-pour-le-crps","status":"publish","type":"page","link":"https:\/\/www.newyorkhipknee.com\/fr\/indemnisation-des-travailleurs\/lignes-directrices-pour-les-traitements-medicaux-mtg\/douleur-regionale-complexe\/la-reflexologie-pour-le-crps\/","title":{"rendered":"La r\u00e9flexologie pour le CRPS"},"content":{"rendered":"<p>Les lignes directrices \u00e9tablies par la commission des accidents du travail de l&rsquo;\u00c9tat de New York sont con\u00e7ues pour aider les m\u00e9decins, les podologues et les autres professionnels de la sant\u00e9 \u00e0 fournir un traitement appropri\u00e9 faisant appel \u00e0 la r\u00e9flexologie pour le syndrome douloureux r\u00e9gional complexe (SDRC).<\/p>\n<p>Ces lignes directrices de la Commission des accidents du travail visent \u00e0 aider les professionnels de la sant\u00e9 \u00e0 prendre des d\u00e9cisions \u00e9clair\u00e9es sur le niveau de soins appropri\u00e9 pour les patients souffrant de troubles de la cheville et du pied.<\/p>\n<p>Il est important de noter que ces lignes directrices ne remplacent pas le jugement clinique ou l&rsquo;exp\u00e9rience professionnelle. La d\u00e9cision finale concernant les soins doit \u00eatre le fruit d&rsquo;une collaboration entre le patient et son prestataire de soins.<\/p>\n<p>&nbsp;<\/p>\n<h2>La r\u00e9flexologie pour le CRPS<\/h2>\n<p>L&rsquo;utilisation de la r\u00e9flexologie pour traiter le syndrome douloureux r\u00e9gional complexe (SDRC) n&rsquo;est pas recommand\u00e9e.<\/p>\n<p>&nbsp;<\/p>\n<h2>Ce que notre cabinet peut faire si vous \u00eates victime d&rsquo;un accident du travail<\/h2>\n<p>Nous disposons de l&rsquo;expertise n\u00e9cessaire pour vous aider \u00e0 r\u00e9soudre vos probl\u00e8mes d&rsquo;indemnisation des accidents du travail. Nous comprenons votre situation et veillons \u00e0 ce que vos besoins m\u00e9dicaux soient satisfaits tout en respectant les directives \u00e9tablies par la commission des accidents du travail de l&rsquo;\u00c9tat de New York.<\/p>\n<p>Conscients de l&rsquo;importance de vos dossiers d&rsquo;indemnisation des accidents du travail, nous vous guidons dans la complexit\u00e9 des relations avec la compagnie d&rsquo;assurance des accidents du travail et avec votre employeur.<\/p>\n<p>Nous comprenons qu&rsquo;il s&rsquo;agit d&rsquo;une p\u00e9riode stressante pour vous et votre famille. Si vous souhaitez prendre un rendez-vous, veuillez nous contacter et nous ferons tout notre possible pour vous simplifier la t\u00e2che.<\/p>\n","protected":false},"excerpt":{"rendered":"<p>Les lignes directrices \u00e9tablies par la commission des accidents du travail de l&rsquo;\u00c9tat de New York sont con\u00e7ues pour aider les m\u00e9decins, les podologues et les autres professionnels de la sant\u00e9 \u00e0 fournir un traitement appropri\u00e9 faisant appel \u00e0 la r\u00e9flexologie pour le syndrome douloureux r\u00e9gional complexe (SDRC). Ces lignes directrices de la Commission des [&hellip;]<\/p>\n","protected":false},"author":33,"featured_media":0,"parent":21156,"menu_order":0,"comment_status":"closed","ping_status":"closed","template":"","meta":{"_et_pb_use_builder":"","_et_pb_old_content":"","_et_gb_content_width":"","footnotes":""},"class_list":["post-21241","page","type-page","status-publish","hentry"],"yoast_head":"<!-- This site is optimized with the Yoast SEO plugin v27.2 - https:\/\/yoast.com\/product\/yoast-seo-wordpress\/ -->\n<title>La r\u00e9flexologie pour le CRPS | Best Hip &amp; Knee Surgeon | NY, USA<\/title>\n<meta name=\"description\" content=\"Les lignes directrices \u00e9tablies par la commission des accidents du travail de l&#039;\u00c9tat de New York sont con\u00e7ues pour aider les m\u00e9decins, les podologues et\" \/>\n<meta name=\"robots\" content=\"index, follow, max-snippet:-1, max-image-preview:large, max-video-preview:-1\" \/>\n<link rel=\"canonical\" href=\"https:\/\/www.newyorkhipknee.com\/fr\/indemnisation-des-travailleurs\/lignes-directrices-pour-les-traitements-medicaux-mtg\/douleur-regionale-complexe\/la-reflexologie-pour-le-crps\/\" \/>\n<meta property=\"og:locale\" content=\"fr_FR\" \/>\n<meta property=\"og:type\" content=\"article\" \/>\n<meta property=\"og:title\" content=\"La r\u00e9flexologie pour le CRPS | Best Hip &amp; Knee Surgeon | NY, USA\" \/>\n<meta property=\"og:description\" content=\"Les lignes directrices \u00e9tablies par la commission des accidents du travail de l&#039;\u00c9tat de New York sont con\u00e7ues pour aider les m\u00e9decins, les podologues et\" \/>\n<meta property=\"og:url\" content=\"https:\/\/www.newyorkhipknee.com\/fr\/indemnisation-des-travailleurs\/lignes-directrices-pour-les-traitements-medicaux-mtg\/douleur-regionale-complexe\/la-reflexologie-pour-le-crps\/\" \/>\n<meta property=\"og:site_name\" content=\"Best Hip &amp; Knee Surgeon | NY, USA\" \/>\n<meta name=\"twitter:card\" content=\"summary_large_image\" \/>\n<meta name=\"twitter:label1\" content=\"Dur\u00e9e de lecture estim\u00e9e\" \/>\n\t<meta name=\"twitter:data1\" content=\"1 minute\" \/>\n<script type=\"application\/ld+json\" class=\"yoast-schema-graph\">{\"@context\":\"https:\/\/schema.org\",\"@graph\":[{\"@type\":[\"WebPage\",\"MedicalWebPage\"],\"@id\":\"https:\/\/www.newyorkhipknee.com\/fr\/indemnisation-des-travailleurs\/lignes-directrices-pour-les-traitements-medicaux-mtg\/douleur-regionale-complexe\/la-reflexologie-pour-le-crps\/\",\"url\":\"https:\/\/www.newyorkhipknee.com\/fr\/indemnisation-des-travailleurs\/lignes-directrices-pour-les-traitements-medicaux-mtg\/douleur-regionale-complexe\/la-reflexologie-pour-le-crps\/\",\"name\":\"La r\u00e9flexologie pour le CRPS | Best Hip &amp; Knee Surgeon | NY, USA\",\"isPartOf\":{\"@id\":\"https:\/\/www.newyorkhipknee.com\/fr\/#website\"},\"datePublished\":\"2023-12-19T21:23:47+00:00\",\"description\":\"Les lignes directrices \u00e9tablies par la commission des accidents du travail de l'\u00c9tat de New York sont con\u00e7ues pour aider les m\u00e9decins, les podologues et\",\"breadcrumb\":{\"@id\":\"https:\/\/www.newyorkhipknee.com\/fr\/indemnisation-des-travailleurs\/lignes-directrices-pour-les-traitements-medicaux-mtg\/douleur-regionale-complexe\/la-reflexologie-pour-le-crps\/#breadcrumb\"},\"inLanguage\":\"fr-FR\",\"potentialAction\":[{\"@type\":\"ReadAction\",\"target\":[\"https:\/\/www.newyorkhipknee.com\/fr\/indemnisation-des-travailleurs\/lignes-directrices-pour-les-traitements-medicaux-mtg\/douleur-regionale-complexe\/la-reflexologie-pour-le-crps\/\"]}]},{\"@type\":\"BreadcrumbList\",\"@id\":\"https:\/\/www.newyorkhipknee.com\/fr\/indemnisation-des-travailleurs\/lignes-directrices-pour-les-traitements-medicaux-mtg\/douleur-regionale-complexe\/la-reflexologie-pour-le-crps\/#breadcrumb\",\"itemListElement\":[{\"@type\":\"ListItem\",\"position\":1,\"name\":\"Home\",\"item\":\"https:\/\/www.newyorkhipknee.com\/fr\/\"},{\"@type\":\"ListItem\",\"position\":2,\"name\":\"Indemnisation des travailleurs\",\"item\":\"https:\/\/www.newyorkhipknee.com\/fr\/indemnisation-des-travailleurs\/\"},{\"@type\":\"ListItem\",\"position\":3,\"name\":\"Lignes directrices pour les traitements m\u00e9dicaux (MTG)\",\"item\":\"https:\/\/www.newyorkhipknee.com\/fr\/indemnisation-des-travailleurs\/lignes-directrices-pour-les-traitements-medicaux-mtg\/\"},{\"@type\":\"ListItem\",\"position\":4,\"name\":\"Douleur r\u00e9gionale complexe\",\"item\":\"https:\/\/www.newyorkhipknee.com\/fr\/indemnisation-des-travailleurs\/lignes-directrices-pour-les-traitements-medicaux-mtg\/douleur-regionale-complexe\/\"},{\"@type\":\"ListItem\",\"position\":5,\"name\":\"La r\u00e9flexologie pour le CRPS\"}]},{\"@type\":\"WebSite\",\"@id\":\"https:\/\/www.newyorkhipknee.com\/fr\/#website\",\"url\":\"https:\/\/www.newyorkhipknee.com\/fr\/\",\"name\":\"Best Hip & Knee Surgeon | NY, USA\",\"description\":\"\",\"potentialAction\":[{\"@type\":\"SearchAction\",\"target\":{\"@type\":\"EntryPoint\",\"urlTemplate\":\"https:\/\/www.newyorkhipknee.com\/fr\/?s={search_term_string}\"},\"query-input\":{\"@type\":\"PropertyValueSpecification\",\"valueRequired\":true,\"valueName\":\"search_term_string\"}}],\"inLanguage\":\"fr-FR\"}]}<\/script>\n<!-- \/ Yoast SEO plugin. -->","yoast_head_json":{"title":"La r\u00e9flexologie pour le CRPS | Best Hip &amp; Knee Surgeon | NY, USA","description":"Les lignes directrices \u00e9tablies par la commission des accidents du travail de l'\u00c9tat de New York sont con\u00e7ues pour aider les m\u00e9decins, les podologues et","robots":{"index":"index","follow":"follow","max-snippet":"max-snippet:-1","max-image-preview":"max-image-preview:large","max-video-preview":"max-video-preview:-1"},"canonical":"https:\/\/www.newyorkhipknee.com\/fr\/indemnisation-des-travailleurs\/lignes-directrices-pour-les-traitements-medicaux-mtg\/douleur-regionale-complexe\/la-reflexologie-pour-le-crps\/","og_locale":"fr_FR","og_type":"article","og_title":"La r\u00e9flexologie pour le CRPS | Best Hip &amp; Knee Surgeon | NY, USA","og_description":"Les lignes directrices \u00e9tablies par la commission des accidents du travail de l'\u00c9tat de New York sont con\u00e7ues pour aider les m\u00e9decins, les podologues et","og_url":"https:\/\/www.newyorkhipknee.com\/fr\/indemnisation-des-travailleurs\/lignes-directrices-pour-les-traitements-medicaux-mtg\/douleur-regionale-complexe\/la-reflexologie-pour-le-crps\/","og_site_name":"Best Hip &amp; Knee Surgeon | NY, USA","twitter_card":"summary_large_image","twitter_misc":{"Dur\u00e9e de lecture estim\u00e9e":"1 minute"},"schema":{"@context":"https:\/\/schema.org","@graph":[{"@type":["WebPage","MedicalWebPage"],"@id":"https:\/\/www.newyorkhipknee.com\/fr\/indemnisation-des-travailleurs\/lignes-directrices-pour-les-traitements-medicaux-mtg\/douleur-regionale-complexe\/la-reflexologie-pour-le-crps\/","url":"https:\/\/www.newyorkhipknee.com\/fr\/indemnisation-des-travailleurs\/lignes-directrices-pour-les-traitements-medicaux-mtg\/douleur-regionale-complexe\/la-reflexologie-pour-le-crps\/","name":"La r\u00e9flexologie pour le CRPS | Best Hip &amp; Knee Surgeon | NY, USA","isPartOf":{"@id":"https:\/\/www.newyorkhipknee.com\/fr\/#website"},"datePublished":"2023-12-19T21:23:47+00:00","description":"Les lignes directrices \u00e9tablies par la commission des accidents du travail de l'\u00c9tat de New York sont con\u00e7ues pour aider les m\u00e9decins, les podologues et","breadcrumb":{"@id":"https:\/\/www.newyorkhipknee.com\/fr\/indemnisation-des-travailleurs\/lignes-directrices-pour-les-traitements-medicaux-mtg\/douleur-regionale-complexe\/la-reflexologie-pour-le-crps\/#breadcrumb"},"inLanguage":"fr-FR","potentialAction":[{"@type":"ReadAction","target":["https:\/\/www.newyorkhipknee.com\/fr\/indemnisation-des-travailleurs\/lignes-directrices-pour-les-traitements-medicaux-mtg\/douleur-regionale-complexe\/la-reflexologie-pour-le-crps\/"]}]},{"@type":"BreadcrumbList","@id":"https:\/\/www.newyorkhipknee.com\/fr\/indemnisation-des-travailleurs\/lignes-directrices-pour-les-traitements-medicaux-mtg\/douleur-regionale-complexe\/la-reflexologie-pour-le-crps\/#breadcrumb","itemListElement":[{"@type":"ListItem","position":1,"name":"Home","item":"https:\/\/www.newyorkhipknee.com\/fr\/"},{"@type":"ListItem","position":2,"name":"Indemnisation des travailleurs","item":"https:\/\/www.newyorkhipknee.com\/fr\/indemnisation-des-travailleurs\/"},{"@type":"ListItem","position":3,"name":"Lignes directrices pour les traitements m\u00e9dicaux (MTG)","item":"https:\/\/www.newyorkhipknee.com\/fr\/indemnisation-des-travailleurs\/lignes-directrices-pour-les-traitements-medicaux-mtg\/"},{"@type":"ListItem","position":4,"name":"Douleur r\u00e9gionale complexe","item":"https:\/\/www.newyorkhipknee.com\/fr\/indemnisation-des-travailleurs\/lignes-directrices-pour-les-traitements-medicaux-mtg\/douleur-regionale-complexe\/"},{"@type":"ListItem","position":5,"name":"La r\u00e9flexologie pour le CRPS"}]},{"@type":"WebSite","@id":"https:\/\/www.newyorkhipknee.com\/fr\/#website","url":"https:\/\/www.newyorkhipknee.com\/fr\/","name":"Best Hip & Knee Surgeon | NY, USA","description":"","potentialAction":[{"@type":"SearchAction","target":{"@type":"EntryPoint","urlTemplate":"https:\/\/www.newyorkhipknee.com\/fr\/?s={search_term_string}"},"query-input":{"@type":"PropertyValueSpecification","valueRequired":true,"valueName":"search_term_string"}}],"inLanguage":"fr-FR"}]}},"_links":{"self":[{"href":"https:\/\/www.newyorkhipknee.com\/fr\/wp-json\/wp\/v2\/pages\/21241","targetHints":{"allow":["GET"]}}],"collection":[{"href":"https:\/\/www.newyorkhipknee.com\/fr\/wp-json\/wp\/v2\/pages"}],"about":[{"href":"https:\/\/www.newyorkhipknee.com\/fr\/wp-json\/wp\/v2\/types\/page"}],"author":[{"embeddable":true,"href":"https:\/\/www.newyorkhipknee.com\/fr\/wp-json\/wp\/v2\/users\/33"}],"replies":[{"embeddable":true,"href":"https:\/\/www.newyorkhipknee.com\/fr\/wp-json\/wp\/v2\/comments?post=21241"}],"version-history":[{"count":0,"href":"https:\/\/www.newyorkhipknee.com\/fr\/wp-json\/wp\/v2\/pages\/21241\/revisions"}],"up":[{"embeddable":true,"href":"https:\/\/www.newyorkhipknee.com\/fr\/wp-json\/wp\/v2\/pages\/21156"}],"wp:attachment":[{"href":"https:\/\/www.newyorkhipknee.com\/fr\/wp-json\/wp\/v2\/media?parent=21241"}],"curies":[{"name":"wp","href":"https:\/\/api.w.org\/{rel}","templated":true}]}}