{"id":21246,"date":"2023-12-19T15:28:12","date_gmt":"2023-12-19T20:28:12","guid":{"rendered":"https:\/\/newyorkhipknee.com\/douleur-regionale-complexe\/interventions-therapeutiques-specifiques\/"},"modified":"2024-01-01T09:56:38","modified_gmt":"2024-01-01T14:56:38","slug":"interventions-therapeutiques-specifiques","status":"publish","type":"page","link":"https:\/\/www.newyorkhipknee.com\/fr\/indemnisation-des-travailleurs\/lignes-directrices-pour-les-traitements-medicaux-mtg\/douleur-regionale-complexe\/interventions-therapeutiques-specifiques\/","title":{"rendered":"Interventions th\u00e9rapeutiques sp\u00e9cifiques"},"content":{"rendered":"<h1>Principes g\u00e9n\u00e9raux d&rsquo;orientation pour un traitement sp\u00e9cifique<br \/>\nInterventions des principes g\u00e9n\u00e9raux de traitement<br \/>\npour les patients victimes d&rsquo;accidents du travail<\/h1>\n<p>Les lignes directrices \u00e9tablies par la commission des accidents du travail de l&rsquo;\u00c9tat de New York sont con\u00e7ues pour aider les m\u00e9decins, les podologues et les autres professionnels de la sant\u00e9 \u00e0 fournir des interventions th\u00e9rapeutiques sp\u00e9cifiques bas\u00e9es sur des principes g\u00e9n\u00e9raux de traitement.<\/p>\n<p>Ces lignes directrices de la Commission des accidents du travail sont con\u00e7ues pour aider les professionnels de la sant\u00e9 \u00e0 d\u00e9terminer le niveau de soins appropri\u00e9 pour les patients souffrant de troubles de la cheville et du pied.<\/p>\n<p>Il est essentiel de souligner que ces lignes directrices ne remplacent pas le jugement clinique ou l&rsquo;exp\u00e9rience professionnelle. La d\u00e9cision finale concernant les soins doit \u00eatre le fruit d&rsquo;une collaboration entre le patient et son prestataire de soins.<\/p>\n<p>&nbsp;<\/p>\n<h2>Interventions th\u00e9rapeutiques sp\u00e9cifiques des principes g\u00e9n\u00e9raux de traitement<\/h2>\n<p>Les \u00e9tudes portant sur l&rsquo;efficacit\u00e9 de diverses th\u00e9rapies pour le traitement de divers troubles de la douleur chronique explorent parfois les interventions, en particulier les m\u00e9dicaments, chez des patients souffrant de divers probl\u00e8mes de douleur chronique.<\/p>\n<p>Les preuves cliniques de ces th\u00e9rapies sont largement pass\u00e9es en revue et, si n\u00e9cessaire, des indications sp\u00e9cifiques pour leur utilisation dans la prise en charge d&rsquo;un \u00e9tat douloureux particulier sont fournies. Il est important de noter que d&rsquo;autres recommandations peuvent porter sur le traitement de maladies sp\u00e9cifiques, et que ces recommandations ont la priorit\u00e9 sur la recommandation actuelle.<\/p>\n<p>Ind\u00e9pendamment de la cause sous-jacente de l&rsquo;affection, les m\u00e9dicaments, la kin\u00e9sith\u00e9rapie, l&rsquo;ergoth\u00e9rapie, les programmes m\u00e9dicaux et psychiatriques multidisciplinaires int\u00e9gr\u00e9s et certains types d&rsquo;injections sont des traitements couramment utilis\u00e9s pour g\u00e9rer le syndrome douloureux r\u00e9gional complexe (SDRC).<\/p>\n<p>Une vue d&rsquo;ensemble de chaque approche et des d\u00e9tails sur la recherche scientifique \u00e0 l&rsquo;appui sont fournis ci-dessous.<\/p>\n<p>&nbsp;<\/p>\n<h2>Ce que notre cabinet peut faire si vous \u00eates victime d&rsquo;un accident du travail<\/h2>\n<p>Nous mettons notre expertise \u00e0 votre service pour vous aider \u00e0 r\u00e9soudre vos probl\u00e8mes d&rsquo;indemnisation des accidents du travail. Nous comprenons votre situation et veillons \u00e0 ce que vos besoins m\u00e9dicaux soient satisfaits tout en respectant les directives \u00e9tablies par la commission des accidents du travail de l&rsquo;\u00c9tat de New York.<\/p>\n<p>Conscients de l&rsquo;importance de vos dossiers d&rsquo;indemnisation des accidents du travail, nous vous guidons \u00e0 travers les complexit\u00e9s des relations avec la compagnie d&rsquo;assurance des accidents du travail et votre employeur.<\/p>\n<p>Nous comprenons qu&rsquo;il s&rsquo;agit d&rsquo;une p\u00e9riode stressante pour vous et votre famille. Si vous souhaitez prendre un rendez-vous, veuillez nous contacter et nous ferons tout notre possible pour vous faciliter la t\u00e2che.<\/p>\n","protected":false},"excerpt":{"rendered":"<p>Principes g\u00e9n\u00e9raux d&rsquo;orientation pour un traitement sp\u00e9cifique Interventions des principes g\u00e9n\u00e9raux de traitement pour les patients victimes d&rsquo;accidents du travail Les lignes directrices \u00e9tablies par la commission des accidents du travail de l&rsquo;\u00c9tat de New York sont con\u00e7ues pour aider les m\u00e9decins, les podologues et les autres professionnels de la sant\u00e9 \u00e0 fournir des interventions [&hellip;]<\/p>\n","protected":false},"author":33,"featured_media":0,"parent":21156,"menu_order":0,"comment_status":"closed","ping_status":"closed","template":"","meta":{"_et_pb_use_builder":"","_et_pb_old_content":"","_et_gb_content_width":"","footnotes":""},"class_list":["post-21246","page","type-page","status-publish","hentry"],"yoast_head":"<!-- This site is optimized with the Yoast SEO plugin v27.2 - https:\/\/yoast.com\/product\/yoast-seo-wordpress\/ -->\n<title>Interventions th\u00e9rapeutiques sp\u00e9cifiques | Best Hip &amp; Knee Surgeon | NY, USA<\/title>\n<meta name=\"description\" content=\"Principes g\u00e9n\u00e9raux d&#039;orientation pour un traitement sp\u00e9cifique Interventions des principes g\u00e9n\u00e9raux de traitement pour les patients victimes d&#039;accidents\" \/>\n<meta name=\"robots\" content=\"index, follow, max-snippet:-1, max-image-preview:large, max-video-preview:-1\" \/>\n<link rel=\"canonical\" href=\"https:\/\/www.newyorkhipknee.com\/fr\/indemnisation-des-travailleurs\/lignes-directrices-pour-les-traitements-medicaux-mtg\/douleur-regionale-complexe\/interventions-therapeutiques-specifiques\/\" \/>\n<meta property=\"og:locale\" content=\"fr_FR\" \/>\n<meta property=\"og:type\" content=\"article\" \/>\n<meta property=\"og:title\" content=\"Interventions th\u00e9rapeutiques sp\u00e9cifiques | Best Hip &amp; Knee Surgeon | NY, USA\" \/>\n<meta property=\"og:description\" content=\"Principes g\u00e9n\u00e9raux d&#039;orientation pour un traitement sp\u00e9cifique Interventions des principes g\u00e9n\u00e9raux de traitement pour les patients victimes d&#039;accidents\" \/>\n<meta property=\"og:url\" content=\"https:\/\/www.newyorkhipknee.com\/fr\/indemnisation-des-travailleurs\/lignes-directrices-pour-les-traitements-medicaux-mtg\/douleur-regionale-complexe\/interventions-therapeutiques-specifiques\/\" \/>\n<meta property=\"og:site_name\" content=\"Best Hip &amp; Knee Surgeon | NY, USA\" \/>\n<meta property=\"article:modified_time\" content=\"2024-01-01T14:56:38+00:00\" \/>\n<meta name=\"twitter:card\" content=\"summary_large_image\" \/>\n<meta name=\"twitter:label1\" content=\"Dur\u00e9e de lecture estim\u00e9e\" \/>\n\t<meta name=\"twitter:data1\" content=\"2 minutes\" \/>\n<script type=\"application\/ld+json\" class=\"yoast-schema-graph\">{\"@context\":\"https:\/\/schema.org\",\"@graph\":[{\"@type\":[\"WebPage\",\"MedicalWebPage\"],\"@id\":\"https:\/\/www.newyorkhipknee.com\/fr\/indemnisation-des-travailleurs\/lignes-directrices-pour-les-traitements-medicaux-mtg\/douleur-regionale-complexe\/interventions-therapeutiques-specifiques\/\",\"url\":\"https:\/\/www.newyorkhipknee.com\/fr\/indemnisation-des-travailleurs\/lignes-directrices-pour-les-traitements-medicaux-mtg\/douleur-regionale-complexe\/interventions-therapeutiques-specifiques\/\",\"name\":\"Interventions th\u00e9rapeutiques sp\u00e9cifiques | Best Hip &amp; Knee Surgeon | NY, USA\",\"isPartOf\":{\"@id\":\"https:\/\/www.newyorkhipknee.com\/fr\/#website\"},\"datePublished\":\"2023-12-19T20:28:12+00:00\",\"dateModified\":\"2024-01-01T14:56:38+00:00\",\"description\":\"Principes g\u00e9n\u00e9raux d'orientation pour un traitement sp\u00e9cifique Interventions des principes g\u00e9n\u00e9raux de traitement pour les patients victimes d'accidents\",\"breadcrumb\":{\"@id\":\"https:\/\/www.newyorkhipknee.com\/fr\/indemnisation-des-travailleurs\/lignes-directrices-pour-les-traitements-medicaux-mtg\/douleur-regionale-complexe\/interventions-therapeutiques-specifiques\/#breadcrumb\"},\"inLanguage\":\"fr-FR\",\"potentialAction\":[{\"@type\":\"ReadAction\",\"target\":[\"https:\/\/www.newyorkhipknee.com\/fr\/indemnisation-des-travailleurs\/lignes-directrices-pour-les-traitements-medicaux-mtg\/douleur-regionale-complexe\/interventions-therapeutiques-specifiques\/\"]}]},{\"@type\":\"BreadcrumbList\",\"@id\":\"https:\/\/www.newyorkhipknee.com\/fr\/indemnisation-des-travailleurs\/lignes-directrices-pour-les-traitements-medicaux-mtg\/douleur-regionale-complexe\/interventions-therapeutiques-specifiques\/#breadcrumb\",\"itemListElement\":[{\"@type\":\"ListItem\",\"position\":1,\"name\":\"Home\",\"item\":\"https:\/\/www.newyorkhipknee.com\/fr\/\"},{\"@type\":\"ListItem\",\"position\":2,\"name\":\"Indemnisation des travailleurs\",\"item\":\"https:\/\/www.newyorkhipknee.com\/fr\/indemnisation-des-travailleurs\/\"},{\"@type\":\"ListItem\",\"position\":3,\"name\":\"Lignes directrices pour les traitements m\u00e9dicaux (MTG)\",\"item\":\"https:\/\/www.newyorkhipknee.com\/fr\/indemnisation-des-travailleurs\/lignes-directrices-pour-les-traitements-medicaux-mtg\/\"},{\"@type\":\"ListItem\",\"position\":4,\"name\":\"Douleur r\u00e9gionale complexe\",\"item\":\"https:\/\/www.newyorkhipknee.com\/fr\/indemnisation-des-travailleurs\/lignes-directrices-pour-les-traitements-medicaux-mtg\/douleur-regionale-complexe\/\"},{\"@type\":\"ListItem\",\"position\":5,\"name\":\"Interventions th\u00e9rapeutiques sp\u00e9cifiques\"}]},{\"@type\":\"WebSite\",\"@id\":\"https:\/\/www.newyorkhipknee.com\/fr\/#website\",\"url\":\"https:\/\/www.newyorkhipknee.com\/fr\/\",\"name\":\"Best Hip & Knee Surgeon | NY, USA\",\"description\":\"\",\"potentialAction\":[{\"@type\":\"SearchAction\",\"target\":{\"@type\":\"EntryPoint\",\"urlTemplate\":\"https:\/\/www.newyorkhipknee.com\/fr\/?s={search_term_string}\"},\"query-input\":{\"@type\":\"PropertyValueSpecification\",\"valueRequired\":true,\"valueName\":\"search_term_string\"}}],\"inLanguage\":\"fr-FR\"}]}<\/script>\n<!-- \/ Yoast SEO plugin. -->","yoast_head_json":{"title":"Interventions th\u00e9rapeutiques sp\u00e9cifiques | Best Hip &amp; Knee Surgeon | NY, USA","description":"Principes g\u00e9n\u00e9raux d'orientation pour un traitement sp\u00e9cifique Interventions des principes g\u00e9n\u00e9raux de traitement pour les patients victimes d'accidents","robots":{"index":"index","follow":"follow","max-snippet":"max-snippet:-1","max-image-preview":"max-image-preview:large","max-video-preview":"max-video-preview:-1"},"canonical":"https:\/\/www.newyorkhipknee.com\/fr\/indemnisation-des-travailleurs\/lignes-directrices-pour-les-traitements-medicaux-mtg\/douleur-regionale-complexe\/interventions-therapeutiques-specifiques\/","og_locale":"fr_FR","og_type":"article","og_title":"Interventions th\u00e9rapeutiques sp\u00e9cifiques | Best Hip &amp; Knee Surgeon | NY, USA","og_description":"Principes g\u00e9n\u00e9raux d'orientation pour un traitement sp\u00e9cifique Interventions des principes g\u00e9n\u00e9raux de traitement pour les patients victimes d'accidents","og_url":"https:\/\/www.newyorkhipknee.com\/fr\/indemnisation-des-travailleurs\/lignes-directrices-pour-les-traitements-medicaux-mtg\/douleur-regionale-complexe\/interventions-therapeutiques-specifiques\/","og_site_name":"Best Hip &amp; Knee Surgeon | NY, USA","article_modified_time":"2024-01-01T14:56:38+00:00","twitter_card":"summary_large_image","twitter_misc":{"Dur\u00e9e de lecture estim\u00e9e":"2 minutes"},"schema":{"@context":"https:\/\/schema.org","@graph":[{"@type":["WebPage","MedicalWebPage"],"@id":"https:\/\/www.newyorkhipknee.com\/fr\/indemnisation-des-travailleurs\/lignes-directrices-pour-les-traitements-medicaux-mtg\/douleur-regionale-complexe\/interventions-therapeutiques-specifiques\/","url":"https:\/\/www.newyorkhipknee.com\/fr\/indemnisation-des-travailleurs\/lignes-directrices-pour-les-traitements-medicaux-mtg\/douleur-regionale-complexe\/interventions-therapeutiques-specifiques\/","name":"Interventions th\u00e9rapeutiques sp\u00e9cifiques | Best Hip &amp; Knee Surgeon | NY, USA","isPartOf":{"@id":"https:\/\/www.newyorkhipknee.com\/fr\/#website"},"datePublished":"2023-12-19T20:28:12+00:00","dateModified":"2024-01-01T14:56:38+00:00","description":"Principes g\u00e9n\u00e9raux d'orientation pour un traitement sp\u00e9cifique Interventions des principes g\u00e9n\u00e9raux de traitement pour les patients victimes d'accidents","breadcrumb":{"@id":"https:\/\/www.newyorkhipknee.com\/fr\/indemnisation-des-travailleurs\/lignes-directrices-pour-les-traitements-medicaux-mtg\/douleur-regionale-complexe\/interventions-therapeutiques-specifiques\/#breadcrumb"},"inLanguage":"fr-FR","potentialAction":[{"@type":"ReadAction","target":["https:\/\/www.newyorkhipknee.com\/fr\/indemnisation-des-travailleurs\/lignes-directrices-pour-les-traitements-medicaux-mtg\/douleur-regionale-complexe\/interventions-therapeutiques-specifiques\/"]}]},{"@type":"BreadcrumbList","@id":"https:\/\/www.newyorkhipknee.com\/fr\/indemnisation-des-travailleurs\/lignes-directrices-pour-les-traitements-medicaux-mtg\/douleur-regionale-complexe\/interventions-therapeutiques-specifiques\/#breadcrumb","itemListElement":[{"@type":"ListItem","position":1,"name":"Home","item":"https:\/\/www.newyorkhipknee.com\/fr\/"},{"@type":"ListItem","position":2,"name":"Indemnisation des travailleurs","item":"https:\/\/www.newyorkhipknee.com\/fr\/indemnisation-des-travailleurs\/"},{"@type":"ListItem","position":3,"name":"Lignes directrices pour les traitements m\u00e9dicaux (MTG)","item":"https:\/\/www.newyorkhipknee.com\/fr\/indemnisation-des-travailleurs\/lignes-directrices-pour-les-traitements-medicaux-mtg\/"},{"@type":"ListItem","position":4,"name":"Douleur r\u00e9gionale complexe","item":"https:\/\/www.newyorkhipknee.com\/fr\/indemnisation-des-travailleurs\/lignes-directrices-pour-les-traitements-medicaux-mtg\/douleur-regionale-complexe\/"},{"@type":"ListItem","position":5,"name":"Interventions th\u00e9rapeutiques sp\u00e9cifiques"}]},{"@type":"WebSite","@id":"https:\/\/www.newyorkhipknee.com\/fr\/#website","url":"https:\/\/www.newyorkhipknee.com\/fr\/","name":"Best Hip & Knee Surgeon | NY, USA","description":"","potentialAction":[{"@type":"SearchAction","target":{"@type":"EntryPoint","urlTemplate":"https:\/\/www.newyorkhipknee.com\/fr\/?s={search_term_string}"},"query-input":{"@type":"PropertyValueSpecification","valueRequired":true,"valueName":"search_term_string"}}],"inLanguage":"fr-FR"}]}},"_links":{"self":[{"href":"https:\/\/www.newyorkhipknee.com\/fr\/wp-json\/wp\/v2\/pages\/21246","targetHints":{"allow":["GET"]}}],"collection":[{"href":"https:\/\/www.newyorkhipknee.com\/fr\/wp-json\/wp\/v2\/pages"}],"about":[{"href":"https:\/\/www.newyorkhipknee.com\/fr\/wp-json\/wp\/v2\/types\/page"}],"author":[{"embeddable":true,"href":"https:\/\/www.newyorkhipknee.com\/fr\/wp-json\/wp\/v2\/users\/33"}],"replies":[{"embeddable":true,"href":"https:\/\/www.newyorkhipknee.com\/fr\/wp-json\/wp\/v2\/comments?post=21246"}],"version-history":[{"count":0,"href":"https:\/\/www.newyorkhipknee.com\/fr\/wp-json\/wp\/v2\/pages\/21246\/revisions"}],"up":[{"embeddable":true,"href":"https:\/\/www.newyorkhipknee.com\/fr\/wp-json\/wp\/v2\/pages\/21156"}],"wp:attachment":[{"href":"https:\/\/www.newyorkhipknee.com\/fr\/wp-json\/wp\/v2\/media?parent=21246"}],"curies":[{"name":"wp","href":"https:\/\/api.w.org\/{rel}","templated":true}]}}