{"id":21257,"date":"2023-12-19T13:36:23","date_gmt":"2023-12-19T18:36:23","guid":{"rendered":"https:\/\/newyorkhipknee.com\/douleur-regionale-complexe\/stimulateurs-de-la-moelle-epiniere-pour-un-soulagement-a-court-ou-moyen-terme\/"},"modified":"2023-12-19T13:36:23","modified_gmt":"2023-12-19T18:36:23","slug":"stimulateurs-de-la-moelle-epiniere-pour-un-soulagement-a-court-ou-moyen-terme","status":"publish","type":"page","link":"https:\/\/www.newyorkhipknee.com\/fr\/indemnisation-des-travailleurs\/lignes-directrices-pour-les-traitements-medicaux-mtg\/douleur-regionale-complexe\/stimulateurs-de-la-moelle-epiniere-pour-un-soulagement-a-court-ou-moyen-terme\/","title":{"rendered":"Stimulateurs de la moelle \u00e9pini\u00e8re pour un soulagement \u00e0 court ou moyen terme"},"content":{"rendered":"<h1>Principes directeurs g\u00e9n\u00e9raux pour les stimulateurs de la moelle \u00e9pini\u00e8re<br \/>\npour un soulagement \u00e0 court ou moyen terme du SDRC<br \/>\npour les patients victimes d&rsquo;accidents du travail<\/h1>\n<p>Les lignes directrices \u00e9labor\u00e9es par la commission des accidents du travail de l&rsquo;\u00c9tat de New York visent \u00e0 aider les m\u00e9decins, les podologues et les autres professionnels de la sant\u00e9 \u00e0 dispenser un traitement appropri\u00e9 \u00e0 l&rsquo;aide de stimulateurs de la moelle \u00e9pini\u00e8re pour soulager \u00e0 court et \u00e0 moyen terme le syndrome douloureux r\u00e9gional complexe (SDRC).<\/p>\n<p>Ces lignes directrices de la Commission des accidents du travail sont con\u00e7ues pour aider les professionnels de la sant\u00e9 \u00e0 d\u00e9terminer le niveau de soins appropri\u00e9 pour les patients souffrant de troubles de la cheville et du pied.<\/p>\n<p>Il est important de noter que ces lignes directrices ne remplacent pas le jugement clinique ou l&rsquo;exp\u00e9rience professionnelle. La d\u00e9cision finale concernant les soins doit \u00eatre le fruit d&rsquo;une collaboration entre le patient et son prestataire de soins.<\/p>\n<p>&nbsp;<\/p>\n<h2>Stimulateurs de la moelle \u00e9pini\u00e8re pour le soulagement \u00e0 court et moyen terme du SDRC<\/h2>\n<p>Les stimulateurs de la moelle \u00e9pini\u00e8re pour le soulagement \u00e0 court ou moyen terme du syndrome douloureux r\u00e9gional complexe (SDRC) sont propos\u00e9s comme une option pour les patients atteints de SDRC soigneusement choisis qui comprennent la n\u00e9cessit\u00e9 d&rsquo;un engagement ferme de la part du patient pendant la p\u00e9riode de trois ans au cours de laquelle cette intervention ne dispose pas de preuves de qualit\u00e9 de son b\u00e9n\u00e9fice.<\/p>\n<p>Indications : Voir le tableau 4.<\/p>\n<p>Fr\u00e9quence\/dose\/dur\u00e9e : Non applicable (N\/A)<\/p>\n<p>&nbsp;<\/p>\n<h3>Donn\u00e9es probantes sur l&rsquo;utilisation des stimulateurs de la moelle \u00e9pini\u00e8re<\/h3>\n<p><strong>Tableau 4 Crit\u00e8res de s\u00e9lection pour la stimulation m\u00e9dullaire implantable chez un patient atteint de CRPS<\/strong><\/p>\n<p><img loading=\"lazy\" decoding=\"async\" class=\"alignnone wp-image-20444\" title=\"Stimulateur de moelle \u00e9pini\u00e8re\" src=\"https:\/\/newyorkhipknee.com\/wp-content\/uploads\/2023\/12\/Spinal-Cord-Stimulator-300x205.png\" alt=\"\" width=\"533\" height=\"364\" srcset=\"https:\/\/newyorkhipknee.com\/wp-content\/uploads\/2023\/12\/Spinal-Cord-Stimulator-300x205.png 533w, https:\/\/newyorkhipknee.com\/wp-content\/uploads\/2023\/12\/Spinal-Cord-Stimulator-480x329.png 480w\" sizes=\"(min-width: 0px) and (max-width: 480px) 480px, (min-width: 481px) 533px, 100vw\" \/><\/p>\n<h2>Ce que notre cabinet peut faire si vous \u00eates victime d&rsquo;un accident du travail<\/h2>\n<p>Nous mettons notre expertise \u00e0 votre service pour vous aider \u00e0 r\u00e9soudre vos probl\u00e8mes d&rsquo;indemnisation des accidents du travail. Nous comprenons votre situation et veillons \u00e0 ce que vos besoins m\u00e9dicaux soient pris en compte, dans le respect des directives \u00e9tablies par la commission des accidents du travail de l&rsquo;\u00c9tat de New York.<\/p>\n<p>Conscients de l&rsquo;importance de vos dossiers d&rsquo;indemnisation des accidents du travail, nous vous guidons dans la complexit\u00e9 des relations avec la compagnie d&rsquo;assurance des accidents du travail et avec votre employeur.<\/p>\n<p>Nous comprenons qu&rsquo;il s&rsquo;agit d&rsquo;une p\u00e9riode stressante pour vous et votre famille. Si vous souhaitez prendre un rendez-vous, veuillez nous contacter et nous ferons tout notre possible pour vous simplifier la t\u00e2che.<\/p>\n<p>&nbsp;<\/p>\n","protected":false},"excerpt":{"rendered":"<p>Principes directeurs g\u00e9n\u00e9raux pour les stimulateurs de la moelle \u00e9pini\u00e8re pour un soulagement \u00e0 court ou moyen terme du SDRC pour les patients victimes d&rsquo;accidents du travail Les lignes directrices \u00e9labor\u00e9es par la commission des accidents du travail de l&rsquo;\u00c9tat de New York visent \u00e0 aider les m\u00e9decins, les podologues et les autres professionnels de [&hellip;]<\/p>\n","protected":false},"author":33,"featured_media":0,"parent":21156,"menu_order":0,"comment_status":"closed","ping_status":"closed","template":"","meta":{"_et_pb_use_builder":"","_et_pb_old_content":"","_et_gb_content_width":"","footnotes":""},"class_list":["post-21257","page","type-page","status-publish","hentry"],"yoast_head":"<!-- This site is optimized with the Yoast SEO plugin v27.2 - https:\/\/yoast.com\/product\/yoast-seo-wordpress\/ -->\n<title>Stimulateurs de la moelle \u00e9pini\u00e8re pour un soulagement \u00e0 court ou moyen terme | Best Hip &amp; Knee Surgeon | NY, USA<\/title>\n<meta name=\"description\" content=\"Principes directeurs g\u00e9n\u00e9raux pour les stimulateurs de la moelle \u00e9pini\u00e8re pour un soulagement \u00e0 court ou moyen terme du SDRC pour les patients victimes\" \/>\n<meta name=\"robots\" content=\"index, follow, max-snippet:-1, max-image-preview:large, max-video-preview:-1\" \/>\n<link rel=\"canonical\" href=\"https:\/\/www.newyorkhipknee.com\/fr\/indemnisation-des-travailleurs\/lignes-directrices-pour-les-traitements-medicaux-mtg\/douleur-regionale-complexe\/stimulateurs-de-la-moelle-epiniere-pour-un-soulagement-a-court-ou-moyen-terme\/\" \/>\n<meta property=\"og:locale\" content=\"fr_FR\" \/>\n<meta property=\"og:type\" content=\"article\" \/>\n<meta property=\"og:title\" content=\"Stimulateurs de la moelle \u00e9pini\u00e8re pour un soulagement \u00e0 court ou moyen terme | Best Hip &amp; Knee Surgeon | NY, USA\" \/>\n<meta property=\"og:description\" content=\"Principes directeurs g\u00e9n\u00e9raux pour les stimulateurs de la moelle \u00e9pini\u00e8re pour un soulagement \u00e0 court ou moyen terme du SDRC pour les patients victimes\" \/>\n<meta property=\"og:url\" content=\"https:\/\/www.newyorkhipknee.com\/fr\/indemnisation-des-travailleurs\/lignes-directrices-pour-les-traitements-medicaux-mtg\/douleur-regionale-complexe\/stimulateurs-de-la-moelle-epiniere-pour-un-soulagement-a-court-ou-moyen-terme\/\" \/>\n<meta property=\"og:site_name\" content=\"Best Hip &amp; Knee Surgeon | NY, USA\" \/>\n<meta property=\"og:image\" content=\"https:\/\/newyorkhipknee.com\/wp-content\/uploads\/2023\/12\/Spinal-Cord-Stimulator-300x205.png\" \/>\n<meta name=\"twitter:card\" content=\"summary_large_image\" \/>\n<meta name=\"twitter:label1\" content=\"Dur\u00e9e de lecture estim\u00e9e\" \/>\n\t<meta name=\"twitter:data1\" content=\"2 minutes\" \/>\n<script type=\"application\/ld+json\" class=\"yoast-schema-graph\">{\"@context\":\"https:\/\/schema.org\",\"@graph\":[{\"@type\":[\"WebPage\",\"MedicalWebPage\"],\"@id\":\"https:\/\/www.newyorkhipknee.com\/fr\/indemnisation-des-travailleurs\/lignes-directrices-pour-les-traitements-medicaux-mtg\/douleur-regionale-complexe\/stimulateurs-de-la-moelle-epiniere-pour-un-soulagement-a-court-ou-moyen-terme\/\",\"url\":\"https:\/\/www.newyorkhipknee.com\/fr\/indemnisation-des-travailleurs\/lignes-directrices-pour-les-traitements-medicaux-mtg\/douleur-regionale-complexe\/stimulateurs-de-la-moelle-epiniere-pour-un-soulagement-a-court-ou-moyen-terme\/\",\"name\":\"Stimulateurs de la moelle \u00e9pini\u00e8re pour un soulagement \u00e0 court ou moyen terme | Best Hip &amp; Knee Surgeon | NY, USA\",\"isPartOf\":{\"@id\":\"https:\/\/www.newyorkhipknee.com\/fr\/#website\"},\"primaryImageOfPage\":{\"@id\":\"https:\/\/www.newyorkhipknee.com\/fr\/indemnisation-des-travailleurs\/lignes-directrices-pour-les-traitements-medicaux-mtg\/douleur-regionale-complexe\/stimulateurs-de-la-moelle-epiniere-pour-un-soulagement-a-court-ou-moyen-terme\/#primaryimage\"},\"image\":{\"@id\":\"https:\/\/www.newyorkhipknee.com\/fr\/indemnisation-des-travailleurs\/lignes-directrices-pour-les-traitements-medicaux-mtg\/douleur-regionale-complexe\/stimulateurs-de-la-moelle-epiniere-pour-un-soulagement-a-court-ou-moyen-terme\/#primaryimage\"},\"thumbnailUrl\":\"https:\/\/newyorkhipknee.com\/wp-content\/uploads\/2023\/12\/Spinal-Cord-Stimulator-300x205.png\",\"datePublished\":\"2023-12-19T18:36:23+00:00\",\"description\":\"Principes directeurs g\u00e9n\u00e9raux pour les stimulateurs de la moelle \u00e9pini\u00e8re pour un soulagement \u00e0 court ou moyen terme du SDRC pour les patients victimes\",\"breadcrumb\":{\"@id\":\"https:\/\/www.newyorkhipknee.com\/fr\/indemnisation-des-travailleurs\/lignes-directrices-pour-les-traitements-medicaux-mtg\/douleur-regionale-complexe\/stimulateurs-de-la-moelle-epiniere-pour-un-soulagement-a-court-ou-moyen-terme\/#breadcrumb\"},\"inLanguage\":\"fr-FR\",\"potentialAction\":[{\"@type\":\"ReadAction\",\"target\":[\"https:\/\/www.newyorkhipknee.com\/fr\/indemnisation-des-travailleurs\/lignes-directrices-pour-les-traitements-medicaux-mtg\/douleur-regionale-complexe\/stimulateurs-de-la-moelle-epiniere-pour-un-soulagement-a-court-ou-moyen-terme\/\"]}]},{\"@type\":\"ImageObject\",\"inLanguage\":\"fr-FR\",\"@id\":\"https:\/\/www.newyorkhipknee.com\/fr\/indemnisation-des-travailleurs\/lignes-directrices-pour-les-traitements-medicaux-mtg\/douleur-regionale-complexe\/stimulateurs-de-la-moelle-epiniere-pour-un-soulagement-a-court-ou-moyen-terme\/#primaryimage\",\"url\":\"https:\/\/newyorkhipknee.com\/wp-content\/uploads\/2023\/12\/Spinal-Cord-Stimulator-300x205.png\",\"contentUrl\":\"https:\/\/newyorkhipknee.com\/wp-content\/uploads\/2023\/12\/Spinal-Cord-Stimulator-300x205.png\"},{\"@type\":\"BreadcrumbList\",\"@id\":\"https:\/\/www.newyorkhipknee.com\/fr\/indemnisation-des-travailleurs\/lignes-directrices-pour-les-traitements-medicaux-mtg\/douleur-regionale-complexe\/stimulateurs-de-la-moelle-epiniere-pour-un-soulagement-a-court-ou-moyen-terme\/#breadcrumb\",\"itemListElement\":[{\"@type\":\"ListItem\",\"position\":1,\"name\":\"Home\",\"item\":\"https:\/\/www.newyorkhipknee.com\/fr\/\"},{\"@type\":\"ListItem\",\"position\":2,\"name\":\"Indemnisation des travailleurs\",\"item\":\"https:\/\/www.newyorkhipknee.com\/fr\/indemnisation-des-travailleurs\/\"},{\"@type\":\"ListItem\",\"position\":3,\"name\":\"Lignes directrices pour les traitements m\u00e9dicaux (MTG)\",\"item\":\"https:\/\/www.newyorkhipknee.com\/fr\/indemnisation-des-travailleurs\/lignes-directrices-pour-les-traitements-medicaux-mtg\/\"},{\"@type\":\"ListItem\",\"position\":4,\"name\":\"Douleur r\u00e9gionale complexe\",\"item\":\"https:\/\/www.newyorkhipknee.com\/fr\/indemnisation-des-travailleurs\/lignes-directrices-pour-les-traitements-medicaux-mtg\/douleur-regionale-complexe\/\"},{\"@type\":\"ListItem\",\"position\":5,\"name\":\"Stimulateurs de la moelle \u00e9pini\u00e8re pour un soulagement \u00e0 court ou moyen terme\"}]},{\"@type\":\"WebSite\",\"@id\":\"https:\/\/www.newyorkhipknee.com\/fr\/#website\",\"url\":\"https:\/\/www.newyorkhipknee.com\/fr\/\",\"name\":\"Best Hip & Knee Surgeon | NY, USA\",\"description\":\"\",\"potentialAction\":[{\"@type\":\"SearchAction\",\"target\":{\"@type\":\"EntryPoint\",\"urlTemplate\":\"https:\/\/www.newyorkhipknee.com\/fr\/?s={search_term_string}\"},\"query-input\":{\"@type\":\"PropertyValueSpecification\",\"valueRequired\":true,\"valueName\":\"search_term_string\"}}],\"inLanguage\":\"fr-FR\"}]}<\/script>\n<!-- \/ Yoast SEO plugin. -->","yoast_head_json":{"title":"Stimulateurs de la moelle \u00e9pini\u00e8re pour un soulagement \u00e0 court ou moyen terme | Best Hip &amp; Knee Surgeon | NY, USA","description":"Principes directeurs g\u00e9n\u00e9raux pour les stimulateurs de la moelle \u00e9pini\u00e8re pour un soulagement \u00e0 court ou moyen terme du SDRC pour les patients victimes","robots":{"index":"index","follow":"follow","max-snippet":"max-snippet:-1","max-image-preview":"max-image-preview:large","max-video-preview":"max-video-preview:-1"},"canonical":"https:\/\/www.newyorkhipknee.com\/fr\/indemnisation-des-travailleurs\/lignes-directrices-pour-les-traitements-medicaux-mtg\/douleur-regionale-complexe\/stimulateurs-de-la-moelle-epiniere-pour-un-soulagement-a-court-ou-moyen-terme\/","og_locale":"fr_FR","og_type":"article","og_title":"Stimulateurs de la moelle \u00e9pini\u00e8re pour un soulagement \u00e0 court ou moyen terme | Best Hip &amp; Knee Surgeon | NY, USA","og_description":"Principes directeurs g\u00e9n\u00e9raux pour les stimulateurs de la moelle \u00e9pini\u00e8re pour un soulagement \u00e0 court ou moyen terme du SDRC pour les patients victimes","og_url":"https:\/\/www.newyorkhipknee.com\/fr\/indemnisation-des-travailleurs\/lignes-directrices-pour-les-traitements-medicaux-mtg\/douleur-regionale-complexe\/stimulateurs-de-la-moelle-epiniere-pour-un-soulagement-a-court-ou-moyen-terme\/","og_site_name":"Best Hip &amp; Knee Surgeon | NY, USA","og_image":[{"url":"https:\/\/newyorkhipknee.com\/wp-content\/uploads\/2023\/12\/Spinal-Cord-Stimulator-300x205.png","type":"","width":"","height":""}],"twitter_card":"summary_large_image","twitter_misc":{"Dur\u00e9e de lecture estim\u00e9e":"2 minutes"},"schema":{"@context":"https:\/\/schema.org","@graph":[{"@type":["WebPage","MedicalWebPage"],"@id":"https:\/\/www.newyorkhipknee.com\/fr\/indemnisation-des-travailleurs\/lignes-directrices-pour-les-traitements-medicaux-mtg\/douleur-regionale-complexe\/stimulateurs-de-la-moelle-epiniere-pour-un-soulagement-a-court-ou-moyen-terme\/","url":"https:\/\/www.newyorkhipknee.com\/fr\/indemnisation-des-travailleurs\/lignes-directrices-pour-les-traitements-medicaux-mtg\/douleur-regionale-complexe\/stimulateurs-de-la-moelle-epiniere-pour-un-soulagement-a-court-ou-moyen-terme\/","name":"Stimulateurs de la moelle \u00e9pini\u00e8re pour un soulagement \u00e0 court ou moyen terme | Best Hip &amp; Knee Surgeon | NY, USA","isPartOf":{"@id":"https:\/\/www.newyorkhipknee.com\/fr\/#website"},"primaryImageOfPage":{"@id":"https:\/\/www.newyorkhipknee.com\/fr\/indemnisation-des-travailleurs\/lignes-directrices-pour-les-traitements-medicaux-mtg\/douleur-regionale-complexe\/stimulateurs-de-la-moelle-epiniere-pour-un-soulagement-a-court-ou-moyen-terme\/#primaryimage"},"image":{"@id":"https:\/\/www.newyorkhipknee.com\/fr\/indemnisation-des-travailleurs\/lignes-directrices-pour-les-traitements-medicaux-mtg\/douleur-regionale-complexe\/stimulateurs-de-la-moelle-epiniere-pour-un-soulagement-a-court-ou-moyen-terme\/#primaryimage"},"thumbnailUrl":"https:\/\/newyorkhipknee.com\/wp-content\/uploads\/2023\/12\/Spinal-Cord-Stimulator-300x205.png","datePublished":"2023-12-19T18:36:23+00:00","description":"Principes directeurs g\u00e9n\u00e9raux pour les stimulateurs de la moelle \u00e9pini\u00e8re pour un soulagement \u00e0 court ou moyen terme du SDRC pour les patients victimes","breadcrumb":{"@id":"https:\/\/www.newyorkhipknee.com\/fr\/indemnisation-des-travailleurs\/lignes-directrices-pour-les-traitements-medicaux-mtg\/douleur-regionale-complexe\/stimulateurs-de-la-moelle-epiniere-pour-un-soulagement-a-court-ou-moyen-terme\/#breadcrumb"},"inLanguage":"fr-FR","potentialAction":[{"@type":"ReadAction","target":["https:\/\/www.newyorkhipknee.com\/fr\/indemnisation-des-travailleurs\/lignes-directrices-pour-les-traitements-medicaux-mtg\/douleur-regionale-complexe\/stimulateurs-de-la-moelle-epiniere-pour-un-soulagement-a-court-ou-moyen-terme\/"]}]},{"@type":"ImageObject","inLanguage":"fr-FR","@id":"https:\/\/www.newyorkhipknee.com\/fr\/indemnisation-des-travailleurs\/lignes-directrices-pour-les-traitements-medicaux-mtg\/douleur-regionale-complexe\/stimulateurs-de-la-moelle-epiniere-pour-un-soulagement-a-court-ou-moyen-terme\/#primaryimage","url":"https:\/\/newyorkhipknee.com\/wp-content\/uploads\/2023\/12\/Spinal-Cord-Stimulator-300x205.png","contentUrl":"https:\/\/newyorkhipknee.com\/wp-content\/uploads\/2023\/12\/Spinal-Cord-Stimulator-300x205.png"},{"@type":"BreadcrumbList","@id":"https:\/\/www.newyorkhipknee.com\/fr\/indemnisation-des-travailleurs\/lignes-directrices-pour-les-traitements-medicaux-mtg\/douleur-regionale-complexe\/stimulateurs-de-la-moelle-epiniere-pour-un-soulagement-a-court-ou-moyen-terme\/#breadcrumb","itemListElement":[{"@type":"ListItem","position":1,"name":"Home","item":"https:\/\/www.newyorkhipknee.com\/fr\/"},{"@type":"ListItem","position":2,"name":"Indemnisation des travailleurs","item":"https:\/\/www.newyorkhipknee.com\/fr\/indemnisation-des-travailleurs\/"},{"@type":"ListItem","position":3,"name":"Lignes directrices pour les traitements m\u00e9dicaux (MTG)","item":"https:\/\/www.newyorkhipknee.com\/fr\/indemnisation-des-travailleurs\/lignes-directrices-pour-les-traitements-medicaux-mtg\/"},{"@type":"ListItem","position":4,"name":"Douleur r\u00e9gionale complexe","item":"https:\/\/www.newyorkhipknee.com\/fr\/indemnisation-des-travailleurs\/lignes-directrices-pour-les-traitements-medicaux-mtg\/douleur-regionale-complexe\/"},{"@type":"ListItem","position":5,"name":"Stimulateurs de la moelle \u00e9pini\u00e8re pour un soulagement \u00e0 court ou moyen terme"}]},{"@type":"WebSite","@id":"https:\/\/www.newyorkhipknee.com\/fr\/#website","url":"https:\/\/www.newyorkhipknee.com\/fr\/","name":"Best Hip & Knee Surgeon | NY, USA","description":"","potentialAction":[{"@type":"SearchAction","target":{"@type":"EntryPoint","urlTemplate":"https:\/\/www.newyorkhipknee.com\/fr\/?s={search_term_string}"},"query-input":{"@type":"PropertyValueSpecification","valueRequired":true,"valueName":"search_term_string"}}],"inLanguage":"fr-FR"}]}},"_links":{"self":[{"href":"https:\/\/www.newyorkhipknee.com\/fr\/wp-json\/wp\/v2\/pages\/21257","targetHints":{"allow":["GET"]}}],"collection":[{"href":"https:\/\/www.newyorkhipknee.com\/fr\/wp-json\/wp\/v2\/pages"}],"about":[{"href":"https:\/\/www.newyorkhipknee.com\/fr\/wp-json\/wp\/v2\/types\/page"}],"author":[{"embeddable":true,"href":"https:\/\/www.newyorkhipknee.com\/fr\/wp-json\/wp\/v2\/users\/33"}],"replies":[{"embeddable":true,"href":"https:\/\/www.newyorkhipknee.com\/fr\/wp-json\/wp\/v2\/comments?post=21257"}],"version-history":[{"count":0,"href":"https:\/\/www.newyorkhipknee.com\/fr\/wp-json\/wp\/v2\/pages\/21257\/revisions"}],"up":[{"embeddable":true,"href":"https:\/\/www.newyorkhipknee.com\/fr\/wp-json\/wp\/v2\/pages\/21156"}],"wp:attachment":[{"href":"https:\/\/www.newyorkhipknee.com\/fr\/wp-json\/wp\/v2\/media?parent=21257"}],"curies":[{"name":"wp","href":"https:\/\/api.w.org\/{rel}","templated":true}]}}