{"id":21263,"date":"2023-12-18T17:28:23","date_gmt":"2023-12-18T22:28:23","guid":{"rendered":"https:\/\/newyorkhipknee.com\/douleur-regionale-complexe\/les-inhibiteurs-du-facteur-de-necrose-tumorale-alpha-dans-le-traitement-du-sdrc\/"},"modified":"2023-12-18T17:28:23","modified_gmt":"2023-12-18T22:28:23","slug":"les-inhibiteurs-du-facteur-de-necrose-tumorale-alpha-dans-le-traitement-du-sdrc","status":"publish","type":"page","link":"https:\/\/www.newyorkhipknee.com\/fr\/indemnisation-des-travailleurs\/lignes-directrices-pour-les-traitements-medicaux-mtg\/douleur-regionale-complexe\/les-inhibiteurs-du-facteur-de-necrose-tumorale-alpha-dans-le-traitement-du-sdrc\/","title":{"rendered":"Les inhibiteurs du facteur de n\u00e9crose tumorale alpha dans le traitement du SDRC"},"content":{"rendered":"<h1>Principes g\u00e9n\u00e9raux d&rsquo;orientation pour les bloqueurs du facteur de n\u00e9crose tumorale alpha dans le traitement du SDRC pour les patients b\u00e9n\u00e9ficiant d&rsquo;une indemnisation pour accident du travail<\/h1>\n<p>Les lignes directrices \u00e9labor\u00e9es par la commission des accidents du travail de l&rsquo;\u00c9tat de New York visent \u00e0 aider les m\u00e9decins, les podologues et les experts en soins de sant\u00e9 \u00e0 fournir un traitement appropri\u00e9 du syndrome douloureux r\u00e9gional complexe (SDRC) \u00e0 l&rsquo;aide d&rsquo;inhibiteurs du facteur de n\u00e9crose tumorale alpha.<\/p>\n<p>Les professionnels de la sant\u00e9, en particulier ceux qui s&rsquo;occupent des troubles de la cheville et du pied, peuvent s&rsquo;appuyer sur ces lignes directrices de la Commission des accidents du travail pour prendre des d\u00e9cisions \u00e9clair\u00e9es quant au niveau de soins appropri\u00e9 pour leurs patients.<\/p>\n<p>Il est essentiel de noter que ces lignes directrices ne sont pas destin\u00e9es \u00e0 remplacer le jugement clinique ou l&rsquo;expertise des professionnels. La d\u00e9cision finale concernant les soins doit \u00eatre le fruit d&rsquo;une collaboration entre le patient et son prestataire de soins.<\/p>\n<p>&nbsp;<\/p>\n<h2>Les inhibiteurs du facteur de n\u00e9crose tumorale alpha dans le traitement du SDRC<\/h2>\n<p>L&rsquo;utilisation des inhibiteurs du facteur de n\u00e9crose tumorale alpha pour traiter le syndrome douloureux r\u00e9gional complexe (SDRC) n&rsquo;est pas conseill\u00e9e en tant qu&rsquo;approche th\u00e9rapeutique.<\/p>\n<p>&nbsp;<\/p>\n<h2>Ce que notre cabinet peut faire si vous \u00eates victime d&rsquo;un accident du travail<\/h2>\n<p>Nous disposons du savoir-faire n\u00e9cessaire pour vous aider \u00e0 r\u00e9soudre vos probl\u00e8mes d&rsquo;indemnisation des accidents du travail. Nous comprenons ce que vous traversez et nous r\u00e9pondrons \u00e0 vos besoins m\u00e9dicaux tout en respectant les directives \u00e9tablies par la commission des accidents du travail de l&rsquo;\u00c9tat de New York.<\/p>\n<p>Nous sommes conscients de l&rsquo;importance de vos dossiers d&rsquo;indemnisation des travailleurs. Laissez-nous vous guider dans les m\u00e9andres des relations avec la compagnie d&rsquo;assurance contre les accidents du travail et avec votre employeur.<\/p>\n<p>Nous comprenons qu&rsquo;il s&rsquo;agit d&rsquo;une p\u00e9riode difficile pour vous et votre famille. Si vous souhaitez prendre rendez-vous, n&rsquo;h\u00e9sitez pas \u00e0 nous contacter. Nous ferons tout notre possible pour que la proc\u00e9dure soit la plus simple possible.<\/p>\n","protected":false},"excerpt":{"rendered":"<p>Principes g\u00e9n\u00e9raux d&rsquo;orientation pour les bloqueurs du facteur de n\u00e9crose tumorale alpha dans le traitement du SDRC pour les patients b\u00e9n\u00e9ficiant d&rsquo;une indemnisation pour accident du travail Les lignes directrices \u00e9labor\u00e9es par la commission des accidents du travail de l&rsquo;\u00c9tat de New York visent \u00e0 aider les m\u00e9decins, les podologues et les experts en soins [&hellip;]<\/p>\n","protected":false},"author":33,"featured_media":0,"parent":21156,"menu_order":0,"comment_status":"closed","ping_status":"closed","template":"","meta":{"_et_pb_use_builder":"","_et_pb_old_content":"","_et_gb_content_width":"","footnotes":""},"class_list":["post-21263","page","type-page","status-publish","hentry"],"yoast_head":"<!-- This site is optimized with the Yoast SEO plugin v27.2 - https:\/\/yoast.com\/product\/yoast-seo-wordpress\/ -->\n<title>Les inhibiteurs du facteur de n\u00e9crose tumorale alpha dans le traitement du SDRC | Best Hip &amp; Knee Surgeon | NY, USA<\/title>\n<meta name=\"description\" content=\"Principes g\u00e9n\u00e9raux d&#039;orientation pour les bloqueurs du facteur de n\u00e9crose tumorale alpha dans le traitement du SDRC pour les patients b\u00e9n\u00e9ficiant d&#039;une\" \/>\n<meta name=\"robots\" content=\"index, follow, max-snippet:-1, max-image-preview:large, max-video-preview:-1\" \/>\n<link rel=\"canonical\" href=\"https:\/\/www.newyorkhipknee.com\/fr\/indemnisation-des-travailleurs\/lignes-directrices-pour-les-traitements-medicaux-mtg\/douleur-regionale-complexe\/les-inhibiteurs-du-facteur-de-necrose-tumorale-alpha-dans-le-traitement-du-sdrc\/\" \/>\n<meta property=\"og:locale\" content=\"fr_FR\" \/>\n<meta property=\"og:type\" content=\"article\" \/>\n<meta property=\"og:title\" content=\"Les inhibiteurs du facteur de n\u00e9crose tumorale alpha dans le traitement du SDRC | Best Hip &amp; Knee Surgeon | NY, USA\" \/>\n<meta property=\"og:description\" content=\"Principes g\u00e9n\u00e9raux d&#039;orientation pour les bloqueurs du facteur de n\u00e9crose tumorale alpha dans le traitement du SDRC pour les patients b\u00e9n\u00e9ficiant d&#039;une\" \/>\n<meta property=\"og:url\" content=\"https:\/\/www.newyorkhipknee.com\/fr\/indemnisation-des-travailleurs\/lignes-directrices-pour-les-traitements-medicaux-mtg\/douleur-regionale-complexe\/les-inhibiteurs-du-facteur-de-necrose-tumorale-alpha-dans-le-traitement-du-sdrc\/\" \/>\n<meta property=\"og:site_name\" content=\"Best Hip &amp; Knee Surgeon | NY, USA\" \/>\n<meta name=\"twitter:card\" content=\"summary_large_image\" \/>\n<meta name=\"twitter:label1\" content=\"Dur\u00e9e de lecture estim\u00e9e\" \/>\n\t<meta name=\"twitter:data1\" content=\"2 minutes\" \/>\n<script type=\"application\/ld+json\" class=\"yoast-schema-graph\">{\"@context\":\"https:\/\/schema.org\",\"@graph\":[{\"@type\":[\"WebPage\",\"MedicalWebPage\"],\"@id\":\"https:\/\/www.newyorkhipknee.com\/fr\/indemnisation-des-travailleurs\/lignes-directrices-pour-les-traitements-medicaux-mtg\/douleur-regionale-complexe\/les-inhibiteurs-du-facteur-de-necrose-tumorale-alpha-dans-le-traitement-du-sdrc\/\",\"url\":\"https:\/\/www.newyorkhipknee.com\/fr\/indemnisation-des-travailleurs\/lignes-directrices-pour-les-traitements-medicaux-mtg\/douleur-regionale-complexe\/les-inhibiteurs-du-facteur-de-necrose-tumorale-alpha-dans-le-traitement-du-sdrc\/\",\"name\":\"Les inhibiteurs du facteur de n\u00e9crose tumorale alpha dans le traitement du SDRC | Best Hip &amp; Knee Surgeon | NY, USA\",\"isPartOf\":{\"@id\":\"https:\/\/www.newyorkhipknee.com\/fr\/#website\"},\"datePublished\":\"2023-12-18T22:28:23+00:00\",\"description\":\"Principes g\u00e9n\u00e9raux d'orientation pour les bloqueurs du facteur de n\u00e9crose tumorale alpha dans le traitement du SDRC pour les patients b\u00e9n\u00e9ficiant d'une\",\"breadcrumb\":{\"@id\":\"https:\/\/www.newyorkhipknee.com\/fr\/indemnisation-des-travailleurs\/lignes-directrices-pour-les-traitements-medicaux-mtg\/douleur-regionale-complexe\/les-inhibiteurs-du-facteur-de-necrose-tumorale-alpha-dans-le-traitement-du-sdrc\/#breadcrumb\"},\"inLanguage\":\"fr-FR\",\"potentialAction\":[{\"@type\":\"ReadAction\",\"target\":[\"https:\/\/www.newyorkhipknee.com\/fr\/indemnisation-des-travailleurs\/lignes-directrices-pour-les-traitements-medicaux-mtg\/douleur-regionale-complexe\/les-inhibiteurs-du-facteur-de-necrose-tumorale-alpha-dans-le-traitement-du-sdrc\/\"]}]},{\"@type\":\"BreadcrumbList\",\"@id\":\"https:\/\/www.newyorkhipknee.com\/fr\/indemnisation-des-travailleurs\/lignes-directrices-pour-les-traitements-medicaux-mtg\/douleur-regionale-complexe\/les-inhibiteurs-du-facteur-de-necrose-tumorale-alpha-dans-le-traitement-du-sdrc\/#breadcrumb\",\"itemListElement\":[{\"@type\":\"ListItem\",\"position\":1,\"name\":\"Home\",\"item\":\"https:\/\/www.newyorkhipknee.com\/fr\/\"},{\"@type\":\"ListItem\",\"position\":2,\"name\":\"Indemnisation des travailleurs\",\"item\":\"https:\/\/www.newyorkhipknee.com\/fr\/indemnisation-des-travailleurs\/\"},{\"@type\":\"ListItem\",\"position\":3,\"name\":\"Lignes directrices pour les traitements m\u00e9dicaux (MTG)\",\"item\":\"https:\/\/www.newyorkhipknee.com\/fr\/indemnisation-des-travailleurs\/lignes-directrices-pour-les-traitements-medicaux-mtg\/\"},{\"@type\":\"ListItem\",\"position\":4,\"name\":\"Douleur r\u00e9gionale complexe\",\"item\":\"https:\/\/www.newyorkhipknee.com\/fr\/indemnisation-des-travailleurs\/lignes-directrices-pour-les-traitements-medicaux-mtg\/douleur-regionale-complexe\/\"},{\"@type\":\"ListItem\",\"position\":5,\"name\":\"Les inhibiteurs du facteur de n\u00e9crose tumorale alpha dans le traitement du SDRC\"}]},{\"@type\":\"WebSite\",\"@id\":\"https:\/\/www.newyorkhipknee.com\/fr\/#website\",\"url\":\"https:\/\/www.newyorkhipknee.com\/fr\/\",\"name\":\"Best Hip & Knee Surgeon | NY, USA\",\"description\":\"\",\"potentialAction\":[{\"@type\":\"SearchAction\",\"target\":{\"@type\":\"EntryPoint\",\"urlTemplate\":\"https:\/\/www.newyorkhipknee.com\/fr\/?s={search_term_string}\"},\"query-input\":{\"@type\":\"PropertyValueSpecification\",\"valueRequired\":true,\"valueName\":\"search_term_string\"}}],\"inLanguage\":\"fr-FR\"}]}<\/script>\n<!-- \/ Yoast SEO plugin. -->","yoast_head_json":{"title":"Les inhibiteurs du facteur de n\u00e9crose tumorale alpha dans le traitement du SDRC | Best Hip &amp; Knee Surgeon | NY, USA","description":"Principes g\u00e9n\u00e9raux d'orientation pour les bloqueurs du facteur de n\u00e9crose tumorale alpha dans le traitement du SDRC pour les patients b\u00e9n\u00e9ficiant d'une","robots":{"index":"index","follow":"follow","max-snippet":"max-snippet:-1","max-image-preview":"max-image-preview:large","max-video-preview":"max-video-preview:-1"},"canonical":"https:\/\/www.newyorkhipknee.com\/fr\/indemnisation-des-travailleurs\/lignes-directrices-pour-les-traitements-medicaux-mtg\/douleur-regionale-complexe\/les-inhibiteurs-du-facteur-de-necrose-tumorale-alpha-dans-le-traitement-du-sdrc\/","og_locale":"fr_FR","og_type":"article","og_title":"Les inhibiteurs du facteur de n\u00e9crose tumorale alpha dans le traitement du SDRC | Best Hip &amp; Knee Surgeon | NY, USA","og_description":"Principes g\u00e9n\u00e9raux d'orientation pour les bloqueurs du facteur de n\u00e9crose tumorale alpha dans le traitement du SDRC pour les patients b\u00e9n\u00e9ficiant d'une","og_url":"https:\/\/www.newyorkhipknee.com\/fr\/indemnisation-des-travailleurs\/lignes-directrices-pour-les-traitements-medicaux-mtg\/douleur-regionale-complexe\/les-inhibiteurs-du-facteur-de-necrose-tumorale-alpha-dans-le-traitement-du-sdrc\/","og_site_name":"Best Hip &amp; Knee Surgeon | NY, USA","twitter_card":"summary_large_image","twitter_misc":{"Dur\u00e9e de lecture estim\u00e9e":"2 minutes"},"schema":{"@context":"https:\/\/schema.org","@graph":[{"@type":["WebPage","MedicalWebPage"],"@id":"https:\/\/www.newyorkhipknee.com\/fr\/indemnisation-des-travailleurs\/lignes-directrices-pour-les-traitements-medicaux-mtg\/douleur-regionale-complexe\/les-inhibiteurs-du-facteur-de-necrose-tumorale-alpha-dans-le-traitement-du-sdrc\/","url":"https:\/\/www.newyorkhipknee.com\/fr\/indemnisation-des-travailleurs\/lignes-directrices-pour-les-traitements-medicaux-mtg\/douleur-regionale-complexe\/les-inhibiteurs-du-facteur-de-necrose-tumorale-alpha-dans-le-traitement-du-sdrc\/","name":"Les inhibiteurs du facteur de n\u00e9crose tumorale alpha dans le traitement du SDRC | Best Hip &amp; Knee Surgeon | NY, USA","isPartOf":{"@id":"https:\/\/www.newyorkhipknee.com\/fr\/#website"},"datePublished":"2023-12-18T22:28:23+00:00","description":"Principes g\u00e9n\u00e9raux d'orientation pour les bloqueurs du facteur de n\u00e9crose tumorale alpha dans le traitement du SDRC pour les patients b\u00e9n\u00e9ficiant d'une","breadcrumb":{"@id":"https:\/\/www.newyorkhipknee.com\/fr\/indemnisation-des-travailleurs\/lignes-directrices-pour-les-traitements-medicaux-mtg\/douleur-regionale-complexe\/les-inhibiteurs-du-facteur-de-necrose-tumorale-alpha-dans-le-traitement-du-sdrc\/#breadcrumb"},"inLanguage":"fr-FR","potentialAction":[{"@type":"ReadAction","target":["https:\/\/www.newyorkhipknee.com\/fr\/indemnisation-des-travailleurs\/lignes-directrices-pour-les-traitements-medicaux-mtg\/douleur-regionale-complexe\/les-inhibiteurs-du-facteur-de-necrose-tumorale-alpha-dans-le-traitement-du-sdrc\/"]}]},{"@type":"BreadcrumbList","@id":"https:\/\/www.newyorkhipknee.com\/fr\/indemnisation-des-travailleurs\/lignes-directrices-pour-les-traitements-medicaux-mtg\/douleur-regionale-complexe\/les-inhibiteurs-du-facteur-de-necrose-tumorale-alpha-dans-le-traitement-du-sdrc\/#breadcrumb","itemListElement":[{"@type":"ListItem","position":1,"name":"Home","item":"https:\/\/www.newyorkhipknee.com\/fr\/"},{"@type":"ListItem","position":2,"name":"Indemnisation des travailleurs","item":"https:\/\/www.newyorkhipknee.com\/fr\/indemnisation-des-travailleurs\/"},{"@type":"ListItem","position":3,"name":"Lignes directrices pour les traitements m\u00e9dicaux (MTG)","item":"https:\/\/www.newyorkhipknee.com\/fr\/indemnisation-des-travailleurs\/lignes-directrices-pour-les-traitements-medicaux-mtg\/"},{"@type":"ListItem","position":4,"name":"Douleur r\u00e9gionale complexe","item":"https:\/\/www.newyorkhipknee.com\/fr\/indemnisation-des-travailleurs\/lignes-directrices-pour-les-traitements-medicaux-mtg\/douleur-regionale-complexe\/"},{"@type":"ListItem","position":5,"name":"Les inhibiteurs du facteur de n\u00e9crose tumorale alpha dans le traitement du SDRC"}]},{"@type":"WebSite","@id":"https:\/\/www.newyorkhipknee.com\/fr\/#website","url":"https:\/\/www.newyorkhipknee.com\/fr\/","name":"Best Hip & Knee Surgeon | NY, USA","description":"","potentialAction":[{"@type":"SearchAction","target":{"@type":"EntryPoint","urlTemplate":"https:\/\/www.newyorkhipknee.com\/fr\/?s={search_term_string}"},"query-input":{"@type":"PropertyValueSpecification","valueRequired":true,"valueName":"search_term_string"}}],"inLanguage":"fr-FR"}]}},"_links":{"self":[{"href":"https:\/\/www.newyorkhipknee.com\/fr\/wp-json\/wp\/v2\/pages\/21263","targetHints":{"allow":["GET"]}}],"collection":[{"href":"https:\/\/www.newyorkhipknee.com\/fr\/wp-json\/wp\/v2\/pages"}],"about":[{"href":"https:\/\/www.newyorkhipknee.com\/fr\/wp-json\/wp\/v2\/types\/page"}],"author":[{"embeddable":true,"href":"https:\/\/www.newyorkhipknee.com\/fr\/wp-json\/wp\/v2\/users\/33"}],"replies":[{"embeddable":true,"href":"https:\/\/www.newyorkhipknee.com\/fr\/wp-json\/wp\/v2\/comments?post=21263"}],"version-history":[{"count":0,"href":"https:\/\/www.newyorkhipknee.com\/fr\/wp-json\/wp\/v2\/pages\/21263\/revisions"}],"up":[{"embeddable":true,"href":"https:\/\/www.newyorkhipknee.com\/fr\/wp-json\/wp\/v2\/pages\/21156"}],"wp:attachment":[{"href":"https:\/\/www.newyorkhipknee.com\/fr\/wp-json\/wp\/v2\/media?parent=21263"}],"curies":[{"name":"wp","href":"https:\/\/api.w.org\/{rel}","templated":true}]}}