{"id":21266,"date":"2023-12-18T17:15:26","date_gmt":"2023-12-18T22:15:26","guid":{"rendered":"https:\/\/newyorkhipknee.com\/douleur-regionale-complexe\/vitamine-c-pour-la-prevention-du-sdrc\/"},"modified":"2023-12-18T17:15:26","modified_gmt":"2023-12-18T22:15:26","slug":"vitamine-c-pour-la-prevention-du-sdrc","status":"publish","type":"page","link":"https:\/\/www.newyorkhipknee.com\/fr\/indemnisation-des-travailleurs\/lignes-directrices-pour-les-traitements-medicaux-mtg\/douleur-regionale-complexe\/vitamine-c-pour-la-prevention-du-sdrc\/","title":{"rendered":"Vitamine C pour la pr\u00e9vention du SDRC"},"content":{"rendered":"<div class=\"content\" tabindex=\"0\">\n<div class=\"ac-container ac-adaptiveCard\">\n<div class=\"ac-textBlock\">\n<h1>Principes g\u00e9n\u00e9raux des lignes directrices pour la vitamine C dans la pr\u00e9vention des maladies infectieuses.<br \/>\nCRPS chez les patients souffrant du radius distal, du poignet, de la main, de la cheville<br \/>\net les fractures du pied pour les patients victimes d&rsquo;accidents du travail<\/h1>\n<p>&nbsp;<\/p>\n<p>La commission des accidents du travail de l&rsquo;\u00c9tat de New York a \u00e9labor\u00e9 des lignes directrices pour aider les professionnels de la sant\u00e9 \u00e0 fournir un traitement appropri\u00e9 aux patients souffrant de troubles de la cheville et du pied, notamment de fractures du radius distal, du poignet, de la main, de la cheville et du pied.<\/p>\n<p>Ces lignes directrices ont pour but d&rsquo;aider les professionnels de la sant\u00e9 \u00e0 prendre des d\u00e9cisions concernant le niveau de soins appropri\u00e9 pour leurs patients.<\/p>\n<p>Toutefois, il est important de noter que ces lignes directrices ne remplacent pas le jugement clinique ou l&rsquo;exp\u00e9rience professionnelle. La d\u00e9cision finale concernant les soins doit \u00eatre prise par le patient en consultation avec son prestataire de soins de sant\u00e9.<\/p>\n<p>&nbsp;<\/p>\n<\/div>\n<h2>Vitamine C pour la pr\u00e9vention du SDRC chez les patients souffrant de fractures du radius distal, du poignet, de la main, de la cheville et du pied<\/h2>\n<\/div>\n<\/div>\n<p>La vitamine C est recommand\u00e9e pour la pr\u00e9vention ou le traitement du syndrome douloureux r\u00e9gional complexe (SDRC) chez un sous-ensemble de personnes ayant subi une fracture radiale distale, du poignet, de la main, de la cheville ou du pied\u00a0\u00bb. Le SDRC est une affection qui provoque des douleurs et des inflammations chroniques dans les membres et qui peut \u00eatre tr\u00e8s invalidante.<\/p>\n<p>Selon une \u00e9tude publi\u00e9e dans le Journal of Orthopaedic Trauma, la prise de suppl\u00e9ments de vitamine C peut contribuer \u00e0 r\u00e9duire l&rsquo;incidence du SRPC chez les patients souffrant d&rsquo;une fracture du radius distal. L&rsquo;\u00e9tude recommande de prendre 500 mg de vitamine C par jour pendant 50 jours si la fracture est trait\u00e9e de mani\u00e8re conservatrice, et 200 mg par jour pendant 50 jours si le patient a une fonction r\u00e9nale alt\u00e9r\u00e9e. Il a \u00e9galement \u00e9t\u00e9 d\u00e9montr\u00e9 que la vitamine C r\u00e9duisait l&rsquo;incidence du SRPC apr\u00e8s une op\u00e9ration du pied et de la cheville.<\/p>\n<p>Il est important de noter que la vitamine C ne doit pas \u00eatre utilis\u00e9e comme substitut \u00e0 un traitement m\u00e9dical et que vous devez toujours consulter votre m\u00e9decin avant de prendre des suppl\u00e9ments ou de modifier votre plan de traitement.<\/p>\n<h2>Ce que notre cabinet peut faire si vous \u00eates victime d&rsquo;un accident du travail<\/h2>\n<p>Nous avons l&rsquo;exp\u00e9rience n\u00e9cessaire pour vous aider \u00e0 r\u00e9soudre leurs probl\u00e8mes d&rsquo;indemnisation des accidents du travail. Nous comprenons ce que vous traversez et nous r\u00e9pondrons \u00e0 vos besoins m\u00e9dicaux tout en respectant les directives \u00e9tablies par la Commission d&rsquo;indemnisation des accidents du travail de l&rsquo;\u00c9tat de New York.<\/p>\n<p>Nous comprenons l&rsquo;importance de vos dossiers d&rsquo;indemnisation des travailleurs. Laissez-nous vous aider \u00e0 naviguer dans le labyrinthe des relations avec la compagnie d&rsquo;assurance contre les accidents du travail et votre employeur.<\/p>\n<p>Nous comprenons qu&rsquo;il s&rsquo;agit d&rsquo;une p\u00e9riode stressante pour vous et votre famille. Si vous souhaitez prendre un rendez-vous, veuillez nous contacter afin que nous fassions tout ce qui est en notre pouvoir pour vous faciliter la t\u00e2che.<\/p>\n<p>&nbsp;<\/p>\n","protected":false},"excerpt":{"rendered":"<p>Principes g\u00e9n\u00e9raux des lignes directrices pour la vitamine C dans la pr\u00e9vention des maladies infectieuses. CRPS chez les patients souffrant du radius distal, du poignet, de la main, de la cheville et les fractures du pied pour les patients victimes d&rsquo;accidents du travail &nbsp; La commission des accidents du travail de l&rsquo;\u00c9tat de New York [&hellip;]<\/p>\n","protected":false},"author":33,"featured_media":0,"parent":21156,"menu_order":0,"comment_status":"closed","ping_status":"closed","template":"","meta":{"_et_pb_use_builder":"","_et_pb_old_content":"","_et_gb_content_width":"","footnotes":""},"class_list":["post-21266","page","type-page","status-publish","hentry"],"yoast_head":"<!-- This site is optimized with the Yoast SEO plugin v27.2 - https:\/\/yoast.com\/product\/yoast-seo-wordpress\/ -->\n<title>Vitamine C pour la pr\u00e9vention du SDRC | Best Hip &amp; Knee Surgeon | NY, USA<\/title>\n<meta name=\"description\" content=\"Principes g\u00e9n\u00e9raux des lignes directrices pour la vitamine C dans la pr\u00e9vention des maladies infectieuses. CRPS chez les patients souffrant du radius\" \/>\n<meta name=\"robots\" content=\"index, follow, max-snippet:-1, max-image-preview:large, max-video-preview:-1\" \/>\n<link rel=\"canonical\" href=\"https:\/\/www.newyorkhipknee.com\/fr\/indemnisation-des-travailleurs\/lignes-directrices-pour-les-traitements-medicaux-mtg\/douleur-regionale-complexe\/vitamine-c-pour-la-prevention-du-sdrc\/\" \/>\n<meta property=\"og:locale\" content=\"fr_FR\" \/>\n<meta property=\"og:type\" content=\"article\" \/>\n<meta property=\"og:title\" content=\"Vitamine C pour la pr\u00e9vention du SDRC | Best Hip &amp; Knee Surgeon | NY, USA\" \/>\n<meta property=\"og:description\" content=\"Principes g\u00e9n\u00e9raux des lignes directrices pour la vitamine C dans la pr\u00e9vention des maladies infectieuses. CRPS chez les patients souffrant du radius\" \/>\n<meta property=\"og:url\" content=\"https:\/\/www.newyorkhipknee.com\/fr\/indemnisation-des-travailleurs\/lignes-directrices-pour-les-traitements-medicaux-mtg\/douleur-regionale-complexe\/vitamine-c-pour-la-prevention-du-sdrc\/\" \/>\n<meta property=\"og:site_name\" content=\"Best Hip &amp; Knee Surgeon | NY, USA\" \/>\n<meta name=\"twitter:card\" content=\"summary_large_image\" \/>\n<meta name=\"twitter:label1\" content=\"Dur\u00e9e de lecture estim\u00e9e\" \/>\n\t<meta name=\"twitter:data1\" content=\"3 minutes\" \/>\n<script type=\"application\/ld+json\" class=\"yoast-schema-graph\">{\"@context\":\"https:\/\/schema.org\",\"@graph\":[{\"@type\":[\"WebPage\",\"MedicalWebPage\"],\"@id\":\"https:\/\/www.newyorkhipknee.com\/fr\/indemnisation-des-travailleurs\/lignes-directrices-pour-les-traitements-medicaux-mtg\/douleur-regionale-complexe\/vitamine-c-pour-la-prevention-du-sdrc\/\",\"url\":\"https:\/\/www.newyorkhipknee.com\/fr\/indemnisation-des-travailleurs\/lignes-directrices-pour-les-traitements-medicaux-mtg\/douleur-regionale-complexe\/vitamine-c-pour-la-prevention-du-sdrc\/\",\"name\":\"Vitamine C pour la pr\u00e9vention du SDRC | Best Hip &amp; Knee Surgeon | NY, USA\",\"isPartOf\":{\"@id\":\"https:\/\/www.newyorkhipknee.com\/fr\/#website\"},\"datePublished\":\"2023-12-18T22:15:26+00:00\",\"description\":\"Principes g\u00e9n\u00e9raux des lignes directrices pour la vitamine C dans la pr\u00e9vention des maladies infectieuses. CRPS chez les patients souffrant du radius\",\"breadcrumb\":{\"@id\":\"https:\/\/www.newyorkhipknee.com\/fr\/indemnisation-des-travailleurs\/lignes-directrices-pour-les-traitements-medicaux-mtg\/douleur-regionale-complexe\/vitamine-c-pour-la-prevention-du-sdrc\/#breadcrumb\"},\"inLanguage\":\"fr-FR\",\"potentialAction\":[{\"@type\":\"ReadAction\",\"target\":[\"https:\/\/www.newyorkhipknee.com\/fr\/indemnisation-des-travailleurs\/lignes-directrices-pour-les-traitements-medicaux-mtg\/douleur-regionale-complexe\/vitamine-c-pour-la-prevention-du-sdrc\/\"]}]},{\"@type\":\"BreadcrumbList\",\"@id\":\"https:\/\/www.newyorkhipknee.com\/fr\/indemnisation-des-travailleurs\/lignes-directrices-pour-les-traitements-medicaux-mtg\/douleur-regionale-complexe\/vitamine-c-pour-la-prevention-du-sdrc\/#breadcrumb\",\"itemListElement\":[{\"@type\":\"ListItem\",\"position\":1,\"name\":\"Home\",\"item\":\"https:\/\/www.newyorkhipknee.com\/fr\/\"},{\"@type\":\"ListItem\",\"position\":2,\"name\":\"Indemnisation des travailleurs\",\"item\":\"https:\/\/www.newyorkhipknee.com\/fr\/indemnisation-des-travailleurs\/\"},{\"@type\":\"ListItem\",\"position\":3,\"name\":\"Lignes directrices pour les traitements m\u00e9dicaux (MTG)\",\"item\":\"https:\/\/www.newyorkhipknee.com\/fr\/indemnisation-des-travailleurs\/lignes-directrices-pour-les-traitements-medicaux-mtg\/\"},{\"@type\":\"ListItem\",\"position\":4,\"name\":\"Douleur r\u00e9gionale complexe\",\"item\":\"https:\/\/www.newyorkhipknee.com\/fr\/indemnisation-des-travailleurs\/lignes-directrices-pour-les-traitements-medicaux-mtg\/douleur-regionale-complexe\/\"},{\"@type\":\"ListItem\",\"position\":5,\"name\":\"Vitamine C pour la pr\u00e9vention du SDRC\"}]},{\"@type\":\"WebSite\",\"@id\":\"https:\/\/www.newyorkhipknee.com\/fr\/#website\",\"url\":\"https:\/\/www.newyorkhipknee.com\/fr\/\",\"name\":\"Best Hip & Knee Surgeon | NY, USA\",\"description\":\"\",\"potentialAction\":[{\"@type\":\"SearchAction\",\"target\":{\"@type\":\"EntryPoint\",\"urlTemplate\":\"https:\/\/www.newyorkhipknee.com\/fr\/?s={search_term_string}\"},\"query-input\":{\"@type\":\"PropertyValueSpecification\",\"valueRequired\":true,\"valueName\":\"search_term_string\"}}],\"inLanguage\":\"fr-FR\"}]}<\/script>\n<!-- \/ Yoast SEO plugin. -->","yoast_head_json":{"title":"Vitamine C pour la pr\u00e9vention du SDRC | Best Hip &amp; Knee Surgeon | NY, USA","description":"Principes g\u00e9n\u00e9raux des lignes directrices pour la vitamine C dans la pr\u00e9vention des maladies infectieuses. CRPS chez les patients souffrant du radius","robots":{"index":"index","follow":"follow","max-snippet":"max-snippet:-1","max-image-preview":"max-image-preview:large","max-video-preview":"max-video-preview:-1"},"canonical":"https:\/\/www.newyorkhipknee.com\/fr\/indemnisation-des-travailleurs\/lignes-directrices-pour-les-traitements-medicaux-mtg\/douleur-regionale-complexe\/vitamine-c-pour-la-prevention-du-sdrc\/","og_locale":"fr_FR","og_type":"article","og_title":"Vitamine C pour la pr\u00e9vention du SDRC | Best Hip &amp; Knee Surgeon | NY, USA","og_description":"Principes g\u00e9n\u00e9raux des lignes directrices pour la vitamine C dans la pr\u00e9vention des maladies infectieuses. CRPS chez les patients souffrant du radius","og_url":"https:\/\/www.newyorkhipknee.com\/fr\/indemnisation-des-travailleurs\/lignes-directrices-pour-les-traitements-medicaux-mtg\/douleur-regionale-complexe\/vitamine-c-pour-la-prevention-du-sdrc\/","og_site_name":"Best Hip &amp; Knee Surgeon | NY, USA","twitter_card":"summary_large_image","twitter_misc":{"Dur\u00e9e de lecture estim\u00e9e":"3 minutes"},"schema":{"@context":"https:\/\/schema.org","@graph":[{"@type":["WebPage","MedicalWebPage"],"@id":"https:\/\/www.newyorkhipknee.com\/fr\/indemnisation-des-travailleurs\/lignes-directrices-pour-les-traitements-medicaux-mtg\/douleur-regionale-complexe\/vitamine-c-pour-la-prevention-du-sdrc\/","url":"https:\/\/www.newyorkhipknee.com\/fr\/indemnisation-des-travailleurs\/lignes-directrices-pour-les-traitements-medicaux-mtg\/douleur-regionale-complexe\/vitamine-c-pour-la-prevention-du-sdrc\/","name":"Vitamine C pour la pr\u00e9vention du SDRC | Best Hip &amp; Knee Surgeon | NY, USA","isPartOf":{"@id":"https:\/\/www.newyorkhipknee.com\/fr\/#website"},"datePublished":"2023-12-18T22:15:26+00:00","description":"Principes g\u00e9n\u00e9raux des lignes directrices pour la vitamine C dans la pr\u00e9vention des maladies infectieuses. CRPS chez les patients souffrant du radius","breadcrumb":{"@id":"https:\/\/www.newyorkhipknee.com\/fr\/indemnisation-des-travailleurs\/lignes-directrices-pour-les-traitements-medicaux-mtg\/douleur-regionale-complexe\/vitamine-c-pour-la-prevention-du-sdrc\/#breadcrumb"},"inLanguage":"fr-FR","potentialAction":[{"@type":"ReadAction","target":["https:\/\/www.newyorkhipknee.com\/fr\/indemnisation-des-travailleurs\/lignes-directrices-pour-les-traitements-medicaux-mtg\/douleur-regionale-complexe\/vitamine-c-pour-la-prevention-du-sdrc\/"]}]},{"@type":"BreadcrumbList","@id":"https:\/\/www.newyorkhipknee.com\/fr\/indemnisation-des-travailleurs\/lignes-directrices-pour-les-traitements-medicaux-mtg\/douleur-regionale-complexe\/vitamine-c-pour-la-prevention-du-sdrc\/#breadcrumb","itemListElement":[{"@type":"ListItem","position":1,"name":"Home","item":"https:\/\/www.newyorkhipknee.com\/fr\/"},{"@type":"ListItem","position":2,"name":"Indemnisation des travailleurs","item":"https:\/\/www.newyorkhipknee.com\/fr\/indemnisation-des-travailleurs\/"},{"@type":"ListItem","position":3,"name":"Lignes directrices pour les traitements m\u00e9dicaux (MTG)","item":"https:\/\/www.newyorkhipknee.com\/fr\/indemnisation-des-travailleurs\/lignes-directrices-pour-les-traitements-medicaux-mtg\/"},{"@type":"ListItem","position":4,"name":"Douleur r\u00e9gionale complexe","item":"https:\/\/www.newyorkhipknee.com\/fr\/indemnisation-des-travailleurs\/lignes-directrices-pour-les-traitements-medicaux-mtg\/douleur-regionale-complexe\/"},{"@type":"ListItem","position":5,"name":"Vitamine C pour la pr\u00e9vention du SDRC"}]},{"@type":"WebSite","@id":"https:\/\/www.newyorkhipknee.com\/fr\/#website","url":"https:\/\/www.newyorkhipknee.com\/fr\/","name":"Best Hip & Knee Surgeon | NY, USA","description":"","potentialAction":[{"@type":"SearchAction","target":{"@type":"EntryPoint","urlTemplate":"https:\/\/www.newyorkhipknee.com\/fr\/?s={search_term_string}"},"query-input":{"@type":"PropertyValueSpecification","valueRequired":true,"valueName":"search_term_string"}}],"inLanguage":"fr-FR"}]}},"_links":{"self":[{"href":"https:\/\/www.newyorkhipknee.com\/fr\/wp-json\/wp\/v2\/pages\/21266","targetHints":{"allow":["GET"]}}],"collection":[{"href":"https:\/\/www.newyorkhipknee.com\/fr\/wp-json\/wp\/v2\/pages"}],"about":[{"href":"https:\/\/www.newyorkhipknee.com\/fr\/wp-json\/wp\/v2\/types\/page"}],"author":[{"embeddable":true,"href":"https:\/\/www.newyorkhipknee.com\/fr\/wp-json\/wp\/v2\/users\/33"}],"replies":[{"embeddable":true,"href":"https:\/\/www.newyorkhipknee.com\/fr\/wp-json\/wp\/v2\/comments?post=21266"}],"version-history":[{"count":0,"href":"https:\/\/www.newyorkhipknee.com\/fr\/wp-json\/wp\/v2\/pages\/21266\/revisions"}],"up":[{"embeddable":true,"href":"https:\/\/www.newyorkhipknee.com\/fr\/wp-json\/wp\/v2\/pages\/21156"}],"wp:attachment":[{"href":"https:\/\/www.newyorkhipknee.com\/fr\/wp-json\/wp\/v2\/media?parent=21266"}],"curies":[{"name":"wp","href":"https:\/\/api.w.org\/{rel}","templated":true}]}}