{"id":21273,"date":"2023-12-18T16:17:06","date_gmt":"2023-12-18T21:17:06","guid":{"rendered":"https:\/\/newyorkhipknee.com\/douleur-regionale-complexe\/conditionnement-au-travail-durcissement-au-travail-programmes-dintervention-precoce\/"},"modified":"2023-12-18T16:17:06","modified_gmt":"2023-12-18T21:17:06","slug":"conditionnement-au-travail-durcissement-au-travail-programmes-dintervention-precoce","status":"publish","type":"page","link":"https:\/\/www.newyorkhipknee.com\/fr\/indemnisation-des-travailleurs\/lignes-directrices-pour-les-traitements-medicaux-mtg\/douleur-regionale-complexe\/conditionnement-au-travail-durcissement-au-travail-programmes-dintervention-precoce\/","title":{"rendered":"Conditionnement au travail, durcissement au travail, programmes d&rsquo;intervention pr\u00e9coce"},"content":{"rendered":"<h1>Principes g\u00e9n\u00e9raux d&rsquo;orientation pour le conditionnement au travail, le travail en \u00e9quipe et le travail en \u00e9quipe<br \/>\nDurcissement, programmes d&rsquo;intervention pr\u00e9coce pour le SDRC chez les patients victimes d&rsquo;accidents du travail<\/h1>\n<p>Les lignes directrices relatives au conditionnement au travail, \u00e0 l&rsquo;intensification du travail et aux programmes d&rsquo;intervention pr\u00e9coce pour le syndrome douloureux r\u00e9gional complexe (SDRC) ont \u00e9t\u00e9 formul\u00e9es par la commission des accidents du travail de l&rsquo;\u00c9tat de New York. Ces lignes directrices visent \u00e0 aider les m\u00e9decins, les podologues et les autres professionnels de la sant\u00e9 \u00e0 fournir un traitement adapt\u00e9 aux personnes souffrant de CRPS.<\/p>\n<p>Les lignes directrices de la Commission des accidents du travail constituent un outil pr\u00e9cieux pour les professionnels de la sant\u00e9, car elles fournissent des informations et des recommandations qui facilitent la prise de d\u00e9cisions concernant le niveau optimal de soins pour les patients souffrant de troubles de la cheville et du pied.<\/p>\n<p>Il est essentiel de souligner que ces lignes directrices ne sont pas destin\u00e9es \u00e0 remplacer le jugement clinique ou l&rsquo;expertise des professionnels de la sant\u00e9. La responsabilit\u00e9 de la d\u00e9cision finale concernant les soins incombe au patient, qui doit collaborer avec son prestataire de soins de sant\u00e9 pour d\u00e9terminer le plan d&rsquo;action le plus appropri\u00e9 en fonction de sa situation personnelle.<\/p>\n<p>&nbsp;<\/p>\n<h2>Conditionnement au travail, durcissement au travail, programmes d&rsquo;intervention pr\u00e9coce pour le syndrome respiratoire aigu s\u00e9v\u00e8re (SRAS)<\/h2>\n<p>La participation \u00e0 des programmes de conditionnement au travail, d&rsquo;endurcissement au travail et d&rsquo;intervention pr\u00e9coce pour le syndrome douloureux r\u00e9gional complexe (SDRC) est recommand\u00e9e pour les personnes qui ont besoin de soins pour le SDRC.<\/p>\n<p>Indications :<br \/>\n&#8211; Les patients qui ont \u00e9t\u00e9 en arr\u00eat de travail complet ou en service modifi\u00e9 pendant 6 \u00e0 12 semaines, souvent en raison de t\u00e2ches de manutention manuelle.<br \/>\n&#8211; Ceux qui n&rsquo;ont pas r\u00e9agi ont b\u00e9n\u00e9fici\u00e9 d&rsquo;interventions moins intensives, notamment d&rsquo;un programme de physioth\u00e9rapie de quatre \u00e0 huit semaines ou d&rsquo;un programme de traitement graduel de six \u00e0 douze semaines, qui comprend des exercices d&rsquo;a\u00e9robic et de renforcement musculaire.<br \/>\n&#8211; Les personnes exprimant un fort d\u00e9sir et une forte attente de retour au travail.<br \/>\n&#8211; Participation \u00e0 la vie active.<br \/>\n&#8211; Recommandation d&rsquo;un kin\u00e9sith\u00e9rapeute ou d&rsquo;un ergoth\u00e9rapeute qualifi\u00e9.<br \/>\n&#8211; R\u00e9alisation d&rsquo;une \u00e9valuation approfondie de leurs exigences professionnelles.<br \/>\n&#8211; avoir tent\u00e9 en vain de reprendre le travail ou avoir obtenu une \u00e9valuation de la capacit\u00e9 fonctionnelle (ECF) indiquant un effort et une constance de performance appropri\u00e9s \u00e0 un niveau de travail inf\u00e9rieur \u00e0 celui qu&rsquo;ils souhaitaient reprendre.<\/p>\n<p>Le programme doit comprendre une approche psychosociale, ax\u00e9e sur la capacit\u00e9 plut\u00f4t que sur la douleur, une composante de conditionnement ou d&rsquo;exercice a\u00e9robique, et des t\u00e2ches de travail simul\u00e9es et gradu\u00e9es. Il doit \u00eatre adapt\u00e9 aux besoins individuels et combler les lacunes entre les comp\u00e9tences actuelles et les exigences professionnelles. La participation au test fonctionnel d&rsquo;agilit\u00e9 et d&rsquo;\u00e9quilibre (FABT) est souvent b\u00e9n\u00e9fique.<\/p>\n<p>Fr\u00e9quence\/Dose\/Dur\u00e9e :<br \/>\n&#8211; Travailler les programmes de conditionnement et d&rsquo;intervention pr\u00e9coce trois \u00e0 cinq fois par semaine.<br \/>\n&#8211; Des programmes d&rsquo;intensification du travail au quotidien.<br \/>\n&#8211; Des \u00e9valuations hebdomadaires documentant la coh\u00e9rence et les progr\u00e8s significatifs vers l&rsquo;objectif de retour au travail doivent \u00eatre enregistr\u00e9es pour justifier la poursuite du programme.<br \/>\n&#8211; La dur\u00e9e et l&rsquo;intensit\u00e9 du programme doivent \u00eatre individualis\u00e9es en fonction des besoins uniques de chaque patient en mati\u00e8re de r\u00e9adaptation.<\/p>\n<p>&nbsp;<\/p>\n<h2>Ce que notre cabinet peut faire si vous \u00eates victime d&rsquo;un accident du travail<\/h2>\n<p>&nbsp;<\/p>\n<p>Nous poss\u00e9dons l&rsquo;expertise n\u00e9cessaire pour vous aider \u00e0 r\u00e9soudre vos probl\u00e8mes d&rsquo;indemnisation des accidents du travail. Nous comprenons les d\u00e9fis auxquels vous \u00eates confront\u00e9s et nous nous engageons \u00e0 r\u00e9pondre \u00e0 vos besoins m\u00e9dicaux tout en respectant les r\u00e9glementations d\u00e9finies par la Commission des accidents du travail de l&rsquo;\u00c9tat de New York.<\/p>\n<p>Conscients de l&rsquo;importance de vos dossiers d&rsquo;indemnisation des accidents du travail, nous sommes l\u00e0 pour vous guider dans la complexit\u00e9 des relations avec la compagnie d&rsquo;assurance des accidents du travail et votre employeur.<\/p>\n<p>Nous sommes conscients qu&rsquo;il s&rsquo;agit d&rsquo;une p\u00e9riode stressante pour vous et votre famille. Si vous souhaitez prendre un rendez-vous, n&rsquo;h\u00e9sitez pas \u00e0 nous contacter et nous ferons tout notre possible pour que la proc\u00e9dure soit la plus commode possible pour vous.<\/p>\n","protected":false},"excerpt":{"rendered":"<p>Principes g\u00e9n\u00e9raux d&rsquo;orientation pour le conditionnement au travail, le travail en \u00e9quipe et le travail en \u00e9quipe Durcissement, programmes d&rsquo;intervention pr\u00e9coce pour le SDRC chez les patients victimes d&rsquo;accidents du travail Les lignes directrices relatives au conditionnement au travail, \u00e0 l&rsquo;intensification du travail et aux programmes d&rsquo;intervention pr\u00e9coce pour le syndrome douloureux r\u00e9gional complexe (SDRC) [&hellip;]<\/p>\n","protected":false},"author":33,"featured_media":0,"parent":21156,"menu_order":0,"comment_status":"closed","ping_status":"closed","template":"","meta":{"_et_pb_use_builder":"","_et_pb_old_content":"","_et_gb_content_width":"","footnotes":""},"class_list":["post-21273","page","type-page","status-publish","hentry"],"yoast_head":"<!-- This site is optimized with the Yoast SEO plugin v27.2 - https:\/\/yoast.com\/product\/yoast-seo-wordpress\/ -->\n<title>Conditionnement au travail, durcissement au travail, programmes d&#039;intervention pr\u00e9coce | Best Hip &amp; Knee Surgeon | NY, USA<\/title>\n<meta name=\"description\" content=\"Principes g\u00e9n\u00e9raux d&#039;orientation pour le conditionnement au travail, le travail en \u00e9quipe et le travail en \u00e9quipe Durcissement, programmes d&#039;intervention\" \/>\n<meta name=\"robots\" content=\"index, follow, max-snippet:-1, max-image-preview:large, max-video-preview:-1\" \/>\n<link rel=\"canonical\" href=\"https:\/\/www.newyorkhipknee.com\/fr\/indemnisation-des-travailleurs\/lignes-directrices-pour-les-traitements-medicaux-mtg\/douleur-regionale-complexe\/conditionnement-au-travail-durcissement-au-travail-programmes-dintervention-precoce\/\" \/>\n<meta property=\"og:locale\" content=\"fr_FR\" \/>\n<meta property=\"og:type\" content=\"article\" \/>\n<meta property=\"og:title\" content=\"Conditionnement au travail, durcissement au travail, programmes d&#039;intervention pr\u00e9coce | Best Hip &amp; Knee Surgeon | NY, USA\" \/>\n<meta property=\"og:description\" content=\"Principes g\u00e9n\u00e9raux d&#039;orientation pour le conditionnement au travail, le travail en \u00e9quipe et le travail en \u00e9quipe Durcissement, programmes d&#039;intervention\" \/>\n<meta property=\"og:url\" content=\"https:\/\/www.newyorkhipknee.com\/fr\/indemnisation-des-travailleurs\/lignes-directrices-pour-les-traitements-medicaux-mtg\/douleur-regionale-complexe\/conditionnement-au-travail-durcissement-au-travail-programmes-dintervention-precoce\/\" \/>\n<meta property=\"og:site_name\" content=\"Best Hip &amp; Knee Surgeon | NY, USA\" \/>\n<meta name=\"twitter:card\" content=\"summary_large_image\" \/>\n<meta name=\"twitter:label1\" content=\"Dur\u00e9e de lecture estim\u00e9e\" \/>\n\t<meta name=\"twitter:data1\" content=\"4 minutes\" \/>\n<script type=\"application\/ld+json\" class=\"yoast-schema-graph\">{\"@context\":\"https:\/\/schema.org\",\"@graph\":[{\"@type\":[\"WebPage\",\"MedicalWebPage\"],\"@id\":\"https:\/\/www.newyorkhipknee.com\/fr\/indemnisation-des-travailleurs\/lignes-directrices-pour-les-traitements-medicaux-mtg\/douleur-regionale-complexe\/conditionnement-au-travail-durcissement-au-travail-programmes-dintervention-precoce\/\",\"url\":\"https:\/\/www.newyorkhipknee.com\/fr\/indemnisation-des-travailleurs\/lignes-directrices-pour-les-traitements-medicaux-mtg\/douleur-regionale-complexe\/conditionnement-au-travail-durcissement-au-travail-programmes-dintervention-precoce\/\",\"name\":\"Conditionnement au travail, durcissement au travail, programmes d'intervention pr\u00e9coce | Best Hip &amp; Knee Surgeon | NY, USA\",\"isPartOf\":{\"@id\":\"https:\/\/www.newyorkhipknee.com\/fr\/#website\"},\"datePublished\":\"2023-12-18T21:17:06+00:00\",\"description\":\"Principes g\u00e9n\u00e9raux d'orientation pour le conditionnement au travail, le travail en \u00e9quipe et le travail en \u00e9quipe Durcissement, programmes d'intervention\",\"breadcrumb\":{\"@id\":\"https:\/\/www.newyorkhipknee.com\/fr\/indemnisation-des-travailleurs\/lignes-directrices-pour-les-traitements-medicaux-mtg\/douleur-regionale-complexe\/conditionnement-au-travail-durcissement-au-travail-programmes-dintervention-precoce\/#breadcrumb\"},\"inLanguage\":\"fr-FR\",\"potentialAction\":[{\"@type\":\"ReadAction\",\"target\":[\"https:\/\/www.newyorkhipknee.com\/fr\/indemnisation-des-travailleurs\/lignes-directrices-pour-les-traitements-medicaux-mtg\/douleur-regionale-complexe\/conditionnement-au-travail-durcissement-au-travail-programmes-dintervention-precoce\/\"]}]},{\"@type\":\"BreadcrumbList\",\"@id\":\"https:\/\/www.newyorkhipknee.com\/fr\/indemnisation-des-travailleurs\/lignes-directrices-pour-les-traitements-medicaux-mtg\/douleur-regionale-complexe\/conditionnement-au-travail-durcissement-au-travail-programmes-dintervention-precoce\/#breadcrumb\",\"itemListElement\":[{\"@type\":\"ListItem\",\"position\":1,\"name\":\"Home\",\"item\":\"https:\/\/www.newyorkhipknee.com\/fr\/\"},{\"@type\":\"ListItem\",\"position\":2,\"name\":\"Indemnisation des travailleurs\",\"item\":\"https:\/\/www.newyorkhipknee.com\/fr\/indemnisation-des-travailleurs\/\"},{\"@type\":\"ListItem\",\"position\":3,\"name\":\"Lignes directrices pour les traitements m\u00e9dicaux (MTG)\",\"item\":\"https:\/\/www.newyorkhipknee.com\/fr\/indemnisation-des-travailleurs\/lignes-directrices-pour-les-traitements-medicaux-mtg\/\"},{\"@type\":\"ListItem\",\"position\":4,\"name\":\"Douleur r\u00e9gionale complexe\",\"item\":\"https:\/\/www.newyorkhipknee.com\/fr\/indemnisation-des-travailleurs\/lignes-directrices-pour-les-traitements-medicaux-mtg\/douleur-regionale-complexe\/\"},{\"@type\":\"ListItem\",\"position\":5,\"name\":\"Conditionnement au travail, durcissement au travail, programmes d&rsquo;intervention pr\u00e9coce\"}]},{\"@type\":\"WebSite\",\"@id\":\"https:\/\/www.newyorkhipknee.com\/fr\/#website\",\"url\":\"https:\/\/www.newyorkhipknee.com\/fr\/\",\"name\":\"Best Hip & Knee Surgeon | NY, USA\",\"description\":\"\",\"potentialAction\":[{\"@type\":\"SearchAction\",\"target\":{\"@type\":\"EntryPoint\",\"urlTemplate\":\"https:\/\/www.newyorkhipknee.com\/fr\/?s={search_term_string}\"},\"query-input\":{\"@type\":\"PropertyValueSpecification\",\"valueRequired\":true,\"valueName\":\"search_term_string\"}}],\"inLanguage\":\"fr-FR\"}]}<\/script>\n<!-- \/ Yoast SEO plugin. -->","yoast_head_json":{"title":"Conditionnement au travail, durcissement au travail, programmes d'intervention pr\u00e9coce | Best Hip &amp; Knee Surgeon | NY, USA","description":"Principes g\u00e9n\u00e9raux d'orientation pour le conditionnement au travail, le travail en \u00e9quipe et le travail en \u00e9quipe Durcissement, programmes d'intervention","robots":{"index":"index","follow":"follow","max-snippet":"max-snippet:-1","max-image-preview":"max-image-preview:large","max-video-preview":"max-video-preview:-1"},"canonical":"https:\/\/www.newyorkhipknee.com\/fr\/indemnisation-des-travailleurs\/lignes-directrices-pour-les-traitements-medicaux-mtg\/douleur-regionale-complexe\/conditionnement-au-travail-durcissement-au-travail-programmes-dintervention-precoce\/","og_locale":"fr_FR","og_type":"article","og_title":"Conditionnement au travail, durcissement au travail, programmes d'intervention pr\u00e9coce | Best Hip &amp; Knee Surgeon | NY, USA","og_description":"Principes g\u00e9n\u00e9raux d'orientation pour le conditionnement au travail, le travail en \u00e9quipe et le travail en \u00e9quipe Durcissement, programmes d'intervention","og_url":"https:\/\/www.newyorkhipknee.com\/fr\/indemnisation-des-travailleurs\/lignes-directrices-pour-les-traitements-medicaux-mtg\/douleur-regionale-complexe\/conditionnement-au-travail-durcissement-au-travail-programmes-dintervention-precoce\/","og_site_name":"Best Hip &amp; Knee Surgeon | NY, USA","twitter_card":"summary_large_image","twitter_misc":{"Dur\u00e9e de lecture estim\u00e9e":"4 minutes"},"schema":{"@context":"https:\/\/schema.org","@graph":[{"@type":["WebPage","MedicalWebPage"],"@id":"https:\/\/www.newyorkhipknee.com\/fr\/indemnisation-des-travailleurs\/lignes-directrices-pour-les-traitements-medicaux-mtg\/douleur-regionale-complexe\/conditionnement-au-travail-durcissement-au-travail-programmes-dintervention-precoce\/","url":"https:\/\/www.newyorkhipknee.com\/fr\/indemnisation-des-travailleurs\/lignes-directrices-pour-les-traitements-medicaux-mtg\/douleur-regionale-complexe\/conditionnement-au-travail-durcissement-au-travail-programmes-dintervention-precoce\/","name":"Conditionnement au travail, durcissement au travail, programmes d'intervention pr\u00e9coce | Best Hip &amp; Knee Surgeon | NY, USA","isPartOf":{"@id":"https:\/\/www.newyorkhipknee.com\/fr\/#website"},"datePublished":"2023-12-18T21:17:06+00:00","description":"Principes g\u00e9n\u00e9raux d'orientation pour le conditionnement au travail, le travail en \u00e9quipe et le travail en \u00e9quipe Durcissement, programmes d'intervention","breadcrumb":{"@id":"https:\/\/www.newyorkhipknee.com\/fr\/indemnisation-des-travailleurs\/lignes-directrices-pour-les-traitements-medicaux-mtg\/douleur-regionale-complexe\/conditionnement-au-travail-durcissement-au-travail-programmes-dintervention-precoce\/#breadcrumb"},"inLanguage":"fr-FR","potentialAction":[{"@type":"ReadAction","target":["https:\/\/www.newyorkhipknee.com\/fr\/indemnisation-des-travailleurs\/lignes-directrices-pour-les-traitements-medicaux-mtg\/douleur-regionale-complexe\/conditionnement-au-travail-durcissement-au-travail-programmes-dintervention-precoce\/"]}]},{"@type":"BreadcrumbList","@id":"https:\/\/www.newyorkhipknee.com\/fr\/indemnisation-des-travailleurs\/lignes-directrices-pour-les-traitements-medicaux-mtg\/douleur-regionale-complexe\/conditionnement-au-travail-durcissement-au-travail-programmes-dintervention-precoce\/#breadcrumb","itemListElement":[{"@type":"ListItem","position":1,"name":"Home","item":"https:\/\/www.newyorkhipknee.com\/fr\/"},{"@type":"ListItem","position":2,"name":"Indemnisation des travailleurs","item":"https:\/\/www.newyorkhipknee.com\/fr\/indemnisation-des-travailleurs\/"},{"@type":"ListItem","position":3,"name":"Lignes directrices pour les traitements m\u00e9dicaux (MTG)","item":"https:\/\/www.newyorkhipknee.com\/fr\/indemnisation-des-travailleurs\/lignes-directrices-pour-les-traitements-medicaux-mtg\/"},{"@type":"ListItem","position":4,"name":"Douleur r\u00e9gionale complexe","item":"https:\/\/www.newyorkhipknee.com\/fr\/indemnisation-des-travailleurs\/lignes-directrices-pour-les-traitements-medicaux-mtg\/douleur-regionale-complexe\/"},{"@type":"ListItem","position":5,"name":"Conditionnement au travail, durcissement au travail, programmes d&rsquo;intervention pr\u00e9coce"}]},{"@type":"WebSite","@id":"https:\/\/www.newyorkhipknee.com\/fr\/#website","url":"https:\/\/www.newyorkhipknee.com\/fr\/","name":"Best Hip & Knee Surgeon | NY, USA","description":"","potentialAction":[{"@type":"SearchAction","target":{"@type":"EntryPoint","urlTemplate":"https:\/\/www.newyorkhipknee.com\/fr\/?s={search_term_string}"},"query-input":{"@type":"PropertyValueSpecification","valueRequired":true,"valueName":"search_term_string"}}],"inLanguage":"fr-FR"}]}},"_links":{"self":[{"href":"https:\/\/www.newyorkhipknee.com\/fr\/wp-json\/wp\/v2\/pages\/21273","targetHints":{"allow":["GET"]}}],"collection":[{"href":"https:\/\/www.newyorkhipknee.com\/fr\/wp-json\/wp\/v2\/pages"}],"about":[{"href":"https:\/\/www.newyorkhipknee.com\/fr\/wp-json\/wp\/v2\/types\/page"}],"author":[{"embeddable":true,"href":"https:\/\/www.newyorkhipknee.com\/fr\/wp-json\/wp\/v2\/users\/33"}],"replies":[{"embeddable":true,"href":"https:\/\/www.newyorkhipknee.com\/fr\/wp-json\/wp\/v2\/comments?post=21273"}],"version-history":[{"count":0,"href":"https:\/\/www.newyorkhipknee.com\/fr\/wp-json\/wp\/v2\/pages\/21273\/revisions"}],"up":[{"embeddable":true,"href":"https:\/\/www.newyorkhipknee.com\/fr\/wp-json\/wp\/v2\/pages\/21156"}],"wp:attachment":[{"href":"https:\/\/www.newyorkhipknee.com\/fr\/wp-json\/wp\/v2\/media?parent=21273"}],"curies":[{"name":"wp","href":"https:\/\/api.w.org\/{rel}","templated":true}]}}