{"id":21274,"date":"2023-12-18T16:10:29","date_gmt":"2023-12-18T21:10:29","guid":{"rendered":"https:\/\/newyorkhipknee.com\/douleur-regionale-complexe\/radiographies-pour-le-diagnostic-du-sdrc\/"},"modified":"2023-12-18T16:10:29","modified_gmt":"2023-12-18T21:10:29","slug":"radiographies-pour-le-diagnostic-du-sdrc","status":"publish","type":"page","link":"https:\/\/www.newyorkhipknee.com\/fr\/indemnisation-des-travailleurs\/lignes-directrices-pour-les-traitements-medicaux-mtg\/douleur-regionale-complexe\/radiographies-pour-le-diagnostic-du-sdrc\/","title":{"rendered":"Radiographies pour le diagnostic du SDRC"},"content":{"rendered":"<p>Les lignes directrices relatives aux radiographies dans le cadre du diagnostic du syndrome douloureux r\u00e9gional complexe (SDRC) ont \u00e9t\u00e9 \u00e9labor\u00e9es par la commission des accidents du travail de l&rsquo;\u00c9tat de New York. Ces lignes directrices sont con\u00e7ues pour aider les m\u00e9decins, les podologues et les autres professionnels de la sant\u00e9 \u00e0 fournir un traitement adapt\u00e9 aux personnes souffrant de CRPS.<\/p>\n<p>Les lignes directrices de la Commission des accidents du travail constituent un outil pr\u00e9cieux pour les professionnels de la sant\u00e9, car elles offrent des informations et des recommandations qui les aident \u00e0 prendre des d\u00e9cisions \u00e9clair\u00e9es sur le niveau optimal de soins pour les patients souffrant de troubles de la cheville et du pied.<\/p>\n<p>Il est important de noter que si ces lignes directrices fournissent des conseils pr\u00e9cieux, elles ne sont pas destin\u00e9es \u00e0 remplacer le jugement clinique ou l&rsquo;expertise des professionnels de la sant\u00e9. La responsabilit\u00e9 de la d\u00e9cision finale concernant les soins incombe au patient, qui doit collaborer avec son prestataire de soins de sant\u00e9 pour d\u00e9terminer le plan d&rsquo;action le plus appropri\u00e9 en fonction de sa situation personnelle.<\/p>\n<p>&nbsp;<\/p>\n<h2>Radiographies pour le diagnostic du SDRC<\/h2>\n<p>&nbsp;<\/p>\n<p>Il est conseill\u00e9 d&rsquo;effectuer des radiographies pour diagnostiquer le syndrome douloureux r\u00e9gional complexe (SDRC), m\u00eame si elles sont couramment utilis\u00e9es pour traiter d&rsquo;autres affections m\u00e9dicales. Dans le contexte d&rsquo;un CRPS qui dure plus de six mois, les radiographies peuvent jouer un r\u00f4le important dans le processus de diagnostic. Ceci est particuli\u00e8rement important lorsque les sympt\u00f4mes indiquant un CRPS potentiel ont persist\u00e9 pendant au moins 3 \u00e0 6 mois sans qu&rsquo;un diagnostic d\u00e9finitif n&rsquo;ait \u00e9t\u00e9 pos\u00e9.<\/p>\n<p>Dans certains cas o\u00f9 il est n\u00e9cessaire d&rsquo;explorer des conditions suppl\u00e9mentaires, des \u00e9chantillons pr\u00e9lev\u00e9s avant trois mois peuvent \u00eatre obtenus.<\/p>\n<p>En ce qui concerne la fr\u00e9quence, le dosage et la dur\u00e9e des examens radiologiques pour le diagnostic du SDRC, une seule \u00e9valuation est g\u00e9n\u00e9ralement recommand\u00e9e. Il est rare qu&rsquo;un deuxi\u00e8me examen soit propos\u00e9, sauf si l&rsquo;on craint une \u00e9ventuelle fracture cach\u00e9e ou si des circonstances cliniques particuli\u00e8res justifient un examen de suivi.<\/p>\n<p>&nbsp;<\/p>\n<h2>Ce que notre cabinet peut faire si vous \u00eates victime d&rsquo;un accident du travail<\/h2>\n<p>Nous disposons de l&rsquo;expertise n\u00e9cessaire pour vous aider \u00e0 r\u00e9soudre vos probl\u00e8mes d&rsquo;indemnisation des accidents du travail. Nous comprenons les difficult\u00e9s auxquelles vous \u00eates confront\u00e9 et nous nous engageons \u00e0 r\u00e9pondre \u00e0 vos besoins m\u00e9dicaux tout en respectant les directives \u00e9tablies par la commission des accidents du travail de l&rsquo;\u00c9tat de New York.<\/p>\n<p>Conscients de l&rsquo;importance de vos dossiers d&rsquo;indemnisation des accidents du travail, nous sommes l\u00e0 pour vous guider dans la complexit\u00e9 des interactions avec la compagnie d&rsquo;assurance des accidents du travail et votre employeur.<\/p>\n<p>Nous comprenons qu&rsquo;il s&rsquo;agit d&rsquo;une p\u00e9riode stressante pour vous et votre famille. Si vous souhaitez prendre rendez-vous, n&rsquo;h\u00e9sitez pas \u00e0 nous contacter. Nous nous engageons \u00e0 faire tout ce qui est en notre pouvoir pour que ce processus soit le plus fluide et le moins stressant possible pour vous.<\/p>\n","protected":false},"excerpt":{"rendered":"<p>Les lignes directrices relatives aux radiographies dans le cadre du diagnostic du syndrome douloureux r\u00e9gional complexe (SDRC) ont \u00e9t\u00e9 \u00e9labor\u00e9es par la commission des accidents du travail de l&rsquo;\u00c9tat de New York. Ces lignes directrices sont con\u00e7ues pour aider les m\u00e9decins, les podologues et les autres professionnels de la sant\u00e9 \u00e0 fournir un traitement adapt\u00e9 [&hellip;]<\/p>\n","protected":false},"author":33,"featured_media":0,"parent":21156,"menu_order":0,"comment_status":"closed","ping_status":"closed","template":"","meta":{"_et_pb_use_builder":"","_et_pb_old_content":"","_et_gb_content_width":"","footnotes":""},"class_list":["post-21274","page","type-page","status-publish","hentry"],"yoast_head":"<!-- This site is optimized with the Yoast SEO plugin v27.2 - https:\/\/yoast.com\/product\/yoast-seo-wordpress\/ -->\n<title>Radiographies pour le diagnostic du SDRC | Best Hip &amp; Knee Surgeon | NY, USA<\/title>\n<meta name=\"description\" content=\"Les lignes directrices relatives aux radiographies dans le cadre du diagnostic du syndrome douloureux r\u00e9gional complexe (SDRC) ont \u00e9t\u00e9 \u00e9labor\u00e9es par la\" \/>\n<meta name=\"robots\" content=\"index, follow, max-snippet:-1, max-image-preview:large, max-video-preview:-1\" \/>\n<link rel=\"canonical\" href=\"https:\/\/www.newyorkhipknee.com\/fr\/indemnisation-des-travailleurs\/lignes-directrices-pour-les-traitements-medicaux-mtg\/douleur-regionale-complexe\/radiographies-pour-le-diagnostic-du-sdrc\/\" \/>\n<meta property=\"og:locale\" content=\"fr_FR\" \/>\n<meta property=\"og:type\" content=\"article\" \/>\n<meta property=\"og:title\" content=\"Radiographies pour le diagnostic du SDRC | Best Hip &amp; Knee Surgeon | NY, USA\" \/>\n<meta property=\"og:description\" content=\"Les lignes directrices relatives aux radiographies dans le cadre du diagnostic du syndrome douloureux r\u00e9gional complexe (SDRC) ont \u00e9t\u00e9 \u00e9labor\u00e9es par la\" \/>\n<meta property=\"og:url\" content=\"https:\/\/www.newyorkhipknee.com\/fr\/indemnisation-des-travailleurs\/lignes-directrices-pour-les-traitements-medicaux-mtg\/douleur-regionale-complexe\/radiographies-pour-le-diagnostic-du-sdrc\/\" \/>\n<meta property=\"og:site_name\" content=\"Best Hip &amp; Knee Surgeon | NY, USA\" \/>\n<meta name=\"twitter:card\" content=\"summary_large_image\" \/>\n<meta name=\"twitter:label1\" content=\"Dur\u00e9e de lecture estim\u00e9e\" \/>\n\t<meta name=\"twitter:data1\" content=\"3 minutes\" \/>\n<script type=\"application\/ld+json\" class=\"yoast-schema-graph\">{\"@context\":\"https:\/\/schema.org\",\"@graph\":[{\"@type\":[\"WebPage\",\"MedicalWebPage\"],\"@id\":\"https:\/\/www.newyorkhipknee.com\/fr\/indemnisation-des-travailleurs\/lignes-directrices-pour-les-traitements-medicaux-mtg\/douleur-regionale-complexe\/radiographies-pour-le-diagnostic-du-sdrc\/\",\"url\":\"https:\/\/www.newyorkhipknee.com\/fr\/indemnisation-des-travailleurs\/lignes-directrices-pour-les-traitements-medicaux-mtg\/douleur-regionale-complexe\/radiographies-pour-le-diagnostic-du-sdrc\/\",\"name\":\"Radiographies pour le diagnostic du SDRC | Best Hip &amp; Knee Surgeon | NY, USA\",\"isPartOf\":{\"@id\":\"https:\/\/www.newyorkhipknee.com\/fr\/#website\"},\"datePublished\":\"2023-12-18T21:10:29+00:00\",\"description\":\"Les lignes directrices relatives aux radiographies dans le cadre du diagnostic du syndrome douloureux r\u00e9gional complexe (SDRC) ont \u00e9t\u00e9 \u00e9labor\u00e9es par la\",\"breadcrumb\":{\"@id\":\"https:\/\/www.newyorkhipknee.com\/fr\/indemnisation-des-travailleurs\/lignes-directrices-pour-les-traitements-medicaux-mtg\/douleur-regionale-complexe\/radiographies-pour-le-diagnostic-du-sdrc\/#breadcrumb\"},\"inLanguage\":\"fr-FR\",\"potentialAction\":[{\"@type\":\"ReadAction\",\"target\":[\"https:\/\/www.newyorkhipknee.com\/fr\/indemnisation-des-travailleurs\/lignes-directrices-pour-les-traitements-medicaux-mtg\/douleur-regionale-complexe\/radiographies-pour-le-diagnostic-du-sdrc\/\"]}]},{\"@type\":\"BreadcrumbList\",\"@id\":\"https:\/\/www.newyorkhipknee.com\/fr\/indemnisation-des-travailleurs\/lignes-directrices-pour-les-traitements-medicaux-mtg\/douleur-regionale-complexe\/radiographies-pour-le-diagnostic-du-sdrc\/#breadcrumb\",\"itemListElement\":[{\"@type\":\"ListItem\",\"position\":1,\"name\":\"Home\",\"item\":\"https:\/\/www.newyorkhipknee.com\/fr\/\"},{\"@type\":\"ListItem\",\"position\":2,\"name\":\"Indemnisation des travailleurs\",\"item\":\"https:\/\/www.newyorkhipknee.com\/fr\/indemnisation-des-travailleurs\/\"},{\"@type\":\"ListItem\",\"position\":3,\"name\":\"Lignes directrices pour les traitements m\u00e9dicaux (MTG)\",\"item\":\"https:\/\/www.newyorkhipknee.com\/fr\/indemnisation-des-travailleurs\/lignes-directrices-pour-les-traitements-medicaux-mtg\/\"},{\"@type\":\"ListItem\",\"position\":4,\"name\":\"Douleur r\u00e9gionale complexe\",\"item\":\"https:\/\/www.newyorkhipknee.com\/fr\/indemnisation-des-travailleurs\/lignes-directrices-pour-les-traitements-medicaux-mtg\/douleur-regionale-complexe\/\"},{\"@type\":\"ListItem\",\"position\":5,\"name\":\"Radiographies pour le diagnostic du SDRC\"}]},{\"@type\":\"WebSite\",\"@id\":\"https:\/\/www.newyorkhipknee.com\/fr\/#website\",\"url\":\"https:\/\/www.newyorkhipknee.com\/fr\/\",\"name\":\"Best Hip & Knee Surgeon | NY, USA\",\"description\":\"\",\"potentialAction\":[{\"@type\":\"SearchAction\",\"target\":{\"@type\":\"EntryPoint\",\"urlTemplate\":\"https:\/\/www.newyorkhipknee.com\/fr\/?s={search_term_string}\"},\"query-input\":{\"@type\":\"PropertyValueSpecification\",\"valueRequired\":true,\"valueName\":\"search_term_string\"}}],\"inLanguage\":\"fr-FR\"}]}<\/script>\n<!-- \/ Yoast SEO plugin. -->","yoast_head_json":{"title":"Radiographies pour le diagnostic du SDRC | Best Hip &amp; Knee Surgeon | NY, USA","description":"Les lignes directrices relatives aux radiographies dans le cadre du diagnostic du syndrome douloureux r\u00e9gional complexe (SDRC) ont \u00e9t\u00e9 \u00e9labor\u00e9es par la","robots":{"index":"index","follow":"follow","max-snippet":"max-snippet:-1","max-image-preview":"max-image-preview:large","max-video-preview":"max-video-preview:-1"},"canonical":"https:\/\/www.newyorkhipknee.com\/fr\/indemnisation-des-travailleurs\/lignes-directrices-pour-les-traitements-medicaux-mtg\/douleur-regionale-complexe\/radiographies-pour-le-diagnostic-du-sdrc\/","og_locale":"fr_FR","og_type":"article","og_title":"Radiographies pour le diagnostic du SDRC | Best Hip &amp; Knee Surgeon | NY, USA","og_description":"Les lignes directrices relatives aux radiographies dans le cadre du diagnostic du syndrome douloureux r\u00e9gional complexe (SDRC) ont \u00e9t\u00e9 \u00e9labor\u00e9es par la","og_url":"https:\/\/www.newyorkhipknee.com\/fr\/indemnisation-des-travailleurs\/lignes-directrices-pour-les-traitements-medicaux-mtg\/douleur-regionale-complexe\/radiographies-pour-le-diagnostic-du-sdrc\/","og_site_name":"Best Hip &amp; Knee Surgeon | NY, USA","twitter_card":"summary_large_image","twitter_misc":{"Dur\u00e9e de lecture estim\u00e9e":"3 minutes"},"schema":{"@context":"https:\/\/schema.org","@graph":[{"@type":["WebPage","MedicalWebPage"],"@id":"https:\/\/www.newyorkhipknee.com\/fr\/indemnisation-des-travailleurs\/lignes-directrices-pour-les-traitements-medicaux-mtg\/douleur-regionale-complexe\/radiographies-pour-le-diagnostic-du-sdrc\/","url":"https:\/\/www.newyorkhipknee.com\/fr\/indemnisation-des-travailleurs\/lignes-directrices-pour-les-traitements-medicaux-mtg\/douleur-regionale-complexe\/radiographies-pour-le-diagnostic-du-sdrc\/","name":"Radiographies pour le diagnostic du SDRC | Best Hip &amp; Knee Surgeon | NY, USA","isPartOf":{"@id":"https:\/\/www.newyorkhipknee.com\/fr\/#website"},"datePublished":"2023-12-18T21:10:29+00:00","description":"Les lignes directrices relatives aux radiographies dans le cadre du diagnostic du syndrome douloureux r\u00e9gional complexe (SDRC) ont \u00e9t\u00e9 \u00e9labor\u00e9es par la","breadcrumb":{"@id":"https:\/\/www.newyorkhipknee.com\/fr\/indemnisation-des-travailleurs\/lignes-directrices-pour-les-traitements-medicaux-mtg\/douleur-regionale-complexe\/radiographies-pour-le-diagnostic-du-sdrc\/#breadcrumb"},"inLanguage":"fr-FR","potentialAction":[{"@type":"ReadAction","target":["https:\/\/www.newyorkhipknee.com\/fr\/indemnisation-des-travailleurs\/lignes-directrices-pour-les-traitements-medicaux-mtg\/douleur-regionale-complexe\/radiographies-pour-le-diagnostic-du-sdrc\/"]}]},{"@type":"BreadcrumbList","@id":"https:\/\/www.newyorkhipknee.com\/fr\/indemnisation-des-travailleurs\/lignes-directrices-pour-les-traitements-medicaux-mtg\/douleur-regionale-complexe\/radiographies-pour-le-diagnostic-du-sdrc\/#breadcrumb","itemListElement":[{"@type":"ListItem","position":1,"name":"Home","item":"https:\/\/www.newyorkhipknee.com\/fr\/"},{"@type":"ListItem","position":2,"name":"Indemnisation des travailleurs","item":"https:\/\/www.newyorkhipknee.com\/fr\/indemnisation-des-travailleurs\/"},{"@type":"ListItem","position":3,"name":"Lignes directrices pour les traitements m\u00e9dicaux (MTG)","item":"https:\/\/www.newyorkhipknee.com\/fr\/indemnisation-des-travailleurs\/lignes-directrices-pour-les-traitements-medicaux-mtg\/"},{"@type":"ListItem","position":4,"name":"Douleur r\u00e9gionale complexe","item":"https:\/\/www.newyorkhipknee.com\/fr\/indemnisation-des-travailleurs\/lignes-directrices-pour-les-traitements-medicaux-mtg\/douleur-regionale-complexe\/"},{"@type":"ListItem","position":5,"name":"Radiographies pour le diagnostic du SDRC"}]},{"@type":"WebSite","@id":"https:\/\/www.newyorkhipknee.com\/fr\/#website","url":"https:\/\/www.newyorkhipknee.com\/fr\/","name":"Best Hip & Knee Surgeon | NY, USA","description":"","potentialAction":[{"@type":"SearchAction","target":{"@type":"EntryPoint","urlTemplate":"https:\/\/www.newyorkhipknee.com\/fr\/?s={search_term_string}"},"query-input":{"@type":"PropertyValueSpecification","valueRequired":true,"valueName":"search_term_string"}}],"inLanguage":"fr-FR"}]}},"_links":{"self":[{"href":"https:\/\/www.newyorkhipknee.com\/fr\/wp-json\/wp\/v2\/pages\/21274","targetHints":{"allow":["GET"]}}],"collection":[{"href":"https:\/\/www.newyorkhipknee.com\/fr\/wp-json\/wp\/v2\/pages"}],"about":[{"href":"https:\/\/www.newyorkhipknee.com\/fr\/wp-json\/wp\/v2\/types\/page"}],"author":[{"embeddable":true,"href":"https:\/\/www.newyorkhipknee.com\/fr\/wp-json\/wp\/v2\/users\/33"}],"replies":[{"embeddable":true,"href":"https:\/\/www.newyorkhipknee.com\/fr\/wp-json\/wp\/v2\/comments?post=21274"}],"version-history":[{"count":0,"href":"https:\/\/www.newyorkhipknee.com\/fr\/wp-json\/wp\/v2\/pages\/21274\/revisions"}],"up":[{"embeddable":true,"href":"https:\/\/www.newyorkhipknee.com\/fr\/wp-json\/wp\/v2\/pages\/21156"}],"wp:attachment":[{"href":"https:\/\/www.newyorkhipknee.com\/fr\/wp-json\/wp\/v2\/media?parent=21274"}],"curies":[{"name":"wp","href":"https:\/\/api.w.org\/{rel}","templated":true}]}}