{"id":21282,"date":"2023-12-11T12:04:27","date_gmt":"2023-12-11T17:04:27","guid":{"rendered":"https:\/\/newyorkhipknee.com\/indemnisation-des-travailleurs\/leffet-du-statut-de-lindemnisation-des-travailleurs-sur-lexperience-du-patient\/"},"modified":"2023-12-11T12:04:27","modified_gmt":"2023-12-11T17:04:27","slug":"leffet-du-statut-de-lindemnisation-des-travailleurs-sur-lexperience-du-patient","status":"publish","type":"page","link":"https:\/\/www.newyorkhipknee.com\/fr\/indemnisation-des-travailleurs\/leffet-du-statut-de-lindemnisation-des-travailleurs-sur-lexperience-du-patient\/","title":{"rendered":"L&rsquo;effet du statut de l&rsquo;indemnisation des travailleurs sur l&rsquo;exp\u00e9rience du patient"},"content":{"rendered":"<p>Dans le domaine des soins de sant\u00e9 fond\u00e9s sur la valeur, un aspect crucial consiste \u00e0 \u00e9valuer l&rsquo;exp\u00e9rience du patient, en particulier dans le contexte de l&rsquo;indemnisation des accidents du travail. Malheureusement, lorsqu&rsquo;il s&rsquo;agit d&rsquo;\u00e9valuations fonctionnelles orthop\u00e9diques, le processus de validation a tendance \u00e0 faire baisser les \u00e9valuations et la satisfaction globale des patients dans le domaine de l&rsquo;indemnisation des accidents du travail.<\/p>\n<p>Les donn\u00e9es collect\u00e9es englobent des \u00e9l\u00e9ments cl\u00e9s tels que le payeur principal, les caract\u00e9ristiques d\u00e9mographiques, les sous-sp\u00e9cialit\u00e9s orthop\u00e9diques, les interventions chirurgicales pr\u00e9vues par le prestataire et l&rsquo;impact ult\u00e9rieur sur la satisfaction du patient.<\/p>\n<p>La satisfaction des patients dans les cas d&rsquo;indemnisation des accidents du travail diff\u00e8re nettement de celle des autres populations de patients, les personnes indemnis\u00e9es par l&rsquo;assurance accidents du travail se d\u00e9clarant moins satisfaites dans l&rsquo;ensemble. M\u00eame apr\u00e8s ajustement de divers facteurs d\u00e9mographiques, notamment l&rsquo;\u00e2ge, le sexe, la langue maternelle, la race et l&rsquo;\u00e9tat matrimonial, l&rsquo;insatisfaction \u00e0 l&rsquo;\u00e9gard de l&rsquo;indemnisation des accidents du travail persiste.<\/p>\n<p>Notamment, le statut d&rsquo;indemnisation des travailleurs appara\u00eet comme un pr\u00e9dicteur ind\u00e9pendant non modifiable de l&rsquo;insatisfaction par rapport \u00e0 d&rsquo;autres groupes de payeurs primaires dans le domaine des soins de sant\u00e9. Toutefois, des recherches suppl\u00e9mentaires sont n\u00e9cessaires pour comprendre pleinement les facteurs qui influencent ces taux de satisfaction des patients.<\/p>\n<p>Les patients satisfaits de l&rsquo;indemnisation des accidents du travail sont plus souvent des hommes et pr\u00e9sentent une meilleure auto-\u00e9valuation de leur sant\u00e9 mentale. En outre, la satisfaction des patients tend \u00e0 s&rsquo;am\u00e9liorer lorsqu&rsquo;une intervention chirurgicale est pr\u00e9vue. Cependant, m\u00eame en tenant compte de facteurs tels que le sexe, la langue, la race et l&rsquo;\u00e9tat civil, les patients insatisfaits de l&rsquo;indemnisation des accidents du travail se distinguent. Dans tous les domaines de satisfaction des patients, y compris les auto-\u00e9valuations de la sant\u00e9 mentale, les patients de l&rsquo;indemnisation des accidents du travail obtiennent syst\u00e9matiquement des scores inf\u00e9rieurs \u00e0 ceux des autres groupes de patients. Cela s&rsquo;\u00e9tend \u00e0 l&rsquo;\u00e9valuation globale de leur \u00e9tat de sant\u00e9, \u00e0 l&rsquo;\u00e9valuation du prestataire sur une \u00e9chelle de 1 \u00e0 10 et \u00e0 la probabilit\u00e9 qu&rsquo;ils recommandent le cabinet \u00e0 d&rsquo;autres personnes.<\/p>\n<p>Il est essentiel de comprendre la satisfaction des patients, car ces scores ont une incidence sur l&rsquo;\u00e9valuation et la r\u00e9mun\u00e9ration des m\u00e9decins. Les \u00e9tudes existantes, telles que le questionnaire Press Ganey (PGQ), donnent un aper\u00e7u de l&rsquo;exp\u00e9rience des patients, mais leur corr\u00e9lation avec les m\u00e9thodes valid\u00e9es d&rsquo;\u00e9valuation des r\u00e9sultats orthop\u00e9diques n&rsquo;est pas claire. Bien qu&rsquo;elle soit li\u00e9e \u00e0 des mesures de la sant\u00e9 mentale des patients et \u00e0 des facteurs non modifiables tels que la distance \u00e0 parcourir pour se rendre chez un prestataire de soins, des recherches plus approfondies sont n\u00e9cessaires pour d\u00e9m\u00ealer les facteurs complexes qui d\u00e9terminent la satisfaction de l&rsquo;exp\u00e9rience des patients.<\/p>\n<p>Le PGQ, un outil largement utilis\u00e9, est un \u00e9l\u00e9ment cl\u00e9 de la notation, du classement et du remboursement des h\u00f4pitaux et des m\u00e9decins, approuv\u00e9 par les Centers for Medicare and Medicaid Services (centres am\u00e9ricains pour l&rsquo;assurance maladie et les services m\u00e9dicaux). Les donn\u00e9es collect\u00e9es \u00e0 partir du questionnaire PGQ, couvrant les informations sur le payeur principal, les d\u00e9tails d\u00e9mographiques, la sous-sp\u00e9cialit\u00e9 orthop\u00e9dique et les interventions chirurgicales, jouent un r\u00f4le crucial dans l&rsquo;\u00e9valuation de la satisfaction des patients, la probabilit\u00e9 de recommander le cabinet \u00e9tant un r\u00e9sultat primaire et le sous-domaine du prestataire de soins \u00e9tant un r\u00e9sultat secondaire.<\/p>\n<p>Il \u00e9tait essentiel de d\u00e9terminer la proportion d&rsquo;enqu\u00eates ayant obtenu le score le plus \u00e9lev\u00e9 dans le sous-domaine du prestataire de soins concernant l&rsquo;indemnisation des accidents du travail, car les donn\u00e9es du PGQ ont tendance \u00e0 \u00eatre positives. Les r\u00e9sultats secondaires du PGQ mettent en lumi\u00e8re les diff\u00e9rences dans l&rsquo;auto-\u00e9valuation de la sant\u00e9 globale, l&rsquo;auto-\u00e9valuation de la sant\u00e9 mentale et l&rsquo;\u00e9valuation du m\u00e9decin sur une \u00e9chelle de 0 \u00e0 10.<\/p>\n<p>L&rsquo;ajustement du remboursement des m\u00e9decins refl\u00e8te l&rsquo;\u00e9volution de la politique am\u00e9ricaine en mati\u00e8re de soins de sant\u00e9 et de la qualit\u00e9 de la prestation des soins. Les cas d&rsquo;indemnisation des travailleurs sont associ\u00e9s \u00e0 une augmentation des ressources de soins de sant\u00e9, impliquant davantage de tests de diagnostic et de rencontres cliniques pour un traitement complet de la maladie. Malgr\u00e9 cela, l&rsquo;indemnisation des accidents du travail d\u00e9passe le remboursement financier des autres payeurs, et les patients rapportent des scores fonctionnels plus faibles sur les outils de r\u00e9sultats valid\u00e9s. Le lien entre l&rsquo;indemnisation des accidents du travail et les taux de satisfaction des patients reste insuffisamment explor\u00e9, malgr\u00e9 la reconnaissance de r\u00e9sultats cliniques m\u00e9diocres.<\/p>\n<p>L&rsquo;examen de la relation entre l&rsquo;indemnisation des travailleurs et les enqu\u00eates de satisfaction des patients conduit \u00e0 l&rsquo;hypoth\u00e8se que ces scores diff\u00e8rent significativement de ceux des patients non indemnis\u00e9s et qu&rsquo;ils sont ind\u00e9pendants d&rsquo;autres facteurs li\u00e9s aux patients. Cette analyse a un impact sur les mesures d&rsquo;am\u00e9lioration de la qualit\u00e9, la prise en compte des scores des prestataires, le remboursement et la composition globale de la pratique clinique.<\/p>\n<p>Les patients indemnis\u00e9s pour accidents du travail, d\u00e9mographiquement distincts de ceux qui ont recours \u00e0 d&rsquo;autres payeurs, pr\u00e9sentent des diff\u00e9rences d&rsquo;\u00e2ge et de sexe. Notamment, la race, la langue maternelle, l&rsquo;\u00e9tat civil et le niveau d&rsquo;\u00e9ducation diff\u00e8rent \u00e9galement de mani\u00e8re significative. En outre, les patients b\u00e9n\u00e9ficiant d&rsquo;une indemnisation pour accident du travail sont plus susceptibles d&rsquo;\u00e9valuer leur \u00e9tat de sant\u00e9 g\u00e9n\u00e9ral \u00e0 la baisse que les patients b\u00e9n\u00e9ficiant d&rsquo;une assurance priv\u00e9e ou de Medicaid, mais pas autant que les patients b\u00e9n\u00e9ficiant d&rsquo;une assurance maladie. Les patients b\u00e9n\u00e9ficiant d&rsquo;une indemnisation pour accident du travail \u00e9valuent \u00e9galement leur sant\u00e9 mentale \u00e0 un niveau inf\u00e9rieur \u00e0 celui des patients b\u00e9n\u00e9ficiant d&rsquo;une assurance priv\u00e9e, sans diff\u00e9rence significative avec les patients b\u00e9n\u00e9ficiant de Medicare et Medicaid.<\/p>\n<p>Dans les six domaines \u00e9valu\u00e9s, les patients b\u00e9n\u00e9ficiant d&rsquo;une indemnisation pour accident du travail sont moins susceptibles d&rsquo;obtenir un score plus \u00e9lev\u00e9 que les patients b\u00e9n\u00e9ficiant d&rsquo;autres payeurs, et ils attribuent des notes moins \u00e9lev\u00e9es aux prestataires sur une \u00e9chelle de 1 \u00e0 10. En revanche, les patients des assurances priv\u00e9es et les patients de l&rsquo;assurance-maladie sont mieux not\u00e9s. Cela sugg\u00e8re une diminution substantielle des scores des prestataires dans les limites de la population de patients, les cabinets ayant plus de 25,0 % de patients indemnis\u00e9s pour accidents du travail \u00e9tant susceptibles d&rsquo;obtenir des scores inf\u00e9rieurs dans les \u00e9valuations des prestataires.<\/p>\n<p>La probabilit\u00e9 de recommander le cabinet est essentielle pour comprendre la corr\u00e9lation entre la satisfaction du patient et le payeur principal, en tenant compte de divers facteurs. Les patients satisfaits sont plus susceptibles d&rsquo;\u00eatre des hommes, d&rsquo;avoir une meilleure auto-\u00e9valuation de leur sant\u00e9 mentale et d&rsquo;avoir une intervention chirurgicale programm\u00e9e. Les patients des services d&rsquo;indemnisation des accidents du travail, en revanche, sont moins susceptibles de recommander le cabinet et plus susceptibles d&rsquo;exprimer leur insatisfaction \u00e0 l&rsquo;\u00e9gard des soins qui leur sont prodigu\u00e9s.<\/p>\n<p>Les m\u00e9decins et les administrateurs se concentrent souvent sur les mesures de satisfaction des patients, mais les pr\u00e9dicteurs comprennent des facteurs non modifiables tels que l&rsquo;\u00e2ge et la distance \u00e0 parcourir. La qualit\u00e9 des soins de sant\u00e9 se refl\u00e8te dans la satisfaction des patients, mais n&rsquo;indique pas n\u00e9cessairement le respect des pratiques \u00e9thiques ou fond\u00e9es sur des donn\u00e9es probantes. Il est essentiel de comprendre les facteurs d\u00e9terminants, car les mesures de satisfaction et l&rsquo;influence des prestataires de soins individuels sont sp\u00e9culatives sans une compr\u00e9hension plus approfondie.<\/p>\n<p>Bien que les donn\u00e9es sur les r\u00e9sultats diff\u00e8rent entre les travailleurs indemnis\u00e9s et les autres patients, les raisons sont probablement multifactorielles et sp\u00e9culatives. La non-r\u00e9ponse dans l&rsquo;\u00e9valuation de la litt\u00e9rature orthop\u00e9dique introduit un biais, r\u00e9v\u00e9lant des variations d\u00e9mographiques chez les patients de l&rsquo;indemnisation des accidents du travail en ce qui concerne l&rsquo;\u00e2ge et le sexe, mais ne tenant pas compte des nuances de la s\u00e9lection et de la non-r\u00e9ponse. Les patients indemnis\u00e9s par l&rsquo;assurance accidents du travail font \u00e9tat d&rsquo;un \u00e9tat de sant\u00e9 g\u00e9n\u00e9ral moins bon et d&rsquo;une auto-\u00e9valuation de la sant\u00e9 mentale plus affect\u00e9e que les autres groupes, en particulier les payeurs priv\u00e9s.<\/p>\n<p>Tous les patients, quel que soit leur statut de payeur, ont b\u00e9n\u00e9fici\u00e9 d&rsquo;un acc\u00e8s \u00e9gal aux proc\u00e9dures chirurgicales. Il est int\u00e9ressant de noter que les patients des services d&rsquo;indemnisation des accidents du travail se sont montr\u00e9s plus satisfaits de leur exp\u00e9rience chirurgicale. La litt\u00e9rature existante montre que les scores de satisfaction peuvent \u00eatre influenc\u00e9s par les attentes des patients et peuvent \u00e9galement \u00eatre influenc\u00e9s par la satisfaction du clinicien ou le refus du patient. Bien que les patients subissant des interventions chirurgicales aient syst\u00e9matiquement donn\u00e9 des notes plus \u00e9lev\u00e9es dans diff\u00e9rents domaines, le scepticisme demeure quant \u00e0 l&rsquo;utilisation de la satisfaction des patients comme outil d&rsquo;\u00e9valuation de la qualit\u00e9 des soins.<\/p>\n<p>Les patients indemnis\u00e9s pour accidents du travail \u00e9taient plus enclins \u00e0 remplir le questionnaire lorsqu&rsquo;il s&rsquo;agissait de sous-sp\u00e9cialit\u00e9s orthop\u00e9diques telles que la main, les traumatismes, la m\u00e9decine physique et la r\u00e9adaptation. Au contraire, les patients indemnis\u00e9s pour des probl\u00e8mes de colonne vert\u00e9brale, de pied et de cheville ont obtenu les scores les plus bas. Ces donn\u00e9es ont soulev\u00e9 des inqui\u00e9tudes quant \u00e0 l&rsquo;impact de la satisfaction des patients en mati\u00e8re d&rsquo;indemnisation des accidents du travail sur des sous-sp\u00e9cialit\u00e9s sp\u00e9cifiques, \u00e0 savoir la main, la m\u00e9decine physique et la r\u00e9adaptation, et la traumatologie.<\/p>\n<p>Les divisions au sein de la population de patients ont eu un effet perceptible sur les scores de satisfaction du QGP pour les patients de l&rsquo;indemnisation des accidents du travail. Notamment, une clinique comptant plus de 10,5 % de patients indemnis\u00e9s pour accidents du travail a vu son score global baisser de mani\u00e8re significative. Lors de l&rsquo;utilisation des donn\u00e9es relatives \u00e0 la satisfaction des patients pour l&rsquo;\u00e9valuation des performances, les d\u00e9cisions en mati\u00e8re d&#8217;emploi ou les mesures de remboursement, les facteurs non modifiables tels que les \u00e9valuations de l&rsquo;indemnisation des accidents du travail doivent \u00eatre soigneusement pris en compte, soit par l&rsquo;exclusion, soit par l&rsquo;ajustement.<\/p>\n<p>Par rapport \u00e0 d&rsquo;autres groupes de payeurs primaires, les patients de l&rsquo;indemnisation des accidents du travail ont eu tendance \u00e0 exprimer une plus grande insatisfaction \u00e0 l&rsquo;\u00e9gard des exp\u00e9riences de soins de sant\u00e9. Toutefois, les donn\u00e9es r\u00e9v\u00e8lent des facteurs mal compris qui influencent la satisfaction des patients, qu&rsquo;ils soient modifiables ou non. Par cons\u00e9quent, les prestataires pourraient envisager d&rsquo;exclure ou d&rsquo;ajuster les \u00e9valuations de la satisfaction des patients dans le cadre de l&rsquo;indemnisation des accidents du travail. En outre, les prestataires de soins de sant\u00e9 doivent tenir compte de la complexit\u00e9 des facteurs positifs et n\u00e9gatifs qui influencent la satisfaction des patients lorsqu&rsquo;ils interpr\u00e8tent et appliquent le retour d&rsquo;information.<\/p>\n<p>En conclusion, la relation nuanc\u00e9e entre l&rsquo;indemnisation des accidents du travail et la satisfaction des patients souligne l&rsquo;interaction complexe de divers facteurs dans le paysage des soins de sant\u00e9. Bien que les patients des services d&rsquo;indemnisation des accidents du travail se soient montr\u00e9s plus satisfaits des proc\u00e9dures chirurgicales, il convient de faire preuve de prudence en se basant uniquement sur les scores de satisfaction des patients pour les \u00e9valuations de la qualit\u00e9. Les divisions des sous-sp\u00e9cialit\u00e9s au sein de la population de patients ont r\u00e9v\u00e9l\u00e9 des disparit\u00e9s, avec des pr\u00e9occupations concernant l&rsquo;impact sur des domaines sp\u00e9cifiques des soins orthop\u00e9diques.<\/p>\n<p>L&rsquo;effet perceptible sur les scores globaux de la pratique dans les cliniques ayant une proportion significative de patients souffrant d&rsquo;accidents du travail incite \u00e0 r\u00e9\u00e9valuer soigneusement l&rsquo;utilisation de ces param\u00e8tres pour l&rsquo;\u00e9valuation des performances et le remboursement. L&rsquo;insatisfaction plus grande exprim\u00e9e par les patients des services d&rsquo;indemnisation des accidents du travail souligne la n\u00e9cessit\u00e9 de mieux comprendre les facteurs complexes qui influencent la satisfaction des patients. Les prestataires de soins de sant\u00e9 doivent tenir compte de ces subtilit\u00e9s lorsqu&rsquo;ils interpr\u00e8tent le retour d&rsquo;information afin de garantir une approche globale et \u00e9quilibr\u00e9e pour am\u00e9liorer la satisfaction des patients et la qualit\u00e9 globale des soins.<\/p>\n","protected":false},"excerpt":{"rendered":"<p>Dans le domaine des soins de sant\u00e9 fond\u00e9s sur la valeur, un aspect crucial consiste \u00e0 \u00e9valuer l&rsquo;exp\u00e9rience du patient, en particulier dans le contexte de l&rsquo;indemnisation des accidents du travail. Malheureusement, lorsqu&rsquo;il s&rsquo;agit d&rsquo;\u00e9valuations fonctionnelles orthop\u00e9diques, le processus de validation a tendance \u00e0 faire baisser les \u00e9valuations et la satisfaction globale des patients dans [&hellip;]<\/p>\n","protected":false},"author":33,"featured_media":0,"parent":17790,"menu_order":0,"comment_status":"closed","ping_status":"closed","template":"","meta":{"_et_pb_use_builder":"","_et_pb_old_content":"","_et_gb_content_width":"","footnotes":""},"class_list":["post-21282","page","type-page","status-publish","hentry"],"yoast_head":"<!-- This site is optimized with the Yoast SEO plugin v27.2 - https:\/\/yoast.com\/product\/yoast-seo-wordpress\/ -->\n<title>L&#039;effet du statut de l&#039;indemnisation des travailleurs sur l&#039;exp\u00e9rience du patient | Best Hip &amp; Knee Surgeon | NY, USA<\/title>\n<meta name=\"description\" content=\"Dans le domaine des soins de sant\u00e9 fond\u00e9s sur la valeur, un aspect crucial consiste \u00e0 \u00e9valuer l&#039;exp\u00e9rience du patient, en particulier dans le contexte de\" \/>\n<meta name=\"robots\" content=\"index, follow, max-snippet:-1, max-image-preview:large, max-video-preview:-1\" \/>\n<link rel=\"canonical\" href=\"https:\/\/www.newyorkhipknee.com\/fr\/indemnisation-des-travailleurs\/leffet-du-statut-de-lindemnisation-des-travailleurs-sur-lexperience-du-patient\/\" \/>\n<meta property=\"og:locale\" content=\"fr_FR\" \/>\n<meta property=\"og:type\" content=\"article\" \/>\n<meta property=\"og:title\" content=\"L&#039;effet du statut de l&#039;indemnisation des travailleurs sur l&#039;exp\u00e9rience du patient | Best Hip &amp; Knee Surgeon | NY, USA\" \/>\n<meta property=\"og:description\" content=\"Dans le domaine des soins de sant\u00e9 fond\u00e9s sur la valeur, un aspect crucial consiste \u00e0 \u00e9valuer l&#039;exp\u00e9rience du patient, en particulier dans le contexte de\" \/>\n<meta property=\"og:url\" content=\"https:\/\/www.newyorkhipknee.com\/fr\/indemnisation-des-travailleurs\/leffet-du-statut-de-lindemnisation-des-travailleurs-sur-lexperience-du-patient\/\" \/>\n<meta property=\"og:site_name\" content=\"Best Hip &amp; Knee Surgeon | NY, USA\" \/>\n<meta name=\"twitter:card\" content=\"summary_large_image\" \/>\n<meta name=\"twitter:label1\" content=\"Dur\u00e9e de lecture estim\u00e9e\" \/>\n\t<meta name=\"twitter:data1\" content=\"11 minutes\" \/>\n<script type=\"application\/ld+json\" class=\"yoast-schema-graph\">{\"@context\":\"https:\/\/schema.org\",\"@graph\":[{\"@type\":[\"WebPage\",\"MedicalWebPage\"],\"@id\":\"https:\/\/www.newyorkhipknee.com\/fr\/indemnisation-des-travailleurs\/leffet-du-statut-de-lindemnisation-des-travailleurs-sur-lexperience-du-patient\/\",\"url\":\"https:\/\/www.newyorkhipknee.com\/fr\/indemnisation-des-travailleurs\/leffet-du-statut-de-lindemnisation-des-travailleurs-sur-lexperience-du-patient\/\",\"name\":\"L'effet du statut de l'indemnisation des travailleurs sur l'exp\u00e9rience du patient | Best Hip &amp; Knee Surgeon | NY, USA\",\"isPartOf\":{\"@id\":\"https:\/\/www.newyorkhipknee.com\/fr\/#website\"},\"datePublished\":\"2023-12-11T17:04:27+00:00\",\"description\":\"Dans le domaine des soins de sant\u00e9 fond\u00e9s sur la valeur, un aspect crucial consiste \u00e0 \u00e9valuer l'exp\u00e9rience du patient, en particulier dans le contexte de\",\"breadcrumb\":{\"@id\":\"https:\/\/www.newyorkhipknee.com\/fr\/indemnisation-des-travailleurs\/leffet-du-statut-de-lindemnisation-des-travailleurs-sur-lexperience-du-patient\/#breadcrumb\"},\"inLanguage\":\"fr-FR\",\"potentialAction\":[{\"@type\":\"ReadAction\",\"target\":[\"https:\/\/www.newyorkhipknee.com\/fr\/indemnisation-des-travailleurs\/leffet-du-statut-de-lindemnisation-des-travailleurs-sur-lexperience-du-patient\/\"]}]},{\"@type\":\"BreadcrumbList\",\"@id\":\"https:\/\/www.newyorkhipknee.com\/fr\/indemnisation-des-travailleurs\/leffet-du-statut-de-lindemnisation-des-travailleurs-sur-lexperience-du-patient\/#breadcrumb\",\"itemListElement\":[{\"@type\":\"ListItem\",\"position\":1,\"name\":\"Home\",\"item\":\"https:\/\/www.newyorkhipknee.com\/fr\/\"},{\"@type\":\"ListItem\",\"position\":2,\"name\":\"Indemnisation des travailleurs\",\"item\":\"https:\/\/www.newyorkhipknee.com\/fr\/indemnisation-des-travailleurs\/\"},{\"@type\":\"ListItem\",\"position\":3,\"name\":\"L&rsquo;effet du statut de l&rsquo;indemnisation des travailleurs sur l&rsquo;exp\u00e9rience du patient\"}]},{\"@type\":\"WebSite\",\"@id\":\"https:\/\/www.newyorkhipknee.com\/fr\/#website\",\"url\":\"https:\/\/www.newyorkhipknee.com\/fr\/\",\"name\":\"Best Hip & Knee Surgeon | NY, USA\",\"description\":\"\",\"potentialAction\":[{\"@type\":\"SearchAction\",\"target\":{\"@type\":\"EntryPoint\",\"urlTemplate\":\"https:\/\/www.newyorkhipknee.com\/fr\/?s={search_term_string}\"},\"query-input\":{\"@type\":\"PropertyValueSpecification\",\"valueRequired\":true,\"valueName\":\"search_term_string\"}}],\"inLanguage\":\"fr-FR\"}]}<\/script>\n<!-- \/ Yoast SEO plugin. -->","yoast_head_json":{"title":"L'effet du statut de l'indemnisation des travailleurs sur l'exp\u00e9rience du patient | Best Hip &amp; Knee Surgeon | NY, USA","description":"Dans le domaine des soins de sant\u00e9 fond\u00e9s sur la valeur, un aspect crucial consiste \u00e0 \u00e9valuer l'exp\u00e9rience du patient, en particulier dans le contexte de","robots":{"index":"index","follow":"follow","max-snippet":"max-snippet:-1","max-image-preview":"max-image-preview:large","max-video-preview":"max-video-preview:-1"},"canonical":"https:\/\/www.newyorkhipknee.com\/fr\/indemnisation-des-travailleurs\/leffet-du-statut-de-lindemnisation-des-travailleurs-sur-lexperience-du-patient\/","og_locale":"fr_FR","og_type":"article","og_title":"L'effet du statut de l'indemnisation des travailleurs sur l'exp\u00e9rience du patient | Best Hip &amp; Knee Surgeon | NY, USA","og_description":"Dans le domaine des soins de sant\u00e9 fond\u00e9s sur la valeur, un aspect crucial consiste \u00e0 \u00e9valuer l'exp\u00e9rience du patient, en particulier dans le contexte de","og_url":"https:\/\/www.newyorkhipknee.com\/fr\/indemnisation-des-travailleurs\/leffet-du-statut-de-lindemnisation-des-travailleurs-sur-lexperience-du-patient\/","og_site_name":"Best Hip &amp; Knee Surgeon | NY, USA","twitter_card":"summary_large_image","twitter_misc":{"Dur\u00e9e de lecture estim\u00e9e":"11 minutes"},"schema":{"@context":"https:\/\/schema.org","@graph":[{"@type":["WebPage","MedicalWebPage"],"@id":"https:\/\/www.newyorkhipknee.com\/fr\/indemnisation-des-travailleurs\/leffet-du-statut-de-lindemnisation-des-travailleurs-sur-lexperience-du-patient\/","url":"https:\/\/www.newyorkhipknee.com\/fr\/indemnisation-des-travailleurs\/leffet-du-statut-de-lindemnisation-des-travailleurs-sur-lexperience-du-patient\/","name":"L'effet du statut de l'indemnisation des travailleurs sur l'exp\u00e9rience du patient | Best Hip &amp; Knee Surgeon | NY, USA","isPartOf":{"@id":"https:\/\/www.newyorkhipknee.com\/fr\/#website"},"datePublished":"2023-12-11T17:04:27+00:00","description":"Dans le domaine des soins de sant\u00e9 fond\u00e9s sur la valeur, un aspect crucial consiste \u00e0 \u00e9valuer l'exp\u00e9rience du patient, en particulier dans le contexte de","breadcrumb":{"@id":"https:\/\/www.newyorkhipknee.com\/fr\/indemnisation-des-travailleurs\/leffet-du-statut-de-lindemnisation-des-travailleurs-sur-lexperience-du-patient\/#breadcrumb"},"inLanguage":"fr-FR","potentialAction":[{"@type":"ReadAction","target":["https:\/\/www.newyorkhipknee.com\/fr\/indemnisation-des-travailleurs\/leffet-du-statut-de-lindemnisation-des-travailleurs-sur-lexperience-du-patient\/"]}]},{"@type":"BreadcrumbList","@id":"https:\/\/www.newyorkhipknee.com\/fr\/indemnisation-des-travailleurs\/leffet-du-statut-de-lindemnisation-des-travailleurs-sur-lexperience-du-patient\/#breadcrumb","itemListElement":[{"@type":"ListItem","position":1,"name":"Home","item":"https:\/\/www.newyorkhipknee.com\/fr\/"},{"@type":"ListItem","position":2,"name":"Indemnisation des travailleurs","item":"https:\/\/www.newyorkhipknee.com\/fr\/indemnisation-des-travailleurs\/"},{"@type":"ListItem","position":3,"name":"L&rsquo;effet du statut de l&rsquo;indemnisation des travailleurs sur l&rsquo;exp\u00e9rience du patient"}]},{"@type":"WebSite","@id":"https:\/\/www.newyorkhipknee.com\/fr\/#website","url":"https:\/\/www.newyorkhipknee.com\/fr\/","name":"Best Hip & Knee Surgeon | NY, USA","description":"","potentialAction":[{"@type":"SearchAction","target":{"@type":"EntryPoint","urlTemplate":"https:\/\/www.newyorkhipknee.com\/fr\/?s={search_term_string}"},"query-input":{"@type":"PropertyValueSpecification","valueRequired":true,"valueName":"search_term_string"}}],"inLanguage":"fr-FR"}]}},"_links":{"self":[{"href":"https:\/\/www.newyorkhipknee.com\/fr\/wp-json\/wp\/v2\/pages\/21282","targetHints":{"allow":["GET"]}}],"collection":[{"href":"https:\/\/www.newyorkhipknee.com\/fr\/wp-json\/wp\/v2\/pages"}],"about":[{"href":"https:\/\/www.newyorkhipknee.com\/fr\/wp-json\/wp\/v2\/types\/page"}],"author":[{"embeddable":true,"href":"https:\/\/www.newyorkhipknee.com\/fr\/wp-json\/wp\/v2\/users\/33"}],"replies":[{"embeddable":true,"href":"https:\/\/www.newyorkhipknee.com\/fr\/wp-json\/wp\/v2\/comments?post=21282"}],"version-history":[{"count":0,"href":"https:\/\/www.newyorkhipknee.com\/fr\/wp-json\/wp\/v2\/pages\/21282\/revisions"}],"up":[{"embeddable":true,"href":"https:\/\/www.newyorkhipknee.com\/fr\/wp-json\/wp\/v2\/pages\/17790"}],"wp:attachment":[{"href":"https:\/\/www.newyorkhipknee.com\/fr\/wp-json\/wp\/v2\/media?parent=21282"}],"curies":[{"name":"wp","href":"https:\/\/api.w.org\/{rel}","templated":true}]}}