{"id":21286,"date":"2023-12-08T13:26:53","date_gmt":"2023-12-08T18:26:53","guid":{"rendered":"https:\/\/newyorkhipknee.com\/indemnisation-des-travailleurs\/ce-quun-proprietaire-dentreprise-doit-savoir\/"},"modified":"2023-12-08T13:26:53","modified_gmt":"2023-12-08T18:26:53","slug":"ce-quun-proprietaire-dentreprise-doit-savoir","status":"publish","type":"page","link":"https:\/\/www.newyorkhipknee.com\/fr\/indemnisation-des-travailleurs\/ce-quun-proprietaire-dentreprise-doit-savoir\/","title":{"rendered":"Ce qu&rsquo;un propri\u00e9taire d&rsquo;entreprise doit savoir"},"content":{"rendered":"<p>L&rsquo;indemnisation des travailleurs joue un r\u00f4le essentiel dans le traitement de nombreux patients souffrant d&rsquo;accidents du travail. Toutefois, il arrive que l&#8217;employeur d&rsquo;un patient n&rsquo;ait pas souscrit d&rsquo;assurance contre les accidents du travail, ce qui entra\u00eene des difficult\u00e9s pour couvrir les frais m\u00e9dicaux. Cet article vise \u00e0 faire la lumi\u00e8re sur l&rsquo;assurance accidents du travail pour les employeurs.<\/p>\n<p>Veuillez noter que nous ne sommes pas une agence d&rsquo;assurance ou un cabinet d&rsquo;avocats ; nous sommes des prestataires m\u00e9dicaux sp\u00e9cialis\u00e9s dans le traitement des blessures orthop\u00e9diques. Par cons\u00e9quent, avant de prendre une d\u00e9cision d\u00e9finitive, il est conseill\u00e9 de contacter votre compagnie d&rsquo;assurance, votre agence ou votre avocat. Prenez contact avec nous si votre employ\u00e9 souffre de l\u00e9sions orthop\u00e9diques.<\/p>\n<p>Dans l&rsquo;\u00c9tat de New York, l&rsquo;assurance contre les accidents du travail est obligatoire pour couvrir les accidents, les blessures et les maladies li\u00e9s au travail. Elle permet non seulement de fournir un traitement m\u00e9dical et une compensation salariale, mais aussi de prot\u00e9ger les patients bless\u00e9s contre les poursuites judiciaires.<\/p>\n<p>En plus de l&rsquo;indemnisation des accidents du travail, l&rsquo;\u00c9tat de New York exige une assurance invalidit\u00e9 pour prot\u00e9ger les employ\u00e9s en cas d&rsquo;incidents li\u00e9s au travail. Toutefois, il est essentiel de noter que l&rsquo;assurance invalidit\u00e9 ne couvre pas les prestations m\u00e9dicales.<\/p>\n<p>Il est essentiel de d\u00e9terminer qui a besoin d&rsquo;une couverture. Les entreprises employant des salari\u00e9s sont soumises \u00e0 l&rsquo;obligation de couverture des accidents du travail. Un salari\u00e9 est d\u00e9fini au sens large comme une personne fournissant un service \u00e0 une entreprise, avec des exceptions limit\u00e9es pour les personnes r\u00e9mun\u00e9r\u00e9es.<\/p>\n<p>Le co\u00fbt de l&rsquo;assurance contre les accidents du travail est d\u00e9termin\u00e9 par les codes de classification, qui attribuent des valeurs bas\u00e9es sur le niveau de dangerosit\u00e9 des diff\u00e9rents types de travail. Vos pratiques commerciales et vos mesures de s\u00e9curit\u00e9, compar\u00e9es \u00e0 celles d&rsquo;autres entreprises de votre secteur, ont \u00e9galement une incidence sur le co\u00fbt. Il est recommand\u00e9 de conna\u00eetre les entrepreneurs ind\u00e9pendants dans votre r\u00e9gion, car les id\u00e9es fausses sur leur statut peuvent entra\u00eener des complications en cas de blessures ou de maladies.<\/p>\n<p>Certains employeurs peuvent envisager d&#8217;embaucher des travailleurs ind\u00e9pendants pour \u00e9viter les retenues \u00e0 la source et obtenir des salaires plus \u00e9lev\u00e9s. Toutefois, la validit\u00e9 du statut d&rsquo;entrepreneur ind\u00e9pendant est d\u00e9termin\u00e9e par des crit\u00e8res tels que l&rsquo;utilisation de l&rsquo;\u00e9quipement et la propri\u00e9t\u00e9 de l&rsquo;entreprise. Les employeurs qui font appel \u00e0 des sous-traitants doivent s&rsquo;assurer qu&rsquo;ils disposent d&rsquo;une assurance et qu&rsquo;ils re\u00e7oivent des notifications en cas d&rsquo;interruption de la couverture.<\/p>\n<p>Les employeurs devraient souscrire une assurance contre les accidents du travail en versant une mensualit\u00e9 et un acompte afin d&rsquo;\u00e9viter que les sous-traitants ne perdent leur couverture. Le non-respect des obligations de l&rsquo;\u00c9tat de New York en mati\u00e8re de prestations d&rsquo;invalidit\u00e9 et d&rsquo;indemnisation des accidents du travail peut entra\u00eener de lourdes p\u00e9nalit\u00e9s ; il est donc essentiel d&rsquo;appliquer les codes corrects et d&rsquo;assurer le suivi des demandes.<\/p>\n<p>Les employeurs doivent informer leur compagnie d&rsquo;assurance lorsqu&rsquo;un employ\u00e9 est test\u00e9 positif au COVID-19 dans un contexte professionnel. Le cong\u00e9 de quarantaine COVID-19 offre une protection de l&#8217;emploi et une compensation salariale pendant les p\u00e9riodes de quarantaine ou d&rsquo;isolement obligatoires ou pr\u00e9ventives des employ\u00e9s ou de leurs enfants mineurs \u00e0 charge.<\/p>\n<p>Pour \u00e9viter les plaintes pour discrimination, les employeurs doivent savoir que le licenciement d&rsquo;un employ\u00e9 n&rsquo;est autoris\u00e9 que pour des raisons valables telles que la mauvaise conduite ou l&rsquo;insubordination, et non pour le d\u00e9p\u00f4t d&rsquo;une demande d&rsquo;indemnisation pour accident du travail. Le statut d&rsquo;immigrant n&rsquo;a pas d&rsquo;incidence sur les demandes d&rsquo;indemnisation des travailleurs. Rester inform\u00e9 sur les programmes de s\u00e9curit\u00e9 au travail et fournir les informations n\u00e9cessaires sur les cong\u00e9s familiaux pay\u00e9s aux employ\u00e9s et \u00e0 l&rsquo;assureur.<\/p>\n","protected":false},"excerpt":{"rendered":"<p>L&rsquo;indemnisation des travailleurs joue un r\u00f4le essentiel dans le traitement de nombreux patients souffrant d&rsquo;accidents du travail. Toutefois, il arrive que l&#8217;employeur d&rsquo;un patient n&rsquo;ait pas souscrit d&rsquo;assurance contre les accidents du travail, ce qui entra\u00eene des difficult\u00e9s pour couvrir les frais m\u00e9dicaux. Cet article vise \u00e0 faire la lumi\u00e8re sur l&rsquo;assurance accidents du travail [&hellip;]<\/p>\n","protected":false},"author":33,"featured_media":0,"parent":17790,"menu_order":0,"comment_status":"closed","ping_status":"closed","template":"","meta":{"_et_pb_use_builder":"","_et_pb_old_content":"","_et_gb_content_width":"","footnotes":""},"class_list":["post-21286","page","type-page","status-publish","hentry"],"yoast_head":"<!-- This site is optimized with the Yoast SEO plugin v27.2 - https:\/\/yoast.com\/product\/yoast-seo-wordpress\/ -->\n<title>Ce qu&#039;un propri\u00e9taire d&#039;entreprise doit savoir | Best Hip &amp; Knee Surgeon | NY, USA<\/title>\n<meta name=\"description\" content=\"L&#039;indemnisation des travailleurs joue un r\u00f4le essentiel dans le traitement de nombreux patients souffrant d&#039;accidents du travail. Toutefois, il arrive que\" \/>\n<meta name=\"robots\" content=\"index, follow, max-snippet:-1, max-image-preview:large, max-video-preview:-1\" \/>\n<link rel=\"canonical\" href=\"https:\/\/www.newyorkhipknee.com\/fr\/indemnisation-des-travailleurs\/ce-quun-proprietaire-dentreprise-doit-savoir\/\" \/>\n<meta property=\"og:locale\" content=\"fr_FR\" \/>\n<meta property=\"og:type\" content=\"article\" \/>\n<meta property=\"og:title\" content=\"Ce qu&#039;un propri\u00e9taire d&#039;entreprise doit savoir | Best Hip &amp; Knee Surgeon | NY, USA\" \/>\n<meta property=\"og:description\" content=\"L&#039;indemnisation des travailleurs joue un r\u00f4le essentiel dans le traitement de nombreux patients souffrant d&#039;accidents du travail. Toutefois, il arrive que\" \/>\n<meta property=\"og:url\" content=\"https:\/\/www.newyorkhipknee.com\/fr\/indemnisation-des-travailleurs\/ce-quun-proprietaire-dentreprise-doit-savoir\/\" \/>\n<meta property=\"og:site_name\" content=\"Best Hip &amp; Knee Surgeon | NY, USA\" \/>\n<meta name=\"twitter:card\" content=\"summary_large_image\" \/>\n<meta name=\"twitter:label1\" content=\"Dur\u00e9e de lecture estim\u00e9e\" \/>\n\t<meta name=\"twitter:data1\" content=\"3 minutes\" \/>\n<script type=\"application\/ld+json\" class=\"yoast-schema-graph\">{\"@context\":\"https:\/\/schema.org\",\"@graph\":[{\"@type\":[\"WebPage\",\"MedicalWebPage\"],\"@id\":\"https:\/\/www.newyorkhipknee.com\/fr\/indemnisation-des-travailleurs\/ce-quun-proprietaire-dentreprise-doit-savoir\/\",\"url\":\"https:\/\/www.newyorkhipknee.com\/fr\/indemnisation-des-travailleurs\/ce-quun-proprietaire-dentreprise-doit-savoir\/\",\"name\":\"Ce qu'un propri\u00e9taire d'entreprise doit savoir | Best Hip &amp; Knee Surgeon | NY, USA\",\"isPartOf\":{\"@id\":\"https:\/\/www.newyorkhipknee.com\/fr\/#website\"},\"datePublished\":\"2023-12-08T18:26:53+00:00\",\"description\":\"L'indemnisation des travailleurs joue un r\u00f4le essentiel dans le traitement de nombreux patients souffrant d'accidents du travail. Toutefois, il arrive que\",\"breadcrumb\":{\"@id\":\"https:\/\/www.newyorkhipknee.com\/fr\/indemnisation-des-travailleurs\/ce-quun-proprietaire-dentreprise-doit-savoir\/#breadcrumb\"},\"inLanguage\":\"fr-FR\",\"potentialAction\":[{\"@type\":\"ReadAction\",\"target\":[\"https:\/\/www.newyorkhipknee.com\/fr\/indemnisation-des-travailleurs\/ce-quun-proprietaire-dentreprise-doit-savoir\/\"]}]},{\"@type\":\"BreadcrumbList\",\"@id\":\"https:\/\/www.newyorkhipknee.com\/fr\/indemnisation-des-travailleurs\/ce-quun-proprietaire-dentreprise-doit-savoir\/#breadcrumb\",\"itemListElement\":[{\"@type\":\"ListItem\",\"position\":1,\"name\":\"Home\",\"item\":\"https:\/\/www.newyorkhipknee.com\/fr\/\"},{\"@type\":\"ListItem\",\"position\":2,\"name\":\"Indemnisation des travailleurs\",\"item\":\"https:\/\/www.newyorkhipknee.com\/fr\/indemnisation-des-travailleurs\/\"},{\"@type\":\"ListItem\",\"position\":3,\"name\":\"Ce qu&rsquo;un propri\u00e9taire d&rsquo;entreprise doit savoir\"}]},{\"@type\":\"WebSite\",\"@id\":\"https:\/\/www.newyorkhipknee.com\/fr\/#website\",\"url\":\"https:\/\/www.newyorkhipknee.com\/fr\/\",\"name\":\"Best Hip & Knee Surgeon | NY, USA\",\"description\":\"\",\"potentialAction\":[{\"@type\":\"SearchAction\",\"target\":{\"@type\":\"EntryPoint\",\"urlTemplate\":\"https:\/\/www.newyorkhipknee.com\/fr\/?s={search_term_string}\"},\"query-input\":{\"@type\":\"PropertyValueSpecification\",\"valueRequired\":true,\"valueName\":\"search_term_string\"}}],\"inLanguage\":\"fr-FR\"}]}<\/script>\n<!-- \/ Yoast SEO plugin. -->","yoast_head_json":{"title":"Ce qu'un propri\u00e9taire d'entreprise doit savoir | Best Hip &amp; Knee Surgeon | NY, USA","description":"L'indemnisation des travailleurs joue un r\u00f4le essentiel dans le traitement de nombreux patients souffrant d'accidents du travail. Toutefois, il arrive que","robots":{"index":"index","follow":"follow","max-snippet":"max-snippet:-1","max-image-preview":"max-image-preview:large","max-video-preview":"max-video-preview:-1"},"canonical":"https:\/\/www.newyorkhipknee.com\/fr\/indemnisation-des-travailleurs\/ce-quun-proprietaire-dentreprise-doit-savoir\/","og_locale":"fr_FR","og_type":"article","og_title":"Ce qu'un propri\u00e9taire d'entreprise doit savoir | Best Hip &amp; Knee Surgeon | NY, USA","og_description":"L'indemnisation des travailleurs joue un r\u00f4le essentiel dans le traitement de nombreux patients souffrant d'accidents du travail. Toutefois, il arrive que","og_url":"https:\/\/www.newyorkhipknee.com\/fr\/indemnisation-des-travailleurs\/ce-quun-proprietaire-dentreprise-doit-savoir\/","og_site_name":"Best Hip &amp; Knee Surgeon | NY, USA","twitter_card":"summary_large_image","twitter_misc":{"Dur\u00e9e de lecture estim\u00e9e":"3 minutes"},"schema":{"@context":"https:\/\/schema.org","@graph":[{"@type":["WebPage","MedicalWebPage"],"@id":"https:\/\/www.newyorkhipknee.com\/fr\/indemnisation-des-travailleurs\/ce-quun-proprietaire-dentreprise-doit-savoir\/","url":"https:\/\/www.newyorkhipknee.com\/fr\/indemnisation-des-travailleurs\/ce-quun-proprietaire-dentreprise-doit-savoir\/","name":"Ce qu'un propri\u00e9taire d'entreprise doit savoir | Best Hip &amp; Knee Surgeon | NY, USA","isPartOf":{"@id":"https:\/\/www.newyorkhipknee.com\/fr\/#website"},"datePublished":"2023-12-08T18:26:53+00:00","description":"L'indemnisation des travailleurs joue un r\u00f4le essentiel dans le traitement de nombreux patients souffrant d'accidents du travail. Toutefois, il arrive que","breadcrumb":{"@id":"https:\/\/www.newyorkhipknee.com\/fr\/indemnisation-des-travailleurs\/ce-quun-proprietaire-dentreprise-doit-savoir\/#breadcrumb"},"inLanguage":"fr-FR","potentialAction":[{"@type":"ReadAction","target":["https:\/\/www.newyorkhipknee.com\/fr\/indemnisation-des-travailleurs\/ce-quun-proprietaire-dentreprise-doit-savoir\/"]}]},{"@type":"BreadcrumbList","@id":"https:\/\/www.newyorkhipknee.com\/fr\/indemnisation-des-travailleurs\/ce-quun-proprietaire-dentreprise-doit-savoir\/#breadcrumb","itemListElement":[{"@type":"ListItem","position":1,"name":"Home","item":"https:\/\/www.newyorkhipknee.com\/fr\/"},{"@type":"ListItem","position":2,"name":"Indemnisation des travailleurs","item":"https:\/\/www.newyorkhipknee.com\/fr\/indemnisation-des-travailleurs\/"},{"@type":"ListItem","position":3,"name":"Ce qu&rsquo;un propri\u00e9taire d&rsquo;entreprise doit savoir"}]},{"@type":"WebSite","@id":"https:\/\/www.newyorkhipknee.com\/fr\/#website","url":"https:\/\/www.newyorkhipknee.com\/fr\/","name":"Best Hip & Knee Surgeon | NY, USA","description":"","potentialAction":[{"@type":"SearchAction","target":{"@type":"EntryPoint","urlTemplate":"https:\/\/www.newyorkhipknee.com\/fr\/?s={search_term_string}"},"query-input":{"@type":"PropertyValueSpecification","valueRequired":true,"valueName":"search_term_string"}}],"inLanguage":"fr-FR"}]}},"_links":{"self":[{"href":"https:\/\/www.newyorkhipknee.com\/fr\/wp-json\/wp\/v2\/pages\/21286","targetHints":{"allow":["GET"]}}],"collection":[{"href":"https:\/\/www.newyorkhipknee.com\/fr\/wp-json\/wp\/v2\/pages"}],"about":[{"href":"https:\/\/www.newyorkhipknee.com\/fr\/wp-json\/wp\/v2\/types\/page"}],"author":[{"embeddable":true,"href":"https:\/\/www.newyorkhipknee.com\/fr\/wp-json\/wp\/v2\/users\/33"}],"replies":[{"embeddable":true,"href":"https:\/\/www.newyorkhipknee.com\/fr\/wp-json\/wp\/v2\/comments?post=21286"}],"version-history":[{"count":0,"href":"https:\/\/www.newyorkhipknee.com\/fr\/wp-json\/wp\/v2\/pages\/21286\/revisions"}],"up":[{"embeddable":true,"href":"https:\/\/www.newyorkhipknee.com\/fr\/wp-json\/wp\/v2\/pages\/17790"}],"wp:attachment":[{"href":"https:\/\/www.newyorkhipknee.com\/fr\/wp-json\/wp\/v2\/media?parent=21286"}],"curies":[{"name":"wp","href":"https:\/\/api.w.org\/{rel}","templated":true}]}}