{"id":21288,"date":"2023-12-08T11:49:40","date_gmt":"2023-12-08T16:49:40","guid":{"rendered":"https:\/\/newyorkhipknee.com\/indemnisation-des-travailleurs\/ce-que-vous-devez-faire-si-lassurance-accidents-du-travail-refuse-votre-therapie-physique\/"},"modified":"2023-12-08T11:49:40","modified_gmt":"2023-12-08T16:49:40","slug":"ce-que-vous-devez-faire-si-lassurance-accidents-du-travail-refuse-votre-therapie-physique","status":"publish","type":"page","link":"https:\/\/www.newyorkhipknee.com\/fr\/indemnisation-des-travailleurs\/ce-que-vous-devez-faire-si-lassurance-accidents-du-travail-refuse-votre-therapie-physique\/","title":{"rendered":"Ce que vous devez faire si l&rsquo;assurance accidents du travail refuse votre th\u00e9rapie physique"},"content":{"rendered":"<p>L&rsquo;indemnisation des travailleurs est financ\u00e9e exclusivement par l&#8217;employeur et, selon l&rsquo;Administration de la s\u00e9curit\u00e9 sociale, le montant total des prestations vers\u00e9es au titre des programmes d&rsquo;indemnisation des travailleurs a atteint 63,6 milliards de dollars en 2013.<\/p>\n<p>En cas d&rsquo;accident du travail, vous avez g\u00e9n\u00e9ralement la possibilit\u00e9 de percevoir des indemnit\u00e9s au titre de la l\u00e9gislation sur les accidents du travail. Souvent, les blessures au travail n\u00e9cessitent une th\u00e9rapie physique. Cependant, dans certains cas, votre demande de remboursement des frais de kin\u00e9sith\u00e9rapie peut \u00eatre refus\u00e9e.<\/p>\n<p>Raisons pour lesquelles la th\u00e9rapie physique est refus\u00e9e :<\/p>\n<ol>\n<li><strong>Manquement \u00e0 l&rsquo;obligation d&rsquo;informer rapidement votre employeur :<\/strong>\n<ul>\n<li>Il est essentiel de signaler imm\u00e9diatement votre blessure \u00e0 votre employeur, car dans le cadre de l&rsquo;assurance accidents du travail, l&rsquo;ouverture de votre dossier d\u00e9pend de cette d\u00e9claration. En g\u00e9n\u00e9ral, vous disposez d&rsquo;un d\u00e9lai de 30 jours pour d\u00e9poser une demande d&rsquo;indemnisation. En cas de d\u00e9passement, des services tels que la kin\u00e9sith\u00e9rapie recommand\u00e9e par votre m\u00e9decin peuvent \u00eatre refus\u00e9s.<\/li>\n<\/ul>\n<\/li>\n<li><strong>Absence de d\u00e9p\u00f4t de la demande dans le d\u00e9lai l\u00e9gal :<\/strong>\n<ul>\n<li>La d\u00e9claration d&rsquo;une blessure et le d\u00e9p\u00f4t d&rsquo;une demande d&rsquo;indemnisation sont des processus distincts. Le fait de ne pas respecter le d\u00e9lai de prescription pour le d\u00e9p\u00f4t d&rsquo;une demande officielle peut entra\u00eener un refus, ce qui conduit au rejet de la th\u00e9rapie physique. Les p\u00e9riodes de d\u00e9p\u00f4t varient d&rsquo;un \u00c9tat \u00e0 l&rsquo;autre, il est donc essentiel de comprendre la l\u00e9gislation de votre \u00c9tat.<\/li>\n<\/ul>\n<\/li>\n<li><strong>L&rsquo;accident survient en dehors du travail :<\/strong>\n<ul>\n<li>Pour d\u00e9poser une demande d&rsquo;indemnisation, la blessure doit \u00eatre survenue lors d&rsquo;un travail dans les locaux de l&#8217;employeur ou lors d&rsquo;un travail hors site. Le b\u00e9n\u00e9volat en dehors des heures de travail peut ne pas \u00eatre couvert, car, techniquement, vous ne travaillez pas pour votre employeur \u00e0 ce moment-l\u00e0.<\/li>\n<\/ul>\n<\/li>\n<li><strong>D\u00e9faillance administrative :<\/strong>\n<ul>\n<li>Les s\u00e9ances de kin\u00e9sith\u00e9rapie prescrites par le m\u00e9decin doivent \u00eatre communiqu\u00e9es \u00e0 l&rsquo;expert de l&rsquo;assurance accidents du travail. Le non-respect de cette obligation peut entra\u00eener le refus de la th\u00e9rapie physique.<\/li>\n<\/ul>\n<\/li>\n<\/ol>\n<p>R\u00e9pondre aux d\u00e9n\u00e9gations :<\/p>\n<ul>\n<li>Si la th\u00e9rapie physique est refus\u00e9e, envisagez d&rsquo;introduire un recours rapidement. Ce processus, qui se d\u00e9roule g\u00e9n\u00e9ralement dans un d\u00e9lai de 30 \u00e0 90 jours, b\u00e9n\u00e9ficie de la consultation d&rsquo;un avocat sp\u00e9cialis\u00e9 dans l&rsquo;indemnisation des accidents du travail afin de s&rsquo;y retrouver dans la complexit\u00e9 du processus.<\/li>\n<li>La r\u00e9ouverture d&rsquo;une demande ant\u00e9rieure est possible si votre blessure s&rsquo;aggrave et que la kin\u00e9sith\u00e9rapie devient essentielle \u00e0 l&rsquo;exercice de votre activit\u00e9 professionnelle. Il est conseill\u00e9 de demander un avis juridique en raison de la complexit\u00e9 des lois sur l&rsquo;indemnisation des travailleurs.<\/li>\n<\/ul>\n<p>Pour b\u00e9n\u00e9ficier des prestations maximales et de la th\u00e9rapie physique n\u00e9cessaire, il faut naviguer avec soin dans le syst\u00e8me d&rsquo;indemnisation des accidents du travail. La consultation d&rsquo;un avocat exp\u00e9riment\u00e9 augmente vos chances de r\u00e9ussite et vous aide \u00e0 reprendre votre vie en main.<\/p>\n","protected":false},"excerpt":{"rendered":"<p>L&rsquo;indemnisation des travailleurs est financ\u00e9e exclusivement par l&#8217;employeur et, selon l&rsquo;Administration de la s\u00e9curit\u00e9 sociale, le montant total des prestations vers\u00e9es au titre des programmes d&rsquo;indemnisation des travailleurs a atteint 63,6 milliards de dollars en 2013. En cas d&rsquo;accident du travail, vous avez g\u00e9n\u00e9ralement la possibilit\u00e9 de percevoir des indemnit\u00e9s au titre de la l\u00e9gislation [&hellip;]<\/p>\n","protected":false},"author":33,"featured_media":0,"parent":17790,"menu_order":0,"comment_status":"closed","ping_status":"closed","template":"","meta":{"_et_pb_use_builder":"","_et_pb_old_content":"","_et_gb_content_width":"","footnotes":""},"class_list":["post-21288","page","type-page","status-publish","hentry"],"yoast_head":"<!-- This site is optimized with the Yoast SEO plugin v27.2 - https:\/\/yoast.com\/product\/yoast-seo-wordpress\/ -->\n<title>Ce que vous devez faire si l&#039;assurance accidents du travail refuse votre th\u00e9rapie physique | Best Hip &amp; Knee Surgeon | NY, USA<\/title>\n<meta name=\"description\" content=\"L&#039;indemnisation des travailleurs est financ\u00e9e exclusivement par l&#039;employeur et, selon l&#039;Administration de la s\u00e9curit\u00e9 sociale, le montant total des\" \/>\n<meta name=\"robots\" content=\"index, follow, max-snippet:-1, max-image-preview:large, max-video-preview:-1\" \/>\n<link rel=\"canonical\" href=\"https:\/\/www.newyorkhipknee.com\/fr\/indemnisation-des-travailleurs\/ce-que-vous-devez-faire-si-lassurance-accidents-du-travail-refuse-votre-therapie-physique\/\" \/>\n<meta property=\"og:locale\" content=\"fr_FR\" \/>\n<meta property=\"og:type\" content=\"article\" \/>\n<meta property=\"og:title\" content=\"Ce que vous devez faire si l&#039;assurance accidents du travail refuse votre th\u00e9rapie physique | Best Hip &amp; Knee Surgeon | NY, USA\" \/>\n<meta property=\"og:description\" content=\"L&#039;indemnisation des travailleurs est financ\u00e9e exclusivement par l&#039;employeur et, selon l&#039;Administration de la s\u00e9curit\u00e9 sociale, le montant total des\" \/>\n<meta property=\"og:url\" content=\"https:\/\/www.newyorkhipknee.com\/fr\/indemnisation-des-travailleurs\/ce-que-vous-devez-faire-si-lassurance-accidents-du-travail-refuse-votre-therapie-physique\/\" \/>\n<meta property=\"og:site_name\" content=\"Best Hip &amp; Knee Surgeon | NY, USA\" \/>\n<meta name=\"twitter:card\" content=\"summary_large_image\" \/>\n<meta name=\"twitter:label1\" content=\"Dur\u00e9e de lecture estim\u00e9e\" \/>\n\t<meta name=\"twitter:data1\" content=\"3 minutes\" \/>\n<script type=\"application\/ld+json\" class=\"yoast-schema-graph\">{\"@context\":\"https:\/\/schema.org\",\"@graph\":[{\"@type\":[\"WebPage\",\"MedicalWebPage\"],\"@id\":\"https:\/\/www.newyorkhipknee.com\/fr\/indemnisation-des-travailleurs\/ce-que-vous-devez-faire-si-lassurance-accidents-du-travail-refuse-votre-therapie-physique\/\",\"url\":\"https:\/\/www.newyorkhipknee.com\/fr\/indemnisation-des-travailleurs\/ce-que-vous-devez-faire-si-lassurance-accidents-du-travail-refuse-votre-therapie-physique\/\",\"name\":\"Ce que vous devez faire si l'assurance accidents du travail refuse votre th\u00e9rapie physique | Best Hip &amp; Knee Surgeon | NY, USA\",\"isPartOf\":{\"@id\":\"https:\/\/www.newyorkhipknee.com\/fr\/#website\"},\"datePublished\":\"2023-12-08T16:49:40+00:00\",\"description\":\"L'indemnisation des travailleurs est financ\u00e9e exclusivement par l'employeur et, selon l'Administration de la s\u00e9curit\u00e9 sociale, le montant total des\",\"breadcrumb\":{\"@id\":\"https:\/\/www.newyorkhipknee.com\/fr\/indemnisation-des-travailleurs\/ce-que-vous-devez-faire-si-lassurance-accidents-du-travail-refuse-votre-therapie-physique\/#breadcrumb\"},\"inLanguage\":\"fr-FR\",\"potentialAction\":[{\"@type\":\"ReadAction\",\"target\":[\"https:\/\/www.newyorkhipknee.com\/fr\/indemnisation-des-travailleurs\/ce-que-vous-devez-faire-si-lassurance-accidents-du-travail-refuse-votre-therapie-physique\/\"]}]},{\"@type\":\"BreadcrumbList\",\"@id\":\"https:\/\/www.newyorkhipknee.com\/fr\/indemnisation-des-travailleurs\/ce-que-vous-devez-faire-si-lassurance-accidents-du-travail-refuse-votre-therapie-physique\/#breadcrumb\",\"itemListElement\":[{\"@type\":\"ListItem\",\"position\":1,\"name\":\"Home\",\"item\":\"https:\/\/www.newyorkhipknee.com\/fr\/\"},{\"@type\":\"ListItem\",\"position\":2,\"name\":\"Indemnisation des travailleurs\",\"item\":\"https:\/\/www.newyorkhipknee.com\/fr\/indemnisation-des-travailleurs\/\"},{\"@type\":\"ListItem\",\"position\":3,\"name\":\"Ce que vous devez faire si l&rsquo;assurance accidents du travail refuse votre th\u00e9rapie physique\"}]},{\"@type\":\"WebSite\",\"@id\":\"https:\/\/www.newyorkhipknee.com\/fr\/#website\",\"url\":\"https:\/\/www.newyorkhipknee.com\/fr\/\",\"name\":\"Best Hip & Knee Surgeon | NY, USA\",\"description\":\"\",\"potentialAction\":[{\"@type\":\"SearchAction\",\"target\":{\"@type\":\"EntryPoint\",\"urlTemplate\":\"https:\/\/www.newyorkhipknee.com\/fr\/?s={search_term_string}\"},\"query-input\":{\"@type\":\"PropertyValueSpecification\",\"valueRequired\":true,\"valueName\":\"search_term_string\"}}],\"inLanguage\":\"fr-FR\"}]}<\/script>\n<!-- \/ Yoast SEO plugin. -->","yoast_head_json":{"title":"Ce que vous devez faire si l'assurance accidents du travail refuse votre th\u00e9rapie physique | Best Hip &amp; Knee Surgeon | NY, USA","description":"L'indemnisation des travailleurs est financ\u00e9e exclusivement par l'employeur et, selon l'Administration de la s\u00e9curit\u00e9 sociale, le montant total des","robots":{"index":"index","follow":"follow","max-snippet":"max-snippet:-1","max-image-preview":"max-image-preview:large","max-video-preview":"max-video-preview:-1"},"canonical":"https:\/\/www.newyorkhipknee.com\/fr\/indemnisation-des-travailleurs\/ce-que-vous-devez-faire-si-lassurance-accidents-du-travail-refuse-votre-therapie-physique\/","og_locale":"fr_FR","og_type":"article","og_title":"Ce que vous devez faire si l'assurance accidents du travail refuse votre th\u00e9rapie physique | Best Hip &amp; Knee Surgeon | NY, USA","og_description":"L'indemnisation des travailleurs est financ\u00e9e exclusivement par l'employeur et, selon l'Administration de la s\u00e9curit\u00e9 sociale, le montant total des","og_url":"https:\/\/www.newyorkhipknee.com\/fr\/indemnisation-des-travailleurs\/ce-que-vous-devez-faire-si-lassurance-accidents-du-travail-refuse-votre-therapie-physique\/","og_site_name":"Best Hip &amp; Knee Surgeon | NY, USA","twitter_card":"summary_large_image","twitter_misc":{"Dur\u00e9e de lecture estim\u00e9e":"3 minutes"},"schema":{"@context":"https:\/\/schema.org","@graph":[{"@type":["WebPage","MedicalWebPage"],"@id":"https:\/\/www.newyorkhipknee.com\/fr\/indemnisation-des-travailleurs\/ce-que-vous-devez-faire-si-lassurance-accidents-du-travail-refuse-votre-therapie-physique\/","url":"https:\/\/www.newyorkhipknee.com\/fr\/indemnisation-des-travailleurs\/ce-que-vous-devez-faire-si-lassurance-accidents-du-travail-refuse-votre-therapie-physique\/","name":"Ce que vous devez faire si l'assurance accidents du travail refuse votre th\u00e9rapie physique | Best Hip &amp; Knee Surgeon | NY, USA","isPartOf":{"@id":"https:\/\/www.newyorkhipknee.com\/fr\/#website"},"datePublished":"2023-12-08T16:49:40+00:00","description":"L'indemnisation des travailleurs est financ\u00e9e exclusivement par l'employeur et, selon l'Administration de la s\u00e9curit\u00e9 sociale, le montant total des","breadcrumb":{"@id":"https:\/\/www.newyorkhipknee.com\/fr\/indemnisation-des-travailleurs\/ce-que-vous-devez-faire-si-lassurance-accidents-du-travail-refuse-votre-therapie-physique\/#breadcrumb"},"inLanguage":"fr-FR","potentialAction":[{"@type":"ReadAction","target":["https:\/\/www.newyorkhipknee.com\/fr\/indemnisation-des-travailleurs\/ce-que-vous-devez-faire-si-lassurance-accidents-du-travail-refuse-votre-therapie-physique\/"]}]},{"@type":"BreadcrumbList","@id":"https:\/\/www.newyorkhipknee.com\/fr\/indemnisation-des-travailleurs\/ce-que-vous-devez-faire-si-lassurance-accidents-du-travail-refuse-votre-therapie-physique\/#breadcrumb","itemListElement":[{"@type":"ListItem","position":1,"name":"Home","item":"https:\/\/www.newyorkhipknee.com\/fr\/"},{"@type":"ListItem","position":2,"name":"Indemnisation des travailleurs","item":"https:\/\/www.newyorkhipknee.com\/fr\/indemnisation-des-travailleurs\/"},{"@type":"ListItem","position":3,"name":"Ce que vous devez faire si l&rsquo;assurance accidents du travail refuse votre th\u00e9rapie physique"}]},{"@type":"WebSite","@id":"https:\/\/www.newyorkhipknee.com\/fr\/#website","url":"https:\/\/www.newyorkhipknee.com\/fr\/","name":"Best Hip & Knee Surgeon | NY, USA","description":"","potentialAction":[{"@type":"SearchAction","target":{"@type":"EntryPoint","urlTemplate":"https:\/\/www.newyorkhipknee.com\/fr\/?s={search_term_string}"},"query-input":{"@type":"PropertyValueSpecification","valueRequired":true,"valueName":"search_term_string"}}],"inLanguage":"fr-FR"}]}},"_links":{"self":[{"href":"https:\/\/www.newyorkhipknee.com\/fr\/wp-json\/wp\/v2\/pages\/21288","targetHints":{"allow":["GET"]}}],"collection":[{"href":"https:\/\/www.newyorkhipknee.com\/fr\/wp-json\/wp\/v2\/pages"}],"about":[{"href":"https:\/\/www.newyorkhipknee.com\/fr\/wp-json\/wp\/v2\/types\/page"}],"author":[{"embeddable":true,"href":"https:\/\/www.newyorkhipknee.com\/fr\/wp-json\/wp\/v2\/users\/33"}],"replies":[{"embeddable":true,"href":"https:\/\/www.newyorkhipknee.com\/fr\/wp-json\/wp\/v2\/comments?post=21288"}],"version-history":[{"count":0,"href":"https:\/\/www.newyorkhipknee.com\/fr\/wp-json\/wp\/v2\/pages\/21288\/revisions"}],"up":[{"embeddable":true,"href":"https:\/\/www.newyorkhipknee.com\/fr\/wp-json\/wp\/v2\/pages\/17790"}],"wp:attachment":[{"href":"https:\/\/www.newyorkhipknee.com\/fr\/wp-json\/wp\/v2\/media?parent=21288"}],"curies":[{"name":"wp","href":"https:\/\/api.w.org\/{rel}","templated":true}]}}