{"id":21290,"date":"2023-12-08T13:19:04","date_gmt":"2023-12-08T18:19:04","guid":{"rendered":"https:\/\/newyorkhipknee.com\/indemnisation-des-travailleurs\/quand-les-employeurs-doivent-ils-souscrire-une-assurance-contre-les-accidents-du-travail\/"},"modified":"2023-12-08T13:19:04","modified_gmt":"2023-12-08T18:19:04","slug":"quand-les-employeurs-doivent-ils-souscrire-une-assurance-contre-les-accidents-du-travail","status":"publish","type":"page","link":"https:\/\/www.newyorkhipknee.com\/fr\/indemnisation-des-travailleurs\/quand-les-employeurs-doivent-ils-souscrire-une-assurance-contre-les-accidents-du-travail\/","title":{"rendered":"Quand les employeurs doivent-ils souscrire une assurance contre les accidents du travail ?"},"content":{"rendered":"<p>De nombreuses personnes sont confront\u00e9es \u00e0 des maladies ou \u00e0 des blessures li\u00e9es \u00e0 l&rsquo;indemnisation des accidents du travail, et certains malheureux ont des employeurs qui n&rsquo;ont jamais investi dans une assurance contre les accidents du travail. Cette absence de couverture pose des probl\u00e8mes pour la prise en charge des traitements ou des prestations m\u00e9dicales. Ce document a pour but d&rsquo;informer les employeurs sur l&rsquo;importance de souscrire une assurance contre les accidents du travail.<\/p>\n<p>Que votre entreprise soit bien \u00e9tablie ou qu&rsquo;elle d\u00e9bute, il est essentiel d&rsquo;avoir des connaissances en mati\u00e8re d&rsquo;indemnisation des travailleurs. Il est important de noter que nous ne sommes pas une agence d&rsquo;assurance ou un cabinet d&rsquo;avocats, mais des prestataires m\u00e9dicaux sp\u00e9cialis\u00e9s dans les blessures orthop\u00e9diques. Par cons\u00e9quent, avant de prendre une d\u00e9cision d\u00e9finitive, il est conseill\u00e9 de consulter votre compagnie d&rsquo;assurance, votre agence ou votre avocat.<\/p>\n<p>Dans la plupart des \u00c9tats, l&rsquo;indemnisation des accidents du travail est une obligation l\u00e9gale pour les entreprises qui emploient des salari\u00e9s. La violation des lois de l&rsquo;\u00c9tat sur l&rsquo;indemnisation des travailleurs peut avoir des cons\u00e9quences juridiques ou p\u00e9nales. En outre, l&rsquo;indemnisation des travailleurs constitue un filet de s\u00e9curit\u00e9 contre d&rsquo;\u00e9ventuels d\u00e9sastres financiers.<\/p>\n<p>Cette assurance constitue une protection inestimable pour les employ\u00e9s, car elle garantit que les personnes bless\u00e9es re\u00e7oivent des soins m\u00e9dicaux appropri\u00e9s et une compensation pour la perte de salaire. Simultan\u00e9ment, les employeurs b\u00e9n\u00e9ficient d&rsquo;un avantage en \u00e9vitant les poursuites judiciaires co\u00fbteuses li\u00e9es aux accidents du travail. Par cons\u00e9quent, toute entreprise employant des salari\u00e9s doit souscrire une assurance contre les accidents du travail.<\/p>\n<p>Il est essentiel d&rsquo;agir rapidement pour obtenir une couverture. Selon l&rsquo;\u00c9tat, m\u00eame la gestion d&rsquo;une entreprise unipersonnelle ou l&rsquo;obtention d&rsquo;une licence d&rsquo;entrepreneur peut n\u00e9cessiter la souscription d&rsquo;une assurance contre les accidents du travail.<\/p>\n<p>Il est essentiel de comprendre les caract\u00e9ristiques uniques des lois sur l&rsquo;indemnisation des travailleurs de votre \u00c9tat, car elles varient. Si votre entreprise exerce ses activit\u00e9s dans plusieurs \u00c9tats, vous devrez peut-\u00eatre souscrire plusieurs polices d&rsquo;assurance pour vous conformer aux r\u00e9glementations de chaque \u00c9tat.<\/p>\n<p>En l&rsquo;absence d&rsquo;une assurance contre les accidents du travail, vous risquez de devoir couvrir les co\u00fbts d&rsquo;un accident ou d&rsquo;une maladie li\u00e9s au travail d&rsquo;un employ\u00e9. L&rsquo;assurance maladie peut ne pas couvrir les frais m\u00e9dicaux encourus.<\/p>\n<p>Partageant notre exp\u00e9rience, notre soci\u00e9t\u00e9 de paie fournit une assurance contre les accidents du travail, et le processus a \u00e9t\u00e9 simple et sans tracas.<\/p>\n<p>Pour de plus amples informations, il est recommand\u00e9 de consulter le site web de la commission des accidents du travail de votre \u00c9tat ou de consulter un avocat sp\u00e9cialis\u00e9 dans les accidents du travail.<\/p>\n","protected":false},"excerpt":{"rendered":"<p>De nombreuses personnes sont confront\u00e9es \u00e0 des maladies ou \u00e0 des blessures li\u00e9es \u00e0 l&rsquo;indemnisation des accidents du travail, et certains malheureux ont des employeurs qui n&rsquo;ont jamais investi dans une assurance contre les accidents du travail. Cette absence de couverture pose des probl\u00e8mes pour la prise en charge des traitements ou des prestations m\u00e9dicales. [&hellip;]<\/p>\n","protected":false},"author":33,"featured_media":0,"parent":17790,"menu_order":0,"comment_status":"closed","ping_status":"closed","template":"","meta":{"_et_pb_use_builder":"","_et_pb_old_content":"","_et_gb_content_width":"","footnotes":""},"class_list":["post-21290","page","type-page","status-publish","hentry"],"yoast_head":"<!-- This site is optimized with the Yoast SEO plugin v27.2 - https:\/\/yoast.com\/product\/yoast-seo-wordpress\/ -->\n<title>Quand les employeurs doivent-ils souscrire une assurance contre les accidents du travail ? | Best Hip &amp; Knee Surgeon | NY, USA<\/title>\n<meta name=\"description\" content=\"De nombreuses personnes sont confront\u00e9es \u00e0 des maladies ou \u00e0 des blessures li\u00e9es \u00e0 l&#039;indemnisation des accidents du travail, et certains malheureux ont\" \/>\n<meta name=\"robots\" content=\"index, follow, max-snippet:-1, max-image-preview:large, max-video-preview:-1\" \/>\n<link rel=\"canonical\" href=\"https:\/\/www.newyorkhipknee.com\/fr\/indemnisation-des-travailleurs\/quand-les-employeurs-doivent-ils-souscrire-une-assurance-contre-les-accidents-du-travail\/\" \/>\n<meta property=\"og:locale\" content=\"fr_FR\" \/>\n<meta property=\"og:type\" content=\"article\" \/>\n<meta property=\"og:title\" content=\"Quand les employeurs doivent-ils souscrire une assurance contre les accidents du travail ? | Best Hip &amp; Knee Surgeon | NY, USA\" \/>\n<meta property=\"og:description\" content=\"De nombreuses personnes sont confront\u00e9es \u00e0 des maladies ou \u00e0 des blessures li\u00e9es \u00e0 l&#039;indemnisation des accidents du travail, et certains malheureux ont\" \/>\n<meta property=\"og:url\" content=\"https:\/\/www.newyorkhipknee.com\/fr\/indemnisation-des-travailleurs\/quand-les-employeurs-doivent-ils-souscrire-une-assurance-contre-les-accidents-du-travail\/\" \/>\n<meta property=\"og:site_name\" content=\"Best Hip &amp; Knee Surgeon | NY, USA\" \/>\n<meta name=\"twitter:card\" content=\"summary_large_image\" \/>\n<meta name=\"twitter:label1\" content=\"Dur\u00e9e de lecture estim\u00e9e\" \/>\n\t<meta name=\"twitter:data1\" content=\"2 minutes\" \/>\n<script type=\"application\/ld+json\" class=\"yoast-schema-graph\">{\"@context\":\"https:\/\/schema.org\",\"@graph\":[{\"@type\":[\"WebPage\",\"MedicalWebPage\"],\"@id\":\"https:\/\/www.newyorkhipknee.com\/fr\/indemnisation-des-travailleurs\/quand-les-employeurs-doivent-ils-souscrire-une-assurance-contre-les-accidents-du-travail\/\",\"url\":\"https:\/\/www.newyorkhipknee.com\/fr\/indemnisation-des-travailleurs\/quand-les-employeurs-doivent-ils-souscrire-une-assurance-contre-les-accidents-du-travail\/\",\"name\":\"Quand les employeurs doivent-ils souscrire une assurance contre les accidents du travail ? | Best Hip &amp; Knee Surgeon | NY, USA\",\"isPartOf\":{\"@id\":\"https:\/\/www.newyorkhipknee.com\/fr\/#website\"},\"datePublished\":\"2023-12-08T18:19:04+00:00\",\"description\":\"De nombreuses personnes sont confront\u00e9es \u00e0 des maladies ou \u00e0 des blessures li\u00e9es \u00e0 l'indemnisation des accidents du travail, et certains malheureux ont\",\"breadcrumb\":{\"@id\":\"https:\/\/www.newyorkhipknee.com\/fr\/indemnisation-des-travailleurs\/quand-les-employeurs-doivent-ils-souscrire-une-assurance-contre-les-accidents-du-travail\/#breadcrumb\"},\"inLanguage\":\"fr-FR\",\"potentialAction\":[{\"@type\":\"ReadAction\",\"target\":[\"https:\/\/www.newyorkhipknee.com\/fr\/indemnisation-des-travailleurs\/quand-les-employeurs-doivent-ils-souscrire-une-assurance-contre-les-accidents-du-travail\/\"]}]},{\"@type\":\"BreadcrumbList\",\"@id\":\"https:\/\/www.newyorkhipknee.com\/fr\/indemnisation-des-travailleurs\/quand-les-employeurs-doivent-ils-souscrire-une-assurance-contre-les-accidents-du-travail\/#breadcrumb\",\"itemListElement\":[{\"@type\":\"ListItem\",\"position\":1,\"name\":\"Home\",\"item\":\"https:\/\/www.newyorkhipknee.com\/fr\/\"},{\"@type\":\"ListItem\",\"position\":2,\"name\":\"Indemnisation des travailleurs\",\"item\":\"https:\/\/www.newyorkhipknee.com\/fr\/indemnisation-des-travailleurs\/\"},{\"@type\":\"ListItem\",\"position\":3,\"name\":\"Quand les employeurs doivent-ils souscrire une assurance contre les accidents du travail ?\"}]},{\"@type\":\"WebSite\",\"@id\":\"https:\/\/www.newyorkhipknee.com\/fr\/#website\",\"url\":\"https:\/\/www.newyorkhipknee.com\/fr\/\",\"name\":\"Best Hip & Knee Surgeon | NY, USA\",\"description\":\"\",\"potentialAction\":[{\"@type\":\"SearchAction\",\"target\":{\"@type\":\"EntryPoint\",\"urlTemplate\":\"https:\/\/www.newyorkhipknee.com\/fr\/?s={search_term_string}\"},\"query-input\":{\"@type\":\"PropertyValueSpecification\",\"valueRequired\":true,\"valueName\":\"search_term_string\"}}],\"inLanguage\":\"fr-FR\"}]}<\/script>\n<!-- \/ Yoast SEO plugin. -->","yoast_head_json":{"title":"Quand les employeurs doivent-ils souscrire une assurance contre les accidents du travail ? | Best Hip &amp; Knee Surgeon | NY, USA","description":"De nombreuses personnes sont confront\u00e9es \u00e0 des maladies ou \u00e0 des blessures li\u00e9es \u00e0 l'indemnisation des accidents du travail, et certains malheureux ont","robots":{"index":"index","follow":"follow","max-snippet":"max-snippet:-1","max-image-preview":"max-image-preview:large","max-video-preview":"max-video-preview:-1"},"canonical":"https:\/\/www.newyorkhipknee.com\/fr\/indemnisation-des-travailleurs\/quand-les-employeurs-doivent-ils-souscrire-une-assurance-contre-les-accidents-du-travail\/","og_locale":"fr_FR","og_type":"article","og_title":"Quand les employeurs doivent-ils souscrire une assurance contre les accidents du travail ? | Best Hip &amp; Knee Surgeon | NY, USA","og_description":"De nombreuses personnes sont confront\u00e9es \u00e0 des maladies ou \u00e0 des blessures li\u00e9es \u00e0 l'indemnisation des accidents du travail, et certains malheureux ont","og_url":"https:\/\/www.newyorkhipknee.com\/fr\/indemnisation-des-travailleurs\/quand-les-employeurs-doivent-ils-souscrire-une-assurance-contre-les-accidents-du-travail\/","og_site_name":"Best Hip &amp; Knee Surgeon | NY, USA","twitter_card":"summary_large_image","twitter_misc":{"Dur\u00e9e de lecture estim\u00e9e":"2 minutes"},"schema":{"@context":"https:\/\/schema.org","@graph":[{"@type":["WebPage","MedicalWebPage"],"@id":"https:\/\/www.newyorkhipknee.com\/fr\/indemnisation-des-travailleurs\/quand-les-employeurs-doivent-ils-souscrire-une-assurance-contre-les-accidents-du-travail\/","url":"https:\/\/www.newyorkhipknee.com\/fr\/indemnisation-des-travailleurs\/quand-les-employeurs-doivent-ils-souscrire-une-assurance-contre-les-accidents-du-travail\/","name":"Quand les employeurs doivent-ils souscrire une assurance contre les accidents du travail ? | Best Hip &amp; Knee Surgeon | NY, USA","isPartOf":{"@id":"https:\/\/www.newyorkhipknee.com\/fr\/#website"},"datePublished":"2023-12-08T18:19:04+00:00","description":"De nombreuses personnes sont confront\u00e9es \u00e0 des maladies ou \u00e0 des blessures li\u00e9es \u00e0 l'indemnisation des accidents du travail, et certains malheureux ont","breadcrumb":{"@id":"https:\/\/www.newyorkhipknee.com\/fr\/indemnisation-des-travailleurs\/quand-les-employeurs-doivent-ils-souscrire-une-assurance-contre-les-accidents-du-travail\/#breadcrumb"},"inLanguage":"fr-FR","potentialAction":[{"@type":"ReadAction","target":["https:\/\/www.newyorkhipknee.com\/fr\/indemnisation-des-travailleurs\/quand-les-employeurs-doivent-ils-souscrire-une-assurance-contre-les-accidents-du-travail\/"]}]},{"@type":"BreadcrumbList","@id":"https:\/\/www.newyorkhipknee.com\/fr\/indemnisation-des-travailleurs\/quand-les-employeurs-doivent-ils-souscrire-une-assurance-contre-les-accidents-du-travail\/#breadcrumb","itemListElement":[{"@type":"ListItem","position":1,"name":"Home","item":"https:\/\/www.newyorkhipknee.com\/fr\/"},{"@type":"ListItem","position":2,"name":"Indemnisation des travailleurs","item":"https:\/\/www.newyorkhipknee.com\/fr\/indemnisation-des-travailleurs\/"},{"@type":"ListItem","position":3,"name":"Quand les employeurs doivent-ils souscrire une assurance contre les accidents du travail ?"}]},{"@type":"WebSite","@id":"https:\/\/www.newyorkhipknee.com\/fr\/#website","url":"https:\/\/www.newyorkhipknee.com\/fr\/","name":"Best Hip & Knee Surgeon | NY, USA","description":"","potentialAction":[{"@type":"SearchAction","target":{"@type":"EntryPoint","urlTemplate":"https:\/\/www.newyorkhipknee.com\/fr\/?s={search_term_string}"},"query-input":{"@type":"PropertyValueSpecification","valueRequired":true,"valueName":"search_term_string"}}],"inLanguage":"fr-FR"}]}},"_links":{"self":[{"href":"https:\/\/www.newyorkhipknee.com\/fr\/wp-json\/wp\/v2\/pages\/21290","targetHints":{"allow":["GET"]}}],"collection":[{"href":"https:\/\/www.newyorkhipknee.com\/fr\/wp-json\/wp\/v2\/pages"}],"about":[{"href":"https:\/\/www.newyorkhipknee.com\/fr\/wp-json\/wp\/v2\/types\/page"}],"author":[{"embeddable":true,"href":"https:\/\/www.newyorkhipknee.com\/fr\/wp-json\/wp\/v2\/users\/33"}],"replies":[{"embeddable":true,"href":"https:\/\/www.newyorkhipknee.com\/fr\/wp-json\/wp\/v2\/comments?post=21290"}],"version-history":[{"count":0,"href":"https:\/\/www.newyorkhipknee.com\/fr\/wp-json\/wp\/v2\/pages\/21290\/revisions"}],"up":[{"embeddable":true,"href":"https:\/\/www.newyorkhipknee.com\/fr\/wp-json\/wp\/v2\/pages\/17790"}],"wp:attachment":[{"href":"https:\/\/www.newyorkhipknee.com\/fr\/wp-json\/wp\/v2\/media?parent=21290"}],"curies":[{"name":"wp","href":"https:\/\/api.w.org\/{rel}","templated":true}]}}