{"id":21294,"date":"2023-12-08T14:52:20","date_gmt":"2023-12-08T19:52:20","guid":{"rendered":"https:\/\/newyorkhipknee.com\/indemnisation-des-travailleurs\/fraude-a-lindemnisation-des-travailleurs\/"},"modified":"2023-12-08T14:52:20","modified_gmt":"2023-12-08T19:52:20","slug":"fraude-a-lindemnisation-des-travailleurs","status":"publish","type":"page","link":"https:\/\/www.newyorkhipknee.com\/fr\/indemnisation-des-travailleurs\/fraude-a-lindemnisation-des-travailleurs\/","title":{"rendered":"Fraude \u00e0 l&rsquo;indemnisation des travailleurs"},"content":{"rendered":"<p>Dans les secteurs priv\u00e9 et public, la fraude \u00e0 l&rsquo;indemnisation des travailleurs peut impliquer des m\u00e9decins, des avocats, des employeurs, des employ\u00e9s de compagnies d&rsquo;assurance et des demandeurs. Le National Insurance Crime Bureau signale que la fraude des demandeurs, bien que relativement faible (un tiers de 1 %), repr\u00e9sente tout de m\u00eame 7,2 milliards de dollars de co\u00fbts inutiles. Cependant, il n&rsquo;y a pas de consensus sur la mani\u00e8re de mesurer le degr\u00e9 de fraude \u00e0 l&rsquo;indemnisation des accidents du travail, ce qui conduit \u00e0 des opinions divergentes sur son importance.<\/p>\n<p>La Coalition contre la fraude \u00e0 l&rsquo;assurance met en \u00e9vidence des milliards de dollars de fausses demandes d&rsquo;indemnisation et de primes impay\u00e9es aux \u00c9tats-Unis chaque ann\u00e9e. Les travailleurs se livrent \u00e0 divers types de fraude, notamment en d\u00e9clarant des blessures \u00e9loign\u00e9es, en gonflant la gravit\u00e9 des blessures, en simulant des blessures, en d\u00e9clarant de vieilles blessures comme \u00e9tant r\u00e9centes, en se livrant \u00e0 la simulation et en omettant de divulguer des informations pertinentes.<\/p>\n<p>Les employeurs sont \u00e9galement impliqu\u00e9s dans des activit\u00e9s frauduleuses, telles que la sous-d\u00e9claration des salaires, le gonflement de l&rsquo;exp\u00e9rience pour r\u00e9duire les risques et les d\u00e9penses, l&rsquo;\u00e9vitement de la couverture obligatoire des accidents du travail et l&rsquo;utilisation de \u00ab\u00a0plans de retrait\u00a0\u00bb r\u00e9glement\u00e9s par la loi f\u00e9d\u00e9rale sur la s\u00e9curit\u00e9 des revenus de retraite des employ\u00e9s (ERISA).<\/p>\n<p>La Coalition contre la fraude \u00e0 l&rsquo;assurance, cr\u00e9\u00e9e en 1993, est un effort collectif d&rsquo;organismes d&rsquo;assurance, de consommateurs, d&rsquo;agences gouvernementales et d&rsquo;organes l\u00e9gislatifs. Sa mission est de lutter contre la fraude \u00e0 l&rsquo;assurance en unissant les organisations priv\u00e9es et publiques, en contr\u00f4lant les co\u00fbts d&rsquo;assurance, en prot\u00e9geant la s\u00e9curit\u00e9 publique et en r\u00e9duisant la criminalit\u00e9.<\/p>\n<p>La coalition s&rsquo;engage dans trois domaines d&rsquo;activit\u00e9 principaux :<\/p>\n<ol>\n<li><strong>Affaires gouvernementales :<\/strong>\n<ul>\n<li>Plaider en faveur d&rsquo;un renforcement des lois anti-fraude par le biais de campagnes locales et de proximit\u00e9.<\/li>\n<li>\u00c9laborer des projets de loi types, y compris ceux qui d\u00e9finissent la fraude \u00e0 l&rsquo;assurance comme un d\u00e9lit.<\/li>\n<li>Renforcer les lois anti-fraude.<\/li>\n<li>Organiser des sommets importants.<\/li>\n<li>Soutenir les poursuites.<\/li>\n<\/ul>\n<\/li>\n<li><strong>Communication :<\/strong>\n<ul>\n<li>Sensibiliser le public \u00e0 la fraude \u00e0 l&rsquo;assurance et aux moyens de la combattre.<\/li>\n<li>Responsabiliser et alerter les consommateurs.<\/li>\n<li>Coordonner les efforts de sensibilisation.<\/li>\n<\/ul>\n<\/li>\n<li><strong>Recherche :<\/strong>\n<ul>\n<li>Parrainer des recherches et des enqu\u00eates de premier plan.<\/li>\n<\/ul>\n<\/li>\n<\/ol>\n<p>La coalition publie plusieurs ressources, notamment le Journal of Insurance Fraud in America (JIFA), FraudWire, Fraud News Weekly et un guide d&rsquo;action intitul\u00e9 \u00ab\u00a0Get a Grip on Fraud : Manuel de sensibilisation \u00e0 la fraude\u00a0\u00bb. Les \u00e9tudes men\u00e9es au cours de la derni\u00e8re d\u00e9cennie ont port\u00e9 sur des sujets tels que l&rsquo;efficacit\u00e9 des avertissements sur les contr\u00f4les des prestations, la compr\u00e9hension des raisons pour lesquelles les gens tol\u00e8rent la fraude, la mesure de la fraude des assureurs, le d\u00e9tournement des m\u00e9dicaments et l&rsquo;\u00e9valuation des performances des unit\u00e9s sp\u00e9ciales d&rsquo;enqu\u00eate.<\/p>\n<p>La Coalition \u00e9met \u00e9galement des avertissements concernant diverses fraudes, notamment celles li\u00e9es aux agents et aux assureurs, aux airbags contrefaits, aux r\u00e9parations automobiles, aux faux plans de sant\u00e9, aux entrepreneurs frauduleux, \u00e0 la facturation des soins dentaires, aux fausses cartes de r\u00e9duction m\u00e9dicale, au d\u00e9tournement de m\u00e9dicaments, \u00e0 l&rsquo;usurpation d&rsquo;identit\u00e9 m\u00e9dicale, \u00e0 la mise en sc\u00e8ne d&rsquo;accidents de la route et \u00e0 la fraude \u00e0 l&rsquo;indemnisation des accidents du travail commise par les employeurs.<\/p>\n","protected":false},"excerpt":{"rendered":"<p>Dans les secteurs priv\u00e9 et public, la fraude \u00e0 l&rsquo;indemnisation des travailleurs peut impliquer des m\u00e9decins, des avocats, des employeurs, des employ\u00e9s de compagnies d&rsquo;assurance et des demandeurs. Le National Insurance Crime Bureau signale que la fraude des demandeurs, bien que relativement faible (un tiers de 1 %), repr\u00e9sente tout de m\u00eame 7,2 milliards de [&hellip;]<\/p>\n","protected":false},"author":33,"featured_media":0,"parent":17790,"menu_order":0,"comment_status":"closed","ping_status":"closed","template":"","meta":{"_et_pb_use_builder":"","_et_pb_old_content":"","_et_gb_content_width":"","footnotes":""},"class_list":["post-21294","page","type-page","status-publish","hentry"],"yoast_head":"<!-- This site is optimized with the Yoast SEO plugin v27.2 - https:\/\/yoast.com\/product\/yoast-seo-wordpress\/ -->\n<title>Fraude \u00e0 l&#039;indemnisation des travailleurs | Best Hip &amp; Knee Surgeon | NY, USA<\/title>\n<meta name=\"description\" content=\"Dans les secteurs priv\u00e9 et public, la fraude \u00e0 l&#039;indemnisation des travailleurs peut impliquer des m\u00e9decins, des avocats, des employeurs, des employ\u00e9s de\" \/>\n<meta name=\"robots\" content=\"index, follow, max-snippet:-1, max-image-preview:large, max-video-preview:-1\" \/>\n<link rel=\"canonical\" href=\"https:\/\/www.newyorkhipknee.com\/fr\/indemnisation-des-travailleurs\/fraude-a-lindemnisation-des-travailleurs\/\" \/>\n<meta property=\"og:locale\" content=\"fr_FR\" \/>\n<meta property=\"og:type\" content=\"article\" \/>\n<meta property=\"og:title\" content=\"Fraude \u00e0 l&#039;indemnisation des travailleurs | Best Hip &amp; Knee Surgeon | NY, USA\" \/>\n<meta property=\"og:description\" content=\"Dans les secteurs priv\u00e9 et public, la fraude \u00e0 l&#039;indemnisation des travailleurs peut impliquer des m\u00e9decins, des avocats, des employeurs, des employ\u00e9s de\" \/>\n<meta property=\"og:url\" content=\"https:\/\/www.newyorkhipknee.com\/fr\/indemnisation-des-travailleurs\/fraude-a-lindemnisation-des-travailleurs\/\" \/>\n<meta property=\"og:site_name\" content=\"Best Hip &amp; Knee Surgeon | NY, USA\" \/>\n<meta name=\"twitter:card\" content=\"summary_large_image\" \/>\n<meta name=\"twitter:label1\" content=\"Dur\u00e9e de lecture estim\u00e9e\" \/>\n\t<meta name=\"twitter:data1\" content=\"3 minutes\" \/>\n<script type=\"application\/ld+json\" class=\"yoast-schema-graph\">{\"@context\":\"https:\/\/schema.org\",\"@graph\":[{\"@type\":[\"WebPage\",\"MedicalWebPage\"],\"@id\":\"https:\/\/www.newyorkhipknee.com\/fr\/indemnisation-des-travailleurs\/fraude-a-lindemnisation-des-travailleurs\/\",\"url\":\"https:\/\/www.newyorkhipknee.com\/fr\/indemnisation-des-travailleurs\/fraude-a-lindemnisation-des-travailleurs\/\",\"name\":\"Fraude \u00e0 l'indemnisation des travailleurs | Best Hip &amp; Knee Surgeon | NY, USA\",\"isPartOf\":{\"@id\":\"https:\/\/www.newyorkhipknee.com\/fr\/#website\"},\"datePublished\":\"2023-12-08T19:52:20+00:00\",\"description\":\"Dans les secteurs priv\u00e9 et public, la fraude \u00e0 l'indemnisation des travailleurs peut impliquer des m\u00e9decins, des avocats, des employeurs, des employ\u00e9s de\",\"breadcrumb\":{\"@id\":\"https:\/\/www.newyorkhipknee.com\/fr\/indemnisation-des-travailleurs\/fraude-a-lindemnisation-des-travailleurs\/#breadcrumb\"},\"inLanguage\":\"fr-FR\",\"potentialAction\":[{\"@type\":\"ReadAction\",\"target\":[\"https:\/\/www.newyorkhipknee.com\/fr\/indemnisation-des-travailleurs\/fraude-a-lindemnisation-des-travailleurs\/\"]}]},{\"@type\":\"BreadcrumbList\",\"@id\":\"https:\/\/www.newyorkhipknee.com\/fr\/indemnisation-des-travailleurs\/fraude-a-lindemnisation-des-travailleurs\/#breadcrumb\",\"itemListElement\":[{\"@type\":\"ListItem\",\"position\":1,\"name\":\"Home\",\"item\":\"https:\/\/www.newyorkhipknee.com\/fr\/\"},{\"@type\":\"ListItem\",\"position\":2,\"name\":\"Indemnisation des travailleurs\",\"item\":\"https:\/\/www.newyorkhipknee.com\/fr\/indemnisation-des-travailleurs\/\"},{\"@type\":\"ListItem\",\"position\":3,\"name\":\"Fraude \u00e0 l&rsquo;indemnisation des travailleurs\"}]},{\"@type\":\"WebSite\",\"@id\":\"https:\/\/www.newyorkhipknee.com\/fr\/#website\",\"url\":\"https:\/\/www.newyorkhipknee.com\/fr\/\",\"name\":\"Best Hip & Knee Surgeon | NY, USA\",\"description\":\"\",\"potentialAction\":[{\"@type\":\"SearchAction\",\"target\":{\"@type\":\"EntryPoint\",\"urlTemplate\":\"https:\/\/www.newyorkhipknee.com\/fr\/?s={search_term_string}\"},\"query-input\":{\"@type\":\"PropertyValueSpecification\",\"valueRequired\":true,\"valueName\":\"search_term_string\"}}],\"inLanguage\":\"fr-FR\"}]}<\/script>\n<!-- \/ Yoast SEO plugin. -->","yoast_head_json":{"title":"Fraude \u00e0 l'indemnisation des travailleurs | Best Hip &amp; Knee Surgeon | NY, USA","description":"Dans les secteurs priv\u00e9 et public, la fraude \u00e0 l'indemnisation des travailleurs peut impliquer des m\u00e9decins, des avocats, des employeurs, des employ\u00e9s de","robots":{"index":"index","follow":"follow","max-snippet":"max-snippet:-1","max-image-preview":"max-image-preview:large","max-video-preview":"max-video-preview:-1"},"canonical":"https:\/\/www.newyorkhipknee.com\/fr\/indemnisation-des-travailleurs\/fraude-a-lindemnisation-des-travailleurs\/","og_locale":"fr_FR","og_type":"article","og_title":"Fraude \u00e0 l'indemnisation des travailleurs | Best Hip &amp; Knee Surgeon | NY, USA","og_description":"Dans les secteurs priv\u00e9 et public, la fraude \u00e0 l'indemnisation des travailleurs peut impliquer des m\u00e9decins, des avocats, des employeurs, des employ\u00e9s de","og_url":"https:\/\/www.newyorkhipknee.com\/fr\/indemnisation-des-travailleurs\/fraude-a-lindemnisation-des-travailleurs\/","og_site_name":"Best Hip &amp; Knee Surgeon | NY, USA","twitter_card":"summary_large_image","twitter_misc":{"Dur\u00e9e de lecture estim\u00e9e":"3 minutes"},"schema":{"@context":"https:\/\/schema.org","@graph":[{"@type":["WebPage","MedicalWebPage"],"@id":"https:\/\/www.newyorkhipknee.com\/fr\/indemnisation-des-travailleurs\/fraude-a-lindemnisation-des-travailleurs\/","url":"https:\/\/www.newyorkhipknee.com\/fr\/indemnisation-des-travailleurs\/fraude-a-lindemnisation-des-travailleurs\/","name":"Fraude \u00e0 l'indemnisation des travailleurs | Best Hip &amp; Knee Surgeon | NY, USA","isPartOf":{"@id":"https:\/\/www.newyorkhipknee.com\/fr\/#website"},"datePublished":"2023-12-08T19:52:20+00:00","description":"Dans les secteurs priv\u00e9 et public, la fraude \u00e0 l'indemnisation des travailleurs peut impliquer des m\u00e9decins, des avocats, des employeurs, des employ\u00e9s de","breadcrumb":{"@id":"https:\/\/www.newyorkhipknee.com\/fr\/indemnisation-des-travailleurs\/fraude-a-lindemnisation-des-travailleurs\/#breadcrumb"},"inLanguage":"fr-FR","potentialAction":[{"@type":"ReadAction","target":["https:\/\/www.newyorkhipknee.com\/fr\/indemnisation-des-travailleurs\/fraude-a-lindemnisation-des-travailleurs\/"]}]},{"@type":"BreadcrumbList","@id":"https:\/\/www.newyorkhipknee.com\/fr\/indemnisation-des-travailleurs\/fraude-a-lindemnisation-des-travailleurs\/#breadcrumb","itemListElement":[{"@type":"ListItem","position":1,"name":"Home","item":"https:\/\/www.newyorkhipknee.com\/fr\/"},{"@type":"ListItem","position":2,"name":"Indemnisation des travailleurs","item":"https:\/\/www.newyorkhipknee.com\/fr\/indemnisation-des-travailleurs\/"},{"@type":"ListItem","position":3,"name":"Fraude \u00e0 l&rsquo;indemnisation des travailleurs"}]},{"@type":"WebSite","@id":"https:\/\/www.newyorkhipknee.com\/fr\/#website","url":"https:\/\/www.newyorkhipknee.com\/fr\/","name":"Best Hip & Knee Surgeon | NY, USA","description":"","potentialAction":[{"@type":"SearchAction","target":{"@type":"EntryPoint","urlTemplate":"https:\/\/www.newyorkhipknee.com\/fr\/?s={search_term_string}"},"query-input":{"@type":"PropertyValueSpecification","valueRequired":true,"valueName":"search_term_string"}}],"inLanguage":"fr-FR"}]}},"_links":{"self":[{"href":"https:\/\/www.newyorkhipknee.com\/fr\/wp-json\/wp\/v2\/pages\/21294","targetHints":{"allow":["GET"]}}],"collection":[{"href":"https:\/\/www.newyorkhipknee.com\/fr\/wp-json\/wp\/v2\/pages"}],"about":[{"href":"https:\/\/www.newyorkhipknee.com\/fr\/wp-json\/wp\/v2\/types\/page"}],"author":[{"embeddable":true,"href":"https:\/\/www.newyorkhipknee.com\/fr\/wp-json\/wp\/v2\/users\/33"}],"replies":[{"embeddable":true,"href":"https:\/\/www.newyorkhipknee.com\/fr\/wp-json\/wp\/v2\/comments?post=21294"}],"version-history":[{"count":0,"href":"https:\/\/www.newyorkhipknee.com\/fr\/wp-json\/wp\/v2\/pages\/21294\/revisions"}],"up":[{"embeddable":true,"href":"https:\/\/www.newyorkhipknee.com\/fr\/wp-json\/wp\/v2\/pages\/17790"}],"wp:attachment":[{"href":"https:\/\/www.newyorkhipknee.com\/fr\/wp-json\/wp\/v2\/media?parent=21294"}],"curies":[{"name":"wp","href":"https:\/\/api.w.org\/{rel}","templated":true}]}}