{"id":21296,"date":"2023-12-08T15:50:40","date_gmt":"2023-12-08T20:50:40","guid":{"rendered":"https:\/\/newyorkhipknee.com\/indemnisation-des-travailleurs\/historique-de-lindemnisation-des-travailleurs\/"},"modified":"2023-12-08T15:50:40","modified_gmt":"2023-12-08T20:50:40","slug":"historique-de-lindemnisation-des-travailleurs","status":"publish","type":"page","link":"https:\/\/www.newyorkhipknee.com\/fr\/indemnisation-des-travailleurs\/historique-de-lindemnisation-des-travailleurs\/","title":{"rendered":"Historique de l&rsquo;indemnisation des travailleurs"},"content":{"rendered":"<div class=\"flex-1 overflow-hidden\">\n<div class=\"react-scroll-to-bottom--css-ekxzy-79elbk h-full\">\n<div class=\"react-scroll-to-bottom--css-ekxzy-1n7m0yu\">\n<div class=\"flex flex-col pb-9 text-sm\">\n<div class=\"w-full text-token-text-primary\" data-testid=\"conversation-turn-267\">\n<div class=\"px-4 py-2 justify-center text-base md:gap-6 m-auto\">\n<div class=\"flex flex-1 text-base mx-auto gap-3 md:px-5 lg:px-1 xl:px-5 md:max-w-3xl lg:max-w-[40rem] xl:max-w-[48rem] } group final-completion\">\n<div class=\"relative flex w-full flex-col lg:w-[calc(100%-115px)] agent-turn\">\n<div class=\"flex-col gap-1 md:gap-3\">\n<div class=\"flex flex-grow flex-col max-w-full\">\n<div class=\"min-h-[20px] text-message flex flex-col items-start gap-3 whitespace-pre-wrap break-words [.text-message+&amp;]:mt-5 overflow-x-auto\" data-message-author-role=\"assistant\" data-message-id=\"051a2e6e-10fb-44ed-ba58-51620a54fd43\">\n<div class=\"markdown prose w-full break-words dark:prose-invert dark\"><\/div>\n<\/div>\n<\/div>\n<div class=\"mt-1 flex justify-start gap-3 empty:hidden\">\n<div class=\"text-gray-400 flex self-end lg:self-center justify-center lg:justify-start mt-0 gap-1 visible\">\n<div class=\"flex gap-1\">\n<div class=\"flex-1 overflow-hidden\">\n<div class=\"react-scroll-to-bottom--css-rqenc-79elbk h-full\">\n<div class=\"react-scroll-to-bottom--css-rqenc-1n7m0yu\">\n<div class=\"flex flex-col pb-9 text-sm\">\n<div class=\"w-full text-token-text-primary\" data-testid=\"conversation-turn-17\">\n<div class=\"px-4 py-2 justify-center text-base md:gap-6 m-auto\">\n<div class=\"flex flex-1 text-base mx-auto gap-3 md:px-5 lg:px-1 xl:px-5 md:max-w-3xl lg:max-w-[40rem] xl:max-w-[48rem] } group final-completion\">\n<div class=\"relative flex w-full flex-col lg:w-[calc(100%-115px)] agent-turn\">\n<div class=\"flex-col gap-1 md:gap-3\">\n<div class=\"flex flex-grow flex-col max-w-full\">\n<div class=\"min-h-[20px] text-message flex flex-col items-start gap-3 whitespace-pre-wrap break-words [.text-message+&amp;]:mt-5 overflow-x-auto\" data-message-author-role=\"assistant\" data-message-id=\"436e8776-4c64-4301-b038-f10e97941638\">\n<div class=\"markdown prose w-full break-words dark:prose-invert dark\">\n<p style=\"text-align: left;\">L&rsquo;histoire de l&rsquo;indemnisation des travailleurs aux \u00c9tats-Unis trouve son origine dans un syst\u00e8me \u00e9tatique, anciennement appel\u00e9 Workmen&rsquo;s Compensation (indemnisation des travailleurs) avant de changer de nom pour des raisons de neutralit\u00e9 de genre.<\/p>\n<p style=\"text-align: left;\">Dans la plupart des \u00c9tats, il existe une version de l&rsquo;indemnisation des travailleurs qui est g\u00e9n\u00e9ralement obligatoire pour la quasi-totalit\u00e9 des employeurs, en fonction des sp\u00e9cificit\u00e9s organisationnelles. Toutefois, le Texas fait figure d&rsquo;exception depuis 2018. N\u00e9anmoins, les entreprises ont la possibilit\u00e9 de souscrire volontairement une assurance couvrant \u00e0 la fois les aspects obligatoires (premi\u00e8re partie) et les aspects non obligatoires (deuxi\u00e8me partie), ind\u00e9pendamment des exigences obligatoires.<\/p>\n<p style=\"text-align: left;\">En 1949, tous les \u00c9tats avaient mis en place un syst\u00e8me d&rsquo;indemnisation des travailleurs. Le voyage a commenc\u00e9 en 1884 lorsque Otto von Bismarck a introduit le syst\u00e8me d&rsquo;assurance accidents des travailleurs, influen\u00e7ant \u00e0 la fois l&rsquo;Europe et les \u00c9tats-Unis. Cette initiative a convaincu les d\u00e9cideurs politiques, les journalistes et les chercheurs en sciences sociales am\u00e9ricains de la n\u00e9cessit\u00e9 d&rsquo;une loi d&rsquo;indemnisation. Toutefois, \u00e0 la fin du 19e si\u00e8cle et au d\u00e9but du 20e si\u00e8cle, la question de savoir s&rsquo;il fallait adopter le syst\u00e8me allemand ou britannique n&rsquo;\u00e9tait pas tranch\u00e9e.<\/p>\n<p style=\"text-align: left;\">Le syst\u00e8me allemand \u00e9tait centr\u00e9 sur l&rsquo;assurance, ce qui \u00e9liminait la possibilit\u00e9 pour les employ\u00e9s d&rsquo;intenter une action en justice. En revanche, le syst\u00e8me britannique maintient le droit des salari\u00e9s \u00e0 intenter une action en justice. Par cons\u00e9quent, les \u00c9tats-Unis ont choisi de traiter les blessures des employ\u00e9s par la voie judiciaire, mais se sont finalement rapproch\u00e9s du syst\u00e8me allemand.<\/p>\n<p style=\"text-align: left;\">La loi sur l&rsquo;indemnisation a donn\u00e9 naissance \u00e0 une \u00ab\u00a0trinit\u00e9 impie\u00a0\u00bb de d\u00e9fenses d\u00e9lictuelles pour les employeurs, englobant la n\u00e9gligence contributive, la prise en charge du risque et la r\u00e8gle du compagnon de service. Par cons\u00e9quent, les employ\u00e9s bless\u00e9s ou les familles des employ\u00e9s d\u00e9c\u00e9d\u00e9s sont g\u00e9n\u00e9ralement confront\u00e9s \u00e0 des d\u00e9fis dans les proc\u00e8s pour accident du travail.<\/p>\n<p style=\"text-align: left;\">En 1855, la G\u00e9orgie et l&rsquo;Alabama ont ouvert la voie en adoptant la loi sur la responsabilit\u00e9 de l&#8217;employeur, suivie par 26 autres \u00c9tats qui ont adopt\u00e9 des lois similaires entre 1855 et 1907. Cela a permis aux employ\u00e9s bless\u00e9s de poursuivre leurs employeurs en vertu des premi\u00e8res lois, fournissant ainsi un moyen de prouver la n\u00e9gligence ou l&rsquo;omission. Une r\u00e9glementation similaire est apparue dans la loi britannique de 1880.<\/p>\n<\/div>\n<\/div>\n<\/div>\n<div class=\"mt-1 flex justify-start gap-3 empty:hidden\" style=\"text-align: left;\">\n<div class=\"text-gray-400 flex self-end lg:self-center justify-center lg:justify-start mt-0 gap-1 visible\">\n<p>&nbsp;<\/p>\n<div class=\"flex gap-1\">\n<p>En 1898, New York, suivi par le Maryland en 1902, le Massachusetts en 1908 et le Montana en 1909, a adopt\u00e9 des lois compl\u00e8tes sur l&rsquo;indemnisation des travailleurs. Cependant, la loi f\u00e9d\u00e9rale initiale pour les employ\u00e9s f\u00e9d\u00e9raux en 1906 a \u00e9t\u00e9 jug\u00e9e inconstitutionnelle. Ce n&rsquo;est qu&rsquo;en 1911, le Wisconsin \u00e9tant le premier, qu&rsquo;un \u00c9tat a adopt\u00e9 une loi qui n&rsquo;a pas \u00e9t\u00e9 contest\u00e9e par les tribunaux. En 1949, chaque \u00c9tat avait mis en place un programme d&rsquo;indemnisation des travailleurs.<\/p>\n<p>Au d\u00e9but du XXe si\u00e8cle, les lois sur l&rsquo;indemnisation des travailleurs variaient d&rsquo;un \u00c9tat \u00e0 l&rsquo;autre, \u00e9tant soit volontaires, soit obligatoires. Le fait de ne pas appliquer ces lois dans certains \u00c9tats a augment\u00e9 le risque de poursuites judiciaires pour pr\u00e9judice corporel. Il y a \u00e9galement eu des batailles juridiques au cours desquelles les employeurs ont fait valoir que les lois sur la participation obligatoire violaient le 14e amendement, qui exige une proc\u00e9dure r\u00e9guli\u00e8re avant de priver quelqu&rsquo;un de ses biens.<\/p>\n<p>En 1917, la Cour supr\u00eame des \u00c9tats-Unis, dans l&rsquo;affaire New York Central Railway Co. v. White, a r\u00e9solu la question de l&rsquo;application r\u00e9guli\u00e8re de la loi, affirmant que l&rsquo;obligation d&rsquo;indemnisation des accidents du travail ne g\u00eanait pas les employeurs. En cons\u00e9quence, chaque \u00c9tat a fix\u00e9 des seuils diff\u00e9rents, ce qui a entra\u00een\u00e9 des changements dans l&rsquo;indemnisation des accidents du travail.<\/p>\n<p>Ainsi, les travailleurs ne sont plus tenus de prouver la faute de l&#8217;employeur et l&rsquo;indemnisation ne peut \u00eatre refus\u00e9e si la n\u00e9gligence de l&#8217;employ\u00e9 a contribu\u00e9 \u00e0 l&rsquo;accident. Les employeurs \u00e9taient alors tenus de souscrire une assurance couvrant (1) les frais m\u00e9dicaux li\u00e9s aux accidents du travail et \u00e0 certaines maladies des employ\u00e9s et (2) les indemnit\u00e9s, qui remplacent partiellement les salaires perdus. Malheureusement, l&rsquo;un des premiers effets secondaires des lois sur l&rsquo;indemnisation a \u00e9t\u00e9 d&rsquo;inciter les employeurs \u00e0 licencier ou \u00e0 refuser d&#8217;embaucher des travailleurs handicap\u00e9s ou souffrant de probl\u00e8mes de sant\u00e9, ce qui a entra\u00een\u00e9 une augmentation des co\u00fbts.<\/p>\n<p>Aux \u00c9tats-Unis, la plupart des employ\u00e9s bless\u00e9s re\u00e7oivent des soins m\u00e9dicaux et parfois une compensation financi\u00e8re pour les handicaps qui en r\u00e9sultent. Toutefois, les blessures survenant sur le trajet vers le lieu de travail ne donnent g\u00e9n\u00e9ralement pas droit \u00e0 des indemnit\u00e9s d&rsquo;accident du travail, \u00e0 quelques exceptions pr\u00e8s, comme les employ\u00e9s ayant des responsabilit\u00e9s sur plusieurs sites ou en dehors des heures de travail.<\/p>\n<p>Pour s&rsquo;acquitter de leur obligation, les employeurs adoptent deux m\u00e9thodes : les grandes organisations et les gouvernements peuvent \u00ab\u00a0s&rsquo;auto-assurer\u00a0\u00bb avec l&rsquo;autorisation de l&rsquo;organisme d&rsquo;indemnisation des travailleurs, tandis que les organisations plus petites doivent souscrire des polices d&rsquo;assurance. Certaines organisations auto-assur\u00e9es peuvent opter pour une approche \u00ab\u00a0hybride\u00a0\u00bb, en payant les demandes d&rsquo;indemnisation de leur poche apr\u00e8s qu&rsquo;une compagnie d&rsquo;assurance charg\u00e9e de l&rsquo;enqu\u00eate les a examin\u00e9es.<\/p>\n<p>Une organisation auto-assur\u00e9e diff\u00e8re d&rsquo;une entreprise non assur\u00e9e, car la premi\u00e8re est autoris\u00e9e par l&rsquo;\u00c9tat \u00e0 ne pas souscrire d&rsquo;assurance contre les accidents du travail, \u00e9tant donn\u00e9 qu&rsquo;elle est financi\u00e8rement en mesure de couvrir les demandes d&rsquo;indemnisation. Les \u00c9tats appliquent des sanctions strictes, y compris des amendes et des peines d&#8217;emprisonnement, aux employeurs qui n&rsquo;ont pas d&rsquo;autorisation d&rsquo;auto-assurance ou qui n&rsquo;ont pas d&rsquo;assurance contre les accidents du travail.<\/p>\n<p>Les compagnies d&rsquo;assurance commerciales proposent des polices d&rsquo;assurance aux employeurs, mais ceux qui sont consid\u00e9r\u00e9s comme trop risqu\u00e9s peuvent avoir recours \u00e0 des programmes \u00e0 risques assign\u00e9s. En outre, dans de nombreux \u00c9tats, des fonds publics pour les employeurs non assur\u00e9s sont disponibles pour payer les prestations lorsque les organisations ne parviennent pas \u00e0 s&rsquo;assurer l\u00e9galement.<\/p>\n<p>Des ressources \u00e9ducatives et des conseils pour les administrateurs et les juges des accidents du travail sont fournis par diverses organisations, notamment l&rsquo;American Bar Association (ABA), l&rsquo;International Association of Industrial Accident Boards and Commissions (IAIABC), la National Association of Workers&rsquo; Compensation Judiciary (NAWCJ) et le Workers&rsquo; Compensation Research Institute.<\/p>\n<p>Selon l&rsquo;enqu\u00eate nationale de r\u00e9mun\u00e9ration 2010 du Bureau of Labor Statistics aux \u00c9tats-Unis, les d\u00e9penses li\u00e9es \u00e0 l&rsquo;indemnisation des travailleurs repr\u00e9sentent 1,6 % de l&rsquo;ensemble des d\u00e9penses de l&#8217;employeur. Toutefois, ces taux varient d&rsquo;un secteur industriel \u00e0 l&rsquo;autre : 4,4 % pour la construction, 1,8 % pour l&rsquo;industrie manufacturi\u00e8re et 1,3 % pour les services.<\/p>\n<p>Les patients qui subissent une chirurgie du membre sup\u00e9rieur dans le cadre de l&rsquo;indemnisation des accidents du travail ont de moins bons r\u00e9sultats cliniques que ceux qui n&rsquo;en b\u00e9n\u00e9ficient pas. Ces patients subissent \u00e9galement des temps de gu\u00e9rison plus longs et retournent souvent \u00e0 des emplois moins bien r\u00e9mun\u00e9r\u00e9s. Parmi les facteurs qui y contribuent, on peut citer la nature exigeante du travail sur les membres sup\u00e9rieurs et le gain financier potentiel li\u00e9 \u00e0 la d\u00e9claration des incapacit\u00e9s postop\u00e9ratoires.<\/p>\n<\/div>\n<div class=\"flex items-center gap-1.5 text-xs\"><\/div>\n<\/div>\n<\/div>\n<\/div>\n<\/div>\n<\/div>\n<\/div>\n<\/div>\n<\/div>\n<\/div>\n<\/div>\n<\/div>\n<div class=\"w-full pt-2 md:pt-0 dark:border-white\/20 md:border-transparent md:dark:border-transparent md:w-[calc(100%-.5rem)]\">\n<form class=\"stretch mx-2 flex flex-row gap-3 last:mb-2 md:mx-4 md:last:mb-6 lg:mx-auto lg:max-w-2xl xl:max-w-3xl\">\n<div class=\"relative flex h-full flex-1 items-stretch md:flex-col\">\n<div class=\"flex w-full items-center\">\n<div class=\"flex-1 overflow-hidden\" style=\"text-align: left;\">\n<div class=\"react-scroll-to-bottom--css-rqenc-79elbk h-full\">\n<div class=\"react-scroll-to-bottom--css-rqenc-1n7m0yu\">\n<div class=\"flex flex-col pb-9 text-sm\">\n<div class=\"w-full text-token-text-primary\" data-testid=\"conversation-turn-21\">\n<div class=\"px-4 py-2 justify-center text-base md:gap-6 m-auto\">\n<div class=\"flex flex-1 text-base mx-auto gap-3 md:px-5 lg:px-1 xl:px-5 md:max-w-3xl lg:max-w-[40rem] xl:max-w-[48rem] } group final-completion\">\n<div class=\"relative flex w-full flex-col lg:w-[calc(100%-115px)] agent-turn\">\n<div class=\"flex-col gap-1 md:gap-3\">\n<div class=\"flex flex-grow flex-col max-w-full\">\n<div class=\"min-h-[20px] text-message flex flex-col items-start gap-3 whitespace-pre-wrap break-words [.text-message+&amp;]:mt-5 overflow-x-auto\" data-message-author-role=\"assistant\" data-message-id=\"b579ef35-82b3-421d-8c4c-354e93b16bd9\">\n<div class=\"markdown prose w-full break-words dark:prose-invert dark\">\n<p>En conclusion, l&rsquo;\u00e9volution de l&rsquo;indemnisation des travailleurs aux \u00c9tats-Unis est le reflet d&rsquo;une histoire dynamique marqu\u00e9e par des batailles juridiques, des id\u00e9ologies changeantes et la reconnaissance des droits et du bien-\u00eatre de la main-d&rsquo;\u0153uvre am\u00e9ricaine. Depuis les premiers d\u00e9bats sur l&rsquo;adoption des mod\u00e8les allemand ou britannique jusqu&rsquo;\u00e0 la mise en place d&rsquo;un syst\u00e8me complet bas\u00e9 sur l&rsquo;\u00c9tat, le parcours a \u00e9t\u00e9 jalonn\u00e9 d&rsquo;\u00e9tapes et d&rsquo;ajustements juridiques.<\/p>\n<p>Au fil du temps, le syst\u00e8me s&rsquo;est efforc\u00e9 d&rsquo;\u00e9quilibrer les int\u00e9r\u00eats des employeurs et des employ\u00e9s, en abordant les questions de la r\u00e9gularit\u00e9 de la proc\u00e9dure et de l&rsquo;ad\u00e9quation de l&rsquo;indemnisation. Si des progr\u00e8s ont \u00e9t\u00e9 accomplis pour garantir que les travailleurs accident\u00e9s re\u00e7oivent les soins et le soutien n\u00e9cessaires, des probl\u00e8mes persistent, tels que les cons\u00e9quences involontaires et les variations dans les d\u00e9penses du secteur.<\/p>\n<p>Les multiples facettes de l&rsquo;indemnisation des travailleurs soulignent la n\u00e9cessit\u00e9 permanente d&rsquo;une r\u00e9flexion approfondie, d&rsquo;une am\u00e9lioration continue et d&rsquo;un engagement \u00e0 maintenir un cadre \u00e9quitable et efficace pour les employeurs et les travailleurs.<\/p>\n<\/div>\n<\/div>\n<\/div>\n<div class=\"mt-1 flex justify-start gap-3 empty:hidden\">\n<div class=\"text-gray-400 flex self-end lg:self-center justify-center lg:justify-start mt-0 gap-1 visible\">\n<p>&nbsp;<\/p>\n<div class=\"flex gap-1\"><\/div>\n<div class=\"flex items-center gap-1.5 text-xs\"><\/div>\n<\/div>\n<\/div>\n<\/div>\n<\/div>\n<\/div>\n<\/div>\n<\/div>\n<\/div>\n<\/div>\n<\/div>\n<\/div>\n<div class=\"w-full pt-2 md:pt-0 dark:border-white\/20 md:border-transparent md:dark:border-transparent md:w-[calc(100%-.5rem)]\">\n<div class=\"relative flex h-full flex-1 items-stretch md:flex-col\">\n<div class=\"flex w-full items-center\" style=\"text-align: left;\"><\/div>\n<\/div>\n<\/div>\n<\/div>\n<\/div>\n<\/form>\n<\/div>\n<\/div>\n<div class=\"flex items-center gap-1.5 text-xs\"><\/div>\n<\/div>\n<\/div>\n<\/div>\n<\/div>\n<\/div>\n<\/div>\n<\/div>\n<\/div>\n<\/div>\n<\/div>\n<\/div>\n<div class=\"w-full pt-2 md:pt-0 dark:border-white\/20 md:border-transparent md:dark:border-transparent md:w-[calc(100%-.5rem)]\">\n<form class=\"stretch mx-2 flex flex-row gap-3 last:mb-2 md:mx-4 md:last:mb-6 lg:mx-auto lg:max-w-2xl xl:max-w-3xl\">\n<div class=\"relative flex h-full flex-1 items-stretch md:flex-col\">\n<div class=\"flex w-full items-center\"><\/div>\n<\/div>\n<\/form>\n<\/div>\n","protected":false},"excerpt":{"rendered":"<p>L&rsquo;histoire de l&rsquo;indemnisation des travailleurs aux \u00c9tats-Unis trouve son origine dans un syst\u00e8me \u00e9tatique, anciennement appel\u00e9 Workmen&rsquo;s Compensation (indemnisation des travailleurs) avant de changer de nom pour des raisons de neutralit\u00e9 de genre. Dans la plupart des \u00c9tats, il existe une version de l&rsquo;indemnisation des travailleurs qui est g\u00e9n\u00e9ralement obligatoire pour la quasi-totalit\u00e9 des employeurs, [&hellip;]<\/p>\n","protected":false},"author":33,"featured_media":0,"parent":17790,"menu_order":0,"comment_status":"closed","ping_status":"closed","template":"","meta":{"_et_pb_use_builder":"","_et_pb_old_content":"","_et_gb_content_width":"","footnotes":""},"class_list":["post-21296","page","type-page","status-publish","hentry"],"yoast_head":"<!-- This site is optimized with the Yoast SEO plugin v27.2 - https:\/\/yoast.com\/product\/yoast-seo-wordpress\/ -->\n<title>Historique de l&#039;indemnisation des travailleurs | Best Hip &amp; Knee Surgeon | NY, USA<\/title>\n<meta name=\"description\" content=\"L&#039;histoire de l&#039;indemnisation des travailleurs aux \u00c9tats-Unis trouve son origine dans un syst\u00e8me \u00e9tatique, anciennement appel\u00e9 Workmen&#039;s Compensation\" \/>\n<meta name=\"robots\" content=\"index, follow, max-snippet:-1, max-image-preview:large, max-video-preview:-1\" \/>\n<link rel=\"canonical\" href=\"https:\/\/www.newyorkhipknee.com\/fr\/indemnisation-des-travailleurs\/historique-de-lindemnisation-des-travailleurs\/\" \/>\n<meta property=\"og:locale\" content=\"fr_FR\" \/>\n<meta property=\"og:type\" content=\"article\" \/>\n<meta property=\"og:title\" content=\"Historique de l&#039;indemnisation des travailleurs | Best Hip &amp; Knee Surgeon | NY, USA\" \/>\n<meta property=\"og:description\" content=\"L&#039;histoire de l&#039;indemnisation des travailleurs aux \u00c9tats-Unis trouve son origine dans un syst\u00e8me \u00e9tatique, anciennement appel\u00e9 Workmen&#039;s Compensation\" \/>\n<meta property=\"og:url\" content=\"https:\/\/www.newyorkhipknee.com\/fr\/indemnisation-des-travailleurs\/historique-de-lindemnisation-des-travailleurs\/\" \/>\n<meta property=\"og:site_name\" content=\"Best Hip &amp; Knee Surgeon | NY, USA\" \/>\n<meta name=\"twitter:card\" content=\"summary_large_image\" \/>\n<meta name=\"twitter:label1\" content=\"Dur\u00e9e de lecture estim\u00e9e\" \/>\n\t<meta name=\"twitter:data1\" content=\"7 minutes\" \/>\n<script type=\"application\/ld+json\" class=\"yoast-schema-graph\">{\"@context\":\"https:\/\/schema.org\",\"@graph\":[{\"@type\":[\"WebPage\",\"MedicalWebPage\"],\"@id\":\"https:\/\/www.newyorkhipknee.com\/fr\/indemnisation-des-travailleurs\/historique-de-lindemnisation-des-travailleurs\/\",\"url\":\"https:\/\/www.newyorkhipknee.com\/fr\/indemnisation-des-travailleurs\/historique-de-lindemnisation-des-travailleurs\/\",\"name\":\"Historique de l'indemnisation des travailleurs | Best Hip &amp; Knee Surgeon | NY, USA\",\"isPartOf\":{\"@id\":\"https:\/\/www.newyorkhipknee.com\/fr\/#website\"},\"datePublished\":\"2023-12-08T20:50:40+00:00\",\"description\":\"L'histoire de l'indemnisation des travailleurs aux \u00c9tats-Unis trouve son origine dans un syst\u00e8me \u00e9tatique, anciennement appel\u00e9 Workmen's Compensation\",\"breadcrumb\":{\"@id\":\"https:\/\/www.newyorkhipknee.com\/fr\/indemnisation-des-travailleurs\/historique-de-lindemnisation-des-travailleurs\/#breadcrumb\"},\"inLanguage\":\"fr-FR\",\"potentialAction\":[{\"@type\":\"ReadAction\",\"target\":[\"https:\/\/www.newyorkhipknee.com\/fr\/indemnisation-des-travailleurs\/historique-de-lindemnisation-des-travailleurs\/\"]}]},{\"@type\":\"BreadcrumbList\",\"@id\":\"https:\/\/www.newyorkhipknee.com\/fr\/indemnisation-des-travailleurs\/historique-de-lindemnisation-des-travailleurs\/#breadcrumb\",\"itemListElement\":[{\"@type\":\"ListItem\",\"position\":1,\"name\":\"Home\",\"item\":\"https:\/\/www.newyorkhipknee.com\/fr\/\"},{\"@type\":\"ListItem\",\"position\":2,\"name\":\"Indemnisation des travailleurs\",\"item\":\"https:\/\/www.newyorkhipknee.com\/fr\/indemnisation-des-travailleurs\/\"},{\"@type\":\"ListItem\",\"position\":3,\"name\":\"Historique de l&rsquo;indemnisation des travailleurs\"}]},{\"@type\":\"WebSite\",\"@id\":\"https:\/\/www.newyorkhipknee.com\/fr\/#website\",\"url\":\"https:\/\/www.newyorkhipknee.com\/fr\/\",\"name\":\"Best Hip & Knee Surgeon | NY, USA\",\"description\":\"\",\"potentialAction\":[{\"@type\":\"SearchAction\",\"target\":{\"@type\":\"EntryPoint\",\"urlTemplate\":\"https:\/\/www.newyorkhipknee.com\/fr\/?s={search_term_string}\"},\"query-input\":{\"@type\":\"PropertyValueSpecification\",\"valueRequired\":true,\"valueName\":\"search_term_string\"}}],\"inLanguage\":\"fr-FR\"}]}<\/script>\n<!-- \/ Yoast SEO plugin. -->","yoast_head_json":{"title":"Historique de l'indemnisation des travailleurs | Best Hip &amp; Knee Surgeon | NY, USA","description":"L'histoire de l'indemnisation des travailleurs aux \u00c9tats-Unis trouve son origine dans un syst\u00e8me \u00e9tatique, anciennement appel\u00e9 Workmen's Compensation","robots":{"index":"index","follow":"follow","max-snippet":"max-snippet:-1","max-image-preview":"max-image-preview:large","max-video-preview":"max-video-preview:-1"},"canonical":"https:\/\/www.newyorkhipknee.com\/fr\/indemnisation-des-travailleurs\/historique-de-lindemnisation-des-travailleurs\/","og_locale":"fr_FR","og_type":"article","og_title":"Historique de l'indemnisation des travailleurs | Best Hip &amp; Knee Surgeon | NY, USA","og_description":"L'histoire de l'indemnisation des travailleurs aux \u00c9tats-Unis trouve son origine dans un syst\u00e8me \u00e9tatique, anciennement appel\u00e9 Workmen's Compensation","og_url":"https:\/\/www.newyorkhipknee.com\/fr\/indemnisation-des-travailleurs\/historique-de-lindemnisation-des-travailleurs\/","og_site_name":"Best Hip &amp; Knee Surgeon | NY, USA","twitter_card":"summary_large_image","twitter_misc":{"Dur\u00e9e de lecture estim\u00e9e":"7 minutes"},"schema":{"@context":"https:\/\/schema.org","@graph":[{"@type":["WebPage","MedicalWebPage"],"@id":"https:\/\/www.newyorkhipknee.com\/fr\/indemnisation-des-travailleurs\/historique-de-lindemnisation-des-travailleurs\/","url":"https:\/\/www.newyorkhipknee.com\/fr\/indemnisation-des-travailleurs\/historique-de-lindemnisation-des-travailleurs\/","name":"Historique de l'indemnisation des travailleurs | Best Hip &amp; Knee Surgeon | NY, USA","isPartOf":{"@id":"https:\/\/www.newyorkhipknee.com\/fr\/#website"},"datePublished":"2023-12-08T20:50:40+00:00","description":"L'histoire de l'indemnisation des travailleurs aux \u00c9tats-Unis trouve son origine dans un syst\u00e8me \u00e9tatique, anciennement appel\u00e9 Workmen's Compensation","breadcrumb":{"@id":"https:\/\/www.newyorkhipknee.com\/fr\/indemnisation-des-travailleurs\/historique-de-lindemnisation-des-travailleurs\/#breadcrumb"},"inLanguage":"fr-FR","potentialAction":[{"@type":"ReadAction","target":["https:\/\/www.newyorkhipknee.com\/fr\/indemnisation-des-travailleurs\/historique-de-lindemnisation-des-travailleurs\/"]}]},{"@type":"BreadcrumbList","@id":"https:\/\/www.newyorkhipknee.com\/fr\/indemnisation-des-travailleurs\/historique-de-lindemnisation-des-travailleurs\/#breadcrumb","itemListElement":[{"@type":"ListItem","position":1,"name":"Home","item":"https:\/\/www.newyorkhipknee.com\/fr\/"},{"@type":"ListItem","position":2,"name":"Indemnisation des travailleurs","item":"https:\/\/www.newyorkhipknee.com\/fr\/indemnisation-des-travailleurs\/"},{"@type":"ListItem","position":3,"name":"Historique de l&rsquo;indemnisation des travailleurs"}]},{"@type":"WebSite","@id":"https:\/\/www.newyorkhipknee.com\/fr\/#website","url":"https:\/\/www.newyorkhipknee.com\/fr\/","name":"Best Hip & Knee Surgeon | NY, USA","description":"","potentialAction":[{"@type":"SearchAction","target":{"@type":"EntryPoint","urlTemplate":"https:\/\/www.newyorkhipknee.com\/fr\/?s={search_term_string}"},"query-input":{"@type":"PropertyValueSpecification","valueRequired":true,"valueName":"search_term_string"}}],"inLanguage":"fr-FR"}]}},"_links":{"self":[{"href":"https:\/\/www.newyorkhipknee.com\/fr\/wp-json\/wp\/v2\/pages\/21296","targetHints":{"allow":["GET"]}}],"collection":[{"href":"https:\/\/www.newyorkhipknee.com\/fr\/wp-json\/wp\/v2\/pages"}],"about":[{"href":"https:\/\/www.newyorkhipknee.com\/fr\/wp-json\/wp\/v2\/types\/page"}],"author":[{"embeddable":true,"href":"https:\/\/www.newyorkhipknee.com\/fr\/wp-json\/wp\/v2\/users\/33"}],"replies":[{"embeddable":true,"href":"https:\/\/www.newyorkhipknee.com\/fr\/wp-json\/wp\/v2\/comments?post=21296"}],"version-history":[{"count":0,"href":"https:\/\/www.newyorkhipknee.com\/fr\/wp-json\/wp\/v2\/pages\/21296\/revisions"}],"up":[{"embeddable":true,"href":"https:\/\/www.newyorkhipknee.com\/fr\/wp-json\/wp\/v2\/pages\/17790"}],"wp:attachment":[{"href":"https:\/\/www.newyorkhipknee.com\/fr\/wp-json\/wp\/v2\/media?parent=21296"}],"curies":[{"name":"wp","href":"https:\/\/api.w.org\/{rel}","templated":true}]}}