{"id":21300,"date":"2023-12-08T15:43:37","date_gmt":"2023-12-08T20:43:37","guid":{"rendered":"https:\/\/newyorkhipknee.com\/indemnisation-des-travailleurs\/questions-preoccupantes-en-matiere-dindemnisation-des-travailleurs\/"},"modified":"2023-12-08T15:43:37","modified_gmt":"2023-12-08T20:43:37","slug":"questions-preoccupantes-en-matiere-dindemnisation-des-travailleurs","status":"publish","type":"page","link":"https:\/\/www.newyorkhipknee.com\/fr\/indemnisation-des-travailleurs\/questions-preoccupantes-en-matiere-dindemnisation-des-travailleurs\/","title":{"rendered":"Questions pr\u00e9occupantes en mati\u00e8re d&rsquo;indemnisation des travailleurs,"},"content":{"rendered":"<h1>Introduction<\/h1>\n<p>Les accidents du travail repr\u00e9sentent un risque important d&rsquo;invalidit\u00e9 et de d\u00e9c\u00e8s, d&rsquo;o\u00f9 la n\u00e9cessit\u00e9 d&rsquo;un syst\u00e8me d&rsquo;indemnisation des accidents du travail qui permette de d\u00e9dommager les salari\u00e9s victimes d&rsquo;accidents ou de maladies sur le lieu de travail. Ce syst\u00e8me, impos\u00e9 par la loi, impose aux employeurs de couvrir la majorit\u00e9 des d\u00e9penses li\u00e9es \u00e0 ces incidents, ind\u00e9pendamment de toute faute.<\/p>\n<p>Chaque \u00c9tat des \u00c9tats-Unis dispose de son propre syst\u00e8me d&rsquo;indemnisation des travailleurs, les lois f\u00e9d\u00e9rales couvrant les employ\u00e9s au niveau f\u00e9d\u00e9ral. Les prestations communes \u00e0 tous les \u00c9tats comprennent le remplacement du salaire en cas d&rsquo;incapacit\u00e9 temporaire totale, la prise en charge des personnes \u00e0 charge en cas de d\u00e9c\u00e8s et une indemnisation mon\u00e9taire couvrant les frais m\u00e9dicaux, d&rsquo;hospitalisation et les d\u00e9penses li\u00e9es au d\u00e9c\u00e8s.<\/p>\n<p>Toutefois, l&rsquo;indemnisation mon\u00e9taire est souvent un pourcentage du salaire hebdomadaire moyen de l&#8217;employ\u00e9 ou limit\u00e9e par des restrictions de travail, selon les \u00c9tats. Une p\u00e9riode d&rsquo;attente pr\u00e9c\u00e8de g\u00e9n\u00e9ralement le d\u00e9but des paiements mon\u00e9taires. La d\u00e9termination des prestations de revenu, par exemple en cas de perte d&rsquo;un membre, est souvent bas\u00e9e sur le pourcentage de d\u00e9ficience r\u00e9sultant de la blessure ou de la maladie.<\/p>\n<p><strong>Questions pr\u00e9occupantes :<\/strong> Bien que l&rsquo;indemnisation des travailleurs fonctionne comme un syst\u00e8me sans faute, offrant aux employeurs l&rsquo;immunit\u00e9 contre toute autre action en justice, des probl\u00e8mes se posent lorsqu&rsquo;il s&rsquo;agit de d\u00e9terminer l&rsquo;indemnisabilit\u00e9 des accidents, des blessures et des maladies survenus sur le lieu de travail. Les enqu\u00eates sur les maladies li\u00e9es au travail deviennent complexes en raison de facteurs tels que le d\u00e9but de l&rsquo;exposition, le d\u00e9but insidieux et les questions de causalit\u00e9 multiple. Il est essentiel de reconna\u00eetre que l&rsquo;indemnisation des travailleurs est un syst\u00e8me juridique, et non m\u00e9dical, dans lequel les tribunaux dictent le langage et les questions et les commissions d&rsquo;\u00c9tat ordonnent les prestations.<\/p>\n<p>L&rsquo;identification du lien avec le travail implique la prise en compte de la sant\u00e9 au travail, des ant\u00e9c\u00e9dents d&rsquo;exposition et de divers facteurs tels que les postes, les expositions et les expositions non professionnelles. La d\u00e9termination peut \u00eatre demand\u00e9e par des m\u00e9decins qui ne traitent pas la sant\u00e9 au travail, et des d\u00e9saccords surviennent souvent concernant le degr\u00e9 d&rsquo;invalidit\u00e9, l&rsquo;aptitude au retour au travail et la survenue de l&rsquo;affection sur le lieu de travail.<\/p>\n<p>Les concepts de gestion des soins, les bar\u00e8mes d&rsquo;honoraires et les directives de traitement peuvent r\u00e9gir le traitement m\u00e9dical, les lois de l&rsquo;\u00c9tat d\u00e9finissant le choix du traitement m\u00e9dical. Alors que certains \u00c9tats utilisent un panel de fournisseurs pour le contr\u00f4le, d&rsquo;autres offrent le libre choix des fournisseurs. Les employeurs peuvent opter pour un examen m\u00e9dical ind\u00e9pendant effectu\u00e9 par un m\u00e9decin non traitant afin d&rsquo;\u00e9valuer l&rsquo;\u00e9tat de sant\u00e9 g\u00e9n\u00e9ral du salari\u00e9, son statut professionnel, ses capacit\u00e9s physiques, la dur\u00e9e de son absence du travail et d&rsquo;autres facteurs.<\/p>\n<p>Les cat\u00e9gories d&rsquo;indemnit\u00e9s d&rsquo;invalidit\u00e9 comprennent l&rsquo;incapacit\u00e9 temporaire totale (ITT), l&rsquo;incapacit\u00e9 temporaire partielle (ITP), l&rsquo;incapacit\u00e9 permanente totale (IPT) et l&rsquo;incapacit\u00e9 permanente partielle (IPP). Le syst\u00e8me d&rsquo;indemnisation des accidents du travail exclut g\u00e9n\u00e9ralement les indemnit\u00e9s pour pr\u00e9judice moral et les \u00c9tats imposent des d\u00e9lais de prescription pour le d\u00e9p\u00f4t des demandes d&rsquo;indemnisation.<\/p>\n<p>Les obstacles au r\u00e9tablissement et \u00e0 la r\u00e9adaptation peuvent inclure un traitement prolong\u00e9, des conditions de blessure complexes, un r\u00e9tablissement prolong\u00e9 d\u00e9passant les lignes directrices, des blessures mineures entra\u00eenant une incapacit\u00e9 prolong\u00e9e, l&rsquo;intervention de plusieurs professionnels de la sant\u00e9, des comorbidit\u00e9s et l&rsquo;absence d&rsquo;incitations financi\u00e8res ou psychosociales \u00e0 l&rsquo;observance.<\/p>\n<p><strong>Signification clinique<\/strong>: Les maladies professionnelles aux causes multiples, telles que la perte d&rsquo;audition, le syndrome du canal carpien et les douleurs dorsales chroniques, posent des probl\u00e8mes d&rsquo;identification et de d\u00e9termination du lien de causalit\u00e9. La norme juridique implique un examen de la pr\u00e9pond\u00e9rance des preuves pour \u00e9tablir l&rsquo;existence d&rsquo;un lien avec le travail lorsque des causes multiples sont en jeu.<\/p>\n<p><strong>Am\u00e9liorer les r\u00e9sultats de l&rsquo;\u00e9quipe de soins de sant\u00e9<\/strong>: Une \u00e9quipe de soins de sant\u00e9 interprofessionnelle, compos\u00e9e de sp\u00e9cialistes, de praticiens de niveau interm\u00e9diaire, d&rsquo;infirmi\u00e8res, de pharmaciens et de th\u00e9rapeutes physiques et professionnels, doit reconna\u00eetre le syst\u00e8me d&rsquo;indemnisation des accidents du travail et s&rsquo;y retrouver, tant sur le plan financier que sur le plan clinique. L&rsquo;\u00e9quilibre entre les modifications de l&#8217;emploi et la garantie d&rsquo;un r\u00e9tablissement ad\u00e9quat sont des consid\u00e9rations essentielles pour l&rsquo;\u00e9quipe de soins de sant\u00e9.<\/p>\n","protected":false},"excerpt":{"rendered":"<p>Introduction Les accidents du travail repr\u00e9sentent un risque important d&rsquo;invalidit\u00e9 et de d\u00e9c\u00e8s, d&rsquo;o\u00f9 la n\u00e9cessit\u00e9 d&rsquo;un syst\u00e8me d&rsquo;indemnisation des accidents du travail qui permette de d\u00e9dommager les salari\u00e9s victimes d&rsquo;accidents ou de maladies sur le lieu de travail. Ce syst\u00e8me, impos\u00e9 par la loi, impose aux employeurs de couvrir la majorit\u00e9 des d\u00e9penses li\u00e9es [&hellip;]<\/p>\n","protected":false},"author":33,"featured_media":0,"parent":17790,"menu_order":0,"comment_status":"closed","ping_status":"closed","template":"","meta":{"_et_pb_use_builder":"","_et_pb_old_content":"","_et_gb_content_width":"","footnotes":""},"class_list":["post-21300","page","type-page","status-publish","hentry"],"yoast_head":"<!-- This site is optimized with the Yoast SEO plugin v27.2 - https:\/\/yoast.com\/product\/yoast-seo-wordpress\/ -->\n<title>Questions pr\u00e9occupantes en mati\u00e8re d&#039;indemnisation des travailleurs, | Best Hip &amp; Knee Surgeon | NY, USA<\/title>\n<meta name=\"description\" content=\"Introduction Les accidents du travail repr\u00e9sentent un risque important d&#039;invalidit\u00e9 et de d\u00e9c\u00e8s, d&#039;o\u00f9 la n\u00e9cessit\u00e9 d&#039;un syst\u00e8me d&#039;indemnisation des\" \/>\n<meta name=\"robots\" content=\"index, follow, max-snippet:-1, max-image-preview:large, max-video-preview:-1\" \/>\n<link rel=\"canonical\" href=\"https:\/\/www.newyorkhipknee.com\/fr\/indemnisation-des-travailleurs\/questions-preoccupantes-en-matiere-dindemnisation-des-travailleurs\/\" \/>\n<meta property=\"og:locale\" content=\"fr_FR\" \/>\n<meta property=\"og:type\" content=\"article\" \/>\n<meta property=\"og:title\" content=\"Questions pr\u00e9occupantes en mati\u00e8re d&#039;indemnisation des travailleurs, | Best Hip &amp; Knee Surgeon | NY, USA\" \/>\n<meta property=\"og:description\" content=\"Introduction Les accidents du travail repr\u00e9sentent un risque important d&#039;invalidit\u00e9 et de d\u00e9c\u00e8s, d&#039;o\u00f9 la n\u00e9cessit\u00e9 d&#039;un syst\u00e8me d&#039;indemnisation des\" \/>\n<meta property=\"og:url\" content=\"https:\/\/www.newyorkhipknee.com\/fr\/indemnisation-des-travailleurs\/questions-preoccupantes-en-matiere-dindemnisation-des-travailleurs\/\" \/>\n<meta property=\"og:site_name\" content=\"Best Hip &amp; Knee Surgeon | NY, USA\" \/>\n<meta name=\"twitter:card\" content=\"summary_large_image\" \/>\n<meta name=\"twitter:label1\" content=\"Dur\u00e9e de lecture estim\u00e9e\" \/>\n\t<meta name=\"twitter:data1\" content=\"4 minutes\" \/>\n<script type=\"application\/ld+json\" class=\"yoast-schema-graph\">{\"@context\":\"https:\/\/schema.org\",\"@graph\":[{\"@type\":[\"WebPage\",\"MedicalWebPage\"],\"@id\":\"https:\/\/www.newyorkhipknee.com\/fr\/indemnisation-des-travailleurs\/questions-preoccupantes-en-matiere-dindemnisation-des-travailleurs\/\",\"url\":\"https:\/\/www.newyorkhipknee.com\/fr\/indemnisation-des-travailleurs\/questions-preoccupantes-en-matiere-dindemnisation-des-travailleurs\/\",\"name\":\"Questions pr\u00e9occupantes en mati\u00e8re d'indemnisation des travailleurs, | Best Hip &amp; Knee Surgeon | NY, USA\",\"isPartOf\":{\"@id\":\"https:\/\/www.newyorkhipknee.com\/fr\/#website\"},\"datePublished\":\"2023-12-08T20:43:37+00:00\",\"description\":\"Introduction Les accidents du travail repr\u00e9sentent un risque important d'invalidit\u00e9 et de d\u00e9c\u00e8s, d'o\u00f9 la n\u00e9cessit\u00e9 d'un syst\u00e8me d'indemnisation des\",\"breadcrumb\":{\"@id\":\"https:\/\/www.newyorkhipknee.com\/fr\/indemnisation-des-travailleurs\/questions-preoccupantes-en-matiere-dindemnisation-des-travailleurs\/#breadcrumb\"},\"inLanguage\":\"fr-FR\",\"potentialAction\":[{\"@type\":\"ReadAction\",\"target\":[\"https:\/\/www.newyorkhipknee.com\/fr\/indemnisation-des-travailleurs\/questions-preoccupantes-en-matiere-dindemnisation-des-travailleurs\/\"]}]},{\"@type\":\"BreadcrumbList\",\"@id\":\"https:\/\/www.newyorkhipknee.com\/fr\/indemnisation-des-travailleurs\/questions-preoccupantes-en-matiere-dindemnisation-des-travailleurs\/#breadcrumb\",\"itemListElement\":[{\"@type\":\"ListItem\",\"position\":1,\"name\":\"Home\",\"item\":\"https:\/\/www.newyorkhipknee.com\/fr\/\"},{\"@type\":\"ListItem\",\"position\":2,\"name\":\"Indemnisation des travailleurs\",\"item\":\"https:\/\/www.newyorkhipknee.com\/fr\/indemnisation-des-travailleurs\/\"},{\"@type\":\"ListItem\",\"position\":3,\"name\":\"Questions pr\u00e9occupantes en mati\u00e8re d&rsquo;indemnisation des travailleurs,\"}]},{\"@type\":\"WebSite\",\"@id\":\"https:\/\/www.newyorkhipknee.com\/fr\/#website\",\"url\":\"https:\/\/www.newyorkhipknee.com\/fr\/\",\"name\":\"Best Hip & Knee Surgeon | NY, USA\",\"description\":\"\",\"potentialAction\":[{\"@type\":\"SearchAction\",\"target\":{\"@type\":\"EntryPoint\",\"urlTemplate\":\"https:\/\/www.newyorkhipknee.com\/fr\/?s={search_term_string}\"},\"query-input\":{\"@type\":\"PropertyValueSpecification\",\"valueRequired\":true,\"valueName\":\"search_term_string\"}}],\"inLanguage\":\"fr-FR\"}]}<\/script>\n<!-- \/ Yoast SEO plugin. -->","yoast_head_json":{"title":"Questions pr\u00e9occupantes en mati\u00e8re d'indemnisation des travailleurs, | Best Hip &amp; Knee Surgeon | NY, USA","description":"Introduction Les accidents du travail repr\u00e9sentent un risque important d'invalidit\u00e9 et de d\u00e9c\u00e8s, d'o\u00f9 la n\u00e9cessit\u00e9 d'un syst\u00e8me d'indemnisation des","robots":{"index":"index","follow":"follow","max-snippet":"max-snippet:-1","max-image-preview":"max-image-preview:large","max-video-preview":"max-video-preview:-1"},"canonical":"https:\/\/www.newyorkhipknee.com\/fr\/indemnisation-des-travailleurs\/questions-preoccupantes-en-matiere-dindemnisation-des-travailleurs\/","og_locale":"fr_FR","og_type":"article","og_title":"Questions pr\u00e9occupantes en mati\u00e8re d'indemnisation des travailleurs, | Best Hip &amp; Knee Surgeon | NY, USA","og_description":"Introduction Les accidents du travail repr\u00e9sentent un risque important d'invalidit\u00e9 et de d\u00e9c\u00e8s, d'o\u00f9 la n\u00e9cessit\u00e9 d'un syst\u00e8me d'indemnisation des","og_url":"https:\/\/www.newyorkhipknee.com\/fr\/indemnisation-des-travailleurs\/questions-preoccupantes-en-matiere-dindemnisation-des-travailleurs\/","og_site_name":"Best Hip &amp; Knee Surgeon | NY, USA","twitter_card":"summary_large_image","twitter_misc":{"Dur\u00e9e de lecture estim\u00e9e":"4 minutes"},"schema":{"@context":"https:\/\/schema.org","@graph":[{"@type":["WebPage","MedicalWebPage"],"@id":"https:\/\/www.newyorkhipknee.com\/fr\/indemnisation-des-travailleurs\/questions-preoccupantes-en-matiere-dindemnisation-des-travailleurs\/","url":"https:\/\/www.newyorkhipknee.com\/fr\/indemnisation-des-travailleurs\/questions-preoccupantes-en-matiere-dindemnisation-des-travailleurs\/","name":"Questions pr\u00e9occupantes en mati\u00e8re d'indemnisation des travailleurs, | Best Hip &amp; Knee Surgeon | NY, USA","isPartOf":{"@id":"https:\/\/www.newyorkhipknee.com\/fr\/#website"},"datePublished":"2023-12-08T20:43:37+00:00","description":"Introduction Les accidents du travail repr\u00e9sentent un risque important d'invalidit\u00e9 et de d\u00e9c\u00e8s, d'o\u00f9 la n\u00e9cessit\u00e9 d'un syst\u00e8me d'indemnisation des","breadcrumb":{"@id":"https:\/\/www.newyorkhipknee.com\/fr\/indemnisation-des-travailleurs\/questions-preoccupantes-en-matiere-dindemnisation-des-travailleurs\/#breadcrumb"},"inLanguage":"fr-FR","potentialAction":[{"@type":"ReadAction","target":["https:\/\/www.newyorkhipknee.com\/fr\/indemnisation-des-travailleurs\/questions-preoccupantes-en-matiere-dindemnisation-des-travailleurs\/"]}]},{"@type":"BreadcrumbList","@id":"https:\/\/www.newyorkhipknee.com\/fr\/indemnisation-des-travailleurs\/questions-preoccupantes-en-matiere-dindemnisation-des-travailleurs\/#breadcrumb","itemListElement":[{"@type":"ListItem","position":1,"name":"Home","item":"https:\/\/www.newyorkhipknee.com\/fr\/"},{"@type":"ListItem","position":2,"name":"Indemnisation des travailleurs","item":"https:\/\/www.newyorkhipknee.com\/fr\/indemnisation-des-travailleurs\/"},{"@type":"ListItem","position":3,"name":"Questions pr\u00e9occupantes en mati\u00e8re d&rsquo;indemnisation des travailleurs,"}]},{"@type":"WebSite","@id":"https:\/\/www.newyorkhipknee.com\/fr\/#website","url":"https:\/\/www.newyorkhipknee.com\/fr\/","name":"Best Hip & Knee Surgeon | NY, USA","description":"","potentialAction":[{"@type":"SearchAction","target":{"@type":"EntryPoint","urlTemplate":"https:\/\/www.newyorkhipknee.com\/fr\/?s={search_term_string}"},"query-input":{"@type":"PropertyValueSpecification","valueRequired":true,"valueName":"search_term_string"}}],"inLanguage":"fr-FR"}]}},"_links":{"self":[{"href":"https:\/\/www.newyorkhipknee.com\/fr\/wp-json\/wp\/v2\/pages\/21300","targetHints":{"allow":["GET"]}}],"collection":[{"href":"https:\/\/www.newyorkhipknee.com\/fr\/wp-json\/wp\/v2\/pages"}],"about":[{"href":"https:\/\/www.newyorkhipknee.com\/fr\/wp-json\/wp\/v2\/types\/page"}],"author":[{"embeddable":true,"href":"https:\/\/www.newyorkhipknee.com\/fr\/wp-json\/wp\/v2\/users\/33"}],"replies":[{"embeddable":true,"href":"https:\/\/www.newyorkhipknee.com\/fr\/wp-json\/wp\/v2\/comments?post=21300"}],"version-history":[{"count":0,"href":"https:\/\/www.newyorkhipknee.com\/fr\/wp-json\/wp\/v2\/pages\/21300\/revisions"}],"up":[{"embeddable":true,"href":"https:\/\/www.newyorkhipknee.com\/fr\/wp-json\/wp\/v2\/pages\/17790"}],"wp:attachment":[{"href":"https:\/\/www.newyorkhipknee.com\/fr\/wp-json\/wp\/v2\/media?parent=21300"}],"curies":[{"name":"wp","href":"https:\/\/api.w.org\/{rel}","templated":true}]}}