{"id":21302,"date":"2023-12-08T15:35:32","date_gmt":"2023-12-08T20:35:32","guid":{"rendered":"https:\/\/newyorkhipknee.com\/indemnisation-des-travailleurs\/origine-de-lindemnisation-des-travailleurs\/"},"modified":"2023-12-08T15:35:32","modified_gmt":"2023-12-08T20:35:32","slug":"origine-de-lindemnisation-des-travailleurs","status":"publish","type":"page","link":"https:\/\/www.newyorkhipknee.com\/fr\/indemnisation-des-travailleurs\/origine-de-lindemnisation-des-travailleurs\/","title":{"rendered":"Origine de l&rsquo;indemnisation des travailleurs"},"content":{"rendered":"<p>L&rsquo;assurance accidents du travail joue un r\u00f4le crucial en fournissant aux employ\u00e9s bless\u00e9s des indemnit\u00e9s de remplacement du salaire et des prestations m\u00e9dicales. En contrepartie, les employ\u00e9s renoncent \u00e0 leur droit de poursuivre leur employeur pour n\u00e9gligence, ce qui cr\u00e9e ce que l&rsquo;on appelle le \u00ab\u00a0march\u00e9 de l&rsquo;indemnisation\u00a0\u00bb. Cet arrangement garantit une couverture limit\u00e9e et restreint le recours juridique au syst\u00e8me d&rsquo;indemnisation des travailleurs.<\/p>\n<p>L&rsquo;objectif principal est d&#8217;emp\u00eacher les employeurs de se retrouver en situation d&rsquo;insolvabilit\u00e9 en raison de dommages-int\u00e9r\u00eats \u00e9lev\u00e9s, tout en garantissant collectivement l&rsquo;indemnisation des travailleurs. Ces r\u00e9gimes, qui varient d&rsquo;une juridiction \u00e0 l&rsquo;autre, pr\u00e9voient des paiements hebdomadaires pour remplacer les salaires perdus (comme l&rsquo;assurance invalidit\u00e9), une indemnisation pour les pertes \u00e9conomiques pass\u00e9es et futures, le remboursement des frais m\u00e9dicaux (comme l&rsquo;assurance maladie) et des prestations payables aux personnes \u00e0 charge en cas d&rsquo;accident mortel sur le lieu de travail.<\/p>\n<p>Toutefois, il est important de noter que les r\u00e9gimes d&rsquo;indemnisation des accidents du travail ne couvrent pas les dommages-int\u00e9r\u00eats pour souffrances et douleurs g\u00e9n\u00e9rales ni les dommages-int\u00e9r\u00eats punitifs r\u00e9sultant d&rsquo;une n\u00e9gligence de l&#8217;employeur.<\/p>\n<p>L&rsquo;origine des lois sur l&rsquo;indemnisation des travailleurs remonte au chancelier prussien Otto von Bismarck, qui a introduit le syst\u00e8me d&rsquo;assurance contre les accidents du travail en 1884. Ce syst\u00e8me a \u00e9volu\u00e9 \u00e0 travers les lois sur les accidents du travail en Europe et a fini par s&rsquo;imposer aux \u00c9tats-Unis. La coop\u00e9ration internationale entre les d\u00e9cideurs politiques et les chercheurs en sciences sociales a favoris\u00e9 l&rsquo;\u00e9laboration de lois d&rsquo;indemnisation globales.<\/p>\n<p>Les lois sur l&rsquo;indemnisation des travailleurs visent \u00e0 rationaliser le processus en \u00e9liminant les litiges et en limitant les recours de droit commun. Les employ\u00e9s, en \u00e9change de leur renonciation au droit \u00e0 des indemnit\u00e9s pour souffrances et douleurs, re\u00e7oivent une compensation mon\u00e9taire pour compenser la perte de salaire, les d\u00e9ficiences physiques permanentes et les frais m\u00e9dicaux r\u00e9sultant d&rsquo;accidents du travail. Les personnes \u00e0 charge des employ\u00e9s qui succombent \u00e0 des blessures ou \u00e0 des maladies li\u00e9es au travail ont \u00e9galement droit \u00e0 des prestations. Des protections juridiques existent pour les employeurs et les employ\u00e9s, \u00e9tablissant des lignes directrices pour divers sc\u00e9narios d&#8217;emploi par le biais de lois \u00e9tatiques et de r\u00e9glementations f\u00e9d\u00e9rales.<\/p>\n<p>La disposition relative au recours d\u00e9signe l&rsquo;indemnisation des travailleurs comme la principale m\u00e9thode pour traiter les demandes des travailleurs bless\u00e9s, les emp\u00eachant ainsi d&rsquo;engager leur responsabilit\u00e9 civile \u00e0 l&rsquo;encontre de leur employeur.<\/p>\n<p>Dans le domaine des recours de common law, les nations ont d\u00e9velopp\u00e9 un syst\u00e8me influenc\u00e9 par trois d\u00e9fenses d\u00e9lictuelles cl\u00e9s pour les employeurs : la n\u00e9gligence contributive, la prise en charge du risque et la r\u00e8gle du compagnon de service. Les employeurs avaient certaines obligations en vertu de la common law, notamment celle de fournir un environnement s\u00fbr, d&rsquo;\u00e9mettre des avertissements sur les dangers potentiels, de faciliter l&rsquo;assistance des coll\u00e8gues et de faire respecter les r\u00e8gles de s\u00e9curit\u00e9 sur le lieu de travail.<\/p>\n<p>Trois moyens de d\u00e9fense prot\u00e9geaient les employeurs en vertu de la common law :<\/p>\n<ol>\n<li>La doctrine du compagnon de service prot\u00e8ge les employeurs lorsqu&rsquo;un compagnon de travail a contribu\u00e9, en partie ou en totalit\u00e9, \u00e0 l&rsquo;accident.<\/li>\n<li>La n\u00e9gligence contributive prot\u00e8ge les employeurs lorsque les employ\u00e9s ne prennent pas de pr\u00e9cautions raisonnables.<\/li>\n<li>La prise en charge des risques prot\u00e8ge les employeurs lorsque les employ\u00e9s acceptent volontairement les risques li\u00e9s au travail.<\/li>\n<\/ol>\n<p>Presque tous les \u00c9tats, \u00e0 l&rsquo;exception du Texas en 2018, ont adopt\u00e9 une forme ou une autre d&rsquo;indemnisation obligatoire des travailleurs, les organisations ayant la possibilit\u00e9 de souscrire une assurance volontaire pour la couverture obligatoire et non obligatoire. Les entreprises peuvent \u00e9galement opter pour l&rsquo;auto-assurance en d\u00e9montrant qu&rsquo;elles disposent de fonds suffisants pour couvrir leurs obligations en mati\u00e8re d&rsquo;indemnisation des travailleurs. En 1949, tous les \u00c9tats avaient mis en place un programme d&rsquo;indemnisation des travailleurs, les juges administratifs \u00e9tant charg\u00e9s de juger les faits pour les demandes d&rsquo;indemnisation des travailleurs aux \u00c9tats-Unis.<\/p>\n","protected":false},"excerpt":{"rendered":"<p>L&rsquo;assurance accidents du travail joue un r\u00f4le crucial en fournissant aux employ\u00e9s bless\u00e9s des indemnit\u00e9s de remplacement du salaire et des prestations m\u00e9dicales. En contrepartie, les employ\u00e9s renoncent \u00e0 leur droit de poursuivre leur employeur pour n\u00e9gligence, ce qui cr\u00e9e ce que l&rsquo;on appelle le \u00ab\u00a0march\u00e9 de l&rsquo;indemnisation\u00a0\u00bb. Cet arrangement garantit une couverture limit\u00e9e et [&hellip;]<\/p>\n","protected":false},"author":33,"featured_media":0,"parent":17790,"menu_order":0,"comment_status":"closed","ping_status":"closed","template":"","meta":{"_et_pb_use_builder":"","_et_pb_old_content":"","_et_gb_content_width":"","footnotes":""},"class_list":["post-21302","page","type-page","status-publish","hentry"],"yoast_head":"<!-- This site is optimized with the Yoast SEO plugin v27.2 - https:\/\/yoast.com\/product\/yoast-seo-wordpress\/ -->\n<title>Origine de l&#039;indemnisation des travailleurs | Best Hip &amp; Knee Surgeon | NY, USA<\/title>\n<meta name=\"description\" content=\"L&#039;assurance accidents du travail joue un r\u00f4le crucial en fournissant aux employ\u00e9s bless\u00e9s des indemnit\u00e9s de remplacement du salaire et des prestations\" \/>\n<meta name=\"robots\" content=\"index, follow, max-snippet:-1, max-image-preview:large, max-video-preview:-1\" \/>\n<link rel=\"canonical\" href=\"https:\/\/www.newyorkhipknee.com\/fr\/indemnisation-des-travailleurs\/origine-de-lindemnisation-des-travailleurs\/\" \/>\n<meta property=\"og:locale\" content=\"fr_FR\" \/>\n<meta property=\"og:type\" content=\"article\" \/>\n<meta property=\"og:title\" content=\"Origine de l&#039;indemnisation des travailleurs | Best Hip &amp; Knee Surgeon | NY, USA\" \/>\n<meta property=\"og:description\" content=\"L&#039;assurance accidents du travail joue un r\u00f4le crucial en fournissant aux employ\u00e9s bless\u00e9s des indemnit\u00e9s de remplacement du salaire et des prestations\" \/>\n<meta property=\"og:url\" content=\"https:\/\/www.newyorkhipknee.com\/fr\/indemnisation-des-travailleurs\/origine-de-lindemnisation-des-travailleurs\/\" \/>\n<meta property=\"og:site_name\" content=\"Best Hip &amp; Knee Surgeon | NY, USA\" \/>\n<meta name=\"twitter:card\" content=\"summary_large_image\" \/>\n<meta name=\"twitter:label1\" content=\"Dur\u00e9e de lecture estim\u00e9e\" \/>\n\t<meta name=\"twitter:data1\" content=\"3 minutes\" \/>\n<script type=\"application\/ld+json\" class=\"yoast-schema-graph\">{\"@context\":\"https:\/\/schema.org\",\"@graph\":[{\"@type\":[\"WebPage\",\"MedicalWebPage\"],\"@id\":\"https:\/\/www.newyorkhipknee.com\/fr\/indemnisation-des-travailleurs\/origine-de-lindemnisation-des-travailleurs\/\",\"url\":\"https:\/\/www.newyorkhipknee.com\/fr\/indemnisation-des-travailleurs\/origine-de-lindemnisation-des-travailleurs\/\",\"name\":\"Origine de l'indemnisation des travailleurs | Best Hip &amp; Knee Surgeon | NY, USA\",\"isPartOf\":{\"@id\":\"https:\/\/www.newyorkhipknee.com\/fr\/#website\"},\"datePublished\":\"2023-12-08T20:35:32+00:00\",\"description\":\"L'assurance accidents du travail joue un r\u00f4le crucial en fournissant aux employ\u00e9s bless\u00e9s des indemnit\u00e9s de remplacement du salaire et des prestations\",\"breadcrumb\":{\"@id\":\"https:\/\/www.newyorkhipknee.com\/fr\/indemnisation-des-travailleurs\/origine-de-lindemnisation-des-travailleurs\/#breadcrumb\"},\"inLanguage\":\"fr-FR\",\"potentialAction\":[{\"@type\":\"ReadAction\",\"target\":[\"https:\/\/www.newyorkhipknee.com\/fr\/indemnisation-des-travailleurs\/origine-de-lindemnisation-des-travailleurs\/\"]}]},{\"@type\":\"BreadcrumbList\",\"@id\":\"https:\/\/www.newyorkhipknee.com\/fr\/indemnisation-des-travailleurs\/origine-de-lindemnisation-des-travailleurs\/#breadcrumb\",\"itemListElement\":[{\"@type\":\"ListItem\",\"position\":1,\"name\":\"Home\",\"item\":\"https:\/\/www.newyorkhipknee.com\/fr\/\"},{\"@type\":\"ListItem\",\"position\":2,\"name\":\"Indemnisation des travailleurs\",\"item\":\"https:\/\/www.newyorkhipknee.com\/fr\/indemnisation-des-travailleurs\/\"},{\"@type\":\"ListItem\",\"position\":3,\"name\":\"Origine de l&rsquo;indemnisation des travailleurs\"}]},{\"@type\":\"WebSite\",\"@id\":\"https:\/\/www.newyorkhipknee.com\/fr\/#website\",\"url\":\"https:\/\/www.newyorkhipknee.com\/fr\/\",\"name\":\"Best Hip & Knee Surgeon | NY, USA\",\"description\":\"\",\"potentialAction\":[{\"@type\":\"SearchAction\",\"target\":{\"@type\":\"EntryPoint\",\"urlTemplate\":\"https:\/\/www.newyorkhipknee.com\/fr\/?s={search_term_string}\"},\"query-input\":{\"@type\":\"PropertyValueSpecification\",\"valueRequired\":true,\"valueName\":\"search_term_string\"}}],\"inLanguage\":\"fr-FR\"}]}<\/script>\n<!-- \/ Yoast SEO plugin. -->","yoast_head_json":{"title":"Origine de l'indemnisation des travailleurs | Best Hip &amp; Knee Surgeon | NY, USA","description":"L'assurance accidents du travail joue un r\u00f4le crucial en fournissant aux employ\u00e9s bless\u00e9s des indemnit\u00e9s de remplacement du salaire et des prestations","robots":{"index":"index","follow":"follow","max-snippet":"max-snippet:-1","max-image-preview":"max-image-preview:large","max-video-preview":"max-video-preview:-1"},"canonical":"https:\/\/www.newyorkhipknee.com\/fr\/indemnisation-des-travailleurs\/origine-de-lindemnisation-des-travailleurs\/","og_locale":"fr_FR","og_type":"article","og_title":"Origine de l'indemnisation des travailleurs | Best Hip &amp; Knee Surgeon | NY, USA","og_description":"L'assurance accidents du travail joue un r\u00f4le crucial en fournissant aux employ\u00e9s bless\u00e9s des indemnit\u00e9s de remplacement du salaire et des prestations","og_url":"https:\/\/www.newyorkhipknee.com\/fr\/indemnisation-des-travailleurs\/origine-de-lindemnisation-des-travailleurs\/","og_site_name":"Best Hip &amp; Knee Surgeon | NY, USA","twitter_card":"summary_large_image","twitter_misc":{"Dur\u00e9e de lecture estim\u00e9e":"3 minutes"},"schema":{"@context":"https:\/\/schema.org","@graph":[{"@type":["WebPage","MedicalWebPage"],"@id":"https:\/\/www.newyorkhipknee.com\/fr\/indemnisation-des-travailleurs\/origine-de-lindemnisation-des-travailleurs\/","url":"https:\/\/www.newyorkhipknee.com\/fr\/indemnisation-des-travailleurs\/origine-de-lindemnisation-des-travailleurs\/","name":"Origine de l'indemnisation des travailleurs | Best Hip &amp; Knee Surgeon | NY, USA","isPartOf":{"@id":"https:\/\/www.newyorkhipknee.com\/fr\/#website"},"datePublished":"2023-12-08T20:35:32+00:00","description":"L'assurance accidents du travail joue un r\u00f4le crucial en fournissant aux employ\u00e9s bless\u00e9s des indemnit\u00e9s de remplacement du salaire et des prestations","breadcrumb":{"@id":"https:\/\/www.newyorkhipknee.com\/fr\/indemnisation-des-travailleurs\/origine-de-lindemnisation-des-travailleurs\/#breadcrumb"},"inLanguage":"fr-FR","potentialAction":[{"@type":"ReadAction","target":["https:\/\/www.newyorkhipknee.com\/fr\/indemnisation-des-travailleurs\/origine-de-lindemnisation-des-travailleurs\/"]}]},{"@type":"BreadcrumbList","@id":"https:\/\/www.newyorkhipknee.com\/fr\/indemnisation-des-travailleurs\/origine-de-lindemnisation-des-travailleurs\/#breadcrumb","itemListElement":[{"@type":"ListItem","position":1,"name":"Home","item":"https:\/\/www.newyorkhipknee.com\/fr\/"},{"@type":"ListItem","position":2,"name":"Indemnisation des travailleurs","item":"https:\/\/www.newyorkhipknee.com\/fr\/indemnisation-des-travailleurs\/"},{"@type":"ListItem","position":3,"name":"Origine de l&rsquo;indemnisation des travailleurs"}]},{"@type":"WebSite","@id":"https:\/\/www.newyorkhipknee.com\/fr\/#website","url":"https:\/\/www.newyorkhipknee.com\/fr\/","name":"Best Hip & Knee Surgeon | NY, USA","description":"","potentialAction":[{"@type":"SearchAction","target":{"@type":"EntryPoint","urlTemplate":"https:\/\/www.newyorkhipknee.com\/fr\/?s={search_term_string}"},"query-input":{"@type":"PropertyValueSpecification","valueRequired":true,"valueName":"search_term_string"}}],"inLanguage":"fr-FR"}]}},"_links":{"self":[{"href":"https:\/\/www.newyorkhipknee.com\/fr\/wp-json\/wp\/v2\/pages\/21302","targetHints":{"allow":["GET"]}}],"collection":[{"href":"https:\/\/www.newyorkhipknee.com\/fr\/wp-json\/wp\/v2\/pages"}],"about":[{"href":"https:\/\/www.newyorkhipknee.com\/fr\/wp-json\/wp\/v2\/types\/page"}],"author":[{"embeddable":true,"href":"https:\/\/www.newyorkhipknee.com\/fr\/wp-json\/wp\/v2\/users\/33"}],"replies":[{"embeddable":true,"href":"https:\/\/www.newyorkhipknee.com\/fr\/wp-json\/wp\/v2\/comments?post=21302"}],"version-history":[{"count":0,"href":"https:\/\/www.newyorkhipknee.com\/fr\/wp-json\/wp\/v2\/pages\/21302\/revisions"}],"up":[{"embeddable":true,"href":"https:\/\/www.newyorkhipknee.com\/fr\/wp-json\/wp\/v2\/pages\/17790"}],"wp:attachment":[{"href":"https:\/\/www.newyorkhipknee.com\/fr\/wp-json\/wp\/v2\/media?parent=21302"}],"curies":[{"name":"wp","href":"https:\/\/api.w.org\/{rel}","templated":true}]}}