{"id":21308,"date":"2023-12-08T15:21:33","date_gmt":"2023-12-08T20:21:33","guid":{"rendered":"https:\/\/newyorkhipknee.com\/indemnisation-des-travailleurs\/lois-de-letat-sur-lindemnisation-des-travailleurs\/"},"modified":"2023-12-08T15:21:33","modified_gmt":"2023-12-08T20:21:33","slug":"lois-de-letat-sur-lindemnisation-des-travailleurs","status":"publish","type":"page","link":"https:\/\/www.newyorkhipknee.com\/fr\/indemnisation-des-travailleurs\/lois-de-letat-sur-lindemnisation-des-travailleurs\/","title":{"rendered":"Lois de l&rsquo;\u00c9tat sur l&rsquo;indemnisation des travailleurs"},"content":{"rendered":"<p>Les prestations d&rsquo;indemnisation des travailleurs, leur disponibilit\u00e9, leur montant et leur dur\u00e9e varient d&rsquo;un \u00c9tat \u00e0 l&rsquo;autre pour les salari\u00e9s. Chaque \u00c9tat dispose d&rsquo;un organe directeur charg\u00e9 de superviser le syst\u00e8me d&rsquo;indemnisation des travailleurs, souvent appel\u00e9 \u00ab\u00a0agence quasi-judiciaire\u00a0\u00bb ou commission d&rsquo;indemnisation des travailleurs, comme la North Carolina Industrial Commission en Caroline du Nord ou la Workers&rsquo; Disability Compensation Agency dans le Michigan.<\/p>\n<p>Dans la plupart des \u00c9tats, les compagnies d&rsquo;assurance priv\u00e9es sont les principaux prestataires de services d&rsquo;indemnisation des accidents du travail, tandis que douze \u00c9tats disposent de fonds publics pour les assureurs priv\u00e9s et les employ\u00e9s de l&rsquo;\u00c9tat. La Californie, par exemple, dispose du plus grand fonds d&rsquo;assurance indemnisation de l&rsquo;\u00c9tat. Certains \u00c9tats g\u00e8rent des compagnies d&rsquo;assurance monopolistiques appartenant \u00e0 l&rsquo;\u00c9tat, qui peuvent agir en tant que programme de risques assign\u00e9s ou fournir une couverture aux entreprises incapables d&rsquo;obtenir une assurance priv\u00e9e.<\/p>\n<p>La sous-d\u00e9claration des blessures est un probl\u00e8me important dans le syst\u00e8me d&rsquo;indemnisation des travailleurs. Par crainte de repr\u00e9sailles de la part de leur employeur, certains salari\u00e9s peuvent \u00e9viter de d\u00e9clarer des accidents du travail, optant pour un traitement priv\u00e9, payant de leur poche ou comptant sur l&rsquo;assurance m\u00e9dicale. Cela peut entra\u00eener une augmentation des d\u00e9penses d&rsquo;assurance maladie.<\/p>\n<p>Certains \u00c9tats pr\u00e9voient des exceptions \u00e0 la r\u00e8gle selon laquelle seules les blessures li\u00e9es au travail sont couvertes, par exemple pour les vendeurs itin\u00e9rants, les voyages li\u00e9s au travail ou les courses sp\u00e9cifiques. Une indemnisation peut \u00e9galement \u00eatre accord\u00e9e pour les blessures subies sur les lieux de travail, m\u00eame en l&rsquo;absence de travail. Dans la plupart des \u00c9tats, il est ill\u00e9gal pour un employeur de licencier ou de refuser d&#8217;embaucher une personne ayant signal\u00e9 un accident du travail, mais il peut \u00eatre difficile de prouver qu&rsquo;il y a eu discrimination.<\/p>\n<p>Les lois sur l&rsquo;indemnisation des travailleurs accordent g\u00e9n\u00e9ralement aux employeurs une immunit\u00e9 en mati\u00e8re de responsabilit\u00e9, limitant celle-ci aux montants pr\u00e9vus dans le cadre l\u00e9gal. Il existe toutefois des exceptions. Dans des \u00c9tats comme le New Jersey, les employeurs peuvent \u00eatre tenus responsables de montants plus \u00e9lev\u00e9s si les employ\u00e9s peuvent prouver qu&rsquo;ils ont subi un pr\u00e9judice intentionnel. La Pennsylvanie et certains autres \u00c9tats offrent l&rsquo;immunit\u00e9 \u00e0 l&#8217;employeur dans toutes les circonstances, bien que d&rsquo;autres entit\u00e9s, telles que les sous-traitants ou les fabricants de produits, puissent \u00eatre tenues pour responsables des blessures subies.<\/p>\n<h2>Recours<\/h2>\n<p>Dans certains cas, un travailleur bless\u00e9 a la possibilit\u00e9 de faire appel d&rsquo;un refus, en particulier lorsqu&rsquo;il y a des probl\u00e8mes tels qu&rsquo;une d\u00e9claration incorrecte de la blessure par l&#8217;employ\u00e9 ou l&#8217;employeur, ou si la compagnie d&rsquo;assurance conteste la demande d&rsquo;indemnisation. Les juges de droit administratif ou les magistrats, agissant en tant que juges des faits, traitent les demandes d&rsquo;indemnisation des travailleurs.<\/p>\n<p>Dans certaines situations, le travailleur bless\u00e9 ou son repr\u00e9sentant l\u00e9gal peut choisir de r\u00e9gler et de racheter sa demande d&rsquo;indemnisation pour accident du travail, en acceptant une somme forfaitaire en guise de compensation pour avoir renonc\u00e9 \u00e0 d&rsquo;autres prestations. Une \u00e9tude men\u00e9e en 2018 a r\u00e9v\u00e9l\u00e9 que les employ\u00e9s ont re\u00e7u un paiement pour 70 % des demandes initialement refus\u00e9es.<\/p>\n<p>Des difficult\u00e9s peuvent survenir lorsque les employ\u00e9s et les compagnies d&rsquo;assurance contestent fermement les indemnit\u00e9s vers\u00e9es au titre de l&rsquo;indemnisation des accidents du travail. Il peut \u00eatre utile pour les travailleurs bless\u00e9s de solliciter l&rsquo;aide des organismes publics ou de faire appel \u00e0 un avocat sp\u00e9cialis\u00e9 dans l&rsquo;indemnisation des travailleurs. Les frais de justice, connus sous le nom d'\u00a0\u00bbhonoraires conditionnels\u00a0\u00bb, ne sont payables qu&rsquo;en cas de recouvrement, ce qui limite les co\u00fbts du demandeur \u00e0 un pourcentage sp\u00e9cifique de l&rsquo;indemnit\u00e9, compris entre 11 et 40 %.<\/p>\n<p>Dans la plupart des \u00c9tats, la comp\u00e9tence en mati\u00e8re d&rsquo;indemnisation des accidents du travail passe g\u00e9n\u00e9ralement des tribunaux de premi\u00e8re instance \u00e0 des agences administratives sp\u00e9cialis\u00e9es. Les juges administratifs traitent les litiges de mani\u00e8re informelle au sein de ces agences.<\/p>\n<p>Les employ\u00e9s peuvent faire appel \u00e0 la commission d&rsquo;appel, puis au syst\u00e8me judiciaire de l&rsquo;\u00c9tat, bien que la proc\u00e9dure d&rsquo;appel soit difficile car les cours d&rsquo;appel de l&rsquo;\u00c9tat sont souvent sceptiques et cherchent \u00e0 r\u00e9duire les litiges. Certains \u00c9tats, comme l&rsquo;Ohio, autorisent les employ\u00e9s \u00e0 engager des poursuites en premi\u00e8re instance contre leurs employeurs.<\/p>\n<p>L&rsquo;article XIV, section 4 de la Constitution californienne refl\u00e8te l&rsquo;intention du peuple d&rsquo;\u00e9tablir un syst\u00e8me d&rsquo;indemnisation des travailleurs.<\/p>\n<p>Texas Fait inhabituel, le Texas autorise les employeurs \u00e0 se retirer du syst\u00e8me d&rsquo;indemnisation des accidents du travail. Les employeurs qui ne souscrivent pas d&rsquo;assurance contre les accidents du travail sont appel\u00e9s \u00ab\u00a0non-souscripteurs\u00a0\u00bb. Cependant, les non-souscripteurs s&rsquo;exposent \u00e0 une responsabilit\u00e9 l\u00e9gale si un employ\u00e9 subit une blessure.<\/p>\n<p>Au Texas, la charge de la preuve incombe \u00e0 l&#8217;employ\u00e9, qui doit d\u00e9montrer que la n\u00e9gligence de l&#8217;employeur est \u00e0 l&rsquo;origine du pr\u00e9judice. En ne souscrivant pas \u00e0 l&rsquo;indemnisation des accidents du travail, les employeurs perdent les moyens de d\u00e9fense pr\u00e9vus par la common law, tels que la n\u00e9gligence contributive, la prise en charge du risque et la doctrine du compagnon de travail. Par cons\u00e9quent, les employ\u00e9s peuvent obtenir des dommages-int\u00e9r\u00eats totaux en vertu du droit commun, qui peuvent \u00eatre plus g\u00e9n\u00e9reux que les indemnit\u00e9s d&rsquo;accident du travail. En 1995, 44 % des employeurs du Texas n&rsquo;\u00e9taient pas abonn\u00e9s, contre 35 % en 2001.<\/p>\n<p>Le groupe de d\u00e9fense de la Texas Association of Business Non-subscription affirme que les employeurs qui ne souscrivent pas au r\u00e9gime font l&rsquo;objet d&rsquo;un taux de satisfaction plus \u00e9lev\u00e9 et de d\u00e9penses moindres que ceux qui sont affili\u00e9s \u00e0 un syst\u00e8me d&rsquo;indemnisation des accidents du travail. Toutefois, une enqu\u00eate du Texas Research and Oversight Council on Workers&rsquo; Compensation a r\u00e9v\u00e9l\u00e9 que 68 % des employeurs non abonn\u00e9s et 60 % des abonn\u00e9s \u00e9taient satisfaits du syst\u00e8me d&rsquo;indemnisation des accidents du travail.<\/p>\n<p>En outre, la satisfaction des non-abonn\u00e9s augmente avec la taille de l&rsquo;entreprise. Toutefois, des recherches suppl\u00e9mentaires sont n\u00e9cessaires pour \u00e9valuer l&rsquo;ad\u00e9quation de la compensation sans abonnement par rapport aux alternatives d&rsquo;abonnement. La Cour supr\u00eame du Texas limite les obligations des employeurs en ce qui concerne le maintien de la s\u00e9curit\u00e9 des employ\u00e9s et les recours pour les travailleurs bless\u00e9s.<\/p>\n<p>Privatisation R\u00e9cemment, les programmes d&rsquo;indemnisation des accidents du travail de la Virginie occidentale et du Nevada ont \u00e9t\u00e9 privatis\u00e9s par le biais d&rsquo;une mutualisation afin de rem\u00e9dier au sous-financement. Seuls le Dakota du Nord, l&rsquo;Ohio, Washington et le Wyoming s&rsquo;appuient enti\u00e8rement sur des programmes d&rsquo;indemnisation des accidents du travail g\u00e9r\u00e9s par l&rsquo;\u00c9tat, connus sous le nom d&rsquo;\u00c9tats monopolistiques, o\u00f9 les employeurs doivent obtenir une indemnisation des accidents du travail par l&rsquo;interm\u00e9diaire d&rsquo;un fonds g\u00e9r\u00e9 par l&rsquo;\u00c9tat. D&rsquo;autres \u00c9tats maintiennent des fonds g\u00e9r\u00e9s par l&rsquo;\u00c9tat mais autorisent les compagnies d&rsquo;assurance priv\u00e9es \u00e0 fournir une couverture aux employeurs et aux employ\u00e9s.<\/p>\n<p>Lois f\u00e9d\u00e9rales Les employ\u00e9s f\u00e9d\u00e9raux adh\u00e8rent aux exigences et aux crit\u00e8res statutaires \u00e9tablis par le gouvernement f\u00e9d\u00e9ral, qui s&rsquo;acquitte de ses obligations en mati\u00e8re d&rsquo;indemnisation des travailleurs au moyen de cr\u00e9dits r\u00e9guliers.<\/p>\n<p>Indemnisation statutaire alternative La loi f\u00e9d\u00e9rale sur la responsabilit\u00e9 des employeurs (FELA), 45 U.S.C. section 51, tient les transporteurs ferroviaires publics responsables des employ\u00e9s bless\u00e9s \u00e0 la suite d&rsquo;une n\u00e9gligence de l&#8217;employeur. Pour faire valoir ses droits \u00e0 l&rsquo;indemnisation, un employ\u00e9 peut saisir un tribunal de district ou d&rsquo;\u00c9tat des \u00c9tats-Unis. Ce recours repose sur les principes d\u00e9lictuels de la n\u00e9gligence ordinaire et diff\u00e8re des bar\u00e8mes d&rsquo;indemnisation des accidents du travail.<\/p>\n<p>De m\u00eame, le Jones Act, 46 U.S.C. App. 688, permet aux marins bless\u00e9s travaillant sur des navires am\u00e9ricains de poursuivre leurs employeurs pour n\u00e9gligence.<\/p>\n<p>La loi f\u00e9d\u00e9rale sur l&rsquo;indemnisation des dockers et des travailleurs du port (US L&amp;H) couvre les dockers et les autres travailleurs maritimes qui ne sont pas des marins sur des navires de navigation.<\/p>\n","protected":false},"excerpt":{"rendered":"<p>Les prestations d&rsquo;indemnisation des travailleurs, leur disponibilit\u00e9, leur montant et leur dur\u00e9e varient d&rsquo;un \u00c9tat \u00e0 l&rsquo;autre pour les salari\u00e9s. Chaque \u00c9tat dispose d&rsquo;un organe directeur charg\u00e9 de superviser le syst\u00e8me d&rsquo;indemnisation des travailleurs, souvent appel\u00e9 \u00ab\u00a0agence quasi-judiciaire\u00a0\u00bb ou commission d&rsquo;indemnisation des travailleurs, comme la North Carolina Industrial Commission en Caroline du Nord ou la [&hellip;]<\/p>\n","protected":false},"author":33,"featured_media":0,"parent":17790,"menu_order":0,"comment_status":"closed","ping_status":"closed","template":"","meta":{"_et_pb_use_builder":"","_et_pb_old_content":"","_et_gb_content_width":"","footnotes":""},"class_list":["post-21308","page","type-page","status-publish","hentry"],"yoast_head":"<!-- This site is optimized with the Yoast SEO plugin v27.2 - https:\/\/yoast.com\/product\/yoast-seo-wordpress\/ -->\n<title>Lois de l&#039;\u00c9tat sur l&#039;indemnisation des travailleurs | Best Hip &amp; Knee Surgeon | NY, USA<\/title>\n<meta name=\"description\" content=\"Les prestations d&#039;indemnisation des travailleurs, leur disponibilit\u00e9, leur montant et leur dur\u00e9e varient d&#039;un \u00c9tat \u00e0 l&#039;autre pour les salari\u00e9s. Chaque\" \/>\n<meta name=\"robots\" content=\"index, follow, max-snippet:-1, max-image-preview:large, max-video-preview:-1\" \/>\n<link rel=\"canonical\" href=\"https:\/\/www.newyorkhipknee.com\/fr\/indemnisation-des-travailleurs\/lois-de-letat-sur-lindemnisation-des-travailleurs\/\" \/>\n<meta property=\"og:locale\" content=\"fr_FR\" \/>\n<meta property=\"og:type\" content=\"article\" \/>\n<meta property=\"og:title\" content=\"Lois de l&#039;\u00c9tat sur l&#039;indemnisation des travailleurs | Best Hip &amp; Knee Surgeon | NY, USA\" \/>\n<meta property=\"og:description\" content=\"Les prestations d&#039;indemnisation des travailleurs, leur disponibilit\u00e9, leur montant et leur dur\u00e9e varient d&#039;un \u00c9tat \u00e0 l&#039;autre pour les salari\u00e9s. Chaque\" \/>\n<meta property=\"og:url\" content=\"https:\/\/www.newyorkhipknee.com\/fr\/indemnisation-des-travailleurs\/lois-de-letat-sur-lindemnisation-des-travailleurs\/\" \/>\n<meta property=\"og:site_name\" content=\"Best Hip &amp; Knee Surgeon | NY, USA\" \/>\n<meta name=\"twitter:card\" content=\"summary_large_image\" \/>\n<meta name=\"twitter:label1\" content=\"Dur\u00e9e de lecture estim\u00e9e\" \/>\n\t<meta name=\"twitter:data1\" content=\"7 minutes\" \/>\n<script type=\"application\/ld+json\" class=\"yoast-schema-graph\">{\"@context\":\"https:\/\/schema.org\",\"@graph\":[{\"@type\":[\"WebPage\",\"MedicalWebPage\"],\"@id\":\"https:\/\/www.newyorkhipknee.com\/fr\/indemnisation-des-travailleurs\/lois-de-letat-sur-lindemnisation-des-travailleurs\/\",\"url\":\"https:\/\/www.newyorkhipknee.com\/fr\/indemnisation-des-travailleurs\/lois-de-letat-sur-lindemnisation-des-travailleurs\/\",\"name\":\"Lois de l'\u00c9tat sur l'indemnisation des travailleurs | Best Hip &amp; Knee Surgeon | NY, USA\",\"isPartOf\":{\"@id\":\"https:\/\/www.newyorkhipknee.com\/fr\/#website\"},\"datePublished\":\"2023-12-08T20:21:33+00:00\",\"description\":\"Les prestations d'indemnisation des travailleurs, leur disponibilit\u00e9, leur montant et leur dur\u00e9e varient d'un \u00c9tat \u00e0 l'autre pour les salari\u00e9s. Chaque\",\"breadcrumb\":{\"@id\":\"https:\/\/www.newyorkhipknee.com\/fr\/indemnisation-des-travailleurs\/lois-de-letat-sur-lindemnisation-des-travailleurs\/#breadcrumb\"},\"inLanguage\":\"fr-FR\",\"potentialAction\":[{\"@type\":\"ReadAction\",\"target\":[\"https:\/\/www.newyorkhipknee.com\/fr\/indemnisation-des-travailleurs\/lois-de-letat-sur-lindemnisation-des-travailleurs\/\"]}]},{\"@type\":\"BreadcrumbList\",\"@id\":\"https:\/\/www.newyorkhipknee.com\/fr\/indemnisation-des-travailleurs\/lois-de-letat-sur-lindemnisation-des-travailleurs\/#breadcrumb\",\"itemListElement\":[{\"@type\":\"ListItem\",\"position\":1,\"name\":\"Home\",\"item\":\"https:\/\/www.newyorkhipknee.com\/fr\/\"},{\"@type\":\"ListItem\",\"position\":2,\"name\":\"Indemnisation des travailleurs\",\"item\":\"https:\/\/www.newyorkhipknee.com\/fr\/indemnisation-des-travailleurs\/\"},{\"@type\":\"ListItem\",\"position\":3,\"name\":\"Lois de l&rsquo;\u00c9tat sur l&rsquo;indemnisation des travailleurs\"}]},{\"@type\":\"WebSite\",\"@id\":\"https:\/\/www.newyorkhipknee.com\/fr\/#website\",\"url\":\"https:\/\/www.newyorkhipknee.com\/fr\/\",\"name\":\"Best Hip & Knee Surgeon | NY, USA\",\"description\":\"\",\"potentialAction\":[{\"@type\":\"SearchAction\",\"target\":{\"@type\":\"EntryPoint\",\"urlTemplate\":\"https:\/\/www.newyorkhipknee.com\/fr\/?s={search_term_string}\"},\"query-input\":{\"@type\":\"PropertyValueSpecification\",\"valueRequired\":true,\"valueName\":\"search_term_string\"}}],\"inLanguage\":\"fr-FR\"}]}<\/script>\n<!-- \/ Yoast SEO plugin. -->","yoast_head_json":{"title":"Lois de l'\u00c9tat sur l'indemnisation des travailleurs | Best Hip &amp; Knee Surgeon | NY, USA","description":"Les prestations d'indemnisation des travailleurs, leur disponibilit\u00e9, leur montant et leur dur\u00e9e varient d'un \u00c9tat \u00e0 l'autre pour les salari\u00e9s. Chaque","robots":{"index":"index","follow":"follow","max-snippet":"max-snippet:-1","max-image-preview":"max-image-preview:large","max-video-preview":"max-video-preview:-1"},"canonical":"https:\/\/www.newyorkhipknee.com\/fr\/indemnisation-des-travailleurs\/lois-de-letat-sur-lindemnisation-des-travailleurs\/","og_locale":"fr_FR","og_type":"article","og_title":"Lois de l'\u00c9tat sur l'indemnisation des travailleurs | Best Hip &amp; Knee Surgeon | NY, USA","og_description":"Les prestations d'indemnisation des travailleurs, leur disponibilit\u00e9, leur montant et leur dur\u00e9e varient d'un \u00c9tat \u00e0 l'autre pour les salari\u00e9s. Chaque","og_url":"https:\/\/www.newyorkhipknee.com\/fr\/indemnisation-des-travailleurs\/lois-de-letat-sur-lindemnisation-des-travailleurs\/","og_site_name":"Best Hip &amp; Knee Surgeon | NY, USA","twitter_card":"summary_large_image","twitter_misc":{"Dur\u00e9e de lecture estim\u00e9e":"7 minutes"},"schema":{"@context":"https:\/\/schema.org","@graph":[{"@type":["WebPage","MedicalWebPage"],"@id":"https:\/\/www.newyorkhipknee.com\/fr\/indemnisation-des-travailleurs\/lois-de-letat-sur-lindemnisation-des-travailleurs\/","url":"https:\/\/www.newyorkhipknee.com\/fr\/indemnisation-des-travailleurs\/lois-de-letat-sur-lindemnisation-des-travailleurs\/","name":"Lois de l'\u00c9tat sur l'indemnisation des travailleurs | Best Hip &amp; Knee Surgeon | NY, USA","isPartOf":{"@id":"https:\/\/www.newyorkhipknee.com\/fr\/#website"},"datePublished":"2023-12-08T20:21:33+00:00","description":"Les prestations d'indemnisation des travailleurs, leur disponibilit\u00e9, leur montant et leur dur\u00e9e varient d'un \u00c9tat \u00e0 l'autre pour les salari\u00e9s. Chaque","breadcrumb":{"@id":"https:\/\/www.newyorkhipknee.com\/fr\/indemnisation-des-travailleurs\/lois-de-letat-sur-lindemnisation-des-travailleurs\/#breadcrumb"},"inLanguage":"fr-FR","potentialAction":[{"@type":"ReadAction","target":["https:\/\/www.newyorkhipknee.com\/fr\/indemnisation-des-travailleurs\/lois-de-letat-sur-lindemnisation-des-travailleurs\/"]}]},{"@type":"BreadcrumbList","@id":"https:\/\/www.newyorkhipknee.com\/fr\/indemnisation-des-travailleurs\/lois-de-letat-sur-lindemnisation-des-travailleurs\/#breadcrumb","itemListElement":[{"@type":"ListItem","position":1,"name":"Home","item":"https:\/\/www.newyorkhipknee.com\/fr\/"},{"@type":"ListItem","position":2,"name":"Indemnisation des travailleurs","item":"https:\/\/www.newyorkhipknee.com\/fr\/indemnisation-des-travailleurs\/"},{"@type":"ListItem","position":3,"name":"Lois de l&rsquo;\u00c9tat sur l&rsquo;indemnisation des travailleurs"}]},{"@type":"WebSite","@id":"https:\/\/www.newyorkhipknee.com\/fr\/#website","url":"https:\/\/www.newyorkhipknee.com\/fr\/","name":"Best Hip & Knee Surgeon | NY, USA","description":"","potentialAction":[{"@type":"SearchAction","target":{"@type":"EntryPoint","urlTemplate":"https:\/\/www.newyorkhipknee.com\/fr\/?s={search_term_string}"},"query-input":{"@type":"PropertyValueSpecification","valueRequired":true,"valueName":"search_term_string"}}],"inLanguage":"fr-FR"}]}},"_links":{"self":[{"href":"https:\/\/www.newyorkhipknee.com\/fr\/wp-json\/wp\/v2\/pages\/21308","targetHints":{"allow":["GET"]}}],"collection":[{"href":"https:\/\/www.newyorkhipknee.com\/fr\/wp-json\/wp\/v2\/pages"}],"about":[{"href":"https:\/\/www.newyorkhipknee.com\/fr\/wp-json\/wp\/v2\/types\/page"}],"author":[{"embeddable":true,"href":"https:\/\/www.newyorkhipknee.com\/fr\/wp-json\/wp\/v2\/users\/33"}],"replies":[{"embeddable":true,"href":"https:\/\/www.newyorkhipknee.com\/fr\/wp-json\/wp\/v2\/comments?post=21308"}],"version-history":[{"count":0,"href":"https:\/\/www.newyorkhipknee.com\/fr\/wp-json\/wp\/v2\/pages\/21308\/revisions"}],"up":[{"embeddable":true,"href":"https:\/\/www.newyorkhipknee.com\/fr\/wp-json\/wp\/v2\/pages\/17790"}],"wp:attachment":[{"href":"https:\/\/www.newyorkhipknee.com\/fr\/wp-json\/wp\/v2\/media?parent=21308"}],"curies":[{"name":"wp","href":"https:\/\/api.w.org\/{rel}","templated":true}]}}