{"id":21319,"date":"2023-12-22T16:23:12","date_gmt":"2023-12-22T21:23:12","guid":{"rendered":"https:\/\/newyorkhipknee.com\/syndrome-de-stress-post-traumatique-et-syndrome-de-stress-aigu\/interventions-corps-esprit\/"},"modified":"2023-12-22T16:23:12","modified_gmt":"2023-12-22T21:23:12","slug":"interventions-corps-esprit","status":"publish","type":"page","link":"https:\/\/www.newyorkhipknee.com\/fr\/indemnisation-des-travailleurs\/lignes-directrices-pour-les-traitements-medicaux-mtg\/syndrome-de-stress-post-traumatique-et-syndrome-de-stress-aigu\/interventions-corps-esprit\/","title":{"rendered":"Interventions corps\/esprit"},"content":{"rendered":"<p>Les interventions corps\/esprit ont \u00e9t\u00e9 employ\u00e9es dans le cadre du traitement des patients souffrant de SSPT, afin d&rsquo;att\u00e9nuer le stress. Ces interventions int\u00e8grent des techniques telles que l&rsquo;imagerie guid\u00e9e et la pleine conscience, dans le but de tirer parti de l&rsquo;influence de l&rsquo;esprit sur le fonctionnement physique au profit des personnes souffrant de SSPT.<\/p>\n<p>&nbsp;<\/p>\n<h2>Interventions corps\/esprit : Yoga<\/h2>\n<p>Sugg\u00e9r\u00e9 &#8211; pour certains patients souffrant de TSPT, comme option de traitement secondaire. Les indications comprennent le SSPT qui n\u00e9cessite des th\u00e9rapies alternatives apr\u00e8s avoir tent\u00e9 une psychoth\u00e9rapie initiale du SSPT, la th\u00e9rapie cognitivo-comportementale (TCC) \u00e9tant g\u00e9n\u00e9ralement le premier choix. Le yoga est souvent utilis\u00e9 en combinaison avec d&rsquo;autres approches th\u00e9rapeutiques, telles que la TCC ou les m\u00e9dicaments, et sert de compl\u00e9ment pour am\u00e9liorer l&rsquo;efficacit\u00e9 globale du traitement.<\/p>\n<p>&nbsp;<\/p>\n<h2>Interventions corps\/esprit : Imagerie guid\u00e9e<\/h2>\n<p>Sugg\u00e9r\u00e9 &#8211; pour r\u00e9pondre aux besoins des patients souffrant d&rsquo;un syndrome de stress post-traumatique.<\/p>\n<p>&nbsp;<\/p>\n<h2>Interventions corps\/esprit : Pleine conscience<\/h2>\n<p>Sugg\u00e9r\u00e9 &#8211; pour r\u00e9pondre aux besoins des patients souffrant d&rsquo;un syndrome de stress post-traumatique.<\/p>\n","protected":false},"excerpt":{"rendered":"<p>Les interventions corps\/esprit ont \u00e9t\u00e9 employ\u00e9es dans le cadre du traitement des patients souffrant de SSPT, afin d&rsquo;att\u00e9nuer le stress. Ces interventions int\u00e8grent des techniques telles que l&rsquo;imagerie guid\u00e9e et la pleine conscience, dans le but de tirer parti de l&rsquo;influence de l&rsquo;esprit sur le fonctionnement physique au profit des personnes souffrant de SSPT. &nbsp; [&hellip;]<\/p>\n","protected":false},"author":33,"featured_media":0,"parent":21163,"menu_order":0,"comment_status":"closed","ping_status":"closed","template":"","meta":{"_et_pb_use_builder":"","_et_pb_old_content":"","_et_gb_content_width":"","footnotes":""},"class_list":["post-21319","page","type-page","status-publish","hentry"],"yoast_head":"<!-- This site is optimized with the Yoast SEO plugin v27.2 - https:\/\/yoast.com\/product\/yoast-seo-wordpress\/ -->\n<title>Interventions corps\/esprit | Best Hip &amp; Knee Surgeon | NY, USA<\/title>\n<meta name=\"description\" content=\"Les interventions corps\/esprit ont \u00e9t\u00e9 employ\u00e9es dans le cadre du traitement des patients souffrant de SSPT, afin d&#039;att\u00e9nuer le stress. Ces interventions\" \/>\n<meta name=\"robots\" content=\"index, follow, max-snippet:-1, max-image-preview:large, max-video-preview:-1\" \/>\n<link rel=\"canonical\" href=\"https:\/\/www.newyorkhipknee.com\/fr\/indemnisation-des-travailleurs\/lignes-directrices-pour-les-traitements-medicaux-mtg\/syndrome-de-stress-post-traumatique-et-syndrome-de-stress-aigu\/interventions-corps-esprit\/\" \/>\n<meta property=\"og:locale\" content=\"fr_FR\" \/>\n<meta property=\"og:type\" content=\"article\" \/>\n<meta property=\"og:title\" content=\"Interventions corps\/esprit | Best Hip &amp; Knee Surgeon | NY, USA\" \/>\n<meta property=\"og:description\" content=\"Les interventions corps\/esprit ont \u00e9t\u00e9 employ\u00e9es dans le cadre du traitement des patients souffrant de SSPT, afin d&#039;att\u00e9nuer le stress. Ces interventions\" \/>\n<meta property=\"og:url\" content=\"https:\/\/www.newyorkhipknee.com\/fr\/indemnisation-des-travailleurs\/lignes-directrices-pour-les-traitements-medicaux-mtg\/syndrome-de-stress-post-traumatique-et-syndrome-de-stress-aigu\/interventions-corps-esprit\/\" \/>\n<meta property=\"og:site_name\" content=\"Best Hip &amp; Knee Surgeon | NY, USA\" \/>\n<meta name=\"twitter:card\" content=\"summary_large_image\" \/>\n<meta name=\"twitter:label1\" content=\"Dur\u00e9e de lecture estim\u00e9e\" \/>\n\t<meta name=\"twitter:data1\" content=\"1 minute\" \/>\n<script type=\"application\/ld+json\" class=\"yoast-schema-graph\">{\"@context\":\"https:\/\/schema.org\",\"@graph\":[{\"@type\":[\"WebPage\",\"MedicalWebPage\"],\"@id\":\"https:\/\/www.newyorkhipknee.com\/fr\/indemnisation-des-travailleurs\/lignes-directrices-pour-les-traitements-medicaux-mtg\/syndrome-de-stress-post-traumatique-et-syndrome-de-stress-aigu\/interventions-corps-esprit\/\",\"url\":\"https:\/\/www.newyorkhipknee.com\/fr\/indemnisation-des-travailleurs\/lignes-directrices-pour-les-traitements-medicaux-mtg\/syndrome-de-stress-post-traumatique-et-syndrome-de-stress-aigu\/interventions-corps-esprit\/\",\"name\":\"Interventions corps\/esprit | Best Hip &amp; Knee Surgeon | NY, USA\",\"isPartOf\":{\"@id\":\"https:\/\/www.newyorkhipknee.com\/fr\/#website\"},\"datePublished\":\"2023-12-22T21:23:12+00:00\",\"description\":\"Les interventions corps\/esprit ont \u00e9t\u00e9 employ\u00e9es dans le cadre du traitement des patients souffrant de SSPT, afin d'att\u00e9nuer le stress. Ces interventions\",\"breadcrumb\":{\"@id\":\"https:\/\/www.newyorkhipknee.com\/fr\/indemnisation-des-travailleurs\/lignes-directrices-pour-les-traitements-medicaux-mtg\/syndrome-de-stress-post-traumatique-et-syndrome-de-stress-aigu\/interventions-corps-esprit\/#breadcrumb\"},\"inLanguage\":\"fr-FR\",\"potentialAction\":[{\"@type\":\"ReadAction\",\"target\":[\"https:\/\/www.newyorkhipknee.com\/fr\/indemnisation-des-travailleurs\/lignes-directrices-pour-les-traitements-medicaux-mtg\/syndrome-de-stress-post-traumatique-et-syndrome-de-stress-aigu\/interventions-corps-esprit\/\"]}]},{\"@type\":\"BreadcrumbList\",\"@id\":\"https:\/\/www.newyorkhipknee.com\/fr\/indemnisation-des-travailleurs\/lignes-directrices-pour-les-traitements-medicaux-mtg\/syndrome-de-stress-post-traumatique-et-syndrome-de-stress-aigu\/interventions-corps-esprit\/#breadcrumb\",\"itemListElement\":[{\"@type\":\"ListItem\",\"position\":1,\"name\":\"Home\",\"item\":\"https:\/\/www.newyorkhipknee.com\/fr\/\"},{\"@type\":\"ListItem\",\"position\":2,\"name\":\"Indemnisation des travailleurs\",\"item\":\"https:\/\/www.newyorkhipknee.com\/fr\/indemnisation-des-travailleurs\/\"},{\"@type\":\"ListItem\",\"position\":3,\"name\":\"Lignes directrices pour les traitements m\u00e9dicaux (MTG)\",\"item\":\"https:\/\/www.newyorkhipknee.com\/fr\/indemnisation-des-travailleurs\/lignes-directrices-pour-les-traitements-medicaux-mtg\/\"},{\"@type\":\"ListItem\",\"position\":4,\"name\":\"Syndrome de stress post-traumatique et syndrome de stress aigu\",\"item\":\"https:\/\/www.newyorkhipknee.com\/fr\/indemnisation-des-travailleurs\/lignes-directrices-pour-les-traitements-medicaux-mtg\/syndrome-de-stress-post-traumatique-et-syndrome-de-stress-aigu\/\"},{\"@type\":\"ListItem\",\"position\":5,\"name\":\"Interventions corps\/esprit\"}]},{\"@type\":\"WebSite\",\"@id\":\"https:\/\/www.newyorkhipknee.com\/fr\/#website\",\"url\":\"https:\/\/www.newyorkhipknee.com\/fr\/\",\"name\":\"Best Hip & Knee Surgeon | NY, USA\",\"description\":\"\",\"potentialAction\":[{\"@type\":\"SearchAction\",\"target\":{\"@type\":\"EntryPoint\",\"urlTemplate\":\"https:\/\/www.newyorkhipknee.com\/fr\/?s={search_term_string}\"},\"query-input\":{\"@type\":\"PropertyValueSpecification\",\"valueRequired\":true,\"valueName\":\"search_term_string\"}}],\"inLanguage\":\"fr-FR\"}]}<\/script>\n<!-- \/ Yoast SEO plugin. -->","yoast_head_json":{"title":"Interventions corps\/esprit | Best Hip &amp; Knee Surgeon | NY, USA","description":"Les interventions corps\/esprit ont \u00e9t\u00e9 employ\u00e9es dans le cadre du traitement des patients souffrant de SSPT, afin d'att\u00e9nuer le stress. Ces interventions","robots":{"index":"index","follow":"follow","max-snippet":"max-snippet:-1","max-image-preview":"max-image-preview:large","max-video-preview":"max-video-preview:-1"},"canonical":"https:\/\/www.newyorkhipknee.com\/fr\/indemnisation-des-travailleurs\/lignes-directrices-pour-les-traitements-medicaux-mtg\/syndrome-de-stress-post-traumatique-et-syndrome-de-stress-aigu\/interventions-corps-esprit\/","og_locale":"fr_FR","og_type":"article","og_title":"Interventions corps\/esprit | Best Hip &amp; Knee Surgeon | NY, USA","og_description":"Les interventions corps\/esprit ont \u00e9t\u00e9 employ\u00e9es dans le cadre du traitement des patients souffrant de SSPT, afin d'att\u00e9nuer le stress. Ces interventions","og_url":"https:\/\/www.newyorkhipknee.com\/fr\/indemnisation-des-travailleurs\/lignes-directrices-pour-les-traitements-medicaux-mtg\/syndrome-de-stress-post-traumatique-et-syndrome-de-stress-aigu\/interventions-corps-esprit\/","og_site_name":"Best Hip &amp; Knee Surgeon | NY, USA","twitter_card":"summary_large_image","twitter_misc":{"Dur\u00e9e de lecture estim\u00e9e":"1 minute"},"schema":{"@context":"https:\/\/schema.org","@graph":[{"@type":["WebPage","MedicalWebPage"],"@id":"https:\/\/www.newyorkhipknee.com\/fr\/indemnisation-des-travailleurs\/lignes-directrices-pour-les-traitements-medicaux-mtg\/syndrome-de-stress-post-traumatique-et-syndrome-de-stress-aigu\/interventions-corps-esprit\/","url":"https:\/\/www.newyorkhipknee.com\/fr\/indemnisation-des-travailleurs\/lignes-directrices-pour-les-traitements-medicaux-mtg\/syndrome-de-stress-post-traumatique-et-syndrome-de-stress-aigu\/interventions-corps-esprit\/","name":"Interventions corps\/esprit | Best Hip &amp; Knee Surgeon | NY, USA","isPartOf":{"@id":"https:\/\/www.newyorkhipknee.com\/fr\/#website"},"datePublished":"2023-12-22T21:23:12+00:00","description":"Les interventions corps\/esprit ont \u00e9t\u00e9 employ\u00e9es dans le cadre du traitement des patients souffrant de SSPT, afin d'att\u00e9nuer le stress. Ces interventions","breadcrumb":{"@id":"https:\/\/www.newyorkhipknee.com\/fr\/indemnisation-des-travailleurs\/lignes-directrices-pour-les-traitements-medicaux-mtg\/syndrome-de-stress-post-traumatique-et-syndrome-de-stress-aigu\/interventions-corps-esprit\/#breadcrumb"},"inLanguage":"fr-FR","potentialAction":[{"@type":"ReadAction","target":["https:\/\/www.newyorkhipknee.com\/fr\/indemnisation-des-travailleurs\/lignes-directrices-pour-les-traitements-medicaux-mtg\/syndrome-de-stress-post-traumatique-et-syndrome-de-stress-aigu\/interventions-corps-esprit\/"]}]},{"@type":"BreadcrumbList","@id":"https:\/\/www.newyorkhipknee.com\/fr\/indemnisation-des-travailleurs\/lignes-directrices-pour-les-traitements-medicaux-mtg\/syndrome-de-stress-post-traumatique-et-syndrome-de-stress-aigu\/interventions-corps-esprit\/#breadcrumb","itemListElement":[{"@type":"ListItem","position":1,"name":"Home","item":"https:\/\/www.newyorkhipknee.com\/fr\/"},{"@type":"ListItem","position":2,"name":"Indemnisation des travailleurs","item":"https:\/\/www.newyorkhipknee.com\/fr\/indemnisation-des-travailleurs\/"},{"@type":"ListItem","position":3,"name":"Lignes directrices pour les traitements m\u00e9dicaux (MTG)","item":"https:\/\/www.newyorkhipknee.com\/fr\/indemnisation-des-travailleurs\/lignes-directrices-pour-les-traitements-medicaux-mtg\/"},{"@type":"ListItem","position":4,"name":"Syndrome de stress post-traumatique et syndrome de stress aigu","item":"https:\/\/www.newyorkhipknee.com\/fr\/indemnisation-des-travailleurs\/lignes-directrices-pour-les-traitements-medicaux-mtg\/syndrome-de-stress-post-traumatique-et-syndrome-de-stress-aigu\/"},{"@type":"ListItem","position":5,"name":"Interventions corps\/esprit"}]},{"@type":"WebSite","@id":"https:\/\/www.newyorkhipknee.com\/fr\/#website","url":"https:\/\/www.newyorkhipknee.com\/fr\/","name":"Best Hip & Knee Surgeon | NY, USA","description":"","potentialAction":[{"@type":"SearchAction","target":{"@type":"EntryPoint","urlTemplate":"https:\/\/www.newyorkhipknee.com\/fr\/?s={search_term_string}"},"query-input":{"@type":"PropertyValueSpecification","valueRequired":true,"valueName":"search_term_string"}}],"inLanguage":"fr-FR"}]}},"_links":{"self":[{"href":"https:\/\/www.newyorkhipknee.com\/fr\/wp-json\/wp\/v2\/pages\/21319","targetHints":{"allow":["GET"]}}],"collection":[{"href":"https:\/\/www.newyorkhipknee.com\/fr\/wp-json\/wp\/v2\/pages"}],"about":[{"href":"https:\/\/www.newyorkhipknee.com\/fr\/wp-json\/wp\/v2\/types\/page"}],"author":[{"embeddable":true,"href":"https:\/\/www.newyorkhipknee.com\/fr\/wp-json\/wp\/v2\/users\/33"}],"replies":[{"embeddable":true,"href":"https:\/\/www.newyorkhipknee.com\/fr\/wp-json\/wp\/v2\/comments?post=21319"}],"version-history":[{"count":0,"href":"https:\/\/www.newyorkhipknee.com\/fr\/wp-json\/wp\/v2\/pages\/21319\/revisions"}],"up":[{"embeddable":true,"href":"https:\/\/www.newyorkhipknee.com\/fr\/wp-json\/wp\/v2\/pages\/21163"}],"wp:attachment":[{"href":"https:\/\/www.newyorkhipknee.com\/fr\/wp-json\/wp\/v2\/media?parent=21319"}],"curies":[{"name":"wp","href":"https:\/\/api.w.org\/{rel}","templated":true}]}}