{"id":21323,"date":"2023-12-22T14:43:22","date_gmt":"2023-12-22T19:43:22","guid":{"rendered":"https:\/\/newyorkhipknee.com\/syndrome-de-stress-post-traumatique-et-syndrome-de-stress-aigu\/vue-densemble\/"},"modified":"2023-12-22T14:43:22","modified_gmt":"2023-12-22T19:43:22","slug":"vue-densemble","status":"publish","type":"page","link":"https:\/\/www.newyorkhipknee.com\/fr\/indemnisation-des-travailleurs\/lignes-directrices-pour-les-traitements-medicaux-mtg\/syndrome-de-stress-post-traumatique-et-syndrome-de-stress-aigu\/vue-densemble\/","title":{"rendered":"Vue d&rsquo;ensemble"},"content":{"rendered":"<h2>Comprendre les TSPT\/TSA :<\/h2>\n<p>Lorsqu&rsquo;une personne a v\u00e9cu ou a \u00e9t\u00e9 t\u00e9moin d&rsquo;un \u00e9v\u00e9nement tr\u00e8s difficile ou effrayant, cela peut entra\u00eener un syndrome de stress post-traumatique (SSPT) ou un syndrome de stress aigu (SSA). Il s&rsquo;agit de troubles mentaux qui se manifestent chez les personnes confront\u00e9es \u00e0 des blessures graves, \u00e0 des situations mettant leur vie en danger, \u00e0 des agressions ou \u00e0 d&rsquo;autres \u00e9v\u00e9nements sociaux ou naturels extr\u00eamement difficiles. Selon le DSM-5 (cinqui\u00e8me \u00e9dition du manuel des troubles mentaux), pour diagnostiquer officiellement un TSPT ou un TSA, il faut qu&rsquo;il y ait eu une exp\u00e9rience ou une exposition claire \u00e0 un traumatisme important.<\/p>\n<p>On parle de syndrome de stress aigu lorsque les sympt\u00f4mes persistent pendant 3 \u00e0 30 jours apr\u00e8s un \u00e9v\u00e9nement difficile. Mais si ces sympt\u00f4mes durent encore plus longtemps, au-del\u00e0 de 30 jours, c&rsquo;est \u00e0 ce moment-l\u00e0 que l&rsquo;on commence \u00e0 envisager un diagnostic de stress post-traumatique.<\/p>\n<p><strong>Reconna\u00eetre les sympt\u00f4mes du SSPT :<\/strong><\/p>\n<p>Le syndrome de stress post-traumatique (SSPT) se manifeste par diff\u00e9rents signes, mais ce n&rsquo;est pas quelque chose que l&rsquo;on voit tous les jours. Les signes peuvent \u00eatre les suivants<\/p>\n<p>&#8211; Revivre l&rsquo;\u00e9v\u00e9nement ou avoir des flashbacks<br \/>\n&#8211; Souvenirs ind\u00e9sirables et intrusifs qui ressurgissent<br \/>\n&#8211; Cauchemars ou r\u00eaves tr\u00e8s inqui\u00e9tants<br \/>\n&#8211; Des pens\u00e9es effrayantes qui ne disparaissent pas<br \/>\n&#8211; \u00c9viter les lieux ou les choses qui nous rappellent l&rsquo;exp\u00e9rience difficile<br \/>\n&#8211; \u00c9viter les pens\u00e9es ou les sentiments li\u00e9s \u00e0 l&rsquo;\u00e9v\u00e9nement<br \/>\n&#8211; Sentiment d&rsquo;agitation ou d&rsquo;\u00e9nervement<br \/>\n&#8211; S&rsquo;effrayer facilement ou \u00eatre tr\u00e8s vigilant<br \/>\n&#8211; Toujours \u00e0 l&rsquo;aff\u00fbt du danger<br \/>\n&#8211; Se sentir tendu et stress\u00e9<br \/>\n&#8211; Difficult\u00e9s de sommeil<br \/>\n&#8211; Faire face \u00e0 des probl\u00e8mes de col\u00e8re et \u00e0 des crises d&rsquo;explosion<br \/>\n&#8211; Pens\u00e9es n\u00e9gatives sur nous-m\u00eames ou sur le monde qui nous entoure<br \/>\n&#8211; Avoir des sentiments contradictoires comme la culpabilit\u00e9 ou le bl\u00e2me<br \/>\n&#8211; Difficult\u00e9 \u00e0 se souvenir des d\u00e9tails importants de l&rsquo;\u00e9v\u00e9nement traumatique<br \/>\n&#8211; Perte d&rsquo;int\u00e9r\u00eat pour les choses que nous avions l&rsquo;habitude d&rsquo;appr\u00e9cier<br \/>\n&#8211; Sentiment de d\u00e9connexion ou de d\u00e9tachement par rapport aux amis et \u00e0 la famille<\/p>\n<p>&nbsp;<\/p>\n<h2>Pronostic<\/h2>\n<p>B.2.a TSA : Pronostic<\/p>\n<p>Lorsque nous parlons de trouble de stress aigu (TSA), il est important de savoir que l&rsquo;obtention de ce diagnostic ne signifie pas que nous pouvons pr\u00e9dire avec pr\u00e9cision si une personne d\u00e9veloppera plus tard un syndrome de stress post-traumatique (SSPT). Il s&rsquo;agit plut\u00f4t de reconna\u00eetre les personnes qui traversent une p\u00e9riode difficile au cours du premier mois et qui pourraient b\u00e9n\u00e9ficier de services de sant\u00e9 mentale. Les TSA ne sont qu&rsquo;un indicateur modeste du SSPT ; il est surprenant de constater qu&rsquo;au moins la moiti\u00e9 des personnes qui finissent par souffrir d&rsquo;un SSPT ne r\u00e9pondaient pas initialement aux crit\u00e8res du trouble de stress aigu.<\/p>\n<p>B.2.b SSPT : Pronostic<\/p>\n<p>Le syndrome de stress post-traumatique est un ph\u00e9nom\u00e8ne complexe. Il peut avoir un impact consid\u00e9rable sur la vie des gens, mais voici la partie la plus encourageante : il existe de nombreuses preuves montrant que le SSPT peut \u00eatre trait\u00e9 efficacement \u00e0 l&rsquo;aide de m\u00e9thodes \u00e9tablies et \u00e9prouv\u00e9es dont nous parlerons bient\u00f4t. Bien que la prise en charge du SSPT soit complexe, les perspectives g\u00e9n\u00e9rales sont positives, la majorit\u00e9 des personnes se r\u00e9tablissant et menant une vie \u00e9panouie. Seul un faible pourcentage (environ 4 \u00e0 22 %) finit par souffrir d&rsquo;un syndrome de stress post-traumatique chronique.<\/p>\n<p>&nbsp;<\/p>\n<h2>Aper\u00e7u du traitement<\/h2>\n<p>B.3.a TSA : Naviguer dans l&rsquo;apr\u00e8s-coup<\/p>\n<p>En ce qui concerne le trouble de stress aigu (TSA), il est essentiel de comprendre que le fait d&rsquo;\u00eatre diagnostiqu\u00e9 comme tel ne signifie pas que l&rsquo;on peut parfaitement pr\u00e9voir qu&rsquo;une personne d\u00e9veloppera un TSPT chronique. Les TSA identifient simplement les personnes qui ont \u00e9t\u00e9 r\u00e9cemment confront\u00e9es \u00e0 un traumatisme et qui font face \u00e0 une d\u00e9tresse intense. Aujourd&rsquo;hui, au cours de la phase initiale, la th\u00e9rapie cognitivo-comportementale (TCC) appara\u00eet comme la strat\u00e9gie la plus efficace pour aider \u00e0 pr\u00e9venir le SSPT \u00e0 l&rsquo;avenir. Parfois, en fonction des circonstances uniques de chaque cas, il peut y avoir des ajustements subtils \u00e0 l&rsquo;approche du traitement. Ces ajustements ne devraient avoir lieu que lorsque le prestataire peut les \u00e9tayer par un raisonnement solide, fond\u00e9 sur des preuves m\u00e9dicales.<\/p>\n<p>B.3.b SSPT : Favoriser le bien-\u00eatre mental<\/p>\n<p>Dans le cadre de la prise en charge du SSPT, la th\u00e9rapie cognitivo-comportementale (TCC), qui peut faire appel \u00e0 un ensemble de m\u00e9thodes diff\u00e9rentes, constitue la premi\u00e8re mesure \u00e0 prendre. La th\u00e9rapie d&rsquo;exposition, comme la th\u00e9rapie d&rsquo;exposition prolong\u00e9e, l&rsquo;entra\u00eenement \u00e0 la r\u00e9alit\u00e9 virtuelle ou la d\u00e9sensibilisation et le retraitement par les mouvements oculaires (EMDR), fait souvent partie de la TCC et a prouv\u00e9 son efficacit\u00e9, bien qu&rsquo;elle ne soit pas aussi couramment utilis\u00e9e. Quelle que soit l&rsquo;intervention psychologique ou psychiatrique choisie, il est essentiel de disposer d&rsquo;une \u00e9valuation et d&rsquo;un plan de traitement bien con\u00e7us. Ce plan doit comporter des objectifs comportementaux clairs, des \u00e9ch\u00e9ances pr\u00e9cises et des interventions sp\u00e9cifiques.<\/p>\n<p>B.3.c Soutien pharmacologique<\/p>\n<p>B.3.c.i TSA : Les m\u00e9dicaments ne sont pas la solution &#8211; Lorsqu&rsquo;il s&rsquo;agit de traiter un trouble de stress aigu (TSA), le recours aux m\u00e9dicaments n&rsquo;est pas la solution recommand\u00e9e.<\/p>\n<p>B.3.c.ii SSPT : Les m\u00e9dicaments dans la balance &#8211; Aujourd&rsquo;hui, les m\u00e9dicaments jouent un r\u00f4le cl\u00e9 dans le traitement du syndrome de stress post-traumatique (SSPT). La premi\u00e8re ligne comprend les antid\u00e9presseurs ISRS et ISRSN, la parox\u00e9tine et la sertraline \u00e9tant approuv\u00e9es par la FDA pour le traitement du syndrome de stress post-traumatique.<\/p>\n","protected":false},"excerpt":{"rendered":"<p>Comprendre les TSPT\/TSA : Lorsqu&rsquo;une personne a v\u00e9cu ou a \u00e9t\u00e9 t\u00e9moin d&rsquo;un \u00e9v\u00e9nement tr\u00e8s difficile ou effrayant, cela peut entra\u00eener un syndrome de stress post-traumatique (SSPT) ou un syndrome de stress aigu (SSA). Il s&rsquo;agit de troubles mentaux qui se manifestent chez les personnes confront\u00e9es \u00e0 des blessures graves, \u00e0 des situations mettant leur [&hellip;]<\/p>\n","protected":false},"author":33,"featured_media":0,"parent":21163,"menu_order":0,"comment_status":"closed","ping_status":"closed","template":"","meta":{"_et_pb_use_builder":"","_et_pb_old_content":"","_et_gb_content_width":"","footnotes":""},"class_list":["post-21323","page","type-page","status-publish","hentry"],"yoast_head":"<!-- This site is optimized with the Yoast SEO plugin v27.2 - https:\/\/yoast.com\/product\/yoast-seo-wordpress\/ -->\n<title>Vue d&#039;ensemble | Best Hip &amp; Knee Surgeon | NY, USA<\/title>\n<meta name=\"description\" content=\"Comprendre les TSPT\/TSA : Lorsqu&#039;une personne a v\u00e9cu ou a \u00e9t\u00e9 t\u00e9moin d&#039;un \u00e9v\u00e9nement tr\u00e8s difficile ou effrayant, cela peut entra\u00eener un syndrome de stress\" \/>\n<meta name=\"robots\" content=\"index, follow, max-snippet:-1, max-image-preview:large, max-video-preview:-1\" \/>\n<link rel=\"canonical\" href=\"https:\/\/www.newyorkhipknee.com\/fr\/indemnisation-des-travailleurs\/lignes-directrices-pour-les-traitements-medicaux-mtg\/syndrome-de-stress-post-traumatique-et-syndrome-de-stress-aigu\/vue-densemble\/\" \/>\n<meta property=\"og:locale\" content=\"fr_FR\" \/>\n<meta property=\"og:type\" content=\"article\" \/>\n<meta property=\"og:title\" content=\"Vue d&#039;ensemble | Best Hip &amp; Knee Surgeon | NY, USA\" \/>\n<meta property=\"og:description\" content=\"Comprendre les TSPT\/TSA : Lorsqu&#039;une personne a v\u00e9cu ou a \u00e9t\u00e9 t\u00e9moin d&#039;un \u00e9v\u00e9nement tr\u00e8s difficile ou effrayant, cela peut entra\u00eener un syndrome de stress\" \/>\n<meta property=\"og:url\" content=\"https:\/\/www.newyorkhipknee.com\/fr\/indemnisation-des-travailleurs\/lignes-directrices-pour-les-traitements-medicaux-mtg\/syndrome-de-stress-post-traumatique-et-syndrome-de-stress-aigu\/vue-densemble\/\" \/>\n<meta property=\"og:site_name\" content=\"Best Hip &amp; Knee Surgeon | NY, USA\" \/>\n<meta name=\"twitter:card\" content=\"summary_large_image\" \/>\n<meta name=\"twitter:label1\" content=\"Dur\u00e9e de lecture estim\u00e9e\" \/>\n\t<meta name=\"twitter:data1\" content=\"5 minutes\" \/>\n<script type=\"application\/ld+json\" class=\"yoast-schema-graph\">{\"@context\":\"https:\/\/schema.org\",\"@graph\":[{\"@type\":[\"WebPage\",\"MedicalWebPage\"],\"@id\":\"https:\/\/www.newyorkhipknee.com\/fr\/indemnisation-des-travailleurs\/lignes-directrices-pour-les-traitements-medicaux-mtg\/syndrome-de-stress-post-traumatique-et-syndrome-de-stress-aigu\/vue-densemble\/\",\"url\":\"https:\/\/www.newyorkhipknee.com\/fr\/indemnisation-des-travailleurs\/lignes-directrices-pour-les-traitements-medicaux-mtg\/syndrome-de-stress-post-traumatique-et-syndrome-de-stress-aigu\/vue-densemble\/\",\"name\":\"Vue d'ensemble | Best Hip &amp; Knee Surgeon | NY, USA\",\"isPartOf\":{\"@id\":\"https:\/\/www.newyorkhipknee.com\/fr\/#website\"},\"datePublished\":\"2023-12-22T19:43:22+00:00\",\"description\":\"Comprendre les TSPT\/TSA : Lorsqu'une personne a v\u00e9cu ou a \u00e9t\u00e9 t\u00e9moin d'un \u00e9v\u00e9nement tr\u00e8s difficile ou effrayant, cela peut entra\u00eener un syndrome de stress\",\"breadcrumb\":{\"@id\":\"https:\/\/www.newyorkhipknee.com\/fr\/indemnisation-des-travailleurs\/lignes-directrices-pour-les-traitements-medicaux-mtg\/syndrome-de-stress-post-traumatique-et-syndrome-de-stress-aigu\/vue-densemble\/#breadcrumb\"},\"inLanguage\":\"fr-FR\",\"potentialAction\":[{\"@type\":\"ReadAction\",\"target\":[\"https:\/\/www.newyorkhipknee.com\/fr\/indemnisation-des-travailleurs\/lignes-directrices-pour-les-traitements-medicaux-mtg\/syndrome-de-stress-post-traumatique-et-syndrome-de-stress-aigu\/vue-densemble\/\"]}]},{\"@type\":\"BreadcrumbList\",\"@id\":\"https:\/\/www.newyorkhipknee.com\/fr\/indemnisation-des-travailleurs\/lignes-directrices-pour-les-traitements-medicaux-mtg\/syndrome-de-stress-post-traumatique-et-syndrome-de-stress-aigu\/vue-densemble\/#breadcrumb\",\"itemListElement\":[{\"@type\":\"ListItem\",\"position\":1,\"name\":\"Home\",\"item\":\"https:\/\/www.newyorkhipknee.com\/fr\/\"},{\"@type\":\"ListItem\",\"position\":2,\"name\":\"Indemnisation des travailleurs\",\"item\":\"https:\/\/www.newyorkhipknee.com\/fr\/indemnisation-des-travailleurs\/\"},{\"@type\":\"ListItem\",\"position\":3,\"name\":\"Lignes directrices pour les traitements m\u00e9dicaux (MTG)\",\"item\":\"https:\/\/www.newyorkhipknee.com\/fr\/indemnisation-des-travailleurs\/lignes-directrices-pour-les-traitements-medicaux-mtg\/\"},{\"@type\":\"ListItem\",\"position\":4,\"name\":\"Syndrome de stress post-traumatique et syndrome de stress aigu\",\"item\":\"https:\/\/www.newyorkhipknee.com\/fr\/indemnisation-des-travailleurs\/lignes-directrices-pour-les-traitements-medicaux-mtg\/syndrome-de-stress-post-traumatique-et-syndrome-de-stress-aigu\/\"},{\"@type\":\"ListItem\",\"position\":5,\"name\":\"Vue d&rsquo;ensemble\"}]},{\"@type\":\"WebSite\",\"@id\":\"https:\/\/www.newyorkhipknee.com\/fr\/#website\",\"url\":\"https:\/\/www.newyorkhipknee.com\/fr\/\",\"name\":\"Best Hip & Knee Surgeon | NY, USA\",\"description\":\"\",\"potentialAction\":[{\"@type\":\"SearchAction\",\"target\":{\"@type\":\"EntryPoint\",\"urlTemplate\":\"https:\/\/www.newyorkhipknee.com\/fr\/?s={search_term_string}\"},\"query-input\":{\"@type\":\"PropertyValueSpecification\",\"valueRequired\":true,\"valueName\":\"search_term_string\"}}],\"inLanguage\":\"fr-FR\"}]}<\/script>\n<!-- \/ Yoast SEO plugin. -->","yoast_head_json":{"title":"Vue d'ensemble | Best Hip &amp; Knee Surgeon | NY, USA","description":"Comprendre les TSPT\/TSA : Lorsqu'une personne a v\u00e9cu ou a \u00e9t\u00e9 t\u00e9moin d'un \u00e9v\u00e9nement tr\u00e8s difficile ou effrayant, cela peut entra\u00eener un syndrome de stress","robots":{"index":"index","follow":"follow","max-snippet":"max-snippet:-1","max-image-preview":"max-image-preview:large","max-video-preview":"max-video-preview:-1"},"canonical":"https:\/\/www.newyorkhipknee.com\/fr\/indemnisation-des-travailleurs\/lignes-directrices-pour-les-traitements-medicaux-mtg\/syndrome-de-stress-post-traumatique-et-syndrome-de-stress-aigu\/vue-densemble\/","og_locale":"fr_FR","og_type":"article","og_title":"Vue d'ensemble | Best Hip &amp; Knee Surgeon | NY, USA","og_description":"Comprendre les TSPT\/TSA : Lorsqu'une personne a v\u00e9cu ou a \u00e9t\u00e9 t\u00e9moin d'un \u00e9v\u00e9nement tr\u00e8s difficile ou effrayant, cela peut entra\u00eener un syndrome de stress","og_url":"https:\/\/www.newyorkhipknee.com\/fr\/indemnisation-des-travailleurs\/lignes-directrices-pour-les-traitements-medicaux-mtg\/syndrome-de-stress-post-traumatique-et-syndrome-de-stress-aigu\/vue-densemble\/","og_site_name":"Best Hip &amp; Knee Surgeon | NY, USA","twitter_card":"summary_large_image","twitter_misc":{"Dur\u00e9e de lecture estim\u00e9e":"5 minutes"},"schema":{"@context":"https:\/\/schema.org","@graph":[{"@type":["WebPage","MedicalWebPage"],"@id":"https:\/\/www.newyorkhipknee.com\/fr\/indemnisation-des-travailleurs\/lignes-directrices-pour-les-traitements-medicaux-mtg\/syndrome-de-stress-post-traumatique-et-syndrome-de-stress-aigu\/vue-densemble\/","url":"https:\/\/www.newyorkhipknee.com\/fr\/indemnisation-des-travailleurs\/lignes-directrices-pour-les-traitements-medicaux-mtg\/syndrome-de-stress-post-traumatique-et-syndrome-de-stress-aigu\/vue-densemble\/","name":"Vue d'ensemble | Best Hip &amp; Knee Surgeon | NY, USA","isPartOf":{"@id":"https:\/\/www.newyorkhipknee.com\/fr\/#website"},"datePublished":"2023-12-22T19:43:22+00:00","description":"Comprendre les TSPT\/TSA : Lorsqu'une personne a v\u00e9cu ou a \u00e9t\u00e9 t\u00e9moin d'un \u00e9v\u00e9nement tr\u00e8s difficile ou effrayant, cela peut entra\u00eener un syndrome de stress","breadcrumb":{"@id":"https:\/\/www.newyorkhipknee.com\/fr\/indemnisation-des-travailleurs\/lignes-directrices-pour-les-traitements-medicaux-mtg\/syndrome-de-stress-post-traumatique-et-syndrome-de-stress-aigu\/vue-densemble\/#breadcrumb"},"inLanguage":"fr-FR","potentialAction":[{"@type":"ReadAction","target":["https:\/\/www.newyorkhipknee.com\/fr\/indemnisation-des-travailleurs\/lignes-directrices-pour-les-traitements-medicaux-mtg\/syndrome-de-stress-post-traumatique-et-syndrome-de-stress-aigu\/vue-densemble\/"]}]},{"@type":"BreadcrumbList","@id":"https:\/\/www.newyorkhipknee.com\/fr\/indemnisation-des-travailleurs\/lignes-directrices-pour-les-traitements-medicaux-mtg\/syndrome-de-stress-post-traumatique-et-syndrome-de-stress-aigu\/vue-densemble\/#breadcrumb","itemListElement":[{"@type":"ListItem","position":1,"name":"Home","item":"https:\/\/www.newyorkhipknee.com\/fr\/"},{"@type":"ListItem","position":2,"name":"Indemnisation des travailleurs","item":"https:\/\/www.newyorkhipknee.com\/fr\/indemnisation-des-travailleurs\/"},{"@type":"ListItem","position":3,"name":"Lignes directrices pour les traitements m\u00e9dicaux (MTG)","item":"https:\/\/www.newyorkhipknee.com\/fr\/indemnisation-des-travailleurs\/lignes-directrices-pour-les-traitements-medicaux-mtg\/"},{"@type":"ListItem","position":4,"name":"Syndrome de stress post-traumatique et syndrome de stress aigu","item":"https:\/\/www.newyorkhipknee.com\/fr\/indemnisation-des-travailleurs\/lignes-directrices-pour-les-traitements-medicaux-mtg\/syndrome-de-stress-post-traumatique-et-syndrome-de-stress-aigu\/"},{"@type":"ListItem","position":5,"name":"Vue d&rsquo;ensemble"}]},{"@type":"WebSite","@id":"https:\/\/www.newyorkhipknee.com\/fr\/#website","url":"https:\/\/www.newyorkhipknee.com\/fr\/","name":"Best Hip & Knee Surgeon | NY, USA","description":"","potentialAction":[{"@type":"SearchAction","target":{"@type":"EntryPoint","urlTemplate":"https:\/\/www.newyorkhipknee.com\/fr\/?s={search_term_string}"},"query-input":{"@type":"PropertyValueSpecification","valueRequired":true,"valueName":"search_term_string"}}],"inLanguage":"fr-FR"}]}},"_links":{"self":[{"href":"https:\/\/www.newyorkhipknee.com\/fr\/wp-json\/wp\/v2\/pages\/21323","targetHints":{"allow":["GET"]}}],"collection":[{"href":"https:\/\/www.newyorkhipknee.com\/fr\/wp-json\/wp\/v2\/pages"}],"about":[{"href":"https:\/\/www.newyorkhipknee.com\/fr\/wp-json\/wp\/v2\/types\/page"}],"author":[{"embeddable":true,"href":"https:\/\/www.newyorkhipknee.com\/fr\/wp-json\/wp\/v2\/users\/33"}],"replies":[{"embeddable":true,"href":"https:\/\/www.newyorkhipknee.com\/fr\/wp-json\/wp\/v2\/comments?post=21323"}],"version-history":[{"count":0,"href":"https:\/\/www.newyorkhipknee.com\/fr\/wp-json\/wp\/v2\/pages\/21323\/revisions"}],"up":[{"embeddable":true,"href":"https:\/\/www.newyorkhipknee.com\/fr\/wp-json\/wp\/v2\/pages\/21163"}],"wp:attachment":[{"href":"https:\/\/www.newyorkhipknee.com\/fr\/wp-json\/wp\/v2\/media?parent=21323"}],"curies":[{"name":"wp","href":"https:\/\/api.w.org\/{rel}","templated":true}]}}