{"id":21326,"date":"2023-12-26T12:23:43","date_gmt":"2023-12-26T17:23:43","guid":{"rendered":"https:\/\/newyorkhipknee.com\/syndrome-de-stress-post-traumatique-et-syndrome-de-stress-aigu\/psychotherapie-non-centree-sur-le-traumatisme-2\/"},"modified":"2023-12-26T12:23:43","modified_gmt":"2023-12-26T17:23:43","slug":"psychotherapie-non-centree-sur-le-traumatisme-2","status":"publish","type":"page","link":"https:\/\/www.newyorkhipknee.com\/fr\/indemnisation-des-travailleurs\/lignes-directrices-pour-les-traitements-medicaux-mtg\/syndrome-de-stress-post-traumatique-et-syndrome-de-stress-aigu\/psychotherapie-non-centree-sur-le-traumatisme-2\/","title":{"rendered":"Psychoth\u00e9rapie non centr\u00e9e sur le traumatisme"},"content":{"rendered":"<p>Si l&rsquo;efficacit\u00e9 des th\u00e9rapies ax\u00e9es sur les traumatismes dans le cadre du SSPT a \u00e9t\u00e9 prouv\u00e9e, tout le monde n&rsquo;est pas pr\u00eat \u00e0 se lancer dans des traitements qui mettent en lumi\u00e8re ses traumatismes pass\u00e9s. Par cons\u00e9quent, certains th\u00e9rapeutes optent pour des approches alternatives. Pour les personnes souffrant de SSPT, ces m\u00e9thodes alternatives englobent la psychoth\u00e9rapie interpersonnelle (IPT), l&rsquo;entra\u00eenement \u00e0 l&rsquo;inoculation de stress (SIT) et la th\u00e9rapie centr\u00e9e sur le pr\u00e9sent (PCT).<\/p>\n<p>&nbsp;<\/p>\n<h2>Psychoth\u00e9rapie interpersonnelle<\/h2>\n<p>Sugg\u00e9r\u00e9 &#8211; pour traiter les troubles chroniques du stress post-traumatique chez les patients. Conditions &#8211; SSPT chronique avec des sympt\u00f4mes exigeant une attention particuli\u00e8re. Fr\u00e9quence\/quantit\u00e9\/dur\u00e9e &#8211; Participer \u00e0 une psychoth\u00e9rapie interpersonnelle hebdomadaire pendant 14 semaines, chaque s\u00e9ance durant 50 minutes. R\u00e9\u00e9valuation toutes les quatre semaines, afin de s&rsquo;assurer de l&rsquo;efficacit\u00e9 du traitement en documentant l&rsquo;am\u00e9lioration des sympt\u00f4mes du syndrome de stress post-traumatique et les progr\u00e8s fonctionnels. L&rsquo;arr\u00eat du traitement est conseill\u00e9 lorsque la cure est termin\u00e9e, que les sympt\u00f4mes ont consid\u00e9rablement diminu\u00e9 ou en cas de non-observance du traitement.<\/p>\n<h2>Soutien \u00e0 l&rsquo;efficacit\u00e9 de la th\u00e9rapie interpersonnelle<\/h2>\n<p><strong>G.1.a Formation \u00e0 l&rsquo;inoculation de stress<\/strong> &#8211; Recommand\u00e9<\/p>\n<p><strong>G.1.b Recherche de s\u00e9curit\u00e9<\/strong> &#8211; D\u00e9courag\u00e9e<\/p>\n<p> <strong> G.1.c Th\u00e9rapie comportementale dialectique &#8211;<\/strong> Non recommand\u00e9e<\/p>\n","protected":false},"excerpt":{"rendered":"<p>Si l&rsquo;efficacit\u00e9 des th\u00e9rapies ax\u00e9es sur les traumatismes dans le cadre du SSPT a \u00e9t\u00e9 prouv\u00e9e, tout le monde n&rsquo;est pas pr\u00eat \u00e0 se lancer dans des traitements qui mettent en lumi\u00e8re ses traumatismes pass\u00e9s. Par cons\u00e9quent, certains th\u00e9rapeutes optent pour des approches alternatives. Pour les personnes souffrant de SSPT, ces m\u00e9thodes alternatives englobent la [&hellip;]<\/p>\n","protected":false},"author":33,"featured_media":0,"parent":21163,"menu_order":0,"comment_status":"closed","ping_status":"closed","template":"","meta":{"_et_pb_use_builder":"","_et_pb_old_content":"","_et_gb_content_width":"","footnotes":""},"class_list":["post-21326","page","type-page","status-publish","hentry"],"yoast_head":"<!-- This site is optimized with the Yoast SEO plugin v27.2 - https:\/\/yoast.com\/product\/yoast-seo-wordpress\/ -->\n<title>Psychoth\u00e9rapie non centr\u00e9e sur le traumatisme | Best Hip &amp; Knee Surgeon | NY, USA<\/title>\n<meta name=\"description\" content=\"Si l&#039;efficacit\u00e9 des th\u00e9rapies ax\u00e9es sur les traumatismes dans le cadre du SSPT a \u00e9t\u00e9 prouv\u00e9e, tout le monde n&#039;est pas pr\u00eat \u00e0 se lancer dans des\" \/>\n<meta name=\"robots\" content=\"index, follow, max-snippet:-1, max-image-preview:large, max-video-preview:-1\" \/>\n<link rel=\"canonical\" href=\"https:\/\/www.newyorkhipknee.com\/fr\/indemnisation-des-travailleurs\/lignes-directrices-pour-les-traitements-medicaux-mtg\/syndrome-de-stress-post-traumatique-et-syndrome-de-stress-aigu\/psychotherapie-non-centree-sur-le-traumatisme-2\/\" \/>\n<meta property=\"og:locale\" content=\"fr_FR\" \/>\n<meta property=\"og:type\" content=\"article\" \/>\n<meta property=\"og:title\" content=\"Psychoth\u00e9rapie non centr\u00e9e sur le traumatisme | Best Hip &amp; Knee Surgeon | NY, USA\" \/>\n<meta property=\"og:description\" content=\"Si l&#039;efficacit\u00e9 des th\u00e9rapies ax\u00e9es sur les traumatismes dans le cadre du SSPT a \u00e9t\u00e9 prouv\u00e9e, tout le monde n&#039;est pas pr\u00eat \u00e0 se lancer dans des\" \/>\n<meta property=\"og:url\" content=\"https:\/\/www.newyorkhipknee.com\/fr\/indemnisation-des-travailleurs\/lignes-directrices-pour-les-traitements-medicaux-mtg\/syndrome-de-stress-post-traumatique-et-syndrome-de-stress-aigu\/psychotherapie-non-centree-sur-le-traumatisme-2\/\" \/>\n<meta property=\"og:site_name\" content=\"Best Hip &amp; Knee Surgeon | NY, USA\" \/>\n<meta name=\"twitter:card\" content=\"summary_large_image\" \/>\n<meta name=\"twitter:label1\" content=\"Dur\u00e9e de lecture estim\u00e9e\" \/>\n\t<meta name=\"twitter:data1\" content=\"1 minute\" \/>\n<script type=\"application\/ld+json\" class=\"yoast-schema-graph\">{\"@context\":\"https:\/\/schema.org\",\"@graph\":[{\"@type\":[\"WebPage\",\"MedicalWebPage\"],\"@id\":\"https:\/\/www.newyorkhipknee.com\/fr\/indemnisation-des-travailleurs\/lignes-directrices-pour-les-traitements-medicaux-mtg\/syndrome-de-stress-post-traumatique-et-syndrome-de-stress-aigu\/psychotherapie-non-centree-sur-le-traumatisme-2\/\",\"url\":\"https:\/\/www.newyorkhipknee.com\/fr\/indemnisation-des-travailleurs\/lignes-directrices-pour-les-traitements-medicaux-mtg\/syndrome-de-stress-post-traumatique-et-syndrome-de-stress-aigu\/psychotherapie-non-centree-sur-le-traumatisme-2\/\",\"name\":\"Psychoth\u00e9rapie non centr\u00e9e sur le traumatisme | Best Hip &amp; Knee Surgeon | NY, USA\",\"isPartOf\":{\"@id\":\"https:\/\/www.newyorkhipknee.com\/fr\/#website\"},\"datePublished\":\"2023-12-26T17:23:43+00:00\",\"description\":\"Si l'efficacit\u00e9 des th\u00e9rapies ax\u00e9es sur les traumatismes dans le cadre du SSPT a \u00e9t\u00e9 prouv\u00e9e, tout le monde n'est pas pr\u00eat \u00e0 se lancer dans des\",\"breadcrumb\":{\"@id\":\"https:\/\/www.newyorkhipknee.com\/fr\/indemnisation-des-travailleurs\/lignes-directrices-pour-les-traitements-medicaux-mtg\/syndrome-de-stress-post-traumatique-et-syndrome-de-stress-aigu\/psychotherapie-non-centree-sur-le-traumatisme-2\/#breadcrumb\"},\"inLanguage\":\"fr-FR\",\"potentialAction\":[{\"@type\":\"ReadAction\",\"target\":[\"https:\/\/www.newyorkhipknee.com\/fr\/indemnisation-des-travailleurs\/lignes-directrices-pour-les-traitements-medicaux-mtg\/syndrome-de-stress-post-traumatique-et-syndrome-de-stress-aigu\/psychotherapie-non-centree-sur-le-traumatisme-2\/\"]}]},{\"@type\":\"BreadcrumbList\",\"@id\":\"https:\/\/www.newyorkhipknee.com\/fr\/indemnisation-des-travailleurs\/lignes-directrices-pour-les-traitements-medicaux-mtg\/syndrome-de-stress-post-traumatique-et-syndrome-de-stress-aigu\/psychotherapie-non-centree-sur-le-traumatisme-2\/#breadcrumb\",\"itemListElement\":[{\"@type\":\"ListItem\",\"position\":1,\"name\":\"Home\",\"item\":\"https:\/\/www.newyorkhipknee.com\/fr\/\"},{\"@type\":\"ListItem\",\"position\":2,\"name\":\"Indemnisation des travailleurs\",\"item\":\"https:\/\/www.newyorkhipknee.com\/fr\/indemnisation-des-travailleurs\/\"},{\"@type\":\"ListItem\",\"position\":3,\"name\":\"Lignes directrices pour les traitements m\u00e9dicaux (MTG)\",\"item\":\"https:\/\/www.newyorkhipknee.com\/fr\/indemnisation-des-travailleurs\/lignes-directrices-pour-les-traitements-medicaux-mtg\/\"},{\"@type\":\"ListItem\",\"position\":4,\"name\":\"Syndrome de stress post-traumatique et syndrome de stress aigu\",\"item\":\"https:\/\/www.newyorkhipknee.com\/fr\/indemnisation-des-travailleurs\/lignes-directrices-pour-les-traitements-medicaux-mtg\/syndrome-de-stress-post-traumatique-et-syndrome-de-stress-aigu\/\"},{\"@type\":\"ListItem\",\"position\":5,\"name\":\"Psychoth\u00e9rapie non centr\u00e9e sur le traumatisme\"}]},{\"@type\":\"WebSite\",\"@id\":\"https:\/\/www.newyorkhipknee.com\/fr\/#website\",\"url\":\"https:\/\/www.newyorkhipknee.com\/fr\/\",\"name\":\"Best Hip & Knee Surgeon | NY, USA\",\"description\":\"\",\"potentialAction\":[{\"@type\":\"SearchAction\",\"target\":{\"@type\":\"EntryPoint\",\"urlTemplate\":\"https:\/\/www.newyorkhipknee.com\/fr\/?s={search_term_string}\"},\"query-input\":{\"@type\":\"PropertyValueSpecification\",\"valueRequired\":true,\"valueName\":\"search_term_string\"}}],\"inLanguage\":\"fr-FR\"}]}<\/script>\n<!-- \/ Yoast SEO plugin. -->","yoast_head_json":{"title":"Psychoth\u00e9rapie non centr\u00e9e sur le traumatisme | Best Hip &amp; Knee Surgeon | NY, USA","description":"Si l'efficacit\u00e9 des th\u00e9rapies ax\u00e9es sur les traumatismes dans le cadre du SSPT a \u00e9t\u00e9 prouv\u00e9e, tout le monde n'est pas pr\u00eat \u00e0 se lancer dans des","robots":{"index":"index","follow":"follow","max-snippet":"max-snippet:-1","max-image-preview":"max-image-preview:large","max-video-preview":"max-video-preview:-1"},"canonical":"https:\/\/www.newyorkhipknee.com\/fr\/indemnisation-des-travailleurs\/lignes-directrices-pour-les-traitements-medicaux-mtg\/syndrome-de-stress-post-traumatique-et-syndrome-de-stress-aigu\/psychotherapie-non-centree-sur-le-traumatisme-2\/","og_locale":"fr_FR","og_type":"article","og_title":"Psychoth\u00e9rapie non centr\u00e9e sur le traumatisme | Best Hip &amp; Knee Surgeon | NY, USA","og_description":"Si l'efficacit\u00e9 des th\u00e9rapies ax\u00e9es sur les traumatismes dans le cadre du SSPT a \u00e9t\u00e9 prouv\u00e9e, tout le monde n'est pas pr\u00eat \u00e0 se lancer dans des","og_url":"https:\/\/www.newyorkhipknee.com\/fr\/indemnisation-des-travailleurs\/lignes-directrices-pour-les-traitements-medicaux-mtg\/syndrome-de-stress-post-traumatique-et-syndrome-de-stress-aigu\/psychotherapie-non-centree-sur-le-traumatisme-2\/","og_site_name":"Best Hip &amp; Knee Surgeon | NY, USA","twitter_card":"summary_large_image","twitter_misc":{"Dur\u00e9e de lecture estim\u00e9e":"1 minute"},"schema":{"@context":"https:\/\/schema.org","@graph":[{"@type":["WebPage","MedicalWebPage"],"@id":"https:\/\/www.newyorkhipknee.com\/fr\/indemnisation-des-travailleurs\/lignes-directrices-pour-les-traitements-medicaux-mtg\/syndrome-de-stress-post-traumatique-et-syndrome-de-stress-aigu\/psychotherapie-non-centree-sur-le-traumatisme-2\/","url":"https:\/\/www.newyorkhipknee.com\/fr\/indemnisation-des-travailleurs\/lignes-directrices-pour-les-traitements-medicaux-mtg\/syndrome-de-stress-post-traumatique-et-syndrome-de-stress-aigu\/psychotherapie-non-centree-sur-le-traumatisme-2\/","name":"Psychoth\u00e9rapie non centr\u00e9e sur le traumatisme | Best Hip &amp; Knee Surgeon | NY, USA","isPartOf":{"@id":"https:\/\/www.newyorkhipknee.com\/fr\/#website"},"datePublished":"2023-12-26T17:23:43+00:00","description":"Si l'efficacit\u00e9 des th\u00e9rapies ax\u00e9es sur les traumatismes dans le cadre du SSPT a \u00e9t\u00e9 prouv\u00e9e, tout le monde n'est pas pr\u00eat \u00e0 se lancer dans des","breadcrumb":{"@id":"https:\/\/www.newyorkhipknee.com\/fr\/indemnisation-des-travailleurs\/lignes-directrices-pour-les-traitements-medicaux-mtg\/syndrome-de-stress-post-traumatique-et-syndrome-de-stress-aigu\/psychotherapie-non-centree-sur-le-traumatisme-2\/#breadcrumb"},"inLanguage":"fr-FR","potentialAction":[{"@type":"ReadAction","target":["https:\/\/www.newyorkhipknee.com\/fr\/indemnisation-des-travailleurs\/lignes-directrices-pour-les-traitements-medicaux-mtg\/syndrome-de-stress-post-traumatique-et-syndrome-de-stress-aigu\/psychotherapie-non-centree-sur-le-traumatisme-2\/"]}]},{"@type":"BreadcrumbList","@id":"https:\/\/www.newyorkhipknee.com\/fr\/indemnisation-des-travailleurs\/lignes-directrices-pour-les-traitements-medicaux-mtg\/syndrome-de-stress-post-traumatique-et-syndrome-de-stress-aigu\/psychotherapie-non-centree-sur-le-traumatisme-2\/#breadcrumb","itemListElement":[{"@type":"ListItem","position":1,"name":"Home","item":"https:\/\/www.newyorkhipknee.com\/fr\/"},{"@type":"ListItem","position":2,"name":"Indemnisation des travailleurs","item":"https:\/\/www.newyorkhipknee.com\/fr\/indemnisation-des-travailleurs\/"},{"@type":"ListItem","position":3,"name":"Lignes directrices pour les traitements m\u00e9dicaux (MTG)","item":"https:\/\/www.newyorkhipknee.com\/fr\/indemnisation-des-travailleurs\/lignes-directrices-pour-les-traitements-medicaux-mtg\/"},{"@type":"ListItem","position":4,"name":"Syndrome de stress post-traumatique et syndrome de stress aigu","item":"https:\/\/www.newyorkhipknee.com\/fr\/indemnisation-des-travailleurs\/lignes-directrices-pour-les-traitements-medicaux-mtg\/syndrome-de-stress-post-traumatique-et-syndrome-de-stress-aigu\/"},{"@type":"ListItem","position":5,"name":"Psychoth\u00e9rapie non centr\u00e9e sur le traumatisme"}]},{"@type":"WebSite","@id":"https:\/\/www.newyorkhipknee.com\/fr\/#website","url":"https:\/\/www.newyorkhipknee.com\/fr\/","name":"Best Hip & Knee Surgeon | NY, USA","description":"","potentialAction":[{"@type":"SearchAction","target":{"@type":"EntryPoint","urlTemplate":"https:\/\/www.newyorkhipknee.com\/fr\/?s={search_term_string}"},"query-input":{"@type":"PropertyValueSpecification","valueRequired":true,"valueName":"search_term_string"}}],"inLanguage":"fr-FR"}]}},"_links":{"self":[{"href":"https:\/\/www.newyorkhipknee.com\/fr\/wp-json\/wp\/v2\/pages\/21326","targetHints":{"allow":["GET"]}}],"collection":[{"href":"https:\/\/www.newyorkhipknee.com\/fr\/wp-json\/wp\/v2\/pages"}],"about":[{"href":"https:\/\/www.newyorkhipknee.com\/fr\/wp-json\/wp\/v2\/types\/page"}],"author":[{"embeddable":true,"href":"https:\/\/www.newyorkhipknee.com\/fr\/wp-json\/wp\/v2\/users\/33"}],"replies":[{"embeddable":true,"href":"https:\/\/www.newyorkhipknee.com\/fr\/wp-json\/wp\/v2\/comments?post=21326"}],"version-history":[{"count":0,"href":"https:\/\/www.newyorkhipknee.com\/fr\/wp-json\/wp\/v2\/pages\/21326\/revisions"}],"up":[{"embeddable":true,"href":"https:\/\/www.newyorkhipknee.com\/fr\/wp-json\/wp\/v2\/pages\/21163"}],"wp:attachment":[{"href":"https:\/\/www.newyorkhipknee.com\/fr\/wp-json\/wp\/v2\/media?parent=21326"}],"curies":[{"name":"wp","href":"https:\/\/api.w.org\/{rel}","templated":true}]}}