{"id":21328,"date":"2023-12-22T15:39:18","date_gmt":"2023-12-22T20:39:18","guid":{"rendered":"https:\/\/newyorkhipknee.com\/syndrome-de-stress-post-traumatique-et-syndrome-de-stress-aigu\/depistage-et-tests\/"},"modified":"2023-12-22T15:39:18","modified_gmt":"2023-12-22T20:39:18","slug":"depistage-et-tests","status":"publish","type":"page","link":"https:\/\/www.newyorkhipknee.com\/fr\/indemnisation-des-travailleurs\/lignes-directrices-pour-les-traitements-medicaux-mtg\/syndrome-de-stress-post-traumatique-et-syndrome-de-stress-aigu\/depistage-et-tests\/","title":{"rendered":"D\u00e9pistage et tests"},"content":{"rendered":"<p>Il existe de nombreux outils de s\u00e9lection et de tests psychom\u00e9triques. Bien qu&rsquo;ils puissent sugg\u00e9rer un diagnostic, il est important de savoir que ni les tests de d\u00e9pistage ni les tests psychom\u00e9triques ne permettent de diagnostiquer une maladie. Le diagnostic doit \u00eatre pos\u00e9 apr\u00e8s un examen approfondi de toutes les informations disponibles, y compris une anamn\u00e8se d\u00e9taill\u00e9e et un entretien clinique.<\/p>\n<p>Chaque test doit se concentrer sur quelque chose de sp\u00e9cifique et ne doit pas couvrir les m\u00eames domaines que les autres. Il est bon d&rsquo;utiliser des tests pour surveiller l&rsquo;\u00e9tat et l&rsquo;\u00e9volution d&rsquo;un patient, mais il n&rsquo;est pas n\u00e9cessaire de r\u00e9p\u00e9ter syst\u00e9matiquement les tests si les dossiers cliniques montrent que les choses s&rsquo;am\u00e9liorent. Le rapport de test doit faire le lien entre les donn\u00e9es du test et les objectifs de traitement sp\u00e9cifiques du client.<\/p>\n<p>&nbsp;<\/p>\n<h2>\u00c9valuation psychologique\/psychiatrique<\/h2>\n<p>Sugg\u00e9r\u00e9 &#8211; pour toute personne souffrant d&rsquo;un \u00e9ventuel trouble de stress aigu ou d&rsquo;un trouble de stress post-traumatique. Raisons &#8211; il est essentiel de proc\u00e9der \u00e0 des \u00e9valuations de la sant\u00e9 mentale pour \u00e9tablir, confirmer ou valider un diagnostic. Ces \u00e9valuations jettent les bases des futures strat\u00e9gies de traitement. L&rsquo;\u00e9valuation doit notamment porter sur les TSA\/TSPT, les troubles anxieux, la d\u00e9pression, les troubles li\u00e9s \u00e0 l&rsquo;utilisation de substances et le risque de suicide. Fr\u00e9quence, quantit\u00e9, dur\u00e9e &#8211; Commencez par une \u00e9valuation initiale pour \u00e9tablir un diagnostic. Les rendez-vous de suivi du traitement impliquent la r\u00e9alisation et la compr\u00e9hension de tests de d\u00e9pistage et de diagnostic.<\/p>\n<p>&nbsp;<\/p>\n<h2>Outils de d\u00e9pistage des TSA\/TSPT<\/h2>\n<p>Encourag\u00e9 &#8211; pour v\u00e9rifier les patients atteints de TSA ou la possibilit\u00e9 d&rsquo;un TSPT. Raisons &#8211; Les personnes atteintes de TSA ou le risque de d\u00e9velopper un TSPT, en particulier celles qui ont v\u00e9cu une situation difficile. Avantages &#8211; D\u00e9tection plus rapide d&rsquo;un \u00e9ventuel syndrome de stress post-traumatique, ce qui permet au patient d&rsquo;\u00eatre mis en contact avec les services de sant\u00e9 mentale appropri\u00e9s pour obtenir un diagnostic confirm\u00e9. Fr\u00e9quence, quantit\u00e9, dur\u00e9e &#8211; Une seule visite de d\u00e9pistage.<\/p>\n<p>\u00c9tant donn\u00e9 que le SSPT peut avoir une \u00e9volution impr\u00e9visible chez de nombreuses personnes, il peut \u00eatre judicieux de proc\u00e9der \u00e0 un nouveau d\u00e9pistage en cas de retard ou d&rsquo;\u00e9volution des sympt\u00f4mes. Mais le faire syst\u00e9matiquement n&rsquo;est pas la bonne solution. Les outils de d\u00e9pistage peuvent \u00eatre la liste de contr\u00f4le du SSPT, le Primary Care PTSD Screen et l&rsquo;\u00e9chelle d&rsquo;ajustement post-traumatique (Post-Traumatic Adjustment Scale).<\/p>\n<p>&nbsp;<\/p>\n<h2>Tests psychom\u00e9triques : TSA\/TSPT<\/h2>\n<p>Sugg\u00e9r\u00e9 &#8211; pour les personnes qui obtiennent un r\u00e9sultat positif lors d&rsquo;un d\u00e9pistage ou qui pr\u00e9sentent des signes et des sympt\u00f4mes correspondant \u00e0 un trouble de stress aigu ou \u00e0 un trouble de stress post-traumatique. Raisons &#8211; pour aider les experts en sant\u00e9 mentale \u00e0 confirmer un diagnostic de TSA\/TSPT ou d&rsquo;autres troubles mentaux connexes. Elle doit \u00eatre effectu\u00e9e par un professionnel de la sant\u00e9 mentale ayant re\u00e7u une formation ad\u00e9quate. Fr\u00e9quence\/quantit\u00e9\/dur\u00e9e &#8211; Une seule batterie de tests, \u00e0 moins qu&rsquo;il n&rsquo;y ait une bonne raison d&rsquo;en faire plus.<\/p>\n<h2>Mesures des r\u00e9sultats<\/h2>\n<p>C&rsquo;est une bonne id\u00e9e de garder un \u0153il sur l&rsquo;\u00e9tat et l&rsquo;\u00e9volution d&rsquo;un patient. Pourquoi &#8211; Il n&rsquo;est pas n\u00e9cessaire de r\u00e9p\u00e9ter les tests si les dossiers cliniques montrent que les choses s&rsquo;am\u00e9liorent. Le rapport d&rsquo;essai doit combiner les donn\u00e9es de l&rsquo;essai avec les objectifs de traitement sp\u00e9cifiques du client. Elle doit \u00eatre prise en charge par un professionnel de la sant\u00e9 mentale d\u00fbment form\u00e9.<\/p>\n<h2>IRM fonctionnelle<\/h2>\n<p>Preuves de l&rsquo;utilisation d&rsquo;outils et de tests de d\u00e9pistage de l&rsquo;ESPT &#8211; L&rsquo;utilisation de l&rsquo;IRM fonctionnelle n&rsquo;est pas recommand\u00e9e pour diagnostiquer l&rsquo;\u00e9tat de stress post-traumatique.<\/p>\n","protected":false},"excerpt":{"rendered":"<p>Il existe de nombreux outils de s\u00e9lection et de tests psychom\u00e9triques. Bien qu&rsquo;ils puissent sugg\u00e9rer un diagnostic, il est important de savoir que ni les tests de d\u00e9pistage ni les tests psychom\u00e9triques ne permettent de diagnostiquer une maladie. Le diagnostic doit \u00eatre pos\u00e9 apr\u00e8s un examen approfondi de toutes les informations disponibles, y compris une [&hellip;]<\/p>\n","protected":false},"author":33,"featured_media":0,"parent":21163,"menu_order":0,"comment_status":"closed","ping_status":"closed","template":"","meta":{"_et_pb_use_builder":"","_et_pb_old_content":"","_et_gb_content_width":"","footnotes":""},"class_list":["post-21328","page","type-page","status-publish","hentry"],"yoast_head":"<!-- This site is optimized with the Yoast SEO plugin v27.2 - https:\/\/yoast.com\/product\/yoast-seo-wordpress\/ -->\n<title>D\u00e9pistage et tests | Best Hip &amp; Knee Surgeon | NY, USA<\/title>\n<meta name=\"description\" content=\"Il existe de nombreux outils de s\u00e9lection et de tests psychom\u00e9triques. Bien qu&#039;ils puissent sugg\u00e9rer un diagnostic, il est important de savoir que ni les\" \/>\n<meta name=\"robots\" content=\"index, follow, max-snippet:-1, max-image-preview:large, max-video-preview:-1\" \/>\n<link rel=\"canonical\" href=\"https:\/\/www.newyorkhipknee.com\/fr\/indemnisation-des-travailleurs\/lignes-directrices-pour-les-traitements-medicaux-mtg\/syndrome-de-stress-post-traumatique-et-syndrome-de-stress-aigu\/depistage-et-tests\/\" \/>\n<meta property=\"og:locale\" content=\"fr_FR\" \/>\n<meta property=\"og:type\" content=\"article\" \/>\n<meta property=\"og:title\" content=\"D\u00e9pistage et tests | Best Hip &amp; Knee Surgeon | NY, USA\" \/>\n<meta property=\"og:description\" content=\"Il existe de nombreux outils de s\u00e9lection et de tests psychom\u00e9triques. Bien qu&#039;ils puissent sugg\u00e9rer un diagnostic, il est important de savoir que ni les\" \/>\n<meta property=\"og:url\" content=\"https:\/\/www.newyorkhipknee.com\/fr\/indemnisation-des-travailleurs\/lignes-directrices-pour-les-traitements-medicaux-mtg\/syndrome-de-stress-post-traumatique-et-syndrome-de-stress-aigu\/depistage-et-tests\/\" \/>\n<meta property=\"og:site_name\" content=\"Best Hip &amp; Knee Surgeon | NY, USA\" \/>\n<meta name=\"twitter:card\" content=\"summary_large_image\" \/>\n<meta name=\"twitter:label1\" content=\"Dur\u00e9e de lecture estim\u00e9e\" \/>\n\t<meta name=\"twitter:data1\" content=\"3 minutes\" \/>\n<script type=\"application\/ld+json\" class=\"yoast-schema-graph\">{\"@context\":\"https:\/\/schema.org\",\"@graph\":[{\"@type\":[\"WebPage\",\"MedicalWebPage\"],\"@id\":\"https:\/\/www.newyorkhipknee.com\/fr\/indemnisation-des-travailleurs\/lignes-directrices-pour-les-traitements-medicaux-mtg\/syndrome-de-stress-post-traumatique-et-syndrome-de-stress-aigu\/depistage-et-tests\/\",\"url\":\"https:\/\/www.newyorkhipknee.com\/fr\/indemnisation-des-travailleurs\/lignes-directrices-pour-les-traitements-medicaux-mtg\/syndrome-de-stress-post-traumatique-et-syndrome-de-stress-aigu\/depistage-et-tests\/\",\"name\":\"D\u00e9pistage et tests | Best Hip &amp; Knee Surgeon | NY, USA\",\"isPartOf\":{\"@id\":\"https:\/\/www.newyorkhipknee.com\/fr\/#website\"},\"datePublished\":\"2023-12-22T20:39:18+00:00\",\"description\":\"Il existe de nombreux outils de s\u00e9lection et de tests psychom\u00e9triques. Bien qu'ils puissent sugg\u00e9rer un diagnostic, il est important de savoir que ni les\",\"breadcrumb\":{\"@id\":\"https:\/\/www.newyorkhipknee.com\/fr\/indemnisation-des-travailleurs\/lignes-directrices-pour-les-traitements-medicaux-mtg\/syndrome-de-stress-post-traumatique-et-syndrome-de-stress-aigu\/depistage-et-tests\/#breadcrumb\"},\"inLanguage\":\"fr-FR\",\"potentialAction\":[{\"@type\":\"ReadAction\",\"target\":[\"https:\/\/www.newyorkhipknee.com\/fr\/indemnisation-des-travailleurs\/lignes-directrices-pour-les-traitements-medicaux-mtg\/syndrome-de-stress-post-traumatique-et-syndrome-de-stress-aigu\/depistage-et-tests\/\"]}]},{\"@type\":\"BreadcrumbList\",\"@id\":\"https:\/\/www.newyorkhipknee.com\/fr\/indemnisation-des-travailleurs\/lignes-directrices-pour-les-traitements-medicaux-mtg\/syndrome-de-stress-post-traumatique-et-syndrome-de-stress-aigu\/depistage-et-tests\/#breadcrumb\",\"itemListElement\":[{\"@type\":\"ListItem\",\"position\":1,\"name\":\"Home\",\"item\":\"https:\/\/www.newyorkhipknee.com\/fr\/\"},{\"@type\":\"ListItem\",\"position\":2,\"name\":\"Indemnisation des travailleurs\",\"item\":\"https:\/\/www.newyorkhipknee.com\/fr\/indemnisation-des-travailleurs\/\"},{\"@type\":\"ListItem\",\"position\":3,\"name\":\"Lignes directrices pour les traitements m\u00e9dicaux (MTG)\",\"item\":\"https:\/\/www.newyorkhipknee.com\/fr\/indemnisation-des-travailleurs\/lignes-directrices-pour-les-traitements-medicaux-mtg\/\"},{\"@type\":\"ListItem\",\"position\":4,\"name\":\"Syndrome de stress post-traumatique et syndrome de stress aigu\",\"item\":\"https:\/\/www.newyorkhipknee.com\/fr\/indemnisation-des-travailleurs\/lignes-directrices-pour-les-traitements-medicaux-mtg\/syndrome-de-stress-post-traumatique-et-syndrome-de-stress-aigu\/\"},{\"@type\":\"ListItem\",\"position\":5,\"name\":\"D\u00e9pistage et tests\"}]},{\"@type\":\"WebSite\",\"@id\":\"https:\/\/www.newyorkhipknee.com\/fr\/#website\",\"url\":\"https:\/\/www.newyorkhipknee.com\/fr\/\",\"name\":\"Best Hip & Knee Surgeon | NY, USA\",\"description\":\"\",\"potentialAction\":[{\"@type\":\"SearchAction\",\"target\":{\"@type\":\"EntryPoint\",\"urlTemplate\":\"https:\/\/www.newyorkhipknee.com\/fr\/?s={search_term_string}\"},\"query-input\":{\"@type\":\"PropertyValueSpecification\",\"valueRequired\":true,\"valueName\":\"search_term_string\"}}],\"inLanguage\":\"fr-FR\"}]}<\/script>\n<!-- \/ Yoast SEO plugin. -->","yoast_head_json":{"title":"D\u00e9pistage et tests | Best Hip &amp; Knee Surgeon | NY, USA","description":"Il existe de nombreux outils de s\u00e9lection et de tests psychom\u00e9triques. Bien qu'ils puissent sugg\u00e9rer un diagnostic, il est important de savoir que ni les","robots":{"index":"index","follow":"follow","max-snippet":"max-snippet:-1","max-image-preview":"max-image-preview:large","max-video-preview":"max-video-preview:-1"},"canonical":"https:\/\/www.newyorkhipknee.com\/fr\/indemnisation-des-travailleurs\/lignes-directrices-pour-les-traitements-medicaux-mtg\/syndrome-de-stress-post-traumatique-et-syndrome-de-stress-aigu\/depistage-et-tests\/","og_locale":"fr_FR","og_type":"article","og_title":"D\u00e9pistage et tests | Best Hip &amp; Knee Surgeon | NY, USA","og_description":"Il existe de nombreux outils de s\u00e9lection et de tests psychom\u00e9triques. Bien qu'ils puissent sugg\u00e9rer un diagnostic, il est important de savoir que ni les","og_url":"https:\/\/www.newyorkhipknee.com\/fr\/indemnisation-des-travailleurs\/lignes-directrices-pour-les-traitements-medicaux-mtg\/syndrome-de-stress-post-traumatique-et-syndrome-de-stress-aigu\/depistage-et-tests\/","og_site_name":"Best Hip &amp; Knee Surgeon | NY, USA","twitter_card":"summary_large_image","twitter_misc":{"Dur\u00e9e de lecture estim\u00e9e":"3 minutes"},"schema":{"@context":"https:\/\/schema.org","@graph":[{"@type":["WebPage","MedicalWebPage"],"@id":"https:\/\/www.newyorkhipknee.com\/fr\/indemnisation-des-travailleurs\/lignes-directrices-pour-les-traitements-medicaux-mtg\/syndrome-de-stress-post-traumatique-et-syndrome-de-stress-aigu\/depistage-et-tests\/","url":"https:\/\/www.newyorkhipknee.com\/fr\/indemnisation-des-travailleurs\/lignes-directrices-pour-les-traitements-medicaux-mtg\/syndrome-de-stress-post-traumatique-et-syndrome-de-stress-aigu\/depistage-et-tests\/","name":"D\u00e9pistage et tests | Best Hip &amp; Knee Surgeon | NY, USA","isPartOf":{"@id":"https:\/\/www.newyorkhipknee.com\/fr\/#website"},"datePublished":"2023-12-22T20:39:18+00:00","description":"Il existe de nombreux outils de s\u00e9lection et de tests psychom\u00e9triques. Bien qu'ils puissent sugg\u00e9rer un diagnostic, il est important de savoir que ni les","breadcrumb":{"@id":"https:\/\/www.newyorkhipknee.com\/fr\/indemnisation-des-travailleurs\/lignes-directrices-pour-les-traitements-medicaux-mtg\/syndrome-de-stress-post-traumatique-et-syndrome-de-stress-aigu\/depistage-et-tests\/#breadcrumb"},"inLanguage":"fr-FR","potentialAction":[{"@type":"ReadAction","target":["https:\/\/www.newyorkhipknee.com\/fr\/indemnisation-des-travailleurs\/lignes-directrices-pour-les-traitements-medicaux-mtg\/syndrome-de-stress-post-traumatique-et-syndrome-de-stress-aigu\/depistage-et-tests\/"]}]},{"@type":"BreadcrumbList","@id":"https:\/\/www.newyorkhipknee.com\/fr\/indemnisation-des-travailleurs\/lignes-directrices-pour-les-traitements-medicaux-mtg\/syndrome-de-stress-post-traumatique-et-syndrome-de-stress-aigu\/depistage-et-tests\/#breadcrumb","itemListElement":[{"@type":"ListItem","position":1,"name":"Home","item":"https:\/\/www.newyorkhipknee.com\/fr\/"},{"@type":"ListItem","position":2,"name":"Indemnisation des travailleurs","item":"https:\/\/www.newyorkhipknee.com\/fr\/indemnisation-des-travailleurs\/"},{"@type":"ListItem","position":3,"name":"Lignes directrices pour les traitements m\u00e9dicaux (MTG)","item":"https:\/\/www.newyorkhipknee.com\/fr\/indemnisation-des-travailleurs\/lignes-directrices-pour-les-traitements-medicaux-mtg\/"},{"@type":"ListItem","position":4,"name":"Syndrome de stress post-traumatique et syndrome de stress aigu","item":"https:\/\/www.newyorkhipknee.com\/fr\/indemnisation-des-travailleurs\/lignes-directrices-pour-les-traitements-medicaux-mtg\/syndrome-de-stress-post-traumatique-et-syndrome-de-stress-aigu\/"},{"@type":"ListItem","position":5,"name":"D\u00e9pistage et tests"}]},{"@type":"WebSite","@id":"https:\/\/www.newyorkhipknee.com\/fr\/#website","url":"https:\/\/www.newyorkhipknee.com\/fr\/","name":"Best Hip & Knee Surgeon | NY, USA","description":"","potentialAction":[{"@type":"SearchAction","target":{"@type":"EntryPoint","urlTemplate":"https:\/\/www.newyorkhipknee.com\/fr\/?s={search_term_string}"},"query-input":{"@type":"PropertyValueSpecification","valueRequired":true,"valueName":"search_term_string"}}],"inLanguage":"fr-FR"}]}},"_links":{"self":[{"href":"https:\/\/www.newyorkhipknee.com\/fr\/wp-json\/wp\/v2\/pages\/21328","targetHints":{"allow":["GET"]}}],"collection":[{"href":"https:\/\/www.newyorkhipknee.com\/fr\/wp-json\/wp\/v2\/pages"}],"about":[{"href":"https:\/\/www.newyorkhipknee.com\/fr\/wp-json\/wp\/v2\/types\/page"}],"author":[{"embeddable":true,"href":"https:\/\/www.newyorkhipknee.com\/fr\/wp-json\/wp\/v2\/users\/33"}],"replies":[{"embeddable":true,"href":"https:\/\/www.newyorkhipknee.com\/fr\/wp-json\/wp\/v2\/comments?post=21328"}],"version-history":[{"count":0,"href":"https:\/\/www.newyorkhipknee.com\/fr\/wp-json\/wp\/v2\/pages\/21328\/revisions"}],"up":[{"embeddable":true,"href":"https:\/\/www.newyorkhipknee.com\/fr\/wp-json\/wp\/v2\/pages\/21163"}],"wp:attachment":[{"href":"https:\/\/www.newyorkhipknee.com\/fr\/wp-json\/wp\/v2\/media?parent=21328"}],"curies":[{"name":"wp","href":"https:\/\/api.w.org\/{rel}","templated":true}]}}