{"id":21330,"date":"2023-12-22T16:03:50","date_gmt":"2023-12-22T21:03:50","guid":{"rendered":"https:\/\/newyorkhipknee.com\/syndrome-de-stress-post-traumatique-et-syndrome-de-stress-aigu\/recommandations-de-traitement\/"},"modified":"2023-12-22T16:03:50","modified_gmt":"2023-12-22T21:03:50","slug":"recommandations-de-traitement","status":"publish","type":"page","link":"https:\/\/www.newyorkhipknee.com\/fr\/indemnisation-des-travailleurs\/lignes-directrices-pour-les-traitements-medicaux-mtg\/syndrome-de-stress-post-traumatique-et-syndrome-de-stress-aigu\/recommandations-de-traitement\/","title":{"rendered":"Recommandations de traitement"},"content":{"rendered":"<h2>Interventions comportementales et psychologiques<\/h2>\n<p>Pour toute intervention dans le domaine de la sant\u00e9 mentale, il est essentiel de proc\u00e9der \u00e0 une \u00e9valuation approfondie et d&rsquo;\u00e9tablir un plan de traitement qui fixe des objectifs comportementaux clairs et mesurables, des d\u00e9lais et des mesures sp\u00e9cifiques. En ce qui concerne les interventions psychologiques, le d\u00e9lai id\u00e9al est g\u00e9n\u00e9ralement de trois \u00e0 six mois, avec un d\u00e9lai maximum de neuf \u00e0 douze mois. Certains patients peuvent avoir besoin d&rsquo;un peu plus de temps, et si une consultation prolong\u00e9e est n\u00e9cessaire, le praticien traitant doit fournir des mises \u00e0 jour toutes les quatre semaines, en d\u00e9taillant les facteurs psychologiques en jeu et en projetant un pronostic fonctionnel r\u00e9aliste pendant le traitement.<\/p>\n<p>La th\u00e9rapie cognitivo-comportementale (TCC) est une approche couramment utilis\u00e9e pour traiter sp\u00e9cifiquement le syndrome de stress post-traumatique (SSPT). La TCC comprend plusieurs composantes th\u00e9rapeutiques, telles que la th\u00e9rapie cognitive et diff\u00e9rents types de th\u00e9rapie d&rsquo;exposition. Bien que les interventions corps-esprit, qui visent \u00e0 soulager le stress en utilisant l&rsquo;esprit pour influencer le fonctionnement physique et am\u00e9liorer la sant\u00e9 globale, soient souvent utilis\u00e9es parall\u00e8lement \u00e0 la TCC, elles font l&rsquo;objet d&rsquo;une discussion s\u00e9par\u00e9e.<\/p>\n<p>La psychoth\u00e9rapie centr\u00e9e sur le traumatisme fait r\u00e9f\u00e9rence \u00e0 toute approche th\u00e9rapeutique qui utilise des techniques cognitives, \u00e9motionnelles ou comportementales pour aider les individus \u00e0 traiter une exp\u00e9rience traumatisante. Dans ce type de th\u00e9rapie, le traumatisme lui-m\u00eame occupe une place centrale en tant que composante essentielle du processus th\u00e9rapeutique global.<\/p>\n<p>&nbsp;<\/p>\n<h3>Th\u00e9rapie cognitivo-comportementale (y compris la th\u00e9rapie de traitement cognitif, l&rsquo;entra\u00eenement \u00e0 l&rsquo;imagerie, la psychoth\u00e9rapie \u00e9clectique br\u00e8ve, la th\u00e9rapie d&rsquo;exposition narrative et l&rsquo;EMDR)<\/h3>\n<p>Sugg\u00e9r\u00e9 &#8211; pour r\u00e9pondre aux besoins des patients souffrant de TSA et de TSPT. Fr\u00e9quence\/quantit\u00e9\/dur\u00e9e &#8211; G\u00e9n\u00e9ralement, des s\u00e9ances hebdomadaires ou bihebdomadaires d&rsquo;une dur\u00e9e de 60 \u00e0 100 minutes chacune, s&rsquo;\u00e9talant sur au moins six semaines et pouvant aller jusqu&rsquo;\u00e0 trois mois.<\/p>\n<p>Raisons d&rsquo;arr\u00eater &#8211; Lorsque les sympt\u00f4mes du SSPT disparaissent, en cas de non-observance, de manque d&rsquo;efficacit\u00e9 ou d&rsquo;effets ind\u00e9sirables. L&rsquo;efficacit\u00e9 des th\u00e9rapies cognitivo-comportementales est bien \u00e9tablie.<\/p>\n<p>&nbsp;<\/p>\n<h3>Th\u00e9rapie d&rsquo;exposition et th\u00e9rapie d&rsquo;exposition prolong\u00e9e<\/h3>\n<p>La th\u00e9rapie d&rsquo;exposition consiste \u00e0 guider le patient \u00e0 travers une s\u00e9rie d&rsquo;exercices visant \u00e0 confronter et \u00e0 r\u00e9organiser les souvenirs traumatisants. Cela implique g\u00e9n\u00e9ralement deux \u00e9l\u00e9ments principaux : 1) confronter visuellement le traumatisme et 2) revisiter de fa\u00e7on r\u00e9p\u00e9t\u00e9e le souvenir traumatique. Les th\u00e9rapies d&rsquo;exposition sont souvent int\u00e9gr\u00e9es \u00e0 la th\u00e9rapie cognitivo-comportementale (TCC) et peuvent prendre diverses formes, notamment l&rsquo;exposition \u00e0 la r\u00e9alit\u00e9 virtuelle, l&rsquo;exposition imaginale, l&rsquo;exposition narrative, l&rsquo;exposition in vivo \u00e0 un \u00e9v\u00e9nement traumatisant et l&rsquo;exposition \u00e0 la r\u00e9alit\u00e9 virtuelle (abord\u00e9e s\u00e9par\u00e9ment).<\/p>\n<p>Un type particulier de th\u00e9rapie, la th\u00e9rapie d&rsquo;exposition prolong\u00e9e (PE), impose une confrontation visuelle d\u00e9lib\u00e9r\u00e9e et r\u00e9p\u00e9t\u00e9e avec des stimuli li\u00e9s au traumatisme. Il est recommand\u00e9 pour les patients souffrant d&rsquo;un syndrome de stress post-traumatique. Les indications comprennent l&rsquo;apparition de sympt\u00f4mes de stress post-traumatique n\u00e9cessitant une intervention th\u00e9rapeutique. Les avantages potentiels comprennent une am\u00e9lioration des sympt\u00f4mes du SSPT et une r\u00e9duction de la r\u00e9ponse \u00e9motionnelle aux stimuli traumatiques, ce qui facilite le traitement \u00e9motionnel de l&rsquo;exp\u00e9rience traumatique.<\/p>\n<p>La fr\u00e9quence recommand\u00e9e consiste en des s\u00e9ances hebdomadaires de 90 minutes pendant dix semaines, avec une r\u00e9\u00e9valuation toutes les quatre semaines. Cette approche a d\u00e9montr\u00e9 son efficacit\u00e9 en termes d&rsquo;att\u00e9nuation des sympt\u00f4mes du SSPT et d&rsquo;am\u00e9lioration fonctionnelle globale.<\/p>\n<p>&nbsp;<\/p>\n<h2>Th\u00e9rapie d&rsquo;exposition par la r\u00e9alit\u00e9 virtuelle<\/h2>\n<p>Sugg\u00e9r\u00e9 &#8211; pour r\u00e9pondre aux besoins des patients souffrant d&rsquo;un syndrome de stress post-traumatique. Les indications comprennent l&rsquo;apparition de sympt\u00f4mes de stress post-traumatique n\u00e9cessitant une intervention th\u00e9rapeutique. La fr\u00e9quence recommand\u00e9e est de 90 minutes, \u00e0 raison d&rsquo;une \u00e0 deux fois par semaine sur une p\u00e9riode de cinq semaines.<\/p>\n<p>Une r\u00e9\u00e9valuation est conseill\u00e9e toutes les quatre semaines, avec une efficacit\u00e9 document\u00e9e en termes d&rsquo;am\u00e9lioration des sympt\u00f4mes de stress post-traumatique et d&rsquo;am\u00e9lioration fonctionnelle globale. L&rsquo;arr\u00eat du traitement peut \u00eatre motiv\u00e9 par la disparition des sympt\u00f4mes, le non-respect du traitement, des effets ind\u00e9sirables ou un manque d&rsquo;efficacit\u00e9 dans le traitement du syndrome de stress post-traumatique.<\/p>\n<p>&nbsp;<\/p>\n<h2>D\u00e9sensibilisation et retraitement par le mouvement des yeux (EMDR) : Th\u00e9rapie d&rsquo;exposition et th\u00e9rapie cognitivo-comportementale Composantes du traitement<\/h2>\n<p>Sugg\u00e9r\u00e9 &#8211; pour r\u00e9pondre aux besoins des patients souffrant d&rsquo;un syndrome de stress post-traumatique. Le raisonnement qui sous-tend cette recommandation repose sur le fait que l&rsquo;Eye Movement Desensitization and Reprocessing (EMDR) incorpore diverses th\u00e9rapies, ou co-interventions, y compris celles dont l&rsquo;efficacit\u00e9 a \u00e9t\u00e9 prouv\u00e9e, telles que la th\u00e9rapie cognitivo-comportementale et la th\u00e9rapie d&rsquo;exposition.<\/p>\n","protected":false},"excerpt":{"rendered":"<p>Interventions comportementales et psychologiques Pour toute intervention dans le domaine de la sant\u00e9 mentale, il est essentiel de proc\u00e9der \u00e0 une \u00e9valuation approfondie et d&rsquo;\u00e9tablir un plan de traitement qui fixe des objectifs comportementaux clairs et mesurables, des d\u00e9lais et des mesures sp\u00e9cifiques. En ce qui concerne les interventions psychologiques, le d\u00e9lai id\u00e9al est g\u00e9n\u00e9ralement [&hellip;]<\/p>\n","protected":false},"author":33,"featured_media":0,"parent":21163,"menu_order":0,"comment_status":"closed","ping_status":"closed","template":"","meta":{"_et_pb_use_builder":"","_et_pb_old_content":"","_et_gb_content_width":"","footnotes":""},"class_list":["post-21330","page","type-page","status-publish","hentry"],"yoast_head":"<!-- This site is optimized with the Yoast SEO plugin v27.2 - https:\/\/yoast.com\/product\/yoast-seo-wordpress\/ -->\n<title>Recommandations de traitement | Best Hip &amp; Knee Surgeon | NY, USA<\/title>\n<meta name=\"description\" content=\"Interventions comportementales et psychologiques Pour toute intervention dans le domaine de la sant\u00e9 mentale, il est essentiel de proc\u00e9der \u00e0 une\" \/>\n<meta name=\"robots\" content=\"index, follow, max-snippet:-1, max-image-preview:large, max-video-preview:-1\" \/>\n<link rel=\"canonical\" href=\"https:\/\/www.newyorkhipknee.com\/fr\/indemnisation-des-travailleurs\/lignes-directrices-pour-les-traitements-medicaux-mtg\/syndrome-de-stress-post-traumatique-et-syndrome-de-stress-aigu\/recommandations-de-traitement\/\" \/>\n<meta property=\"og:locale\" content=\"fr_FR\" \/>\n<meta property=\"og:type\" content=\"article\" \/>\n<meta property=\"og:title\" content=\"Recommandations de traitement | Best Hip &amp; Knee Surgeon | NY, USA\" \/>\n<meta property=\"og:description\" content=\"Interventions comportementales et psychologiques Pour toute intervention dans le domaine de la sant\u00e9 mentale, il est essentiel de proc\u00e9der \u00e0 une\" \/>\n<meta property=\"og:url\" content=\"https:\/\/www.newyorkhipknee.com\/fr\/indemnisation-des-travailleurs\/lignes-directrices-pour-les-traitements-medicaux-mtg\/syndrome-de-stress-post-traumatique-et-syndrome-de-stress-aigu\/recommandations-de-traitement\/\" \/>\n<meta property=\"og:site_name\" content=\"Best Hip &amp; Knee Surgeon | NY, USA\" \/>\n<meta name=\"twitter:card\" content=\"summary_large_image\" \/>\n<meta name=\"twitter:label1\" content=\"Dur\u00e9e de lecture estim\u00e9e\" \/>\n\t<meta name=\"twitter:data1\" content=\"4 minutes\" \/>\n<script type=\"application\/ld+json\" class=\"yoast-schema-graph\">{\"@context\":\"https:\/\/schema.org\",\"@graph\":[{\"@type\":[\"WebPage\",\"MedicalWebPage\"],\"@id\":\"https:\/\/www.newyorkhipknee.com\/fr\/indemnisation-des-travailleurs\/lignes-directrices-pour-les-traitements-medicaux-mtg\/syndrome-de-stress-post-traumatique-et-syndrome-de-stress-aigu\/recommandations-de-traitement\/\",\"url\":\"https:\/\/www.newyorkhipknee.com\/fr\/indemnisation-des-travailleurs\/lignes-directrices-pour-les-traitements-medicaux-mtg\/syndrome-de-stress-post-traumatique-et-syndrome-de-stress-aigu\/recommandations-de-traitement\/\",\"name\":\"Recommandations de traitement | Best Hip &amp; Knee Surgeon | NY, USA\",\"isPartOf\":{\"@id\":\"https:\/\/www.newyorkhipknee.com\/fr\/#website\"},\"datePublished\":\"2023-12-22T21:03:50+00:00\",\"description\":\"Interventions comportementales et psychologiques Pour toute intervention dans le domaine de la sant\u00e9 mentale, il est essentiel de proc\u00e9der \u00e0 une\",\"breadcrumb\":{\"@id\":\"https:\/\/www.newyorkhipknee.com\/fr\/indemnisation-des-travailleurs\/lignes-directrices-pour-les-traitements-medicaux-mtg\/syndrome-de-stress-post-traumatique-et-syndrome-de-stress-aigu\/recommandations-de-traitement\/#breadcrumb\"},\"inLanguage\":\"fr-FR\",\"potentialAction\":[{\"@type\":\"ReadAction\",\"target\":[\"https:\/\/www.newyorkhipknee.com\/fr\/indemnisation-des-travailleurs\/lignes-directrices-pour-les-traitements-medicaux-mtg\/syndrome-de-stress-post-traumatique-et-syndrome-de-stress-aigu\/recommandations-de-traitement\/\"]}]},{\"@type\":\"BreadcrumbList\",\"@id\":\"https:\/\/www.newyorkhipknee.com\/fr\/indemnisation-des-travailleurs\/lignes-directrices-pour-les-traitements-medicaux-mtg\/syndrome-de-stress-post-traumatique-et-syndrome-de-stress-aigu\/recommandations-de-traitement\/#breadcrumb\",\"itemListElement\":[{\"@type\":\"ListItem\",\"position\":1,\"name\":\"Home\",\"item\":\"https:\/\/www.newyorkhipknee.com\/fr\/\"},{\"@type\":\"ListItem\",\"position\":2,\"name\":\"Indemnisation des travailleurs\",\"item\":\"https:\/\/www.newyorkhipknee.com\/fr\/indemnisation-des-travailleurs\/\"},{\"@type\":\"ListItem\",\"position\":3,\"name\":\"Lignes directrices pour les traitements m\u00e9dicaux (MTG)\",\"item\":\"https:\/\/www.newyorkhipknee.com\/fr\/indemnisation-des-travailleurs\/lignes-directrices-pour-les-traitements-medicaux-mtg\/\"},{\"@type\":\"ListItem\",\"position\":4,\"name\":\"Syndrome de stress post-traumatique et syndrome de stress aigu\",\"item\":\"https:\/\/www.newyorkhipknee.com\/fr\/indemnisation-des-travailleurs\/lignes-directrices-pour-les-traitements-medicaux-mtg\/syndrome-de-stress-post-traumatique-et-syndrome-de-stress-aigu\/\"},{\"@type\":\"ListItem\",\"position\":5,\"name\":\"Recommandations de traitement\"}]},{\"@type\":\"WebSite\",\"@id\":\"https:\/\/www.newyorkhipknee.com\/fr\/#website\",\"url\":\"https:\/\/www.newyorkhipknee.com\/fr\/\",\"name\":\"Best Hip & Knee Surgeon | NY, USA\",\"description\":\"\",\"potentialAction\":[{\"@type\":\"SearchAction\",\"target\":{\"@type\":\"EntryPoint\",\"urlTemplate\":\"https:\/\/www.newyorkhipknee.com\/fr\/?s={search_term_string}\"},\"query-input\":{\"@type\":\"PropertyValueSpecification\",\"valueRequired\":true,\"valueName\":\"search_term_string\"}}],\"inLanguage\":\"fr-FR\"}]}<\/script>\n<!-- \/ Yoast SEO plugin. -->","yoast_head_json":{"title":"Recommandations de traitement | Best Hip &amp; Knee Surgeon | NY, USA","description":"Interventions comportementales et psychologiques Pour toute intervention dans le domaine de la sant\u00e9 mentale, il est essentiel de proc\u00e9der \u00e0 une","robots":{"index":"index","follow":"follow","max-snippet":"max-snippet:-1","max-image-preview":"max-image-preview:large","max-video-preview":"max-video-preview:-1"},"canonical":"https:\/\/www.newyorkhipknee.com\/fr\/indemnisation-des-travailleurs\/lignes-directrices-pour-les-traitements-medicaux-mtg\/syndrome-de-stress-post-traumatique-et-syndrome-de-stress-aigu\/recommandations-de-traitement\/","og_locale":"fr_FR","og_type":"article","og_title":"Recommandations de traitement | Best Hip &amp; Knee Surgeon | NY, USA","og_description":"Interventions comportementales et psychologiques Pour toute intervention dans le domaine de la sant\u00e9 mentale, il est essentiel de proc\u00e9der \u00e0 une","og_url":"https:\/\/www.newyorkhipknee.com\/fr\/indemnisation-des-travailleurs\/lignes-directrices-pour-les-traitements-medicaux-mtg\/syndrome-de-stress-post-traumatique-et-syndrome-de-stress-aigu\/recommandations-de-traitement\/","og_site_name":"Best Hip &amp; Knee Surgeon | NY, USA","twitter_card":"summary_large_image","twitter_misc":{"Dur\u00e9e de lecture estim\u00e9e":"4 minutes"},"schema":{"@context":"https:\/\/schema.org","@graph":[{"@type":["WebPage","MedicalWebPage"],"@id":"https:\/\/www.newyorkhipknee.com\/fr\/indemnisation-des-travailleurs\/lignes-directrices-pour-les-traitements-medicaux-mtg\/syndrome-de-stress-post-traumatique-et-syndrome-de-stress-aigu\/recommandations-de-traitement\/","url":"https:\/\/www.newyorkhipknee.com\/fr\/indemnisation-des-travailleurs\/lignes-directrices-pour-les-traitements-medicaux-mtg\/syndrome-de-stress-post-traumatique-et-syndrome-de-stress-aigu\/recommandations-de-traitement\/","name":"Recommandations de traitement | Best Hip &amp; Knee Surgeon | NY, USA","isPartOf":{"@id":"https:\/\/www.newyorkhipknee.com\/fr\/#website"},"datePublished":"2023-12-22T21:03:50+00:00","description":"Interventions comportementales et psychologiques Pour toute intervention dans le domaine de la sant\u00e9 mentale, il est essentiel de proc\u00e9der \u00e0 une","breadcrumb":{"@id":"https:\/\/www.newyorkhipknee.com\/fr\/indemnisation-des-travailleurs\/lignes-directrices-pour-les-traitements-medicaux-mtg\/syndrome-de-stress-post-traumatique-et-syndrome-de-stress-aigu\/recommandations-de-traitement\/#breadcrumb"},"inLanguage":"fr-FR","potentialAction":[{"@type":"ReadAction","target":["https:\/\/www.newyorkhipknee.com\/fr\/indemnisation-des-travailleurs\/lignes-directrices-pour-les-traitements-medicaux-mtg\/syndrome-de-stress-post-traumatique-et-syndrome-de-stress-aigu\/recommandations-de-traitement\/"]}]},{"@type":"BreadcrumbList","@id":"https:\/\/www.newyorkhipknee.com\/fr\/indemnisation-des-travailleurs\/lignes-directrices-pour-les-traitements-medicaux-mtg\/syndrome-de-stress-post-traumatique-et-syndrome-de-stress-aigu\/recommandations-de-traitement\/#breadcrumb","itemListElement":[{"@type":"ListItem","position":1,"name":"Home","item":"https:\/\/www.newyorkhipknee.com\/fr\/"},{"@type":"ListItem","position":2,"name":"Indemnisation des travailleurs","item":"https:\/\/www.newyorkhipknee.com\/fr\/indemnisation-des-travailleurs\/"},{"@type":"ListItem","position":3,"name":"Lignes directrices pour les traitements m\u00e9dicaux (MTG)","item":"https:\/\/www.newyorkhipknee.com\/fr\/indemnisation-des-travailleurs\/lignes-directrices-pour-les-traitements-medicaux-mtg\/"},{"@type":"ListItem","position":4,"name":"Syndrome de stress post-traumatique et syndrome de stress aigu","item":"https:\/\/www.newyorkhipknee.com\/fr\/indemnisation-des-travailleurs\/lignes-directrices-pour-les-traitements-medicaux-mtg\/syndrome-de-stress-post-traumatique-et-syndrome-de-stress-aigu\/"},{"@type":"ListItem","position":5,"name":"Recommandations de traitement"}]},{"@type":"WebSite","@id":"https:\/\/www.newyorkhipknee.com\/fr\/#website","url":"https:\/\/www.newyorkhipknee.com\/fr\/","name":"Best Hip & Knee Surgeon | NY, USA","description":"","potentialAction":[{"@type":"SearchAction","target":{"@type":"EntryPoint","urlTemplate":"https:\/\/www.newyorkhipknee.com\/fr\/?s={search_term_string}"},"query-input":{"@type":"PropertyValueSpecification","valueRequired":true,"valueName":"search_term_string"}}],"inLanguage":"fr-FR"}]}},"_links":{"self":[{"href":"https:\/\/www.newyorkhipknee.com\/fr\/wp-json\/wp\/v2\/pages\/21330","targetHints":{"allow":["GET"]}}],"collection":[{"href":"https:\/\/www.newyorkhipknee.com\/fr\/wp-json\/wp\/v2\/pages"}],"about":[{"href":"https:\/\/www.newyorkhipknee.com\/fr\/wp-json\/wp\/v2\/types\/page"}],"author":[{"embeddable":true,"href":"https:\/\/www.newyorkhipknee.com\/fr\/wp-json\/wp\/v2\/users\/33"}],"replies":[{"embeddable":true,"href":"https:\/\/www.newyorkhipknee.com\/fr\/wp-json\/wp\/v2\/comments?post=21330"}],"version-history":[{"count":0,"href":"https:\/\/www.newyorkhipknee.com\/fr\/wp-json\/wp\/v2\/pages\/21330\/revisions"}],"up":[{"embeddable":true,"href":"https:\/\/www.newyorkhipknee.com\/fr\/wp-json\/wp\/v2\/pages\/21163"}],"wp:attachment":[{"href":"https:\/\/www.newyorkhipknee.com\/fr\/wp-json\/wp\/v2\/media?parent=21330"}],"curies":[{"name":"wp","href":"https:\/\/api.w.org\/{rel}","templated":true}]}}