{"id":21334,"date":"2023-12-29T13:26:34","date_gmt":"2023-12-29T18:26:34","guid":{"rendered":"https:\/\/newyorkhipknee.com\/lesions-cerebrales-traumatiques\/evaluation-initiale\/"},"modified":"2023-12-29T13:26:34","modified_gmt":"2023-12-29T18:26:34","slug":"evaluation-initiale","status":"publish","type":"page","link":"https:\/\/www.newyorkhipknee.com\/fr\/indemnisation-des-travailleurs\/lignes-directrices-pour-les-traitements-medicaux-mtg\/lesions-cerebrales-traumatiques\/evaluation-initiale\/","title":{"rendered":"\u00c9valuation initiale"},"content":{"rendered":"<p><strong>Cartographier le terrain : R\u00e9v\u00e9ler l&rsquo;\u00e9valuation initiale des l\u00e9sions c\u00e9r\u00e9brales traumatiques li\u00e9es au travail (TBI)<\/strong><\/p>\n<p>L&rsquo;\u00e9valuation d&rsquo;un patient pr\u00e9sentant une l\u00e9sion c\u00e9r\u00e9brale traumatique (TCC) potentiellement li\u00e9e au travail n\u00e9cessite un parcours m\u00e9ticuleux de ses ant\u00e9c\u00e9dents et une exploration cibl\u00e9e lors de l&rsquo;examen physique.<\/p>\n<p><strong>  Drapeaux rouges : Naviguer dans le paysage<\/strong><\/p>\n<p>L&rsquo;\u00e9valuation, qui s&rsquo;appuie \u00e0 la fois sur des donn\u00e9es historiques et sur les nuances d\u00e9couvertes lors de l&rsquo;examen physique, vise \u00e0 d\u00e9celer les \u00ab\u00a0signaux d&rsquo;alerte\u00a0\u00bb. Ces drapeaux servent de balises, signalant des indications potentielles d&rsquo;affections m\u00e9dicales, neurologiques (englobant les domaines du cerveau, de la moelle \u00e9pini\u00e8re et des nerfs p\u00e9riph\u00e9riques) et orthop\u00e9diques sous-jacentes. Une exploration compl\u00e8te de ces signaux d&rsquo;alarme est minutieusement d\u00e9taill\u00e9e dans le tableau 2, offrant un guide structur\u00e9 pour discerner les dimensions \u00e0 multiples facettes qui peuvent se trouver sous la surface des probl\u00e8mes de TBI li\u00e9s au travail.<\/p>\n<p>&nbsp;<\/p>\n<p><img loading=\"lazy\" decoding=\"async\" class=\"alignnone wp-image-20716\" title=\"Capture d'\u00e9cran 2023-12-29 121937\" src=\"https:\/\/newyorkhipknee.com\/wp-content\/uploads\/2023\/12\/Screenshot-2023-12-29-121937.png\" alt=\"\" width=\"637\" height=\"499\" srcset=\"https:\/\/newyorkhipknee.com\/wp-content\/uploads\/2023\/12\/Screenshot-2023-12-29-121937.png 637w, https:\/\/newyorkhipknee.com\/wp-content\/uploads\/2023\/12\/Screenshot-2023-12-29-121937-480x376.png 480w\" sizes=\"(min-width: 0px) and (max-width: 480px) 480px, (min-width: 481px) 637px, 100vw\" \/><\/p>\n","protected":false},"excerpt":{"rendered":"<p>Cartographier le terrain : R\u00e9v\u00e9ler l&rsquo;\u00e9valuation initiale des l\u00e9sions c\u00e9r\u00e9brales traumatiques li\u00e9es au travail (TBI) L&rsquo;\u00e9valuation d&rsquo;un patient pr\u00e9sentant une l\u00e9sion c\u00e9r\u00e9brale traumatique (TCC) potentiellement li\u00e9e au travail n\u00e9cessite un parcours m\u00e9ticuleux de ses ant\u00e9c\u00e9dents et une exploration cibl\u00e9e lors de l&rsquo;examen physique. Drapeaux rouges : Naviguer dans le paysage L&rsquo;\u00e9valuation, qui s&rsquo;appuie \u00e0 la [&hellip;]<\/p>\n","protected":false},"author":33,"featured_media":0,"parent":21166,"menu_order":0,"comment_status":"closed","ping_status":"closed","template":"","meta":{"_et_pb_use_builder":"","_et_pb_old_content":"","_et_gb_content_width":"","footnotes":""},"class_list":["post-21334","page","type-page","status-publish","hentry"],"yoast_head":"<!-- This site is optimized with the Yoast SEO plugin v27.2 - https:\/\/yoast.com\/product\/yoast-seo-wordpress\/ -->\n<title>\u00c9valuation initiale | Best Hip &amp; Knee Surgeon | NY, USA<\/title>\n<meta name=\"description\" content=\"Cartographier le terrain : R\u00e9v\u00e9ler l&#039;\u00e9valuation initiale des l\u00e9sions c\u00e9r\u00e9brales traumatiques li\u00e9es au travail (TBI) L&#039;\u00e9valuation d&#039;un patient pr\u00e9sentant\" \/>\n<meta name=\"robots\" content=\"index, follow, max-snippet:-1, max-image-preview:large, max-video-preview:-1\" \/>\n<link rel=\"canonical\" href=\"https:\/\/www.newyorkhipknee.com\/fr\/indemnisation-des-travailleurs\/lignes-directrices-pour-les-traitements-medicaux-mtg\/lesions-cerebrales-traumatiques\/evaluation-initiale\/\" \/>\n<meta property=\"og:locale\" content=\"fr_FR\" \/>\n<meta property=\"og:type\" content=\"article\" \/>\n<meta property=\"og:title\" content=\"\u00c9valuation initiale | Best Hip &amp; Knee Surgeon | NY, USA\" \/>\n<meta property=\"og:description\" content=\"Cartographier le terrain : R\u00e9v\u00e9ler l&#039;\u00e9valuation initiale des l\u00e9sions c\u00e9r\u00e9brales traumatiques li\u00e9es au travail (TBI) L&#039;\u00e9valuation d&#039;un patient pr\u00e9sentant\" \/>\n<meta property=\"og:url\" content=\"https:\/\/www.newyorkhipknee.com\/fr\/indemnisation-des-travailleurs\/lignes-directrices-pour-les-traitements-medicaux-mtg\/lesions-cerebrales-traumatiques\/evaluation-initiale\/\" \/>\n<meta property=\"og:site_name\" content=\"Best Hip &amp; Knee Surgeon | NY, USA\" \/>\n<meta property=\"og:image\" content=\"https:\/\/newyorkhipknee.com\/wp-content\/uploads\/2023\/12\/Screenshot-2023-12-29-121937.png\" \/>\n<meta name=\"twitter:card\" content=\"summary_large_image\" \/>\n<meta name=\"twitter:label1\" content=\"Dur\u00e9e de lecture estim\u00e9e\" \/>\n\t<meta name=\"twitter:data1\" content=\"1 minute\" \/>\n<script type=\"application\/ld+json\" class=\"yoast-schema-graph\">{\"@context\":\"https:\/\/schema.org\",\"@graph\":[{\"@type\":[\"WebPage\",\"MedicalWebPage\"],\"@id\":\"https:\/\/www.newyorkhipknee.com\/fr\/indemnisation-des-travailleurs\/lignes-directrices-pour-les-traitements-medicaux-mtg\/lesions-cerebrales-traumatiques\/evaluation-initiale\/\",\"url\":\"https:\/\/www.newyorkhipknee.com\/fr\/indemnisation-des-travailleurs\/lignes-directrices-pour-les-traitements-medicaux-mtg\/lesions-cerebrales-traumatiques\/evaluation-initiale\/\",\"name\":\"\u00c9valuation initiale | Best Hip &amp; Knee Surgeon | NY, USA\",\"isPartOf\":{\"@id\":\"https:\/\/www.newyorkhipknee.com\/fr\/#website\"},\"primaryImageOfPage\":{\"@id\":\"https:\/\/www.newyorkhipknee.com\/fr\/indemnisation-des-travailleurs\/lignes-directrices-pour-les-traitements-medicaux-mtg\/lesions-cerebrales-traumatiques\/evaluation-initiale\/#primaryimage\"},\"image\":{\"@id\":\"https:\/\/www.newyorkhipknee.com\/fr\/indemnisation-des-travailleurs\/lignes-directrices-pour-les-traitements-medicaux-mtg\/lesions-cerebrales-traumatiques\/evaluation-initiale\/#primaryimage\"},\"thumbnailUrl\":\"https:\/\/newyorkhipknee.com\/wp-content\/uploads\/2023\/12\/Screenshot-2023-12-29-121937.png\",\"datePublished\":\"2023-12-29T18:26:34+00:00\",\"description\":\"Cartographier le terrain : R\u00e9v\u00e9ler l'\u00e9valuation initiale des l\u00e9sions c\u00e9r\u00e9brales traumatiques li\u00e9es au travail (TBI) L'\u00e9valuation d'un patient pr\u00e9sentant\",\"breadcrumb\":{\"@id\":\"https:\/\/www.newyorkhipknee.com\/fr\/indemnisation-des-travailleurs\/lignes-directrices-pour-les-traitements-medicaux-mtg\/lesions-cerebrales-traumatiques\/evaluation-initiale\/#breadcrumb\"},\"inLanguage\":\"fr-FR\",\"potentialAction\":[{\"@type\":\"ReadAction\",\"target\":[\"https:\/\/www.newyorkhipknee.com\/fr\/indemnisation-des-travailleurs\/lignes-directrices-pour-les-traitements-medicaux-mtg\/lesions-cerebrales-traumatiques\/evaluation-initiale\/\"]}]},{\"@type\":\"ImageObject\",\"inLanguage\":\"fr-FR\",\"@id\":\"https:\/\/www.newyorkhipknee.com\/fr\/indemnisation-des-travailleurs\/lignes-directrices-pour-les-traitements-medicaux-mtg\/lesions-cerebrales-traumatiques\/evaluation-initiale\/#primaryimage\",\"url\":\"https:\/\/newyorkhipknee.com\/wp-content\/uploads\/2023\/12\/Screenshot-2023-12-29-121937.png\",\"contentUrl\":\"https:\/\/newyorkhipknee.com\/wp-content\/uploads\/2023\/12\/Screenshot-2023-12-29-121937.png\"},{\"@type\":\"BreadcrumbList\",\"@id\":\"https:\/\/www.newyorkhipknee.com\/fr\/indemnisation-des-travailleurs\/lignes-directrices-pour-les-traitements-medicaux-mtg\/lesions-cerebrales-traumatiques\/evaluation-initiale\/#breadcrumb\",\"itemListElement\":[{\"@type\":\"ListItem\",\"position\":1,\"name\":\"Home\",\"item\":\"https:\/\/www.newyorkhipknee.com\/fr\/\"},{\"@type\":\"ListItem\",\"position\":2,\"name\":\"Indemnisation des travailleurs\",\"item\":\"https:\/\/www.newyorkhipknee.com\/fr\/indemnisation-des-travailleurs\/\"},{\"@type\":\"ListItem\",\"position\":3,\"name\":\"Lignes directrices pour les traitements m\u00e9dicaux (MTG)\",\"item\":\"https:\/\/www.newyorkhipknee.com\/fr\/indemnisation-des-travailleurs\/lignes-directrices-pour-les-traitements-medicaux-mtg\/\"},{\"@type\":\"ListItem\",\"position\":4,\"name\":\"L\u00e9sions c\u00e9r\u00e9brales traumatiques\",\"item\":\"https:\/\/www.newyorkhipknee.com\/fr\/indemnisation-des-travailleurs\/lignes-directrices-pour-les-traitements-medicaux-mtg\/lesions-cerebrales-traumatiques\/\"},{\"@type\":\"ListItem\",\"position\":5,\"name\":\"\u00c9valuation initiale\"}]},{\"@type\":\"WebSite\",\"@id\":\"https:\/\/www.newyorkhipknee.com\/fr\/#website\",\"url\":\"https:\/\/www.newyorkhipknee.com\/fr\/\",\"name\":\"Best Hip & Knee Surgeon | NY, USA\",\"description\":\"\",\"potentialAction\":[{\"@type\":\"SearchAction\",\"target\":{\"@type\":\"EntryPoint\",\"urlTemplate\":\"https:\/\/www.newyorkhipknee.com\/fr\/?s={search_term_string}\"},\"query-input\":{\"@type\":\"PropertyValueSpecification\",\"valueRequired\":true,\"valueName\":\"search_term_string\"}}],\"inLanguage\":\"fr-FR\"}]}<\/script>\n<!-- \/ Yoast SEO plugin. -->","yoast_head_json":{"title":"\u00c9valuation initiale | Best Hip &amp; Knee Surgeon | NY, USA","description":"Cartographier le terrain : R\u00e9v\u00e9ler l'\u00e9valuation initiale des l\u00e9sions c\u00e9r\u00e9brales traumatiques li\u00e9es au travail (TBI) L'\u00e9valuation d'un patient pr\u00e9sentant","robots":{"index":"index","follow":"follow","max-snippet":"max-snippet:-1","max-image-preview":"max-image-preview:large","max-video-preview":"max-video-preview:-1"},"canonical":"https:\/\/www.newyorkhipknee.com\/fr\/indemnisation-des-travailleurs\/lignes-directrices-pour-les-traitements-medicaux-mtg\/lesions-cerebrales-traumatiques\/evaluation-initiale\/","og_locale":"fr_FR","og_type":"article","og_title":"\u00c9valuation initiale | Best Hip &amp; Knee Surgeon | NY, USA","og_description":"Cartographier le terrain : R\u00e9v\u00e9ler l'\u00e9valuation initiale des l\u00e9sions c\u00e9r\u00e9brales traumatiques li\u00e9es au travail (TBI) L'\u00e9valuation d'un patient pr\u00e9sentant","og_url":"https:\/\/www.newyorkhipknee.com\/fr\/indemnisation-des-travailleurs\/lignes-directrices-pour-les-traitements-medicaux-mtg\/lesions-cerebrales-traumatiques\/evaluation-initiale\/","og_site_name":"Best Hip &amp; Knee Surgeon | NY, USA","og_image":[{"url":"https:\/\/newyorkhipknee.com\/wp-content\/uploads\/2023\/12\/Screenshot-2023-12-29-121937.png","type":"","width":"","height":""}],"twitter_card":"summary_large_image","twitter_misc":{"Dur\u00e9e de lecture estim\u00e9e":"1 minute"},"schema":{"@context":"https:\/\/schema.org","@graph":[{"@type":["WebPage","MedicalWebPage"],"@id":"https:\/\/www.newyorkhipknee.com\/fr\/indemnisation-des-travailleurs\/lignes-directrices-pour-les-traitements-medicaux-mtg\/lesions-cerebrales-traumatiques\/evaluation-initiale\/","url":"https:\/\/www.newyorkhipknee.com\/fr\/indemnisation-des-travailleurs\/lignes-directrices-pour-les-traitements-medicaux-mtg\/lesions-cerebrales-traumatiques\/evaluation-initiale\/","name":"\u00c9valuation initiale | Best Hip &amp; Knee Surgeon | NY, USA","isPartOf":{"@id":"https:\/\/www.newyorkhipknee.com\/fr\/#website"},"primaryImageOfPage":{"@id":"https:\/\/www.newyorkhipknee.com\/fr\/indemnisation-des-travailleurs\/lignes-directrices-pour-les-traitements-medicaux-mtg\/lesions-cerebrales-traumatiques\/evaluation-initiale\/#primaryimage"},"image":{"@id":"https:\/\/www.newyorkhipknee.com\/fr\/indemnisation-des-travailleurs\/lignes-directrices-pour-les-traitements-medicaux-mtg\/lesions-cerebrales-traumatiques\/evaluation-initiale\/#primaryimage"},"thumbnailUrl":"https:\/\/newyorkhipknee.com\/wp-content\/uploads\/2023\/12\/Screenshot-2023-12-29-121937.png","datePublished":"2023-12-29T18:26:34+00:00","description":"Cartographier le terrain : R\u00e9v\u00e9ler l'\u00e9valuation initiale des l\u00e9sions c\u00e9r\u00e9brales traumatiques li\u00e9es au travail (TBI) L'\u00e9valuation d'un patient pr\u00e9sentant","breadcrumb":{"@id":"https:\/\/www.newyorkhipknee.com\/fr\/indemnisation-des-travailleurs\/lignes-directrices-pour-les-traitements-medicaux-mtg\/lesions-cerebrales-traumatiques\/evaluation-initiale\/#breadcrumb"},"inLanguage":"fr-FR","potentialAction":[{"@type":"ReadAction","target":["https:\/\/www.newyorkhipknee.com\/fr\/indemnisation-des-travailleurs\/lignes-directrices-pour-les-traitements-medicaux-mtg\/lesions-cerebrales-traumatiques\/evaluation-initiale\/"]}]},{"@type":"ImageObject","inLanguage":"fr-FR","@id":"https:\/\/www.newyorkhipknee.com\/fr\/indemnisation-des-travailleurs\/lignes-directrices-pour-les-traitements-medicaux-mtg\/lesions-cerebrales-traumatiques\/evaluation-initiale\/#primaryimage","url":"https:\/\/newyorkhipknee.com\/wp-content\/uploads\/2023\/12\/Screenshot-2023-12-29-121937.png","contentUrl":"https:\/\/newyorkhipknee.com\/wp-content\/uploads\/2023\/12\/Screenshot-2023-12-29-121937.png"},{"@type":"BreadcrumbList","@id":"https:\/\/www.newyorkhipknee.com\/fr\/indemnisation-des-travailleurs\/lignes-directrices-pour-les-traitements-medicaux-mtg\/lesions-cerebrales-traumatiques\/evaluation-initiale\/#breadcrumb","itemListElement":[{"@type":"ListItem","position":1,"name":"Home","item":"https:\/\/www.newyorkhipknee.com\/fr\/"},{"@type":"ListItem","position":2,"name":"Indemnisation des travailleurs","item":"https:\/\/www.newyorkhipknee.com\/fr\/indemnisation-des-travailleurs\/"},{"@type":"ListItem","position":3,"name":"Lignes directrices pour les traitements m\u00e9dicaux (MTG)","item":"https:\/\/www.newyorkhipknee.com\/fr\/indemnisation-des-travailleurs\/lignes-directrices-pour-les-traitements-medicaux-mtg\/"},{"@type":"ListItem","position":4,"name":"L\u00e9sions c\u00e9r\u00e9brales traumatiques","item":"https:\/\/www.newyorkhipknee.com\/fr\/indemnisation-des-travailleurs\/lignes-directrices-pour-les-traitements-medicaux-mtg\/lesions-cerebrales-traumatiques\/"},{"@type":"ListItem","position":5,"name":"\u00c9valuation initiale"}]},{"@type":"WebSite","@id":"https:\/\/www.newyorkhipknee.com\/fr\/#website","url":"https:\/\/www.newyorkhipknee.com\/fr\/","name":"Best Hip & Knee Surgeon | NY, USA","description":"","potentialAction":[{"@type":"SearchAction","target":{"@type":"EntryPoint","urlTemplate":"https:\/\/www.newyorkhipknee.com\/fr\/?s={search_term_string}"},"query-input":{"@type":"PropertyValueSpecification","valueRequired":true,"valueName":"search_term_string"}}],"inLanguage":"fr-FR"}]}},"_links":{"self":[{"href":"https:\/\/www.newyorkhipknee.com\/fr\/wp-json\/wp\/v2\/pages\/21334","targetHints":{"allow":["GET"]}}],"collection":[{"href":"https:\/\/www.newyorkhipknee.com\/fr\/wp-json\/wp\/v2\/pages"}],"about":[{"href":"https:\/\/www.newyorkhipknee.com\/fr\/wp-json\/wp\/v2\/types\/page"}],"author":[{"embeddable":true,"href":"https:\/\/www.newyorkhipknee.com\/fr\/wp-json\/wp\/v2\/users\/33"}],"replies":[{"embeddable":true,"href":"https:\/\/www.newyorkhipknee.com\/fr\/wp-json\/wp\/v2\/comments?post=21334"}],"version-history":[{"count":0,"href":"https:\/\/www.newyorkhipknee.com\/fr\/wp-json\/wp\/v2\/pages\/21334\/revisions"}],"up":[{"embeddable":true,"href":"https:\/\/www.newyorkhipknee.com\/fr\/wp-json\/wp\/v2\/pages\/21166"}],"wp:attachment":[{"href":"https:\/\/www.newyorkhipknee.com\/fr\/wp-json\/wp\/v2\/media?parent=21334"}],"curies":[{"name":"wp","href":"https:\/\/api.w.org\/{rel}","templated":true}]}}