{"id":21336,"date":"2023-12-29T14:41:17","date_gmt":"2023-12-29T19:41:17","guid":{"rendered":"https:\/\/newyorkhipknee.com\/lesions-cerebrales-traumatiques\/neuro-otologie-evaluation-vestibulaire-et-audiologique\/"},"modified":"2023-12-29T14:41:17","modified_gmt":"2023-12-29T19:41:17","slug":"neuro-otologie-evaluation-vestibulaire-et-audiologique","status":"publish","type":"page","link":"https:\/\/www.newyorkhipknee.com\/fr\/indemnisation-des-travailleurs\/lignes-directrices-pour-les-traitements-medicaux-mtg\/lesions-cerebrales-traumatiques\/neuro-otologie-evaluation-vestibulaire-et-audiologique\/","title":{"rendered":"Neuro-Otologie : \u00c9valuation vestibulaire et audiologique"},"content":{"rendered":"<p><strong>\u00c9valuation vestibulaire et auditive chez les patients souffrant d&rsquo;un traumatisme cr\u00e2nien : Recommandations<\/strong><\/p>\n<p>Les patients souffrant d&rsquo;un traumatisme cr\u00e2nien pr\u00e9sentent souvent un dysfonctionnement vestibulaire et audiologique, qui se manifeste par des sympt\u00f4mes tels qu&rsquo;une perte d&rsquo;audition, des vertiges et des troubles de l&rsquo;\u00e9quilibre. Une \u00e9valuation compl\u00e8te, comprenant des examens cliniques et neurotologiques, est cruciale. Les tests diagnostiques visant \u00e0 d\u00e9celer une pathologie significative peuvent comprendre l&rsquo;audiom\u00e9trie, la tympanom\u00e9trie et des tests de la fonction vestibulaire tels que l&rsquo;ENG\/VNG et le test de la chaise tournante, en fonction des indications cliniques. Certains tests peuvent n\u00e9cessiter d&rsquo;\u00eatre r\u00e9p\u00e9t\u00e9s pour obtenir un diagnostic plus clair et un plan de traitement efficace.<\/p>\n<p><strong>\u00c9valuation auditive chez les patients souffrant d&rsquo;un traumatisme cr\u00e2nien : Recommandations<\/strong><\/p>\n<p>Pour les patients pr\u00e9sentant une perte auditive, des acouph\u00e8nes ou des troubles de l&rsquo;\u00e9quilibre, l&rsquo;audiom\u00e9trie est recommand\u00e9e, en particulier si le traumatisme cr\u00e2nien a \u00e9t\u00e9 caus\u00e9 par une explosion. Il est conseill\u00e9 de proc\u00e9der \u00e0 un d\u00e9pistage audiom\u00e9trique chez tous les patients souffrant d&rsquo;un traumatisme cr\u00e2nien en raison de son faible seuil. Cette \u00e9valuation a pour but d&rsquo;identifier et de quantifier les d\u00e9ficits auditifs, de d\u00e9terminer le type de perte auditive et d&rsquo;\u00e9valuer la possibilit\u00e9 d&rsquo;une correction par des aides auditives. Une mesure de r\u00e9f\u00e9rence est recommand\u00e9e et une deuxi\u00e8me \u00e9valuation \u00e0 la fin de la p\u00e9riode de gu\u00e9rison peut s&rsquo;av\u00e9rer n\u00e9cessaire.<\/p>\n<p><strong>Tympanom\u00e9trie :<\/strong><\/p>\n<p>La tympanom\u00e9trie est recommand\u00e9e pour certains patients souffrant de perte auditive, d&rsquo;acouph\u00e8nes ou de troubles de l&rsquo;\u00e9quilibre. Cette proc\u00e9dure mesure la pression dans l&rsquo;oreille moyenne et permet d&rsquo;identifier des pathologies telles que les perforations de la membrane tympanique, les anomalies ossiculaires, les perturbations et la pr\u00e9sence de liquide dans l&rsquo;oreille moyenne \u00e0 la suite d&rsquo;un traumatisme cr\u00e2nien.<\/p>\n<p><strong>R\u00e9ponse \u00e9voqu\u00e9e auditive du tronc c\u00e9r\u00e9bral (BAER) :<\/strong><\/p>\n<p>Le BAER est recommand\u00e9 pour certains patients souffrant d&rsquo;un traumatisme cr\u00e2nien grave lorsque les m\u00e9thodes courantes telles que les tests au chevet du patient ou l&rsquo;audiom\u00e9trie ne sont pas r\u00e9alisables. Ce test, qui peut \u00eatre utilis\u00e9 au d\u00e9part, permet d&rsquo;\u00e9valuer le syst\u00e8me auditif. Si les anomalies persistent et emp\u00eachent l&rsquo;utilisation d&rsquo;autres m\u00e9thodes d&rsquo;examen, il est jug\u00e9 raisonnable de proc\u00e9der \u00e0 un examen de suivi avec le BAER.<\/p>\n<p><strong>Test de la fonction vestibulaire :<\/strong><\/p>\n<p>Les tests de la fonction vestibulaire servent \u00e0 d\u00e9finir la gravit\u00e9, les causes sous-jacentes potentielles et les r\u00e9sultats attendus des vertiges et des troubles de l&rsquo;\u00e9quilibre d&rsquo;un individu. Ce test peut \u00eatre utile pour \u00e9valuer et g\u00e9rer le dysfonctionnement vestibulaire chez les patients souffrant d&rsquo;un traumatisme cr\u00e2nien.<\/p>\n<p><strong>Test de la chaise rotative :<\/strong> Recommand\u00e9 pour certains patients afin d&rsquo;\u00e9valuer l&rsquo;impact vestibulaire du traumatisme cr\u00e2nien. Le test de la chaise rotative \u00e9value le fonctionnement vestibulaire et oculomoteur, en particulier les vertiges et les probl\u00e8mes d&rsquo;\u00e9quilibre associ\u00e9s aux traumatismes cr\u00e2niens. Cette \u00e9valuation est g\u00e9n\u00e9ralement r\u00e9alis\u00e9e une seule fois.<\/p>\n<p><strong>\u00c9lectro- ou vid\u00e9onystagmographie (ENG\/VNG) :<\/strong> Recommand\u00e9e pour certains patients afin d&rsquo;\u00e9valuer le d\u00e9s\u00e9quilibre et les vertiges li\u00e9s au traumatisme cr\u00e2nien. L&rsquo;ENG\/VNG mesure la fonction de l&rsquo;oreille interne et de l&rsquo;\u00e9quilibre central, fournissant des informations pr\u00e9cieuses pour les patients n\u00e9cessitant une \u00e9valuation diagnostique suppl\u00e9mentaire de la fonction vestibulaire. Le test mesure les r\u00e9actions des mouvements oculaires \u00e0 la stimulation de l&rsquo;\u00e9quilibre de l&rsquo;oreille interne, en utilisant le r\u00e9flexe vestibulo-oculaire. Cette \u00e9valuation est g\u00e9n\u00e9ralement r\u00e9alis\u00e9e une seule fois.<\/p>\n<p>&nbsp;<\/p>\n<div class=\"flex-1 overflow-hidden\">\n<div class=\"react-scroll-to-bottom--css-wfvyv-79elbk h-full\">\n<div class=\"react-scroll-to-bottom--css-wfvyv-1n7m0yu\">\n<div class=\"flex flex-col pb-9 text-sm\">\n<div class=\"w-full text-token-text-primary\" data-testid=\"conversation-turn-149\">\n<div class=\"px-4 py-2 justify-center text-base md:gap-6 m-auto\">\n<div class=\"flex flex-1 text-base mx-auto gap-3 md:px-5 lg:px-1 xl:px-5 md:max-w-3xl lg:max-w-[40rem] xl:max-w-[48rem] group final-completion\">\n<div class=\"relative flex w-full flex-col lg:w-[calc(100%-115px)] agent-turn\">\n<div class=\"flex-col gap-1 md:gap-3\">\n<div class=\"flex flex-grow flex-col max-w-full\">\n<div class=\"min-h-[20px] text-message flex flex-col items-start gap-3 whitespace-pre-wrap break-words [.text-message+&amp;]:mt-5 overflow-x-auto\" data-message-author-role=\"assistant\" data-message-id=\"2dae4495-46f2-466a-9501-62d27bc4a319\">\n<div class=\"markdown prose w-full break-words dark:prose-invert dark\">\n<p><strong>\u00c9tudes de la d\u00e9glutition chez les patients souffrant d&rsquo;un traumatisme cr\u00e2nien : Principales recommandations<\/strong><\/p>\n<p><strong>\u00c9tudes de la d\u00e9glutition :<\/strong> Recommand\u00e9 pour certains patients pr\u00e9sentant des difficult\u00e9s de d\u00e9glutition ou d&rsquo;autres sympt\u00f4mes li\u00e9s \u00e0 la d\u00e9glutition. Les troubles de la d\u00e9glutition (dysphagie) sont fr\u00e9quents chez certains patients souffrant d&rsquo;un traumatisme cr\u00e2nien grave et sont souvent attribu\u00e9s \u00e0 des facteurs tels qu&rsquo;une intubation prolong\u00e9e, une trach\u00e9otomie, le traumatisme lui-m\u00eame, les m\u00e9dicaments ou l&rsquo;affaiblissement des muscles de la d\u00e9glutition en raison d&rsquo;un manque d&rsquo;utilisation. Ces patients peuvent avoir besoin d&rsquo;examens pour \u00e9valuer la fonction de d\u00e9glutition, identifier l&rsquo;\u00e9tendue du dysfonctionnement et d\u00e9terminer l&rsquo;ad\u00e9quation de la protection des voies respiratoires. Diff\u00e9rents tests sont disponibles, mais ils visent tous \u00e0 \u00e9valuer la capacit\u00e9 du patient \u00e0 avaler. Le seuil \u00e0 partir duquel une \u00e9tude de la d\u00e9glutition s&rsquo;impose est bas, en particulier chez les personnes ayant subi une intubation prolong\u00e9e, une trach\u00e9otomie, des difficult\u00e9s \u00e0 avaler ou des signes de b\u00e2illonnement ou d&rsquo;aspiration.<\/p>\n<\/div>\n<\/div>\n<\/div>\n<div class=\"mt-1 flex justify-start gap-3 empty:hidden\">\n<div class=\"text-gray-400 flex self-end lg:self-center justify-center lg:justify-start mt-0 gap-1 visible\"><button class=\"flex items-center gap-1.5 rounded-md p-1 pl-0 text-xs hover:text-gray-950 dark:text-gray-400 dark:hover:text-gray-200 disabled:dark:hover:text-gray-400 md:invisible md:group-hover:visible md:group-[.final-completion]:visible\"><\/button><\/p>\n<div class=\"flex gap-1\"><\/div>\n<div class=\"flex items-center gap-1.5 text-xs\"><\/div>\n<\/div>\n<\/div>\n<\/div>\n<\/div>\n<\/div>\n<\/div>\n<\/div>\n<\/div>\n<\/div>\n<\/div>\n<\/div>\n<div class=\"w-full pt-2 md:pt-0 dark:border-white\/20 md:border-transparent md:dark:border-transparent md:w-[calc(100%-.5rem)]\">\n<form class=\"stretch mx-2 flex flex-row gap-3 last:mb-2 md:mx-4 md:last:mb-6 lg:mx-auto lg:max-w-2xl xl:max-w-3xl\">\n<div class=\"relative flex h-full flex-1 items-stretch md:flex-col\">\n<div class=\"flex w-full items-center\"><\/div>\n<\/div>\n<\/form>\n<\/div>\n","protected":false},"excerpt":{"rendered":"<p>\u00c9valuation vestibulaire et auditive chez les patients souffrant d&rsquo;un traumatisme cr\u00e2nien : Recommandations Les patients souffrant d&rsquo;un traumatisme cr\u00e2nien pr\u00e9sentent souvent un dysfonctionnement vestibulaire et audiologique, qui se manifeste par des sympt\u00f4mes tels qu&rsquo;une perte d&rsquo;audition, des vertiges et des troubles de l&rsquo;\u00e9quilibre. Une \u00e9valuation compl\u00e8te, comprenant des examens cliniques et neurotologiques, est cruciale. Les [&hellip;]<\/p>\n","protected":false},"author":33,"featured_media":0,"parent":21166,"menu_order":0,"comment_status":"closed","ping_status":"closed","template":"","meta":{"_et_pb_use_builder":"","_et_pb_old_content":"","_et_gb_content_width":"","footnotes":""},"class_list":["post-21336","page","type-page","status-publish","hentry"],"yoast_head":"<!-- This site is optimized with the Yoast SEO plugin v27.2 - https:\/\/yoast.com\/product\/yoast-seo-wordpress\/ -->\n<title>Neuro-Otologie : \u00c9valuation vestibulaire et audiologique | Best Hip &amp; Knee Surgeon | NY, USA<\/title>\n<meta name=\"description\" content=\"\u00c9valuation vestibulaire et auditive chez les patients souffrant d&#039;un traumatisme cr\u00e2nien : Recommandations Les patients souffrant d&#039;un traumatisme cr\u00e2nien\" \/>\n<meta name=\"robots\" content=\"index, follow, max-snippet:-1, max-image-preview:large, max-video-preview:-1\" \/>\n<link rel=\"canonical\" href=\"https:\/\/www.newyorkhipknee.com\/fr\/indemnisation-des-travailleurs\/lignes-directrices-pour-les-traitements-medicaux-mtg\/lesions-cerebrales-traumatiques\/neuro-otologie-evaluation-vestibulaire-et-audiologique\/\" \/>\n<meta property=\"og:locale\" content=\"fr_FR\" \/>\n<meta property=\"og:type\" content=\"article\" \/>\n<meta property=\"og:title\" content=\"Neuro-Otologie : \u00c9valuation vestibulaire et audiologique | Best Hip &amp; Knee Surgeon | NY, USA\" \/>\n<meta property=\"og:description\" content=\"\u00c9valuation vestibulaire et auditive chez les patients souffrant d&#039;un traumatisme cr\u00e2nien : Recommandations Les patients souffrant d&#039;un traumatisme cr\u00e2nien\" \/>\n<meta property=\"og:url\" content=\"https:\/\/www.newyorkhipknee.com\/fr\/indemnisation-des-travailleurs\/lignes-directrices-pour-les-traitements-medicaux-mtg\/lesions-cerebrales-traumatiques\/neuro-otologie-evaluation-vestibulaire-et-audiologique\/\" \/>\n<meta property=\"og:site_name\" content=\"Best Hip &amp; Knee Surgeon | NY, USA\" \/>\n<meta name=\"twitter:card\" content=\"summary_large_image\" \/>\n<meta name=\"twitter:label1\" content=\"Dur\u00e9e de lecture estim\u00e9e\" \/>\n\t<meta name=\"twitter:data1\" content=\"4 minutes\" \/>\n<script type=\"application\/ld+json\" class=\"yoast-schema-graph\">{\"@context\":\"https:\/\/schema.org\",\"@graph\":[{\"@type\":[\"WebPage\",\"MedicalWebPage\"],\"@id\":\"https:\/\/www.newyorkhipknee.com\/fr\/indemnisation-des-travailleurs\/lignes-directrices-pour-les-traitements-medicaux-mtg\/lesions-cerebrales-traumatiques\/neuro-otologie-evaluation-vestibulaire-et-audiologique\/\",\"url\":\"https:\/\/www.newyorkhipknee.com\/fr\/indemnisation-des-travailleurs\/lignes-directrices-pour-les-traitements-medicaux-mtg\/lesions-cerebrales-traumatiques\/neuro-otologie-evaluation-vestibulaire-et-audiologique\/\",\"name\":\"Neuro-Otologie : \u00c9valuation vestibulaire et audiologique | Best Hip &amp; Knee Surgeon | NY, USA\",\"isPartOf\":{\"@id\":\"https:\/\/www.newyorkhipknee.com\/fr\/#website\"},\"datePublished\":\"2023-12-29T19:41:17+00:00\",\"description\":\"\u00c9valuation vestibulaire et auditive chez les patients souffrant d'un traumatisme cr\u00e2nien : Recommandations Les patients souffrant d'un traumatisme cr\u00e2nien\",\"breadcrumb\":{\"@id\":\"https:\/\/www.newyorkhipknee.com\/fr\/indemnisation-des-travailleurs\/lignes-directrices-pour-les-traitements-medicaux-mtg\/lesions-cerebrales-traumatiques\/neuro-otologie-evaluation-vestibulaire-et-audiologique\/#breadcrumb\"},\"inLanguage\":\"fr-FR\",\"potentialAction\":[{\"@type\":\"ReadAction\",\"target\":[\"https:\/\/www.newyorkhipknee.com\/fr\/indemnisation-des-travailleurs\/lignes-directrices-pour-les-traitements-medicaux-mtg\/lesions-cerebrales-traumatiques\/neuro-otologie-evaluation-vestibulaire-et-audiologique\/\"]}]},{\"@type\":\"BreadcrumbList\",\"@id\":\"https:\/\/www.newyorkhipknee.com\/fr\/indemnisation-des-travailleurs\/lignes-directrices-pour-les-traitements-medicaux-mtg\/lesions-cerebrales-traumatiques\/neuro-otologie-evaluation-vestibulaire-et-audiologique\/#breadcrumb\",\"itemListElement\":[{\"@type\":\"ListItem\",\"position\":1,\"name\":\"Home\",\"item\":\"https:\/\/www.newyorkhipknee.com\/fr\/\"},{\"@type\":\"ListItem\",\"position\":2,\"name\":\"Indemnisation des travailleurs\",\"item\":\"https:\/\/www.newyorkhipknee.com\/fr\/indemnisation-des-travailleurs\/\"},{\"@type\":\"ListItem\",\"position\":3,\"name\":\"Lignes directrices pour les traitements m\u00e9dicaux (MTG)\",\"item\":\"https:\/\/www.newyorkhipknee.com\/fr\/indemnisation-des-travailleurs\/lignes-directrices-pour-les-traitements-medicaux-mtg\/\"},{\"@type\":\"ListItem\",\"position\":4,\"name\":\"L\u00e9sions c\u00e9r\u00e9brales traumatiques\",\"item\":\"https:\/\/www.newyorkhipknee.com\/fr\/indemnisation-des-travailleurs\/lignes-directrices-pour-les-traitements-medicaux-mtg\/lesions-cerebrales-traumatiques\/\"},{\"@type\":\"ListItem\",\"position\":5,\"name\":\"Neuro-Otologie : \u00c9valuation vestibulaire et audiologique\"}]},{\"@type\":\"WebSite\",\"@id\":\"https:\/\/www.newyorkhipknee.com\/fr\/#website\",\"url\":\"https:\/\/www.newyorkhipknee.com\/fr\/\",\"name\":\"Best Hip & Knee Surgeon | NY, USA\",\"description\":\"\",\"potentialAction\":[{\"@type\":\"SearchAction\",\"target\":{\"@type\":\"EntryPoint\",\"urlTemplate\":\"https:\/\/www.newyorkhipknee.com\/fr\/?s={search_term_string}\"},\"query-input\":{\"@type\":\"PropertyValueSpecification\",\"valueRequired\":true,\"valueName\":\"search_term_string\"}}],\"inLanguage\":\"fr-FR\"}]}<\/script>\n<!-- \/ Yoast SEO plugin. -->","yoast_head_json":{"title":"Neuro-Otologie : \u00c9valuation vestibulaire et audiologique | Best Hip &amp; Knee Surgeon | NY, USA","description":"\u00c9valuation vestibulaire et auditive chez les patients souffrant d'un traumatisme cr\u00e2nien : Recommandations Les patients souffrant d'un traumatisme cr\u00e2nien","robots":{"index":"index","follow":"follow","max-snippet":"max-snippet:-1","max-image-preview":"max-image-preview:large","max-video-preview":"max-video-preview:-1"},"canonical":"https:\/\/www.newyorkhipknee.com\/fr\/indemnisation-des-travailleurs\/lignes-directrices-pour-les-traitements-medicaux-mtg\/lesions-cerebrales-traumatiques\/neuro-otologie-evaluation-vestibulaire-et-audiologique\/","og_locale":"fr_FR","og_type":"article","og_title":"Neuro-Otologie : \u00c9valuation vestibulaire et audiologique | Best Hip &amp; Knee Surgeon | NY, USA","og_description":"\u00c9valuation vestibulaire et auditive chez les patients souffrant d'un traumatisme cr\u00e2nien : Recommandations Les patients souffrant d'un traumatisme cr\u00e2nien","og_url":"https:\/\/www.newyorkhipknee.com\/fr\/indemnisation-des-travailleurs\/lignes-directrices-pour-les-traitements-medicaux-mtg\/lesions-cerebrales-traumatiques\/neuro-otologie-evaluation-vestibulaire-et-audiologique\/","og_site_name":"Best Hip &amp; Knee Surgeon | NY, USA","twitter_card":"summary_large_image","twitter_misc":{"Dur\u00e9e de lecture estim\u00e9e":"4 minutes"},"schema":{"@context":"https:\/\/schema.org","@graph":[{"@type":["WebPage","MedicalWebPage"],"@id":"https:\/\/www.newyorkhipknee.com\/fr\/indemnisation-des-travailleurs\/lignes-directrices-pour-les-traitements-medicaux-mtg\/lesions-cerebrales-traumatiques\/neuro-otologie-evaluation-vestibulaire-et-audiologique\/","url":"https:\/\/www.newyorkhipknee.com\/fr\/indemnisation-des-travailleurs\/lignes-directrices-pour-les-traitements-medicaux-mtg\/lesions-cerebrales-traumatiques\/neuro-otologie-evaluation-vestibulaire-et-audiologique\/","name":"Neuro-Otologie : \u00c9valuation vestibulaire et audiologique | Best Hip &amp; Knee Surgeon | NY, USA","isPartOf":{"@id":"https:\/\/www.newyorkhipknee.com\/fr\/#website"},"datePublished":"2023-12-29T19:41:17+00:00","description":"\u00c9valuation vestibulaire et auditive chez les patients souffrant d'un traumatisme cr\u00e2nien : Recommandations Les patients souffrant d'un traumatisme cr\u00e2nien","breadcrumb":{"@id":"https:\/\/www.newyorkhipknee.com\/fr\/indemnisation-des-travailleurs\/lignes-directrices-pour-les-traitements-medicaux-mtg\/lesions-cerebrales-traumatiques\/neuro-otologie-evaluation-vestibulaire-et-audiologique\/#breadcrumb"},"inLanguage":"fr-FR","potentialAction":[{"@type":"ReadAction","target":["https:\/\/www.newyorkhipknee.com\/fr\/indemnisation-des-travailleurs\/lignes-directrices-pour-les-traitements-medicaux-mtg\/lesions-cerebrales-traumatiques\/neuro-otologie-evaluation-vestibulaire-et-audiologique\/"]}]},{"@type":"BreadcrumbList","@id":"https:\/\/www.newyorkhipknee.com\/fr\/indemnisation-des-travailleurs\/lignes-directrices-pour-les-traitements-medicaux-mtg\/lesions-cerebrales-traumatiques\/neuro-otologie-evaluation-vestibulaire-et-audiologique\/#breadcrumb","itemListElement":[{"@type":"ListItem","position":1,"name":"Home","item":"https:\/\/www.newyorkhipknee.com\/fr\/"},{"@type":"ListItem","position":2,"name":"Indemnisation des travailleurs","item":"https:\/\/www.newyorkhipknee.com\/fr\/indemnisation-des-travailleurs\/"},{"@type":"ListItem","position":3,"name":"Lignes directrices pour les traitements m\u00e9dicaux (MTG)","item":"https:\/\/www.newyorkhipknee.com\/fr\/indemnisation-des-travailleurs\/lignes-directrices-pour-les-traitements-medicaux-mtg\/"},{"@type":"ListItem","position":4,"name":"L\u00e9sions c\u00e9r\u00e9brales traumatiques","item":"https:\/\/www.newyorkhipknee.com\/fr\/indemnisation-des-travailleurs\/lignes-directrices-pour-les-traitements-medicaux-mtg\/lesions-cerebrales-traumatiques\/"},{"@type":"ListItem","position":5,"name":"Neuro-Otologie : \u00c9valuation vestibulaire et audiologique"}]},{"@type":"WebSite","@id":"https:\/\/www.newyorkhipknee.com\/fr\/#website","url":"https:\/\/www.newyorkhipknee.com\/fr\/","name":"Best Hip & Knee Surgeon | NY, USA","description":"","potentialAction":[{"@type":"SearchAction","target":{"@type":"EntryPoint","urlTemplate":"https:\/\/www.newyorkhipknee.com\/fr\/?s={search_term_string}"},"query-input":{"@type":"PropertyValueSpecification","valueRequired":true,"valueName":"search_term_string"}}],"inLanguage":"fr-FR"}]}},"_links":{"self":[{"href":"https:\/\/www.newyorkhipknee.com\/fr\/wp-json\/wp\/v2\/pages\/21336","targetHints":{"allow":["GET"]}}],"collection":[{"href":"https:\/\/www.newyorkhipknee.com\/fr\/wp-json\/wp\/v2\/pages"}],"about":[{"href":"https:\/\/www.newyorkhipknee.com\/fr\/wp-json\/wp\/v2\/types\/page"}],"author":[{"embeddable":true,"href":"https:\/\/www.newyorkhipknee.com\/fr\/wp-json\/wp\/v2\/users\/33"}],"replies":[{"embeddable":true,"href":"https:\/\/www.newyorkhipknee.com\/fr\/wp-json\/wp\/v2\/comments?post=21336"}],"version-history":[{"count":0,"href":"https:\/\/www.newyorkhipknee.com\/fr\/wp-json\/wp\/v2\/pages\/21336\/revisions"}],"up":[{"embeddable":true,"href":"https:\/\/www.newyorkhipknee.com\/fr\/wp-json\/wp\/v2\/pages\/21166"}],"wp:attachment":[{"href":"https:\/\/www.newyorkhipknee.com\/fr\/wp-json\/wp\/v2\/media?parent=21336"}],"curies":[{"name":"wp","href":"https:\/\/api.w.org\/{rel}","templated":true}]}}