{"id":21344,"date":"2023-12-29T14:28:05","date_gmt":"2023-12-29T19:28:05","guid":{"rendered":"https:\/\/newyorkhipknee.com\/lesions-cerebrales-traumatiques\/vision\/"},"modified":"2023-12-29T14:28:05","modified_gmt":"2023-12-29T19:28:05","slug":"vision","status":"publish","type":"page","link":"https:\/\/www.newyorkhipknee.com\/fr\/indemnisation-des-travailleurs\/lignes-directrices-pour-les-traitements-medicaux-mtg\/lesions-cerebrales-traumatiques\/vision\/","title":{"rendered":"Vision"},"content":{"rendered":"<p><strong>Comprendre les troubles de la vision et de l&rsquo;oculomotricit\u00e9 dans les traumatismes cr\u00e2niens<\/strong><\/p>\n<p>Les l\u00e9sions c\u00e9r\u00e9brales traumatiques donnent souvent lieu \u00e0 un ensemble de probl\u00e8mes visuels et oculomoteurs. Parmi ceux-ci, les difficult\u00e9s de lecture bas\u00e9es sur l&rsquo;oculomotricit\u00e9 se distinguent comme un sympt\u00f4me pr\u00e9valent chez les patients souffrant d&rsquo;un traumatisme cr\u00e2nien. Divers sympt\u00f4mes visuels accompagnent les traumatismes cr\u00e2niens, notamment des probl\u00e8mes de focalisation oculaire, des difficult\u00e9s \u00e0 \u00e9valuer les distances, une diplopie (vision double), des \u00e9tourdissements, des vertiges, des naus\u00e9es induites par des stimuli visuels, une sensibilit\u00e9 accrue au mouvement visuel, une photosensibilit\u00e9, une inattention visuelle, une distractibilit\u00e9 et des difficult\u00e9s \u00e0 \u00e9valuer les distances (\u00e0 la fois relatives et absolues).<\/p>\n<p>Pour r\u00e9pondre \u00e0 ces pr\u00e9occupations, un m\u00e9decin, un ost\u00e9opathe ou un optom\u00e9triste ayant une formation et une exp\u00e9rience sp\u00e9cifiques en mati\u00e8re de troubles visuels li\u00e9s aux traumatismes cr\u00e2niens doit proc\u00e9der \u00e0 une \u00e9valuation compl\u00e8te de la vision. Cette \u00e9valuation fait appel \u00e0 des techniques d&rsquo;examen standard et \u00e0 des tests suppl\u00e9mentaires pour diagnostiquer les troubles visuels associ\u00e9s au traumatisme cr\u00e2nien. Par la suite, un plan de traitement est \u00e9labor\u00e9, comprenant des interventions de r\u00e9habilitation.<\/p>\n<p>Les interventions de r\u00e9\u00e9ducation peuvent comprendre une th\u00e9rapie visuelle, des lunettes de lecture sp\u00e9cialis\u00e9es, des lunettes \u00e0 prisme et\/ou des lunettes teint\u00e9es, adapt\u00e9es pour r\u00e9pondre aux d\u00e9fis visuels uniques r\u00e9sultant du TBI.<\/p>\n<p><strong>\u00c9valuation de la vision chez les patients souffrant d&rsquo;un traumatisme cr\u00e2nien : Tests et recommandations<\/strong><\/p>\n<p><strong><em>Test d&rsquo;acuit\u00e9 visuelle<\/em><\/strong><\/p>\n<p>Pour certains patients souffrant d&rsquo;une l\u00e9sion c\u00e9r\u00e9brale traumatique (TCC), un test d&rsquo;acuit\u00e9 visuelle est recommand\u00e9, en particulier dans les cas de TCC grave ou lorsque l&rsquo;on s&rsquo;inqui\u00e8te des effets de la TCC sur la vision. Cette \u00e9valuation permet d&rsquo;identifier les d\u00e9ficits de l&rsquo;acuit\u00e9 visuelle et est g\u00e9n\u00e9ralement r\u00e9alis\u00e9e une seule fois. Une \u00e9valuation de suivi peut \u00eatre envisag\u00e9e pour d\u00e9tecter les am\u00e9liorations ou la r\u00e9solution des probl\u00e8mes, en particulier lors de l&rsquo;orientation vers un sp\u00e9cialiste si cela est cliniquement indiqu\u00e9. Le test d&rsquo;acuit\u00e9 visuelle est le principal moyen d&rsquo;\u00e9valuer les d\u00e9ficiences de l&rsquo;acuit\u00e9 visuelle et fournit des informations pr\u00e9cieuses pour l&rsquo;\u00e9valuation des patients souffrant d&rsquo;un traumatisme cr\u00e2nien.<\/p>\n<p><strong><em>Potentiels \u00e9voqu\u00e9s visuels (PEV)<\/em><\/strong><\/p>\n<p>Dans certains cas o\u00f9 les m\u00e9thodes de test les plus courantes ne sont pas r\u00e9alisables, les potentiels \u00e9voqu\u00e9s visuels (PEV) sont recommand\u00e9s pour \u00e9valuer le syst\u00e8me visuel. Cela s&rsquo;applique particuli\u00e8rement aux cas de TBI graves pour lesquels les m\u00e9thodes conventionnelles telles que les tests au chevet du patient ou les tests de Snellen peuvent s&rsquo;av\u00e9rer difficiles \u00e0 mettre en \u0153uvre. La PEV offre l&rsquo;avantage d&rsquo;\u00e9valuer le syst\u00e8me visuel et peut \u00eatre utilis\u00e9e comme \u00e9valuation de base. Si les anomalies persistent en raison de la l\u00e9sion, il est raisonnable de proc\u00e9der \u00e0 des tests de suivi \u00e0 l&rsquo;aide de potentiels \u00e9voqu\u00e9s visuels.<\/p>\n<p><strong><em>Test du champ visuel<\/em><\/strong><\/p>\n<p>Dans certains cas, l&rsquo;examen du champ visuel est recommand\u00e9, en particulier lorsqu&rsquo;il y a des indications d&rsquo;un traumatisme cr\u00e2nien grave ou des pr\u00e9occupations concernant les effets du traumatisme cr\u00e2nien sur les champs visuels, y compris les d\u00e9ficits signal\u00e9s. Cette \u00e9valuation permet d&rsquo;identifier les d\u00e9ficits du champ visuel et est g\u00e9n\u00e9ralement r\u00e9alis\u00e9e une seule fois. Une \u00e9valuation de suivi peut \u00eatre envisag\u00e9e pour d\u00e9tecter toute am\u00e9lioration ou r\u00e9solution.<\/p>\n<p><strong><em>Test de perception visuelle<\/em><\/strong><\/p>\n<p>L&rsquo;utilisation s\u00e9lective du test de perception visuelle est recommand\u00e9e pour les TBI graves ou les patients pr\u00e9sentant des TBI et des sympt\u00f4mes visuels. Ce test est g\u00e9n\u00e9ralement indiqu\u00e9 lorsque l&rsquo;on craint des effets importants sur la vision. L&rsquo;avantage r\u00e9side dans l&rsquo;identification des d\u00e9ficits dans l&rsquo;interpr\u00e9tation des entr\u00e9es visuelles. Comme d&rsquo;autres \u00e9valuations, le test de perception visuelle est g\u00e9n\u00e9ralement effectu\u00e9 une fois, avec la possibilit\u00e9 d&rsquo;une deuxi\u00e8me \u00e9valuation pour suivre les am\u00e9liorations ou la r\u00e9solution des probl\u00e8mes.<\/p>\n<p><strong>Angiographie \u00e0 la fluoresc\u00e9ine<\/strong><\/p>\n<p>Dans certains cas, l&rsquo;angiographie \u00e0 la fluoresc\u00e9ine est recommand\u00e9e pour l&rsquo;\u00e9valuation de la d\u00e9ficience visuelle associ\u00e9e au traumatisme cr\u00e2nien, lorsque la visualisation des vaisseaux sanguins r\u00e9tiniens est indiqu\u00e9e. Cette \u00e9valuation est g\u00e9n\u00e9ralement r\u00e9alis\u00e9e en une seule fois.<\/p>\n","protected":false},"excerpt":{"rendered":"<p>Comprendre les troubles de la vision et de l&rsquo;oculomotricit\u00e9 dans les traumatismes cr\u00e2niens Les l\u00e9sions c\u00e9r\u00e9brales traumatiques donnent souvent lieu \u00e0 un ensemble de probl\u00e8mes visuels et oculomoteurs. Parmi ceux-ci, les difficult\u00e9s de lecture bas\u00e9es sur l&rsquo;oculomotricit\u00e9 se distinguent comme un sympt\u00f4me pr\u00e9valent chez les patients souffrant d&rsquo;un traumatisme cr\u00e2nien. Divers sympt\u00f4mes visuels accompagnent les [&hellip;]<\/p>\n","protected":false},"author":33,"featured_media":0,"parent":21166,"menu_order":0,"comment_status":"closed","ping_status":"closed","template":"","meta":{"_et_pb_use_builder":"","_et_pb_old_content":"","_et_gb_content_width":"","footnotes":""},"class_list":["post-21344","page","type-page","status-publish","hentry"],"yoast_head":"<!-- This site is optimized with the Yoast SEO plugin v27.2 - https:\/\/yoast.com\/product\/yoast-seo-wordpress\/ -->\n<title>Vision | Best Hip &amp; Knee Surgeon | NY, USA<\/title>\n<meta name=\"description\" content=\"Comprendre les troubles de la vision et de l&#039;oculomotricit\u00e9 dans les traumatismes cr\u00e2niens Les l\u00e9sions c\u00e9r\u00e9brales traumatiques donnent souvent lieu \u00e0 un\" \/>\n<meta name=\"robots\" content=\"index, follow, max-snippet:-1, max-image-preview:large, max-video-preview:-1\" \/>\n<link rel=\"canonical\" href=\"https:\/\/www.newyorkhipknee.com\/fr\/indemnisation-des-travailleurs\/lignes-directrices-pour-les-traitements-medicaux-mtg\/lesions-cerebrales-traumatiques\/vision\/\" \/>\n<meta property=\"og:locale\" content=\"fr_FR\" \/>\n<meta property=\"og:type\" content=\"article\" \/>\n<meta property=\"og:title\" content=\"Vision | Best Hip &amp; Knee Surgeon | NY, USA\" \/>\n<meta property=\"og:description\" content=\"Comprendre les troubles de la vision et de l&#039;oculomotricit\u00e9 dans les traumatismes cr\u00e2niens Les l\u00e9sions c\u00e9r\u00e9brales traumatiques donnent souvent lieu \u00e0 un\" \/>\n<meta property=\"og:url\" content=\"https:\/\/www.newyorkhipknee.com\/fr\/indemnisation-des-travailleurs\/lignes-directrices-pour-les-traitements-medicaux-mtg\/lesions-cerebrales-traumatiques\/vision\/\" \/>\n<meta property=\"og:site_name\" content=\"Best Hip &amp; Knee Surgeon | NY, USA\" \/>\n<meta name=\"twitter:card\" content=\"summary_large_image\" \/>\n<meta name=\"twitter:label1\" content=\"Dur\u00e9e de lecture estim\u00e9e\" \/>\n\t<meta name=\"twitter:data1\" content=\"4 minutes\" \/>\n<script type=\"application\/ld+json\" class=\"yoast-schema-graph\">{\"@context\":\"https:\/\/schema.org\",\"@graph\":[{\"@type\":[\"WebPage\",\"MedicalWebPage\"],\"@id\":\"https:\/\/www.newyorkhipknee.com\/fr\/indemnisation-des-travailleurs\/lignes-directrices-pour-les-traitements-medicaux-mtg\/lesions-cerebrales-traumatiques\/vision\/\",\"url\":\"https:\/\/www.newyorkhipknee.com\/fr\/indemnisation-des-travailleurs\/lignes-directrices-pour-les-traitements-medicaux-mtg\/lesions-cerebrales-traumatiques\/vision\/\",\"name\":\"Vision | Best Hip &amp; Knee Surgeon | NY, USA\",\"isPartOf\":{\"@id\":\"https:\/\/www.newyorkhipknee.com\/fr\/#website\"},\"datePublished\":\"2023-12-29T19:28:05+00:00\",\"description\":\"Comprendre les troubles de la vision et de l'oculomotricit\u00e9 dans les traumatismes cr\u00e2niens Les l\u00e9sions c\u00e9r\u00e9brales traumatiques donnent souvent lieu \u00e0 un\",\"breadcrumb\":{\"@id\":\"https:\/\/www.newyorkhipknee.com\/fr\/indemnisation-des-travailleurs\/lignes-directrices-pour-les-traitements-medicaux-mtg\/lesions-cerebrales-traumatiques\/vision\/#breadcrumb\"},\"inLanguage\":\"fr-FR\",\"potentialAction\":[{\"@type\":\"ReadAction\",\"target\":[\"https:\/\/www.newyorkhipknee.com\/fr\/indemnisation-des-travailleurs\/lignes-directrices-pour-les-traitements-medicaux-mtg\/lesions-cerebrales-traumatiques\/vision\/\"]}]},{\"@type\":\"BreadcrumbList\",\"@id\":\"https:\/\/www.newyorkhipknee.com\/fr\/indemnisation-des-travailleurs\/lignes-directrices-pour-les-traitements-medicaux-mtg\/lesions-cerebrales-traumatiques\/vision\/#breadcrumb\",\"itemListElement\":[{\"@type\":\"ListItem\",\"position\":1,\"name\":\"Home\",\"item\":\"https:\/\/www.newyorkhipknee.com\/fr\/\"},{\"@type\":\"ListItem\",\"position\":2,\"name\":\"Indemnisation des travailleurs\",\"item\":\"https:\/\/www.newyorkhipknee.com\/fr\/indemnisation-des-travailleurs\/\"},{\"@type\":\"ListItem\",\"position\":3,\"name\":\"Lignes directrices pour les traitements m\u00e9dicaux (MTG)\",\"item\":\"https:\/\/www.newyorkhipknee.com\/fr\/indemnisation-des-travailleurs\/lignes-directrices-pour-les-traitements-medicaux-mtg\/\"},{\"@type\":\"ListItem\",\"position\":4,\"name\":\"L\u00e9sions c\u00e9r\u00e9brales traumatiques\",\"item\":\"https:\/\/www.newyorkhipknee.com\/fr\/indemnisation-des-travailleurs\/lignes-directrices-pour-les-traitements-medicaux-mtg\/lesions-cerebrales-traumatiques\/\"},{\"@type\":\"ListItem\",\"position\":5,\"name\":\"Vision\"}]},{\"@type\":\"WebSite\",\"@id\":\"https:\/\/www.newyorkhipknee.com\/fr\/#website\",\"url\":\"https:\/\/www.newyorkhipknee.com\/fr\/\",\"name\":\"Best Hip & Knee Surgeon | NY, USA\",\"description\":\"\",\"potentialAction\":[{\"@type\":\"SearchAction\",\"target\":{\"@type\":\"EntryPoint\",\"urlTemplate\":\"https:\/\/www.newyorkhipknee.com\/fr\/?s={search_term_string}\"},\"query-input\":{\"@type\":\"PropertyValueSpecification\",\"valueRequired\":true,\"valueName\":\"search_term_string\"}}],\"inLanguage\":\"fr-FR\"}]}<\/script>\n<!-- \/ Yoast SEO plugin. -->","yoast_head_json":{"title":"Vision | Best Hip &amp; Knee Surgeon | NY, USA","description":"Comprendre les troubles de la vision et de l'oculomotricit\u00e9 dans les traumatismes cr\u00e2niens Les l\u00e9sions c\u00e9r\u00e9brales traumatiques donnent souvent lieu \u00e0 un","robots":{"index":"index","follow":"follow","max-snippet":"max-snippet:-1","max-image-preview":"max-image-preview:large","max-video-preview":"max-video-preview:-1"},"canonical":"https:\/\/www.newyorkhipknee.com\/fr\/indemnisation-des-travailleurs\/lignes-directrices-pour-les-traitements-medicaux-mtg\/lesions-cerebrales-traumatiques\/vision\/","og_locale":"fr_FR","og_type":"article","og_title":"Vision | Best Hip &amp; Knee Surgeon | NY, USA","og_description":"Comprendre les troubles de la vision et de l'oculomotricit\u00e9 dans les traumatismes cr\u00e2niens Les l\u00e9sions c\u00e9r\u00e9brales traumatiques donnent souvent lieu \u00e0 un","og_url":"https:\/\/www.newyorkhipknee.com\/fr\/indemnisation-des-travailleurs\/lignes-directrices-pour-les-traitements-medicaux-mtg\/lesions-cerebrales-traumatiques\/vision\/","og_site_name":"Best Hip &amp; Knee Surgeon | NY, USA","twitter_card":"summary_large_image","twitter_misc":{"Dur\u00e9e de lecture estim\u00e9e":"4 minutes"},"schema":{"@context":"https:\/\/schema.org","@graph":[{"@type":["WebPage","MedicalWebPage"],"@id":"https:\/\/www.newyorkhipknee.com\/fr\/indemnisation-des-travailleurs\/lignes-directrices-pour-les-traitements-medicaux-mtg\/lesions-cerebrales-traumatiques\/vision\/","url":"https:\/\/www.newyorkhipknee.com\/fr\/indemnisation-des-travailleurs\/lignes-directrices-pour-les-traitements-medicaux-mtg\/lesions-cerebrales-traumatiques\/vision\/","name":"Vision | Best Hip &amp; Knee Surgeon | NY, USA","isPartOf":{"@id":"https:\/\/www.newyorkhipknee.com\/fr\/#website"},"datePublished":"2023-12-29T19:28:05+00:00","description":"Comprendre les troubles de la vision et de l'oculomotricit\u00e9 dans les traumatismes cr\u00e2niens Les l\u00e9sions c\u00e9r\u00e9brales traumatiques donnent souvent lieu \u00e0 un","breadcrumb":{"@id":"https:\/\/www.newyorkhipknee.com\/fr\/indemnisation-des-travailleurs\/lignes-directrices-pour-les-traitements-medicaux-mtg\/lesions-cerebrales-traumatiques\/vision\/#breadcrumb"},"inLanguage":"fr-FR","potentialAction":[{"@type":"ReadAction","target":["https:\/\/www.newyorkhipknee.com\/fr\/indemnisation-des-travailleurs\/lignes-directrices-pour-les-traitements-medicaux-mtg\/lesions-cerebrales-traumatiques\/vision\/"]}]},{"@type":"BreadcrumbList","@id":"https:\/\/www.newyorkhipknee.com\/fr\/indemnisation-des-travailleurs\/lignes-directrices-pour-les-traitements-medicaux-mtg\/lesions-cerebrales-traumatiques\/vision\/#breadcrumb","itemListElement":[{"@type":"ListItem","position":1,"name":"Home","item":"https:\/\/www.newyorkhipknee.com\/fr\/"},{"@type":"ListItem","position":2,"name":"Indemnisation des travailleurs","item":"https:\/\/www.newyorkhipknee.com\/fr\/indemnisation-des-travailleurs\/"},{"@type":"ListItem","position":3,"name":"Lignes directrices pour les traitements m\u00e9dicaux (MTG)","item":"https:\/\/www.newyorkhipknee.com\/fr\/indemnisation-des-travailleurs\/lignes-directrices-pour-les-traitements-medicaux-mtg\/"},{"@type":"ListItem","position":4,"name":"L\u00e9sions c\u00e9r\u00e9brales traumatiques","item":"https:\/\/www.newyorkhipknee.com\/fr\/indemnisation-des-travailleurs\/lignes-directrices-pour-les-traitements-medicaux-mtg\/lesions-cerebrales-traumatiques\/"},{"@type":"ListItem","position":5,"name":"Vision"}]},{"@type":"WebSite","@id":"https:\/\/www.newyorkhipknee.com\/fr\/#website","url":"https:\/\/www.newyorkhipknee.com\/fr\/","name":"Best Hip & Knee Surgeon | NY, USA","description":"","potentialAction":[{"@type":"SearchAction","target":{"@type":"EntryPoint","urlTemplate":"https:\/\/www.newyorkhipknee.com\/fr\/?s={search_term_string}"},"query-input":{"@type":"PropertyValueSpecification","valueRequired":true,"valueName":"search_term_string"}}],"inLanguage":"fr-FR"}]}},"_links":{"self":[{"href":"https:\/\/www.newyorkhipknee.com\/fr\/wp-json\/wp\/v2\/pages\/21344","targetHints":{"allow":["GET"]}}],"collection":[{"href":"https:\/\/www.newyorkhipknee.com\/fr\/wp-json\/wp\/v2\/pages"}],"about":[{"href":"https:\/\/www.newyorkhipknee.com\/fr\/wp-json\/wp\/v2\/types\/page"}],"author":[{"embeddable":true,"href":"https:\/\/www.newyorkhipknee.com\/fr\/wp-json\/wp\/v2\/users\/33"}],"replies":[{"embeddable":true,"href":"https:\/\/www.newyorkhipknee.com\/fr\/wp-json\/wp\/v2\/comments?post=21344"}],"version-history":[{"count":0,"href":"https:\/\/www.newyorkhipknee.com\/fr\/wp-json\/wp\/v2\/pages\/21344\/revisions"}],"up":[{"embeddable":true,"href":"https:\/\/www.newyorkhipknee.com\/fr\/wp-json\/wp\/v2\/pages\/21166"}],"wp:attachment":[{"href":"https:\/\/www.newyorkhipknee.com\/fr\/wp-json\/wp\/v2\/media?parent=21344"}],"curies":[{"name":"wp","href":"https:\/\/api.w.org\/{rel}","templated":true}]}}