{"id":22114,"date":"2024-01-16T16:15:54","date_gmt":"2024-01-16T21:15:54","guid":{"rendered":"https:\/\/newyorkhipknee.com\/entorses-luxations-de-larticulation-acromio-claviculaire\/"},"modified":"2024-01-30T11:46:12","modified_gmt":"2024-01-30T16:46:12","slug":"entorses-luxations-de-larticulation-acromio-claviculaire","status":"publish","type":"page","link":"https:\/\/www.newyorkhipknee.com\/fr\/indemnisation-des-travailleurs\/lignes-directrices-pour-les-traitements-medicaux-mtg\/blessure-a-lepaule\/entorses-luxations-de-larticulation-acromio-claviculaire\/","title":{"rendered":"Directives m\u00e9dicales de l&rsquo;\u00c9tat de New York pour le traitement des entorses \/ luxations de l&rsquo;articulation acromio-claviculaire chez les patients indemnis\u00e9s pour accident du travail"},"content":{"rendered":"<p>Les lignes directrices \u00e9labor\u00e9es par la Commission des accidents du travail de l&rsquo;\u00c9tat de New York ont pour but d&rsquo;aider les professionnels de la sant\u00e9 \u00e0 fournir un traitement appropri\u00e9 pour les entorses\/dislocations de l&rsquo;articulation acromio-claviculaire.<\/p>\n<p>Con\u00e7ues \u00e0 l&rsquo;intention des m\u00e9decins, ces lignes directrices de la Commission des accidents du travail aident \u00e0 d\u00e9terminer la marche \u00e0 suivre pour les personnes souffrant d&rsquo;entorses ou de luxations de l&rsquo;articulation acromio-claviculaire.<\/p>\n<p>Il est important de souligner que ces lignes directrices ne remplacent pas le jugement clinique ou l&rsquo;exp\u00e9rience professionnelle. La d\u00e9cision finale concernant le traitement des probl\u00e8mes de l&rsquo;articulation acromio-claviculaire doit \u00eatre prise en collaboration avec le patient et son prestataire de soins de sant\u00e9.<\/p>\n<h2><\/h2>\n<h2><strong>L\u00e9sion aigu\u00eb de l&rsquo;articulation acromio-claviculaire (AC)<\/strong><\/h2>\n<p>Une s\u00e9paration de l&rsquo;\u00e9paule est un terme couramment utilis\u00e9 pour d\u00e9crire une l\u00e9sion aigu\u00eb de l&rsquo;articulation acromio-claviculaire (AC).<\/p>\n<p>&nbsp;<\/p>\n<h3><strong>Classification des blessures :<\/strong><\/h3>\n<p>L&rsquo;ampleur du d\u00e9placement de la clavicule d\u00e9pend de la gravit\u00e9 de la l\u00e9sion des ligaments AC et coracoclaviculaire (CC), de la capsule articulaire AC et des muscles de soutien de l&rsquo;\u00e9paule (trap\u00e8ze et delto\u00efde) reli\u00e9s \u00e0 la clavicule.<\/p>\n<p>&nbsp;<\/p>\n<h3><strong>Classification traditionnelle Allman et Tossy :<\/strong><\/h3>\n<p>Le syst\u00e8me de classification classique d&rsquo;Allman et Tossy comprend trois cat\u00e9gories. Il classe les l\u00e9sions en fonction du degr\u00e9 de d\u00e9placement de la clavicule.<\/p>\n<p>&nbsp;<\/p>\n<h3><strong>Expansion de Rockwood :<\/strong><\/h3>\n<p>Rockwood a \u00e9largi cette classification en introduisant six types de l\u00e9sions. Le Rockwood Type I correspond \u00e0 l&rsquo;Allman\/Tossy Grade I original, le Rockwood Type II s&rsquo;aligne sur l&rsquo;Allman\/Tossy Grade II original, et les Rockwood Types III-VI entrent dans la cat\u00e9gorie Allman\/Tossy Grade III original. Cet \u00e9largissement permet une compr\u00e9hension plus nuanc\u00e9e des l\u00e9sions de l&rsquo;articulation AC.<\/p>\n<p>&nbsp;<\/p>\n<p>&nbsp;<\/p>\n<h2>Historique et m\u00e9canisme de la blessure<\/h2>\n<h3><strong>M\u00e9canisme de la l\u00e9sion (entorses\/dislocations de l&rsquo;articulation AC) :<\/strong><\/h3>\n<p>Les patients subissent g\u00e9n\u00e9ralement une l\u00e9sion de l&rsquo;articulation AC en atterrissant sur la pointe de l&rsquo;\u00e9paule, ce qui entra\u00eene un d\u00e9placement de l&rsquo;acromion vers le bas, ou en tombant sur une main ou un coude tendu, ce qui exerce une force vers l&rsquo;arri\u00e8re et vers l&rsquo;ext\u00e9rieur sur l&rsquo;\u00e9paule. Il est essentiel d&rsquo;\u00e9liminer les autres sources potentielles de douleur \u00e0 l&rsquo;\u00e9paule r\u00e9sultant de blessures aigu\u00ebs, notamment les ruptures de la coiffe des rotateurs, les fractures et les l\u00e9sions nerveuses.<\/p>\n<p>&nbsp;<\/p>\n<h3><strong>Constatations physiques :<\/strong><\/h3>\n<p>Les r\u00e9sultats physiques peuvent comprendre une sensibilit\u00e9 au niveau de l&rsquo;articulation AC, parfois accompagn\u00e9e de contusions et\/ou d&rsquo;abrasions dans la zone de l&rsquo;articulation. Une pro\u00e9minence ou une asym\u00e9trie de l&rsquo;\u00e9paule peut \u00eatre observ\u00e9e, ainsi qu&rsquo;une r\u00e9duction des mouvements de l&rsquo;\u00e9paule et une sensibilit\u00e9 de l&rsquo;extr\u00e9mit\u00e9 distale de la clavicule \u00e0 la palpation. Une translation claviculaire accrue peut se produire, et l&rsquo;adduction transversale du corps peut induire une douleur intense. Le signe positif du piano est obtenu par une traction vers le bas sur le membre \u00e9tendu, avec un doigt sur l&rsquo;acromion et l&rsquo;autre sur la clavicule. Un signe positif est indiqu\u00e9 lorsque l&rsquo;acromion se d\u00e9place distalement et que la clavicule s&rsquo;enfonce, ce qui ressemble \u00e0 l&rsquo;action d&rsquo;enfoncer une touche de piano.<\/p>\n<p>&nbsp;<\/p>\n<h3><strong>Tests de laboratoire :<\/strong><\/h3>\n<p>En g\u00e9n\u00e9ral, les tests de laboratoire ne sont pas jug\u00e9s n\u00e9cessaires. Ils ne sont recommand\u00e9s que chez certains patients pour lesquels une maladie syst\u00e9mique est suspect\u00e9e.<\/p>\n<p>&nbsp;<\/p>\n<h3><strong>Proc\u00e9dures d&rsquo;essai &#8211; Rayons X :<\/strong><\/h3>\n<p>Les examens radiologiques sont recommand\u00e9s de mani\u00e8re s\u00e9lective sur la base d&rsquo;indications cliniques. Les radiographies simples peuvent comprendre une vue AP, une radiographie AP de l&rsquo;\u00e9paule avec un angle c\u00e9phalique de 10 degr\u00e9s (vue de Zanca), des vues lat\u00e9rales axillaires et une vue en stress avec une comparaison lat\u00e9rale en utilisant 10-15 livres. de poids dans chaque main.<\/p>\n<p>&nbsp;<\/p>\n<h3><strong>Proc\u00e9dures de traitement non op\u00e9ratoires :<\/strong><\/h3>\n<p>Les proc\u00e9dures de traitement non chirurgical sont recommand\u00e9es de mani\u00e8re s\u00e9lective sur la base d&rsquo;indications cliniques. Ces proc\u00e9dures peuvent impliquer un traitement thermique et une immobilisation dirig\u00e9s par le patient, pouvant aller jusqu&rsquo;\u00e0 six semaines pour les s\u00e9parations de l&rsquo;articulation AC de type I-III. L&rsquo;utilisation de traitements d&rsquo;immobilisation pour les blessures de type III reste un sujet de controverse. Les m\u00e9dicaments, tels que les anti-inflammatoires non st\u00e9ro\u00efdiens et les analg\u00e9siques, sont indiqu\u00e9s, tandis que les narcotiques ne sont g\u00e9n\u00e9ralement pas recommand\u00e9s.<\/p>\n<p>&nbsp;<\/p>\n<h3><strong>Injection de st\u00e9ro\u00efdes dans l&rsquo;espace sous-acromial :<\/strong><\/h3>\n<p>L&rsquo;injection de st\u00e9ro\u00efdes dans l&rsquo;espace sous-acromial est recommand\u00e9e de mani\u00e8re s\u00e9lective en fonction des indications cliniques. Elle peut \u00eatre th\u00e9rapeutique si le patient r\u00e9agit positivement \u00e0 une injection diagnostique d&rsquo;anesth\u00e9sique. Toutefois, les injections directement dans les tendons sont d\u00e9conseill\u00e9es. En g\u00e9n\u00e9ral, une ou deux injections suffisent, avec un intervalle minimum recommand\u00e9 de trois semaines entre les injections. L&rsquo;effet est imm\u00e9diat avec l&rsquo;anesth\u00e9sie locale ou dans les trois jours avec les corticost\u00e9ro\u00efdes. La dur\u00e9e maximale est limit\u00e9e \u00e0 trois injections par an au m\u00eame endroit.<\/p>\n<p>&nbsp;<\/p>\n<h3><strong>Manipulation et interventions de m\u00e9decine physique :<\/strong><\/h3>\n<p>Une manipulation peut \u00eatre envisag\u00e9e dans le cas d&rsquo;une entorse de type II. Les interventions de m\u00e9decine physique doivent privil\u00e9gier une augmentation progressive de l&rsquo;amplitude des mouvements sans aggraver la l\u00e9sion de l&rsquo;articulation AC. Lorsque le mouvement s&rsquo;am\u00e9liore et que la douleur est ma\u00eetris\u00e9e, un programme de renforcement doit \u00eatre mis en place et un retour \u00e0 un travail modifi\u00e9\/limit\u00e9 peut \u00eatre envisag\u00e9. Au bout de huit \u00e0 onze semaines, lorsque le patient a retrouv\u00e9 un mouvement complet ou presque complet, il est pr\u00e9vu qu&rsquo;il reprenne le travail.<\/p>\n<p>&nbsp;<\/p>\n<div class=\"flex-1 overflow-hidden\">\n<div class=\"react-scroll-to-bottom--css-pevlb-79elbk h-full\">\n<div class=\"react-scroll-to-bottom--css-pevlb-1n7m0yu\">\n<div class=\"flex flex-col pb-9 text-sm\">\n<div class=\"w-full text-token-text-primary\" data-testid=\"conversation-turn-13\">\n<div class=\"px-4 py-2 justify-center text-base md:gap-6 m-auto\">\n<div class=\"flex flex-1 text-base mx-auto gap-3 md:px-5 lg:px-1 xl:px-5 md:max-w-3xl lg:max-w-[40rem] xl:max-w-[48rem] group final-completion\">\n<div class=\"relative flex w-full flex-col lg:w-[calc(100%-115px)] agent-turn\">\n<div class=\"flex-col gap-1 md:gap-3\">\n<div class=\"flex flex-grow flex-col max-w-full\">\n<div class=\"min-h-[20px] text-message flex flex-col items-start gap-3 whitespace-pre-wrap break-words [.text-message+&amp;]:mt-5 overflow-x-auto\" data-message-author-role=\"assistant\" data-message-id=\"456db6d6-cce1-4d7d-a6a2-6a7959b1911f\">\n<div class=\"markdown prose w-full break-words dark:prose-invert dark\">\n<h3><strong>Proc\u00e9dures op\u00e9ratoires pour les l\u00e9sions de l&rsquo;articulation AC de type III :<\/strong><\/h3>\n<p>Dans le cas d&rsquo;une l\u00e9sion de l&rsquo;articulation AC de type III, il peut \u00eatre prudent d&rsquo;envisager d&rsquo;abord une consultation orthop\u00e9dique appropri\u00e9e. Toutefois, une telle consultation devrait \u00eatre envisag\u00e9e en particulier lorsque les soins conservateurs s&rsquo;av\u00e8rent inefficaces pour am\u00e9liorer la fonction.<\/p>\n<p>&nbsp;<\/p>\n<h3><strong>Consultation chirurgicale orthop\u00e9dique pour les l\u00e9sions de l&rsquo;articulation AC de type IV-VI :<\/strong><\/h3>\n<p>Pour une l\u00e9sion de l&rsquo;articulation AC de type IV-VI, il est fortement recommand\u00e9 de consulter un chirurgien orthop\u00e9dique en raison de la complexit\u00e9 de la l\u00e9sion.<\/p>\n<p>&nbsp;<\/p>\n<h3><strong>Proc\u00e9dures post-op\u00e9ratoires :<\/strong><\/h3>\n<p>Les proc\u00e9dures postop\u00e9ratoires doivent \u00eatre g\u00e9r\u00e9es en collaboration par l&rsquo;orthop\u00e9diste et le m\u00e9decin de premier recours, en collaboration avec l&rsquo;\u00e9quipe interdisciplinaire. Apr\u00e8s les proc\u00e9dures th\u00e9rapeutiques et de r\u00e9\u00e9ducation d\u00e9crites dans ce protocole pour l&rsquo;\u00e9paule, le patient peut \u00eatre immobilis\u00e9 pendant deux \u00e0 trois semaines. Pendant la phase de r\u00e9adaptation, les activit\u00e9s, qu&rsquo;elles soient professionnelles ou non, doivent \u00eatre limit\u00e9es pendant six \u00e0 huit semaines. La progression vers la reprise du travail d\u00e9pendra de la r\u00e9action du patient \u00e0 la r\u00e9\u00e9ducation et des exigences sp\u00e9cifiques de son travail.<\/p>\n<\/div>\n<\/div>\n<\/div>\n<div class=\"mt-1 flex justify-start gap-3 empty:hidden\">\n<div class=\"text-gray-400 flex self-end lg:self-center justify-center lg:justify-start mt-0 -ml-1 visible\">\n<p>&nbsp;<\/p>\n<div class=\"flex\"><\/div>\n<div class=\"flex items-center gap-1.5 text-xs\"><\/div>\n<\/div>\n<\/div>\n<\/div>\n<\/div>\n<\/div>\n<\/div>\n<\/div>\n<\/div>\n<\/div>\n<\/div>\n<\/div>\n<div class=\"w-full pt-2 md:pt-0 dark:border-white\/20 md:border-transparent md:dark:border-transparent md:w-[calc(100%-.5rem)]\">\n<form class=\"stretch mx-2 flex flex-row gap-3 last:mb-2 md:mx-4 md:last:mb-6 lg:mx-auto lg:max-w-2xl xl:max-w-3xl\">\n<div class=\"relative flex h-full flex-1 items-stretch md:flex-col\">\n<div class=\"flex w-full items-center\"><\/div>\n<\/div>\n<\/form>\n<\/div>\n<p>&nbsp;<\/p>\n","protected":false},"excerpt":{"rendered":"<p>Les lignes directrices \u00e9labor\u00e9es par la Commission des accidents du travail de l&rsquo;\u00c9tat de New York ont pour but d&rsquo;aider les professionnels de la sant\u00e9 \u00e0 fournir un traitement appropri\u00e9 pour les entorses\/dislocations de l&rsquo;articulation acromio-claviculaire. Con\u00e7ues \u00e0 l&rsquo;intention des m\u00e9decins, ces lignes directrices de la Commission des accidents du travail aident \u00e0 d\u00e9terminer la [&hellip;]<\/p>\n","protected":false},"author":33,"featured_media":0,"parent":22335,"menu_order":0,"comment_status":"closed","ping_status":"closed","template":"","meta":{"_et_pb_use_builder":"","_et_pb_old_content":"","_et_gb_content_width":"","footnotes":""},"class_list":["post-22114","page","type-page","status-publish","hentry"],"yoast_head":"<!-- This site is optimized with the Yoast SEO plugin v27.2 - https:\/\/yoast.com\/product\/yoast-seo-wordpress\/ -->\n<title>Directives m\u00e9dicales de l&#039;\u00c9tat de New York pour le traitement des entorses \/ luxations de l&#039;articulation acromio-claviculaire chez les patients indemnis\u00e9s pour accident du travail | Best Hip &amp; Knee Surgeon | NY, USA<\/title>\n<meta name=\"description\" content=\"Les lignes directrices \u00e9labor\u00e9es par la Commission des accidents du travail de l&#039;\u00c9tat de New York ont pour but d&#039;aider les professionnels de la sant\u00e9 \u00e0\" \/>\n<meta name=\"robots\" content=\"index, follow, max-snippet:-1, max-image-preview:large, max-video-preview:-1\" \/>\n<link rel=\"canonical\" href=\"https:\/\/www.newyorkhipknee.com\/fr\/indemnisation-des-travailleurs\/lignes-directrices-pour-les-traitements-medicaux-mtg\/blessure-a-lepaule\/entorses-luxations-de-larticulation-acromio-claviculaire\/\" \/>\n<meta property=\"og:locale\" content=\"fr_FR\" \/>\n<meta property=\"og:type\" content=\"article\" \/>\n<meta property=\"og:title\" content=\"Directives m\u00e9dicales de l&#039;\u00c9tat de New York pour le traitement des entorses \/ luxations de l&#039;articulation acromio-claviculaire chez les patients indemnis\u00e9s pour accident du travail | Best Hip &amp; Knee Surgeon | NY, USA\" \/>\n<meta property=\"og:description\" content=\"Les lignes directrices \u00e9labor\u00e9es par la Commission des accidents du travail de l&#039;\u00c9tat de New York ont pour but d&#039;aider les professionnels de la sant\u00e9 \u00e0\" \/>\n<meta property=\"og:url\" content=\"https:\/\/www.newyorkhipknee.com\/fr\/indemnisation-des-travailleurs\/lignes-directrices-pour-les-traitements-medicaux-mtg\/blessure-a-lepaule\/entorses-luxations-de-larticulation-acromio-claviculaire\/\" \/>\n<meta property=\"og:site_name\" content=\"Best Hip &amp; Knee Surgeon | NY, USA\" \/>\n<meta property=\"article:modified_time\" content=\"2024-01-30T16:46:12+00:00\" \/>\n<meta name=\"twitter:card\" content=\"summary_large_image\" \/>\n<meta name=\"twitter:label1\" content=\"Dur\u00e9e de lecture estim\u00e9e\" \/>\n\t<meta name=\"twitter:data1\" content=\"6 minutes\" \/>\n<script type=\"application\/ld+json\" class=\"yoast-schema-graph\">{\"@context\":\"https:\/\/schema.org\",\"@graph\":[{\"@type\":[\"WebPage\",\"MedicalWebPage\"],\"@id\":\"https:\/\/www.newyorkhipknee.com\/fr\/indemnisation-des-travailleurs\/lignes-directrices-pour-les-traitements-medicaux-mtg\/blessure-a-lepaule\/entorses-luxations-de-larticulation-acromio-claviculaire\/\",\"url\":\"https:\/\/www.newyorkhipknee.com\/fr\/indemnisation-des-travailleurs\/lignes-directrices-pour-les-traitements-medicaux-mtg\/blessure-a-lepaule\/entorses-luxations-de-larticulation-acromio-claviculaire\/\",\"name\":\"Directives m\u00e9dicales de l'\u00c9tat de New York pour le traitement des entorses \/ luxations de l'articulation acromio-claviculaire chez les patients indemnis\u00e9s pour accident du travail | Best Hip &amp; Knee Surgeon | NY, USA\",\"isPartOf\":{\"@id\":\"https:\/\/www.newyorkhipknee.com\/fr\/#website\"},\"datePublished\":\"2024-01-16T21:15:54+00:00\",\"dateModified\":\"2024-01-30T16:46:12+00:00\",\"description\":\"Les lignes directrices \u00e9labor\u00e9es par la Commission des accidents du travail de l'\u00c9tat de New York ont pour but d'aider les professionnels de la sant\u00e9 \u00e0\",\"breadcrumb\":{\"@id\":\"https:\/\/www.newyorkhipknee.com\/fr\/indemnisation-des-travailleurs\/lignes-directrices-pour-les-traitements-medicaux-mtg\/blessure-a-lepaule\/entorses-luxations-de-larticulation-acromio-claviculaire\/#breadcrumb\"},\"inLanguage\":\"fr-FR\",\"potentialAction\":[{\"@type\":\"ReadAction\",\"target\":[\"https:\/\/www.newyorkhipknee.com\/fr\/indemnisation-des-travailleurs\/lignes-directrices-pour-les-traitements-medicaux-mtg\/blessure-a-lepaule\/entorses-luxations-de-larticulation-acromio-claviculaire\/\"]}]},{\"@type\":\"BreadcrumbList\",\"@id\":\"https:\/\/www.newyorkhipknee.com\/fr\/indemnisation-des-travailleurs\/lignes-directrices-pour-les-traitements-medicaux-mtg\/blessure-a-lepaule\/entorses-luxations-de-larticulation-acromio-claviculaire\/#breadcrumb\",\"itemListElement\":[{\"@type\":\"ListItem\",\"position\":1,\"name\":\"Home\",\"item\":\"https:\/\/www.newyorkhipknee.com\/fr\/\"},{\"@type\":\"ListItem\",\"position\":2,\"name\":\"Indemnisation des travailleurs\",\"item\":\"https:\/\/www.newyorkhipknee.com\/fr\/indemnisation-des-travailleurs\/\"},{\"@type\":\"ListItem\",\"position\":3,\"name\":\"Lignes directrices pour les traitements m\u00e9dicaux (MTG)\",\"item\":\"https:\/\/www.newyorkhipknee.com\/fr\/indemnisation-des-travailleurs\/lignes-directrices-pour-les-traitements-medicaux-mtg\/\"},{\"@type\":\"ListItem\",\"position\":4,\"name\":\"Directives m\u00e9dicales de l&rsquo;\u00c9tat de New York pour le traitement des l\u00e9sions de l&rsquo;\u00e9paule chez les travailleurs indemnis\u00e9s\",\"item\":\"https:\/\/www.newyorkhipknee.com\/fr\/indemnisation-des-travailleurs\/lignes-directrices-pour-les-traitements-medicaux-mtg\/blessure-a-lepaule\/\"},{\"@type\":\"ListItem\",\"position\":5,\"name\":\"Directives m\u00e9dicales de l&rsquo;\u00c9tat de New York pour le traitement des entorses \/ luxations de l&rsquo;articulation acromio-claviculaire chez les patients indemnis\u00e9s pour accident du travail\"}]},{\"@type\":\"WebSite\",\"@id\":\"https:\/\/www.newyorkhipknee.com\/fr\/#website\",\"url\":\"https:\/\/www.newyorkhipknee.com\/fr\/\",\"name\":\"Best Hip & Knee Surgeon | NY, USA\",\"description\":\"\",\"potentialAction\":[{\"@type\":\"SearchAction\",\"target\":{\"@type\":\"EntryPoint\",\"urlTemplate\":\"https:\/\/www.newyorkhipknee.com\/fr\/?s={search_term_string}\"},\"query-input\":{\"@type\":\"PropertyValueSpecification\",\"valueRequired\":true,\"valueName\":\"search_term_string\"}}],\"inLanguage\":\"fr-FR\"}]}<\/script>\n<!-- \/ Yoast SEO plugin. -->","yoast_head_json":{"title":"Directives m\u00e9dicales de l'\u00c9tat de New York pour le traitement des entorses \/ luxations de l'articulation acromio-claviculaire chez les patients indemnis\u00e9s pour accident du travail | Best Hip &amp; Knee Surgeon | NY, USA","description":"Les lignes directrices \u00e9labor\u00e9es par la Commission des accidents du travail de l'\u00c9tat de New York ont pour but d'aider les professionnels de la sant\u00e9 \u00e0","robots":{"index":"index","follow":"follow","max-snippet":"max-snippet:-1","max-image-preview":"max-image-preview:large","max-video-preview":"max-video-preview:-1"},"canonical":"https:\/\/www.newyorkhipknee.com\/fr\/indemnisation-des-travailleurs\/lignes-directrices-pour-les-traitements-medicaux-mtg\/blessure-a-lepaule\/entorses-luxations-de-larticulation-acromio-claviculaire\/","og_locale":"fr_FR","og_type":"article","og_title":"Directives m\u00e9dicales de l'\u00c9tat de New York pour le traitement des entorses \/ luxations de l'articulation acromio-claviculaire chez les patients indemnis\u00e9s pour accident du travail | Best Hip &amp; Knee Surgeon | NY, USA","og_description":"Les lignes directrices \u00e9labor\u00e9es par la Commission des accidents du travail de l'\u00c9tat de New York ont pour but d'aider les professionnels de la sant\u00e9 \u00e0","og_url":"https:\/\/www.newyorkhipknee.com\/fr\/indemnisation-des-travailleurs\/lignes-directrices-pour-les-traitements-medicaux-mtg\/blessure-a-lepaule\/entorses-luxations-de-larticulation-acromio-claviculaire\/","og_site_name":"Best Hip &amp; Knee Surgeon | NY, USA","article_modified_time":"2024-01-30T16:46:12+00:00","twitter_card":"summary_large_image","twitter_misc":{"Dur\u00e9e de lecture estim\u00e9e":"6 minutes"},"schema":{"@context":"https:\/\/schema.org","@graph":[{"@type":["WebPage","MedicalWebPage"],"@id":"https:\/\/www.newyorkhipknee.com\/fr\/indemnisation-des-travailleurs\/lignes-directrices-pour-les-traitements-medicaux-mtg\/blessure-a-lepaule\/entorses-luxations-de-larticulation-acromio-claviculaire\/","url":"https:\/\/www.newyorkhipknee.com\/fr\/indemnisation-des-travailleurs\/lignes-directrices-pour-les-traitements-medicaux-mtg\/blessure-a-lepaule\/entorses-luxations-de-larticulation-acromio-claviculaire\/","name":"Directives m\u00e9dicales de l'\u00c9tat de New York pour le traitement des entorses \/ luxations de l'articulation acromio-claviculaire chez les patients indemnis\u00e9s pour accident du travail | Best Hip &amp; Knee Surgeon | NY, USA","isPartOf":{"@id":"https:\/\/www.newyorkhipknee.com\/fr\/#website"},"datePublished":"2024-01-16T21:15:54+00:00","dateModified":"2024-01-30T16:46:12+00:00","description":"Les lignes directrices \u00e9labor\u00e9es par la Commission des accidents du travail de l'\u00c9tat de New York ont pour but d'aider les professionnels de la sant\u00e9 \u00e0","breadcrumb":{"@id":"https:\/\/www.newyorkhipknee.com\/fr\/indemnisation-des-travailleurs\/lignes-directrices-pour-les-traitements-medicaux-mtg\/blessure-a-lepaule\/entorses-luxations-de-larticulation-acromio-claviculaire\/#breadcrumb"},"inLanguage":"fr-FR","potentialAction":[{"@type":"ReadAction","target":["https:\/\/www.newyorkhipknee.com\/fr\/indemnisation-des-travailleurs\/lignes-directrices-pour-les-traitements-medicaux-mtg\/blessure-a-lepaule\/entorses-luxations-de-larticulation-acromio-claviculaire\/"]}]},{"@type":"BreadcrumbList","@id":"https:\/\/www.newyorkhipknee.com\/fr\/indemnisation-des-travailleurs\/lignes-directrices-pour-les-traitements-medicaux-mtg\/blessure-a-lepaule\/entorses-luxations-de-larticulation-acromio-claviculaire\/#breadcrumb","itemListElement":[{"@type":"ListItem","position":1,"name":"Home","item":"https:\/\/www.newyorkhipknee.com\/fr\/"},{"@type":"ListItem","position":2,"name":"Indemnisation des travailleurs","item":"https:\/\/www.newyorkhipknee.com\/fr\/indemnisation-des-travailleurs\/"},{"@type":"ListItem","position":3,"name":"Lignes directrices pour les traitements m\u00e9dicaux (MTG)","item":"https:\/\/www.newyorkhipknee.com\/fr\/indemnisation-des-travailleurs\/lignes-directrices-pour-les-traitements-medicaux-mtg\/"},{"@type":"ListItem","position":4,"name":"Directives m\u00e9dicales de l&rsquo;\u00c9tat de New York pour le traitement des l\u00e9sions de l&rsquo;\u00e9paule chez les travailleurs indemnis\u00e9s","item":"https:\/\/www.newyorkhipknee.com\/fr\/indemnisation-des-travailleurs\/lignes-directrices-pour-les-traitements-medicaux-mtg\/blessure-a-lepaule\/"},{"@type":"ListItem","position":5,"name":"Directives m\u00e9dicales de l&rsquo;\u00c9tat de New York pour le traitement des entorses \/ luxations de l&rsquo;articulation acromio-claviculaire chez les patients indemnis\u00e9s pour accident du travail"}]},{"@type":"WebSite","@id":"https:\/\/www.newyorkhipknee.com\/fr\/#website","url":"https:\/\/www.newyorkhipknee.com\/fr\/","name":"Best Hip & Knee Surgeon | NY, USA","description":"","potentialAction":[{"@type":"SearchAction","target":{"@type":"EntryPoint","urlTemplate":"https:\/\/www.newyorkhipknee.com\/fr\/?s={search_term_string}"},"query-input":{"@type":"PropertyValueSpecification","valueRequired":true,"valueName":"search_term_string"}}],"inLanguage":"fr-FR"}]}},"_links":{"self":[{"href":"https:\/\/www.newyorkhipknee.com\/fr\/wp-json\/wp\/v2\/pages\/22114","targetHints":{"allow":["GET"]}}],"collection":[{"href":"https:\/\/www.newyorkhipknee.com\/fr\/wp-json\/wp\/v2\/pages"}],"about":[{"href":"https:\/\/www.newyorkhipknee.com\/fr\/wp-json\/wp\/v2\/types\/page"}],"author":[{"embeddable":true,"href":"https:\/\/www.newyorkhipknee.com\/fr\/wp-json\/wp\/v2\/users\/33"}],"replies":[{"embeddable":true,"href":"https:\/\/www.newyorkhipknee.com\/fr\/wp-json\/wp\/v2\/comments?post=22114"}],"version-history":[{"count":0,"href":"https:\/\/www.newyorkhipknee.com\/fr\/wp-json\/wp\/v2\/pages\/22114\/revisions"}],"up":[{"embeddable":true,"href":"https:\/\/www.newyorkhipknee.com\/fr\/wp-json\/wp\/v2\/pages\/22335"}],"wp:attachment":[{"href":"https:\/\/www.newyorkhipknee.com\/fr\/wp-json\/wp\/v2\/media?parent=22114"}],"curies":[{"name":"wp","href":"https:\/\/api.w.org\/{rel}","templated":true}]}}