{"id":22123,"date":"2024-01-17T16:32:23","date_gmt":"2024-01-17T21:32:23","guid":{"rendered":"https:\/\/newyorkhipknee.com\/bursite-de-lepaule\/"},"modified":"2024-01-30T11:47:37","modified_gmt":"2024-01-30T16:47:37","slug":"bursite-de-lepaule","status":"publish","type":"page","link":"https:\/\/www.newyorkhipknee.com\/fr\/indemnisation-des-travailleurs\/lignes-directrices-pour-les-traitements-medicaux-mtg\/blessure-a-lepaule\/bursite-de-lepaule\/","title":{"rendered":"Directives m\u00e9dicales de l&rsquo;\u00c9tat de New York pour le traitement de la bursite de l&rsquo;\u00e9paule chez les travailleurs indemnis\u00e9s"},"content":{"rendered":"<p>Les lignes directrices \u00e9labor\u00e9es par la commission des accidents du travail de l&rsquo;\u00c9tat de New York ont pour but d&rsquo;aider les professionnels de la sant\u00e9 \u00e0 fournir un traitement appropri\u00e9 pour la bursite de l&rsquo;\u00e9paule.<\/p>\n<p>Con\u00e7ues \u00e0 l&rsquo;intention des m\u00e9decins, ces lignes directrices de la Commission des accidents du travail aident \u00e0 d\u00e9terminer la marche \u00e0 suivre pour les personnes souffrant d&rsquo;une bursite \u00e0 l&rsquo;\u00e9paule.<\/p>\n<p>Il est important de souligner que ces lignes directrices ne remplacent pas le jugement clinique ou l&rsquo;exp\u00e9rience professionnelle. La d\u00e9cision finale concernant le traitement de la bursite de l&rsquo;\u00e9paule doit \u00eatre prise en collaboration avec le patient et son prestataire de soins de sant\u00e9.<\/p>\n<h2><\/h2>\n<h2><strong>Inflammation de la bourse de l&rsquo;\u00e9paule Vue d&rsquo;ensemble<\/strong><\/h2>\n<p>L&rsquo;inflammation, aigu\u00eb ou chronique, de la bourse &#8211; un sac rempli de liquide &#8211; peut r\u00e9sulter de facteurs tels qu&rsquo;un traumatisme, un surmenage chronique, une arthrite inflammatoire ou une infection aigu\u00eb ou chronique. Cette affection se manifeste g\u00e9n\u00e9ralement par une douleur et une sensibilit\u00e9 localis\u00e9es au niveau de l&rsquo;\u00e9paule.<\/p>\n<p>&nbsp;<\/p>\n<h3><strong>Historique et m\u00e9canisme de la blessure<\/strong><\/h3>\n<ul>\n<li>M\u00e9canisme de la l\u00e9sion : L&rsquo;apparition des sympt\u00f4mes, la date, le m\u00e9canisme d&rsquo;apparition et les ant\u00e9c\u00e9dents professionnels doivent \u00eatre mis en corr\u00e9lation avec l&rsquo;intensit\u00e9, le caract\u00e8re, la dur\u00e9e et la fr\u00e9quence de la douleur et de la g\u00eane associ\u00e9es.<\/li>\n<li>Les ant\u00e9c\u00e9dents peuvent inclure des douleurs nocturnes, des douleurs lors d&rsquo;activit\u00e9s au-dessus de l&rsquo;\u00e9paule, des sensations de faiblesse de l&rsquo;\u00e9paule, des traitements ant\u00e9rieurs pour les plaintes pr\u00e9sent\u00e9es, des limitations sp\u00e9cifiques de mouvement et des ant\u00e9c\u00e9dents familiaux pertinents.<\/li>\n<\/ul>\n<p>&nbsp;<\/p>\n<h3><strong>R\u00e9sultats de l&rsquo;examen physique<\/strong><\/h3>\n<ul>\n<li>La palpation peut provoquer une sensibilit\u00e9 localis\u00e9e au niveau de la bourse ou du tendon enflamm\u00e9.<\/li>\n<li>Perte de mouvement pendant l&rsquo;activit\u00e9.<\/li>\n<li>Un arc douloureux peut \u00eatre observ\u00e9 entre 40 et 120 degr\u00e9s.<\/li>\n<li>La bursite peut \u00eatre associ\u00e9e \u00e0 d&rsquo;autres diagnostics de l\u00e9sions de l&rsquo;\u00e9paule comme le conflit, l&rsquo;instabilit\u00e9 de la coiffe des rotateurs, la tendinite, etc.<\/li>\n<\/ul>\n<p>&nbsp;<\/p>\n<h3><strong>Tests de laboratoire<\/strong><\/h3>\n<p>Recommand\u00e9 de mani\u00e8re s\u00e9lective chez les patients cliniquement indiqu\u00e9s. Les indications comprennent l&rsquo;exclusion d&rsquo;une maladie ou d&rsquo;une affection syst\u00e9mique lorsque la pr\u00e9sentation clinique indique la n\u00e9cessit\u00e9 d&rsquo;un tel test. Dans de rares cas, les tests peuvent inclure la vitesse de s\u00e9dimentation, le profil rhumato\u00efde, l&rsquo;h\u00e9mogramme complet avec diff\u00e9rentiel et le taux d&rsquo;acide urique s\u00e9rique. Un d\u00e9pistage syst\u00e9matique d&rsquo;autres troubles m\u00e9dicaux peut s&rsquo;av\u00e9rer n\u00e9cessaire, de m\u00eame qu&rsquo;une aspiration bursale avec analyse du liquide.<\/p>\n<p>&nbsp;<\/p>\n<h3><strong>Proc\u00e9dures de test : Radiographie<\/strong><\/h3>\n<p>Recommand\u00e9 de mani\u00e8re s\u00e9lective chez les patients cliniquement indiqu\u00e9s. Les indications comprennent la r\u00e9alisation de radiographies simples afin d&rsquo;exclure d&rsquo;autres pathologies de l&rsquo;\u00e9paule.<\/p>\n<p>&nbsp;<\/p>\n<h3><strong>Approches th\u00e9rapeutiques non op\u00e9ratoires<\/strong><\/h3>\n<ul>\n<li>Les prestations peuvent \u00eatre obtenues gr\u00e2ce \u00e0 des proc\u00e9dures de traitement non chirurgical, notamment l&rsquo;immobilisation, l&rsquo;exercice th\u00e9rapeutique, la modification de l&rsquo;occupation et du poste de travail, la th\u00e9rapie thermique et les ultrasons.<\/li>\n<li>L&rsquo;utilisation exclusive de modalit\u00e9s passives doit \u00eatre limit\u00e9e aux deux ou trois premi\u00e8res semaines de la phase aigu\u00eb de la g\u00eane \u00e0 l&rsquo;\u00e9paule et \u00eatre accompagn\u00e9e de th\u00e9rapies actives d\u00e8s que cela s&rsquo;av\u00e8re appropri\u00e9.<\/li>\n<li>La reprise du travail sans activit\u00e9s au-dessus de la t\u00eate et sans soulever de charges avec le bras concern\u00e9 peut \u00eatre autoris\u00e9e une fois que le m\u00e9decin a donn\u00e9 son accord, en progressant progressivement vers des activit\u00e9s plus lourdes.<\/li>\n<li>Les autres modalit\u00e9s\/proc\u00e9dures de traitement peuvent inclure la m\u00e9decine physique et la r\u00e9adaptation, l&rsquo;enseignement d&rsquo;exercices th\u00e9rapeutiques, une technique de travail appropri\u00e9e, la th\u00e9rapie manuelle, la r\u00e9adaptation professionnelle, l&rsquo;\u00e9valuation professionnelle et une approche d&rsquo;\u00e9quipe interdisciplinaire.<\/li>\n<\/ul>\n<p><strong>Options de m\u00e9dication<\/strong><br \/>\nDes m\u00e9dicaments tels que les anti-inflammatoires non st\u00e9ro\u00efdiens, les st\u00e9ro\u00efdes oraux et les analg\u00e9siques peuvent \u00eatre envisag\u00e9s.<\/p>\n<p>&nbsp;<\/p>\n<h3><strong>Injection intra-bursale de st\u00e9ro\u00efdes<\/strong><\/h3>\n<ul>\n<li><strong>Recommand\u00e9<\/strong>\n<ul>\n<li><strong>Fr\u00e9quence :<\/strong> Pas plus de deux \u00e0 trois fois par an. En g\u00e9n\u00e9ral, une ou deux injections suffisent.<\/li>\n<li>Un intervalle minimum de trois semaines entre les injections est recommand\u00e9.<\/li>\n<li><strong>Dur\u00e9e maximale :<\/strong> Limit\u00e9e \u00e0 trois injections par an au m\u00eame endroit.<\/li>\n<\/ul>\n<\/li>\n<\/ul>\n<p>&nbsp;<\/p>\n<h3><strong>Proc\u00e9dures op\u00e9ratoires<\/strong><\/h3>\n<ul>\n<li><strong>Non recommand\u00e9<\/strong>\n<ul>\n<li>Pour les bursites pures.<\/li>\n<\/ul>\n<\/li>\n<\/ul>\n<p>&nbsp;<\/p>\n<div class=\"textwidget\">\n<p>&nbsp;<\/p>\n<\/div>\n","protected":false},"excerpt":{"rendered":"<p>Les lignes directrices \u00e9labor\u00e9es par la commission des accidents du travail de l&rsquo;\u00c9tat de New York ont pour but d&rsquo;aider les professionnels de la sant\u00e9 \u00e0 fournir un traitement appropri\u00e9 pour la bursite de l&rsquo;\u00e9paule. Con\u00e7ues \u00e0 l&rsquo;intention des m\u00e9decins, ces lignes directrices de la Commission des accidents du travail aident \u00e0 d\u00e9terminer la marche [&hellip;]<\/p>\n","protected":false},"author":33,"featured_media":0,"parent":22335,"menu_order":0,"comment_status":"closed","ping_status":"closed","template":"","meta":{"_et_pb_use_builder":"","_et_pb_old_content":"","_et_gb_content_width":"","footnotes":""},"class_list":["post-22123","page","type-page","status-publish","hentry"],"yoast_head":"<!-- This site is optimized with the Yoast SEO plugin v27.2 - https:\/\/yoast.com\/product\/yoast-seo-wordpress\/ -->\n<title>Directives m\u00e9dicales de l&#039;\u00c9tat de New York pour le traitement de la bursite de l&#039;\u00e9paule chez les travailleurs indemnis\u00e9s | Best Hip &amp; Knee Surgeon | NY, USA<\/title>\n<meta name=\"description\" content=\"Les lignes directrices \u00e9labor\u00e9es par la commission des accidents du travail de l&#039;\u00c9tat de New York ont pour but d&#039;aider les professionnels de la sant\u00e9 \u00e0\" \/>\n<meta name=\"robots\" content=\"index, follow, max-snippet:-1, max-image-preview:large, max-video-preview:-1\" \/>\n<link rel=\"canonical\" href=\"https:\/\/www.newyorkhipknee.com\/fr\/indemnisation-des-travailleurs\/lignes-directrices-pour-les-traitements-medicaux-mtg\/blessure-a-lepaule\/bursite-de-lepaule\/\" \/>\n<meta property=\"og:locale\" content=\"fr_FR\" \/>\n<meta property=\"og:type\" content=\"article\" \/>\n<meta property=\"og:title\" content=\"Directives m\u00e9dicales de l&#039;\u00c9tat de New York pour le traitement de la bursite de l&#039;\u00e9paule chez les travailleurs indemnis\u00e9s | Best Hip &amp; Knee Surgeon | NY, USA\" \/>\n<meta property=\"og:description\" content=\"Les lignes directrices \u00e9labor\u00e9es par la commission des accidents du travail de l&#039;\u00c9tat de New York ont pour but d&#039;aider les professionnels de la sant\u00e9 \u00e0\" \/>\n<meta property=\"og:url\" content=\"https:\/\/www.newyorkhipknee.com\/fr\/indemnisation-des-travailleurs\/lignes-directrices-pour-les-traitements-medicaux-mtg\/blessure-a-lepaule\/bursite-de-lepaule\/\" \/>\n<meta property=\"og:site_name\" content=\"Best Hip &amp; Knee Surgeon | NY, USA\" \/>\n<meta property=\"article:modified_time\" content=\"2024-01-30T16:47:37+00:00\" \/>\n<meta name=\"twitter:card\" content=\"summary_large_image\" \/>\n<meta name=\"twitter:label1\" content=\"Dur\u00e9e de lecture estim\u00e9e\" \/>\n\t<meta name=\"twitter:data1\" content=\"4 minutes\" \/>\n<script type=\"application\/ld+json\" class=\"yoast-schema-graph\">{\"@context\":\"https:\/\/schema.org\",\"@graph\":[{\"@type\":[\"WebPage\",\"MedicalWebPage\"],\"@id\":\"https:\/\/www.newyorkhipknee.com\/fr\/indemnisation-des-travailleurs\/lignes-directrices-pour-les-traitements-medicaux-mtg\/blessure-a-lepaule\/bursite-de-lepaule\/\",\"url\":\"https:\/\/www.newyorkhipknee.com\/fr\/indemnisation-des-travailleurs\/lignes-directrices-pour-les-traitements-medicaux-mtg\/blessure-a-lepaule\/bursite-de-lepaule\/\",\"name\":\"Directives m\u00e9dicales de l'\u00c9tat de New York pour le traitement de la bursite de l'\u00e9paule chez les travailleurs indemnis\u00e9s | Best Hip &amp; Knee Surgeon | NY, USA\",\"isPartOf\":{\"@id\":\"https:\/\/www.newyorkhipknee.com\/fr\/#website\"},\"datePublished\":\"2024-01-17T21:32:23+00:00\",\"dateModified\":\"2024-01-30T16:47:37+00:00\",\"description\":\"Les lignes directrices \u00e9labor\u00e9es par la commission des accidents du travail de l'\u00c9tat de New York ont pour but d'aider les professionnels de la sant\u00e9 \u00e0\",\"breadcrumb\":{\"@id\":\"https:\/\/www.newyorkhipknee.com\/fr\/indemnisation-des-travailleurs\/lignes-directrices-pour-les-traitements-medicaux-mtg\/blessure-a-lepaule\/bursite-de-lepaule\/#breadcrumb\"},\"inLanguage\":\"fr-FR\",\"potentialAction\":[{\"@type\":\"ReadAction\",\"target\":[\"https:\/\/www.newyorkhipknee.com\/fr\/indemnisation-des-travailleurs\/lignes-directrices-pour-les-traitements-medicaux-mtg\/blessure-a-lepaule\/bursite-de-lepaule\/\"]}]},{\"@type\":\"BreadcrumbList\",\"@id\":\"https:\/\/www.newyorkhipknee.com\/fr\/indemnisation-des-travailleurs\/lignes-directrices-pour-les-traitements-medicaux-mtg\/blessure-a-lepaule\/bursite-de-lepaule\/#breadcrumb\",\"itemListElement\":[{\"@type\":\"ListItem\",\"position\":1,\"name\":\"Home\",\"item\":\"https:\/\/www.newyorkhipknee.com\/fr\/\"},{\"@type\":\"ListItem\",\"position\":2,\"name\":\"Indemnisation des travailleurs\",\"item\":\"https:\/\/www.newyorkhipknee.com\/fr\/indemnisation-des-travailleurs\/\"},{\"@type\":\"ListItem\",\"position\":3,\"name\":\"Lignes directrices pour les traitements m\u00e9dicaux (MTG)\",\"item\":\"https:\/\/www.newyorkhipknee.com\/fr\/indemnisation-des-travailleurs\/lignes-directrices-pour-les-traitements-medicaux-mtg\/\"},{\"@type\":\"ListItem\",\"position\":4,\"name\":\"Directives m\u00e9dicales de l&rsquo;\u00c9tat de New York pour le traitement des l\u00e9sions de l&rsquo;\u00e9paule chez les travailleurs indemnis\u00e9s\",\"item\":\"https:\/\/www.newyorkhipknee.com\/fr\/indemnisation-des-travailleurs\/lignes-directrices-pour-les-traitements-medicaux-mtg\/blessure-a-lepaule\/\"},{\"@type\":\"ListItem\",\"position\":5,\"name\":\"Directives m\u00e9dicales de l&rsquo;\u00c9tat de New York pour le traitement de la bursite de l&rsquo;\u00e9paule chez les travailleurs indemnis\u00e9s\"}]},{\"@type\":\"WebSite\",\"@id\":\"https:\/\/www.newyorkhipknee.com\/fr\/#website\",\"url\":\"https:\/\/www.newyorkhipknee.com\/fr\/\",\"name\":\"Best Hip & Knee Surgeon | NY, USA\",\"description\":\"\",\"potentialAction\":[{\"@type\":\"SearchAction\",\"target\":{\"@type\":\"EntryPoint\",\"urlTemplate\":\"https:\/\/www.newyorkhipknee.com\/fr\/?s={search_term_string}\"},\"query-input\":{\"@type\":\"PropertyValueSpecification\",\"valueRequired\":true,\"valueName\":\"search_term_string\"}}],\"inLanguage\":\"fr-FR\"}]}<\/script>\n<!-- \/ Yoast SEO plugin. -->","yoast_head_json":{"title":"Directives m\u00e9dicales de l'\u00c9tat de New York pour le traitement de la bursite de l'\u00e9paule chez les travailleurs indemnis\u00e9s | Best Hip &amp; Knee Surgeon | NY, USA","description":"Les lignes directrices \u00e9labor\u00e9es par la commission des accidents du travail de l'\u00c9tat de New York ont pour but d'aider les professionnels de la sant\u00e9 \u00e0","robots":{"index":"index","follow":"follow","max-snippet":"max-snippet:-1","max-image-preview":"max-image-preview:large","max-video-preview":"max-video-preview:-1"},"canonical":"https:\/\/www.newyorkhipknee.com\/fr\/indemnisation-des-travailleurs\/lignes-directrices-pour-les-traitements-medicaux-mtg\/blessure-a-lepaule\/bursite-de-lepaule\/","og_locale":"fr_FR","og_type":"article","og_title":"Directives m\u00e9dicales de l'\u00c9tat de New York pour le traitement de la bursite de l'\u00e9paule chez les travailleurs indemnis\u00e9s | Best Hip &amp; Knee Surgeon | NY, USA","og_description":"Les lignes directrices \u00e9labor\u00e9es par la commission des accidents du travail de l'\u00c9tat de New York ont pour but d'aider les professionnels de la sant\u00e9 \u00e0","og_url":"https:\/\/www.newyorkhipknee.com\/fr\/indemnisation-des-travailleurs\/lignes-directrices-pour-les-traitements-medicaux-mtg\/blessure-a-lepaule\/bursite-de-lepaule\/","og_site_name":"Best Hip &amp; Knee Surgeon | NY, USA","article_modified_time":"2024-01-30T16:47:37+00:00","twitter_card":"summary_large_image","twitter_misc":{"Dur\u00e9e de lecture estim\u00e9e":"4 minutes"},"schema":{"@context":"https:\/\/schema.org","@graph":[{"@type":["WebPage","MedicalWebPage"],"@id":"https:\/\/www.newyorkhipknee.com\/fr\/indemnisation-des-travailleurs\/lignes-directrices-pour-les-traitements-medicaux-mtg\/blessure-a-lepaule\/bursite-de-lepaule\/","url":"https:\/\/www.newyorkhipknee.com\/fr\/indemnisation-des-travailleurs\/lignes-directrices-pour-les-traitements-medicaux-mtg\/blessure-a-lepaule\/bursite-de-lepaule\/","name":"Directives m\u00e9dicales de l'\u00c9tat de New York pour le traitement de la bursite de l'\u00e9paule chez les travailleurs indemnis\u00e9s | Best Hip &amp; Knee Surgeon | NY, USA","isPartOf":{"@id":"https:\/\/www.newyorkhipknee.com\/fr\/#website"},"datePublished":"2024-01-17T21:32:23+00:00","dateModified":"2024-01-30T16:47:37+00:00","description":"Les lignes directrices \u00e9labor\u00e9es par la commission des accidents du travail de l'\u00c9tat de New York ont pour but d'aider les professionnels de la sant\u00e9 \u00e0","breadcrumb":{"@id":"https:\/\/www.newyorkhipknee.com\/fr\/indemnisation-des-travailleurs\/lignes-directrices-pour-les-traitements-medicaux-mtg\/blessure-a-lepaule\/bursite-de-lepaule\/#breadcrumb"},"inLanguage":"fr-FR","potentialAction":[{"@type":"ReadAction","target":["https:\/\/www.newyorkhipknee.com\/fr\/indemnisation-des-travailleurs\/lignes-directrices-pour-les-traitements-medicaux-mtg\/blessure-a-lepaule\/bursite-de-lepaule\/"]}]},{"@type":"BreadcrumbList","@id":"https:\/\/www.newyorkhipknee.com\/fr\/indemnisation-des-travailleurs\/lignes-directrices-pour-les-traitements-medicaux-mtg\/blessure-a-lepaule\/bursite-de-lepaule\/#breadcrumb","itemListElement":[{"@type":"ListItem","position":1,"name":"Home","item":"https:\/\/www.newyorkhipknee.com\/fr\/"},{"@type":"ListItem","position":2,"name":"Indemnisation des travailleurs","item":"https:\/\/www.newyorkhipknee.com\/fr\/indemnisation-des-travailleurs\/"},{"@type":"ListItem","position":3,"name":"Lignes directrices pour les traitements m\u00e9dicaux (MTG)","item":"https:\/\/www.newyorkhipknee.com\/fr\/indemnisation-des-travailleurs\/lignes-directrices-pour-les-traitements-medicaux-mtg\/"},{"@type":"ListItem","position":4,"name":"Directives m\u00e9dicales de l&rsquo;\u00c9tat de New York pour le traitement des l\u00e9sions de l&rsquo;\u00e9paule chez les travailleurs indemnis\u00e9s","item":"https:\/\/www.newyorkhipknee.com\/fr\/indemnisation-des-travailleurs\/lignes-directrices-pour-les-traitements-medicaux-mtg\/blessure-a-lepaule\/"},{"@type":"ListItem","position":5,"name":"Directives m\u00e9dicales de l&rsquo;\u00c9tat de New York pour le traitement de la bursite de l&rsquo;\u00e9paule chez les travailleurs indemnis\u00e9s"}]},{"@type":"WebSite","@id":"https:\/\/www.newyorkhipknee.com\/fr\/#website","url":"https:\/\/www.newyorkhipknee.com\/fr\/","name":"Best Hip & Knee Surgeon | NY, USA","description":"","potentialAction":[{"@type":"SearchAction","target":{"@type":"EntryPoint","urlTemplate":"https:\/\/www.newyorkhipknee.com\/fr\/?s={search_term_string}"},"query-input":{"@type":"PropertyValueSpecification","valueRequired":true,"valueName":"search_term_string"}}],"inLanguage":"fr-FR"}]}},"_links":{"self":[{"href":"https:\/\/www.newyorkhipknee.com\/fr\/wp-json\/wp\/v2\/pages\/22123","targetHints":{"allow":["GET"]}}],"collection":[{"href":"https:\/\/www.newyorkhipknee.com\/fr\/wp-json\/wp\/v2\/pages"}],"about":[{"href":"https:\/\/www.newyorkhipknee.com\/fr\/wp-json\/wp\/v2\/types\/page"}],"author":[{"embeddable":true,"href":"https:\/\/www.newyorkhipknee.com\/fr\/wp-json\/wp\/v2\/users\/33"}],"replies":[{"embeddable":true,"href":"https:\/\/www.newyorkhipknee.com\/fr\/wp-json\/wp\/v2\/comments?post=22123"}],"version-history":[{"count":0,"href":"https:\/\/www.newyorkhipknee.com\/fr\/wp-json\/wp\/v2\/pages\/22123\/revisions"}],"up":[{"embeddable":true,"href":"https:\/\/www.newyorkhipknee.com\/fr\/wp-json\/wp\/v2\/pages\/22335"}],"wp:attachment":[{"href":"https:\/\/www.newyorkhipknee.com\/fr\/wp-json\/wp\/v2\/media?parent=22123"}],"curies":[{"name":"wp","href":"https:\/\/api.w.org\/{rel}","templated":true}]}}