{"id":22128,"date":"2024-01-16T14:50:21","date_gmt":"2024-01-16T19:50:21","guid":{"rendered":"https:\/\/newyorkhipknee.com\/anamnese-et-examen-physique\/"},"modified":"2024-01-30T11:48:46","modified_gmt":"2024-01-30T16:48:46","slug":"anamnese-et-examen-physique","status":"publish","type":"page","link":"https:\/\/www.newyorkhipknee.com\/fr\/indemnisation-des-travailleurs\/lignes-directrices-pour-les-traitements-medicaux-mtg\/blessure-a-lepaule\/anamnese-et-examen-physique\/","title":{"rendered":"Directives de traitement m\u00e9dical de l&rsquo;\u00c9tat de New York pour l&rsquo;anamn\u00e8se et l&rsquo;examen physique des l\u00e9sions de l&rsquo;\u00e9paule chez les patients indemnis\u00e9s au titre de la l\u00e9gislation sur les accidents du travail"},"content":{"rendered":"<p>Les lignes directrices \u00e9tablies par la commission des accidents du travail de l&rsquo;\u00c9tat de New York ont pour but d&rsquo;aider les professionnels de la sant\u00e9 \u00e0 proc\u00e9der \u00e0 une anamn\u00e8se et \u00e0 un examen physique approfondis en cas de blessures \u00e0 l&rsquo;\u00e9paule.<\/p>\n<p>Destin\u00e9es aux m\u00e9decins, ces lignes directrices de la Commission des accidents du travail les aident \u00e0 d\u00e9terminer l&rsquo;approche appropri\u00e9e pour recueillir les ant\u00e9c\u00e9dents m\u00e9dicaux pertinents et effectuer un examen physique complet dans les cas de blessures \u00e0 l&rsquo;\u00e9paule.<\/p>\n<p>Il est essentiel de noter que ces lignes directrices ne remplacent pas le jugement clinique ou l&rsquo;exp\u00e9rience professionnelle. La d\u00e9cision finale concernant l&rsquo;\u00e9valuation des l\u00e9sions de l&rsquo;\u00e9paule par l&rsquo;anamn\u00e8se et l&rsquo;examen physique doit \u00eatre prise en collaboration, en impliquant le patient et son prestataire de soins de sant\u00e9 dans la consultation.<\/p>\n<h2><\/h2>\n<h2><strong>Proc\u00e9dures standard pour le diagnostic de l&rsquo;instabilit\u00e9 de l&rsquo;\u00e9paule li\u00e9e au travail :<\/strong><\/h2>\n<p>Lors de l&rsquo;\u00e9tablissement d&rsquo;un diagnostic d&rsquo;instabilit\u00e9 de l&rsquo;\u00e9paule li\u00e9e au travail, deux proc\u00e9dures \u00e9tablies doivent \u00eatre utilis\u00e9es. Ces proc\u00e9dures servent de pierre angulaire, guidant toutes les \u00e9tapes ult\u00e9rieures des processus diagnostiques et th\u00e9rapeutiques.<\/p>\n<p>&nbsp;<\/p>\n<h2>Prise en compte de l&rsquo;histoire<\/h2>\n<p><strong>Pr\u00e9f\u00e9rence pour les r\u00e9sultats cliniques objectifs :<\/strong> En cas de divergence entre les r\u00e9sultats des \u00e9valuations cliniques et d&rsquo;autres proc\u00e9dures de diagnostic, la priorit\u00e9 doit \u00eatre donn\u00e9e aux r\u00e9sultats cliniques objectifs.<\/p>\n<p><strong>Exigences en mati\u00e8re de documentation dans les dossiers m\u00e9dicaux :<\/strong> Une documentation compl\u00e8te dans les dossiers m\u00e9dicaux est essentielle, couvrant les aspects suivants dans le cadre de l&rsquo;anamn\u00e8se (History Taking) :<\/p>\n<p><strong>Ant\u00e9c\u00e9dents m\u00e9dicaux approfondis :<\/strong> une exploration d\u00e9taill\u00e9e des ant\u00e9c\u00e9dents m\u00e9dicaux du patient est un \u00e9l\u00e9ment crucial.<\/p>\n<p><strong>Relation professionnelle :<\/strong> la profession du patient et sa relation potentielle avec la l\u00e9sion de l&rsquo;\u00e9paule doivent \u00eatre clairement document\u00e9es.<\/p>\n<p><strong>Ant\u00e9c\u00e9dents non professionnels<\/strong> et <strong>professionnels :<\/strong> tout ant\u00e9c\u00e9dent de blessures non professionnelles et d&rsquo;activit\u00e9s professionnelles doit \u00eatre sp\u00e9cifiquement consign\u00e9.<\/p>\n<p><strong>Affections an<\/strong> t\u00e9rieures <strong>du cou, de l&rsquo;\u00e9paule et\/ou du bras :<\/strong> les affections ant\u00e9rieures du cou, de l&rsquo;\u00e9paule et\/ou du bras doivent \u00eatre document\u00e9es.<\/p>\n<p><strong>Examen des syst\u00e8mes :<\/strong> un examen syst\u00e9matique des diff\u00e9rents syst\u00e8mes corporels est n\u00e9cessaire, englobant les sympt\u00f4mes constitutionnels, les yeux, les oreilles, le nez, la bouche, la gorge, les syst\u00e8mes cardiovasculaire, respiratoire, gastro-intestinal, g\u00e9nito-urinaire, musculo-squelettique, t\u00e9gumentaire et mammaire, neurologique, psychiatrique, endocrinien, h\u00e9matologique\/lymphatique, et allergique\/immunologique. L&rsquo;\u00e9tendue de l&rsquo;examen peut \u00eatre ajust\u00e9e au cas par cas en fonction de l&rsquo;\u00e9tat sp\u00e9cifique et du jugement clinique.<\/p>\n<p>&nbsp;<\/p>\n<h3><strong>Constatations physiques<\/strong><\/h3>\n<p>L&rsquo;examen des constatations physiques est adapt\u00e9 aux caract\u00e9ristiques uniques de chaque diagnostic de l\u00e9sion de l&rsquo;\u00e9paule mentionn\u00e9 dans cette section. En raison de la nature complexe du m\u00e9canisme de l&rsquo;\u00e9paule, il est essentiel d&rsquo;envisager une \u00e9valuation des l\u00e9sions concomitantes.<\/p>\n<p>&nbsp;<\/p>\n<h3><strong>Drapeaux rouges<\/strong><\/h3>\n<p>Les \u00ab\u00a0signaux d&rsquo;alerte\u00a0\u00bb sont des r\u00e9sultats sp\u00e9cifiques qui renforcent les inqui\u00e9tudes quant \u00e0 d&rsquo;\u00e9ventuelles conditions m\u00e9dicales graves. L&rsquo;\u00e9valuation, qui comprend l&rsquo;anamn\u00e8se et l&rsquo;examen physique, doit permettre de d\u00e9tecter ces signaux d&rsquo;alarme dans l&rsquo;\u00e9paule. Ces indicateurs peuvent comprendre des fractures, des infections ou des inflammations, des probl\u00e8mes sous-diaphragmatiques et des maladies cardiaques. Les lignes directrices de New York sur le traitement m\u00e9dical des blessures \u00e0 l&rsquo;\u00e9paule int\u00e8grent des modifications de la prise en charge clinique r\u00e9sultant de l&rsquo;identification de \u00ab\u00a0signaux d&rsquo;alarme\u00a0\u00bb, qui peuvent n\u00e9cessiter une \u00e9valuation plus approfondie, une consultation ou une intervention d&rsquo;urgence.<\/p>\n<p>&nbsp;<\/p>\n<h3><strong>Imagerie diagnostique de suivi \/ tests<\/strong><\/h3>\n<p>Comme l&rsquo;explique la section A-13 sur les principes g\u00e9n\u00e9raux, le choix des examens d&rsquo;imagerie diagnostique repose sur la pr\u00e9sentation clinique sp\u00e9cifique du cas et sur le jugement clinique. Dans certains cas, il peut \u00eatre cliniquement n\u00e9cessaire de r\u00e9p\u00e9ter ou d&rsquo;utiliser une autre technique d&rsquo;imagerie diagnostique. Les exemples incluent les situations o\u00f9 un test ant\u00e9rieur a donn\u00e9 des r\u00e9sultats de mauvaise qualit\u00e9 ou non diagnostiques, o\u00f9 il y a un changement dans le sc\u00e9nario clinique (par exemple, apparition de nouveaux sympt\u00f4mes ou aggravation des sympt\u00f4mes, pr\u00e9paration \u00e0 une intervention chirurgicale ou \u00e0 des injections th\u00e9rapeutiques), ou encore o\u00f9 il est essentiel de suivre les progr\u00e8s cliniques (par exemple, apr\u00e8s une intervention chirurgicale) ou la d\u00e9t\u00e9rioration dans le temps.<\/p>\n<p>Pour garantir une pr\u00e9cision maximale du diagnostic, minimiser les effets ind\u00e9sirables sur les patients et am\u00e9liorer l&rsquo;efficacit\u00e9 clinique, il est essentiel de faire des choix prudents concernant la ou les proc\u00e9dures ou d&rsquo;\u00e9tablir un ordre s\u00e9quentiel appropri\u00e9 lorsque plusieurs proc\u00e9dures sont impliqu\u00e9es. La r\u00e9p\u00e9tition des proc\u00e9dures entra\u00eene une escalade de la dose de rayonnement cumul\u00e9e et des risques associ\u00e9s.<\/p>\n<p><strong>Variabilit\u00e9 des proc\u00e9dures d&rsquo;imagerie diagnostique<\/strong><\/p>\n<p>Les proc\u00e9dures d&rsquo;imagerie diagnostique pr\u00e9sentent des degr\u00e9s variables de sensibilit\u00e9 et de sp\u00e9cificit\u00e9 pour un diagnostic donn\u00e9. Le choix et l&rsquo;interpr\u00e9tation des examens d&rsquo;imagerie doivent reposer sur l&rsquo;histoire clinique, l&rsquo;examen physique et le jugement clinique.<\/p>\n<p>Si les radiographies simples constituent g\u00e9n\u00e9ralement une premi\u00e8re \u00e9tape pr\u00e9cieuse, elles ne suffisent pas toujours. D&rsquo;autres modalit\u00e9s d&rsquo;imagerie telles que l&rsquo;imagerie par r\u00e9sonance magn\u00e9tique (IRM), l&rsquo;arthrographie ou la tomodensitom\u00e9trie (TDM) apr\u00e8s l&rsquo;arthrographie peuvent apporter des informations pr\u00e9cieuses sur de nombreux troubles de l&rsquo;\u00e9paule. Dans certaines circonstances, comme indiqu\u00e9 pr\u00e9c\u00e9demment, il peut \u00eatre n\u00e9cessaire de r\u00e9p\u00e9ter l&rsquo;imagerie ou de la remplacer.<\/p>\n<p>Le choix d&rsquo;une proc\u00e9dure par rapport \u00e0 d&rsquo;autres d\u00e9pend g\u00e9n\u00e9ralement de multiples facteurs, ce qui souligne l&rsquo;importance de prendre en compte le contexte clinique sp\u00e9cifique.<\/p>\n<p>&nbsp;<\/p>\n<div class=\"flex-1 overflow-hidden\">\n<div class=\"react-scroll-to-bottom--css-pevlb-79elbk h-full\">\n<div class=\"react-scroll-to-bottom--css-pevlb-1n7m0yu\">\n<div class=\"flex flex-col pb-9 text-sm\">\n<div class=\"w-full text-token-text-primary\" data-testid=\"conversation-turn-13\">\n<div class=\"px-4 py-2 justify-center text-base md:gap-6 m-auto\">\n<div class=\"flex flex-1 text-base mx-auto gap-3 md:px-5 lg:px-1 xl:px-5 md:max-w-3xl lg:max-w-[40rem] xl:max-w-[48rem] group final-completion\">\n<div class=\"relative flex w-full flex-col lg:w-[calc(100%-115px)] agent-turn\">\n<div class=\"flex-col gap-1 md:gap-3\">\n<div class=\"mt-1 flex justify-start gap-3 empty:hidden\">\n<div class=\"text-gray-400 flex self-end lg:self-center justify-center lg:justify-start mt-0 -ml-1 visible\">\n<div class=\"flex items-center gap-1.5 text-xs\">\n<div class=\"textwidget\">\n<p>&nbsp;<\/p>\n<\/div>\n<\/div>\n<\/div>\n<\/div>\n<\/div>\n<\/div>\n<\/div>\n<\/div>\n<\/div>\n<\/div>\n<\/div>\n<\/div>\n<\/div>\n","protected":false},"excerpt":{"rendered":"<p>Les lignes directrices \u00e9tablies par la commission des accidents du travail de l&rsquo;\u00c9tat de New York ont pour but d&rsquo;aider les professionnels de la sant\u00e9 \u00e0 proc\u00e9der \u00e0 une anamn\u00e8se et \u00e0 un examen physique approfondis en cas de blessures \u00e0 l&rsquo;\u00e9paule. Destin\u00e9es aux m\u00e9decins, ces lignes directrices de la Commission des accidents du travail [&hellip;]<\/p>\n","protected":false},"author":33,"featured_media":0,"parent":22335,"menu_order":0,"comment_status":"closed","ping_status":"closed","template":"","meta":{"_et_pb_use_builder":"","_et_pb_old_content":"","_et_gb_content_width":"","footnotes":""},"class_list":["post-22128","page","type-page","status-publish","hentry"],"yoast_head":"<!-- This site is optimized with the Yoast SEO plugin v27.2 - https:\/\/yoast.com\/product\/yoast-seo-wordpress\/ -->\n<title>Directives de traitement m\u00e9dical de l&#039;\u00c9tat de New York pour l&#039;anamn\u00e8se et l&#039;examen physique des l\u00e9sions de l&#039;\u00e9paule chez les patients indemnis\u00e9s au titre de la l\u00e9gislation sur les accidents du travail | Best Hip &amp; Knee Surgeon | NY, USA<\/title>\n<meta name=\"description\" content=\"Les lignes directrices \u00e9tablies par la commission des accidents du travail de l&#039;\u00c9tat de New York ont pour but d&#039;aider les professionnels de la sant\u00e9 \u00e0\" \/>\n<meta name=\"robots\" content=\"index, follow, max-snippet:-1, max-image-preview:large, max-video-preview:-1\" \/>\n<link rel=\"canonical\" href=\"https:\/\/www.newyorkhipknee.com\/fr\/indemnisation-des-travailleurs\/lignes-directrices-pour-les-traitements-medicaux-mtg\/blessure-a-lepaule\/anamnese-et-examen-physique\/\" \/>\n<meta property=\"og:locale\" content=\"fr_FR\" \/>\n<meta property=\"og:type\" content=\"article\" \/>\n<meta property=\"og:title\" content=\"Directives de traitement m\u00e9dical de l&#039;\u00c9tat de New York pour l&#039;anamn\u00e8se et l&#039;examen physique des l\u00e9sions de l&#039;\u00e9paule chez les patients indemnis\u00e9s au titre de la l\u00e9gislation sur les accidents du travail | Best Hip &amp; Knee Surgeon | NY, USA\" \/>\n<meta property=\"og:description\" content=\"Les lignes directrices \u00e9tablies par la commission des accidents du travail de l&#039;\u00c9tat de New York ont pour but d&#039;aider les professionnels de la sant\u00e9 \u00e0\" \/>\n<meta property=\"og:url\" content=\"https:\/\/www.newyorkhipknee.com\/fr\/indemnisation-des-travailleurs\/lignes-directrices-pour-les-traitements-medicaux-mtg\/blessure-a-lepaule\/anamnese-et-examen-physique\/\" \/>\n<meta property=\"og:site_name\" content=\"Best Hip &amp; Knee Surgeon | NY, USA\" \/>\n<meta property=\"article:modified_time\" content=\"2024-01-30T16:48:46+00:00\" \/>\n<meta name=\"twitter:card\" content=\"summary_large_image\" \/>\n<meta name=\"twitter:label1\" content=\"Dur\u00e9e de lecture estim\u00e9e\" \/>\n\t<meta name=\"twitter:data1\" content=\"5 minutes\" \/>\n<script type=\"application\/ld+json\" class=\"yoast-schema-graph\">{\"@context\":\"https:\/\/schema.org\",\"@graph\":[{\"@type\":[\"WebPage\",\"MedicalWebPage\"],\"@id\":\"https:\/\/www.newyorkhipknee.com\/fr\/indemnisation-des-travailleurs\/lignes-directrices-pour-les-traitements-medicaux-mtg\/blessure-a-lepaule\/anamnese-et-examen-physique\/\",\"url\":\"https:\/\/www.newyorkhipknee.com\/fr\/indemnisation-des-travailleurs\/lignes-directrices-pour-les-traitements-medicaux-mtg\/blessure-a-lepaule\/anamnese-et-examen-physique\/\",\"name\":\"Directives de traitement m\u00e9dical de l'\u00c9tat de New York pour l'anamn\u00e8se et l'examen physique des l\u00e9sions de l'\u00e9paule chez les patients indemnis\u00e9s au titre de la l\u00e9gislation sur les accidents du travail | Best Hip &amp; Knee Surgeon | NY, USA\",\"isPartOf\":{\"@id\":\"https:\/\/www.newyorkhipknee.com\/fr\/#website\"},\"datePublished\":\"2024-01-16T19:50:21+00:00\",\"dateModified\":\"2024-01-30T16:48:46+00:00\",\"description\":\"Les lignes directrices \u00e9tablies par la commission des accidents du travail de l'\u00c9tat de New York ont pour but d'aider les professionnels de la sant\u00e9 \u00e0\",\"breadcrumb\":{\"@id\":\"https:\/\/www.newyorkhipknee.com\/fr\/indemnisation-des-travailleurs\/lignes-directrices-pour-les-traitements-medicaux-mtg\/blessure-a-lepaule\/anamnese-et-examen-physique\/#breadcrumb\"},\"inLanguage\":\"fr-FR\",\"potentialAction\":[{\"@type\":\"ReadAction\",\"target\":[\"https:\/\/www.newyorkhipknee.com\/fr\/indemnisation-des-travailleurs\/lignes-directrices-pour-les-traitements-medicaux-mtg\/blessure-a-lepaule\/anamnese-et-examen-physique\/\"]}]},{\"@type\":\"BreadcrumbList\",\"@id\":\"https:\/\/www.newyorkhipknee.com\/fr\/indemnisation-des-travailleurs\/lignes-directrices-pour-les-traitements-medicaux-mtg\/blessure-a-lepaule\/anamnese-et-examen-physique\/#breadcrumb\",\"itemListElement\":[{\"@type\":\"ListItem\",\"position\":1,\"name\":\"Home\",\"item\":\"https:\/\/www.newyorkhipknee.com\/fr\/\"},{\"@type\":\"ListItem\",\"position\":2,\"name\":\"Indemnisation des travailleurs\",\"item\":\"https:\/\/www.newyorkhipknee.com\/fr\/indemnisation-des-travailleurs\/\"},{\"@type\":\"ListItem\",\"position\":3,\"name\":\"Lignes directrices pour les traitements m\u00e9dicaux (MTG)\",\"item\":\"https:\/\/www.newyorkhipknee.com\/fr\/indemnisation-des-travailleurs\/lignes-directrices-pour-les-traitements-medicaux-mtg\/\"},{\"@type\":\"ListItem\",\"position\":4,\"name\":\"Directives m\u00e9dicales de l&rsquo;\u00c9tat de New York pour le traitement des l\u00e9sions de l&rsquo;\u00e9paule chez les travailleurs indemnis\u00e9s\",\"item\":\"https:\/\/www.newyorkhipknee.com\/fr\/indemnisation-des-travailleurs\/lignes-directrices-pour-les-traitements-medicaux-mtg\/blessure-a-lepaule\/\"},{\"@type\":\"ListItem\",\"position\":5,\"name\":\"Directives de traitement m\u00e9dical de l&rsquo;\u00c9tat de New York pour l&rsquo;anamn\u00e8se et l&rsquo;examen physique des l\u00e9sions de l&rsquo;\u00e9paule chez les patients indemnis\u00e9s au titre de la l\u00e9gislation sur les accidents du travail\"}]},{\"@type\":\"WebSite\",\"@id\":\"https:\/\/www.newyorkhipknee.com\/fr\/#website\",\"url\":\"https:\/\/www.newyorkhipknee.com\/fr\/\",\"name\":\"Best Hip & Knee Surgeon | NY, USA\",\"description\":\"\",\"potentialAction\":[{\"@type\":\"SearchAction\",\"target\":{\"@type\":\"EntryPoint\",\"urlTemplate\":\"https:\/\/www.newyorkhipknee.com\/fr\/?s={search_term_string}\"},\"query-input\":{\"@type\":\"PropertyValueSpecification\",\"valueRequired\":true,\"valueName\":\"search_term_string\"}}],\"inLanguage\":\"fr-FR\"}]}<\/script>\n<!-- \/ Yoast SEO plugin. -->","yoast_head_json":{"title":"Directives de traitement m\u00e9dical de l'\u00c9tat de New York pour l'anamn\u00e8se et l'examen physique des l\u00e9sions de l'\u00e9paule chez les patients indemnis\u00e9s au titre de la l\u00e9gislation sur les accidents du travail | Best Hip &amp; Knee Surgeon | NY, USA","description":"Les lignes directrices \u00e9tablies par la commission des accidents du travail de l'\u00c9tat de New York ont pour but d'aider les professionnels de la sant\u00e9 \u00e0","robots":{"index":"index","follow":"follow","max-snippet":"max-snippet:-1","max-image-preview":"max-image-preview:large","max-video-preview":"max-video-preview:-1"},"canonical":"https:\/\/www.newyorkhipknee.com\/fr\/indemnisation-des-travailleurs\/lignes-directrices-pour-les-traitements-medicaux-mtg\/blessure-a-lepaule\/anamnese-et-examen-physique\/","og_locale":"fr_FR","og_type":"article","og_title":"Directives de traitement m\u00e9dical de l'\u00c9tat de New York pour l'anamn\u00e8se et l'examen physique des l\u00e9sions de l'\u00e9paule chez les patients indemnis\u00e9s au titre de la l\u00e9gislation sur les accidents du travail | Best Hip &amp; Knee Surgeon | NY, USA","og_description":"Les lignes directrices \u00e9tablies par la commission des accidents du travail de l'\u00c9tat de New York ont pour but d'aider les professionnels de la sant\u00e9 \u00e0","og_url":"https:\/\/www.newyorkhipknee.com\/fr\/indemnisation-des-travailleurs\/lignes-directrices-pour-les-traitements-medicaux-mtg\/blessure-a-lepaule\/anamnese-et-examen-physique\/","og_site_name":"Best Hip &amp; Knee Surgeon | NY, USA","article_modified_time":"2024-01-30T16:48:46+00:00","twitter_card":"summary_large_image","twitter_misc":{"Dur\u00e9e de lecture estim\u00e9e":"5 minutes"},"schema":{"@context":"https:\/\/schema.org","@graph":[{"@type":["WebPage","MedicalWebPage"],"@id":"https:\/\/www.newyorkhipknee.com\/fr\/indemnisation-des-travailleurs\/lignes-directrices-pour-les-traitements-medicaux-mtg\/blessure-a-lepaule\/anamnese-et-examen-physique\/","url":"https:\/\/www.newyorkhipknee.com\/fr\/indemnisation-des-travailleurs\/lignes-directrices-pour-les-traitements-medicaux-mtg\/blessure-a-lepaule\/anamnese-et-examen-physique\/","name":"Directives de traitement m\u00e9dical de l'\u00c9tat de New York pour l'anamn\u00e8se et l'examen physique des l\u00e9sions de l'\u00e9paule chez les patients indemnis\u00e9s au titre de la l\u00e9gislation sur les accidents du travail | Best Hip &amp; Knee Surgeon | NY, USA","isPartOf":{"@id":"https:\/\/www.newyorkhipknee.com\/fr\/#website"},"datePublished":"2024-01-16T19:50:21+00:00","dateModified":"2024-01-30T16:48:46+00:00","description":"Les lignes directrices \u00e9tablies par la commission des accidents du travail de l'\u00c9tat de New York ont pour but d'aider les professionnels de la sant\u00e9 \u00e0","breadcrumb":{"@id":"https:\/\/www.newyorkhipknee.com\/fr\/indemnisation-des-travailleurs\/lignes-directrices-pour-les-traitements-medicaux-mtg\/blessure-a-lepaule\/anamnese-et-examen-physique\/#breadcrumb"},"inLanguage":"fr-FR","potentialAction":[{"@type":"ReadAction","target":["https:\/\/www.newyorkhipknee.com\/fr\/indemnisation-des-travailleurs\/lignes-directrices-pour-les-traitements-medicaux-mtg\/blessure-a-lepaule\/anamnese-et-examen-physique\/"]}]},{"@type":"BreadcrumbList","@id":"https:\/\/www.newyorkhipknee.com\/fr\/indemnisation-des-travailleurs\/lignes-directrices-pour-les-traitements-medicaux-mtg\/blessure-a-lepaule\/anamnese-et-examen-physique\/#breadcrumb","itemListElement":[{"@type":"ListItem","position":1,"name":"Home","item":"https:\/\/www.newyorkhipknee.com\/fr\/"},{"@type":"ListItem","position":2,"name":"Indemnisation des travailleurs","item":"https:\/\/www.newyorkhipknee.com\/fr\/indemnisation-des-travailleurs\/"},{"@type":"ListItem","position":3,"name":"Lignes directrices pour les traitements m\u00e9dicaux (MTG)","item":"https:\/\/www.newyorkhipknee.com\/fr\/indemnisation-des-travailleurs\/lignes-directrices-pour-les-traitements-medicaux-mtg\/"},{"@type":"ListItem","position":4,"name":"Directives m\u00e9dicales de l&rsquo;\u00c9tat de New York pour le traitement des l\u00e9sions de l&rsquo;\u00e9paule chez les travailleurs indemnis\u00e9s","item":"https:\/\/www.newyorkhipknee.com\/fr\/indemnisation-des-travailleurs\/lignes-directrices-pour-les-traitements-medicaux-mtg\/blessure-a-lepaule\/"},{"@type":"ListItem","position":5,"name":"Directives de traitement m\u00e9dical de l&rsquo;\u00c9tat de New York pour l&rsquo;anamn\u00e8se et l&rsquo;examen physique des l\u00e9sions de l&rsquo;\u00e9paule chez les patients indemnis\u00e9s au titre de la l\u00e9gislation sur les accidents du travail"}]},{"@type":"WebSite","@id":"https:\/\/www.newyorkhipknee.com\/fr\/#website","url":"https:\/\/www.newyorkhipknee.com\/fr\/","name":"Best Hip & Knee Surgeon | NY, USA","description":"","potentialAction":[{"@type":"SearchAction","target":{"@type":"EntryPoint","urlTemplate":"https:\/\/www.newyorkhipknee.com\/fr\/?s={search_term_string}"},"query-input":{"@type":"PropertyValueSpecification","valueRequired":true,"valueName":"search_term_string"}}],"inLanguage":"fr-FR"}]}},"_links":{"self":[{"href":"https:\/\/www.newyorkhipknee.com\/fr\/wp-json\/wp\/v2\/pages\/22128","targetHints":{"allow":["GET"]}}],"collection":[{"href":"https:\/\/www.newyorkhipknee.com\/fr\/wp-json\/wp\/v2\/pages"}],"about":[{"href":"https:\/\/www.newyorkhipknee.com\/fr\/wp-json\/wp\/v2\/types\/page"}],"author":[{"embeddable":true,"href":"https:\/\/www.newyorkhipknee.com\/fr\/wp-json\/wp\/v2\/users\/33"}],"replies":[{"embeddable":true,"href":"https:\/\/www.newyorkhipknee.com\/fr\/wp-json\/wp\/v2\/comments?post=22128"}],"version-history":[{"count":0,"href":"https:\/\/www.newyorkhipknee.com\/fr\/wp-json\/wp\/v2\/pages\/22128\/revisions"}],"up":[{"embeddable":true,"href":"https:\/\/www.newyorkhipknee.com\/fr\/wp-json\/wp\/v2\/pages\/22335"}],"wp:attachment":[{"href":"https:\/\/www.newyorkhipknee.com\/fr\/wp-json\/wp\/v2\/media?parent=22128"}],"curies":[{"name":"wp","href":"https:\/\/api.w.org\/{rel}","templated":true}]}}