{"id":22140,"date":"2024-01-18T14:29:35","date_gmt":"2024-01-18T19:29:35","guid":{"rendered":"https:\/\/newyorkhipknee.com\/instabilite-de-lepaule\/"},"modified":"2024-01-30T11:48:52","modified_gmt":"2024-01-30T16:48:52","slug":"instabilite-de-lepaule","status":"publish","type":"page","link":"https:\/\/www.newyorkhipknee.com\/fr\/indemnisation-des-travailleurs\/lignes-directrices-pour-les-traitements-medicaux-mtg\/blessure-a-lepaule\/instabilite-de-lepaule\/","title":{"rendered":"Directives de traitement m\u00e9dical de l&rsquo;\u00c9tat de New York pour l&rsquo;inesth\u00e9sie de l&rsquo;\u00e9paule chez les patients indemnis\u00e9s pour accident du travail"},"content":{"rendered":"<p>Les lignes directrices formul\u00e9es par la commission des accidents du travail de l&rsquo;\u00c9tat de New York visent \u00e0 aider les professionnels de la sant\u00e9 \u00e0 fournir un traitement appropri\u00e9 pour l&rsquo;instabilit\u00e9 de l&rsquo;\u00e9paule.<\/p>\n<p>Destin\u00e9es aux m\u00e9decins, ces lignes directrices de la Commission des accidents du travail permettent de d\u00e9terminer la marche \u00e0 suivre pour les personnes souffrant d&rsquo;instabilit\u00e9 de l&rsquo;\u00e9paule.<\/p>\n<p>Il est important de souligner que ces lignes directrices ne remplacent pas le jugement clinique ou l&rsquo;exp\u00e9rience professionnelle. La d\u00e9cision finale concernant le traitement de l&rsquo;instabilit\u00e9 de l&rsquo;\u00e9paule doit \u00eatre prise en collaboration avec le patient et son prestataire de soins de sant\u00e9.<\/p>\n<h3><\/h3>\n<h3><strong>Subluxation ou luxation de l&rsquo;articulation gl\u00e9no-hum\u00e9rale :<\/strong><\/h3>\n<p><strong>Historique et m\u00e9canisme de la blessure :<\/strong><\/p>\n<p><em> M\u00e9canisme de la l\u00e9sion :<\/em><\/p>\n<ul>\n<li>L&rsquo;instabilit\u00e9 doit \u00eatre \u00e9vidente apr\u00e8s un coup traumatique direct sur l&rsquo;\u00e9paule ou indirectement, comme une chute sur un bras tendu ou une traction importante sur le bras.<\/li>\n<li>Les traumatismes cumul\u00e9s de l&rsquo;\u00e9paule peuvent \u00e9galement entra\u00eener une instabilit\u00e9.<\/li>\n<li>Les sympt\u00f4mes doivent \u00eatre exacerb\u00e9s ou provoqu\u00e9s par le travail et initialement soulag\u00e9s par une p\u00e9riode de repos.<\/li>\n<li>Les sympt\u00f4mes peuvent \u00e9galement s&rsquo;aggraver lors d&rsquo;activit\u00e9s non li\u00e9es au travail, comme la conduite d&rsquo;une voiture.<\/li>\n<\/ul>\n<p><em> Les ant\u00e9c\u00e9dents peuvent comprendre<\/em><\/p>\n<ul>\n<li><em>Sensation de glissement dans le bras ;<\/em><\/li>\n<li><em>Douleur intense avec incapacit\u00e9 de bouger le bras ;<\/em><\/li>\n<li><em>  L&rsquo;abduction et la rotation externe donnent l&rsquo;impression que l&rsquo;\u00e9paule pourrait \u00ab\u00a0sortir\u00a0\u00bb ; ou<\/em><\/li>\n<li><em>Sensation de faiblesse de l&rsquo;\u00e9paule.<\/em><\/li>\n<\/ul>\n<p><em>Dans les instabilit\u00e9s subaigu\u00ebs et\/ou chroniques :<\/em><\/p>\n<ul>\n<li>L&rsquo;\u00e2ge d&rsquo;apparition de l&rsquo;instabilit\u00e9 est important dans l&rsquo;histoire.<\/li>\n<li>Les personnes plus \u00e2g\u00e9es (plus de 30 ans) ont tendance \u00e0 ne pas se reloger.<\/li>\n<li>Les groupes d&rsquo;\u00e2ge plus jeunes n\u00e9cessitent un plan de traitement plus agressif.<\/li>\n<\/ul>\n<p><em>\u00c9viter tout traitement agressif :<\/em><\/p>\n<ul>\n<li>Chez les patients ayant des ant\u00e9c\u00e9dents de subluxation ou de luxation volontaire.<\/li>\n<li>Ces patients peuvent avoir besoin d&rsquo;une \u00e9valuation psychiatrique.<\/li>\n<\/ul>\n<p>&nbsp;<\/p>\n<h3><strong>Constatations physiques :<\/strong><\/h3>\n<p><em>Luxations ant\u00e9rieures :<\/em><\/p>\n<ul>\n<li>Il s&rsquo;agit probablement d&rsquo;une perte du contour normal de l&rsquo;\u00e9paule.<\/li>\n<li>Pl\u00e9nitude dans l&rsquo;aisselle.<\/li>\n<li>Douleur au-dessus de l&rsquo;\u00e9paule lors de tout mouvement.<\/li>\n<li>Souvent, le patient tient le membre dans une position tr\u00e8s immobile.<\/li>\n<\/ul>\n<p><em>Luxations post\u00e9rieures :<\/em><\/p>\n<ul>\n<li>Se produit g\u00e9n\u00e9ralement lors d&rsquo;une chute directe sur l&rsquo;\u00e9paule ou le bras tendu.<\/li>\n<li>Les forces exerc\u00e9es sur la t\u00eate hum\u00e9rale sont dirig\u00e9es vers l&rsquo;arri\u00e8re.<\/li>\n<li>Les patients pr\u00e9sentent une incapacit\u00e9 \u00e0 effectuer une rotation externe de l&rsquo;\u00e9paule.<\/li>\n<\/ul>\n<p><em>Examen neurologique :<\/em><\/p>\n<ul>\n<li>Peut r\u00e9v\u00e9ler des l\u00e9sions du nerf axillaire, le plus souvent.<\/li>\n<li>On observe parfois des l\u00e9sions des nerfs musculo-cutan\u00e9s.<\/li>\n<\/ul>\n<p><em>Indicateurs de douleur :<\/em><\/p>\n<ul>\n<li>Le positionnement en abduction et en rotation externe provoque des douleurs chez les personnes souffrant d&rsquo;instabilit\u00e9 ant\u00e9rieure.<\/li>\n<li>Une contrainte post\u00e9rieure directe en position couch\u00e9e provoque des douleurs chez les personnes souffrant d&rsquo;instabilit\u00e9 post\u00e9rieure.<\/li>\n<li>La traction longitudinale entra\u00eene l&rsquo;apparition d&rsquo;un \u00ab\u00a0sulcus\u00a0\u00bb (une large fossette sur le c\u00f4t\u00e9 lat\u00e9ral de l&rsquo;\u00e9paule) en cas d&rsquo;instabilit\u00e9 inf\u00e9rieure.<\/li>\n<\/ul>\n<p>&nbsp;<\/p>\n<h3><strong>Tests de laboratoire :<\/strong><\/h3>\n<p><em>Indication :<\/em><\/p>\n<ul>\n<li>G\u00e9n\u00e9ralement non indiqu\u00e9.<\/li>\n<li>Recommand\u00e9 chez certains patients pour lesquels une maladie syst\u00e9mique est suspect\u00e9e.<\/li>\n<\/ul>\n<p><strong>Proc\u00e9dures de test :<\/strong><\/p>\n<p><em>Recommand\u00e9 chez certains patients selon les indications cliniques :<\/em><em>Radiographie :<\/em><\/p>\n<ul>\n<li>Indications : Radiographies simples pour exclure un d\u00e9ficit osseux de la gl\u00e8ne, y compris AP, vue axillaire, lat\u00e9rale dans le plan de l&rsquo;omoplate, et \u00e9ventuellement la vue de West Point.<\/li>\n<li>La vue axillaire permet d&rsquo;identifier une l\u00e9sion de Hill-Sachs plus importante de la t\u00eate hum\u00e9rale.<\/li>\n<\/ul>\n<p><em>IRM\/TDM :<\/em><\/p>\n<ul>\n<li>Indications : Dans les cas de diagnostic plus difficile avec des ant\u00e9c\u00e9dents subtils et des r\u00e9sultats physiques sugg\u00e9rant une instabilit\u00e9.<\/li>\n<li>Une arthrographie assist\u00e9e par IRM ou CT peut \u00eatre demand\u00e9e pour un d\u00e9collement lat\u00e9ral apr\u00e8s quatre \u00e0 huit semaines de traitement (uniquement apr\u00e8s l&rsquo;\u00e9chec des autres traitements conservateurs).<\/li>\n<\/ul>\n<p>&nbsp;<\/p>\n<h3><strong>Proc\u00e9dures de traitement non op\u00e9ratoires :<\/strong><\/h3>\n<p><em>  Premi\u00e8re atteinte osseuse aigu\u00eb s\u00e9v\u00e8re :<\/em><\/p>\n<p><em>  Proc\u00e9dures th\u00e9rapeutiques :<\/em><\/p>\n<ul>\n<li>Immobilisation.<\/li>\n<li>Exercice th\u00e9rapeutique.<\/li>\n<li>Chaleur et froid superficiels.<\/li>\n<li>\u00c9chographie.<\/li>\n<li>Le TENS n&rsquo;est pas recommand\u00e9.<\/li>\n<li>Modification de l&rsquo;occupation et du poste de travail.<\/li>\n<li>Ne peut pas reprendre le travail avec des activit\u00e9s au-dessus de la t\u00eate ou en soulevant des charges avec le bras concern\u00e9 jusqu&rsquo;\u00e0 ce que le m\u00e9decin l&rsquo;autorise \u00e0 effectuer des activit\u00e9s plus lourdes.<\/li>\n<\/ul>\n<p><em>Les th\u00e9rapies compl\u00e9mentaires peuvent inclure<\/em><\/p>\n<ul>\n<li>M\u00e9decine physique et r\u00e9adaptation.\n<ul>\n<li>Enseignement des exercices th\u00e9rapeutiques et des techniques de travail appropri\u00e9es.<\/li>\n<li>Techniques de th\u00e9rapie manuelle.<\/li>\n<\/ul>\n<\/li>\n<li>M\u00e9dicaments.\n<ul>\n<li>Analg\u00e9siques.<\/li>\n<li>Anti-inflammatoires.<\/li>\n<\/ul>\n<\/li>\n<\/ul>\n<p><em>Biofeedback :<\/em><\/p>\n<ul>\n<li>Non recommand\u00e9 en cas de premi\u00e8re atteinte osseuse aigu\u00eb s\u00e9v\u00e8re.<\/li>\n<\/ul>\n<p><em>Luxations aigu\u00ebs ou chroniques avec de grands fragments de fracture contribuant \u00e0 l&rsquo;instabilit\u00e9 :<\/em><\/p>\n<p><em>Tenter un traitement par immobilisation :<\/em> Si la position est acceptable, sinon proc\u00e9der \u00e0 une r\u00e9paration chirurgicale. <em>Retour au travail :<\/em> Peut \u00eatre directement li\u00e9 au temps n\u00e9cessaire \u00e0 la gu\u00e9rison de la fracture.<\/p>\n<p><em>Instabilit\u00e9 subaigu\u00eb et\/ou chronique :<\/em><\/p>\n<p> <em> Luxation provocatrice :<\/em> Doit d&rsquo;abord \u00eatre trait\u00e9e de la m\u00eame mani\u00e8re qu&rsquo;une luxation aigu\u00eb. <em> Si le traitement aigu est infructueux :<\/em> et que l&rsquo;on constate toujours une instabilit\u00e9, il faut envisager une r\u00e9paration chirurgicale.<\/p>\n<p>&nbsp;<\/p>\n<h3><strong>Proc\u00e9dures op\u00e9ratoires :<\/strong><\/h3>\n<p><em>Recommand\u00e9 chez certains patients selon les indications cliniques :<\/em> <em> Identifier l&rsquo;agent causal de l&rsquo;instabilit\u00e9 :<\/em> (par exemple, d\u00e9collement labral, l\u00e9sion osseuse ou instabilit\u00e9 multidirectionnelle).<\/p>\n<ul>\n<li><em>  Transfert de blocs osseux ;<\/em><\/li>\n<li><em>Resserrement capsulaire ; ou<\/em><\/li>\n<li><em>  R\u00e9paration de la l\u00e9sion de Bankart.<\/em><\/li>\n<\/ul>\n<p>&nbsp;<\/p>\n<h3><strong>Proc\u00e9dures post-op\u00e9ratoires :<\/strong><\/h3>\n<ul>\n<li>Le bras est immobilis\u00e9 dans une \u00e9charpe pendant une \u00e0 douze semaines apr\u00e8s la blessure, en fonction de l&rsquo;\u00e2ge du patient.<\/li>\n<li>Des exercices isom\u00e9triques pour les rotateurs internes et externes et le delto\u00efde sont enseign\u00e9s pendant le port de l&rsquo;\u00e9charpe.<\/li>\n<li>Programme de r\u00e9adaptation individualis\u00e9 bas\u00e9 sur la communication entre le m\u00e9decin, le chirurgien et le th\u00e9rapeute.<\/li>\n<li>Selon le type d&rsquo;intervention, le patient sera immobilis\u00e9 pendant trois \u00e0 six semaines.<\/li>\n<li>D\u00e8s qu&rsquo;il est possible de proc\u00e9der sans endommager la r\u00e9paration, une th\u00e9rapie progressive avec consultation d&rsquo;un ergoth\u00e9rapeute et\/ou d&rsquo;un kin\u00e9sith\u00e9rapeute doit commencer avec des exercices th\u00e9rapeutiques, de la m\u00e9decine physique et de la r\u00e9\u00e9ducation.<\/li>\n<li>Au cours de cette p\u00e9riode, le patient peut reprendre le travail quand il le souhaite :\n<ul>\n<li><em>M\u00e9dicaments :<\/em> Les m\u00e9dicaments qui pr\u00e9disposent aux blessures ne sont plus prescrits ou utilis\u00e9s.<\/li>\n<li><em>Le m\u00e9decin traitant a autoris\u00e9<\/em> le patient \u00e0 des activit\u00e9s professionnelles sp\u00e9cifiques.<\/li>\n<\/ul>\n<\/li>\n<\/ul>\n<p>&nbsp;<\/p>\n<div class=\"textwidget\">\n<p>&nbsp;<\/p>\n<\/div>\n","protected":false},"excerpt":{"rendered":"<p>Les lignes directrices formul\u00e9es par la commission des accidents du travail de l&rsquo;\u00c9tat de New York visent \u00e0 aider les professionnels de la sant\u00e9 \u00e0 fournir un traitement appropri\u00e9 pour l&rsquo;instabilit\u00e9 de l&rsquo;\u00e9paule. Destin\u00e9es aux m\u00e9decins, ces lignes directrices de la Commission des accidents du travail permettent de d\u00e9terminer la marche \u00e0 suivre pour les [&hellip;]<\/p>\n","protected":false},"author":33,"featured_media":0,"parent":22335,"menu_order":0,"comment_status":"closed","ping_status":"closed","template":"","meta":{"_et_pb_use_builder":"","_et_pb_old_content":"","_et_gb_content_width":"","footnotes":""},"class_list":["post-22140","page","type-page","status-publish","hentry"],"yoast_head":"<!-- This site is optimized with the Yoast SEO plugin v27.2 - https:\/\/yoast.com\/product\/yoast-seo-wordpress\/ -->\n<title>Directives de traitement m\u00e9dical de l&#039;\u00c9tat de New York pour l&#039;inesth\u00e9sie de l&#039;\u00e9paule chez les patients indemnis\u00e9s pour accident du travail | Best Hip &amp; Knee Surgeon | NY, USA<\/title>\n<meta name=\"description\" content=\"Les lignes directrices formul\u00e9es par la commission des accidents du travail de l&#039;\u00c9tat de New York visent \u00e0 aider les professionnels de la sant\u00e9 \u00e0 fournir\" \/>\n<meta name=\"robots\" content=\"index, follow, max-snippet:-1, max-image-preview:large, max-video-preview:-1\" \/>\n<link rel=\"canonical\" href=\"https:\/\/www.newyorkhipknee.com\/fr\/indemnisation-des-travailleurs\/lignes-directrices-pour-les-traitements-medicaux-mtg\/blessure-a-lepaule\/instabilite-de-lepaule\/\" \/>\n<meta property=\"og:locale\" content=\"fr_FR\" \/>\n<meta property=\"og:type\" content=\"article\" \/>\n<meta property=\"og:title\" content=\"Directives de traitement m\u00e9dical de l&#039;\u00c9tat de New York pour l&#039;inesth\u00e9sie de l&#039;\u00e9paule chez les patients indemnis\u00e9s pour accident du travail | Best Hip &amp; Knee Surgeon | NY, USA\" \/>\n<meta property=\"og:description\" content=\"Les lignes directrices formul\u00e9es par la commission des accidents du travail de l&#039;\u00c9tat de New York visent \u00e0 aider les professionnels de la sant\u00e9 \u00e0 fournir\" \/>\n<meta property=\"og:url\" content=\"https:\/\/www.newyorkhipknee.com\/fr\/indemnisation-des-travailleurs\/lignes-directrices-pour-les-traitements-medicaux-mtg\/blessure-a-lepaule\/instabilite-de-lepaule\/\" \/>\n<meta property=\"og:site_name\" content=\"Best Hip &amp; Knee Surgeon | NY, USA\" \/>\n<meta property=\"article:modified_time\" content=\"2024-01-30T16:48:52+00:00\" \/>\n<meta name=\"twitter:card\" content=\"summary_large_image\" \/>\n<meta name=\"twitter:label1\" content=\"Dur\u00e9e de lecture estim\u00e9e\" \/>\n\t<meta name=\"twitter:data1\" content=\"5 minutes\" \/>\n<script type=\"application\/ld+json\" class=\"yoast-schema-graph\">{\"@context\":\"https:\/\/schema.org\",\"@graph\":[{\"@type\":[\"WebPage\",\"MedicalWebPage\"],\"@id\":\"https:\/\/www.newyorkhipknee.com\/fr\/indemnisation-des-travailleurs\/lignes-directrices-pour-les-traitements-medicaux-mtg\/blessure-a-lepaule\/instabilite-de-lepaule\/\",\"url\":\"https:\/\/www.newyorkhipknee.com\/fr\/indemnisation-des-travailleurs\/lignes-directrices-pour-les-traitements-medicaux-mtg\/blessure-a-lepaule\/instabilite-de-lepaule\/\",\"name\":\"Directives de traitement m\u00e9dical de l'\u00c9tat de New York pour l'inesth\u00e9sie de l'\u00e9paule chez les patients indemnis\u00e9s pour accident du travail | Best Hip &amp; Knee Surgeon | NY, USA\",\"isPartOf\":{\"@id\":\"https:\/\/www.newyorkhipknee.com\/fr\/#website\"},\"datePublished\":\"2024-01-18T19:29:35+00:00\",\"dateModified\":\"2024-01-30T16:48:52+00:00\",\"description\":\"Les lignes directrices formul\u00e9es par la commission des accidents du travail de l'\u00c9tat de New York visent \u00e0 aider les professionnels de la sant\u00e9 \u00e0 fournir\",\"breadcrumb\":{\"@id\":\"https:\/\/www.newyorkhipknee.com\/fr\/indemnisation-des-travailleurs\/lignes-directrices-pour-les-traitements-medicaux-mtg\/blessure-a-lepaule\/instabilite-de-lepaule\/#breadcrumb\"},\"inLanguage\":\"fr-FR\",\"potentialAction\":[{\"@type\":\"ReadAction\",\"target\":[\"https:\/\/www.newyorkhipknee.com\/fr\/indemnisation-des-travailleurs\/lignes-directrices-pour-les-traitements-medicaux-mtg\/blessure-a-lepaule\/instabilite-de-lepaule\/\"]}]},{\"@type\":\"BreadcrumbList\",\"@id\":\"https:\/\/www.newyorkhipknee.com\/fr\/indemnisation-des-travailleurs\/lignes-directrices-pour-les-traitements-medicaux-mtg\/blessure-a-lepaule\/instabilite-de-lepaule\/#breadcrumb\",\"itemListElement\":[{\"@type\":\"ListItem\",\"position\":1,\"name\":\"Home\",\"item\":\"https:\/\/www.newyorkhipknee.com\/fr\/\"},{\"@type\":\"ListItem\",\"position\":2,\"name\":\"Indemnisation des travailleurs\",\"item\":\"https:\/\/www.newyorkhipknee.com\/fr\/indemnisation-des-travailleurs\/\"},{\"@type\":\"ListItem\",\"position\":3,\"name\":\"Lignes directrices pour les traitements m\u00e9dicaux (MTG)\",\"item\":\"https:\/\/www.newyorkhipknee.com\/fr\/indemnisation-des-travailleurs\/lignes-directrices-pour-les-traitements-medicaux-mtg\/\"},{\"@type\":\"ListItem\",\"position\":4,\"name\":\"Directives m\u00e9dicales de l&rsquo;\u00c9tat de New York pour le traitement des l\u00e9sions de l&rsquo;\u00e9paule chez les travailleurs indemnis\u00e9s\",\"item\":\"https:\/\/www.newyorkhipknee.com\/fr\/indemnisation-des-travailleurs\/lignes-directrices-pour-les-traitements-medicaux-mtg\/blessure-a-lepaule\/\"},{\"@type\":\"ListItem\",\"position\":5,\"name\":\"Directives de traitement m\u00e9dical de l&rsquo;\u00c9tat de New York pour l&rsquo;inesth\u00e9sie de l&rsquo;\u00e9paule chez les patients indemnis\u00e9s pour accident du travail\"}]},{\"@type\":\"WebSite\",\"@id\":\"https:\/\/www.newyorkhipknee.com\/fr\/#website\",\"url\":\"https:\/\/www.newyorkhipknee.com\/fr\/\",\"name\":\"Best Hip & Knee Surgeon | NY, USA\",\"description\":\"\",\"potentialAction\":[{\"@type\":\"SearchAction\",\"target\":{\"@type\":\"EntryPoint\",\"urlTemplate\":\"https:\/\/www.newyorkhipknee.com\/fr\/?s={search_term_string}\"},\"query-input\":{\"@type\":\"PropertyValueSpecification\",\"valueRequired\":true,\"valueName\":\"search_term_string\"}}],\"inLanguage\":\"fr-FR\"}]}<\/script>\n<!-- \/ Yoast SEO plugin. -->","yoast_head_json":{"title":"Directives de traitement m\u00e9dical de l'\u00c9tat de New York pour l'inesth\u00e9sie de l'\u00e9paule chez les patients indemnis\u00e9s pour accident du travail | Best Hip &amp; Knee Surgeon | NY, USA","description":"Les lignes directrices formul\u00e9es par la commission des accidents du travail de l'\u00c9tat de New York visent \u00e0 aider les professionnels de la sant\u00e9 \u00e0 fournir","robots":{"index":"index","follow":"follow","max-snippet":"max-snippet:-1","max-image-preview":"max-image-preview:large","max-video-preview":"max-video-preview:-1"},"canonical":"https:\/\/www.newyorkhipknee.com\/fr\/indemnisation-des-travailleurs\/lignes-directrices-pour-les-traitements-medicaux-mtg\/blessure-a-lepaule\/instabilite-de-lepaule\/","og_locale":"fr_FR","og_type":"article","og_title":"Directives de traitement m\u00e9dical de l'\u00c9tat de New York pour l'inesth\u00e9sie de l'\u00e9paule chez les patients indemnis\u00e9s pour accident du travail | Best Hip &amp; Knee Surgeon | NY, USA","og_description":"Les lignes directrices formul\u00e9es par la commission des accidents du travail de l'\u00c9tat de New York visent \u00e0 aider les professionnels de la sant\u00e9 \u00e0 fournir","og_url":"https:\/\/www.newyorkhipknee.com\/fr\/indemnisation-des-travailleurs\/lignes-directrices-pour-les-traitements-medicaux-mtg\/blessure-a-lepaule\/instabilite-de-lepaule\/","og_site_name":"Best Hip &amp; Knee Surgeon | NY, USA","article_modified_time":"2024-01-30T16:48:52+00:00","twitter_card":"summary_large_image","twitter_misc":{"Dur\u00e9e de lecture estim\u00e9e":"5 minutes"},"schema":{"@context":"https:\/\/schema.org","@graph":[{"@type":["WebPage","MedicalWebPage"],"@id":"https:\/\/www.newyorkhipknee.com\/fr\/indemnisation-des-travailleurs\/lignes-directrices-pour-les-traitements-medicaux-mtg\/blessure-a-lepaule\/instabilite-de-lepaule\/","url":"https:\/\/www.newyorkhipknee.com\/fr\/indemnisation-des-travailleurs\/lignes-directrices-pour-les-traitements-medicaux-mtg\/blessure-a-lepaule\/instabilite-de-lepaule\/","name":"Directives de traitement m\u00e9dical de l'\u00c9tat de New York pour l'inesth\u00e9sie de l'\u00e9paule chez les patients indemnis\u00e9s pour accident du travail | Best Hip &amp; Knee Surgeon | NY, USA","isPartOf":{"@id":"https:\/\/www.newyorkhipknee.com\/fr\/#website"},"datePublished":"2024-01-18T19:29:35+00:00","dateModified":"2024-01-30T16:48:52+00:00","description":"Les lignes directrices formul\u00e9es par la commission des accidents du travail de l'\u00c9tat de New York visent \u00e0 aider les professionnels de la sant\u00e9 \u00e0 fournir","breadcrumb":{"@id":"https:\/\/www.newyorkhipknee.com\/fr\/indemnisation-des-travailleurs\/lignes-directrices-pour-les-traitements-medicaux-mtg\/blessure-a-lepaule\/instabilite-de-lepaule\/#breadcrumb"},"inLanguage":"fr-FR","potentialAction":[{"@type":"ReadAction","target":["https:\/\/www.newyorkhipknee.com\/fr\/indemnisation-des-travailleurs\/lignes-directrices-pour-les-traitements-medicaux-mtg\/blessure-a-lepaule\/instabilite-de-lepaule\/"]}]},{"@type":"BreadcrumbList","@id":"https:\/\/www.newyorkhipknee.com\/fr\/indemnisation-des-travailleurs\/lignes-directrices-pour-les-traitements-medicaux-mtg\/blessure-a-lepaule\/instabilite-de-lepaule\/#breadcrumb","itemListElement":[{"@type":"ListItem","position":1,"name":"Home","item":"https:\/\/www.newyorkhipknee.com\/fr\/"},{"@type":"ListItem","position":2,"name":"Indemnisation des travailleurs","item":"https:\/\/www.newyorkhipknee.com\/fr\/indemnisation-des-travailleurs\/"},{"@type":"ListItem","position":3,"name":"Lignes directrices pour les traitements m\u00e9dicaux (MTG)","item":"https:\/\/www.newyorkhipknee.com\/fr\/indemnisation-des-travailleurs\/lignes-directrices-pour-les-traitements-medicaux-mtg\/"},{"@type":"ListItem","position":4,"name":"Directives m\u00e9dicales de l&rsquo;\u00c9tat de New York pour le traitement des l\u00e9sions de l&rsquo;\u00e9paule chez les travailleurs indemnis\u00e9s","item":"https:\/\/www.newyorkhipknee.com\/fr\/indemnisation-des-travailleurs\/lignes-directrices-pour-les-traitements-medicaux-mtg\/blessure-a-lepaule\/"},{"@type":"ListItem","position":5,"name":"Directives de traitement m\u00e9dical de l&rsquo;\u00c9tat de New York pour l&rsquo;inesth\u00e9sie de l&rsquo;\u00e9paule chez les patients indemnis\u00e9s pour accident du travail"}]},{"@type":"WebSite","@id":"https:\/\/www.newyorkhipknee.com\/fr\/#website","url":"https:\/\/www.newyorkhipknee.com\/fr\/","name":"Best Hip & Knee Surgeon | NY, USA","description":"","potentialAction":[{"@type":"SearchAction","target":{"@type":"EntryPoint","urlTemplate":"https:\/\/www.newyorkhipknee.com\/fr\/?s={search_term_string}"},"query-input":{"@type":"PropertyValueSpecification","valueRequired":true,"valueName":"search_term_string"}}],"inLanguage":"fr-FR"}]}},"_links":{"self":[{"href":"https:\/\/www.newyorkhipknee.com\/fr\/wp-json\/wp\/v2\/pages\/22140","targetHints":{"allow":["GET"]}}],"collection":[{"href":"https:\/\/www.newyorkhipknee.com\/fr\/wp-json\/wp\/v2\/pages"}],"about":[{"href":"https:\/\/www.newyorkhipknee.com\/fr\/wp-json\/wp\/v2\/types\/page"}],"author":[{"embeddable":true,"href":"https:\/\/www.newyorkhipknee.com\/fr\/wp-json\/wp\/v2\/users\/33"}],"replies":[{"embeddable":true,"href":"https:\/\/www.newyorkhipknee.com\/fr\/wp-json\/wp\/v2\/comments?post=22140"}],"version-history":[{"count":0,"href":"https:\/\/www.newyorkhipknee.com\/fr\/wp-json\/wp\/v2\/pages\/22140\/revisions"}],"up":[{"embeddable":true,"href":"https:\/\/www.newyorkhipknee.com\/fr\/wp-json\/wp\/v2\/pages\/22335"}],"wp:attachment":[{"href":"https:\/\/www.newyorkhipknee.com\/fr\/wp-json\/wp\/v2\/media?parent=22140"}],"curies":[{"name":"wp","href":"https:\/\/api.w.org\/{rel}","templated":true}]}}