{"id":22144,"date":"2024-01-18T16:42:44","date_gmt":"2024-01-18T21:42:44","guid":{"rendered":"https:\/\/newyorkhipknee.com\/exercice-therapeutique\/"},"modified":"2024-01-30T11:51:21","modified_gmt":"2024-01-30T16:51:21","slug":"exercice-therapeutique","status":"publish","type":"page","link":"https:\/\/www.newyorkhipknee.com\/fr\/indemnisation-des-travailleurs\/lignes-directrices-pour-les-traitements-medicaux-mtg\/blessure-a-lepaule\/exercice-therapeutique\/","title":{"rendered":"Directives m\u00e9dicales de l&rsquo;\u00c9tat de New York concernant les exercices th\u00e9rapeutiques pour les l\u00e9sions de l&rsquo;\u00e9paule chez les travailleurs indemnis\u00e9s"},"content":{"rendered":"<p>Les lignes directrices \u00e9tablies par la commission des accidents du travail de l&rsquo;\u00c9tat de New York sont con\u00e7ues pour aider les professionnels de la sant\u00e9 \u00e0 prescrire des exercices th\u00e9rapeutiques appropri\u00e9s pour les blessures \u00e0 l&rsquo;\u00e9paule.<\/p>\n<p>Destin\u00e9es aux m\u00e9decins, ces lignes directrices de la Commission des accidents du travail permettent de d\u00e9terminer les exercices th\u00e9rapeutiques appropri\u00e9s pour les personnes souffrant de l\u00e9sions \u00e0 l&rsquo;\u00e9paule.<\/p>\n<p>Il est essentiel de noter que ces lignes directrices ne remplacent pas le jugement clinique ou l&rsquo;exp\u00e9rience professionnelle. La d\u00e9cision finale concernant les exercices th\u00e9rapeutiques doit \u00eatre prise en collaboration avec le patient et son prestataire de soins de sant\u00e9.<\/p>\n<h3><\/h3>\n<h3><strong>R\u00e9habilitation :<\/strong><\/h3>\n<ul>\n<li>La <strong>r\u00e9adaptation (th\u00e9rapie formelle supervis\u00e9e)<\/strong> requise \u00e0 la suite d&rsquo;un accident du travail doit \u00eatre ax\u00e9e sur le r\u00e9tablissement de la capacit\u00e9 fonctionnelle n\u00e9cessaire pour accomplir les activit\u00e9s quotidiennes et professionnelles du patient et reprendre le travail ; elle doit s&rsquo;efforcer de r\u00e9tablir le travailleur bless\u00e9 dans son \u00e9tat ant\u00e9rieur \u00e0 l&rsquo;accident, dans la mesure du possible.<\/li>\n<\/ul>\n<p>&nbsp;<\/p>\n<ul>\n<li>La <strong>th\u00e9rapie active<\/strong> exige un effort interne de la part du patient pour r\u00e9aliser un exercice ou une t\u00e2che sp\u00e9cifique. Les th\u00e9rapies <strong>passives<\/strong> sont des interventions qui ne n\u00e9cessitent pas d&rsquo;effort de la part du patient, mais qui d\u00e9pendent plut\u00f4t des modalit\u00e9s d\u00e9livr\u00e9es par un th\u00e9rapeute. En g\u00e9n\u00e9ral, les interventions passives sont consid\u00e9r\u00e9es comme un moyen de faciliter les progr\u00e8s dans le cadre d&rsquo;un programme de th\u00e9rapie active avec la r\u00e9alisation concomitante de gains fonctionnels objectifs. Les interventions actives doivent \u00eatre privil\u00e9gi\u00e9es par rapport aux interventions passives.<\/li>\n<\/ul>\n<p>&nbsp;<\/p>\n<ul>\n<li>Le patient doit \u00eatre invit\u00e9 \u00e0 poursuivre les th\u00e9rapies actives et passives \u00e0 domicile dans le prolongement du processus de traitement afin de maintenir les niveaux d&rsquo;am\u00e9lioration.<\/li>\n<\/ul>\n<p>&nbsp;<\/p>\n<ul>\n<li>Les <strong>appareils d&rsquo;assistance<\/strong> peuvent \u00eatre inclus comme mesure compl\u00e9mentaire dans le plan de r\u00e9adaptation afin de faciliter les gains fonctionnels.<\/li>\n<\/ul>\n<p>&nbsp;<\/p>\n<h3><strong>Th\u00e9rapie active :<\/strong><\/h3>\n<ul>\n<li><strong>Th\u00e9rapie active<\/strong>\n<ul>\n<li><strong>Physique \/ Ergoth\u00e9rapie<\/strong>\n<ul>\n<li><strong>Recommand\u00e9<\/strong> &#8211; pour am\u00e9liorer la fonction, y compris l&rsquo;amplitude des mouvements et la force.<\/li>\n<li><strong>Fr\u00e9quence\/dose\/dur\u00e9e :<\/strong> La fr\u00e9quence des visites est g\u00e9n\u00e9ralement individualis\u00e9e en fonction de la gravit\u00e9 de la limitation. Deux \u00e0 trois visites par semaine pendant deux semaines sont souvent utilis\u00e9es pour initier un programme d&rsquo;exercices. Le nombre total de visites peut \u00eatre de deux ou trois pour les patients l\u00e9gers ou de 12 \u00e0 15 si une am\u00e9lioration fonctionnelle objective est constat\u00e9e.<\/li>\n<li>Dans le cadre du plan de r\u00e9\u00e9ducation, les patients doivent \u00eatre invit\u00e9s \u00e0 poursuivre la th\u00e9rapie active et passive \u00e0 domicile, dans le prolongement du processus de traitement, afin de maintenir l&rsquo;am\u00e9lioration.<\/li>\n<li><strong>Indications :<\/strong> Tous les patients en postop\u00e9ratoire et en traitement conservateur.<\/li>\n<li><strong>Indications pour l&rsquo;arr\u00eat du traitement :<\/strong> R\u00e9solution de la douleur, intol\u00e9rance, manque d&rsquo;efficacit\u00e9 ou non-observance.<\/li>\n<\/ul>\n<\/li>\n<li><strong>Exercice th\u00e9rapeutique<\/strong>\n<ul>\n<li>Exercice th\u00e9rapeutique dans le cadre duquel le th\u00e9rapeute enseigne au patient un programme supervis\u00e9 en clinique et \u00e0 domicile afin d&rsquo;augmenter la force de la musculature de soutien de l&rsquo;\u00e9paule. Les mouvements et les muscles \u00e0 renforcer sont les rotateurs internes et externes de l&rsquo;\u00e9paule, les abducteurs et les stabilisateurs de l&rsquo;omoplate.<\/li>\n<li><strong>Recommand\u00e9<\/strong> &#8211; chez certains patients selon les indications cliniques.<\/li>\n<li><strong>Fr\u00e9quence :<\/strong> G\u00e9n\u00e9ralement deux \u00e0 trois fois par semaine pendant huit \u00e0 douze semaines, comme indiqu\u00e9 ci-dessous.\n<ul>\n<li><strong>Semaines 1-3 :<\/strong> Isom\u00e9triques en \u00e9charpe.<\/li>\n<li><strong>Semaines 3-8 :<\/strong> Exercices isotoniques progressifs.<\/li>\n<li><strong>Semaines 8-12 :<\/strong> Commencer les activit\u00e9s au-dessus de la t\u00eate lorsque la force de la coiffe des rotateurs s&rsquo;est normalis\u00e9e et qu&rsquo;une \u00e9l\u00e9vation active compl\u00e8te a \u00e9t\u00e9 obtenue.<\/li>\n<\/ul>\n<\/li>\n<\/ul>\n<\/li>\n<\/ul>\n<\/li>\n<\/ul>\n<div class=\"textwidget\">\n<p>&nbsp;<\/p>\n<\/div>\n","protected":false},"excerpt":{"rendered":"<p>Les lignes directrices \u00e9tablies par la commission des accidents du travail de l&rsquo;\u00c9tat de New York sont con\u00e7ues pour aider les professionnels de la sant\u00e9 \u00e0 prescrire des exercices th\u00e9rapeutiques appropri\u00e9s pour les blessures \u00e0 l&rsquo;\u00e9paule. Destin\u00e9es aux m\u00e9decins, ces lignes directrices de la Commission des accidents du travail permettent de d\u00e9terminer les exercices th\u00e9rapeutiques [&hellip;]<\/p>\n","protected":false},"author":33,"featured_media":0,"parent":22335,"menu_order":0,"comment_status":"closed","ping_status":"closed","template":"","meta":{"_et_pb_use_builder":"","_et_pb_old_content":"","_et_gb_content_width":"","footnotes":""},"class_list":["post-22144","page","type-page","status-publish","hentry"],"yoast_head":"<!-- This site is optimized with the Yoast SEO plugin v27.2 - https:\/\/yoast.com\/product\/yoast-seo-wordpress\/ -->\n<title>Directives m\u00e9dicales de l&#039;\u00c9tat de New York concernant les exercices th\u00e9rapeutiques pour les l\u00e9sions de l&#039;\u00e9paule chez les travailleurs indemnis\u00e9s | Best Hip &amp; Knee Surgeon | NY, USA<\/title>\n<meta name=\"description\" content=\"Les lignes directrices \u00e9tablies par la commission des accidents du travail de l&#039;\u00c9tat de New York sont con\u00e7ues pour aider les professionnels de la sant\u00e9 \u00e0\" \/>\n<meta name=\"robots\" content=\"index, follow, max-snippet:-1, max-image-preview:large, max-video-preview:-1\" \/>\n<link rel=\"canonical\" href=\"https:\/\/www.newyorkhipknee.com\/fr\/indemnisation-des-travailleurs\/lignes-directrices-pour-les-traitements-medicaux-mtg\/blessure-a-lepaule\/exercice-therapeutique\/\" \/>\n<meta property=\"og:locale\" content=\"fr_FR\" \/>\n<meta property=\"og:type\" content=\"article\" \/>\n<meta property=\"og:title\" content=\"Directives m\u00e9dicales de l&#039;\u00c9tat de New York concernant les exercices th\u00e9rapeutiques pour les l\u00e9sions de l&#039;\u00e9paule chez les travailleurs indemnis\u00e9s | Best Hip &amp; Knee Surgeon | NY, USA\" \/>\n<meta property=\"og:description\" content=\"Les lignes directrices \u00e9tablies par la commission des accidents du travail de l&#039;\u00c9tat de New York sont con\u00e7ues pour aider les professionnels de la sant\u00e9 \u00e0\" \/>\n<meta property=\"og:url\" content=\"https:\/\/www.newyorkhipknee.com\/fr\/indemnisation-des-travailleurs\/lignes-directrices-pour-les-traitements-medicaux-mtg\/blessure-a-lepaule\/exercice-therapeutique\/\" \/>\n<meta property=\"og:site_name\" content=\"Best Hip &amp; Knee Surgeon | NY, USA\" \/>\n<meta property=\"article:modified_time\" content=\"2024-01-30T16:51:21+00:00\" \/>\n<meta name=\"twitter:card\" content=\"summary_large_image\" \/>\n<meta name=\"twitter:label1\" content=\"Dur\u00e9e de lecture estim\u00e9e\" \/>\n\t<meta name=\"twitter:data1\" content=\"3 minutes\" \/>\n<script type=\"application\/ld+json\" class=\"yoast-schema-graph\">{\"@context\":\"https:\/\/schema.org\",\"@graph\":[{\"@type\":[\"WebPage\",\"MedicalWebPage\"],\"@id\":\"https:\/\/www.newyorkhipknee.com\/fr\/indemnisation-des-travailleurs\/lignes-directrices-pour-les-traitements-medicaux-mtg\/blessure-a-lepaule\/exercice-therapeutique\/\",\"url\":\"https:\/\/www.newyorkhipknee.com\/fr\/indemnisation-des-travailleurs\/lignes-directrices-pour-les-traitements-medicaux-mtg\/blessure-a-lepaule\/exercice-therapeutique\/\",\"name\":\"Directives m\u00e9dicales de l'\u00c9tat de New York concernant les exercices th\u00e9rapeutiques pour les l\u00e9sions de l'\u00e9paule chez les travailleurs indemnis\u00e9s | Best Hip &amp; Knee Surgeon | NY, USA\",\"isPartOf\":{\"@id\":\"https:\/\/www.newyorkhipknee.com\/fr\/#website\"},\"datePublished\":\"2024-01-18T21:42:44+00:00\",\"dateModified\":\"2024-01-30T16:51:21+00:00\",\"description\":\"Les lignes directrices \u00e9tablies par la commission des accidents du travail de l'\u00c9tat de New York sont con\u00e7ues pour aider les professionnels de la sant\u00e9 \u00e0\",\"breadcrumb\":{\"@id\":\"https:\/\/www.newyorkhipknee.com\/fr\/indemnisation-des-travailleurs\/lignes-directrices-pour-les-traitements-medicaux-mtg\/blessure-a-lepaule\/exercice-therapeutique\/#breadcrumb\"},\"inLanguage\":\"fr-FR\",\"potentialAction\":[{\"@type\":\"ReadAction\",\"target\":[\"https:\/\/www.newyorkhipknee.com\/fr\/indemnisation-des-travailleurs\/lignes-directrices-pour-les-traitements-medicaux-mtg\/blessure-a-lepaule\/exercice-therapeutique\/\"]}]},{\"@type\":\"BreadcrumbList\",\"@id\":\"https:\/\/www.newyorkhipknee.com\/fr\/indemnisation-des-travailleurs\/lignes-directrices-pour-les-traitements-medicaux-mtg\/blessure-a-lepaule\/exercice-therapeutique\/#breadcrumb\",\"itemListElement\":[{\"@type\":\"ListItem\",\"position\":1,\"name\":\"Home\",\"item\":\"https:\/\/www.newyorkhipknee.com\/fr\/\"},{\"@type\":\"ListItem\",\"position\":2,\"name\":\"Indemnisation des travailleurs\",\"item\":\"https:\/\/www.newyorkhipknee.com\/fr\/indemnisation-des-travailleurs\/\"},{\"@type\":\"ListItem\",\"position\":3,\"name\":\"Lignes directrices pour les traitements m\u00e9dicaux (MTG)\",\"item\":\"https:\/\/www.newyorkhipknee.com\/fr\/indemnisation-des-travailleurs\/lignes-directrices-pour-les-traitements-medicaux-mtg\/\"},{\"@type\":\"ListItem\",\"position\":4,\"name\":\"Directives m\u00e9dicales de l&rsquo;\u00c9tat de New York pour le traitement des l\u00e9sions de l&rsquo;\u00e9paule chez les travailleurs indemnis\u00e9s\",\"item\":\"https:\/\/www.newyorkhipknee.com\/fr\/indemnisation-des-travailleurs\/lignes-directrices-pour-les-traitements-medicaux-mtg\/blessure-a-lepaule\/\"},{\"@type\":\"ListItem\",\"position\":5,\"name\":\"Directives m\u00e9dicales de l&rsquo;\u00c9tat de New York concernant les exercices th\u00e9rapeutiques pour les l\u00e9sions de l&rsquo;\u00e9paule chez les travailleurs indemnis\u00e9s\"}]},{\"@type\":\"WebSite\",\"@id\":\"https:\/\/www.newyorkhipknee.com\/fr\/#website\",\"url\":\"https:\/\/www.newyorkhipknee.com\/fr\/\",\"name\":\"Best Hip & Knee Surgeon | NY, USA\",\"description\":\"\",\"potentialAction\":[{\"@type\":\"SearchAction\",\"target\":{\"@type\":\"EntryPoint\",\"urlTemplate\":\"https:\/\/www.newyorkhipknee.com\/fr\/?s={search_term_string}\"},\"query-input\":{\"@type\":\"PropertyValueSpecification\",\"valueRequired\":true,\"valueName\":\"search_term_string\"}}],\"inLanguage\":\"fr-FR\"}]}<\/script>\n<!-- \/ Yoast SEO plugin. -->","yoast_head_json":{"title":"Directives m\u00e9dicales de l'\u00c9tat de New York concernant les exercices th\u00e9rapeutiques pour les l\u00e9sions de l'\u00e9paule chez les travailleurs indemnis\u00e9s | Best Hip &amp; Knee Surgeon | NY, USA","description":"Les lignes directrices \u00e9tablies par la commission des accidents du travail de l'\u00c9tat de New York sont con\u00e7ues pour aider les professionnels de la sant\u00e9 \u00e0","robots":{"index":"index","follow":"follow","max-snippet":"max-snippet:-1","max-image-preview":"max-image-preview:large","max-video-preview":"max-video-preview:-1"},"canonical":"https:\/\/www.newyorkhipknee.com\/fr\/indemnisation-des-travailleurs\/lignes-directrices-pour-les-traitements-medicaux-mtg\/blessure-a-lepaule\/exercice-therapeutique\/","og_locale":"fr_FR","og_type":"article","og_title":"Directives m\u00e9dicales de l'\u00c9tat de New York concernant les exercices th\u00e9rapeutiques pour les l\u00e9sions de l'\u00e9paule chez les travailleurs indemnis\u00e9s | Best Hip &amp; Knee Surgeon | NY, USA","og_description":"Les lignes directrices \u00e9tablies par la commission des accidents du travail de l'\u00c9tat de New York sont con\u00e7ues pour aider les professionnels de la sant\u00e9 \u00e0","og_url":"https:\/\/www.newyorkhipknee.com\/fr\/indemnisation-des-travailleurs\/lignes-directrices-pour-les-traitements-medicaux-mtg\/blessure-a-lepaule\/exercice-therapeutique\/","og_site_name":"Best Hip &amp; Knee Surgeon | NY, USA","article_modified_time":"2024-01-30T16:51:21+00:00","twitter_card":"summary_large_image","twitter_misc":{"Dur\u00e9e de lecture estim\u00e9e":"3 minutes"},"schema":{"@context":"https:\/\/schema.org","@graph":[{"@type":["WebPage","MedicalWebPage"],"@id":"https:\/\/www.newyorkhipknee.com\/fr\/indemnisation-des-travailleurs\/lignes-directrices-pour-les-traitements-medicaux-mtg\/blessure-a-lepaule\/exercice-therapeutique\/","url":"https:\/\/www.newyorkhipknee.com\/fr\/indemnisation-des-travailleurs\/lignes-directrices-pour-les-traitements-medicaux-mtg\/blessure-a-lepaule\/exercice-therapeutique\/","name":"Directives m\u00e9dicales de l'\u00c9tat de New York concernant les exercices th\u00e9rapeutiques pour les l\u00e9sions de l'\u00e9paule chez les travailleurs indemnis\u00e9s | Best Hip &amp; Knee Surgeon | NY, USA","isPartOf":{"@id":"https:\/\/www.newyorkhipknee.com\/fr\/#website"},"datePublished":"2024-01-18T21:42:44+00:00","dateModified":"2024-01-30T16:51:21+00:00","description":"Les lignes directrices \u00e9tablies par la commission des accidents du travail de l'\u00c9tat de New York sont con\u00e7ues pour aider les professionnels de la sant\u00e9 \u00e0","breadcrumb":{"@id":"https:\/\/www.newyorkhipknee.com\/fr\/indemnisation-des-travailleurs\/lignes-directrices-pour-les-traitements-medicaux-mtg\/blessure-a-lepaule\/exercice-therapeutique\/#breadcrumb"},"inLanguage":"fr-FR","potentialAction":[{"@type":"ReadAction","target":["https:\/\/www.newyorkhipknee.com\/fr\/indemnisation-des-travailleurs\/lignes-directrices-pour-les-traitements-medicaux-mtg\/blessure-a-lepaule\/exercice-therapeutique\/"]}]},{"@type":"BreadcrumbList","@id":"https:\/\/www.newyorkhipknee.com\/fr\/indemnisation-des-travailleurs\/lignes-directrices-pour-les-traitements-medicaux-mtg\/blessure-a-lepaule\/exercice-therapeutique\/#breadcrumb","itemListElement":[{"@type":"ListItem","position":1,"name":"Home","item":"https:\/\/www.newyorkhipknee.com\/fr\/"},{"@type":"ListItem","position":2,"name":"Indemnisation des travailleurs","item":"https:\/\/www.newyorkhipknee.com\/fr\/indemnisation-des-travailleurs\/"},{"@type":"ListItem","position":3,"name":"Lignes directrices pour les traitements m\u00e9dicaux (MTG)","item":"https:\/\/www.newyorkhipknee.com\/fr\/indemnisation-des-travailleurs\/lignes-directrices-pour-les-traitements-medicaux-mtg\/"},{"@type":"ListItem","position":4,"name":"Directives m\u00e9dicales de l&rsquo;\u00c9tat de New York pour le traitement des l\u00e9sions de l&rsquo;\u00e9paule chez les travailleurs indemnis\u00e9s","item":"https:\/\/www.newyorkhipknee.com\/fr\/indemnisation-des-travailleurs\/lignes-directrices-pour-les-traitements-medicaux-mtg\/blessure-a-lepaule\/"},{"@type":"ListItem","position":5,"name":"Directives m\u00e9dicales de l&rsquo;\u00c9tat de New York concernant les exercices th\u00e9rapeutiques pour les l\u00e9sions de l&rsquo;\u00e9paule chez les travailleurs indemnis\u00e9s"}]},{"@type":"WebSite","@id":"https:\/\/www.newyorkhipknee.com\/fr\/#website","url":"https:\/\/www.newyorkhipknee.com\/fr\/","name":"Best Hip & Knee Surgeon | NY, USA","description":"","potentialAction":[{"@type":"SearchAction","target":{"@type":"EntryPoint","urlTemplate":"https:\/\/www.newyorkhipknee.com\/fr\/?s={search_term_string}"},"query-input":{"@type":"PropertyValueSpecification","valueRequired":true,"valueName":"search_term_string"}}],"inLanguage":"fr-FR"}]}},"_links":{"self":[{"href":"https:\/\/www.newyorkhipknee.com\/fr\/wp-json\/wp\/v2\/pages\/22144","targetHints":{"allow":["GET"]}}],"collection":[{"href":"https:\/\/www.newyorkhipknee.com\/fr\/wp-json\/wp\/v2\/pages"}],"about":[{"href":"https:\/\/www.newyorkhipknee.com\/fr\/wp-json\/wp\/v2\/types\/page"}],"author":[{"embeddable":true,"href":"https:\/\/www.newyorkhipknee.com\/fr\/wp-json\/wp\/v2\/users\/33"}],"replies":[{"embeddable":true,"href":"https:\/\/www.newyorkhipknee.com\/fr\/wp-json\/wp\/v2\/comments?post=22144"}],"version-history":[{"count":0,"href":"https:\/\/www.newyorkhipknee.com\/fr\/wp-json\/wp\/v2\/pages\/22144\/revisions"}],"up":[{"embeddable":true,"href":"https:\/\/www.newyorkhipknee.com\/fr\/wp-json\/wp\/v2\/pages\/22335"}],"wp:attachment":[{"href":"https:\/\/www.newyorkhipknee.com\/fr\/wp-json\/wp\/v2\/media?parent=22144"}],"curies":[{"name":"wp","href":"https:\/\/api.w.org\/{rel}","templated":true}]}}